{"id":25379,"date":"2020-04-17T10:39:16","date_gmt":"2020-04-17T10:39:16","guid":{"rendered":"https:\/\/www.accuratereviews.com\/?page_id=25379"},"modified":"2020-04-17T10:39:16","modified_gmt":"2020-04-17T10:39:16","slug":"supplypro-recensione","status":"publish","type":"page","link":"https:\/\/www.accuratereviews.com\/it\/supplypro-recensione\/","title":{"rendered":"SupplyPro"},"content":{"rendered":"<p><strong>SupplyPro<\/strong> \u00e8 una <strong>soluzione di gestione dell&#8217;edilizia<\/strong> basata su <strong>cloud<\/strong> che aiuta le piccole e grandi imprese a amministrare i progetti e ottimizzare la comunicazione tra costruttori e fornitori. Consente agli utenti di archiviare documenti in un database integrato e concedere l&#8217;accesso di modifica a dipendenti specifici.\u00a0Le funzionalit\u00e0 principali di <strong>SupplyPro<\/strong> includono controllo della versione, importazione \/ esportazione dei dati, reportistica, gestione degli ordini e acquisizione della firma elettronica. Consente alle organizzazioni di condurre ispezioni in loco e creare liste di controllo personalizzate per tenere traccia del completamento delle attivit\u00e0, migliorando le operazioni aziendali. Inoltre, gli utenti possono pianificare appuntamenti con commercianti, fornitori o proprietari di case e inviare promemoria ai clienti attraverso avvisi \/ notifiche.\u00a0La soluzione viene fornita con una dashboard amministrativa che consente alle aziende di tenere traccia degli ordini di lavoro inviati, confermati, spediti, ricevuti o completati.<\/p>\n<h2>SUPPLYPRO &#8211; TUTORIAL<\/h2>\n<p>Guardiamo il video in cui mostra come utilizzare questo <strong>software gestionale per l&#8217;edilizia:<\/strong><\/p>\n<div id=\"fluid-wrapper-counter-1\" class=\"g1-fluid-wrapper \" style=\"width:686px;\">\n<div style=\"padding-bottom:56.268221574344%;\"><iframe loading=\"lazy\" title=\"SupplyPro Lien Release\" width=\"515\" height=\"386\" src=\"https:\/\/www.youtube.com\/embed\/zAJ8TEzflGo?feature=oembed&amp;wmode=transparent&amp;autohide=1&amp;autoplay=0&amp;disablekb=0&amp;fs=1&amp;loop=0&amp;enablejsapi=1&amp;rel=0&amp;controls=2&amp;showinfo=0&amp;wmode=transparent&amp;autohide=2&amp;autoplay=0&amp;disablekb=0&amp;fs=1&amp;loop=0&amp;enablejsapi=1&amp;rel=0&amp;controls=2&amp;showinfo=1\" frameborder=\"0\" allow=\"accelerometer; autoplay; encrypted-media; gyroscope; picture-in-picture\" allowfullscreen><\/iframe><\/div>\n<\/div>\n<h2>SUPPLYPRO &#8211; CARATTERISTICHE<\/h2>\n<ul>\n<li>Crea Ordine di lavoro<\/li>\n<li>Aggiungi data, ora, informazioni sul cliente, note, promemoria, elementi di azione<\/li>\n<li>Crea preventivi di vendita per i clienti<\/li>\n<li>Assegna le risorse del lavoro in base al set di competenze, alla disponibilit\u00e0 o alla prossimit\u00e0 pi\u00f9 vicina a un cliente e altro ancora<\/li>\n<li>Pianificazione del percorso<\/li>\n<li>Le informazioni sul lavoro completato vengono immesse tramite l&#8217;app per dispositivi mobili<\/li>\n<li>Capacit\u00e0 off-line mobile<\/li>\n<li>Foto scattate sul posto<\/li>\n<li>Firme dei clienti<\/li>\n<li>Moduli mobili, attivit\u00e0, liste di controllo sul campo, promemoria<\/li>\n<li>Gestione delle scorte<\/li>\n<li>Materiale specifico per la stima del lavoro<\/li>\n<li>Accetta pagamenti dai clienti in loco tramite il portale clienti<\/li>\n<li>Ispezioni<\/li>\n<\/ul>\n<h4>LE RECENSIONI DEGLI UTENTI<\/h4>\n<h4 class=\"font-weight-bold my-1 d-flex align-items-center\">Barb H.\u00a0&#8220;Problemi relativi al pagamento e alle attivit\u00e0 completate&#8221;<\/h4>\n<p><strong>Commenti: <\/strong>Sono stato con Hyphen per 12 anni e lo adoro<\/p>\n<p><strong>Vantaggi: <\/strong>molto facile da pianificare, molto facile da trovare case e attivit\u00e0 legate alla casa. e programmare.<\/p>\n<p><strong>Inconvenienti: <\/strong>In questo momento c&#8217;\u00e8 stato un aggiornamento che ha portato via una buona qualit\u00e0 nella fatturazione che era molto utile prima &#8230;. eravamo abituati a guardare un indirizzo e vedere un EPO e vedere che era stato pagato nella scheda cronologia ma ora non mostra che sul lato Supplypro &#8230; lo mostra ancora eccezionale ma sul lato Buildpro mostra pagato e fornisce la cronologia dell&#8217;assegno e le attivit\u00e0 regolari &#8230; non sono sicuro di cosa sia cambiato ma proviamo a dare seguito sulle attivit\u00e0 e sul loro pagamento e non viene visualizzato sempre completo sul lato di supplypro e chiamiamo il costruttore e devono mostrarci le schermate del pagamento in arrivo o che \u00e8 gi\u00e0 arrivato.<\/p>\n<h4 class=\"font-weight-bold my-1 d-flex align-items-center\">Stephanie A.\u00a0&#8220;Fantastico prodotto&#8221;<\/h4>\n<p><strong>Vantaggi: <\/strong>Hyphen \u00e8 di gran lunga il miglior prodotto software sul mercato per l&#8217;edilizia domestica per la pianificazione. L&#8217;aspetto di programmazione del software \u00e8 fantastico. Facile da imparare e amare che puoi vedere la cronologia dei lavori e scrivere note.<\/p>\n<p><strong>Inconvenienti: <\/strong>Non mi piace come viene determinata la fatturazione. Vieni addebitato per ogni p.o. in Hyphen anche se i p.o. sono errati o azzerati o addirittura addebitati se non stiamo realizzando alcun prodotto. Abbiamo problemi con gli importi in dollari dei costruttori e i p.o. vengono aggiunti in modo da essere addebitati per ogni singolo p.o. e ci potrebbero essere molti p.o. separati per ogni casa. Questo si aggiunge davvero nel tempo. Quindi pi\u00f9 p.o. hai pi\u00f9 ti viene addebitato. Dovrebbe essere fatturato per casa NON per p.o.<\/p>\n<h4 class=\"font-weight-bold my-1 d-flex align-items-center\">Nikki H.&#8221;Aiuta a mantenere le cose organizzate&#8221;<\/h4>\n<p><strong>Commenti: <\/strong>Ti consente di conservare la maggior parte delle cose che devi sapere per un lavoro in un unico posto.<\/p>\n<p><strong>Vantaggi: <\/strong>Facile da iniziare e include molte funzioni che aiutano a mantenere i lavori organizzati. I promemoria via email ci aiutano a rimanere in pista.<\/p>\n<p><strong>Inconvenienti: <\/strong>Vorrei vedere un modo per aggiungere note a un lavoro anzich\u00e9 a un&#8217;attivit\u00e0. Alcune altre funzionalit\u00e0 potrebbero essere migliorate o semplificate, ma nel complesso il sistema funziona come previsto.<\/p>\n","protected":false},"excerpt":{"rendered":"<p>SupplyPro \u00e8 una soluzione di gestione dell&#8217;edilizia basata su cloud che aiuta le piccole e grandi imprese a amministrare i progetti e ottimizzare la comunicazione tra costruttori e fornitori. Consente agli utenti di archiviare documenti in un database integrato e concedere l&#8217;accesso di modifica a dipendenti specifici.\u00a0<\/p>\n","protected":false},"author":19,"featured_media":25380,"parent":0,"menu_order":0,"comment_status":"open","ping_status":"closed","template":"g1_template_page_review_new.php","meta":{"_acf_changed":false,"cwp_meta_box_check":"Yes","cwp_rev_product_name":"","cwp_rev_product_image":"","wppr_links":[],"cwp_rev_price":"","wppr_options":[],"wppr_pros":[],"wppr_cons":[],"_monsterinsights_skip_tracking":false,"_monsterinsights_sitenote_active":false,"_monsterinsights_sitenote_note":"","_monsterinsights_sitenote_category":0,"footnotes":""},"categories":[2459],"tags":[396,2460,2506,2473,2496,2461,2495,2462,2588],"features":[],"class_list":{"0":"post-25379","1":"page","2":"type-page","3":"status-publish","4":"has-post-thumbnail","6":"category-gestionale-per-edilizia-cat","7":"tag-cloud","8":"tag-construction-management-software","9":"tag-programma-gestionale-per-costruzioni","10":"tag-programma-gestionale-per-ledilizia","11":"tag-software-gestionale-per-costruzioni","12":"tag-software-gestionale-per-lediizia","13":"tag-soluzione-gestionale-per-costruzioni","14":"tag-soluzione-gestionale-per-ledilizia","15":"tag-supplypro"},"wppr_data":{"cwp_meta_box_check":"Yes","cwp_rev_product_name":"","cwp_rev_product_image":"","cwp_image_link":"image","cwp_rev_price":"","wppr_rating":"0.00"},"acf":[],"yoast_head":"<!-- This site is optimized with the Yoast SEO plugin v27.4 - https:\/\/yoast.com\/product\/yoast-seo-wordpress\/ -->\n<title>SupplyPro: recensione software gestionale per edilizia - Accurate Reviews<\/title>\n<meta name=\"description\" content=\"SupplyPro: recensione soluzione di gestione dell&#039;edilizia basata su cloud che aiuta le piccole e grandi imprese a amministrare i progetti.\" \/>\n<meta name=\"robots\" content=\"index, follow, max-snippet:-1, max-image-preview:large, max-video-preview:-1\" \/>\n<link rel=\"canonical\" href=\"https:\/\/www.accuratereviews.com\/it\/supplypro-recensione\/\" \/>\n<meta property=\"og:locale\" content=\"it_IT\" \/>\n<meta property=\"og:type\" content=\"article\" \/>\n<meta property=\"og:title\" content=\"SupplyPro: recensione software gestionale per edilizia - Accurate Reviews\" \/>\n<meta property=\"og:description\" content=\"SupplyPro: recensione soluzione di gestione dell&#039;edilizia basata su cloud che aiuta le piccole e grandi imprese a amministrare i progetti.\" \/>\n<meta property=\"og:url\" content=\"https:\/\/www.accuratereviews.com\/it\/supplypro-recensione\/\" \/>\n<meta property=\"og:site_name\" content=\"Accurate Reviews\" \/>\n<meta property=\"og:image\" content=\"https:\/\/www.accuratereviews.com\/wp-content\/uploads\/2020\/04\/SupplyPro.png\" \/>\n\t<meta property=\"og:image:width\" content=\"1200\" \/>\n\t<meta property=\"og:image:height\" content=\"630\" \/>\n\t<meta property=\"og:image:type\" content=\"image\/png\" \/>\n<meta name=\"twitter:card\" content=\"summary_large_image\" \/>\n<meta name=\"twitter:label1\" content=\"Tempo di lettura stimato\" \/>\n\t<meta name=\"twitter:data1\" content=\"3 minuti\" \/>\n<script type=\"application\/ld+json\" class=\"yoast-schema-graph\">{\"@context\":\"https:\\\/\\\/schema.org\",\"@graph\":[{\"@type\":\"WebPage\",\"@id\":\"https:\\\/\\\/www.accuratereviews.com\\\/it\\\/supplypro-recensione\\\/\",\"url\":\"https:\\\/\\\/www.accuratereviews.com\\\/it\\\/supplypro-recensione\\\/\",\"name\":\"SupplyPro: recensione software gestionale per edilizia - Accurate Reviews\",\"isPartOf\":{\"@id\":\"https:\\\/\\\/www.accuratereviews.com\\\/it\\\/#website\"},\"primaryImageOfPage\":{\"@id\":\"https:\\\/\\\/www.accuratereviews.com\\\/it\\\/supplypro-recensione\\\/#primaryimage\"},\"image\":{\"@id\":\"https:\\\/\\\/www.accuratereviews.com\\\/it\\\/supplypro-recensione\\\/#primaryimage\"},\"thumbnailUrl\":\"https:\\\/\\\/www.accuratereviews.com\\\/wp-content\\\/uploads\\\/2020\\\/04\\\/SupplyPro.png\",\"datePublished\":\"2020-04-17T10:39:16+00:00\",\"description\":\"SupplyPro: recensione soluzione di gestione dell'edilizia basata su cloud che aiuta le piccole e grandi imprese a amministrare i progetti.\",\"breadcrumb\":{\"@id\":\"https:\\\/\\\/www.accuratereviews.com\\\/it\\\/supplypro-recensione\\\/#breadcrumb\"},\"inLanguage\":\"it-IT\",\"potentialAction\":[{\"@type\":\"ReadAction\",\"target\":[\"https:\\\/\\\/www.accuratereviews.com\\\/it\\\/supplypro-recensione\\\/\"]}]},{\"@type\":\"ImageObject\",\"inLanguage\":\"it-IT\",\"@id\":\"https:\\\/\\\/www.accuratereviews.com\\\/it\\\/supplypro-recensione\\\/#primaryimage\",\"url\":\"https:\\\/\\\/www.accuratereviews.com\\\/wp-content\\\/uploads\\\/2020\\\/04\\\/SupplyPro.png\",\"contentUrl\":\"https:\\\/\\\/www.accuratereviews.com\\\/wp-content\\\/uploads\\\/2020\\\/04\\\/SupplyPro.png\",\"width\":1200,\"height\":630},{\"@type\":\"BreadcrumbList\",\"@id\":\"https:\\\/\\\/www.accuratereviews.com\\\/it\\\/supplypro-recensione\\\/#breadcrumb\",\"itemListElement\":[{\"@type\":\"ListItem\",\"position\":1,\"name\":\"Home\",\"item\":\"https:\\\/\\\/www.accuratereviews.com\\\/it\\\/\"},{\"@type\":\"ListItem\",\"position\":2,\"name\":\"SupplyPro\"}]},{\"@type\":\"WebSite\",\"@id\":\"https:\\\/\\\/www.accuratereviews.com\\\/it\\\/#website\",\"url\":\"https:\\\/\\\/www.accuratereviews.com\\\/it\\\/\",\"name\":\"Accurate Reviews\",\"description\":\"\",\"potentialAction\":[{\"@type\":\"SearchAction\",\"target\":{\"@type\":\"EntryPoint\",\"urlTemplate\":\"https:\\\/\\\/www.accuratereviews.com\\\/it\\\/?s={search_term_string}\"},\"query-input\":{\"@type\":\"PropertyValueSpecification\",\"valueRequired\":true,\"valueName\":\"search_term_string\"}}],\"inLanguage\":\"it-IT\"}]}<\/script>\n<!-- \/ Yoast SEO plugin. -->","yoast_head_json":{"title":"SupplyPro: recensione software gestionale per edilizia - Accurate Reviews","description":"SupplyPro: recensione soluzione di gestione dell'edilizia basata su cloud che aiuta le piccole e grandi imprese a amministrare i progetti.","robots":{"index":"index","follow":"follow","max-snippet":"max-snippet:-1","max-image-preview":"max-image-preview:large","max-video-preview":"max-video-preview:-1"},"canonical":"https:\/\/www.accuratereviews.com\/it\/supplypro-recensione\/","og_locale":"it_IT","og_type":"article","og_title":"SupplyPro: recensione software gestionale per edilizia - Accurate Reviews","og_description":"SupplyPro: recensione soluzione di gestione dell'edilizia basata su cloud che aiuta le piccole e grandi imprese a amministrare i progetti.","og_url":"https:\/\/www.accuratereviews.com\/it\/supplypro-recensione\/","og_site_name":"Accurate Reviews","og_image":[{"width":1200,"height":630,"url":"https:\/\/www.accuratereviews.com\/wp-content\/uploads\/2020\/04\/SupplyPro.png","type":"image\/png"}],"twitter_card":"summary_large_image","twitter_misc":{"Tempo di lettura stimato":"3 minuti"},"schema":{"@context":"https:\/\/schema.org","@graph":[{"@type":"WebPage","@id":"https:\/\/www.accuratereviews.com\/it\/supplypro-recensione\/","url":"https:\/\/www.accuratereviews.com\/it\/supplypro-recensione\/","name":"SupplyPro: recensione software gestionale per edilizia - Accurate Reviews","isPartOf":{"@id":"https:\/\/www.accuratereviews.com\/it\/#website"},"primaryImageOfPage":{"@id":"https:\/\/www.accuratereviews.com\/it\/supplypro-recensione\/#primaryimage"},"image":{"@id":"https:\/\/www.accuratereviews.com\/it\/supplypro-recensione\/#primaryimage"},"thumbnailUrl":"https:\/\/www.accuratereviews.com\/wp-content\/uploads\/2020\/04\/SupplyPro.png","datePublished":"2020-04-17T10:39:16+00:00","description":"SupplyPro: recensione soluzione di gestione dell'edilizia basata su cloud che aiuta le piccole e grandi imprese a amministrare i progetti.","breadcrumb":{"@id":"https:\/\/www.accuratereviews.com\/it\/supplypro-recensione\/#breadcrumb"},"inLanguage":"it-IT","potentialAction":[{"@type":"ReadAction","target":["https:\/\/www.accuratereviews.com\/it\/supplypro-recensione\/"]}]},{"@type":"ImageObject","inLanguage":"it-IT","@id":"https:\/\/www.accuratereviews.com\/it\/supplypro-recensione\/#primaryimage","url":"https:\/\/www.accuratereviews.com\/wp-content\/uploads\/2020\/04\/SupplyPro.png","contentUrl":"https:\/\/www.accuratereviews.com\/wp-content\/uploads\/2020\/04\/SupplyPro.png","width":1200,"height":630},{"@type":"BreadcrumbList","@id":"https:\/\/www.accuratereviews.com\/it\/supplypro-recensione\/#breadcrumb","itemListElement":[{"@type":"ListItem","position":1,"name":"Home","item":"https:\/\/www.accuratereviews.com\/it\/"},{"@type":"ListItem","position":2,"name":"SupplyPro"}]},{"@type":"WebSite","@id":"https:\/\/www.accuratereviews.com\/it\/#website","url":"https:\/\/www.accuratereviews.com\/it\/","name":"Accurate Reviews","description":"","potentialAction":[{"@type":"SearchAction","target":{"@type":"EntryPoint","urlTemplate":"https:\/\/www.accuratereviews.com\/it\/?s={search_term_string}"},"query-input":{"@type":"PropertyValueSpecification","valueRequired":true,"valueName":"search_term_string"}}],"inLanguage":"it-IT"}]}},"_links":{"self":[{"href":"https:\/\/www.accuratereviews.com\/it\/wp-json\/wp\/v2\/pages\/25379","targetHints":{"allow":["GET"]}}],"collection":[{"href":"https:\/\/www.accuratereviews.com\/it\/wp-json\/wp\/v2\/pages"}],"about":[{"href":"https:\/\/www.accuratereviews.com\/it\/wp-json\/wp\/v2\/types\/page"}],"author":[{"embeddable":true,"href":"https:\/\/www.accuratereviews.com\/it\/wp-json\/wp\/v2\/users\/19"}],"replies":[{"embeddable":true,"href":"https:\/\/www.accuratereviews.com\/it\/wp-json\/wp\/v2\/comments?post=25379"}],"version-history":[{"count":5,"href":"https:\/\/www.accuratereviews.com\/it\/wp-json\/wp\/v2\/pages\/25379\/revisions"}],"predecessor-version":[{"id":25396,"href":"https:\/\/www.accuratereviews.com\/it\/wp-json\/wp\/v2\/pages\/25379\/revisions\/25396"}],"wp:featuredmedia":[{"embeddable":true,"href":"https:\/\/www.accuratereviews.com\/it\/wp-json\/wp\/v2\/media\/25380"}],"wp:attachment":[{"href":"https:\/\/www.accuratereviews.com\/it\/wp-json\/wp\/v2\/media?parent=25379"}],"wp:term":[{"taxonomy":"category","embeddable":true,"href":"https:\/\/www.accuratereviews.com\/it\/wp-json\/wp\/v2\/categories?post=25379"},{"taxonomy":"post_tag","embeddable":true,"href":"https:\/\/www.accuratereviews.com\/it\/wp-json\/wp\/v2\/tags?post=25379"},{"taxonomy":"features","embeddable":true,"href":"https:\/\/www.accuratereviews.com\/it\/wp-json\/wp\/v2\/features?post=25379"}],"curies":[{"name":"wp","href":"https:\/\/api.w.org\/{rel}","templated":true}]}}