{"id":25388,"date":"2020-04-17T10:39:53","date_gmt":"2020-04-17T10:39:53","guid":{"rendered":"https:\/\/www.accuratereviews.com\/?page_id=25388"},"modified":"2020-04-17T10:39:53","modified_gmt":"2020-04-17T10:39:53","slug":"assignar-recensione","status":"publish","type":"page","link":"https:\/\/www.accuratereviews.com\/it\/assignar-recensione\/","title":{"rendered":"Assignar"},"content":{"rendered":"<p><strong>Assignar<\/strong> \u00e8 una<strong> soluzione di gestione delle costruzioni<\/strong> basata su <strong>cloud<\/strong> adatta per le aziende di svariati settori. Le caratteristiche principali includono schede attivit\u00e0, moduli personalizzati, ispezioni, programmazione, gestione della conformit\u00e0, fatturazione e libro paga.\u00a0I lavoratori possono effettuare il check-in e il check-in dal sistema e le loro schede attivit\u00e0 verranno inviate automaticamente. Gli invii di schede attivit\u00e0 possono essere geolocalizzati e possono includere indennit\u00e0 per pasti e di viaggio, orari di pausa, banchine e altro ancora. Diverse attivit\u00e0 possono includere tariffe di pagamento personalizzate e i supervisori sono in grado di approvare, rifiutare o modificare le schede.\u00a0Gli utenti possono raccogliere recensioni sulla sicurezza, pre-avvio della macchina, moduli di richiesta di ferie annuali e altro ancora all&#8217;interno dell&#8217;app.<\/p>\n<h2>ASSIGNAR &#8211; TUTORIAL<\/h2>\n<p>Ecco un tutorial in cui mostra come creare un analisi di mercato utilizzando questo <strong>software gestionale per l&#8217;edilizia<\/strong>:<\/p>\n<div id=\"fluid-wrapper-counter-1\" class=\"g1-fluid-wrapper \" style=\"width:686px;\">\n<div style=\"padding-bottom:56.268221574344%;\"><iframe loading=\"lazy\" title=\"The new analytics tool hitting the market - Operational Intelligence\" width=\"686\" height=\"386\" src=\"https:\/\/www.youtube.com\/embed\/L0dibAQAeao?feature=oembed&amp;wmode=transparent&amp;autohide=1&amp;autoplay=0&amp;disablekb=0&amp;fs=1&amp;loop=0&amp;enablejsapi=1&amp;rel=0&amp;controls=2&amp;showinfo=0&amp;wmode=transparent&amp;autohide=2&amp;autoplay=0&amp;disablekb=0&amp;fs=1&amp;loop=0&amp;enablejsapi=1&amp;rel=0&amp;controls=2&amp;showinfo=1\" frameborder=\"0\" allow=\"accelerometer; autoplay; encrypted-media; gyroscope; picture-in-picture\" allowfullscreen><\/iframe><\/div>\n<\/div>\n<h3>ASSIGNAR &#8211; CARATTERISTICHE<\/h3>\n<ul>\n<li><strong>Organizza i dati nella tua azienda<\/strong>: non \u00e8 facile gestire i requisiti per pi\u00f9 progetti, mantenere le risorse e rimanere conformi allo stesso tempo. La soluzione consente la condivisione dei dati senza soluzione di continuit\u00e0 tra i diversi reparti. Semplifica le tue operazioni promuovendo la collaborazione<\/li>\n<li><strong>Ridurre i costi generali e smettere di perdere denaro:<\/strong> la collaborazione equivale a efficienza. Quando i team si incontrano, incrementerai i tuoi profitti<\/li>\n<li><strong>Ottimizza l&#8217;utilizzo delle risorse<\/strong>: saprai sempre dove sono le risorse e le persone<\/li>\n<li><strong>Fai offerte per i progetti giusti al momento giusto<\/strong>: il software aiuta a creare una visione olistica dell&#8217;utilizzo delle risorse e dei requisiti del progetto. Scopri se la tua azienda \u00e8 pronta ad affrontare pi\u00f9 progetti<\/li>\n<li><strong>Gestire la conformit\u00e0 e la manutenzione<\/strong>: organizza le tue intere operazioni da un&#8217;unica posizione. Conosci la tua capacit\u00e0 commerciale in tempo reale in modo da poter assegnare equipaggi e risorse conformi ai progetti che hai acquisito<\/li>\n<li><strong>Pianifica lavoratori conformi con risorse ben gestite:<\/strong> metti le tue risorse al lavoro. Assegna in modo efficiente l&#8217;equipaggio e le attrezzature migliori a ciascuna attivit\u00e0 per diventare pi\u00f9 produttivo<\/li>\n<li><strong>Mantieni il controllo in cantiere<\/strong>: rimuovi tutti i documenti dal campo. Avvisa il tuo team di eventuali azioni, problemi o incidenti che si verificano. Ricevi moduli e schede attivit\u00e0 in tempo reale<\/li>\n<li><strong>Rispettare le scadenze e i budget del progetto<\/strong>: tieni traccia dei progressi dei progetti. Scopri come utilizzare le risorse al massimo delle loro capacit\u00e0 per aumentare la redditivit\u00e0<\/li>\n<li><strong>Aggiorna i tuoi dettagli da qualsiasi luogo<\/strong>: carica tutti i certificati, le licenze, le competenze e i dettagli di contatto nell&#8217;app. Assicurati che tutti i dettagli dei lavoratori siano aggiornati e disponibili<\/li>\n<li><strong>Conferma i lavori al momento:<\/strong> tutte le informazioni sul lavoro sono prontamente disponibili, confermano i lavori nell&#8217;app sul campo e riducono il numero di telefonate<\/li>\n<li><strong>Ricevi aggiornamenti velocemente<\/strong>: i dati della scheda attivit\u00e0 vengono inviati all&#8217;ufficio in tempo reale e pronti per l&#8217;elaborazione delle buste paga<\/li>\n<\/ul>\n<h4>LE RECENSIONI DEGLI UTENTI<\/h4>\n<h4 class=\"font-weight-bold my-1 d-flex align-items-center\">Lis B.&#8221;Ottimo lavoro con Assignar!&#8221;<\/h4>\n<p><strong>Commenti: <\/strong>Assignar ha semplificato i nostri sistemi operativi in modo da risparmiare tempo ed \u00e8 davvero facile da usare. I clienti sono sempre colpiti dal nostro sistema di gestione QHSE e Assignar ha sicuramente aggiunto valore alla produttivit\u00e0.<\/p>\n<p><strong>Vantaggi: <\/strong>Sono coinvolto in tutti gli aspetti di Assignar, ma adoro in particolare la facilit\u00e0 con cui vengono conservati i nostri documenti di conformit\u00e0 sulla salute e sicurezza per gli appaltatori, nonch\u00e9 le qualifiche e le induzioni per i nostri operatori.\u00a0Adoro anche l&#8217;app sul campo e i ragazzi si sono adattati bene.<\/p>\n<p><strong>Inconvenienti: <\/strong>Abbiamo un paio di problemi operativi mentre assegniamo pi\u00f9 risorse a singoli lavoratori sul campo, ma speriamo di risolvere questo problema.<\/p>\n<h4 class=\"font-weight-bold my-1 d-flex align-items-center\">Emma S.\u00a0&#8220;Assignar \u00e8 stato un software per risparmiare tempo per la nostra azienda!&#8221;<\/h4>\n<p><strong>Commenti: <\/strong>Avere Assignar ha risparmiato cos\u00ec tanto tempo (e denaro) in quanto tutto \u00e8 in diretta e aggiornato immediatamente nell&#8217;app sul campo.<\/p>\n<p><strong>Vantaggi: <\/strong>La parte migliore di avere Assignar \u00e8 poter lavorare da qualsiasi luogo! Soprattutto nei tempi attuali di Covid-19 \u00e8 stato un salvavita per noi poter lavorare da casa. Adoro usare la funzione di pianificazione e l&#8217;aiuto di Assignar \u00e8 stato fantastico nel dare un po &#8216;di addestramento per abituarmi ad usarlo.<\/p>\n<p><strong>Inconvenienti: <\/strong>Abbiamo trovato abbastanza semplice il passaggio dal nostro vecchio software. I nostri operatori hanno impiegato un po &#8216;di tempo per abituarsi a lavorare da un&#8217;app sul proprio telefono, ma con l&#8217;aiuto, il supporto e la formazione di Assignar \u00e8 stato reso molto pi\u00f9 semplice.<\/p>\n<h4 class=\"font-weight-bold my-1 d-flex align-items-center\">George K.\u00a0&#8220;Mi piace molto questo software. Le mie esperienze con questo prodotto sono state tutte buone&#8221;<\/h4>\n<p><strong>Commenti: <\/strong>Facilit\u00e0 d&#8217;uso.\u00a0Facile per i dipendenti di navigare nell&#8217;app.\u00a0Ottimo supporto clienti<\/p>\n<p><strong>Vantaggi: <\/strong>Penso alla facilit\u00e0 con cui puoi navigare e alla facilit\u00e0 con cui puoi apportare modifiche e tu vedi automaticamente quelle modifiche.<\/p>\n<p><strong>Inconvenienti: <\/strong>Penso che solo abituandomi all&#8217;originale, allora ricevi aggiornamenti e pensi PERCH\u00c9. Alcuni di loro non capisco perch\u00e9 gli aggiornamenti sono stati fatti.<\/p>\n","protected":false},"excerpt":{"rendered":"<p>Assignar \u00e8 una soluzione di gestione delle costruzioni basata su cloud adatta per le aziende di svariati settori. Le caratteristiche principali includono schede attivit\u00e0, moduli personalizzati, ispezioni, programmazione, gestione della conformit\u00e0, fatturazione e libro paga.\u00a0I lavoratori possono effettuare il check-in e il check-in dal sistema e le loro schede attivit\u00e0 verranno inviate automaticamente.<\/p>\n","protected":false},"author":19,"featured_media":0,"parent":0,"menu_order":0,"comment_status":"open","ping_status":"closed","template":"g1_template_page_review_new.php","meta":{"_acf_changed":false,"cwp_meta_box_check":"Yes","cwp_rev_product_name":"","cwp_rev_product_image":"","wppr_links":[],"cwp_rev_price":"","wppr_options":[],"wppr_pros":[],"wppr_cons":[],"_monsterinsights_skip_tracking":false,"_monsterinsights_sitenote_active":false,"_monsterinsights_sitenote_note":"","_monsterinsights_sitenote_category":0,"footnotes":""},"categories":[2459],"tags":[2589,396,2460,2506,2473,2496,2461,2495,2462],"features":[],"class_list":{"0":"post-25388","1":"page","2":"type-page","3":"status-publish","5":"category-gestionale-per-edilizia-cat","6":"tag-assignar","7":"tag-cloud","8":"tag-construction-management-software","9":"tag-programma-gestionale-per-costruzioni","10":"tag-programma-gestionale-per-ledilizia","11":"tag-software-gestionale-per-costruzioni","12":"tag-software-gestionale-per-lediizia","13":"tag-soluzione-gestionale-per-costruzioni","14":"tag-soluzione-gestionale-per-ledilizia"},"wppr_data":{"cwp_meta_box_check":"Yes","cwp_rev_product_name":"","cwp_rev_product_image":"","cwp_image_link":"image","cwp_rev_price":"","wppr_rating":"0.00"},"acf":[],"yoast_head":"<!-- This site is optimized with the Yoast SEO plugin v27.4 - https:\/\/yoast.com\/product\/yoast-seo-wordpress\/ -->\n<title>Assignar: recensione software gestionale per edilizia - Accurate Reviews<\/title>\n<meta name=\"description\" content=\"Assignar: recensione soluzione di gestione delle costruzioni basata su cloud adatta per l&#039;organizzazione di aziende in svariati settori.\" \/>\n<meta name=\"robots\" content=\"index, follow, max-snippet:-1, max-image-preview:large, max-video-preview:-1\" \/>\n<link rel=\"canonical\" href=\"https:\/\/www.accuratereviews.com\/it\/assignar-recensione\/\" \/>\n<meta property=\"og:locale\" content=\"it_IT\" \/>\n<meta property=\"og:type\" content=\"article\" \/>\n<meta property=\"og:title\" content=\"Assignar: recensione software gestionale per edilizia - Accurate Reviews\" \/>\n<meta property=\"og:description\" content=\"Assignar: recensione soluzione di gestione delle costruzioni basata su cloud adatta per l&#039;organizzazione di aziende in svariati settori.\" \/>\n<meta property=\"og:url\" content=\"https:\/\/www.accuratereviews.com\/it\/assignar-recensione\/\" \/>\n<meta property=\"og:site_name\" content=\"Accurate Reviews\" \/>\n<meta name=\"twitter:card\" content=\"summary_large_image\" \/>\n<meta name=\"twitter:label1\" content=\"Tempo di lettura stimato\" \/>\n\t<meta name=\"twitter:data1\" content=\"4 minuti\" \/>\n<script type=\"application\/ld+json\" class=\"yoast-schema-graph\">{\"@context\":\"https:\\\/\\\/schema.org\",\"@graph\":[{\"@type\":\"WebPage\",\"@id\":\"https:\\\/\\\/www.accuratereviews.com\\\/it\\\/assignar-recensione\\\/\",\"url\":\"https:\\\/\\\/www.accuratereviews.com\\\/it\\\/assignar-recensione\\\/\",\"name\":\"Assignar: recensione software gestionale per edilizia - Accurate Reviews\",\"isPartOf\":{\"@id\":\"https:\\\/\\\/www.accuratereviews.com\\\/it\\\/#website\"},\"datePublished\":\"2020-04-17T10:39:53+00:00\",\"description\":\"Assignar: recensione soluzione di gestione delle costruzioni basata su cloud adatta per l'organizzazione di aziende in svariati settori.\",\"breadcrumb\":{\"@id\":\"https:\\\/\\\/www.accuratereviews.com\\\/it\\\/assignar-recensione\\\/#breadcrumb\"},\"inLanguage\":\"it-IT\",\"potentialAction\":[{\"@type\":\"ReadAction\",\"target\":[\"https:\\\/\\\/www.accuratereviews.com\\\/it\\\/assignar-recensione\\\/\"]}]},{\"@type\":\"BreadcrumbList\",\"@id\":\"https:\\\/\\\/www.accuratereviews.com\\\/it\\\/assignar-recensione\\\/#breadcrumb\",\"itemListElement\":[{\"@type\":\"ListItem\",\"position\":1,\"name\":\"Home\",\"item\":\"https:\\\/\\\/www.accuratereviews.com\\\/it\\\/\"},{\"@type\":\"ListItem\",\"position\":2,\"name\":\"Assignar\"}]},{\"@type\":\"WebSite\",\"@id\":\"https:\\\/\\\/www.accuratereviews.com\\\/it\\\/#website\",\"url\":\"https:\\\/\\\/www.accuratereviews.com\\\/it\\\/\",\"name\":\"Accurate Reviews\",\"description\":\"\",\"potentialAction\":[{\"@type\":\"SearchAction\",\"target\":{\"@type\":\"EntryPoint\",\"urlTemplate\":\"https:\\\/\\\/www.accuratereviews.com\\\/it\\\/?s={search_term_string}\"},\"query-input\":{\"@type\":\"PropertyValueSpecification\",\"valueRequired\":true,\"valueName\":\"search_term_string\"}}],\"inLanguage\":\"it-IT\"}]}<\/script>\n<!-- \/ Yoast SEO plugin. -->","yoast_head_json":{"title":"Assignar: recensione software gestionale per edilizia - Accurate Reviews","description":"Assignar: recensione soluzione di gestione delle costruzioni basata su cloud adatta per l'organizzazione di aziende in svariati settori.","robots":{"index":"index","follow":"follow","max-snippet":"max-snippet:-1","max-image-preview":"max-image-preview:large","max-video-preview":"max-video-preview:-1"},"canonical":"https:\/\/www.accuratereviews.com\/it\/assignar-recensione\/","og_locale":"it_IT","og_type":"article","og_title":"Assignar: recensione software gestionale per edilizia - Accurate Reviews","og_description":"Assignar: recensione soluzione di gestione delle costruzioni basata su cloud adatta per l'organizzazione di aziende in svariati settori.","og_url":"https:\/\/www.accuratereviews.com\/it\/assignar-recensione\/","og_site_name":"Accurate Reviews","twitter_card":"summary_large_image","twitter_misc":{"Tempo di lettura stimato":"4 minuti"},"schema":{"@context":"https:\/\/schema.org","@graph":[{"@type":"WebPage","@id":"https:\/\/www.accuratereviews.com\/it\/assignar-recensione\/","url":"https:\/\/www.accuratereviews.com\/it\/assignar-recensione\/","name":"Assignar: recensione software gestionale per edilizia - Accurate Reviews","isPartOf":{"@id":"https:\/\/www.accuratereviews.com\/it\/#website"},"datePublished":"2020-04-17T10:39:53+00:00","description":"Assignar: recensione soluzione di gestione delle costruzioni basata su cloud adatta per l'organizzazione di aziende in svariati settori.","breadcrumb":{"@id":"https:\/\/www.accuratereviews.com\/it\/assignar-recensione\/#breadcrumb"},"inLanguage":"it-IT","potentialAction":[{"@type":"ReadAction","target":["https:\/\/www.accuratereviews.com\/it\/assignar-recensione\/"]}]},{"@type":"BreadcrumbList","@id":"https:\/\/www.accuratereviews.com\/it\/assignar-recensione\/#breadcrumb","itemListElement":[{"@type":"ListItem","position":1,"name":"Home","item":"https:\/\/www.accuratereviews.com\/it\/"},{"@type":"ListItem","position":2,"name":"Assignar"}]},{"@type":"WebSite","@id":"https:\/\/www.accuratereviews.com\/it\/#website","url":"https:\/\/www.accuratereviews.com\/it\/","name":"Accurate Reviews","description":"","potentialAction":[{"@type":"SearchAction","target":{"@type":"EntryPoint","urlTemplate":"https:\/\/www.accuratereviews.com\/it\/?s={search_term_string}"},"query-input":{"@type":"PropertyValueSpecification","valueRequired":true,"valueName":"search_term_string"}}],"inLanguage":"it-IT"}]}},"_links":{"self":[{"href":"https:\/\/www.accuratereviews.com\/it\/wp-json\/wp\/v2\/pages\/25388","targetHints":{"allow":["GET"]}}],"collection":[{"href":"https:\/\/www.accuratereviews.com\/it\/wp-json\/wp\/v2\/pages"}],"about":[{"href":"https:\/\/www.accuratereviews.com\/it\/wp-json\/wp\/v2\/types\/page"}],"author":[{"embeddable":true,"href":"https:\/\/www.accuratereviews.com\/it\/wp-json\/wp\/v2\/users\/19"}],"replies":[{"embeddable":true,"href":"https:\/\/www.accuratereviews.com\/it\/wp-json\/wp\/v2\/comments?post=25388"}],"version-history":[{"count":5,"href":"https:\/\/www.accuratereviews.com\/it\/wp-json\/wp\/v2\/pages\/25388\/revisions"}],"predecessor-version":[{"id":25398,"href":"https:\/\/www.accuratereviews.com\/it\/wp-json\/wp\/v2\/pages\/25388\/revisions\/25398"}],"wp:attachment":[{"href":"https:\/\/www.accuratereviews.com\/it\/wp-json\/wp\/v2\/media?parent=25388"}],"wp:term":[{"taxonomy":"category","embeddable":true,"href":"https:\/\/www.accuratereviews.com\/it\/wp-json\/wp\/v2\/categories?post=25388"},{"taxonomy":"post_tag","embeddable":true,"href":"https:\/\/www.accuratereviews.com\/it\/wp-json\/wp\/v2\/tags?post=25388"},{"taxonomy":"features","embeddable":true,"href":"https:\/\/www.accuratereviews.com\/it\/wp-json\/wp\/v2\/features?post=25388"}],"curies":[{"name":"wp","href":"https:\/\/api.w.org\/{rel}","templated":true}]}}