{"id":25453,"date":"2020-04-20T12:20:26","date_gmt":"2020-04-20T12:20:26","guid":{"rendered":"https:\/\/www.accuratereviews.com\/?page_id=25453"},"modified":"2020-04-20T12:20:26","modified_gmt":"2020-04-20T12:20:26","slug":"relatics-recensione","status":"publish","type":"page","link":"https:\/\/www.accuratereviews.com\/it\/relatics-recensione\/","title":{"rendered":"Relatics"},"content":{"rendered":"<p><strong>Relatics<\/strong> \u00e8 una<strong> piattaforma per la gestione edilizia<\/strong> basata su <strong>cloud<\/strong> utilizzata nei settori dell&#8217;ingegneria civile, delle infrastrutture e dell&#8217;edilizia per l&#8217;organizzazione dei progetti.\u00a0<strong>Relatics<\/strong> consente agli utenti di gestire contratti e modificare ordini, offerte, attivit\u00e0, subappaltatori e autorizzazioni. Gli utenti possono anche gestire la segnalazione di incidenti, condividere i requisiti di progettazione da un sistema CAD, collegare i documenti da un sistema di gestione dei documenti o collegare i pacchetti di lavoro alle attivit\u00e0 dal software di pianificazione.\u00a0Le funzioni di gestione dei rischi comprendono l&#8217;assegnazione di punteggi ai rischi e il collegamento a informazioni rilevanti sul progetto. I rischi possono essere visualizzati tramite grafici, tabelle pivot e altro. Gli utenti possono creare una dashboard centrale per visualizzare i principali rischi di tutti i progetti.<\/p>\n<h2>RELATICS &#8211; TUTORIAL<\/h2>\n<p>Guardiamo il video che mostra come organizzare i tuoi progetti con questo software gestionale per l&#8217;edilizia.<\/p>\n<div id=\"fluid-wrapper-counter-1\" class=\"g1-fluid-wrapper \" style=\"width:686px;\">\n<div style=\"padding-bottom:56.268221574344%;\"><iframe loading=\"lazy\" title=\"Relatics-Information is Yours\" width=\"686\" height=\"386\" src=\"https:\/\/www.youtube.com\/embed\/YgQHgb7aD_Y?feature=oembed&amp;wmode=transparent&amp;autohide=1&amp;autoplay=0&amp;disablekb=0&amp;fs=1&amp;loop=0&amp;enablejsapi=1&amp;rel=0&amp;controls=2&amp;showinfo=0&amp;wmode=transparent&amp;autohide=2&amp;autoplay=0&amp;disablekb=0&amp;fs=1&amp;loop=0&amp;enablejsapi=1&amp;rel=0&amp;controls=2&amp;showinfo=1\" frameborder=\"0\" allow=\"accelerometer; autoplay; encrypted-media; gyroscope; picture-in-picture\" allowfullscreen><\/iframe><\/div>\n<\/div>\n<h3>RELATICS &#8211; CARATTERISTICHE<\/h3>\n<ul>\n<li><strong>Undelete<\/strong>: sar\u00e0 possibile ripristinare le informazioni cancellate nell&#8217;area di lavoro. Ad esempio, \u00e8 possibile ripristinare un&#8217;intera struttura ad albero (SBS, WBS) che \u00e8 stata eliminata<\/li>\n<li><strong>Trova e sostituisci:<\/strong> strumento per modificare in batch le informazioni testuali sul progetto<\/li>\n<li><strong>Anteprima del documento<\/strong>: utilizzato per gestire integralmente non solo le informazioni ma anche i documenti di progetto associati<\/li>\n<li><strong>Single Sign On (SSO)<\/strong>: questa tecnologia consente agli utenti di accedere a tutte le loro applicazioni cloud aziendali effettuando l&#8217;accesso da qualsiasi dispositivo<\/li>\n<li><strong>Autenticazione a due fattori (TFA)<\/strong>: per migliorare la sicurezza dei dati, \u00e8 stato aggiunto un nuovo livello di autenticazione a due fattori (TFA)<\/li>\n<li><strong>Sincronizzazione<\/strong>: adatto per gestire le modifiche all&#8217;interno di pi\u00f9 aree di lavoro del progetto in modo centralizzato ed efficiente<\/li>\n<li><strong>Icone personalizzate per i valori delle propriet\u00e0<\/strong>: utilizzando icone personalizzate, gli utenti finali possono comprendere meglio i valori mostrati<\/li>\n<li><strong>Separazione delle autorizzazioni di creazione ed eliminazione<\/strong>: nuova implementazione per configurare i diritti dell&#8217;utente per l&#8217;immissione e l&#8217;eliminazione di informazioni. Ci\u00f2 consente un maggiore controllo sulla configurazione dei ruoli utente<\/li>\n<li><strong>Maggiore controllo sul foglio importato:<\/strong> rende l&#8217;importazione pi\u00f9 flessibile<\/li>\n<li><strong>Icona originale per il rapporto<\/strong>: offre un maggiore controllo sulle icone visualizzate nei report<\/li>\n<li><strong>Aggiunta di foto su dispositivo mobile<\/strong>: sviluppata per dispositivi mobili e semplifica il caricamento di una foto<\/li>\n<\/ul>\n<h4>LE RECENSIONI DEGLI UTENTI<\/h4>\n<h4 class=\"font-weight-bold my-1 d-flex align-items-center\">Jordy V.\u00a0&#8220;Bel prodotto&#8221;<\/h4>\n<p><strong>Commenti: <\/strong>Molto positivo, forse un&#8217;idea per lavorare un po &#8216;sull&#8217;aspetto<\/p>\n<p><strong>Vantaggi: <\/strong>Bel programma con molte possibilit\u00e0<\/p>\n<p><strong>Inconvenienti: <\/strong>\u00e8 un po &#8216;difficile da capire a volte per i nuovi utenti<\/p>\n<h4 class=\"font-weight-bold my-1 d-flex align-items-center\">Martin V. &#8220;Usato per l&#8217;amministrazione dei requisiti&#8221;<\/h4>\n<p><strong>Commenti: <\/strong>Consiglierei per migliorare l&#8217;amministrazioni complesse riguardanti progetti e iniziative imprenditoriali speciali.<\/p>\n<p><strong>Vantaggi: <\/strong>Relatics \u00e8 altamente adattabile e quindi soddisfa perfettamente le nostre esigenze<\/p>\n<p><strong>Inconvenienti: <\/strong>Gli adattamenti apportati dal venditore possono essere difficili da regolare da soli<\/p>\n<h4 class=\"font-weight-bold my-1 d-flex align-items-center\">Willemijn E.\u00a0&#8220;Relatics come strumento per controllare progetti complessi (infrastrutturali)&#8221;<\/h4>\n<p><strong>Commenti: <\/strong>Professionisti:<br \/>\nFacile da usare e facile da adattare alle preferenze specifiche del progetto. Base di conoscenza e supporto inclusi. Contro:<br \/>\nNiente contro, solo un po &#8216;di pazienza per i dipendenti che &#8220;non hanno mai lavorato in questo modo&#8221;. Complessivamente:<br \/>\nMolto prezioso su progetti complessi, per controllare informazioni, requisiti, rischi, spese e cos\u00ec via. Niente pi\u00f9 fogli separati di informazioni sui personal computer, tutti lavorano con informazioni aggiornate.<\/p>\n","protected":false},"excerpt":{"rendered":"<p>Relatics \u00e8 una piattaforma per la gestione edilizia basata su cloud utilizzata nei settori dell&#8217;ingegneria civile, delle infrastrutture e dell&#8217;edilizia per l&#8217;organizzazione dei progetti.\u00a0Relatics consente agli utenti di gestire contratti e modificare ordini, offerte, attivit\u00e0, subappaltatori e autorizzazioni.<\/p>\n","protected":false},"author":19,"featured_media":25454,"parent":0,"menu_order":0,"comment_status":"open","ping_status":"closed","template":"g1_template_page_review_new.php","meta":{"_acf_changed":false,"cwp_meta_box_check":"No","cwp_rev_product_name":"","cwp_rev_product_image":"","wppr_links":[],"cwp_rev_price":"","wppr_options":[],"wppr_pros":[],"wppr_cons":[],"_monsterinsights_skip_tracking":false,"_monsterinsights_sitenote_active":false,"_monsterinsights_sitenote_note":"","_monsterinsights_sitenote_category":0,"footnotes":""},"categories":[2459],"tags":[396,2460,2506,2473,2496,2461,2495,2462],"features":[],"class_list":{"0":"post-25453","1":"page","2":"type-page","3":"status-publish","4":"has-post-thumbnail","6":"category-gestionale-per-edilizia-cat","7":"tag-cloud","8":"tag-construction-management-software","9":"tag-programma-gestionale-per-costruzioni","10":"tag-programma-gestionale-per-ledilizia","11":"tag-software-gestionale-per-costruzioni","12":"tag-software-gestionale-per-lediizia","13":"tag-soluzione-gestionale-per-costruzioni","14":"tag-soluzione-gestionale-per-ledilizia"},"wppr_data":{"cwp_meta_box_check":"No"},"acf":[],"yoast_head":"<!-- This site is optimized with the Yoast SEO plugin v27.4 - https:\/\/yoast.com\/product\/yoast-seo-wordpress\/ -->\n<title>Relatics: recensione software gestionale per edilizia - Accurate Reviews<\/title>\n<meta name=\"description\" content=\"Relatics: recensione piattaforma per la gestione edilizia basata su cloud utilizzata nei settori dell&#039;ingegneria civile e dell&#039;edilizia.\" \/>\n<meta name=\"robots\" content=\"index, follow, max-snippet:-1, max-image-preview:large, max-video-preview:-1\" \/>\n<link rel=\"canonical\" href=\"https:\/\/www.accuratereviews.com\/it\/relatics-recensione\/\" \/>\n<meta property=\"og:locale\" content=\"it_IT\" \/>\n<meta property=\"og:type\" content=\"article\" \/>\n<meta property=\"og:title\" content=\"Relatics: recensione software gestionale per edilizia - Accurate Reviews\" \/>\n<meta property=\"og:description\" content=\"Relatics: recensione piattaforma per la gestione edilizia basata su cloud utilizzata nei settori dell&#039;ingegneria civile e dell&#039;edilizia.\" \/>\n<meta property=\"og:url\" content=\"https:\/\/www.accuratereviews.com\/it\/relatics-recensione\/\" \/>\n<meta property=\"og:site_name\" content=\"Accurate Reviews\" \/>\n<meta property=\"og:image\" content=\"https:\/\/www.accuratereviews.com\/wp-content\/uploads\/2020\/04\/Relatics.png\" \/>\n\t<meta property=\"og:image:width\" content=\"200\" \/>\n\t<meta property=\"og:image:height\" content=\"200\" \/>\n\t<meta property=\"og:image:type\" content=\"image\/png\" \/>\n<meta name=\"twitter:card\" content=\"summary_large_image\" \/>\n<meta name=\"twitter:label1\" content=\"Tempo di lettura stimato\" \/>\n\t<meta name=\"twitter:data1\" content=\"3 minuti\" \/>\n<script type=\"application\/ld+json\" class=\"yoast-schema-graph\">{\"@context\":\"https:\\\/\\\/schema.org\",\"@graph\":[{\"@type\":\"WebPage\",\"@id\":\"https:\\\/\\\/www.accuratereviews.com\\\/it\\\/relatics-recensione\\\/\",\"url\":\"https:\\\/\\\/www.accuratereviews.com\\\/it\\\/relatics-recensione\\\/\",\"name\":\"Relatics: recensione software gestionale per edilizia - Accurate Reviews\",\"isPartOf\":{\"@id\":\"https:\\\/\\\/www.accuratereviews.com\\\/it\\\/#website\"},\"primaryImageOfPage\":{\"@id\":\"https:\\\/\\\/www.accuratereviews.com\\\/it\\\/relatics-recensione\\\/#primaryimage\"},\"image\":{\"@id\":\"https:\\\/\\\/www.accuratereviews.com\\\/it\\\/relatics-recensione\\\/#primaryimage\"},\"thumbnailUrl\":\"https:\\\/\\\/www.accuratereviews.com\\\/wp-content\\\/uploads\\\/2020\\\/04\\\/Relatics.png\",\"datePublished\":\"2020-04-20T12:20:26+00:00\",\"description\":\"Relatics: recensione piattaforma per la gestione edilizia basata su cloud utilizzata nei settori dell'ingegneria civile e dell'edilizia.\",\"breadcrumb\":{\"@id\":\"https:\\\/\\\/www.accuratereviews.com\\\/it\\\/relatics-recensione\\\/#breadcrumb\"},\"inLanguage\":\"it-IT\",\"potentialAction\":[{\"@type\":\"ReadAction\",\"target\":[\"https:\\\/\\\/www.accuratereviews.com\\\/it\\\/relatics-recensione\\\/\"]}]},{\"@type\":\"ImageObject\",\"inLanguage\":\"it-IT\",\"@id\":\"https:\\\/\\\/www.accuratereviews.com\\\/it\\\/relatics-recensione\\\/#primaryimage\",\"url\":\"https:\\\/\\\/www.accuratereviews.com\\\/wp-content\\\/uploads\\\/2020\\\/04\\\/Relatics.png\",\"contentUrl\":\"https:\\\/\\\/www.accuratereviews.com\\\/wp-content\\\/uploads\\\/2020\\\/04\\\/Relatics.png\",\"width\":200,\"height\":200},{\"@type\":\"BreadcrumbList\",\"@id\":\"https:\\\/\\\/www.accuratereviews.com\\\/it\\\/relatics-recensione\\\/#breadcrumb\",\"itemListElement\":[{\"@type\":\"ListItem\",\"position\":1,\"name\":\"Home\",\"item\":\"https:\\\/\\\/www.accuratereviews.com\\\/it\\\/\"},{\"@type\":\"ListItem\",\"position\":2,\"name\":\"Relatics\"}]},{\"@type\":\"WebSite\",\"@id\":\"https:\\\/\\\/www.accuratereviews.com\\\/it\\\/#website\",\"url\":\"https:\\\/\\\/www.accuratereviews.com\\\/it\\\/\",\"name\":\"Accurate Reviews\",\"description\":\"\",\"potentialAction\":[{\"@type\":\"SearchAction\",\"target\":{\"@type\":\"EntryPoint\",\"urlTemplate\":\"https:\\\/\\\/www.accuratereviews.com\\\/it\\\/?s={search_term_string}\"},\"query-input\":{\"@type\":\"PropertyValueSpecification\",\"valueRequired\":true,\"valueName\":\"search_term_string\"}}],\"inLanguage\":\"it-IT\"}]}<\/script>\n<!-- \/ Yoast SEO plugin. -->","yoast_head_json":{"title":"Relatics: recensione software gestionale per edilizia - Accurate Reviews","description":"Relatics: recensione piattaforma per la gestione edilizia basata su cloud utilizzata nei settori dell'ingegneria civile e dell'edilizia.","robots":{"index":"index","follow":"follow","max-snippet":"max-snippet:-1","max-image-preview":"max-image-preview:large","max-video-preview":"max-video-preview:-1"},"canonical":"https:\/\/www.accuratereviews.com\/it\/relatics-recensione\/","og_locale":"it_IT","og_type":"article","og_title":"Relatics: recensione software gestionale per edilizia - Accurate Reviews","og_description":"Relatics: recensione piattaforma per la gestione edilizia basata su cloud utilizzata nei settori dell'ingegneria civile e dell'edilizia.","og_url":"https:\/\/www.accuratereviews.com\/it\/relatics-recensione\/","og_site_name":"Accurate Reviews","og_image":[{"width":200,"height":200,"url":"https:\/\/www.accuratereviews.com\/wp-content\/uploads\/2020\/04\/Relatics.png","type":"image\/png"}],"twitter_card":"summary_large_image","twitter_misc":{"Tempo di lettura stimato":"3 minuti"},"schema":{"@context":"https:\/\/schema.org","@graph":[{"@type":"WebPage","@id":"https:\/\/www.accuratereviews.com\/it\/relatics-recensione\/","url":"https:\/\/www.accuratereviews.com\/it\/relatics-recensione\/","name":"Relatics: recensione software gestionale per edilizia - Accurate Reviews","isPartOf":{"@id":"https:\/\/www.accuratereviews.com\/it\/#website"},"primaryImageOfPage":{"@id":"https:\/\/www.accuratereviews.com\/it\/relatics-recensione\/#primaryimage"},"image":{"@id":"https:\/\/www.accuratereviews.com\/it\/relatics-recensione\/#primaryimage"},"thumbnailUrl":"https:\/\/www.accuratereviews.com\/wp-content\/uploads\/2020\/04\/Relatics.png","datePublished":"2020-04-20T12:20:26+00:00","description":"Relatics: recensione piattaforma per la gestione edilizia basata su cloud utilizzata nei settori dell'ingegneria civile e dell'edilizia.","breadcrumb":{"@id":"https:\/\/www.accuratereviews.com\/it\/relatics-recensione\/#breadcrumb"},"inLanguage":"it-IT","potentialAction":[{"@type":"ReadAction","target":["https:\/\/www.accuratereviews.com\/it\/relatics-recensione\/"]}]},{"@type":"ImageObject","inLanguage":"it-IT","@id":"https:\/\/www.accuratereviews.com\/it\/relatics-recensione\/#primaryimage","url":"https:\/\/www.accuratereviews.com\/wp-content\/uploads\/2020\/04\/Relatics.png","contentUrl":"https:\/\/www.accuratereviews.com\/wp-content\/uploads\/2020\/04\/Relatics.png","width":200,"height":200},{"@type":"BreadcrumbList","@id":"https:\/\/www.accuratereviews.com\/it\/relatics-recensione\/#breadcrumb","itemListElement":[{"@type":"ListItem","position":1,"name":"Home","item":"https:\/\/www.accuratereviews.com\/it\/"},{"@type":"ListItem","position":2,"name":"Relatics"}]},{"@type":"WebSite","@id":"https:\/\/www.accuratereviews.com\/it\/#website","url":"https:\/\/www.accuratereviews.com\/it\/","name":"Accurate Reviews","description":"","potentialAction":[{"@type":"SearchAction","target":{"@type":"EntryPoint","urlTemplate":"https:\/\/www.accuratereviews.com\/it\/?s={search_term_string}"},"query-input":{"@type":"PropertyValueSpecification","valueRequired":true,"valueName":"search_term_string"}}],"inLanguage":"it-IT"}]}},"_links":{"self":[{"href":"https:\/\/www.accuratereviews.com\/it\/wp-json\/wp\/v2\/pages\/25453","targetHints":{"allow":["GET"]}}],"collection":[{"href":"https:\/\/www.accuratereviews.com\/it\/wp-json\/wp\/v2\/pages"}],"about":[{"href":"https:\/\/www.accuratereviews.com\/it\/wp-json\/wp\/v2\/types\/page"}],"author":[{"embeddable":true,"href":"https:\/\/www.accuratereviews.com\/it\/wp-json\/wp\/v2\/users\/19"}],"replies":[{"embeddable":true,"href":"https:\/\/www.accuratereviews.com\/it\/wp-json\/wp\/v2\/comments?post=25453"}],"version-history":[{"count":7,"href":"https:\/\/www.accuratereviews.com\/it\/wp-json\/wp\/v2\/pages\/25453\/revisions"}],"predecessor-version":[{"id":25477,"href":"https:\/\/www.accuratereviews.com\/it\/wp-json\/wp\/v2\/pages\/25453\/revisions\/25477"}],"wp:featuredmedia":[{"embeddable":true,"href":"https:\/\/www.accuratereviews.com\/it\/wp-json\/wp\/v2\/media\/25454"}],"wp:attachment":[{"href":"https:\/\/www.accuratereviews.com\/it\/wp-json\/wp\/v2\/media?parent=25453"}],"wp:term":[{"taxonomy":"category","embeddable":true,"href":"https:\/\/www.accuratereviews.com\/it\/wp-json\/wp\/v2\/categories?post=25453"},{"taxonomy":"post_tag","embeddable":true,"href":"https:\/\/www.accuratereviews.com\/it\/wp-json\/wp\/v2\/tags?post=25453"},{"taxonomy":"features","embeddable":true,"href":"https:\/\/www.accuratereviews.com\/it\/wp-json\/wp\/v2\/features?post=25453"}],"curies":[{"name":"wp","href":"https:\/\/api.w.org\/{rel}","templated":true}]}}