{"id":25462,"date":"2020-04-20T12:19:29","date_gmt":"2020-04-20T12:19:29","guid":{"rendered":"https:\/\/www.accuratereviews.com\/?page_id=25462"},"modified":"2020-04-24T15:21:43","modified_gmt":"2020-04-24T15:21:43","slug":"ape-mobile-recensione","status":"publish","type":"page","link":"https:\/\/www.accuratereviews.com\/it\/ape-mobile-recensione\/","title":{"rendered":"Ape Mobile"},"content":{"rendered":"<p><strong>Ape Mobile<\/strong> \u00e8 un <strong>software di costruzione<\/strong> che accelera la collaborazione e la condivisione dei documenti tra le parti interessate e i fornitori nei progetti di costruzione semplificando la produzione dei report relativi al sito necessari e distribuendoli attraverso un database centralizzato organizzato.\u00a0La soluzione rimuove le pratiche burocratiche amministrando tutte le informazioni in una piattaforma facilmente accessibile che ha anche funzionalit\u00e0 integrate per applicare personalizzazioni avanzate e aggiornamenti in tempo reale. Ha inoltre una funzione speciale che utilizza la tecnologia avanzata di condivisione di foto e file in\u00a0cui si possono aggiungere markup redline per mostrare lo stato specifico del sito. Un&#8217;altra caratteristica di Ape Mobile \u00e8 la sua funzione Multiple Site Forms. Tramite questo strumento \u00e8 possibile creare qualsiasi tipo di modulo come schede attivit\u00e0, diari dei siti, rapporti sullo stato di avanzamento e valutazioni della sicurezza del lavoro.<\/p>\n<h2>APE MOBILE &#8211; TUTORIAL<\/h2>\n<p>Il tutorial che segue spiega come compilare i moduli direttamente su questo<strong> programma gestionale per l&#8217;edilizia<\/strong> e inviarli ai diretti interessati:<\/p>\n<div id=\"fluid-wrapper-counter-1\" class=\"g1-fluid-wrapper \" style=\"width:686px;\">\n<div style=\"padding-bottom:56.268221574344%;\"><iframe loading=\"lazy\" title=\"APE Mobile - Paperless Site App\" width=\"686\" height=\"386\" src=\"https:\/\/www.youtube.com\/embed\/4fxqxjCpqf4?feature=oembed&amp;wmode=transparent&amp;autohide=1&amp;autoplay=0&amp;disablekb=0&amp;fs=1&amp;loop=0&amp;enablejsapi=1&amp;rel=0&amp;controls=2&amp;showinfo=0&amp;wmode=transparent&amp;autohide=2&amp;autoplay=0&amp;disablekb=0&amp;fs=1&amp;loop=0&amp;enablejsapi=1&amp;rel=0&amp;controls=2&amp;showinfo=1\" frameborder=\"0\" allow=\"accelerometer; autoplay; encrypted-media; gyroscope; picture-in-picture\" allowfullscreen><\/iframe><\/div>\n<\/div>\n<h3>APE MOBILE &#8211; CARATTERISTICHE<\/h3>\n<ul>\n<li><strong>Ottieni risposte con AI Site Assistant<\/strong>: fai una domanda e ottieni subito una risposta per prendere decisioni migliori sul campo<\/li>\n<li><strong>Cattura dati in modo intelligente<\/strong>: gestisci tutti i documenti del tuo sito in un unico posto.<\/li>\n<li><strong>Comunicare pi\u00f9 chiaramente:<\/strong> annota le foto, acquisisci il GPS e con la sincronizzazione automatica; tutti sono sulla stessa pagina<\/li>\n<li><strong>Collaborare meglio<\/strong>: i markup istantanei consentono a tutti sul campo e alla sede centrale di trovarsi sulla stessa pagina per un follow-up pi\u00f9 rapido con meno errori<\/li>\n<li><strong>Applicare una maggiore sicurezza<\/strong>: aumenta il processo di ispezione e gestisci tutti i moduli di sicurezza da un&#8217;unica posizione<\/li>\n<li><strong>Migliorare la gestione della qualit\u00e0<\/strong>: incorpora processi di qualit\u00e0 in tutte le fasi del progetto per aiutare i tuoi team ad avere successo<\/li>\n<\/ul>\n<h4>LE RECENSIONI DEGLI UTENTI<\/h4>\n<h4 class=\"font-weight-bold my-1 d-flex align-items-center\">Johnathan L.&#8221;Ottimo prodotto e supporto&#8221;<\/h4>\n<p><strong>Commenti: <\/strong>Ape Mobile \u00e8 un programma reattivo e un servizio di supporto. \u00c8 facile da usare in loco e non subisce ritardi \u00a0durante l&#8217;utilizzo. Eventuali funzionalit\u00e0 o bug aggiuntivi vengono prontamente presi in considerazione dal team di assistenza.<\/p>\n<p><strong>Vantaggi: <\/strong>Menu a discesa facili da modificare<\/p>\n<p><strong>Inconvenienti: <\/strong>Alcune aree non sono intuitive, ad es. cercando di modificare i modelli senza alcuna guida.\u00a0Tuttavia, questo probabilmente non \u00e8 qualcosa che la maggior parte delle persone tenta di fare. Ho un po &#8216;paura di farlo nel caso lo rovinassi per tutti. Ma questa non \u00e8 in realt\u00e0 una preoccupazione o un reclamo, ma solo una comprensione del fatto che non dovrei provare a modificare i modelli da solo.<\/p>\n<h4 class=\"font-weight-bold my-1 d-flex align-items-center\">James S.&#8221;Ape mobile&#8221;<\/h4>\n<p><strong>Commenti: <\/strong>Il programma \u00e8 facile da usare ma necessita di un maggiore accesso ad alcune aree ed \u00e8 in grado di eseguire pi\u00f9 modifiche in aree come i materiali in uso e alcune aree di testo non sono abbastanza grandi. Essere in grado di mettere un operatore su pi\u00f9 di una macchina sarebbe positivo senza doverlo compilare di nuovo.<\/p>\n<p><strong>Vantaggi: <\/strong>Facilit\u00e0 d&#8217;uso e informazioni sono l\u00ec quando necessario.<\/p>\n<p><strong>Inconvenienti: <\/strong>A volte richiede molto tempo per caricare le informazioni.<\/p>\n<h4 class=\"font-weight-bold my-1 d-flex align-items-center\">Colin T.\u00a0&#8220;Utilizzabile ma deve essere anche desktop friendly&#8221;<\/h4>\n<p><strong>Commenti: <\/strong>Questa applicazione \u00e8 molto utile quando viene utilizzata su un tablet o dispositivo portatile, ma quando viene eseguita su un dispositivo desktop, diventa un po &#8216;difficile e problematica da controllare e accedere. Ci sono anche momenti in cui inserisco i dati nelle celle, ma quando le informazioni vengono processate e stampate per la revisione, alcuni dei dati di input vengono tagliati, perch\u00e9 il programma \/ l&#8217;applicazione non si restringe o adatta ai testi nella cella .<\/p>\n<p><strong>Vantaggi: <\/strong>Nuovo e moderno, un nuovo mezzo per tracciare e documentare i tuoi lavori quotidiani se usati.<\/p>\n<p><strong>Inconvenienti: <\/strong>Bug minori e problemi di a capo del testo che devono essere risolti. Deve anche essere amichevole per coloro che vogliono usare l&#8217;applicazione su un dispositivo non mobile, come un desktop.<\/p>\n","protected":false},"excerpt":{"rendered":"<p>Ape Mobile \u00e8 un software di costruzione che accelera la collaborazione e la condivisione dei documenti tra le parti interessate e i fornitori nei progetti di costruzione semplificando la produzione dei report relativi al sito necessari e distribuendoli attraverso un database centralizzato organizzato.<\/p>\n","protected":false},"author":19,"featured_media":25466,"parent":0,"menu_order":0,"comment_status":"open","ping_status":"closed","template":"g1_template_page_review_new.php","meta":{"_acf_changed":false,"cwp_meta_box_check":"Yes","cwp_rev_product_name":"","cwp_rev_product_image":"","wppr_links":[],"cwp_rev_price":"","wppr_options":[],"wppr_pros":[],"wppr_cons":[],"_monsterinsights_skip_tracking":false,"_monsterinsights_sitenote_active":false,"_monsterinsights_sitenote_note":"","_monsterinsights_sitenote_category":0,"footnotes":""},"categories":[2459],"tags":[2460,2506,2473,2496,2461,2495,2462],"features":[],"class_list":{"0":"post-25462","1":"page","2":"type-page","3":"status-publish","4":"has-post-thumbnail","6":"category-gestionale-per-edilizia-cat","7":"tag-construction-management-software","8":"tag-programma-gestionale-per-costruzioni","9":"tag-programma-gestionale-per-ledilizia","10":"tag-software-gestionale-per-costruzioni","11":"tag-software-gestionale-per-lediizia","12":"tag-soluzione-gestionale-per-costruzioni","13":"tag-soluzione-gestionale-per-ledilizia"},"wppr_data":{"cwp_meta_box_check":"Yes","cwp_rev_product_name":"","cwp_rev_product_image":"","cwp_image_link":"image","cwp_rev_price":"","wppr_rating":"0.00"},"acf":[],"yoast_head":"<!-- This site is optimized with the Yoast SEO plugin v27.4 - https:\/\/yoast.com\/product\/yoast-seo-wordpress\/ -->\n<title>Ape Mobile: recensione software gestionale per edilizia - Accurate Reviews<\/title>\n<meta name=\"description\" content=\"Ape Mobile: recensione software di costruzione che accelera la collaborazione e la condivisione dei documenti tra le parti interessate e i fornitori.\" \/>\n<meta name=\"robots\" content=\"index, follow, max-snippet:-1, max-image-preview:large, max-video-preview:-1\" \/>\n<link rel=\"canonical\" href=\"https:\/\/www.accuratereviews.com\/it\/ape-mobile-recensione\/\" \/>\n<meta property=\"og:locale\" content=\"it_IT\" \/>\n<meta property=\"og:type\" content=\"article\" \/>\n<meta property=\"og:title\" content=\"Ape Mobile: recensione software gestionale per edilizia - Accurate Reviews\" \/>\n<meta property=\"og:description\" content=\"Ape Mobile: recensione software di costruzione che accelera la collaborazione e la condivisione dei documenti tra le parti interessate e i fornitori.\" \/>\n<meta property=\"og:url\" content=\"https:\/\/www.accuratereviews.com\/it\/ape-mobile-recensione\/\" \/>\n<meta property=\"og:site_name\" content=\"Accurate Reviews\" \/>\n<meta property=\"article:modified_time\" content=\"2020-04-24T15:21:43+00:00\" \/>\n<meta property=\"og:image\" content=\"https:\/\/www.accuratereviews.com\/wp-content\/uploads\/2020\/04\/APE2.png\" \/>\n\t<meta property=\"og:image:width\" content=\"225\" \/>\n\t<meta property=\"og:image:height\" content=\"225\" \/>\n\t<meta property=\"og:image:type\" content=\"image\/png\" \/>\n<meta name=\"twitter:card\" content=\"summary_large_image\" \/>\n<meta name=\"twitter:label1\" content=\"Tempo di lettura stimato\" \/>\n\t<meta name=\"twitter:data1\" content=\"3 minuti\" \/>\n<script type=\"application\/ld+json\" class=\"yoast-schema-graph\">{\"@context\":\"https:\\\/\\\/schema.org\",\"@graph\":[{\"@type\":\"WebPage\",\"@id\":\"https:\\\/\\\/www.accuratereviews.com\\\/it\\\/ape-mobile-recensione\\\/\",\"url\":\"https:\\\/\\\/www.accuratereviews.com\\\/it\\\/ape-mobile-recensione\\\/\",\"name\":\"Ape Mobile: recensione software gestionale per edilizia - Accurate Reviews\",\"isPartOf\":{\"@id\":\"https:\\\/\\\/www.accuratereviews.com\\\/it\\\/#website\"},\"primaryImageOfPage\":{\"@id\":\"https:\\\/\\\/www.accuratereviews.com\\\/it\\\/ape-mobile-recensione\\\/#primaryimage\"},\"image\":{\"@id\":\"https:\\\/\\\/www.accuratereviews.com\\\/it\\\/ape-mobile-recensione\\\/#primaryimage\"},\"thumbnailUrl\":\"https:\\\/\\\/www.accuratereviews.com\\\/wp-content\\\/uploads\\\/2020\\\/04\\\/APE2.png\",\"datePublished\":\"2020-04-20T12:19:29+00:00\",\"dateModified\":\"2020-04-24T15:21:43+00:00\",\"description\":\"Ape Mobile: recensione software di costruzione che accelera la collaborazione e la condivisione dei documenti tra le parti interessate e i fornitori.\",\"breadcrumb\":{\"@id\":\"https:\\\/\\\/www.accuratereviews.com\\\/it\\\/ape-mobile-recensione\\\/#breadcrumb\"},\"inLanguage\":\"it-IT\",\"potentialAction\":[{\"@type\":\"ReadAction\",\"target\":[\"https:\\\/\\\/www.accuratereviews.com\\\/it\\\/ape-mobile-recensione\\\/\"]}]},{\"@type\":\"ImageObject\",\"inLanguage\":\"it-IT\",\"@id\":\"https:\\\/\\\/www.accuratereviews.com\\\/it\\\/ape-mobile-recensione\\\/#primaryimage\",\"url\":\"https:\\\/\\\/www.accuratereviews.com\\\/wp-content\\\/uploads\\\/2020\\\/04\\\/APE2.png\",\"contentUrl\":\"https:\\\/\\\/www.accuratereviews.com\\\/wp-content\\\/uploads\\\/2020\\\/04\\\/APE2.png\",\"width\":225,\"height\":225},{\"@type\":\"BreadcrumbList\",\"@id\":\"https:\\\/\\\/www.accuratereviews.com\\\/it\\\/ape-mobile-recensione\\\/#breadcrumb\",\"itemListElement\":[{\"@type\":\"ListItem\",\"position\":1,\"name\":\"Home\",\"item\":\"https:\\\/\\\/www.accuratereviews.com\\\/it\\\/\"},{\"@type\":\"ListItem\",\"position\":2,\"name\":\"Ape Mobile\"}]},{\"@type\":\"WebSite\",\"@id\":\"https:\\\/\\\/www.accuratereviews.com\\\/it\\\/#website\",\"url\":\"https:\\\/\\\/www.accuratereviews.com\\\/it\\\/\",\"name\":\"Accurate Reviews\",\"description\":\"\",\"potentialAction\":[{\"@type\":\"SearchAction\",\"target\":{\"@type\":\"EntryPoint\",\"urlTemplate\":\"https:\\\/\\\/www.accuratereviews.com\\\/it\\\/?s={search_term_string}\"},\"query-input\":{\"@type\":\"PropertyValueSpecification\",\"valueRequired\":true,\"valueName\":\"search_term_string\"}}],\"inLanguage\":\"it-IT\"}]}<\/script>\n<!-- \/ Yoast SEO plugin. -->","yoast_head_json":{"title":"Ape Mobile: recensione software gestionale per edilizia - Accurate Reviews","description":"Ape Mobile: recensione software di costruzione che accelera la collaborazione e la condivisione dei documenti tra le parti interessate e i fornitori.","robots":{"index":"index","follow":"follow","max-snippet":"max-snippet:-1","max-image-preview":"max-image-preview:large","max-video-preview":"max-video-preview:-1"},"canonical":"https:\/\/www.accuratereviews.com\/it\/ape-mobile-recensione\/","og_locale":"it_IT","og_type":"article","og_title":"Ape Mobile: recensione software gestionale per edilizia - Accurate Reviews","og_description":"Ape Mobile: recensione software di costruzione che accelera la collaborazione e la condivisione dei documenti tra le parti interessate e i fornitori.","og_url":"https:\/\/www.accuratereviews.com\/it\/ape-mobile-recensione\/","og_site_name":"Accurate Reviews","article_modified_time":"2020-04-24T15:21:43+00:00","og_image":[{"width":225,"height":225,"url":"https:\/\/www.accuratereviews.com\/wp-content\/uploads\/2020\/04\/APE2.png","type":"image\/png"}],"twitter_card":"summary_large_image","twitter_misc":{"Tempo di lettura stimato":"3 minuti"},"schema":{"@context":"https:\/\/schema.org","@graph":[{"@type":"WebPage","@id":"https:\/\/www.accuratereviews.com\/it\/ape-mobile-recensione\/","url":"https:\/\/www.accuratereviews.com\/it\/ape-mobile-recensione\/","name":"Ape Mobile: recensione software gestionale per edilizia - Accurate Reviews","isPartOf":{"@id":"https:\/\/www.accuratereviews.com\/it\/#website"},"primaryImageOfPage":{"@id":"https:\/\/www.accuratereviews.com\/it\/ape-mobile-recensione\/#primaryimage"},"image":{"@id":"https:\/\/www.accuratereviews.com\/it\/ape-mobile-recensione\/#primaryimage"},"thumbnailUrl":"https:\/\/www.accuratereviews.com\/wp-content\/uploads\/2020\/04\/APE2.png","datePublished":"2020-04-20T12:19:29+00:00","dateModified":"2020-04-24T15:21:43+00:00","description":"Ape Mobile: recensione software di costruzione che accelera la collaborazione e la condivisione dei documenti tra le parti interessate e i fornitori.","breadcrumb":{"@id":"https:\/\/www.accuratereviews.com\/it\/ape-mobile-recensione\/#breadcrumb"},"inLanguage":"it-IT","potentialAction":[{"@type":"ReadAction","target":["https:\/\/www.accuratereviews.com\/it\/ape-mobile-recensione\/"]}]},{"@type":"ImageObject","inLanguage":"it-IT","@id":"https:\/\/www.accuratereviews.com\/it\/ape-mobile-recensione\/#primaryimage","url":"https:\/\/www.accuratereviews.com\/wp-content\/uploads\/2020\/04\/APE2.png","contentUrl":"https:\/\/www.accuratereviews.com\/wp-content\/uploads\/2020\/04\/APE2.png","width":225,"height":225},{"@type":"BreadcrumbList","@id":"https:\/\/www.accuratereviews.com\/it\/ape-mobile-recensione\/#breadcrumb","itemListElement":[{"@type":"ListItem","position":1,"name":"Home","item":"https:\/\/www.accuratereviews.com\/it\/"},{"@type":"ListItem","position":2,"name":"Ape Mobile"}]},{"@type":"WebSite","@id":"https:\/\/www.accuratereviews.com\/it\/#website","url":"https:\/\/www.accuratereviews.com\/it\/","name":"Accurate Reviews","description":"","potentialAction":[{"@type":"SearchAction","target":{"@type":"EntryPoint","urlTemplate":"https:\/\/www.accuratereviews.com\/it\/?s={search_term_string}"},"query-input":{"@type":"PropertyValueSpecification","valueRequired":true,"valueName":"search_term_string"}}],"inLanguage":"it-IT"}]}},"_links":{"self":[{"href":"https:\/\/www.accuratereviews.com\/it\/wp-json\/wp\/v2\/pages\/25462","targetHints":{"allow":["GET"]}}],"collection":[{"href":"https:\/\/www.accuratereviews.com\/it\/wp-json\/wp\/v2\/pages"}],"about":[{"href":"https:\/\/www.accuratereviews.com\/it\/wp-json\/wp\/v2\/types\/page"}],"author":[{"embeddable":true,"href":"https:\/\/www.accuratereviews.com\/it\/wp-json\/wp\/v2\/users\/19"}],"replies":[{"embeddable":true,"href":"https:\/\/www.accuratereviews.com\/it\/wp-json\/wp\/v2\/comments?post=25462"}],"version-history":[{"count":6,"href":"https:\/\/www.accuratereviews.com\/it\/wp-json\/wp\/v2\/pages\/25462\/revisions"}],"predecessor-version":[{"id":25775,"href":"https:\/\/www.accuratereviews.com\/it\/wp-json\/wp\/v2\/pages\/25462\/revisions\/25775"}],"wp:featuredmedia":[{"embeddable":true,"href":"https:\/\/www.accuratereviews.com\/it\/wp-json\/wp\/v2\/media\/25466"}],"wp:attachment":[{"href":"https:\/\/www.accuratereviews.com\/it\/wp-json\/wp\/v2\/media?parent=25462"}],"wp:term":[{"taxonomy":"category","embeddable":true,"href":"https:\/\/www.accuratereviews.com\/it\/wp-json\/wp\/v2\/categories?post=25462"},{"taxonomy":"post_tag","embeddable":true,"href":"https:\/\/www.accuratereviews.com\/it\/wp-json\/wp\/v2\/tags?post=25462"},{"taxonomy":"features","embeddable":true,"href":"https:\/\/www.accuratereviews.com\/it\/wp-json\/wp\/v2\/features?post=25462"}],"curies":[{"name":"wp","href":"https:\/\/api.w.org\/{rel}","templated":true}]}}