{"id":25526,"date":"2020-04-21T10:27:59","date_gmt":"2020-04-21T10:27:59","guid":{"rendered":"https:\/\/www.accuratereviews.com\/?page_id=25526"},"modified":"2023-05-20T08:32:35","modified_gmt":"2023-05-20T08:32:35","slug":"vagaro-recensione","status":"publish","type":"page","link":"https:\/\/www.accuratereviews.com\/it\/software-fitness-lista\/vagaro-recensione\/","title":{"rendered":"Vagaro"},"content":{"rendered":"<p><strong>Vagaro<\/strong> \u00e8 uno <strong>strumento gestionale per le palestre<\/strong> specializzato nel rendering di servizi come motore di ricerca per palestre, saloni di bellezza e spa situati in diverse localit\u00e0.\u00a0Organizza tutte le attivit\u00e0 della tua impresa e le offerte promozionali, indipendentemente da quanto sia piccola o grande la tua attivit\u00e0. I clienti possono prenotare un appuntamento con il tuo centro attraverso la funzione di prenotazione degli appuntamenti automatizzato. Registrandosi su questa piattaforma web si \u00a0pu\u00f2 creare una base di clienti ogni volta che qualcuno effettua una ricerca online. Questo genera principalmente contatti per le aziende. Inoltre, i proprietari possono monitorare le prestazioni online e lo stato di avanzamento della propria attivit\u00e0 nei confronti della concorrenza attraverso analisi di elaborazione in tempo reale. In pi\u00f9\u00a0la funzione di email marketing pu\u00f2 essere utilizzata dalle aziende per lanciare campagne pubblicitarie e connettersi con i propri clienti con un approccio personalizzato.<\/p>\n<h2>VAGARO &#8211; TUTORIAL<\/h2>\n<p>Scopri come pu\u00f2 aiutarti nella tua attivit\u00e0 questo <strong>software gestionale per palestre<\/strong>:<\/p>\n<div id=\"fluid-wrapper-counter-1\" class=\"g1-fluid-wrapper \" style=\"width:686px;\">\n<div style=\"padding-bottom:56.268221574344%;\"><iframe loading=\"lazy\" title=\"Edit Facility Information in the Vagaro Pro App\" width=\"686\" height=\"386\" src=\"https:\/\/www.youtube.com\/embed\/SbWxxU5ezC0?feature=oembed&amp;wmode=transparent&amp;autohide=1&amp;autoplay=0&amp;disablekb=0&amp;fs=1&amp;loop=0&amp;enablejsapi=1&amp;rel=0&amp;controls=2&amp;showinfo=0&amp;wmode=transparent&amp;autohide=2&amp;autoplay=0&amp;disablekb=0&amp;fs=1&amp;loop=0&amp;enablejsapi=1&amp;rel=0&amp;controls=2&amp;showinfo=1\" frameborder=\"0\" allow=\"accelerometer; autoplay; clipboard-write; encrypted-media; gyroscope; picture-in-picture; web-share\" allowfullscreen><\/iframe><\/div>\n<\/div>\n<h3>VAGARO &#8211; CARATTERISTICHE<\/h3>\n<ul>\n<li><strong>Integrazione Live Stream<\/strong>: crea lezioni virtuali, seminari e appuntamenti per rimanere in contatto con i tuoi clienti. Aumenta la portata dei clienti offrendo corsi di streaming live in tutto il mondo. I clienti riceveranno automaticamente i collegamenti per unirsi allo streaming live tramite email, SMS e notifiche push<\/li>\n<li><strong>Calendario<\/strong>: controlla i programmi di pi\u00f9 istruttori su una schermata. Riprogrammare le classi con un semplice drag &amp; drop<\/li>\n<li><strong>Marketing<\/strong>: attira nuovi clienti e aumenta la fidelizzazione dei clienti con la suite di strumenti di marketing. Lancia promozioni e offerte. Utilizza il modulo email per impostare campagne pubblicitarie<\/li>\n<li><strong>Email automatizzata:<\/strong> invia automaticamente email di compleanno, follow-up o promemoria ai clienti<\/li>\n<li><strong>Gestisci tutto in movimento:<\/strong> utilizza l&#8217;app di pianificazione per programmare servizi, clienti e personale, inviare promemoria ed email automatizzati, vendere prodotti e pacchetti e addebitare su carte di credito, ovunque tu sia<\/li>\n<li><strong>Moduli e deroghe digitali<\/strong>: crea moduli di assunzione per i clienti, esoneri da responsabilit\u00e0, sondaggi e altro da zero o utilizza un modello per iniziare rapidamente. Invia i tuoi moduli via email, incorporali nel tuo sito web, condividili tramite un link o richiedi ai clienti di compilare un modulo come parte della prenotazione online. I moduli completati verranno automaticamente salvati nei profili client<\/li>\n<li><strong>Elaborazione pagamenti e POS<\/strong>: elaborare pagamenti dal desktop o dal dispositivo mobile, all&#8217;interno dello stesso sistema utilizzato per gestire tutto il resto<\/li>\n<li><strong>Rapporti<\/strong>: configura la tua dashboard per ottenere informazioni aziendali chiave a colpo d&#8217;occhio. Inserisci i dettagli eseguendo rapporti personalizzabili su vendite, prenotazioni e fidelizzazione dei clienti<\/li>\n<li><strong>Inventario e carrello<\/strong>: automatizza la gestione del tuo inventario. Il nostro sistema rileva automaticamente piccole quantit\u00e0 in modo da poter creare e inviare gli ordini di acquisto in modo tempestivo. Vendi prodotti e buoni regalo online. Offri il ritiro in negozio o calcola automaticamente i costi di spedizione<\/li>\n<\/ul>\n<h4>LE RECENSIONE DEGLI UTENTI<\/h4>\n<h4 class=\"font-weight-bold my-1 d-flex align-items-center\">Christy C.&#8221;Adoro il formato del software&#8221;<\/h4>\n<p><strong>Commenti: <\/strong>Adoro il fatto che non ho bisogno di altri servizi come Demand Force o Square per fatture e vendite di buoni regalo quando utilizzo Vagaro. Ora posso personalizzare Vargaro per fare le stesse cose in 1 software e in 1 pagamento al mese!<\/p>\n<p><strong>Vantaggi: <\/strong>Adoro il fatto che il software sia in grado di adattarsi alle esigenze dell&#8217;azienda del mio salone. Adoro il marketing via email e messaggi di testo. Sto ancora imparando il programma e tutti i servizi aggiuntivi disponibili. Questo mese le mie 2 funzionalit\u00e0 preferite sono state la capacit\u00e0 di fatturazione per poter vendere prodotti ai nostri clienti mentre erano chiusi per 30 giorni e quindi la possibilit\u00e0 di inviare email e messaggi di testo ai clienti sullo stato attuale della chiusura del salone.<\/p>\n<p><strong>Inconvenienti: <\/strong>I rapporti non sono cos\u00ec dettagliati di cui ho bisogno o provano a raccogliere informazioni raccolte. Ad esempio, vorrei poter estrarre un elenco di nuovi clienti che hanno visitato la nostra azienda il mese scorso. Vorrei anche poter etichettare un gruppo di clienti come taggare tutti i clienti che hanno acquistato &#8220;Colore e taglio di capelli&#8221; o un prodotto specifico. La capacit\u00e0 di aggiungere tag di massa mi darebbe pi\u00f9 potere di marketing, come elencato in ci\u00f2 che amo di pi\u00f9 del software.<\/p>\n<h5 class=\"font-weight-bold my-1 d-flex align-items-center\">Michelle B.\u00a0&#8220;Vagaro si preoccupa del servizio clienti&#8221;<\/h5>\n<p><strong>Commenti: <\/strong>Esperienza complessiva, grande valore per ci\u00f2 che offrono, eccezionale servizio clienti \/ supporto con cui puoi effettivamente parlare al telefono e con l&#8217;opzione per creare profitti.<\/p>\n<p><strong>Vantaggi: <\/strong>Il fatto che posso parlare con un essere umano LIVE al telefono per aiutarmi con qualsiasi cosa di cui abbia bisogno in relazione al sito. La gente nella cura del cliente e sempre paziente, gentile e disponibile &#8230; anche quando ho giorni pi\u00f9 scontrosi. Grato a questi esseri meravigliosi!<\/p>\n<p><strong>Inconvenienti: <\/strong>Bene, mi piacerebbe davvero che si integrasse con un receptionist virtuale come www.ruby.com Man mano che la mia attivit\u00e0 \u00e8 cresciuta, mi piacerebbe poter disporre di questa funzione per aiutare ulteriormente me e la mia clientela. Preferirei anche che la funzione di prenotazione NON consenta automaticamente a un cliente di prenotare sezioni che ho bloccato per tempo tra i clienti. Il cliente vede qualcosa di diverso da quello che vedo in questo momento riguardo a questo pezzo e dobbiamo essere sulla stessa pagina con questo.<\/p>\n<h4 class=\"font-weight-bold my-1 d-flex align-items-center\">Katrina E.&#8221;Part time gal&#8221;<\/h4>\n<p><strong>Commenti: <\/strong>Il monitoraggio finanziario e le analisi sono molto semplici e facili.<\/p>\n<p><strong>Vantaggi: <\/strong>Adoro il fatto che con questo software, tutto sia praticamente in un unico posto. Il POS \u00e8 relativamente facile da usare e non ho avuto molti problemi. La personalizzazione aggiunge anche un tocco di classe.<\/p>\n<p><strong>Inconvenienti: <\/strong>Ci sono solo DUE cose che mi vengono in mente. 1. Vorrei poter impostare determinati giorni per tutto il mese e non necessariamente determinate ore settimanali. Sono un lavoratore part-time e lavoro a caso tre giorni alla settimana. I miei clienti non possono prenotare tramite la parte online perch\u00e9 non posso scegliere i giorni in cui sar\u00f2 disponibile senza che si tratti di un programma settimanale ricorrente. Se lo \u00e8, non l&#8217;ho capito e mi piacerebbe sapere come farlo! 2. Venerd\u00ec \/ fine settimana ci vuole SEMPRE per ottenere il mio trasferimento nella mia banca. A volte \u00e8 molto frustrante a causa del fatto che io sono una piccola impresa e non ho spesso grandi transazioni.<\/p>\n","protected":false},"excerpt":{"rendered":"<p>Vagaro \u00e8 uno strumento gestionale per le palestre specializzato nel rendering di servizi come motore di ricerca per palestre, saloni di bellezza e spa situati in diverse localit\u00e0.\u00a0Organizza tutte le attivit\u00e0 della tua impresa e le offerte promozionali, indipendentemente da quanto sia piccola o grande la tua attivit\u00e0. I clienti possono prenotare un appuntamento con il tuo centro attraverso la funzione di prenotazione degli appuntamenti automatizzato.<\/p>\n","protected":false},"author":19,"featured_media":25527,"parent":25524,"menu_order":0,"comment_status":"open","ping_status":"closed","template":"g1_template_page_review_new.php","meta":{"_acf_changed":false,"cwp_meta_box_check":"Yes","cwp_rev_product_name":"","cwp_rev_product_image":"","wppr_links":[],"cwp_rev_price":"","wppr_options":[{"name":"Usability","value":"0"},{"name":"Speed","value":"0"},{"name":"Features","value":"0"},{"name":"Support","value":"0"},{"name":"Pricing","value":"0"}],"wppr_pros":["","","","",""],"wppr_cons":["","","","",""],"_monsterinsights_skip_tracking":false,"_monsterinsights_sitenote_active":false,"_monsterinsights_sitenote_note":"","_monsterinsights_sitenote_category":0,"footnotes":""},"categories":[2629],"tags":[396,2630,2632,2631,2633,2634],"features":[],"class_list":{"0":"post-25526","1":"page","2":"type-page","3":"status-publish","4":"has-post-thumbnail","6":"category-fitness-software","7":"tag-cloud","8":"tag-fitness-software","9":"tag-piattaforma-gestionale-per-palestre","10":"tag-software-gestionale-per-palestre","11":"tag-soluzione-gestionale-per-palestre","12":"tag-vagaro"},"wppr_data":{"cwp_meta_box_check":"Yes","cwp_rev_product_name":"","_wppr_review_template":"default","cwp_rev_product_image":"","cwp_image_link":"image","wppr_links":[],"cwp_rev_price":"","wppr_pros":["","","","",""],"wppr_cons":["","","","",""],"wppr_rating":"0.00","wppr_options":{"1":{"name":"Usability","value":"0"},"2":{"name":"Speed","value":"0"},"3":{"name":"Features","value":"0"},"4":{"name":"Support","value":"0"},"5":{"name":"Pricing","value":"0"}},"wppr_review_type":"Product","wppr_review_custom_fields":{"additionalProperty":"","additionalType":"","aggregateRating":"","alternateName":"","audience":"","award":"","awards":"","brand":"","color":"","depth":"","description":"","disambiguatingDescription":"","gtin12":"","gtin13":"","gtin14":"","gtin8":"","height":"","identifier":"","image":"","isAccessoryOrSparePartFor":"","isConsumableFor":"","isRelatedTo":"","isSimilarTo":"","itemCondition":"","logo":"","mainEntityOfPage":"","manufacturer":"","material":"","model":"","mpn":"","name":"","offers":"","potentialAction":"","productID":"","productionDate":"","purchaseDate":"","releaseDate":"","review":"","reviews":"","sameAs":"","sku":"","slogan":"","subjectOf":"","url":"","weight":"","width":""}},"acf":[],"yoast_head":"<!-- This site is optimized with the Yoast SEO plugin v27.4 - https:\/\/yoast.com\/product\/yoast-seo-wordpress\/ -->\n<title>Vagaro: recensione software gestionale palestre Accurate Reviews<\/title>\n<meta name=\"description\" content=\"Vagaro: recensione strumento gestionale per le palestre specializzato nel rendering di servizi come motore di ricerca per palestre, saloni di bellezza e spa\" \/>\n<meta name=\"robots\" content=\"index, follow, max-snippet:-1, max-image-preview:large, max-video-preview:-1\" \/>\n<link rel=\"canonical\" href=\"https:\/\/www.accuratereviews.com\/it\/software-fitness-lista\/vagaro-recensione\/\" \/>\n<meta property=\"og:locale\" content=\"it_IT\" \/>\n<meta property=\"og:type\" content=\"article\" \/>\n<meta property=\"og:title\" content=\"Vagaro: recensione software gestionale palestre Accurate Reviews\" \/>\n<meta property=\"og:description\" content=\"Vagaro: recensione strumento gestionale per le palestre specializzato nel rendering di servizi come motore di ricerca per palestre, saloni di bellezza e spa\" \/>\n<meta property=\"og:url\" content=\"https:\/\/www.accuratereviews.com\/it\/software-fitness-lista\/vagaro-recensione\/\" \/>\n<meta property=\"og:site_name\" content=\"Accurate Reviews\" \/>\n<meta property=\"article:modified_time\" content=\"2023-05-20T08:32:35+00:00\" \/>\n<meta property=\"og:image\" content=\"https:\/\/www.accuratereviews.com\/wp-content\/uploads\/2020\/04\/vagaro.jpg\" \/>\n\t<meta property=\"og:image:width\" content=\"244\" \/>\n\t<meta property=\"og:image:height\" content=\"207\" \/>\n\t<meta property=\"og:image:type\" content=\"image\/jpeg\" \/>\n<meta name=\"twitter:card\" content=\"summary_large_image\" \/>\n<meta name=\"twitter:label1\" content=\"Tempo di lettura stimato\" \/>\n\t<meta name=\"twitter:data1\" content=\"6 minuti\" \/>\n<script type=\"application\/ld+json\" class=\"yoast-schema-graph\">{\"@context\":\"https:\\\/\\\/schema.org\",\"@graph\":[{\"@type\":\"WebPage\",\"@id\":\"https:\\\/\\\/www.accuratereviews.com\\\/it\\\/software-fitness-lista\\\/vagaro-recensione\\\/\",\"url\":\"https:\\\/\\\/www.accuratereviews.com\\\/it\\\/software-fitness-lista\\\/vagaro-recensione\\\/\",\"name\":\"Vagaro: recensione software gestionale palestre Accurate Reviews\",\"isPartOf\":{\"@id\":\"https:\\\/\\\/www.accuratereviews.com\\\/it\\\/#website\"},\"primaryImageOfPage\":{\"@id\":\"https:\\\/\\\/www.accuratereviews.com\\\/it\\\/software-fitness-lista\\\/vagaro-recensione\\\/#primaryimage\"},\"image\":{\"@id\":\"https:\\\/\\\/www.accuratereviews.com\\\/it\\\/software-fitness-lista\\\/vagaro-recensione\\\/#primaryimage\"},\"thumbnailUrl\":\"https:\\\/\\\/www.accuratereviews.com\\\/wp-content\\\/uploads\\\/2020\\\/04\\\/vagaro.jpg\",\"datePublished\":\"2020-04-21T10:27:59+00:00\",\"dateModified\":\"2023-05-20T08:32:35+00:00\",\"description\":\"Vagaro: recensione strumento gestionale per le palestre specializzato nel rendering di servizi come motore di ricerca per palestre, saloni di bellezza e spa\",\"breadcrumb\":{\"@id\":\"https:\\\/\\\/www.accuratereviews.com\\\/it\\\/software-fitness-lista\\\/vagaro-recensione\\\/#breadcrumb\"},\"inLanguage\":\"it-IT\",\"potentialAction\":[{\"@type\":\"ReadAction\",\"target\":[\"https:\\\/\\\/www.accuratereviews.com\\\/it\\\/software-fitness-lista\\\/vagaro-recensione\\\/\"]}]},{\"@type\":\"ImageObject\",\"inLanguage\":\"it-IT\",\"@id\":\"https:\\\/\\\/www.accuratereviews.com\\\/it\\\/software-fitness-lista\\\/vagaro-recensione\\\/#primaryimage\",\"url\":\"https:\\\/\\\/www.accuratereviews.com\\\/wp-content\\\/uploads\\\/2020\\\/04\\\/vagaro.jpg\",\"contentUrl\":\"https:\\\/\\\/www.accuratereviews.com\\\/wp-content\\\/uploads\\\/2020\\\/04\\\/vagaro.jpg\",\"width\":244,\"height\":207},{\"@type\":\"BreadcrumbList\",\"@id\":\"https:\\\/\\\/www.accuratereviews.com\\\/it\\\/software-fitness-lista\\\/vagaro-recensione\\\/#breadcrumb\",\"itemListElement\":[{\"@type\":\"ListItem\",\"position\":1,\"name\":\"Home\",\"item\":\"https:\\\/\\\/www.accuratereviews.com\\\/it\\\/\"},{\"@type\":\"ListItem\",\"position\":2,\"name\":\"Software per fitness\",\"item\":\"https:\\\/\\\/www.accuratereviews.com\\\/it\\\/software-fitness-lista\\\/\"},{\"@type\":\"ListItem\",\"position\":3,\"name\":\"Vagaro\"}]},{\"@type\":\"WebSite\",\"@id\":\"https:\\\/\\\/www.accuratereviews.com\\\/it\\\/#website\",\"url\":\"https:\\\/\\\/www.accuratereviews.com\\\/it\\\/\",\"name\":\"Accurate Reviews\",\"description\":\"\",\"potentialAction\":[{\"@type\":\"SearchAction\",\"target\":{\"@type\":\"EntryPoint\",\"urlTemplate\":\"https:\\\/\\\/www.accuratereviews.com\\\/it\\\/?s={search_term_string}\"},\"query-input\":{\"@type\":\"PropertyValueSpecification\",\"valueRequired\":true,\"valueName\":\"search_term_string\"}}],\"inLanguage\":\"it-IT\"}]}<\/script>\n<!-- \/ Yoast SEO plugin. -->","yoast_head_json":{"title":"Vagaro: recensione software gestionale palestre Accurate Reviews","description":"Vagaro: recensione strumento gestionale per le palestre specializzato nel rendering di servizi come motore di ricerca per palestre, saloni di bellezza e spa","robots":{"index":"index","follow":"follow","max-snippet":"max-snippet:-1","max-image-preview":"max-image-preview:large","max-video-preview":"max-video-preview:-1"},"canonical":"https:\/\/www.accuratereviews.com\/it\/software-fitness-lista\/vagaro-recensione\/","og_locale":"it_IT","og_type":"article","og_title":"Vagaro: recensione software gestionale palestre Accurate Reviews","og_description":"Vagaro: recensione strumento gestionale per le palestre specializzato nel rendering di servizi come motore di ricerca per palestre, saloni di bellezza e spa","og_url":"https:\/\/www.accuratereviews.com\/it\/software-fitness-lista\/vagaro-recensione\/","og_site_name":"Accurate Reviews","article_modified_time":"2023-05-20T08:32:35+00:00","og_image":[{"width":244,"height":207,"url":"https:\/\/www.accuratereviews.com\/wp-content\/uploads\/2020\/04\/vagaro.jpg","type":"image\/jpeg"}],"twitter_card":"summary_large_image","twitter_misc":{"Tempo di lettura stimato":"6 minuti"},"schema":{"@context":"https:\/\/schema.org","@graph":[{"@type":"WebPage","@id":"https:\/\/www.accuratereviews.com\/it\/software-fitness-lista\/vagaro-recensione\/","url":"https:\/\/www.accuratereviews.com\/it\/software-fitness-lista\/vagaro-recensione\/","name":"Vagaro: recensione software gestionale palestre Accurate Reviews","isPartOf":{"@id":"https:\/\/www.accuratereviews.com\/it\/#website"},"primaryImageOfPage":{"@id":"https:\/\/www.accuratereviews.com\/it\/software-fitness-lista\/vagaro-recensione\/#primaryimage"},"image":{"@id":"https:\/\/www.accuratereviews.com\/it\/software-fitness-lista\/vagaro-recensione\/#primaryimage"},"thumbnailUrl":"https:\/\/www.accuratereviews.com\/wp-content\/uploads\/2020\/04\/vagaro.jpg","datePublished":"2020-04-21T10:27:59+00:00","dateModified":"2023-05-20T08:32:35+00:00","description":"Vagaro: recensione strumento gestionale per le palestre specializzato nel rendering di servizi come motore di ricerca per palestre, saloni di bellezza e spa","breadcrumb":{"@id":"https:\/\/www.accuratereviews.com\/it\/software-fitness-lista\/vagaro-recensione\/#breadcrumb"},"inLanguage":"it-IT","potentialAction":[{"@type":"ReadAction","target":["https:\/\/www.accuratereviews.com\/it\/software-fitness-lista\/vagaro-recensione\/"]}]},{"@type":"ImageObject","inLanguage":"it-IT","@id":"https:\/\/www.accuratereviews.com\/it\/software-fitness-lista\/vagaro-recensione\/#primaryimage","url":"https:\/\/www.accuratereviews.com\/wp-content\/uploads\/2020\/04\/vagaro.jpg","contentUrl":"https:\/\/www.accuratereviews.com\/wp-content\/uploads\/2020\/04\/vagaro.jpg","width":244,"height":207},{"@type":"BreadcrumbList","@id":"https:\/\/www.accuratereviews.com\/it\/software-fitness-lista\/vagaro-recensione\/#breadcrumb","itemListElement":[{"@type":"ListItem","position":1,"name":"Home","item":"https:\/\/www.accuratereviews.com\/it\/"},{"@type":"ListItem","position":2,"name":"Software per fitness","item":"https:\/\/www.accuratereviews.com\/it\/software-fitness-lista\/"},{"@type":"ListItem","position":3,"name":"Vagaro"}]},{"@type":"WebSite","@id":"https:\/\/www.accuratereviews.com\/it\/#website","url":"https:\/\/www.accuratereviews.com\/it\/","name":"Accurate Reviews","description":"","potentialAction":[{"@type":"SearchAction","target":{"@type":"EntryPoint","urlTemplate":"https:\/\/www.accuratereviews.com\/it\/?s={search_term_string}"},"query-input":{"@type":"PropertyValueSpecification","valueRequired":true,"valueName":"search_term_string"}}],"inLanguage":"it-IT"}]}},"_links":{"self":[{"href":"https:\/\/www.accuratereviews.com\/it\/wp-json\/wp\/v2\/pages\/25526","targetHints":{"allow":["GET"]}}],"collection":[{"href":"https:\/\/www.accuratereviews.com\/it\/wp-json\/wp\/v2\/pages"}],"about":[{"href":"https:\/\/www.accuratereviews.com\/it\/wp-json\/wp\/v2\/types\/page"}],"author":[{"embeddable":true,"href":"https:\/\/www.accuratereviews.com\/it\/wp-json\/wp\/v2\/users\/19"}],"replies":[{"embeddable":true,"href":"https:\/\/www.accuratereviews.com\/it\/wp-json\/wp\/v2\/comments?post=25526"}],"version-history":[{"count":11,"href":"https:\/\/www.accuratereviews.com\/it\/wp-json\/wp\/v2\/pages\/25526\/revisions"}],"predecessor-version":[{"id":69590,"href":"https:\/\/www.accuratereviews.com\/it\/wp-json\/wp\/v2\/pages\/25526\/revisions\/69590"}],"up":[{"embeddable":true,"href":"https:\/\/www.accuratereviews.com\/it\/wp-json\/wp\/v2\/pages\/25524"}],"wp:featuredmedia":[{"embeddable":true,"href":"https:\/\/www.accuratereviews.com\/it\/wp-json\/wp\/v2\/media\/25527"}],"wp:attachment":[{"href":"https:\/\/www.accuratereviews.com\/it\/wp-json\/wp\/v2\/media?parent=25526"}],"wp:term":[{"taxonomy":"category","embeddable":true,"href":"https:\/\/www.accuratereviews.com\/it\/wp-json\/wp\/v2\/categories?post=25526"},{"taxonomy":"post_tag","embeddable":true,"href":"https:\/\/www.accuratereviews.com\/it\/wp-json\/wp\/v2\/tags?post=25526"},{"taxonomy":"features","embeddable":true,"href":"https:\/\/www.accuratereviews.com\/it\/wp-json\/wp\/v2\/features?post=25526"}],"curies":[{"name":"wp","href":"https:\/\/api.w.org\/{rel}","templated":true}]}}