{"id":25535,"date":"2020-04-21T10:28:32","date_gmt":"2020-04-21T10:28:32","guid":{"rendered":"https:\/\/www.accuratereviews.com\/?page_id=25535"},"modified":"2023-05-26T10:10:45","modified_gmt":"2023-05-26T10:10:45","slug":"my-pt-hub-recensione","status":"publish","type":"page","link":"https:\/\/www.accuratereviews.com\/it\/software-fitness-lista\/my-pt-hub-recensione\/","title":{"rendered":"My PT Hub"},"content":{"rendered":"<p>My<strong> PT Hub<\/strong> \u00e8 un <strong>software di gestione delle palestre<\/strong> basato sul web progettato per professionisti del fitness, istruttori e nutrizionisti. Semplice e facile da usare, la piattaforma consente agli utenti di creare e personalizzare i piani di allenamento per i propri clienti dalla sua libreria di oltre 7.500 video di esercizi. Saranno anche in grado di sviluppare piani nutrizionali. Inoltre, la soluzione ha una funzione di tracciamento dei risultati, che aiuta gli utenti a monitorare i progressi dei loro clienti mentre si sottopongono a sessioni di allenamento e consigli sull&#8217;alimentazione.\u00a0<strong>My PT Hub<\/strong> promuove la comunicazione e la cooperazione tra i professionisti del fitness e i loro clienti. Offre una bacheca di messaggi in cui gli utenti possono inviare messaggi ai propri clienti per aggiornarli e motivarli. Quest&#8217;ultimo pu\u00f2 anche caricare foto di avanzamento, aggiornare le loro misurazioni e accedere ai loro allenamenti.<\/p>\n<h2>MY PT HUB &#8211; TUTORIAL<\/h2>\n<p>Diamo uno sguardo al tutorial per imparare a sfruttare al meglio le funzioni di questo <strong>software gestionale per le palestre<\/strong>:<\/p>\n<div id=\"fluid-wrapper-counter-1\" class=\"g1-fluid-wrapper \" style=\"width:686px;\">\n<div style=\"padding-bottom:56.268221574344%;\"><iframe loading=\"lazy\" title=\"Say Hello To The All New My PT Hub.\" width=\"686\" height=\"386\" src=\"https:\/\/www.youtube.com\/embed\/Ia0XtSW2Zr4?feature=oembed&amp;wmode=transparent&amp;autohide=1&amp;autoplay=0&amp;disablekb=0&amp;fs=1&amp;loop=0&amp;enablejsapi=1&amp;rel=0&amp;controls=2&amp;showinfo=0&amp;wmode=transparent&amp;autohide=2&amp;autoplay=0&amp;disablekb=0&amp;fs=1&amp;loop=0&amp;enablejsapi=1&amp;rel=0&amp;controls=2&amp;showinfo=1\" frameborder=\"0\" allow=\"accelerometer; autoplay; clipboard-write; encrypted-media; gyroscope; picture-in-picture; web-share\" allowfullscreen><\/iframe><\/div>\n<\/div>\n<h3>MY PT HUB &#8211; CARATTERISTICHE<\/h3>\n<ul>\n<li><strong>Allenamenti illimitati<\/strong>: progetta e crea allenamenti su misura per tutti i tuoi clienti<\/li>\n<li><strong>Piani nutrizionali<\/strong>: assegna piani nutrizionali personalizzati per raggiungere gli obiettivi del tuo cliente<\/li>\n<li><strong>Clienti illimitati<\/strong>: aggiungi tutti i clienti che desideri, non ci saranno costi ulteriori per la crescita della tua attivit\u00e0<\/li>\n<li><strong>Crea programmi<\/strong>: fornisci programmi come mai prima d&#8217;ora. Automatizza la tua attivit\u00e0 di formazione personale online con totale facilit\u00e0<\/li>\n<li><strong>Accetta pagamenti<\/strong>: accetta pagamenti una tantum o ricorrenti tramite carta di credito o debito. Aumenta le tue entrate introducendo pi\u00f9 servizi<\/li>\n<li><strong>Flusso di eventi<\/strong>: offri ai tuoi clienti la possibilit\u00e0 di partecipare a eventi live o su richiesta dall&#8217;account<\/li>\n<li><strong>Chat istantanea<\/strong>: chatta direttamente con i clienti e altri trainer. Crea messaggi di chat singoli, di gruppo o broadcast<\/li>\n<li><strong>Vendi pacchetti:<\/strong> \u00e8 possibile vendere direttamente a clienti nuovi o esistenti tramite software, siti web o canali di social media i tuoi prodotti<\/li>\n<li><strong>Calendario pubblico<\/strong>: apri il tuo calendario e consenti ai tuoi clienti di prenotare sessioni o eventi con te<\/li>\n<li><strong>Esegui le lezioni<\/strong>: imposta capacit\u00e0, durata, liste di attesa e check-in tramite il registro digitale dell&#8217;app<\/li>\n<li><strong>Monitoraggio dei risultati<\/strong>: mantieni i tuoi clienti motivati \u200b\u200bmostrando loro i loro progressi attraverso il tracker dei risultati<\/li>\n<\/ul>\n<h4>LE RECENSIONI DEGLI UTENTI<\/h4>\n<h4 class=\"font-weight-bold my-1 d-flex align-items-center\">Sarah O.&#8221;La migliore opzione&#8221;<\/h4>\n<p><strong>Commenti: <\/strong>Lo adoro. \u00c8 una piattaforma cos\u00ec potente.<\/p>\n<p><strong>Vantaggi: <\/strong>Uso PT Hub da quasi 2 anni e lo adoro. Ho effettuato l&#8217;aggiornamento a V3 non appena \u00e8 stato lanciato, quindi ho avuto la possibilit\u00e0 di utilizzare entrambe le piattaforme per un bel po &#8216;. Prima di passare a PT Hub avevo provato un paio di altri tipi di software di allenamento, ma questo \u00e8 di gran lunga il migliore. Avere clienti illimitati vale il costo. Mi consente PT PT come funzionalit\u00e0 di vendita per la mia attivit\u00e0 e mi consente di tenere d&#8217;occhio i clienti precedenti. PT Hub non \u00e8 privo di difetti ma il team di supporto \u00e8 fantastico e i miei problemi sono sempre stati risolti in modo tempestivo. Trovo V3 in ritardo nell&#8217;app ma non nel browser, ma questa \u00e8 davvero l&#8217;unica cosa di cui possiamo lamentarci. I professionisti superano di gran lunga i contro. Raccomando PT Hub a tutti i trainer che desiderano entrare in affari da soli. PS,<br \/>\nPT Hub, se stai ascoltando, aggiungere una funzione di rilevamento delle abitudini sarebbe fantastico.<\/p>\n<p><strong>Inconvenienti: <\/strong>Il ritardo nell&#8217;app con V3. All&#8217;inizio ho pensato che fosse solo il mio tablet ma \u00e8 in ritardo sul mio telefono e sul telefono di mio marito.<\/p>\n<h4 class=\"font-weight-bold my-1 d-flex align-items-center\">Gabriele P.&#8221;Ottimo software&#8221;<\/h4>\n<p><strong>Vantaggi: <\/strong>La cosa numero 1 era l&#8217;assistenza clienti. Tutto ci\u00f2 di cui ho bisogno, ricevo sempre feedback e supporto per aiutare a risolvere eventuali problemi o domande. C&#8217;\u00e8 un&#8217;enorme quantit\u00e0 di allenamenti preconfezionati e piani nutrizionali da inviare ai clienti, ma la parte migliore \u00e8 che puoi modificarli, quindi questo fa risparmiare molto tempo per la creazione di piani per i clienti. Inoltre, il calendario degli eventi \u00e8 eccezionale e consente molta flessibilit\u00e0 per creare classi diverse e creare pacchetti diversi per l&#8217;acquisto da parte dei clienti. Consiglierei questo software a qualsiasi trainer (studi, palestre, online).<\/p>\n<p><strong>Inconvenienti: <\/strong>Una cosa che non mi piace \u00e8 che devo aggiungere tutti i profili dei miei clienti attuali affinch\u00e9 possano accedere. A meno che qualcuno non acquisti un pacchetto, non pu\u00f2 creare il proprio profilo.<\/p>\n<h4 class=\"font-weight-bold my-1 d-flex align-items-center\">Claire B.&#8221;Rende la mia vita molto pi\u00f9 semplice&#8221;<\/h4>\n<p><strong>Commenti: <\/strong>sono nuovo, quindi sto ancora imparando. trover\u00f2 il tempo di sedermi e sfogliare il video in qualche fase. Ho trovato il personale molto utile con le mie fastidiose domande sia al telefono o tramite chattare. se non ti rispondono rapidamente online a causa del carico di lavoro ti ricontatteranno via email durante il giorno<\/p>\n<p><strong>Vantaggi: <\/strong>facile impostare allenamenti e assegnarli ai clienti. facile da eliminare e modificare l&#8217;allenamento mentre procedi. un ampio elenco di esercizi nella base di dati, ma \u00e8 anche possibile aggiungere il proprio insieme al video, se necessario. sembra molto professionale con i clienti. ho ancora molto da imparare ma finora tutto bene<\/p>\n<p><strong>Inconvenienti: <\/strong>sto registrando gli allenamenti durante le sessioni ea volte quando lo schermo si blocca sul notebook e lo apro di nuovo, la sessione \u00e8 tornata a ci\u00f2 che era l\u00ec originariamente e devo tornare indietro e cambiare di nuovo le informazioni, ad esempio set, ripetizioni, peso<\/p>\n","protected":false},"excerpt":{"rendered":"<p>My PT Hub \u00e8 un software di gestione delle palestre basato sul web progettato per professionisti del fitness, istruttori e nutrizionisti. Semplice e facile da usare, la piattaforma consente agli utenti di creare e personalizzare i piani di allenamento per i propri clienti dalla sua libreria di oltre 7.500 video di esercizi.<\/p>\n","protected":false},"author":19,"featured_media":25536,"parent":25524,"menu_order":0,"comment_status":"open","ping_status":"closed","template":"g1_template_page_review_new.php","meta":{"_acf_changed":false,"cwp_meta_box_check":"Yes","cwp_rev_product_name":"","cwp_rev_product_image":"","wppr_links":[],"cwp_rev_price":"","wppr_options":[{"name":"Usability","value":"0"},{"name":"Speed","value":"0"},{"name":"Features","value":"0"},{"name":"Support","value":"0"},{"name":"Pricing","value":"0"}],"wppr_pros":["","","","",""],"wppr_cons":["","","","",""],"_monsterinsights_skip_tracking":false,"_monsterinsights_sitenote_active":false,"_monsterinsights_sitenote_note":"","_monsterinsights_sitenote_category":0,"footnotes":""},"categories":[2629],"tags":[2630,2635,2632,2636,2631,2633],"features":[],"class_list":{"0":"post-25535","1":"page","2":"type-page","3":"status-publish","4":"has-post-thumbnail","6":"category-fitness-software","7":"tag-fitness-software","8":"tag-my-pt-hub","9":"tag-piattaforma-gestionale-per-palestre","10":"tag-programma-gestionale-per-palestre","11":"tag-software-gestionale-per-palestre","12":"tag-soluzione-gestionale-per-palestre"},"wppr_data":{"cwp_meta_box_check":"Yes","cwp_rev_product_name":"","_wppr_review_template":"default","cwp_rev_product_image":"","cwp_image_link":"image","wppr_links":[],"cwp_rev_price":"","wppr_pros":["","","","",""],"wppr_cons":["","","","",""],"wppr_rating":"0.00","wppr_options":{"1":{"name":"Usability","value":"0"},"2":{"name":"Speed","value":"0"},"3":{"name":"Features","value":"0"},"4":{"name":"Support","value":"0"},"5":{"name":"Pricing","value":"0"}},"wppr_review_type":"Product","wppr_review_custom_fields":{"additionalProperty":"","additionalType":"","aggregateRating":"","alternateName":"","audience":"","award":"","awards":"","brand":"","color":"","depth":"","description":"","disambiguatingDescription":"","gtin12":"","gtin13":"","gtin14":"","gtin8":"","height":"","identifier":"","image":"","isAccessoryOrSparePartFor":"","isConsumableFor":"","isRelatedTo":"","isSimilarTo":"","itemCondition":"","logo":"","mainEntityOfPage":"","manufacturer":"","material":"","model":"","mpn":"","name":"","offers":"","potentialAction":"","productID":"","productionDate":"","purchaseDate":"","releaseDate":"","review":"","reviews":"","sameAs":"","sku":"","slogan":"","subjectOf":"","url":"","weight":"","width":""}},"acf":[],"yoast_head":"<!-- This site is optimized with the Yoast SEO plugin v27.4 - https:\/\/yoast.com\/product\/yoast-seo-wordpress\/ -->\n<title>My PT Hub: recensione software gestionale palestre - Accurate Reviews<\/title>\n<meta name=\"description\" content=\"My PT Hub: recensione software di gestione delle palestre basato sul web progettato per professionisti del fitness, istruttori e nutrizionisti.\" \/>\n<meta name=\"robots\" content=\"index, follow, max-snippet:-1, max-image-preview:large, max-video-preview:-1\" \/>\n<link rel=\"canonical\" href=\"https:\/\/www.accuratereviews.com\/it\/software-fitness-lista\/my-pt-hub-recensione\/\" \/>\n<meta property=\"og:locale\" content=\"it_IT\" \/>\n<meta property=\"og:type\" content=\"article\" \/>\n<meta property=\"og:title\" content=\"My PT Hub: recensione software gestionale palestre - Accurate Reviews\" \/>\n<meta property=\"og:description\" content=\"My PT Hub: recensione software di gestione delle palestre basato sul web progettato per professionisti del fitness, istruttori e nutrizionisti.\" \/>\n<meta property=\"og:url\" content=\"https:\/\/www.accuratereviews.com\/it\/software-fitness-lista\/my-pt-hub-recensione\/\" \/>\n<meta property=\"og:site_name\" content=\"Accurate Reviews\" \/>\n<meta property=\"article:modified_time\" content=\"2023-05-26T10:10:45+00:00\" \/>\n<meta property=\"og:image\" content=\"https:\/\/www.accuratereviews.com\/wp-content\/uploads\/2020\/04\/MY-PT.png\" \/>\n\t<meta property=\"og:image:width\" content=\"310\" \/>\n\t<meta property=\"og:image:height\" content=\"310\" \/>\n\t<meta property=\"og:image:type\" content=\"image\/png\" \/>\n<meta name=\"twitter:card\" content=\"summary_large_image\" \/>\n<meta name=\"twitter:label1\" content=\"Tempo di lettura stimato\" \/>\n\t<meta name=\"twitter:data1\" content=\"5 minuti\" \/>\n<script type=\"application\/ld+json\" class=\"yoast-schema-graph\">{\"@context\":\"https:\\\/\\\/schema.org\",\"@graph\":[{\"@type\":\"WebPage\",\"@id\":\"https:\\\/\\\/www.accuratereviews.com\\\/it\\\/software-fitness-lista\\\/my-pt-hub-recensione\\\/\",\"url\":\"https:\\\/\\\/www.accuratereviews.com\\\/it\\\/software-fitness-lista\\\/my-pt-hub-recensione\\\/\",\"name\":\"My PT Hub: recensione software gestionale palestre - Accurate Reviews\",\"isPartOf\":{\"@id\":\"https:\\\/\\\/www.accuratereviews.com\\\/it\\\/#website\"},\"primaryImageOfPage\":{\"@id\":\"https:\\\/\\\/www.accuratereviews.com\\\/it\\\/software-fitness-lista\\\/my-pt-hub-recensione\\\/#primaryimage\"},\"image\":{\"@id\":\"https:\\\/\\\/www.accuratereviews.com\\\/it\\\/software-fitness-lista\\\/my-pt-hub-recensione\\\/#primaryimage\"},\"thumbnailUrl\":\"https:\\\/\\\/www.accuratereviews.com\\\/wp-content\\\/uploads\\\/2020\\\/04\\\/MY-PT.png\",\"datePublished\":\"2020-04-21T10:28:32+00:00\",\"dateModified\":\"2023-05-26T10:10:45+00:00\",\"description\":\"My PT Hub: recensione software di gestione delle palestre basato sul web progettato per professionisti del fitness, istruttori e nutrizionisti.\",\"breadcrumb\":{\"@id\":\"https:\\\/\\\/www.accuratereviews.com\\\/it\\\/software-fitness-lista\\\/my-pt-hub-recensione\\\/#breadcrumb\"},\"inLanguage\":\"it-IT\",\"potentialAction\":[{\"@type\":\"ReadAction\",\"target\":[\"https:\\\/\\\/www.accuratereviews.com\\\/it\\\/software-fitness-lista\\\/my-pt-hub-recensione\\\/\"]}]},{\"@type\":\"ImageObject\",\"inLanguage\":\"it-IT\",\"@id\":\"https:\\\/\\\/www.accuratereviews.com\\\/it\\\/software-fitness-lista\\\/my-pt-hub-recensione\\\/#primaryimage\",\"url\":\"https:\\\/\\\/www.accuratereviews.com\\\/wp-content\\\/uploads\\\/2020\\\/04\\\/MY-PT.png\",\"contentUrl\":\"https:\\\/\\\/www.accuratereviews.com\\\/wp-content\\\/uploads\\\/2020\\\/04\\\/MY-PT.png\",\"width\":310,\"height\":310},{\"@type\":\"BreadcrumbList\",\"@id\":\"https:\\\/\\\/www.accuratereviews.com\\\/it\\\/software-fitness-lista\\\/my-pt-hub-recensione\\\/#breadcrumb\",\"itemListElement\":[{\"@type\":\"ListItem\",\"position\":1,\"name\":\"Home\",\"item\":\"https:\\\/\\\/www.accuratereviews.com\\\/it\\\/\"},{\"@type\":\"ListItem\",\"position\":2,\"name\":\"Software per fitness\",\"item\":\"https:\\\/\\\/www.accuratereviews.com\\\/it\\\/software-fitness-lista\\\/\"},{\"@type\":\"ListItem\",\"position\":3,\"name\":\"My PT Hub\"}]},{\"@type\":\"WebSite\",\"@id\":\"https:\\\/\\\/www.accuratereviews.com\\\/it\\\/#website\",\"url\":\"https:\\\/\\\/www.accuratereviews.com\\\/it\\\/\",\"name\":\"Accurate Reviews\",\"description\":\"\",\"potentialAction\":[{\"@type\":\"SearchAction\",\"target\":{\"@type\":\"EntryPoint\",\"urlTemplate\":\"https:\\\/\\\/www.accuratereviews.com\\\/it\\\/?s={search_term_string}\"},\"query-input\":{\"@type\":\"PropertyValueSpecification\",\"valueRequired\":true,\"valueName\":\"search_term_string\"}}],\"inLanguage\":\"it-IT\"}]}<\/script>\n<!-- \/ Yoast SEO plugin. -->","yoast_head_json":{"title":"My PT Hub: recensione software gestionale palestre - Accurate Reviews","description":"My PT Hub: recensione software di gestione delle palestre basato sul web progettato per professionisti del fitness, istruttori e nutrizionisti.","robots":{"index":"index","follow":"follow","max-snippet":"max-snippet:-1","max-image-preview":"max-image-preview:large","max-video-preview":"max-video-preview:-1"},"canonical":"https:\/\/www.accuratereviews.com\/it\/software-fitness-lista\/my-pt-hub-recensione\/","og_locale":"it_IT","og_type":"article","og_title":"My PT Hub: recensione software gestionale palestre - Accurate Reviews","og_description":"My PT Hub: recensione software di gestione delle palestre basato sul web progettato per professionisti del fitness, istruttori e nutrizionisti.","og_url":"https:\/\/www.accuratereviews.com\/it\/software-fitness-lista\/my-pt-hub-recensione\/","og_site_name":"Accurate Reviews","article_modified_time":"2023-05-26T10:10:45+00:00","og_image":[{"width":310,"height":310,"url":"https:\/\/www.accuratereviews.com\/wp-content\/uploads\/2020\/04\/MY-PT.png","type":"image\/png"}],"twitter_card":"summary_large_image","twitter_misc":{"Tempo di lettura stimato":"5 minuti"},"schema":{"@context":"https:\/\/schema.org","@graph":[{"@type":"WebPage","@id":"https:\/\/www.accuratereviews.com\/it\/software-fitness-lista\/my-pt-hub-recensione\/","url":"https:\/\/www.accuratereviews.com\/it\/software-fitness-lista\/my-pt-hub-recensione\/","name":"My PT Hub: recensione software gestionale palestre - Accurate Reviews","isPartOf":{"@id":"https:\/\/www.accuratereviews.com\/it\/#website"},"primaryImageOfPage":{"@id":"https:\/\/www.accuratereviews.com\/it\/software-fitness-lista\/my-pt-hub-recensione\/#primaryimage"},"image":{"@id":"https:\/\/www.accuratereviews.com\/it\/software-fitness-lista\/my-pt-hub-recensione\/#primaryimage"},"thumbnailUrl":"https:\/\/www.accuratereviews.com\/wp-content\/uploads\/2020\/04\/MY-PT.png","datePublished":"2020-04-21T10:28:32+00:00","dateModified":"2023-05-26T10:10:45+00:00","description":"My PT Hub: recensione software di gestione delle palestre basato sul web progettato per professionisti del fitness, istruttori e nutrizionisti.","breadcrumb":{"@id":"https:\/\/www.accuratereviews.com\/it\/software-fitness-lista\/my-pt-hub-recensione\/#breadcrumb"},"inLanguage":"it-IT","potentialAction":[{"@type":"ReadAction","target":["https:\/\/www.accuratereviews.com\/it\/software-fitness-lista\/my-pt-hub-recensione\/"]}]},{"@type":"ImageObject","inLanguage":"it-IT","@id":"https:\/\/www.accuratereviews.com\/it\/software-fitness-lista\/my-pt-hub-recensione\/#primaryimage","url":"https:\/\/www.accuratereviews.com\/wp-content\/uploads\/2020\/04\/MY-PT.png","contentUrl":"https:\/\/www.accuratereviews.com\/wp-content\/uploads\/2020\/04\/MY-PT.png","width":310,"height":310},{"@type":"BreadcrumbList","@id":"https:\/\/www.accuratereviews.com\/it\/software-fitness-lista\/my-pt-hub-recensione\/#breadcrumb","itemListElement":[{"@type":"ListItem","position":1,"name":"Home","item":"https:\/\/www.accuratereviews.com\/it\/"},{"@type":"ListItem","position":2,"name":"Software per fitness","item":"https:\/\/www.accuratereviews.com\/it\/software-fitness-lista\/"},{"@type":"ListItem","position":3,"name":"My PT Hub"}]},{"@type":"WebSite","@id":"https:\/\/www.accuratereviews.com\/it\/#website","url":"https:\/\/www.accuratereviews.com\/it\/","name":"Accurate Reviews","description":"","potentialAction":[{"@type":"SearchAction","target":{"@type":"EntryPoint","urlTemplate":"https:\/\/www.accuratereviews.com\/it\/?s={search_term_string}"},"query-input":{"@type":"PropertyValueSpecification","valueRequired":true,"valueName":"search_term_string"}}],"inLanguage":"it-IT"}]}},"_links":{"self":[{"href":"https:\/\/www.accuratereviews.com\/it\/wp-json\/wp\/v2\/pages\/25535","targetHints":{"allow":["GET"]}}],"collection":[{"href":"https:\/\/www.accuratereviews.com\/it\/wp-json\/wp\/v2\/pages"}],"about":[{"href":"https:\/\/www.accuratereviews.com\/it\/wp-json\/wp\/v2\/types\/page"}],"author":[{"embeddable":true,"href":"https:\/\/www.accuratereviews.com\/it\/wp-json\/wp\/v2\/users\/19"}],"replies":[{"embeddable":true,"href":"https:\/\/www.accuratereviews.com\/it\/wp-json\/wp\/v2\/comments?post=25535"}],"version-history":[{"count":6,"href":"https:\/\/www.accuratereviews.com\/it\/wp-json\/wp\/v2\/pages\/25535\/revisions"}],"predecessor-version":[{"id":69710,"href":"https:\/\/www.accuratereviews.com\/it\/wp-json\/wp\/v2\/pages\/25535\/revisions\/69710"}],"up":[{"embeddable":true,"href":"https:\/\/www.accuratereviews.com\/it\/wp-json\/wp\/v2\/pages\/25524"}],"wp:featuredmedia":[{"embeddable":true,"href":"https:\/\/www.accuratereviews.com\/it\/wp-json\/wp\/v2\/media\/25536"}],"wp:attachment":[{"href":"https:\/\/www.accuratereviews.com\/it\/wp-json\/wp\/v2\/media?parent=25535"}],"wp:term":[{"taxonomy":"category","embeddable":true,"href":"https:\/\/www.accuratereviews.com\/it\/wp-json\/wp\/v2\/categories?post=25535"},{"taxonomy":"post_tag","embeddable":true,"href":"https:\/\/www.accuratereviews.com\/it\/wp-json\/wp\/v2\/tags?post=25535"},{"taxonomy":"features","embeddable":true,"href":"https:\/\/www.accuratereviews.com\/it\/wp-json\/wp\/v2\/features?post=25535"}],"curies":[{"name":"wp","href":"https:\/\/api.w.org\/{rel}","templated":true}]}}