{"id":25575,"date":"2020-04-22T10:48:22","date_gmt":"2020-04-22T10:48:22","guid":{"rendered":"https:\/\/www.accuratereviews.com\/?page_id=25575"},"modified":"2020-04-22T10:48:22","modified_gmt":"2020-04-22T10:48:22","slug":"mindbody-recensione","status":"publish","type":"page","link":"https:\/\/www.accuratereviews.com\/it\/software-fitness-lista\/mindbody-recensione\/","title":{"rendered":"MindBody"},"content":{"rendered":"<p><strong>MindBody<\/strong> \u00e8 un<strong> software di gestione aziendale<\/strong> destinato alle aziende di salute e benessere per aiutarli a gestire efficacemente le loro operazioni di marketing e l&#8217;amministrazione della propria attivit\u00e0. Gli strumenti di marketing efficaci e facili da usare del software consentono alle organizzazioni di rimanere in contatto con i propri clienti e integrare le promozioni nel punto vendita. Potranno creare buoni regalo personalizzati e avviare promozioni e programmi fedelt\u00e0.\u00a0Notifiche automatiche, conferme e promemoria riducono al minimo le mancate presentazioni. I clienti possono prenotare comodamente il loro prossimo appuntamento tramite il sito web o l&#8217;app<strong> Android e iOS<\/strong>. Strumenti di reporting completi e approfonditi consentono di tenere traccia delle varie tendenze, inclusi ricavi mensili, vendite, presenze, inventario, riscossione dei pagamenti, conferme, riprogrammazione ed elaborazione delle buste paga. Questi strumenti forniscono alla direzione i dati necessari per una migliore pianificazione.<\/p>\n<h2>MINDBODY &#8211; TUTORIAL<\/h2>\n<p>Il tutorial mostra come pianificare un giorno lavorativo utilizzando questo <strong>software gestionale per le palestre<\/strong>:<\/p>\n<div id=\"fluid-wrapper-counter-1\" class=\"g1-fluid-wrapper \" style=\"width:686px;\">\n<div style=\"padding-bottom:56.268221574344%;\"><iframe loading=\"lazy\" title=\"MINDBODY Support - Schedule a Closed Business Day\" width=\"686\" height=\"386\" src=\"https:\/\/www.youtube.com\/embed\/cWKJ5X9x21U?feature=oembed&amp;wmode=transparent&amp;autohide=1&amp;autoplay=0&amp;disablekb=0&amp;fs=1&amp;loop=0&amp;enablejsapi=1&amp;rel=0&amp;controls=2&amp;showinfo=0&amp;wmode=transparent&amp;autohide=2&amp;autoplay=0&amp;disablekb=0&amp;fs=1&amp;loop=0&amp;enablejsapi=1&amp;rel=0&amp;controls=2&amp;showinfo=1\" frameborder=\"0\" allow=\"accelerometer; autoplay; encrypted-media; gyroscope; picture-in-picture\" allowfullscreen><\/iframe><\/div>\n<\/div>\n<h3>MINDBODY &#8211; CARATTERISTICHE<\/h3>\n<ul>\n<li><strong>Inizia a usare il video ora<\/strong>: non hai bisogno di una sofisticata fotocamera o attrezzatura per utilizzare questa funzione, anche un semplice smartphone funzioner\u00e0. Inoltre, \u00e8 integrato con il tuo software, quindi i clienti possono accedere facilmente come al solito, prenotare e godersi un allenamento virtuale dai loro salotti<\/li>\n<li><strong>Streaming live dei tuoi servizi<\/strong>: connettiti con i clienti di tutto il mondo in tempo reale e mostra loro il valore dei tuoi servizi trasmettendo in streaming le tue lezioni di fitness in diretta. Sia che insegni yoga, pilates, HIIT o qualsiasi tipo di fitness, offrire lezioni virtuali aiuter\u00e0 a fidelizzare i tuoi clienti<\/li>\n<li><strong>Lezioni di allenamento preregistrate online<\/strong>: fornisci ai tuoi clienti un modo semplice e virtuale per mantenere il loro regime di allenamento. Dai loro accesso esclusivo alla tua libreria online di contenuti video on demand, da visualizzare quando vogliono<\/li>\n<li><strong>Integrato con il tuo software<\/strong>: nessuna nuova password o formazione per il personale. Non sono necessarie app di terze parti. Solo contenuti di allenamento virtuali preziosi per i tuoi membri, direttamente dal tuo software, che supportano i formati video pi\u00f9 comuni (inclusi MPG, MP4, M4V, MOV e M2TS)<\/li>\n<li><strong>Gestisci la tua azienda con una piattaforma all-in-one<\/strong>: con un set completo di strumenti per gestire le tue operazioni, puoi concentrarti su come far sentire meglio i tuoi clienti<\/li>\n<li><strong>Aumenta automaticamente la portata dei tuoi clienti<\/strong>: fai crescere la tua attivit\u00e0 con una rete di consumatori integrata di milioni e potenti strumenti di marketing automatizzato<br \/>\n<strong>Genera entrate ricorrenti<\/strong>: mantenere entrate costanti con abbonamenti e pagamenti automatici. I pagamenti sono integrati con il tuo software e si sincronizzano direttamente con il tuo punto vendita<\/li>\n<li><strong>Rendi memorabile ogni visita del cliente<\/strong>: elimina la linea alla reception consentendo ai clienti di accedere da soli. Quindi offri loro il trattamento personalizzato che amano con le preferenze e le informazioni che puoi facilmente recuperare mentre sono con te<\/li>\n<li><strong>Lascia che i clienti ti trovino, prenotino e paghino ovunque<\/strong>: dai loro il potere di prenotare tramite l&#8217;app o il tuo sito web<\/li>\n<\/ul>\n<h4>LE RECENSIONI DEGLI UTENTI<\/h4>\n<h4 class=\"font-weight-bold my-1 d-flex align-items-center\">Theresa O.\u00a0&#8220;Va bene&#8221;<\/h4>\n<p><strong>Commenti: <\/strong>Penso che fino a poco tempo fa stavamo pensando di passare a qualcos&#8217;altro a un prezzo pi\u00f9 ragionevole. Sono rimasto su e ora sto usando il nuovo software di marketing. Vedremo se ci aiuta ad automatizzare maggiormente la nostra attivit\u00e0.<\/p>\n<p><strong>Vantaggi: <\/strong>Mi piace che abbia un&#8217;app e che i nostri clienti possano facilmente registrarsi. Inoltre, la fatturazione rende facile il lavoro per una piccola impresa come la nostra.<\/p>\n<p><strong>Inconvenienti: <\/strong>Usiamo MINDBODY negli ultimi 3 anni. Penso solo che vada bene e penso che ci siano cos\u00ec tanti altri prodotti che potrebbero essere migliori. La mia pi\u00f9 grande lamentela \u00e8 il costo. Vorrei che si ridimensionasse di pi\u00f9 con quanto \u00e8 grande la nostra attivit\u00e0 di fitness. Abbiamo una piccola impresa e non facciamo molto volume, ma per ottenere le funzionalit\u00e0 di marketing dobbiamo pagare un premio enorme. Mi ha anche infastidito il fatto che aumentino di molto i costi dopo averlo usato per un anno e non abbia mai impartito alcuna formazione sulle nuove funzionalit\u00e0 che DOBBIAMO pagare. Non mi piace che la loro attuale rete interna e app non aiutino a ottenere nuovi clienti. NON pagare mai per quella funzione in quanto prende una percentuale dalla vendita. Stai molto meglio facendo le tue vendite e marketing.<\/p>\n<h4 class=\"font-weight-bold my-1 d-flex align-items-center\">Mark P.\u00a0&#8220;Ottimo strumento di pianificazione e fatturazione per palestre&#8221;<\/h4>\n<p><strong>Commenti: <\/strong>Abbastanza solido. Rende un gioco da ragazzi l&#8217;intero aspetto della fatturazione, al punto che riscuotere i pagamenti non \u00e8 nemmeno un pensiero nelle nostre menti. Di tanto in tanto, quando si cerca di essere creativi con le sue funzionalit\u00e0 aggiuntive, c&#8217;\u00e8 un po &#8216;di confusione che ci richiede di metterci in contatto con il supporto tecnico, che \u00e8 incostante. Ma nel complesso, fa il lavoro.<\/p>\n<p><strong>Vantaggi: <\/strong>Mindbody semplifica la fatturazione. \u00c8 ricco di funzionalit\u00e0 e ti consente di tracciare, fatturare e segmentare facilmente i membri. Fornisce straordinari strumenti di reportistica che mostrano una suddivisione di tutti i membri, entrate e cos\u00ec via. Inoltre, offre opzioni per acquisti di una sola classe, iscrizioni temporanee e acquisti al dettaglio. Infine, fornisce funzionalit\u00e0 per CRM e comunicazione con i clienti che portano l&#8217;esperienza del cliente a un altro livello.<\/p>\n<p><strong>Inconvenienti: <\/strong>L&#8217;integrazione con altri software \u00e8 limitata. Credo che abbiano un&#8217;API pubblica, ma poche aziende offrono integrazioni per altri software. Nativamente, offrono solo una manciata di servizi che si integrano bene con esso. Spero che presto sar\u00e0 supportato in Zapier, perch\u00e9 in questo modo diventer\u00e0 un problema dato che Zapier si occuperebbe di eventuali problemi di integrazione. Il loro supporto tecnico pu\u00f2 essere alquanto lento, a volte.<\/p>\n<h4 class=\"font-weight-bold my-1 d-flex align-items-center\">Frederick B.\u00a0&#8220;Eccellente software Salon &amp; Spa basato su cloud&#8221;<\/h4>\n<p><strong>Commenti: <\/strong>Ottimo software con una vasta gamma di funzionalit\u00e0. Bello da vedere e come un software cloud, accessibile da qualsiasi parte del mondo. Considererei sicuramente di utilizzare nuovamente questo software in futuro.<\/p>\n<p><strong>Vantaggi: <\/strong>Completo. Molto intuitivo e accessibile da qualsiasi luogo.<\/p>\n<p><strong>Inconvenienti: <\/strong>Sarebbe stato bello avere l&#8217;opzione per un&#8217;installazione dura. All&#8217;epoca in cui decidemmo di interrompere l&#8217;utilizzo di MINDBODY, la nostra connessione Internet non era affidabile e l&#8217;utilizzo di un software basato su cloud si rivel\u00f2 pressoch\u00e9 impossibile. L&#8217;assistenza clienti \u00e8 stata ottima, ma l&#8217;attesa \u00e8 stata costantemente molto, molto lunga.<\/p>\n","protected":false},"excerpt":{"rendered":"<p>MindBody \u00e8 un software di gestione aziendale destinato alle aziende di salute e benessere per aiutarli a gestire efficacemente le loro operazioni di marketing e l&#8217;amministrazione della propria attivit\u00e0. Gli strumenti di marketing efficaci e facili da usare del software consentono alle organizzazioni di rimanere in contatto con i propri clienti e integrare le promozioni nel punto vendita.<\/p>\n","protected":false},"author":19,"featured_media":25576,"parent":25524,"menu_order":0,"comment_status":"open","ping_status":"closed","template":"g1_template_page_review_new.php","meta":{"_acf_changed":false,"cwp_meta_box_check":"Yes","cwp_rev_product_name":"","cwp_rev_product_image":"","wppr_links":[],"cwp_rev_price":"","wppr_options":[],"wppr_pros":[],"wppr_cons":[],"_monsterinsights_skip_tracking":false,"_monsterinsights_sitenote_active":false,"_monsterinsights_sitenote_note":"","_monsterinsights_sitenote_category":0,"footnotes":""},"categories":[2629],"tags":[2630,2650,2636,2631,2633],"features":[],"class_list":{"0":"post-25575","1":"page","2":"type-page","3":"status-publish","4":"has-post-thumbnail","6":"category-fitness-software","7":"tag-fitness-software","8":"tag-mindbody","9":"tag-programma-gestionale-per-palestre","10":"tag-software-gestionale-per-palestre","11":"tag-soluzione-gestionale-per-palestre"},"wppr_data":{"cwp_meta_box_check":"Yes","cwp_rev_product_name":"","cwp_rev_product_image":"","cwp_image_link":"image","cwp_rev_price":"","wppr_rating":"0.00"},"acf":[],"yoast_head":"<!-- This site is optimized with the Yoast SEO plugin v27.4 - https:\/\/yoast.com\/product\/yoast-seo-wordpress\/ -->\n<title>MindBody: recensione software gestionale per palestre - Accurate Reviews<\/title>\n<meta name=\"description\" content=\"MindBody: recensione software gestionale per le palestre che aiuta le aziende a crescere fornendo loro gli strumenti per gestire le proprie risorse.\" \/>\n<meta name=\"robots\" content=\"index, follow, max-snippet:-1, max-image-preview:large, max-video-preview:-1\" \/>\n<link rel=\"canonical\" href=\"https:\/\/www.accuratereviews.com\/it\/software-fitness-lista\/mindbody-recensione\/\" \/>\n<meta property=\"og:locale\" content=\"it_IT\" \/>\n<meta property=\"og:type\" content=\"article\" \/>\n<meta property=\"og:title\" content=\"MindBody: recensione software gestionale per palestre - Accurate Reviews\" \/>\n<meta property=\"og:description\" content=\"MindBody: recensione software gestionale per le palestre che aiuta le aziende a crescere fornendo loro gli strumenti per gestire le proprie risorse.\" \/>\n<meta property=\"og:url\" content=\"https:\/\/www.accuratereviews.com\/it\/software-fitness-lista\/mindbody-recensione\/\" \/>\n<meta property=\"og:site_name\" content=\"Accurate Reviews\" \/>\n<meta property=\"og:image\" content=\"https:\/\/www.accuratereviews.com\/wp-content\/uploads\/2020\/04\/mindbody.png\" \/>\n\t<meta property=\"og:image:width\" content=\"280\" \/>\n\t<meta property=\"og:image:height\" content=\"280\" \/>\n\t<meta property=\"og:image:type\" content=\"image\/png\" \/>\n<meta name=\"twitter:card\" content=\"summary_large_image\" \/>\n<meta name=\"twitter:label1\" content=\"Tempo di lettura stimato\" \/>\n\t<meta name=\"twitter:data1\" content=\"5 minuti\" \/>\n<script type=\"application\/ld+json\" class=\"yoast-schema-graph\">{\"@context\":\"https:\\\/\\\/schema.org\",\"@graph\":[{\"@type\":\"WebPage\",\"@id\":\"https:\\\/\\\/www.accuratereviews.com\\\/it\\\/software-fitness-lista\\\/mindbody-recensione\\\/\",\"url\":\"https:\\\/\\\/www.accuratereviews.com\\\/it\\\/software-fitness-lista\\\/mindbody-recensione\\\/\",\"name\":\"MindBody: recensione software gestionale per palestre - Accurate Reviews\",\"isPartOf\":{\"@id\":\"https:\\\/\\\/www.accuratereviews.com\\\/it\\\/#website\"},\"primaryImageOfPage\":{\"@id\":\"https:\\\/\\\/www.accuratereviews.com\\\/it\\\/software-fitness-lista\\\/mindbody-recensione\\\/#primaryimage\"},\"image\":{\"@id\":\"https:\\\/\\\/www.accuratereviews.com\\\/it\\\/software-fitness-lista\\\/mindbody-recensione\\\/#primaryimage\"},\"thumbnailUrl\":\"https:\\\/\\\/www.accuratereviews.com\\\/wp-content\\\/uploads\\\/2020\\\/04\\\/mindbody.png\",\"datePublished\":\"2020-04-22T10:48:22+00:00\",\"description\":\"MindBody: recensione software gestionale per le palestre che aiuta le aziende a crescere fornendo loro gli strumenti per gestire le proprie risorse.\",\"breadcrumb\":{\"@id\":\"https:\\\/\\\/www.accuratereviews.com\\\/it\\\/software-fitness-lista\\\/mindbody-recensione\\\/#breadcrumb\"},\"inLanguage\":\"it-IT\",\"potentialAction\":[{\"@type\":\"ReadAction\",\"target\":[\"https:\\\/\\\/www.accuratereviews.com\\\/it\\\/software-fitness-lista\\\/mindbody-recensione\\\/\"]}]},{\"@type\":\"ImageObject\",\"inLanguage\":\"it-IT\",\"@id\":\"https:\\\/\\\/www.accuratereviews.com\\\/it\\\/software-fitness-lista\\\/mindbody-recensione\\\/#primaryimage\",\"url\":\"https:\\\/\\\/www.accuratereviews.com\\\/wp-content\\\/uploads\\\/2020\\\/04\\\/mindbody.png\",\"contentUrl\":\"https:\\\/\\\/www.accuratereviews.com\\\/wp-content\\\/uploads\\\/2020\\\/04\\\/mindbody.png\",\"width\":280,\"height\":280},{\"@type\":\"BreadcrumbList\",\"@id\":\"https:\\\/\\\/www.accuratereviews.com\\\/it\\\/software-fitness-lista\\\/mindbody-recensione\\\/#breadcrumb\",\"itemListElement\":[{\"@type\":\"ListItem\",\"position\":1,\"name\":\"Home\",\"item\":\"https:\\\/\\\/www.accuratereviews.com\\\/it\\\/\"},{\"@type\":\"ListItem\",\"position\":2,\"name\":\"Software per fitness\",\"item\":\"https:\\\/\\\/www.accuratereviews.com\\\/it\\\/software-fitness-lista\\\/\"},{\"@type\":\"ListItem\",\"position\":3,\"name\":\"MindBody\"}]},{\"@type\":\"WebSite\",\"@id\":\"https:\\\/\\\/www.accuratereviews.com\\\/it\\\/#website\",\"url\":\"https:\\\/\\\/www.accuratereviews.com\\\/it\\\/\",\"name\":\"Accurate Reviews\",\"description\":\"\",\"potentialAction\":[{\"@type\":\"SearchAction\",\"target\":{\"@type\":\"EntryPoint\",\"urlTemplate\":\"https:\\\/\\\/www.accuratereviews.com\\\/it\\\/?s={search_term_string}\"},\"query-input\":{\"@type\":\"PropertyValueSpecification\",\"valueRequired\":true,\"valueName\":\"search_term_string\"}}],\"inLanguage\":\"it-IT\"}]}<\/script>\n<!-- \/ Yoast SEO plugin. -->","yoast_head_json":{"title":"MindBody: recensione software gestionale per palestre - Accurate Reviews","description":"MindBody: recensione software gestionale per le palestre che aiuta le aziende a crescere fornendo loro gli strumenti per gestire le proprie risorse.","robots":{"index":"index","follow":"follow","max-snippet":"max-snippet:-1","max-image-preview":"max-image-preview:large","max-video-preview":"max-video-preview:-1"},"canonical":"https:\/\/www.accuratereviews.com\/it\/software-fitness-lista\/mindbody-recensione\/","og_locale":"it_IT","og_type":"article","og_title":"MindBody: recensione software gestionale per palestre - Accurate Reviews","og_description":"MindBody: recensione software gestionale per le palestre che aiuta le aziende a crescere fornendo loro gli strumenti per gestire le proprie risorse.","og_url":"https:\/\/www.accuratereviews.com\/it\/software-fitness-lista\/mindbody-recensione\/","og_site_name":"Accurate Reviews","og_image":[{"width":280,"height":280,"url":"https:\/\/www.accuratereviews.com\/wp-content\/uploads\/2020\/04\/mindbody.png","type":"image\/png"}],"twitter_card":"summary_large_image","twitter_misc":{"Tempo di lettura stimato":"5 minuti"},"schema":{"@context":"https:\/\/schema.org","@graph":[{"@type":"WebPage","@id":"https:\/\/www.accuratereviews.com\/it\/software-fitness-lista\/mindbody-recensione\/","url":"https:\/\/www.accuratereviews.com\/it\/software-fitness-lista\/mindbody-recensione\/","name":"MindBody: recensione software gestionale per palestre - Accurate Reviews","isPartOf":{"@id":"https:\/\/www.accuratereviews.com\/it\/#website"},"primaryImageOfPage":{"@id":"https:\/\/www.accuratereviews.com\/it\/software-fitness-lista\/mindbody-recensione\/#primaryimage"},"image":{"@id":"https:\/\/www.accuratereviews.com\/it\/software-fitness-lista\/mindbody-recensione\/#primaryimage"},"thumbnailUrl":"https:\/\/www.accuratereviews.com\/wp-content\/uploads\/2020\/04\/mindbody.png","datePublished":"2020-04-22T10:48:22+00:00","description":"MindBody: recensione software gestionale per le palestre che aiuta le aziende a crescere fornendo loro gli strumenti per gestire le proprie risorse.","breadcrumb":{"@id":"https:\/\/www.accuratereviews.com\/it\/software-fitness-lista\/mindbody-recensione\/#breadcrumb"},"inLanguage":"it-IT","potentialAction":[{"@type":"ReadAction","target":["https:\/\/www.accuratereviews.com\/it\/software-fitness-lista\/mindbody-recensione\/"]}]},{"@type":"ImageObject","inLanguage":"it-IT","@id":"https:\/\/www.accuratereviews.com\/it\/software-fitness-lista\/mindbody-recensione\/#primaryimage","url":"https:\/\/www.accuratereviews.com\/wp-content\/uploads\/2020\/04\/mindbody.png","contentUrl":"https:\/\/www.accuratereviews.com\/wp-content\/uploads\/2020\/04\/mindbody.png","width":280,"height":280},{"@type":"BreadcrumbList","@id":"https:\/\/www.accuratereviews.com\/it\/software-fitness-lista\/mindbody-recensione\/#breadcrumb","itemListElement":[{"@type":"ListItem","position":1,"name":"Home","item":"https:\/\/www.accuratereviews.com\/it\/"},{"@type":"ListItem","position":2,"name":"Software per fitness","item":"https:\/\/www.accuratereviews.com\/it\/software-fitness-lista\/"},{"@type":"ListItem","position":3,"name":"MindBody"}]},{"@type":"WebSite","@id":"https:\/\/www.accuratereviews.com\/it\/#website","url":"https:\/\/www.accuratereviews.com\/it\/","name":"Accurate Reviews","description":"","potentialAction":[{"@type":"SearchAction","target":{"@type":"EntryPoint","urlTemplate":"https:\/\/www.accuratereviews.com\/it\/?s={search_term_string}"},"query-input":{"@type":"PropertyValueSpecification","valueRequired":true,"valueName":"search_term_string"}}],"inLanguage":"it-IT"}]}},"_links":{"self":[{"href":"https:\/\/www.accuratereviews.com\/it\/wp-json\/wp\/v2\/pages\/25575","targetHints":{"allow":["GET"]}}],"collection":[{"href":"https:\/\/www.accuratereviews.com\/it\/wp-json\/wp\/v2\/pages"}],"about":[{"href":"https:\/\/www.accuratereviews.com\/it\/wp-json\/wp\/v2\/types\/page"}],"author":[{"embeddable":true,"href":"https:\/\/www.accuratereviews.com\/it\/wp-json\/wp\/v2\/users\/19"}],"replies":[{"embeddable":true,"href":"https:\/\/www.accuratereviews.com\/it\/wp-json\/wp\/v2\/comments?post=25575"}],"version-history":[{"count":6,"href":"https:\/\/www.accuratereviews.com\/it\/wp-json\/wp\/v2\/pages\/25575\/revisions"}],"predecessor-version":[{"id":25595,"href":"https:\/\/www.accuratereviews.com\/it\/wp-json\/wp\/v2\/pages\/25575\/revisions\/25595"}],"up":[{"embeddable":true,"href":"https:\/\/www.accuratereviews.com\/it\/wp-json\/wp\/v2\/pages\/25524"}],"wp:featuredmedia":[{"embeddable":true,"href":"https:\/\/www.accuratereviews.com\/it\/wp-json\/wp\/v2\/media\/25576"}],"wp:attachment":[{"href":"https:\/\/www.accuratereviews.com\/it\/wp-json\/wp\/v2\/media?parent=25575"}],"wp:term":[{"taxonomy":"category","embeddable":true,"href":"https:\/\/www.accuratereviews.com\/it\/wp-json\/wp\/v2\/categories?post=25575"},{"taxonomy":"post_tag","embeddable":true,"href":"https:\/\/www.accuratereviews.com\/it\/wp-json\/wp\/v2\/tags?post=25575"},{"taxonomy":"features","embeddable":true,"href":"https:\/\/www.accuratereviews.com\/it\/wp-json\/wp\/v2\/features?post=25575"}],"curies":[{"name":"wp","href":"https:\/\/api.w.org\/{rel}","templated":true}]}}