{"id":25626,"date":"2020-04-23T10:28:54","date_gmt":"2020-04-23T10:28:54","guid":{"rendered":"https:\/\/www.accuratereviews.com\/?page_id=25626"},"modified":"2020-04-23T10:28:54","modified_gmt":"2020-04-23T10:28:54","slug":"zen-planner-recensione","status":"publish","type":"page","link":"https:\/\/www.accuratereviews.com\/it\/software-fitness-lista\/zen-planner-recensione\/","title":{"rendered":"Zen Planner"},"content":{"rendered":"<p><strong>Zen Planner<\/strong> \u00e8 una<strong> soluzione all-in-one<\/strong> per la gestione e la pianificazione aziendale progettata appositamente per <strong>aziende e stabilimenti di fitness<\/strong>, come palestre, scuole di arti marziali e MMA. Il software include funzionalit\u00e0 di facile utilizzo per semplificare le operazioni aziendali. \u00c8 dotato di tutti gli strumenti per dare alla tua azienda un vantaggio competitivo tra cui il monitoraggio delle presenze, il controllo delle prestazioni dei membri, l&#8217;elaborazione della fatturazione e dei pagamenti, le funzioni di marketing, la pianificazione online e il business analisi e reportistica e altro ancora. Puoi vendere prodotti online con un negozio integrato, tenere traccia del tasso di conversione dei potenziali clienti, personalizzare la registrazione degli eventi, potrai espandere le tue capacit\u00e0 di crescita dei lead. Inoltre la visibilit\u00e0 del tuo marchio sar\u00e0 curata e ti dar\u00e0 pi\u00f9 tempo per concentrarti sulla creazione di un buon rapporto con i tuoi clienti.<\/p>\n<h2>ZEN PLANNER &#8211; TUTORIAL<\/h2>\n<p>Diamo un&#8217;occhiata ad alcune delle funzionalit\u00e0 che possono aiutarti a utilizzare questo <strong>software gestionale per le palestre<\/strong> al massimo delle sue capacit\u00e0:<\/p>\n<div id=\"fluid-wrapper-counter-1\" class=\"g1-fluid-wrapper \" style=\"width:686px;\">\n<div style=\"padding-bottom:56.268221574344%;\"><iframe loading=\"lazy\" title=\"7 Zen Planner Features You May Not Be Using\" width=\"686\" height=\"386\" src=\"https:\/\/www.youtube.com\/embed\/wAYT5vRMCYQ?feature=oembed&amp;wmode=transparent&amp;autohide=1&amp;autoplay=0&amp;disablekb=0&amp;fs=1&amp;loop=0&amp;enablejsapi=1&amp;rel=0&amp;controls=2&amp;showinfo=0&amp;wmode=transparent&amp;autohide=2&amp;autoplay=0&amp;disablekb=0&amp;fs=1&amp;loop=0&amp;enablejsapi=1&amp;rel=0&amp;controls=2&amp;showinfo=1\" frameborder=\"0\" allow=\"accelerometer; autoplay; encrypted-media; gyroscope; picture-in-picture\" allowfullscreen><\/iframe><\/div>\n<\/div>\n<h3>ZEN PLANNER &#8211; CARATTERISTICHE<\/h3>\n<ul>\n<li><strong>Fatturazione senza stress<\/strong>: con l&#8217;elaborazione dei pagamenti integrata con tariffe basse e coerenti, ottimizza e automatizza la fatturazione per risparmiare tempo e denaro ogni mese<\/li>\n<li><strong>Tracciamento digitale WOD<\/strong>: consenti agli atleti di monitorare i propri WOD e vedere facilmente chi sta facendo progressi e chi ha bisogno di ulteriore attenzione con il clic di un pulsante<\/li>\n<li><strong>Pianificazione semplificata<\/strong>: pianifica le lezioni e la programmazione in un attimo, consenti agli atleti di prenotare le lezioni all&#8217;interno dell&#8217;app per i membri e incorpora il tuo calendario professionale sul tuo sito web<\/li>\n<li><strong>Efficienza migliorata<\/strong>: semplifica la vita dei tuoi allenatori attraverso check-in semplificati, iscrizioni, vendite al dettaglio, firme digitali e risoluzioni di allerta all&#8217;interno dell&#8217;app Staff.<\/li>\n<li><strong>Siti web integrati<\/strong>: mostra il tuo marchio e guida pi\u00f9 potenziali membri nella tua scatola con un sito web integrato<\/li>\n<li><strong>Self-service<\/strong>: consenti ai clienti di prenotare il proprio posto in classe, tenere traccia dei WOD, pagare le bollette, effettuare il check-in per le lezioni e acquistare al dettaglio tutto nelle nostre comode app<\/li>\n<li><strong>Rapporti personalizzati<\/strong>: tieni sotto controllo ogni aspetto della tua azienda con i nostri strumenti di analisi e report dashboard di facile visualizzazione e completamente personalizzabili<\/li>\n<\/ul>\n<h4>LE RECENSIONI DEGLI UTENTI<\/h4>\n<h4 class=\"font-weight-bold my-1 d-flex align-items-center\">Maribel T.\u00a0&#8220;Mi tiene organizzato&#8221;<\/h4>\n<p><strong>Commenti: <\/strong>Non sono una persona organizzata e faccio tutto: l&#8217;amministratore, le fatture e anche l&#8217;istruttore dei miei clienti, Zen Planner aiuta a mantenere il back-end della mia attivit\u00e0 organizzato e funzionante senza problemi. Le automazioni sono fantastiche se sono impostate correttamente. Il loro supporto clienti \u00e8 incredibile !! Non c&#8217;\u00e8 molto tempo di attesa e i miei problemi sono sempre risolti. Quando ho iniziato, i loro prezzi erano piuttosto competitivi. Tuttavia, sono diventati molto pi\u00f9 cari nell&#8217;ultimo anno.<\/p>\n<p><strong>Vantaggi: <\/strong>Avere fatturazione, email e programmazione automatizzate. Essere in grado di estrarre rapporti di fatturazione in un attimo per vedere dove sono le mie finanze \u00e8 un vantaggio.<\/p>\n<p><strong>Inconvenienti: <\/strong>Avere cos\u00ec tante opzioni per report e automazioni. A volte pu\u00f2 essere molto confuso e talvolta non \u00e8 chiaro avere due passaggi per eseguire un&#8217;attivit\u00e0.<\/p>\n<h4 class=\"font-weight-bold my-1 d-flex align-items-center\">Jen S.&#8221;L&#8217;assistenza clienti \u00e8 eccezionale&#8221;<\/h4>\n<p><strong>Commenti: <\/strong>Darei una B su una scala di valutazione. L&#8217;assistenza clienti \u00e8 eccezionale ma ogni volta che vuoi andare oltre il semplice tenere traccia di quanti studenti hai, le cose diventano troppo complicate.<\/p>\n<p><strong>Vantaggi: <\/strong>L&#8217;assistenza clienti \u00e8 davvero di prim&#8217;ordine. Il team \u00a0\u00e8 fantastico e ha fatto di tutto per assicurarsi che avessimo tutte le risorse disponibili per il successo. Qualsiasi piccolo problema o domanda bizzarra che abbiamo \u00e8 risolto rapidamente e professionalmente dal team di assistenza clienti. Sono fantastici<\/p>\n<p><strong>Inconvenienti: <\/strong>Le basi sono fantastiche, ma sembra passare da &#8220;ok da usare&#8221; a &#8220;Non ho assolutamente idea di cosa fare qui&#8221; nel momento in cui sorge una complicazione. Non c&#8217;\u00e8 bisogno di essere un &#8220;utente dello staff&#8221; e una &#8220;modalit\u00e0 chiosco&#8221; sugli Ipad, confonde tutti e fa perdere molto tempo. La conversione dei report in pdf dovrebbe essere un gioco da ragazzi, ma non converte l&#8217;intero report ed \u00e8 inutile. Dovrebbe anche avere un sistema pos molto pi\u00f9 semplice. Nessun modo reale per gli istruttori di lasciare appunti per gli studenti, perch\u00e9 no? Non usare mai l&#8217;email o il testo di massa perch\u00e9 \u00e8 troppo complicato: queste cose possono essere risolte se gli prestano attenzione.<\/p>\n<h4 class=\"font-weight-bold my-1 d-flex align-items-center\">Ricky S.&#8221;Cambio di gioco&#8221;<\/h4>\n<p><strong>Commenti: <\/strong>Semplicemente fantastico! Sono stato davvero entusiasta di questo software e mi piace interagire quotidianamente con esso.<\/p>\n<p><strong>Vantaggi: <\/strong>La cosa che mi \u00e8 piaciuta di pi\u00f9 di questo software \u00e8 stata la quantit\u00e0 di cose che pu\u00f2 fare non solo per aiutare a gestire i numeri, ma per mantenere i clienti coinvolti e felici. Sono anche sempre stupito dalla competenza del team di assistenza clienti che ho chiamato pi\u00f9 volte con domande che pensavo fossero complicate ma che non erano per loro! Apprezzo molto questo software e penso davvero che i miei clienti lo facciano di nuovo. Consiglierei a chiunque nel settore delle arti marziali!<\/p>\n<p><strong>Inconvenienti: <\/strong>Non riuscivo a pensare a qualcosa in particolare che non mi piacesse, ma se dovessi dire qualcosa sarebbe che vorrei che fosse pi\u00f9 coinvolgente con il mio sito web attuale. Il fatto \u00e8 che probabilmente si pu\u00f2 fare ma non ma io non sono in grado.<\/p>\n","protected":false},"excerpt":{"rendered":"<p>Zen Planner \u00e8 una soluzione all-in-one per la gestione e la pianificazione aziendale progettata appositamente per aziende e stabilimenti di fitness, come palestre, scuole di arti marziali e scuole MMA. Il software include funzionalit\u00e0 di facile utilizzo per semplificare le operazioni aziendali.\u00a0<\/p>\n","protected":false},"author":19,"featured_media":25627,"parent":25524,"menu_order":0,"comment_status":"open","ping_status":"closed","template":"g1_template_page_review_new.php","meta":{"_acf_changed":false,"cwp_meta_box_check":"Yes","cwp_rev_product_name":"","cwp_rev_product_image":"","wppr_links":[],"cwp_rev_price":"","wppr_options":[],"wppr_pros":[],"wppr_cons":[],"_monsterinsights_skip_tracking":false,"_monsterinsights_sitenote_active":false,"_monsterinsights_sitenote_note":"","_monsterinsights_sitenote_category":0,"footnotes":""},"categories":[2629],"tags":[2630,2632,2636,2631,2633,2658],"features":[],"class_list":{"0":"post-25626","1":"page","2":"type-page","3":"status-publish","4":"has-post-thumbnail","6":"category-fitness-software","7":"tag-fitness-software","8":"tag-piattaforma-gestionale-per-palestre","9":"tag-programma-gestionale-per-palestre","10":"tag-software-gestionale-per-palestre","11":"tag-soluzione-gestionale-per-palestre","12":"tag-zen-planner"},"wppr_data":{"cwp_meta_box_check":"Yes","cwp_rev_product_name":"","cwp_rev_product_image":"","cwp_image_link":"image","cwp_rev_price":"","wppr_rating":"0.00"},"acf":[],"yoast_head":"<!-- This site is optimized with the Yoast SEO plugin v27.4 - https:\/\/yoast.com\/product\/yoast-seo-wordpress\/ -->\n<title>Zen Planner: recensione software gestionale palestre - Accurate Reviews<\/title>\n<meta name=\"description\" content=\"Zen Planner: recensione soluzione all-in-one per la gestione e la pianificazione aziendale progettata appositamente per aziende e stabilimenti di fitness.\" \/>\n<meta name=\"robots\" content=\"index, follow, max-snippet:-1, max-image-preview:large, max-video-preview:-1\" \/>\n<link rel=\"canonical\" href=\"https:\/\/www.accuratereviews.com\/it\/software-fitness-lista\/zen-planner-recensione\/\" \/>\n<meta property=\"og:locale\" content=\"it_IT\" \/>\n<meta property=\"og:type\" content=\"article\" \/>\n<meta property=\"og:title\" content=\"Zen Planner: recensione software gestionale palestre - Accurate Reviews\" \/>\n<meta property=\"og:description\" content=\"Zen Planner: recensione soluzione all-in-one per la gestione e la pianificazione aziendale progettata appositamente per aziende e stabilimenti di fitness.\" \/>\n<meta property=\"og:url\" content=\"https:\/\/www.accuratereviews.com\/it\/software-fitness-lista\/zen-planner-recensione\/\" \/>\n<meta property=\"og:site_name\" content=\"Accurate Reviews\" \/>\n<meta property=\"og:image\" content=\"https:\/\/www.accuratereviews.com\/wp-content\/uploads\/2020\/04\/ZEN-PLANNER.jpg\" \/>\n\t<meta property=\"og:image:width\" content=\"1026\" \/>\n\t<meta property=\"og:image:height\" content=\"578\" \/>\n\t<meta property=\"og:image:type\" content=\"image\/jpeg\" \/>\n<meta name=\"twitter:card\" content=\"summary_large_image\" \/>\n<meta name=\"twitter:label1\" content=\"Tempo di lettura stimato\" \/>\n\t<meta name=\"twitter:data1\" content=\"4 minuti\" \/>\n<script type=\"application\/ld+json\" class=\"yoast-schema-graph\">{\"@context\":\"https:\\\/\\\/schema.org\",\"@graph\":[{\"@type\":\"WebPage\",\"@id\":\"https:\\\/\\\/www.accuratereviews.com\\\/it\\\/software-fitness-lista\\\/zen-planner-recensione\\\/\",\"url\":\"https:\\\/\\\/www.accuratereviews.com\\\/it\\\/software-fitness-lista\\\/zen-planner-recensione\\\/\",\"name\":\"Zen Planner: recensione software gestionale palestre - Accurate Reviews\",\"isPartOf\":{\"@id\":\"https:\\\/\\\/www.accuratereviews.com\\\/it\\\/#website\"},\"primaryImageOfPage\":{\"@id\":\"https:\\\/\\\/www.accuratereviews.com\\\/it\\\/software-fitness-lista\\\/zen-planner-recensione\\\/#primaryimage\"},\"image\":{\"@id\":\"https:\\\/\\\/www.accuratereviews.com\\\/it\\\/software-fitness-lista\\\/zen-planner-recensione\\\/#primaryimage\"},\"thumbnailUrl\":\"https:\\\/\\\/www.accuratereviews.com\\\/wp-content\\\/uploads\\\/2020\\\/04\\\/ZEN-PLANNER.jpg\",\"datePublished\":\"2020-04-23T10:28:54+00:00\",\"description\":\"Zen Planner: recensione soluzione all-in-one per la gestione e la pianificazione aziendale progettata appositamente per aziende e stabilimenti di fitness.\",\"breadcrumb\":{\"@id\":\"https:\\\/\\\/www.accuratereviews.com\\\/it\\\/software-fitness-lista\\\/zen-planner-recensione\\\/#breadcrumb\"},\"inLanguage\":\"it-IT\",\"potentialAction\":[{\"@type\":\"ReadAction\",\"target\":[\"https:\\\/\\\/www.accuratereviews.com\\\/it\\\/software-fitness-lista\\\/zen-planner-recensione\\\/\"]}]},{\"@type\":\"ImageObject\",\"inLanguage\":\"it-IT\",\"@id\":\"https:\\\/\\\/www.accuratereviews.com\\\/it\\\/software-fitness-lista\\\/zen-planner-recensione\\\/#primaryimage\",\"url\":\"https:\\\/\\\/www.accuratereviews.com\\\/wp-content\\\/uploads\\\/2020\\\/04\\\/ZEN-PLANNER.jpg\",\"contentUrl\":\"https:\\\/\\\/www.accuratereviews.com\\\/wp-content\\\/uploads\\\/2020\\\/04\\\/ZEN-PLANNER.jpg\",\"width\":1026,\"height\":578},{\"@type\":\"BreadcrumbList\",\"@id\":\"https:\\\/\\\/www.accuratereviews.com\\\/it\\\/software-fitness-lista\\\/zen-planner-recensione\\\/#breadcrumb\",\"itemListElement\":[{\"@type\":\"ListItem\",\"position\":1,\"name\":\"Home\",\"item\":\"https:\\\/\\\/www.accuratereviews.com\\\/it\\\/\"},{\"@type\":\"ListItem\",\"position\":2,\"name\":\"Software per fitness\",\"item\":\"https:\\\/\\\/www.accuratereviews.com\\\/it\\\/software-fitness-lista\\\/\"},{\"@type\":\"ListItem\",\"position\":3,\"name\":\"Zen Planner\"}]},{\"@type\":\"WebSite\",\"@id\":\"https:\\\/\\\/www.accuratereviews.com\\\/it\\\/#website\",\"url\":\"https:\\\/\\\/www.accuratereviews.com\\\/it\\\/\",\"name\":\"Accurate Reviews\",\"description\":\"\",\"potentialAction\":[{\"@type\":\"SearchAction\",\"target\":{\"@type\":\"EntryPoint\",\"urlTemplate\":\"https:\\\/\\\/www.accuratereviews.com\\\/it\\\/?s={search_term_string}\"},\"query-input\":{\"@type\":\"PropertyValueSpecification\",\"valueRequired\":true,\"valueName\":\"search_term_string\"}}],\"inLanguage\":\"it-IT\"}]}<\/script>\n<!-- \/ Yoast SEO plugin. -->","yoast_head_json":{"title":"Zen Planner: recensione software gestionale palestre - Accurate Reviews","description":"Zen Planner: recensione soluzione all-in-one per la gestione e la pianificazione aziendale progettata appositamente per aziende e stabilimenti di fitness.","robots":{"index":"index","follow":"follow","max-snippet":"max-snippet:-1","max-image-preview":"max-image-preview:large","max-video-preview":"max-video-preview:-1"},"canonical":"https:\/\/www.accuratereviews.com\/it\/software-fitness-lista\/zen-planner-recensione\/","og_locale":"it_IT","og_type":"article","og_title":"Zen Planner: recensione software gestionale palestre - Accurate Reviews","og_description":"Zen Planner: recensione soluzione all-in-one per la gestione e la pianificazione aziendale progettata appositamente per aziende e stabilimenti di fitness.","og_url":"https:\/\/www.accuratereviews.com\/it\/software-fitness-lista\/zen-planner-recensione\/","og_site_name":"Accurate Reviews","og_image":[{"width":1026,"height":578,"url":"https:\/\/www.accuratereviews.com\/wp-content\/uploads\/2020\/04\/ZEN-PLANNER.jpg","type":"image\/jpeg"}],"twitter_card":"summary_large_image","twitter_misc":{"Tempo di lettura stimato":"4 minuti"},"schema":{"@context":"https:\/\/schema.org","@graph":[{"@type":"WebPage","@id":"https:\/\/www.accuratereviews.com\/it\/software-fitness-lista\/zen-planner-recensione\/","url":"https:\/\/www.accuratereviews.com\/it\/software-fitness-lista\/zen-planner-recensione\/","name":"Zen Planner: recensione software gestionale palestre - Accurate Reviews","isPartOf":{"@id":"https:\/\/www.accuratereviews.com\/it\/#website"},"primaryImageOfPage":{"@id":"https:\/\/www.accuratereviews.com\/it\/software-fitness-lista\/zen-planner-recensione\/#primaryimage"},"image":{"@id":"https:\/\/www.accuratereviews.com\/it\/software-fitness-lista\/zen-planner-recensione\/#primaryimage"},"thumbnailUrl":"https:\/\/www.accuratereviews.com\/wp-content\/uploads\/2020\/04\/ZEN-PLANNER.jpg","datePublished":"2020-04-23T10:28:54+00:00","description":"Zen Planner: recensione soluzione all-in-one per la gestione e la pianificazione aziendale progettata appositamente per aziende e stabilimenti di fitness.","breadcrumb":{"@id":"https:\/\/www.accuratereviews.com\/it\/software-fitness-lista\/zen-planner-recensione\/#breadcrumb"},"inLanguage":"it-IT","potentialAction":[{"@type":"ReadAction","target":["https:\/\/www.accuratereviews.com\/it\/software-fitness-lista\/zen-planner-recensione\/"]}]},{"@type":"ImageObject","inLanguage":"it-IT","@id":"https:\/\/www.accuratereviews.com\/it\/software-fitness-lista\/zen-planner-recensione\/#primaryimage","url":"https:\/\/www.accuratereviews.com\/wp-content\/uploads\/2020\/04\/ZEN-PLANNER.jpg","contentUrl":"https:\/\/www.accuratereviews.com\/wp-content\/uploads\/2020\/04\/ZEN-PLANNER.jpg","width":1026,"height":578},{"@type":"BreadcrumbList","@id":"https:\/\/www.accuratereviews.com\/it\/software-fitness-lista\/zen-planner-recensione\/#breadcrumb","itemListElement":[{"@type":"ListItem","position":1,"name":"Home","item":"https:\/\/www.accuratereviews.com\/it\/"},{"@type":"ListItem","position":2,"name":"Software per fitness","item":"https:\/\/www.accuratereviews.com\/it\/software-fitness-lista\/"},{"@type":"ListItem","position":3,"name":"Zen Planner"}]},{"@type":"WebSite","@id":"https:\/\/www.accuratereviews.com\/it\/#website","url":"https:\/\/www.accuratereviews.com\/it\/","name":"Accurate Reviews","description":"","potentialAction":[{"@type":"SearchAction","target":{"@type":"EntryPoint","urlTemplate":"https:\/\/www.accuratereviews.com\/it\/?s={search_term_string}"},"query-input":{"@type":"PropertyValueSpecification","valueRequired":true,"valueName":"search_term_string"}}],"inLanguage":"it-IT"}]}},"_links":{"self":[{"href":"https:\/\/www.accuratereviews.com\/it\/wp-json\/wp\/v2\/pages\/25626","targetHints":{"allow":["GET"]}}],"collection":[{"href":"https:\/\/www.accuratereviews.com\/it\/wp-json\/wp\/v2\/pages"}],"about":[{"href":"https:\/\/www.accuratereviews.com\/it\/wp-json\/wp\/v2\/types\/page"}],"author":[{"embeddable":true,"href":"https:\/\/www.accuratereviews.com\/it\/wp-json\/wp\/v2\/users\/19"}],"replies":[{"embeddable":true,"href":"https:\/\/www.accuratereviews.com\/it\/wp-json\/wp\/v2\/comments?post=25626"}],"version-history":[{"count":6,"href":"https:\/\/www.accuratereviews.com\/it\/wp-json\/wp\/v2\/pages\/25626\/revisions"}],"predecessor-version":[{"id":25652,"href":"https:\/\/www.accuratereviews.com\/it\/wp-json\/wp\/v2\/pages\/25626\/revisions\/25652"}],"up":[{"embeddable":true,"href":"https:\/\/www.accuratereviews.com\/it\/wp-json\/wp\/v2\/pages\/25524"}],"wp:featuredmedia":[{"embeddable":true,"href":"https:\/\/www.accuratereviews.com\/it\/wp-json\/wp\/v2\/media\/25627"}],"wp:attachment":[{"href":"https:\/\/www.accuratereviews.com\/it\/wp-json\/wp\/v2\/media?parent=25626"}],"wp:term":[{"taxonomy":"category","embeddable":true,"href":"https:\/\/www.accuratereviews.com\/it\/wp-json\/wp\/v2\/categories?post=25626"},{"taxonomy":"post_tag","embeddable":true,"href":"https:\/\/www.accuratereviews.com\/it\/wp-json\/wp\/v2\/tags?post=25626"},{"taxonomy":"features","embeddable":true,"href":"https:\/\/www.accuratereviews.com\/it\/wp-json\/wp\/v2\/features?post=25626"}],"curies":[{"name":"wp","href":"https:\/\/api.w.org\/{rel}","templated":true}]}}