{"id":25634,"date":"2020-04-23T10:27:45","date_gmt":"2020-04-23T10:27:45","guid":{"rendered":"https:\/\/www.accuratereviews.com\/?page_id=25634"},"modified":"2020-04-23T10:27:45","modified_gmt":"2020-04-23T10:27:45","slug":"club-os-recensione","status":"publish","type":"page","link":"https:\/\/www.accuratereviews.com\/it\/software-fitness-lista\/club-os-recensione\/","title":{"rendered":"Club OS"},"content":{"rendered":"<p>Indipendentemente dalle dimensioni della club o della palestra, <strong>Club OS<\/strong>\u00a0pu\u00f2 essere implementato in quasi tutte le <strong>aree funzionali della gestione<\/strong>. I dirigenti possono sfruttare questa opportunit\u00e0 e ampliare la propria base di clienti. Insieme alla gestione, la soluzione soddisfa le esigenze di marketing e di vendita. Ti aiuta ad analizzare le opportunit\u00e0 di marketing che esistono nel mercato ti mantiene in linea con i tuoi sforzi e ti permette di raggiungere risultati soddisfacenti. Consente di gestire i dipartimenti per tutti gli eventi attraverso la procedura di pianificazione automatica. I promemoria automatici vengono inviati tramite SMS o email per eventi, riunioni o attivit\u00e0 in sospeso. Con l&#8217;uso dell&#8217;elaborazione statistica in tempo reale, le aziende possono tenere traccia dei rendimenti degli investimenti e prendere decisioni immediate in merito ai flussi di lavoro. Inoltre, il reporting dei dati riassume l&#8217;attivit\u00e0 e l&#8217;inattivit\u00e0 dei membri, il successo o il fallimento del tuo sito web e molto altro.<\/p>\n<h2>CLUB OS &#8211; TUTORIAL<\/h2>\n<p>Guardiamo il tutorial per scoprire come potenziare la fidelizzazione dei clienti e migliorare la tua strategia di marketing utilizzando questo <strong>software gestionale per palestre<\/strong>:<\/p>\n<div id=\"fluid-wrapper-counter-1\" class=\"g1-fluid-wrapper \" style=\"width:686px;\">\n<div style=\"padding-bottom:56.268221574344%;\"><iframe loading=\"lazy\" title=\"Introducing Club OS Studio: Intelligent Marketing Automation\" width=\"686\" height=\"386\" src=\"https:\/\/www.youtube.com\/embed\/r8M7EPMVFHY?feature=oembed&amp;wmode=transparent&amp;autohide=1&amp;autoplay=0&amp;disablekb=0&amp;fs=1&amp;loop=0&amp;enablejsapi=1&amp;rel=0&amp;controls=2&amp;showinfo=0&amp;wmode=transparent&amp;autohide=2&amp;autoplay=0&amp;disablekb=0&amp;fs=1&amp;loop=0&amp;enablejsapi=1&amp;rel=0&amp;controls=2&amp;showinfo=1\" frameborder=\"0\" allow=\"accelerometer; autoplay; encrypted-media; gyroscope; picture-in-picture\" allowfullscreen><\/iframe><\/div>\n<\/div>\n<h3>CLUB OS &#8211; CARATTERISTICHE<\/h3>\n<ul>\n<li>Digital Guest Waiver ti consente di acquisire interessi, informazioni di contatto e altro<\/li>\n<li>Integrato con Facebook Lead Ads contatta potenziali clienti che provengono da Facebook Ads e vengono inseriti direttamente nel software<\/li>\n<li>Implementare un programma di referral e vedere ogni referral riflesso nella soluzione<\/li>\n<li>Imposta pianificazioni di follow-up facili da gestire per ogni prospettiva o stato del membro<\/li>\n<li>Crea script di chiamata, email o di testo per il tuo team di vendita<\/li>\n<li>Vendi nel modo giusto aggiungendo note ad ogni tentativo di follow-up<\/li>\n<li>Riduci i tempi amministrativi creando i programmi dei dipendenti direttamente nel software<\/li>\n<li>Pianifica le lezioni e le sessioni di allenamento personale con il clic di un pulsante<\/li>\n<li>Invia promemoria di appuntamento che i tuoi potenziali clienti leggeranno effettivamente<\/li>\n<li>Mettiti in contatto con i membri per aumentare la fidelizzazione con i messaggi di testo del check-in<\/li>\n<li>Invia email indirizzate a specifici dati demografici, interessi e altro<\/li>\n<li>Crea e progetta facilmente email che corrispondono al tuo marchio<\/li>\n<li>Analizza le percentuali di clic, apri e annulla l&#8217;iscrizione a ogni email inviata<\/li>\n<li>Pianifica i rapporti da inviare direttamente alla tua email ogni giorno, settimana, mese e altro<\/li>\n<li>Invia promemoria automatici di eventi tramite email o sms<\/li>\n<li>Comprendi in modo approfondito ogni componente della tua attivit\u00e0<\/li>\n<li>Rendi i tuoi dipendenti responsabili in base ai tuoi rapporti di vendita e marketing<\/li>\n<\/ul>\n<h4>LE RECENSIONI DEGLI UTENTI<\/h4>\n<h4 class=\"font-weight-bold my-1 d-flex align-items-center\">Luke J.\u00a0&#8220;Club OS \u00e8 un solido software per centri fitness&#8221;<\/h4>\n<p><strong>Commenti: <\/strong>Esistono altri software per centri fitness molto simili, ma Club OS \u00e8 una buona scelta, specialmente quando si esegue qualsiasi tipo di programmazione.<\/p>\n<p><strong>Vantaggi: <\/strong>Club OS \u00e8 facile da usare ma anche molto semplice. Viene utilizzato di pi\u00f9 per aumentare le entrate complessive del centro fitness anzich\u00e9 un software funzionale quotidiano.<\/p>\n<p><strong>Inconvenienti: <\/strong>Il sistema operativo del club \u00e8 eccezionale, ma \u00e8 principalmente migliore per la pianificazione con i clienti, non come software generale per centri fitness.<\/p>\n<h4 class=\"font-weight-bold my-1 d-flex align-items-center\">Tony V.\u00a0&#8220;Gestisci il tuo programma di allenamento con facilit\u00e0!&#8221;<\/h4>\n<p><strong>Commenti: <\/strong>Consiglia a tutte le aziende di fitness che desiderano tenere sotto controllo le loro sessioni di PT.<\/p>\n<p><strong>Vantaggi: <\/strong>Ha avvisi per ricordare quando un oggetto sta arrivando o \u00e8 dovuto. Un&#8217;altra cosa interessante \u00e8 che la parte di fatturazione \u00e8 utile quando non sei sicuro di quante sessioni di PT ha il cliente.<\/p>\n<p><strong>Inconvenienti:<\/strong>\u00a0La versione web funziona meglio della versione dell&#8217;app.<\/p>\n<h4 class=\"font-weight-bold my-1 d-flex align-items-center\">Judy J.\u00a0&#8220;Club OS&#8221;<\/h4>\n<p><strong>Commenti: <\/strong>Abbiamo molti clienti che utilizzano il sistema operativo Club.<\/p>\n<p><strong>Vantaggi: <\/strong>Ci piace avere una console con Club OS. Quando riceviamo un nuovo client che li utilizza, inviamo un&#8217;email ai nostri contatti del Club OS per averli aggiunti e nella maggior parte dei casi vengono aggiunti in pochi minuti! La loro squadra \u00e8 sempre gentile e cortese.<\/p>\n<p><strong>Inconvenienti: <\/strong>Sarebbe bello se potessi scaricare i rapporti dal loro sito, oltre a essere inviati via email.<\/p>\n","protected":false},"excerpt":{"rendered":"<p>Indipendentemente dalle dimensioni della club o della palestra, Club OS\u00a0pu\u00f2 essere implementato in quasi tutte le aree funzionali della gestione. I dirigenti possono sfruttare questa opportunit\u00e0 e ampliare la propria base di clienti.\u00a0Insieme alla gestione, la soluzione soddisfa le esigenze di marketing e di vendita.<\/p>\n","protected":false},"author":19,"featured_media":25635,"parent":25524,"menu_order":0,"comment_status":"open","ping_status":"closed","template":"g1_template_page_review_new.php","meta":{"_acf_changed":false,"cwp_meta_box_check":"Yes","cwp_rev_product_name":"","cwp_rev_product_image":"","wppr_links":[],"cwp_rev_price":"","wppr_options":[],"wppr_pros":[],"wppr_cons":[],"_monsterinsights_skip_tracking":false,"_monsterinsights_sitenote_active":false,"_monsterinsights_sitenote_note":"","_monsterinsights_sitenote_category":0,"footnotes":""},"categories":[2629],"tags":[396,2661,2630,2632,2636,2631,2633],"features":[],"class_list":{"0":"post-25634","1":"page","2":"type-page","3":"status-publish","4":"has-post-thumbnail","6":"category-fitness-software","7":"tag-cloud","8":"tag-club-os","9":"tag-fitness-software","10":"tag-piattaforma-gestionale-per-palestre","11":"tag-programma-gestionale-per-palestre","12":"tag-software-gestionale-per-palestre","13":"tag-soluzione-gestionale-per-palestre"},"wppr_data":{"cwp_meta_box_check":"Yes","cwp_rev_product_name":"","cwp_rev_product_image":"","cwp_image_link":"image","cwp_rev_price":"","wppr_rating":"0.00"},"acf":[],"yoast_head":"<!-- This site is optimized with the Yoast SEO plugin v27.4 - https:\/\/yoast.com\/product\/yoast-seo-wordpress\/ -->\n<title>Club OS: recensione software gestionale per palestre - Accurate Reviews<\/title>\n<meta name=\"description\" content=\"Club OS: recensione soluzione gestionale per le palestre che consente, oltre che amministrare la propria attivit\u00e0, di sponsorizzare la tua impresa.\" \/>\n<meta name=\"robots\" content=\"index, follow, max-snippet:-1, max-image-preview:large, max-video-preview:-1\" \/>\n<link rel=\"canonical\" href=\"https:\/\/www.accuratereviews.com\/it\/software-fitness-lista\/club-os-recensione\/\" \/>\n<meta property=\"og:locale\" content=\"it_IT\" \/>\n<meta property=\"og:type\" content=\"article\" \/>\n<meta property=\"og:title\" content=\"Club OS: recensione software gestionale per palestre - Accurate Reviews\" \/>\n<meta property=\"og:description\" content=\"Club OS: recensione soluzione gestionale per le palestre che consente, oltre che amministrare la propria attivit\u00e0, di sponsorizzare la tua impresa.\" \/>\n<meta property=\"og:url\" content=\"https:\/\/www.accuratereviews.com\/it\/software-fitness-lista\/club-os-recensione\/\" \/>\n<meta property=\"og:site_name\" content=\"Accurate Reviews\" \/>\n<meta property=\"og:image\" content=\"https:\/\/www.accuratereviews.com\/wp-content\/uploads\/2020\/04\/CLUB-OS.jpg\" \/>\n\t<meta property=\"og:image:width\" content=\"500\" \/>\n\t<meta property=\"og:image:height\" content=\"280\" \/>\n\t<meta property=\"og:image:type\" content=\"image\/jpeg\" \/>\n<meta name=\"twitter:card\" content=\"summary_large_image\" \/>\n<meta name=\"twitter:label1\" content=\"Tempo di lettura stimato\" \/>\n\t<meta name=\"twitter:data1\" content=\"3 minuti\" \/>\n<script type=\"application\/ld+json\" class=\"yoast-schema-graph\">{\"@context\":\"https:\\\/\\\/schema.org\",\"@graph\":[{\"@type\":\"WebPage\",\"@id\":\"https:\\\/\\\/www.accuratereviews.com\\\/it\\\/software-fitness-lista\\\/club-os-recensione\\\/\",\"url\":\"https:\\\/\\\/www.accuratereviews.com\\\/it\\\/software-fitness-lista\\\/club-os-recensione\\\/\",\"name\":\"Club OS: recensione software gestionale per palestre - Accurate Reviews\",\"isPartOf\":{\"@id\":\"https:\\\/\\\/www.accuratereviews.com\\\/it\\\/#website\"},\"primaryImageOfPage\":{\"@id\":\"https:\\\/\\\/www.accuratereviews.com\\\/it\\\/software-fitness-lista\\\/club-os-recensione\\\/#primaryimage\"},\"image\":{\"@id\":\"https:\\\/\\\/www.accuratereviews.com\\\/it\\\/software-fitness-lista\\\/club-os-recensione\\\/#primaryimage\"},\"thumbnailUrl\":\"https:\\\/\\\/www.accuratereviews.com\\\/wp-content\\\/uploads\\\/2020\\\/04\\\/CLUB-OS.jpg\",\"datePublished\":\"2020-04-23T10:27:45+00:00\",\"description\":\"Club OS: recensione soluzione gestionale per le palestre che consente, oltre che amministrare la propria attivit\u00e0, di sponsorizzare la tua impresa.\",\"breadcrumb\":{\"@id\":\"https:\\\/\\\/www.accuratereviews.com\\\/it\\\/software-fitness-lista\\\/club-os-recensione\\\/#breadcrumb\"},\"inLanguage\":\"it-IT\",\"potentialAction\":[{\"@type\":\"ReadAction\",\"target\":[\"https:\\\/\\\/www.accuratereviews.com\\\/it\\\/software-fitness-lista\\\/club-os-recensione\\\/\"]}]},{\"@type\":\"ImageObject\",\"inLanguage\":\"it-IT\",\"@id\":\"https:\\\/\\\/www.accuratereviews.com\\\/it\\\/software-fitness-lista\\\/club-os-recensione\\\/#primaryimage\",\"url\":\"https:\\\/\\\/www.accuratereviews.com\\\/wp-content\\\/uploads\\\/2020\\\/04\\\/CLUB-OS.jpg\",\"contentUrl\":\"https:\\\/\\\/www.accuratereviews.com\\\/wp-content\\\/uploads\\\/2020\\\/04\\\/CLUB-OS.jpg\",\"width\":500,\"height\":280},{\"@type\":\"BreadcrumbList\",\"@id\":\"https:\\\/\\\/www.accuratereviews.com\\\/it\\\/software-fitness-lista\\\/club-os-recensione\\\/#breadcrumb\",\"itemListElement\":[{\"@type\":\"ListItem\",\"position\":1,\"name\":\"Home\",\"item\":\"https:\\\/\\\/www.accuratereviews.com\\\/it\\\/\"},{\"@type\":\"ListItem\",\"position\":2,\"name\":\"Software per fitness\",\"item\":\"https:\\\/\\\/www.accuratereviews.com\\\/it\\\/software-fitness-lista\\\/\"},{\"@type\":\"ListItem\",\"position\":3,\"name\":\"Club OS\"}]},{\"@type\":\"WebSite\",\"@id\":\"https:\\\/\\\/www.accuratereviews.com\\\/it\\\/#website\",\"url\":\"https:\\\/\\\/www.accuratereviews.com\\\/it\\\/\",\"name\":\"Accurate Reviews\",\"description\":\"\",\"potentialAction\":[{\"@type\":\"SearchAction\",\"target\":{\"@type\":\"EntryPoint\",\"urlTemplate\":\"https:\\\/\\\/www.accuratereviews.com\\\/it\\\/?s={search_term_string}\"},\"query-input\":{\"@type\":\"PropertyValueSpecification\",\"valueRequired\":true,\"valueName\":\"search_term_string\"}}],\"inLanguage\":\"it-IT\"}]}<\/script>\n<!-- \/ Yoast SEO plugin. -->","yoast_head_json":{"title":"Club OS: recensione software gestionale per palestre - Accurate Reviews","description":"Club OS: recensione soluzione gestionale per le palestre che consente, oltre che amministrare la propria attivit\u00e0, di sponsorizzare la tua impresa.","robots":{"index":"index","follow":"follow","max-snippet":"max-snippet:-1","max-image-preview":"max-image-preview:large","max-video-preview":"max-video-preview:-1"},"canonical":"https:\/\/www.accuratereviews.com\/it\/software-fitness-lista\/club-os-recensione\/","og_locale":"it_IT","og_type":"article","og_title":"Club OS: recensione software gestionale per palestre - Accurate Reviews","og_description":"Club OS: recensione soluzione gestionale per le palestre che consente, oltre che amministrare la propria attivit\u00e0, di sponsorizzare la tua impresa.","og_url":"https:\/\/www.accuratereviews.com\/it\/software-fitness-lista\/club-os-recensione\/","og_site_name":"Accurate Reviews","og_image":[{"width":500,"height":280,"url":"https:\/\/www.accuratereviews.com\/wp-content\/uploads\/2020\/04\/CLUB-OS.jpg","type":"image\/jpeg"}],"twitter_card":"summary_large_image","twitter_misc":{"Tempo di lettura stimato":"3 minuti"},"schema":{"@context":"https:\/\/schema.org","@graph":[{"@type":"WebPage","@id":"https:\/\/www.accuratereviews.com\/it\/software-fitness-lista\/club-os-recensione\/","url":"https:\/\/www.accuratereviews.com\/it\/software-fitness-lista\/club-os-recensione\/","name":"Club OS: recensione software gestionale per palestre - Accurate Reviews","isPartOf":{"@id":"https:\/\/www.accuratereviews.com\/it\/#website"},"primaryImageOfPage":{"@id":"https:\/\/www.accuratereviews.com\/it\/software-fitness-lista\/club-os-recensione\/#primaryimage"},"image":{"@id":"https:\/\/www.accuratereviews.com\/it\/software-fitness-lista\/club-os-recensione\/#primaryimage"},"thumbnailUrl":"https:\/\/www.accuratereviews.com\/wp-content\/uploads\/2020\/04\/CLUB-OS.jpg","datePublished":"2020-04-23T10:27:45+00:00","description":"Club OS: recensione soluzione gestionale per le palestre che consente, oltre che amministrare la propria attivit\u00e0, di sponsorizzare la tua impresa.","breadcrumb":{"@id":"https:\/\/www.accuratereviews.com\/it\/software-fitness-lista\/club-os-recensione\/#breadcrumb"},"inLanguage":"it-IT","potentialAction":[{"@type":"ReadAction","target":["https:\/\/www.accuratereviews.com\/it\/software-fitness-lista\/club-os-recensione\/"]}]},{"@type":"ImageObject","inLanguage":"it-IT","@id":"https:\/\/www.accuratereviews.com\/it\/software-fitness-lista\/club-os-recensione\/#primaryimage","url":"https:\/\/www.accuratereviews.com\/wp-content\/uploads\/2020\/04\/CLUB-OS.jpg","contentUrl":"https:\/\/www.accuratereviews.com\/wp-content\/uploads\/2020\/04\/CLUB-OS.jpg","width":500,"height":280},{"@type":"BreadcrumbList","@id":"https:\/\/www.accuratereviews.com\/it\/software-fitness-lista\/club-os-recensione\/#breadcrumb","itemListElement":[{"@type":"ListItem","position":1,"name":"Home","item":"https:\/\/www.accuratereviews.com\/it\/"},{"@type":"ListItem","position":2,"name":"Software per fitness","item":"https:\/\/www.accuratereviews.com\/it\/software-fitness-lista\/"},{"@type":"ListItem","position":3,"name":"Club OS"}]},{"@type":"WebSite","@id":"https:\/\/www.accuratereviews.com\/it\/#website","url":"https:\/\/www.accuratereviews.com\/it\/","name":"Accurate Reviews","description":"","potentialAction":[{"@type":"SearchAction","target":{"@type":"EntryPoint","urlTemplate":"https:\/\/www.accuratereviews.com\/it\/?s={search_term_string}"},"query-input":{"@type":"PropertyValueSpecification","valueRequired":true,"valueName":"search_term_string"}}],"inLanguage":"it-IT"}]}},"_links":{"self":[{"href":"https:\/\/www.accuratereviews.com\/it\/wp-json\/wp\/v2\/pages\/25634","targetHints":{"allow":["GET"]}}],"collection":[{"href":"https:\/\/www.accuratereviews.com\/it\/wp-json\/wp\/v2\/pages"}],"about":[{"href":"https:\/\/www.accuratereviews.com\/it\/wp-json\/wp\/v2\/types\/page"}],"author":[{"embeddable":true,"href":"https:\/\/www.accuratereviews.com\/it\/wp-json\/wp\/v2\/users\/19"}],"replies":[{"embeddable":true,"href":"https:\/\/www.accuratereviews.com\/it\/wp-json\/wp\/v2\/comments?post=25634"}],"version-history":[{"count":2,"href":"https:\/\/www.accuratereviews.com\/it\/wp-json\/wp\/v2\/pages\/25634\/revisions"}],"predecessor-version":[{"id":25650,"href":"https:\/\/www.accuratereviews.com\/it\/wp-json\/wp\/v2\/pages\/25634\/revisions\/25650"}],"up":[{"embeddable":true,"href":"https:\/\/www.accuratereviews.com\/it\/wp-json\/wp\/v2\/pages\/25524"}],"wp:featuredmedia":[{"embeddable":true,"href":"https:\/\/www.accuratereviews.com\/it\/wp-json\/wp\/v2\/media\/25635"}],"wp:attachment":[{"href":"https:\/\/www.accuratereviews.com\/it\/wp-json\/wp\/v2\/media?parent=25634"}],"wp:term":[{"taxonomy":"category","embeddable":true,"href":"https:\/\/www.accuratereviews.com\/it\/wp-json\/wp\/v2\/categories?post=25634"},{"taxonomy":"post_tag","embeddable":true,"href":"https:\/\/www.accuratereviews.com\/it\/wp-json\/wp\/v2\/tags?post=25634"},{"taxonomy":"features","embeddable":true,"href":"https:\/\/www.accuratereviews.com\/it\/wp-json\/wp\/v2\/features?post=25634"}],"curies":[{"name":"wp","href":"https:\/\/api.w.org\/{rel}","templated":true}]}}