{"id":25684,"date":"2020-04-24T10:25:43","date_gmt":"2020-04-24T10:25:43","guid":{"rendered":"https:\/\/www.accuratereviews.com\/?page_id=25684"},"modified":"2020-08-04T13:34:05","modified_gmt":"2020-08-04T13:34:05","slug":"glofox-recensione","status":"publish","type":"page","link":"https:\/\/www.accuratereviews.com\/it\/software-fitness-lista\/glofox-recensione\/","title":{"rendered":"Glofox"},"content":{"rendered":"<p><strong>Glofox<\/strong> \u00e8 un <strong>software di gestione di palestre<\/strong> e centri sportivi adatto per i proprietari che vogliono risparmiare tempo, aumentare le entrate e far s\u00ec che aumentino le iscrizioni. \u00c8\u00a0un sistema moderno, facile da usare e molto flessibile. Comprende tutte le automazioni intelligenti di cui si ha bisogno per gestire facilmente membri, prenotazioni, pagamenti, programmi e abbonamenti. La fidelizzazione del cliente \u00e8 una delle caratteristiche salienti di questo software. Laddove \u00e8 importante creare nuovi clienti, \u00e8 altrettanto importante tenere aggiornati anche quelli vecchi. <strong>Glofox<\/strong> pu\u00f2 aumentare la fidelizzazione dei membri fino al 25% inviando messaggi automatizzati che ti consentono di rimanere in contatto con i tuoi clienti. Anche il processo di pagamento \u00e8 automatizzato e ti permette di ricordare ai tuoi membri le scadenze imminenti.\u00a0La soluzione ha alcuni fantastici strumenti di reporting che forniscono analisi dettagliate sui tuoi progressi quotidiani. Ti consente di monitorare le tue prestazioni e confrontare parametri come il coinvolgimento dei clienti, il marketing, gli investimenti e molto altro.<\/p>\n<h2>GLOFOX &#8211; TUTORIAL<\/h2>\n<p>Guardiamo come \u00e8 semplice impostare uno streaming di allenamento in diretta con utilizzando questo <strong>software gestionale per palestre:<\/strong><\/p>\n<div id=\"fluid-wrapper-counter-1\" class=\"g1-fluid-wrapper \" style=\"width:686px;\">\n<div style=\"padding-bottom:56.268221574344%;\"><iframe loading=\"lazy\" title=\"Live Workout Streaming with Glofox and Gympass\" width=\"686\" height=\"386\" src=\"https:\/\/www.youtube.com\/embed\/Li4c2-SLT_w?feature=oembed&amp;wmode=transparent&amp;autohide=1&amp;autoplay=0&amp;disablekb=0&amp;fs=1&amp;loop=0&amp;enablejsapi=1&amp;rel=0&amp;controls=2&amp;showinfo=0&amp;wmode=transparent&amp;autohide=2&amp;autoplay=0&amp;disablekb=0&amp;fs=1&amp;loop=0&amp;enablejsapi=1&amp;rel=0&amp;controls=2&amp;showinfo=1\" frameborder=\"0\" allow=\"accelerometer; autoplay; encrypted-media; gyroscope; picture-in-picture\" allowfullscreen><\/iframe><\/div>\n<\/div>\n<h3>GLOFOX &#8211; CARATTERISTICHE<\/h3>\n<ul>\n<li><strong>Gestione dei lead<\/strong>: trasforma lead \u00a0in membri con una migliore gestione della pipeline di vendita.<\/li>\n<li><strong>Cronologia delle interazioni:<\/strong> scopri facilmente con chi hai parlato, quali azioni hanno intrapreso e quanto sono coinvolti con la tua attivit\u00e0<\/li>\n<li><strong>Targeting e segmentazione<\/strong>: dai la priorit\u00e0 alla divulgazione, dai gruppi di messaggi specifici e crea automazioni per aumentare la conversione<\/li>\n<li><strong>Integrazione con Facebook e Instagram<\/strong>: massimizza il ritorno sugli investimenti delle tue campagne pubblicitarie di Facebook e Instagram<\/li>\n<li><strong>Messaggi automatici, email e notifiche push<\/strong>: invia il messaggio giusto al momento giusto<\/li>\n<li><strong>Pianificazione e gestione delle iscrizioni<\/strong>: installa rapidamente e gestisci facilmente il tuo programma e le iscrizioni<\/li>\n<li><strong>Elaborazione dei pagamenti globale:<\/strong> accetta pagamenti da qualsiasi luogo, beneficia di prezzi trasparenti e gestisci i pagamenti all&#8217;interno della piattaforma<\/li>\n<li><strong>App membro con marchio unico<\/strong>: migliora l&#8217;esperienza del tuo membro con un&#8217;app mobile che pu\u00f2 utilizzare per prenotare lezioni, effettuare acquisti e interagire con la tua palestra<\/li>\n<li><strong>Integrazione della pianificazione del sito web:<\/strong> offri ai tuoi membri un&#8217;esperienza unificata con un portale di prenotazione con marchio sul tuo sito web<\/li>\n<li><strong>Negozio<\/strong>: aumenta le entrate del tuo business vendendo prodotti e merci tramite l&#8217;app per i membri<\/li>\n<li><strong>Rapporti di appartenenza e attivit\u00e0<\/strong>: genera rapporti sui membri utilizzando tutte le informazioni disponibili in modo da poter agire su larga scala<\/li>\n<\/ul>\n<h4>LE RECENSIONI DEGLI UTENTI<\/h4>\n<h4 class=\"font-weight-bold my-1 d-flex align-items-center\">Stephanie G.\u00a0&#8220;GloFox \u00e8 stata un&#8217;esperienza eccezionale rispetto ad altre piattaforme!&#8221;<\/h4>\n<p><strong>Commenti: <\/strong>Il mio assistente personale per l&#8217;account, \u00e8 stato incredibilmente utile. Ha fatto di tutto per aiutarmi ad avere successo e gestire la mia attivit\u00e0 in modo pi\u00f9 efficiente.<\/p>\n<p><strong>Vantaggi:<\/strong>\u00a0Se ho avuto problemi durante l&#8217;utilizzo di glofox, l&#8217;assistenza clienti che ho ricevuto \u00e8 stata super utile. Hanno trascorso tutto il tempo necessario per aiutarmi a verificare che tutto sia impostato e le mie domande ricevano una risposta anticipata.<\/p>\n<p><strong>Inconvenienti: <\/strong>Ci sono alcuni vincoli che sono scomodi. Ad esempio, non posso essere elencato come allenatore in classe poich\u00e9 sono l&#8217;amministratore, quindi ho dovuto creare un account fittizio per aggirare quella limitazione. Ma i problemi sono minori e nulla di cui essere frustrati.<\/p>\n<h4 class=\"font-weight-bold my-1 d-flex align-items-center\">Karyn S.&#8221;Contenuto per la curva di apprendimento&#8221;<\/h4>\n<p><strong>Commenti: <\/strong>Uso Glofox da un po &#8216;di tempo ormai. Ho visto gli sforzi per continuare a migliorare il prodotto e per stare al passo con i contenuti per continuare a educare gli utenti sugli aggiornamenti e su ci\u00f2 che \u00e8 gi\u00e0 in atto.<\/p>\n<p><strong>Vantaggi: <\/strong>1. Maggiore facilit\u00e0 d&#8217;uso nel corso degli anni\u00a02. Utilizzo dell&#8217;app\u00a03. Supporto utile<\/p>\n<p><strong>Inconvenienti: <\/strong>1. A volte pu\u00f2 funzionare lentamente\u00a02. Nessuna opzione per avere un cliente con sconti nell&#8217;account e utilizzarli per diverse sessioni in una settimana (invece di creare pacchetti personalizzati)<\/p>\n<h4 class=\"font-weight-bold my-1 d-flex align-items-center\">James I.&#8221;Recensione Glofox da E-Motion Fitness Hub&#8221;<\/h4>\n<p><strong>Commenti: <\/strong>Ottimo per prendere iscrizioni ai membri, firmare esenzioni e lezioni facili da prenotare.<\/p>\n<p><strong>Vantaggi: <\/strong>Facile da usare e ben presentato e si integra bene con il sito web WIX.<\/p>\n<p><strong>Inconvenienti: <\/strong>I corsi non vengono visualizzati nel Calendario dell&#8217;app Staff.<\/p>\n","protected":false},"excerpt":{"rendered":"<p>Glofox \u00e8 un software di gestione di palestre e centri sportivi adatto per i proprietari che vogliono risparmiare tempo, aumentare le entrate e far s\u00ec che aumentino le iscrizioni. \u00c8\u00a0un sistema moderno, facile da usare e molto flessibile. Comprende tutte le automazioni intelligenti di cui si ha bisogno per gestire facilmente membri, prenotazioni, pagamenti, programmi e abbonamenti. <\/p>\n","protected":false},"author":19,"featured_media":25688,"parent":25524,"menu_order":0,"comment_status":"open","ping_status":"closed","template":"g1_template_page_review_new.php","meta":{"_acf_changed":false,"cwp_meta_box_check":"Yes","cwp_rev_product_name":"","cwp_rev_product_image":"","wppr_links":[],"cwp_rev_price":"","wppr_options":[],"wppr_pros":[],"wppr_cons":[],"_monsterinsights_skip_tracking":false,"_monsterinsights_sitenote_active":false,"_monsterinsights_sitenote_note":"","_monsterinsights_sitenote_category":0,"footnotes":""},"categories":[2629],"tags":[2630,2632,2636,2631,2633],"features":[],"class_list":{"0":"post-25684","1":"page","2":"type-page","3":"status-publish","4":"has-post-thumbnail","6":"category-fitness-software","7":"tag-fitness-software","8":"tag-piattaforma-gestionale-per-palestre","9":"tag-programma-gestionale-per-palestre","10":"tag-software-gestionale-per-palestre","11":"tag-soluzione-gestionale-per-palestre"},"wppr_data":{"cwp_meta_box_check":"Yes","cwp_rev_product_name":"","cwp_rev_product_image":"","cwp_image_link":"image","cwp_rev_price":"","wppr_rating":"0.00"},"acf":[],"yoast_head":"<!-- This site is optimized with the Yoast SEO plugin v27.4 - https:\/\/yoast.com\/product\/yoast-seo-wordpress\/ -->\n<title>Glofox: recensione software gestionale per palestre - Accurate Reviews<\/title>\n<meta name=\"description\" content=\"Glofox: recensione software di gestione di palestre adatto per i proprietari che vogliono risparmiare tempo, aumentare le entrate e le iscrizioni.\" \/>\n<meta name=\"robots\" content=\"index, follow, max-snippet:-1, max-image-preview:large, max-video-preview:-1\" \/>\n<link rel=\"canonical\" href=\"https:\/\/www.accuratereviews.com\/it\/software-fitness-lista\/glofox-recensione\/\" \/>\n<meta property=\"og:locale\" content=\"it_IT\" \/>\n<meta property=\"og:type\" content=\"article\" \/>\n<meta property=\"og:title\" content=\"Glofox: recensione software gestionale per palestre - Accurate Reviews\" \/>\n<meta property=\"og:description\" content=\"Glofox: recensione software di gestione di palestre adatto per i proprietari che vogliono risparmiare tempo, aumentare le entrate e le iscrizioni.\" \/>\n<meta property=\"og:url\" content=\"https:\/\/www.accuratereviews.com\/it\/software-fitness-lista\/glofox-recensione\/\" \/>\n<meta property=\"og:site_name\" content=\"Accurate Reviews\" \/>\n<meta property=\"article:modified_time\" content=\"2020-08-04T13:34:05+00:00\" \/>\n<meta property=\"og:image\" content=\"https:\/\/www.accuratereviews.com\/wp-content\/uploads\/2020\/04\/GLOFOX.png\" \/>\n\t<meta property=\"og:image:width\" content=\"429\" \/>\n\t<meta property=\"og:image:height\" content=\"257\" \/>\n\t<meta property=\"og:image:type\" content=\"image\/png\" \/>\n<meta name=\"twitter:card\" content=\"summary_large_image\" \/>\n<meta name=\"twitter:label1\" content=\"Tempo di lettura stimato\" \/>\n\t<meta name=\"twitter:data1\" content=\"3 minuti\" \/>\n<script type=\"application\/ld+json\" class=\"yoast-schema-graph\">{\"@context\":\"https:\\\/\\\/schema.org\",\"@graph\":[{\"@type\":\"WebPage\",\"@id\":\"https:\\\/\\\/www.accuratereviews.com\\\/it\\\/software-fitness-lista\\\/glofox-recensione\\\/\",\"url\":\"https:\\\/\\\/www.accuratereviews.com\\\/it\\\/software-fitness-lista\\\/glofox-recensione\\\/\",\"name\":\"Glofox: recensione software gestionale per palestre - Accurate Reviews\",\"isPartOf\":{\"@id\":\"https:\\\/\\\/www.accuratereviews.com\\\/it\\\/#website\"},\"primaryImageOfPage\":{\"@id\":\"https:\\\/\\\/www.accuratereviews.com\\\/it\\\/software-fitness-lista\\\/glofox-recensione\\\/#primaryimage\"},\"image\":{\"@id\":\"https:\\\/\\\/www.accuratereviews.com\\\/it\\\/software-fitness-lista\\\/glofox-recensione\\\/#primaryimage\"},\"thumbnailUrl\":\"https:\\\/\\\/www.accuratereviews.com\\\/wp-content\\\/uploads\\\/2020\\\/04\\\/GLOFOX.png\",\"datePublished\":\"2020-04-24T10:25:43+00:00\",\"dateModified\":\"2020-08-04T13:34:05+00:00\",\"description\":\"Glofox: recensione software di gestione di palestre adatto per i proprietari che vogliono risparmiare tempo, aumentare le entrate e le iscrizioni.\",\"breadcrumb\":{\"@id\":\"https:\\\/\\\/www.accuratereviews.com\\\/it\\\/software-fitness-lista\\\/glofox-recensione\\\/#breadcrumb\"},\"inLanguage\":\"it-IT\",\"potentialAction\":[{\"@type\":\"ReadAction\",\"target\":[\"https:\\\/\\\/www.accuratereviews.com\\\/it\\\/software-fitness-lista\\\/glofox-recensione\\\/\"]}]},{\"@type\":\"ImageObject\",\"inLanguage\":\"it-IT\",\"@id\":\"https:\\\/\\\/www.accuratereviews.com\\\/it\\\/software-fitness-lista\\\/glofox-recensione\\\/#primaryimage\",\"url\":\"https:\\\/\\\/www.accuratereviews.com\\\/wp-content\\\/uploads\\\/2020\\\/04\\\/GLOFOX.png\",\"contentUrl\":\"https:\\\/\\\/www.accuratereviews.com\\\/wp-content\\\/uploads\\\/2020\\\/04\\\/GLOFOX.png\",\"width\":429,\"height\":257},{\"@type\":\"BreadcrumbList\",\"@id\":\"https:\\\/\\\/www.accuratereviews.com\\\/it\\\/software-fitness-lista\\\/glofox-recensione\\\/#breadcrumb\",\"itemListElement\":[{\"@type\":\"ListItem\",\"position\":1,\"name\":\"Home\",\"item\":\"https:\\\/\\\/www.accuratereviews.com\\\/it\\\/\"},{\"@type\":\"ListItem\",\"position\":2,\"name\":\"Software per fitness\",\"item\":\"https:\\\/\\\/www.accuratereviews.com\\\/it\\\/software-fitness-lista\\\/\"},{\"@type\":\"ListItem\",\"position\":3,\"name\":\"Glofox\"}]},{\"@type\":\"WebSite\",\"@id\":\"https:\\\/\\\/www.accuratereviews.com\\\/it\\\/#website\",\"url\":\"https:\\\/\\\/www.accuratereviews.com\\\/it\\\/\",\"name\":\"Accurate Reviews\",\"description\":\"\",\"potentialAction\":[{\"@type\":\"SearchAction\",\"target\":{\"@type\":\"EntryPoint\",\"urlTemplate\":\"https:\\\/\\\/www.accuratereviews.com\\\/it\\\/?s={search_term_string}\"},\"query-input\":{\"@type\":\"PropertyValueSpecification\",\"valueRequired\":true,\"valueName\":\"search_term_string\"}}],\"inLanguage\":\"it-IT\"}]}<\/script>\n<!-- \/ Yoast SEO plugin. -->","yoast_head_json":{"title":"Glofox: recensione software gestionale per palestre - Accurate Reviews","description":"Glofox: recensione software di gestione di palestre adatto per i proprietari che vogliono risparmiare tempo, aumentare le entrate e le iscrizioni.","robots":{"index":"index","follow":"follow","max-snippet":"max-snippet:-1","max-image-preview":"max-image-preview:large","max-video-preview":"max-video-preview:-1"},"canonical":"https:\/\/www.accuratereviews.com\/it\/software-fitness-lista\/glofox-recensione\/","og_locale":"it_IT","og_type":"article","og_title":"Glofox: recensione software gestionale per palestre - Accurate Reviews","og_description":"Glofox: recensione software di gestione di palestre adatto per i proprietari che vogliono risparmiare tempo, aumentare le entrate e le iscrizioni.","og_url":"https:\/\/www.accuratereviews.com\/it\/software-fitness-lista\/glofox-recensione\/","og_site_name":"Accurate Reviews","article_modified_time":"2020-08-04T13:34:05+00:00","og_image":[{"width":429,"height":257,"url":"https:\/\/www.accuratereviews.com\/wp-content\/uploads\/2020\/04\/GLOFOX.png","type":"image\/png"}],"twitter_card":"summary_large_image","twitter_misc":{"Tempo di lettura stimato":"3 minuti"},"schema":{"@context":"https:\/\/schema.org","@graph":[{"@type":"WebPage","@id":"https:\/\/www.accuratereviews.com\/it\/software-fitness-lista\/glofox-recensione\/","url":"https:\/\/www.accuratereviews.com\/it\/software-fitness-lista\/glofox-recensione\/","name":"Glofox: recensione software gestionale per palestre - Accurate Reviews","isPartOf":{"@id":"https:\/\/www.accuratereviews.com\/it\/#website"},"primaryImageOfPage":{"@id":"https:\/\/www.accuratereviews.com\/it\/software-fitness-lista\/glofox-recensione\/#primaryimage"},"image":{"@id":"https:\/\/www.accuratereviews.com\/it\/software-fitness-lista\/glofox-recensione\/#primaryimage"},"thumbnailUrl":"https:\/\/www.accuratereviews.com\/wp-content\/uploads\/2020\/04\/GLOFOX.png","datePublished":"2020-04-24T10:25:43+00:00","dateModified":"2020-08-04T13:34:05+00:00","description":"Glofox: recensione software di gestione di palestre adatto per i proprietari che vogliono risparmiare tempo, aumentare le entrate e le iscrizioni.","breadcrumb":{"@id":"https:\/\/www.accuratereviews.com\/it\/software-fitness-lista\/glofox-recensione\/#breadcrumb"},"inLanguage":"it-IT","potentialAction":[{"@type":"ReadAction","target":["https:\/\/www.accuratereviews.com\/it\/software-fitness-lista\/glofox-recensione\/"]}]},{"@type":"ImageObject","inLanguage":"it-IT","@id":"https:\/\/www.accuratereviews.com\/it\/software-fitness-lista\/glofox-recensione\/#primaryimage","url":"https:\/\/www.accuratereviews.com\/wp-content\/uploads\/2020\/04\/GLOFOX.png","contentUrl":"https:\/\/www.accuratereviews.com\/wp-content\/uploads\/2020\/04\/GLOFOX.png","width":429,"height":257},{"@type":"BreadcrumbList","@id":"https:\/\/www.accuratereviews.com\/it\/software-fitness-lista\/glofox-recensione\/#breadcrumb","itemListElement":[{"@type":"ListItem","position":1,"name":"Home","item":"https:\/\/www.accuratereviews.com\/it\/"},{"@type":"ListItem","position":2,"name":"Software per fitness","item":"https:\/\/www.accuratereviews.com\/it\/software-fitness-lista\/"},{"@type":"ListItem","position":3,"name":"Glofox"}]},{"@type":"WebSite","@id":"https:\/\/www.accuratereviews.com\/it\/#website","url":"https:\/\/www.accuratereviews.com\/it\/","name":"Accurate Reviews","description":"","potentialAction":[{"@type":"SearchAction","target":{"@type":"EntryPoint","urlTemplate":"https:\/\/www.accuratereviews.com\/it\/?s={search_term_string}"},"query-input":{"@type":"PropertyValueSpecification","valueRequired":true,"valueName":"search_term_string"}}],"inLanguage":"it-IT"}]}},"_links":{"self":[{"href":"https:\/\/www.accuratereviews.com\/it\/wp-json\/wp\/v2\/pages\/25684","targetHints":{"allow":["GET"]}}],"collection":[{"href":"https:\/\/www.accuratereviews.com\/it\/wp-json\/wp\/v2\/pages"}],"about":[{"href":"https:\/\/www.accuratereviews.com\/it\/wp-json\/wp\/v2\/types\/page"}],"author":[{"embeddable":true,"href":"https:\/\/www.accuratereviews.com\/it\/wp-json\/wp\/v2\/users\/19"}],"replies":[{"embeddable":true,"href":"https:\/\/www.accuratereviews.com\/it\/wp-json\/wp\/v2\/comments?post=25684"}],"version-history":[{"count":9,"href":"https:\/\/www.accuratereviews.com\/it\/wp-json\/wp\/v2\/pages\/25684\/revisions"}],"predecessor-version":[{"id":29367,"href":"https:\/\/www.accuratereviews.com\/it\/wp-json\/wp\/v2\/pages\/25684\/revisions\/29367"}],"up":[{"embeddable":true,"href":"https:\/\/www.accuratereviews.com\/it\/wp-json\/wp\/v2\/pages\/25524"}],"wp:featuredmedia":[{"embeddable":true,"href":"https:\/\/www.accuratereviews.com\/it\/wp-json\/wp\/v2\/media\/25688"}],"wp:attachment":[{"href":"https:\/\/www.accuratereviews.com\/it\/wp-json\/wp\/v2\/media?parent=25684"}],"wp:term":[{"taxonomy":"category","embeddable":true,"href":"https:\/\/www.accuratereviews.com\/it\/wp-json\/wp\/v2\/categories?post=25684"},{"taxonomy":"post_tag","embeddable":true,"href":"https:\/\/www.accuratereviews.com\/it\/wp-json\/wp\/v2\/tags?post=25684"},{"taxonomy":"features","embeddable":true,"href":"https:\/\/www.accuratereviews.com\/it\/wp-json\/wp\/v2\/features?post=25684"}],"curies":[{"name":"wp","href":"https:\/\/api.w.org\/{rel}","templated":true}]}}