{"id":25707,"date":"2020-04-24T10:26:31","date_gmt":"2020-04-24T10:26:31","guid":{"rendered":"https:\/\/www.accuratereviews.com\/?page_id=25707"},"modified":"2020-08-04T13:34:46","modified_gmt":"2020-08-04T13:34:46","slug":"wellnessliving-recensione","status":"publish","type":"page","link":"https:\/\/www.accuratereviews.com\/it\/software-fitness-lista\/wellnessliving-recensione\/","title":{"rendered":"WellnessLiving"},"content":{"rendered":"<p><strong>WellnessLiving<\/strong> \u00e8 una <strong>piattaforma di gestione aziendale all-in-one<\/strong> destinata alle aziende focalizzate sul benessere. Il software basato su <strong>cloud<\/strong> ha funzionalit\u00e0 che aiutano a prenotare online, pianificare le risorse, generare lead e altre attivit\u00e0 operative quotidiane di studi di yoga, palestre, centri benessere, saloni e altri stabilimenti simili.\u00a0La funzione di prenotazione online consente ai clienti di programmare lezioni o trattamenti utilizzando l&#8217;app mobile <strong>WellnessLiving<\/strong>, con notifiche automatiche inviate alla conferma. Questi appuntamenti sono integrati nel calendario unificato basato sul web dello stabilimento, sincronizzato su tutte le piattaforme, garantendo cos\u00ec che tutti i membri dello staff seguano lo stesso programma. Gli strumenti di analisi e reportistica forniscono agli utenti una panoramica accurata delle prestazioni della loro struttura in termini di contabilit\u00e0, personale e altri campi.<\/p>\n<h2>WELLNESSLIVING &#8211; TUTORIAL<\/h2>\n<p>Guardiamo il tutorial in cui illustra le nuove funzioni di questo software gestionale per palestre:<\/p>\n<div id=\"fluid-wrapper-counter-1\" class=\"g1-fluid-wrapper \" style=\"width:686px;\">\n<div style=\"padding-bottom:56.268221574344%;\"><iframe loading=\"lazy\" title=\"WellnessLiving February 2020 Release Notes\" width=\"686\" height=\"386\" src=\"https:\/\/www.youtube.com\/embed\/4Tlqb34bqjo?feature=oembed&amp;wmode=transparent&amp;autohide=1&amp;autoplay=0&amp;disablekb=0&amp;fs=1&amp;loop=0&amp;enablejsapi=1&amp;rel=0&amp;controls=2&amp;showinfo=0&amp;wmode=transparent&amp;autohide=2&amp;autoplay=0&amp;disablekb=0&amp;fs=1&amp;loop=0&amp;enablejsapi=1&amp;rel=0&amp;controls=2&amp;showinfo=1\" frameborder=\"0\" allow=\"accelerometer; autoplay; encrypted-media; gyroscope; picture-in-picture\" allowfullscreen><\/iframe><\/div>\n<\/div>\n<h3>WELLNESSLIVING &#8211; CARATTERISTICHE<\/h3>\n<ul>\n<li><strong>Integrato nel tuo sito<\/strong>: coinvolgi i tuoi clienti online con un programma di lezioni incorporato nel sito web del tuo centro benessere. Il programma viene aggiornato in tempo reale, garantendo che i tuoi clienti siano sempre aggiornati<\/li>\n<li><strong>App per iOS e Android:<\/strong> i clienti possono utilizzare l&#8217;app per iPhone e Android per condividere esperienze su Facebook, prenotare appuntamenti e pagare i servizi in un unico posto<\/li>\n<li><strong>Pagina Facebook:<\/strong> utilizza i nostri widget integrati per aggiungere una scheda di prenotazione alla pagina Facebook del tuo centro in pochi minuti e puoi consentire ai tuoi clienti di prenotare lezioni, appuntamenti, seminari e corsi direttamente dalla tua pagina<\/li>\n<li><strong>Notifiche istantanee via email e SMS<\/strong>: invia automaticamente email e messaggi SMS sia ai tuoi clienti che al tuo personale<\/li>\n<li><strong>Gestisci facilmente il tuo programma<\/strong>:\u00a0il programma basato su cloud semplifica i processi pi\u00f9 difficili, consentendoti di apportare modifiche al volo e perfettamente sincronizzato con il tuo sito.<\/li>\n<li><strong>Campagne mobili<\/strong>: crea, scegliere come target e inviare campagne di messaggi mobili. La funzione SMS pu\u00f2 aiutarti a raggiungere i clienti in movimento inviando messaggi di testo direttamente sul loro telefono cellulare<\/li>\n<li><strong>SEO e ottimizzazione per dispositivi mobili:<\/strong> ottieni un sito web ottimizzato per i dispositivi mobili che puoi personalizzare. I clienti possono prenotare appuntamenti, effettuare acquisti, ricevere promozioni speciali e scrivere recensioni direttamente dal tuo sito. Viene automaticamente ottimizzato per i motori di ricerca, aumentando il posizionamento di Google e la visibilit\u00e0 per i nuovi clienti<\/li>\n<li><strong>Tieni traccia di chi ha aperto le tue campagne email<\/strong>: invia le promozioni e le newsletter del tuo centro benessere direttamente da programma. Dai un&#8217;occhiata in qualsiasi momento per scoprire quali clienti hanno o non hanno aperto l&#8217;email<\/li>\n<li><strong>Rapporti personalizzati illimitati:<\/strong> ottieni una panoramica dettagliata del tuo centro benessere in qualsiasi momento con i report integrati e personalizzabili<\/li>\n<\/ul>\n<h4>LE RECENSIONI DEGLI UTENTI<\/h4>\n<h4 class=\"font-weight-bold my-1 d-flex align-items-center\">Bonnie G.&#8221;Grande piattaforma&#8221;<\/h4>\n<p><strong>Commenti: <\/strong>Lo consiglio vivamente per i proprietari di piccole imprese. Rende l&#8217;amministratore semplice e accessibile da qualsiasi dispositivo.<\/p>\n<p><strong>Vantaggi: <\/strong>Sono passato da MindBody dopo un anno di frustrazione. WL era facile da navigare. L&#8217;onboarding \u00e8 stato continuo e ho avuto zero interruzioni nella nostra funzionalit\u00e0 quotidiana. Come proprietario, ho bisogno di un approccio semplice alla gestione della mia attivit\u00e0 e di un&#8217;esperienza di qualit\u00e0 per i soci. WL ha consegnato entrambi!<\/p>\n<p><strong>Inconvenienti: <\/strong>Ho riscontrato alcuni problemi con l&#8217;app Elevate sul mio iPhone. \u00e8 stato lento caricare e filtrare le mie visualizzazioni.<\/p>\n<h4 class=\"font-weight-bold my-1 d-flex align-items-center\">Allison Z.\u00a0&#8220;\u00c8 un grande software cresciuto veloce&#8221;<\/h4>\n<p><strong>Commenti: <\/strong>Il software \u00e8 buono quasi tutti i giorni ma quando qualcosa non va la situazione diventa critica. Sono la migliore opzione per noi ora.<\/p>\n<p><strong>Vantaggi: <\/strong>Molto conveniente e ragionevolmente facile da usare. Offre una facile comunicazione con il cliente. Il marketing automatizzato \u00e8 fantastico.<\/p>\n<p><strong>Inconvenienti: <\/strong>Gli aggiornamenti e le modifiche sono incredibilmente imprevedibili e non sono stabili, probabilmente cambiando le cose che funzionano per non funzionare.<\/p>\n<h4 class=\"font-weight-bold my-1 d-flex align-items-center\">Mark C.&#8221;Cos\u00ec tante opzioni&#8221;<\/h4>\n<p><strong>Commenti: <\/strong>Nel complesso, tutto ci\u00f2 che potrebbe essere pensato come un bisogno di business, specialmente nella salute e nel benessere, \u00e8 incluso in questo software. C&#8217;\u00e8 un sacco di marketing e incentivo per attirare il coinvolgimento dei clienti e in questo breve arco di attenzione \u00e8 un grande vantaggio.<\/p>\n<p><strong>Vantaggi: <\/strong>Questo software ha cos\u00ec tante opzioni, \u00e8 cos\u00ec utile e si rivolge a cos\u00ec tanti mercati. La possibilit\u00e0 di impostare vendite, condividere coupon, fare campagne email \u00e8 cos\u00ec utile. Tutto in un unico posto rende il lavoro molto semplice. Ora che cos\u00ec tante persone usano il telefonino sono in grado di integrare molte delle opzioni mobili \u00e8 di grande aiuto.<\/p>\n<p><strong>Inconvenienti: <\/strong>L&#8217;automazione del marketing e del design sembrava un po &#8216;a corto di personalizzazione rispetto a tutto il resto sul sito. C&#8217;erano opzioni ma c&#8217;era un&#8217;aspettativa o pi\u00f9.<\/p>\n","protected":false},"excerpt":{"rendered":"<p>WellnessLiving \u00e8 una piattaforma di gestione aziendale all-in-one destinata alle aziende focalizzate sul benessere. Il software basato su cloud ha funzionalit\u00e0 che aiutano a prenotare online, pianificare le risorse, generare lead e altre attivit\u00e0 operative quotidiane di studi di yoga, palestre, centri benessere, saloni e altri stabilimenti simili.\u00a0<\/p>\n","protected":false},"author":19,"featured_media":25709,"parent":25524,"menu_order":0,"comment_status":"open","ping_status":"closed","template":"g1_template_page_review_new.php","meta":{"_acf_changed":false,"cwp_meta_box_check":"Yes","cwp_rev_product_name":"","cwp_rev_product_image":"","wppr_links":[],"cwp_rev_price":"","wppr_options":[],"wppr_pros":[],"wppr_cons":[],"_monsterinsights_skip_tracking":false,"_monsterinsights_sitenote_active":false,"_monsterinsights_sitenote_note":"","_monsterinsights_sitenote_category":0,"footnotes":""},"categories":[2629],"tags":[396,2630,2632,2636,2631,2633,2671],"features":[],"class_list":{"0":"post-25707","1":"page","2":"type-page","3":"status-publish","4":"has-post-thumbnail","6":"category-fitness-software","7":"tag-cloud","8":"tag-fitness-software","9":"tag-piattaforma-gestionale-per-palestre","10":"tag-programma-gestionale-per-palestre","11":"tag-software-gestionale-per-palestre","12":"tag-soluzione-gestionale-per-palestre","13":"tag-wellnessliving"},"wppr_data":{"cwp_meta_box_check":"Yes","cwp_rev_product_name":"","cwp_rev_product_image":"","cwp_image_link":"image","cwp_rev_price":"","wppr_rating":"0.00"},"acf":[],"yoast_head":"<!-- This site is optimized with the Yoast SEO plugin v27.4 - https:\/\/yoast.com\/product\/yoast-seo-wordpress\/ -->\n<title>WellnessLiving: recensione gestionale per palestre - Accurate Reviews<\/title>\n<meta name=\"description\" content=\"WellnessLiving: recensione piattaforma di gestione aziendale all-in-one destinata alle aziende focalizzate sul benessere.\" \/>\n<meta name=\"robots\" content=\"index, follow, max-snippet:-1, max-image-preview:large, max-video-preview:-1\" \/>\n<link rel=\"canonical\" href=\"https:\/\/www.accuratereviews.com\/it\/software-fitness-lista\/wellnessliving-recensione\/\" \/>\n<meta property=\"og:locale\" content=\"it_IT\" \/>\n<meta property=\"og:type\" content=\"article\" \/>\n<meta property=\"og:title\" content=\"WellnessLiving: recensione gestionale per palestre - Accurate Reviews\" \/>\n<meta property=\"og:description\" content=\"WellnessLiving: recensione piattaforma di gestione aziendale all-in-one destinata alle aziende focalizzate sul benessere.\" \/>\n<meta property=\"og:url\" content=\"https:\/\/www.accuratereviews.com\/it\/software-fitness-lista\/wellnessliving-recensione\/\" \/>\n<meta property=\"og:site_name\" content=\"Accurate Reviews\" \/>\n<meta property=\"article:modified_time\" content=\"2020-08-04T13:34:46+00:00\" \/>\n<meta property=\"og:image\" content=\"https:\/\/www.accuratereviews.com\/wp-content\/uploads\/2020\/04\/WellnessLiving.png\" \/>\n\t<meta property=\"og:image:width\" content=\"512\" \/>\n\t<meta property=\"og:image:height\" content=\"250\" \/>\n\t<meta property=\"og:image:type\" content=\"image\/png\" \/>\n<meta name=\"twitter:card\" content=\"summary_large_image\" \/>\n<meta name=\"twitter:label1\" content=\"Tempo di lettura stimato\" \/>\n\t<meta name=\"twitter:data1\" content=\"4 minuti\" \/>\n<script type=\"application\/ld+json\" class=\"yoast-schema-graph\">{\"@context\":\"https:\\\/\\\/schema.org\",\"@graph\":[{\"@type\":\"WebPage\",\"@id\":\"https:\\\/\\\/www.accuratereviews.com\\\/it\\\/software-fitness-lista\\\/wellnessliving-recensione\\\/\",\"url\":\"https:\\\/\\\/www.accuratereviews.com\\\/it\\\/software-fitness-lista\\\/wellnessliving-recensione\\\/\",\"name\":\"WellnessLiving: recensione gestionale per palestre - Accurate Reviews\",\"isPartOf\":{\"@id\":\"https:\\\/\\\/www.accuratereviews.com\\\/it\\\/#website\"},\"primaryImageOfPage\":{\"@id\":\"https:\\\/\\\/www.accuratereviews.com\\\/it\\\/software-fitness-lista\\\/wellnessliving-recensione\\\/#primaryimage\"},\"image\":{\"@id\":\"https:\\\/\\\/www.accuratereviews.com\\\/it\\\/software-fitness-lista\\\/wellnessliving-recensione\\\/#primaryimage\"},\"thumbnailUrl\":\"https:\\\/\\\/www.accuratereviews.com\\\/wp-content\\\/uploads\\\/2020\\\/04\\\/WellnessLiving.png\",\"datePublished\":\"2020-04-24T10:26:31+00:00\",\"dateModified\":\"2020-08-04T13:34:46+00:00\",\"description\":\"WellnessLiving: recensione piattaforma di gestione aziendale all-in-one destinata alle aziende focalizzate sul benessere.\",\"breadcrumb\":{\"@id\":\"https:\\\/\\\/www.accuratereviews.com\\\/it\\\/software-fitness-lista\\\/wellnessliving-recensione\\\/#breadcrumb\"},\"inLanguage\":\"it-IT\",\"potentialAction\":[{\"@type\":\"ReadAction\",\"target\":[\"https:\\\/\\\/www.accuratereviews.com\\\/it\\\/software-fitness-lista\\\/wellnessliving-recensione\\\/\"]}]},{\"@type\":\"ImageObject\",\"inLanguage\":\"it-IT\",\"@id\":\"https:\\\/\\\/www.accuratereviews.com\\\/it\\\/software-fitness-lista\\\/wellnessliving-recensione\\\/#primaryimage\",\"url\":\"https:\\\/\\\/www.accuratereviews.com\\\/wp-content\\\/uploads\\\/2020\\\/04\\\/WellnessLiving.png\",\"contentUrl\":\"https:\\\/\\\/www.accuratereviews.com\\\/wp-content\\\/uploads\\\/2020\\\/04\\\/WellnessLiving.png\",\"width\":512,\"height\":250},{\"@type\":\"BreadcrumbList\",\"@id\":\"https:\\\/\\\/www.accuratereviews.com\\\/it\\\/software-fitness-lista\\\/wellnessliving-recensione\\\/#breadcrumb\",\"itemListElement\":[{\"@type\":\"ListItem\",\"position\":1,\"name\":\"Home\",\"item\":\"https:\\\/\\\/www.accuratereviews.com\\\/it\\\/\"},{\"@type\":\"ListItem\",\"position\":2,\"name\":\"Software per fitness\",\"item\":\"https:\\\/\\\/www.accuratereviews.com\\\/it\\\/software-fitness-lista\\\/\"},{\"@type\":\"ListItem\",\"position\":3,\"name\":\"WellnessLiving\"}]},{\"@type\":\"WebSite\",\"@id\":\"https:\\\/\\\/www.accuratereviews.com\\\/it\\\/#website\",\"url\":\"https:\\\/\\\/www.accuratereviews.com\\\/it\\\/\",\"name\":\"Accurate Reviews\",\"description\":\"\",\"potentialAction\":[{\"@type\":\"SearchAction\",\"target\":{\"@type\":\"EntryPoint\",\"urlTemplate\":\"https:\\\/\\\/www.accuratereviews.com\\\/it\\\/?s={search_term_string}\"},\"query-input\":{\"@type\":\"PropertyValueSpecification\",\"valueRequired\":true,\"valueName\":\"search_term_string\"}}],\"inLanguage\":\"it-IT\"}]}<\/script>\n<!-- \/ Yoast SEO plugin. -->","yoast_head_json":{"title":"WellnessLiving: recensione gestionale per palestre - Accurate Reviews","description":"WellnessLiving: recensione piattaforma di gestione aziendale all-in-one destinata alle aziende focalizzate sul benessere.","robots":{"index":"index","follow":"follow","max-snippet":"max-snippet:-1","max-image-preview":"max-image-preview:large","max-video-preview":"max-video-preview:-1"},"canonical":"https:\/\/www.accuratereviews.com\/it\/software-fitness-lista\/wellnessliving-recensione\/","og_locale":"it_IT","og_type":"article","og_title":"WellnessLiving: recensione gestionale per palestre - Accurate Reviews","og_description":"WellnessLiving: recensione piattaforma di gestione aziendale all-in-one destinata alle aziende focalizzate sul benessere.","og_url":"https:\/\/www.accuratereviews.com\/it\/software-fitness-lista\/wellnessliving-recensione\/","og_site_name":"Accurate Reviews","article_modified_time":"2020-08-04T13:34:46+00:00","og_image":[{"width":512,"height":250,"url":"https:\/\/www.accuratereviews.com\/wp-content\/uploads\/2020\/04\/WellnessLiving.png","type":"image\/png"}],"twitter_card":"summary_large_image","twitter_misc":{"Tempo di lettura stimato":"4 minuti"},"schema":{"@context":"https:\/\/schema.org","@graph":[{"@type":"WebPage","@id":"https:\/\/www.accuratereviews.com\/it\/software-fitness-lista\/wellnessliving-recensione\/","url":"https:\/\/www.accuratereviews.com\/it\/software-fitness-lista\/wellnessliving-recensione\/","name":"WellnessLiving: recensione gestionale per palestre - Accurate Reviews","isPartOf":{"@id":"https:\/\/www.accuratereviews.com\/it\/#website"},"primaryImageOfPage":{"@id":"https:\/\/www.accuratereviews.com\/it\/software-fitness-lista\/wellnessliving-recensione\/#primaryimage"},"image":{"@id":"https:\/\/www.accuratereviews.com\/it\/software-fitness-lista\/wellnessliving-recensione\/#primaryimage"},"thumbnailUrl":"https:\/\/www.accuratereviews.com\/wp-content\/uploads\/2020\/04\/WellnessLiving.png","datePublished":"2020-04-24T10:26:31+00:00","dateModified":"2020-08-04T13:34:46+00:00","description":"WellnessLiving: recensione piattaforma di gestione aziendale all-in-one destinata alle aziende focalizzate sul benessere.","breadcrumb":{"@id":"https:\/\/www.accuratereviews.com\/it\/software-fitness-lista\/wellnessliving-recensione\/#breadcrumb"},"inLanguage":"it-IT","potentialAction":[{"@type":"ReadAction","target":["https:\/\/www.accuratereviews.com\/it\/software-fitness-lista\/wellnessliving-recensione\/"]}]},{"@type":"ImageObject","inLanguage":"it-IT","@id":"https:\/\/www.accuratereviews.com\/it\/software-fitness-lista\/wellnessliving-recensione\/#primaryimage","url":"https:\/\/www.accuratereviews.com\/wp-content\/uploads\/2020\/04\/WellnessLiving.png","contentUrl":"https:\/\/www.accuratereviews.com\/wp-content\/uploads\/2020\/04\/WellnessLiving.png","width":512,"height":250},{"@type":"BreadcrumbList","@id":"https:\/\/www.accuratereviews.com\/it\/software-fitness-lista\/wellnessliving-recensione\/#breadcrumb","itemListElement":[{"@type":"ListItem","position":1,"name":"Home","item":"https:\/\/www.accuratereviews.com\/it\/"},{"@type":"ListItem","position":2,"name":"Software per fitness","item":"https:\/\/www.accuratereviews.com\/it\/software-fitness-lista\/"},{"@type":"ListItem","position":3,"name":"WellnessLiving"}]},{"@type":"WebSite","@id":"https:\/\/www.accuratereviews.com\/it\/#website","url":"https:\/\/www.accuratereviews.com\/it\/","name":"Accurate Reviews","description":"","potentialAction":[{"@type":"SearchAction","target":{"@type":"EntryPoint","urlTemplate":"https:\/\/www.accuratereviews.com\/it\/?s={search_term_string}"},"query-input":{"@type":"PropertyValueSpecification","valueRequired":true,"valueName":"search_term_string"}}],"inLanguage":"it-IT"}]}},"_links":{"self":[{"href":"https:\/\/www.accuratereviews.com\/it\/wp-json\/wp\/v2\/pages\/25707","targetHints":{"allow":["GET"]}}],"collection":[{"href":"https:\/\/www.accuratereviews.com\/it\/wp-json\/wp\/v2\/pages"}],"about":[{"href":"https:\/\/www.accuratereviews.com\/it\/wp-json\/wp\/v2\/types\/page"}],"author":[{"embeddable":true,"href":"https:\/\/www.accuratereviews.com\/it\/wp-json\/wp\/v2\/users\/19"}],"replies":[{"embeddable":true,"href":"https:\/\/www.accuratereviews.com\/it\/wp-json\/wp\/v2\/comments?post=25707"}],"version-history":[{"count":7,"href":"https:\/\/www.accuratereviews.com\/it\/wp-json\/wp\/v2\/pages\/25707\/revisions"}],"predecessor-version":[{"id":29368,"href":"https:\/\/www.accuratereviews.com\/it\/wp-json\/wp\/v2\/pages\/25707\/revisions\/29368"}],"up":[{"embeddable":true,"href":"https:\/\/www.accuratereviews.com\/it\/wp-json\/wp\/v2\/pages\/25524"}],"wp:featuredmedia":[{"embeddable":true,"href":"https:\/\/www.accuratereviews.com\/it\/wp-json\/wp\/v2\/media\/25709"}],"wp:attachment":[{"href":"https:\/\/www.accuratereviews.com\/it\/wp-json\/wp\/v2\/media?parent=25707"}],"wp:term":[{"taxonomy":"category","embeddable":true,"href":"https:\/\/www.accuratereviews.com\/it\/wp-json\/wp\/v2\/categories?post=25707"},{"taxonomy":"post_tag","embeddable":true,"href":"https:\/\/www.accuratereviews.com\/it\/wp-json\/wp\/v2\/tags?post=25707"},{"taxonomy":"features","embeddable":true,"href":"https:\/\/www.accuratereviews.com\/it\/wp-json\/wp\/v2\/features?post=25707"}],"curies":[{"name":"wp","href":"https:\/\/api.w.org\/{rel}","templated":true}]}}