{"id":25790,"date":"2020-04-27T10:50:33","date_gmt":"2020-04-27T10:50:33","guid":{"rendered":"https:\/\/www.accuratereviews.com\/?page_id=25790"},"modified":"2020-04-27T10:50:33","modified_gmt":"2020-04-27T10:50:33","slug":"pushpress-recensione","status":"publish","type":"page","link":"https:\/\/www.accuratereviews.com\/it\/software-fitness-lista\/pushpress-recensione\/","title":{"rendered":"PushPress"},"content":{"rendered":"<p><strong>PushPress<\/strong> \u00e8 un solido <strong>software di gestione delle appartenenze<\/strong> basato su <strong>cloud<\/strong>\u00a0sviluppato principalmente per soddisfare le esigenze del <strong>settore del fitness<\/strong>. \u00c8 una soluzione robusta che semplifica le routine quotidiane delle palestre come fatturazione, check-in, gestione dei clienti, prenotazioni, gestione dei lead e tracciamento delle presenze. Concentrandosi principalmente sulla facilit\u00e0 d&#8217;uso,<strong> PushPress<\/strong>\u00a0consentire ai proprietari di studi di yoga, affiliati CrossFit, palestre MMA e altre strutture del genere di gestire facilmente la propria attivit\u00e0.\u00a0Inoltre, PushPress sfrutta la tecnologia estensibile e l&#8217;intuitivit\u00e0 per automatizzare e semplificare la complessa gestione delle iscrizioni. Aumenta anche la fidelizzazione dei soci permettendo di mantenere buone relazioni con tutti i clienti. La piattaforma si integra con applicazioni come Zapier, WordPress, Stripe, MailChimp e Slack.<\/p>\n<h2>PUSHPRESS &#8211; TUTORIAL<\/h2>\n<p>Questo tutorial illustra i passaggi necessari per impostare un limite di prenotazione per un allenamento in palestra, utilizzando questo <strong>software per il fitness<\/strong>:<\/p>\n<div id=\"fluid-wrapper-counter-1\" class=\"g1-fluid-wrapper \" style=\"width:686px;\">\n<div style=\"padding-bottom:56.268221574344%;\"><iframe loading=\"lazy\" title=\"How to: Set class reservation limits and Waitlist in PushPress\" width=\"515\" height=\"386\" src=\"https:\/\/www.youtube.com\/embed\/NXCLo3AgvBI?feature=oembed&amp;wmode=transparent&amp;autohide=1&amp;autoplay=0&amp;disablekb=0&amp;fs=1&amp;loop=0&amp;enablejsapi=1&amp;rel=0&amp;controls=2&amp;showinfo=0&amp;wmode=transparent&amp;autohide=2&amp;autoplay=0&amp;disablekb=0&amp;fs=1&amp;loop=0&amp;enablejsapi=1&amp;rel=0&amp;controls=2&amp;showinfo=1\" frameborder=\"0\" allow=\"accelerometer; autoplay; encrypted-media; gyroscope; picture-in-picture\" allowfullscreen><\/iframe><\/div>\n<\/div>\n<h3>PUSHPRESS &#8211; CARATTERISTICHE<\/h3>\n<ul>\n<li>Pagine di autoiscrizione sul tuo sito internet<\/li>\n<li>Integrazioni e dati condivisi con gli altri tuoi strumenti<\/li>\n<li>Utilizza l&#8217; app nativa personalizzata per verificare che i membri dispongano di un account valido<\/li>\n<li>Vendi abbigliamento, bevande sportive e integratori in pochi secondi<\/li>\n<li>Vedi l&#8217;allenamento del giorno e chi ha effettuato il check-in in classe<\/li>\n<\/ul>\n<h4>LE RECENSIONI DEGLI UTENTI<\/h4>\n<h4 class=\"font-weight-bold my-1 d-flex align-items-center\">Dan G.&#8221;Ci siamo dentro insieme&#8221;<\/h4>\n<p><strong>Commenti: <\/strong>Come ogni relazione, ci saranno alti e bassi, alla fine della giornata sono felice di sentire che PushPress \u00e8 &#8220;in lotta&#8221; con noi che non \u00e8 qualcosa che tutti i software di gestione dei membri possono dire<\/p>\n<p><strong>Vantaggi: <\/strong>L&#8217;assistenza clienti \u00e8 fenomenale e migliorano costantemente il prodotto e si adattano alle tendenze \/ ai problemi attuali<\/p>\n<p><strong>Inconvenienti: <\/strong>La cosa che mi piace meno di PushPress \u00e8 che non sono passato a loro prima<\/p>\n<h4 class=\"font-weight-bold my-1 d-flex align-items-center\">Sommer H.&#8221;Ne e &#8216;valsa la pena!&#8221;<\/h4>\n<p><strong>Commenti: <\/strong>Questo programmato mi ha permesso di integrare la programmazione acquistata e risparmiare cos\u00ec tante ore! Adoro l&#8217;app per i clienti, super facile da navigare!<\/p>\n<p><strong>Vantaggi: <\/strong>Adoro il modo in cui questo \u00e8 integrato con SugarWOD ed \u00e8 facile da usare.<\/p>\n<p><strong>Inconvenienti: <\/strong>Mancano alcune funzionalit\u00e0 dal lato dei rapporti e della fatturazione.<\/p>\n<h4 class=\"font-weight-bold my-1 d-flex align-items-center\">Jerry M.&#8221;App straordinaria con grandi funzionalit\u00e0&#8221;<\/h4>\n<p><strong>Commenti: <\/strong>Mi piace poter utilizzare 1 app per gestire i miei clienti, lezioni, fatturazione, vendite e anche appuntamenti, rende le cose molto pi\u00f9 semplici rispetto a dover utilizzare pi\u00f9 app.<\/p>\n<p><strong>Vantaggi: <\/strong>Adoro le funzionalit\u00e0 disponibili con l&#8217;applicazione, la capacit\u00e0 di gestire non solo i membri, ma anche la loro fatturazione, i pagamenti, la capacit\u00e0 di self-service e le funzionalit\u00e0 aggiuntive come l&#8217;app per il check-in, l&#8217;app di vendita e l&#8217;app delle schermate di classe.<\/p>\n<p><strong>Inconvenienti: <\/strong>Purtroppo ho trovato una serie di bug o stranezze all&#8217;interno dell&#8217;app. Il pi\u00f9 delle volte il team \u00e8 stato fantastico a lavorarci su e risolvere solo un paio di elementi eccezionali, ma non darei la colpa a Pushpress, parte dell&#8217;integrazione con il calendario di Google.<\/p>\n","protected":false},"excerpt":{"rendered":"<p>PushPress \u00e8 un solido software di gestione delle appartenenze basato su cloud\u00a0sviluppato principalmente per soddisfare le esigenze del settore del fitness. \u00c8 una soluzione robusta che semplifica le routine quotidiane delle palestre come fatturazione, check-in, gestione dei clienti, prenotazioni, gestione dei lead e tracciamento delle presenze.<\/p>\n","protected":false},"author":19,"featured_media":25792,"parent":25524,"menu_order":0,"comment_status":"open","ping_status":"closed","template":"g1_template_page_review_new.php","meta":{"_acf_changed":false,"cwp_meta_box_check":"Yes","cwp_rev_product_name":"","cwp_rev_product_image":"","wppr_links":[],"cwp_rev_price":"","wppr_options":[],"wppr_pros":[],"wppr_cons":[],"_monsterinsights_skip_tracking":false,"_monsterinsights_sitenote_active":false,"_monsterinsights_sitenote_note":"","_monsterinsights_sitenote_category":0,"footnotes":""},"categories":[2629],"tags":[396,2630,2632,2636,2631,2633],"features":[],"class_list":{"0":"post-25790","1":"page","2":"type-page","3":"status-publish","4":"has-post-thumbnail","6":"category-fitness-software","7":"tag-cloud","8":"tag-fitness-software","9":"tag-piattaforma-gestionale-per-palestre","10":"tag-programma-gestionale-per-palestre","11":"tag-software-gestionale-per-palestre","12":"tag-soluzione-gestionale-per-palestre"},"wppr_data":{"cwp_meta_box_check":"Yes","cwp_rev_product_name":"","cwp_rev_product_image":"","cwp_image_link":"image","cwp_rev_price":"","wppr_rating":"0.00"},"acf":[],"yoast_head":"<!-- This site is optimized with the Yoast SEO plugin v27.4 - https:\/\/yoast.com\/product\/yoast-seo-wordpress\/ -->\n<title>PushPress: recensione software gestionale palestre - Accurate Reviews<\/title>\n<meta name=\"description\" content=\"PushPress: recensione software di gestione delle appartenenze basato su cloud\u00a0sviluppato principalmente per soddisfare le esigenze del settore del fitness.\" \/>\n<meta name=\"robots\" content=\"index, follow, max-snippet:-1, max-image-preview:large, max-video-preview:-1\" \/>\n<link rel=\"canonical\" href=\"https:\/\/www.accuratereviews.com\/it\/software-fitness-lista\/pushpress-recensione\/\" \/>\n<meta property=\"og:locale\" content=\"it_IT\" \/>\n<meta property=\"og:type\" content=\"article\" \/>\n<meta property=\"og:title\" content=\"PushPress: recensione software gestionale palestre - Accurate Reviews\" \/>\n<meta property=\"og:description\" content=\"PushPress: recensione software di gestione delle appartenenze basato su cloud\u00a0sviluppato principalmente per soddisfare le esigenze del settore del fitness.\" \/>\n<meta property=\"og:url\" content=\"https:\/\/www.accuratereviews.com\/it\/software-fitness-lista\/pushpress-recensione\/\" \/>\n<meta property=\"og:site_name\" content=\"Accurate Reviews\" \/>\n<meta property=\"og:image\" content=\"https:\/\/www.accuratereviews.com\/wp-content\/uploads\/2020\/04\/PushPress.png\" \/>\n\t<meta property=\"og:image:width\" content=\"200\" \/>\n\t<meta property=\"og:image:height\" content=\"200\" \/>\n\t<meta property=\"og:image:type\" content=\"image\/png\" \/>\n<meta name=\"twitter:card\" content=\"summary_large_image\" \/>\n<meta name=\"twitter:label1\" content=\"Tempo di lettura stimato\" \/>\n\t<meta name=\"twitter:data1\" content=\"2 minuti\" \/>\n<script type=\"application\/ld+json\" class=\"yoast-schema-graph\">{\"@context\":\"https:\\\/\\\/schema.org\",\"@graph\":[{\"@type\":\"WebPage\",\"@id\":\"https:\\\/\\\/www.accuratereviews.com\\\/it\\\/software-fitness-lista\\\/pushpress-recensione\\\/\",\"url\":\"https:\\\/\\\/www.accuratereviews.com\\\/it\\\/software-fitness-lista\\\/pushpress-recensione\\\/\",\"name\":\"PushPress: recensione software gestionale palestre - Accurate Reviews\",\"isPartOf\":{\"@id\":\"https:\\\/\\\/www.accuratereviews.com\\\/it\\\/#website\"},\"primaryImageOfPage\":{\"@id\":\"https:\\\/\\\/www.accuratereviews.com\\\/it\\\/software-fitness-lista\\\/pushpress-recensione\\\/#primaryimage\"},\"image\":{\"@id\":\"https:\\\/\\\/www.accuratereviews.com\\\/it\\\/software-fitness-lista\\\/pushpress-recensione\\\/#primaryimage\"},\"thumbnailUrl\":\"https:\\\/\\\/www.accuratereviews.com\\\/wp-content\\\/uploads\\\/2020\\\/04\\\/PushPress.png\",\"datePublished\":\"2020-04-27T10:50:33+00:00\",\"description\":\"PushPress: recensione software di gestione delle appartenenze basato su cloud\u00a0sviluppato principalmente per soddisfare le esigenze del settore del fitness.\",\"breadcrumb\":{\"@id\":\"https:\\\/\\\/www.accuratereviews.com\\\/it\\\/software-fitness-lista\\\/pushpress-recensione\\\/#breadcrumb\"},\"inLanguage\":\"it-IT\",\"potentialAction\":[{\"@type\":\"ReadAction\",\"target\":[\"https:\\\/\\\/www.accuratereviews.com\\\/it\\\/software-fitness-lista\\\/pushpress-recensione\\\/\"]}]},{\"@type\":\"ImageObject\",\"inLanguage\":\"it-IT\",\"@id\":\"https:\\\/\\\/www.accuratereviews.com\\\/it\\\/software-fitness-lista\\\/pushpress-recensione\\\/#primaryimage\",\"url\":\"https:\\\/\\\/www.accuratereviews.com\\\/wp-content\\\/uploads\\\/2020\\\/04\\\/PushPress.png\",\"contentUrl\":\"https:\\\/\\\/www.accuratereviews.com\\\/wp-content\\\/uploads\\\/2020\\\/04\\\/PushPress.png\",\"width\":200,\"height\":200},{\"@type\":\"BreadcrumbList\",\"@id\":\"https:\\\/\\\/www.accuratereviews.com\\\/it\\\/software-fitness-lista\\\/pushpress-recensione\\\/#breadcrumb\",\"itemListElement\":[{\"@type\":\"ListItem\",\"position\":1,\"name\":\"Home\",\"item\":\"https:\\\/\\\/www.accuratereviews.com\\\/it\\\/\"},{\"@type\":\"ListItem\",\"position\":2,\"name\":\"Software per fitness\",\"item\":\"https:\\\/\\\/www.accuratereviews.com\\\/it\\\/software-fitness-lista\\\/\"},{\"@type\":\"ListItem\",\"position\":3,\"name\":\"PushPress\"}]},{\"@type\":\"WebSite\",\"@id\":\"https:\\\/\\\/www.accuratereviews.com\\\/it\\\/#website\",\"url\":\"https:\\\/\\\/www.accuratereviews.com\\\/it\\\/\",\"name\":\"Accurate Reviews\",\"description\":\"\",\"potentialAction\":[{\"@type\":\"SearchAction\",\"target\":{\"@type\":\"EntryPoint\",\"urlTemplate\":\"https:\\\/\\\/www.accuratereviews.com\\\/it\\\/?s={search_term_string}\"},\"query-input\":{\"@type\":\"PropertyValueSpecification\",\"valueRequired\":true,\"valueName\":\"search_term_string\"}}],\"inLanguage\":\"it-IT\"}]}<\/script>\n<!-- \/ Yoast SEO plugin. -->","yoast_head_json":{"title":"PushPress: recensione software gestionale palestre - Accurate Reviews","description":"PushPress: recensione software di gestione delle appartenenze basato su cloud\u00a0sviluppato principalmente per soddisfare le esigenze del settore del fitness.","robots":{"index":"index","follow":"follow","max-snippet":"max-snippet:-1","max-image-preview":"max-image-preview:large","max-video-preview":"max-video-preview:-1"},"canonical":"https:\/\/www.accuratereviews.com\/it\/software-fitness-lista\/pushpress-recensione\/","og_locale":"it_IT","og_type":"article","og_title":"PushPress: recensione software gestionale palestre - Accurate Reviews","og_description":"PushPress: recensione software di gestione delle appartenenze basato su cloud\u00a0sviluppato principalmente per soddisfare le esigenze del settore del fitness.","og_url":"https:\/\/www.accuratereviews.com\/it\/software-fitness-lista\/pushpress-recensione\/","og_site_name":"Accurate Reviews","og_image":[{"width":200,"height":200,"url":"https:\/\/www.accuratereviews.com\/wp-content\/uploads\/2020\/04\/PushPress.png","type":"image\/png"}],"twitter_card":"summary_large_image","twitter_misc":{"Tempo di lettura stimato":"2 minuti"},"schema":{"@context":"https:\/\/schema.org","@graph":[{"@type":"WebPage","@id":"https:\/\/www.accuratereviews.com\/it\/software-fitness-lista\/pushpress-recensione\/","url":"https:\/\/www.accuratereviews.com\/it\/software-fitness-lista\/pushpress-recensione\/","name":"PushPress: recensione software gestionale palestre - Accurate Reviews","isPartOf":{"@id":"https:\/\/www.accuratereviews.com\/it\/#website"},"primaryImageOfPage":{"@id":"https:\/\/www.accuratereviews.com\/it\/software-fitness-lista\/pushpress-recensione\/#primaryimage"},"image":{"@id":"https:\/\/www.accuratereviews.com\/it\/software-fitness-lista\/pushpress-recensione\/#primaryimage"},"thumbnailUrl":"https:\/\/www.accuratereviews.com\/wp-content\/uploads\/2020\/04\/PushPress.png","datePublished":"2020-04-27T10:50:33+00:00","description":"PushPress: recensione software di gestione delle appartenenze basato su cloud\u00a0sviluppato principalmente per soddisfare le esigenze del settore del fitness.","breadcrumb":{"@id":"https:\/\/www.accuratereviews.com\/it\/software-fitness-lista\/pushpress-recensione\/#breadcrumb"},"inLanguage":"it-IT","potentialAction":[{"@type":"ReadAction","target":["https:\/\/www.accuratereviews.com\/it\/software-fitness-lista\/pushpress-recensione\/"]}]},{"@type":"ImageObject","inLanguage":"it-IT","@id":"https:\/\/www.accuratereviews.com\/it\/software-fitness-lista\/pushpress-recensione\/#primaryimage","url":"https:\/\/www.accuratereviews.com\/wp-content\/uploads\/2020\/04\/PushPress.png","contentUrl":"https:\/\/www.accuratereviews.com\/wp-content\/uploads\/2020\/04\/PushPress.png","width":200,"height":200},{"@type":"BreadcrumbList","@id":"https:\/\/www.accuratereviews.com\/it\/software-fitness-lista\/pushpress-recensione\/#breadcrumb","itemListElement":[{"@type":"ListItem","position":1,"name":"Home","item":"https:\/\/www.accuratereviews.com\/it\/"},{"@type":"ListItem","position":2,"name":"Software per fitness","item":"https:\/\/www.accuratereviews.com\/it\/software-fitness-lista\/"},{"@type":"ListItem","position":3,"name":"PushPress"}]},{"@type":"WebSite","@id":"https:\/\/www.accuratereviews.com\/it\/#website","url":"https:\/\/www.accuratereviews.com\/it\/","name":"Accurate Reviews","description":"","potentialAction":[{"@type":"SearchAction","target":{"@type":"EntryPoint","urlTemplate":"https:\/\/www.accuratereviews.com\/it\/?s={search_term_string}"},"query-input":{"@type":"PropertyValueSpecification","valueRequired":true,"valueName":"search_term_string"}}],"inLanguage":"it-IT"}]}},"_links":{"self":[{"href":"https:\/\/www.accuratereviews.com\/it\/wp-json\/wp\/v2\/pages\/25790","targetHints":{"allow":["GET"]}}],"collection":[{"href":"https:\/\/www.accuratereviews.com\/it\/wp-json\/wp\/v2\/pages"}],"about":[{"href":"https:\/\/www.accuratereviews.com\/it\/wp-json\/wp\/v2\/types\/page"}],"author":[{"embeddable":true,"href":"https:\/\/www.accuratereviews.com\/it\/wp-json\/wp\/v2\/users\/19"}],"replies":[{"embeddable":true,"href":"https:\/\/www.accuratereviews.com\/it\/wp-json\/wp\/v2\/comments?post=25790"}],"version-history":[{"count":5,"href":"https:\/\/www.accuratereviews.com\/it\/wp-json\/wp\/v2\/pages\/25790\/revisions"}],"predecessor-version":[{"id":25829,"href":"https:\/\/www.accuratereviews.com\/it\/wp-json\/wp\/v2\/pages\/25790\/revisions\/25829"}],"up":[{"embeddable":true,"href":"https:\/\/www.accuratereviews.com\/it\/wp-json\/wp\/v2\/pages\/25524"}],"wp:featuredmedia":[{"embeddable":true,"href":"https:\/\/www.accuratereviews.com\/it\/wp-json\/wp\/v2\/media\/25792"}],"wp:attachment":[{"href":"https:\/\/www.accuratereviews.com\/it\/wp-json\/wp\/v2\/media?parent=25790"}],"wp:term":[{"taxonomy":"category","embeddable":true,"href":"https:\/\/www.accuratereviews.com\/it\/wp-json\/wp\/v2\/categories?post=25790"},{"taxonomy":"post_tag","embeddable":true,"href":"https:\/\/www.accuratereviews.com\/it\/wp-json\/wp\/v2\/tags?post=25790"},{"taxonomy":"features","embeddable":true,"href":"https:\/\/www.accuratereviews.com\/it\/wp-json\/wp\/v2\/features?post=25790"}],"curies":[{"name":"wp","href":"https:\/\/api.w.org\/{rel}","templated":true}]}}