{"id":25798,"date":"2020-04-28T10:27:26","date_gmt":"2020-04-28T10:27:26","guid":{"rendered":"https:\/\/www.accuratereviews.com\/?page_id=25798"},"modified":"2020-04-28T10:27:26","modified_gmt":"2020-04-28T10:27:26","slug":"truecoach-recensione","status":"publish","type":"page","link":"https:\/\/www.accuratereviews.com\/it\/software-fitness-lista\/truecoach-recensione\/","title":{"rendered":"TrueCoach"},"content":{"rendered":"<p><strong>TrueCoach<\/strong> \u00e8 una <strong>piattaforma di gestione aziendale di fitness<\/strong> e coaching che funge da sportello unico per le esigenze amministrative dei proprietari. Viene utilizzato da oltre 5.000 istruttori e palestre in tutto il mondo grazie alle sue solide funzionalit\u00e0: offre agli allenatori una chiara panoramica dei programmi di allenamento e dei progressi dei loro clienti per garantire che siano sulla strada giusta. Ci\u00f2 consente inoltre agli istruttori di focalizzare la propria attenzione sui clienti che necessitano maggiormente della loro assistenza quando necessario. Pertanto, aumenta la responsabilit\u00e0 dei clienti in termini di conformit\u00e0, affinch\u00e9 siano maggiormente coinvolti nei loro programmi di formazione. <strong>TrueCoach<\/strong>\u00a0con la sua funzione di monitoraggio della nutrizione consente agli allenatori di assegnare obiettivi nutrizionali ai propri atleti.\u00a0La soluzione quindi monitora i loro progressi e li visualizza in un grafico facilmente comprensibile. Pertanto, i formatori possono vedere a colpo d&#8217;occhio la situazione dei loro atleti e decidere se aumentare o ridurre la difficolt\u00e0 del programma nutrizionale.<\/p>\n<h2>TRUECOACH &#8211; TUTORIAL<\/h2>\n<p>Ecco un tutorial in cui illustra come utilizzare al meglio applicazione di questo <strong>software gestionale per palestre<\/strong>:<\/p>\n<div id=\"fluid-wrapper-counter-1\" class=\"g1-fluid-wrapper \" style=\"width:686px;\">\n<div style=\"padding-bottom:56.268221574344%;\"><iframe loading=\"lazy\" title=\"TrueCoach Client Tutorial\" width=\"515\" height=\"386\" src=\"https:\/\/www.youtube.com\/embed\/pveP_iETP3c?feature=oembed&amp;wmode=transparent&amp;autohide=1&amp;autoplay=0&amp;disablekb=0&amp;fs=1&amp;loop=0&amp;enablejsapi=1&amp;rel=0&amp;controls=2&amp;showinfo=0&amp;wmode=transparent&amp;autohide=2&amp;autoplay=0&amp;disablekb=0&amp;fs=1&amp;loop=0&amp;enablejsapi=1&amp;rel=0&amp;controls=2&amp;showinfo=1\" frameborder=\"0\" allow=\"accelerometer; autoplay; encrypted-media; gyroscope; picture-in-picture\" allowfullscreen><\/iframe><\/div>\n<\/div>\n<h3>TRUECOACH &#8211; CARATTERISTICHE<\/h3>\n<ul>\n<li><strong>Gestione del cliente<\/strong>: organizza tutti i tuoi clienti e i loro allenamenti in un unico posto. Semplifica l&#8217;aggiunta di nuovi clienti, la realizzazione di piani di allenamento personalizzati, il monitoraggio dei progressi e la comunicazione<\/li>\n<li><strong>Notifiche di posta elettronica<\/strong>: \u00a0avvisa automaticamente i tuoi clienti degli allenamenti imminenti in anticipo<\/li>\n<li><strong>Monitoraggio dei progressi:<\/strong> facilita il monitoraggio della cronologia e delle metriche dell&#8217;esercizio, in modo che sia possibile registrare i risultati e visualizzare i progressi per raggiungere gli obiettivi<\/li>\n<li><strong>Program Builder<\/strong>: progetta tutta una serie di allenamenti per i tuoi clienti con questo \u00a0programma<\/li>\n<li><strong>Monitoraggio nutrizionale<\/strong>: assegna obiettivi di alto livello e misura i progressi nel tempo per ogni atleta<\/li>\n<li><strong>Account del team<\/strong>: invita nuovi allenatori nella tua squadra, condividi la tua libreria di esercizi e programmi e porta la tua attivit\u00e0 di coaching a nuovi livelli<\/li>\n<li><strong>Temi personalizzati<\/strong>: personalizza il tuo account con il tuo logo e colori<\/li>\n<li><strong>Pannello di controllo<\/strong>: su uno schermo saprai rapidamente cosa stanno facendo i tuoi clienti e dove si trovano in un ciclo di programmazione, in modo da poter dare loro quello che vogliono prima che te lo chiedano<\/li>\n<\/ul>\n<h4>LE RECENSIONI DEGLI UTENTI<\/h4>\n<h4 class=\"font-weight-bold my-1 d-flex align-items-center\">Chad O.&#8221;Eccellente per la programmazione. Non amministratore aziendale&#8221;<\/h4>\n<p><strong>Commenti: <\/strong>Truecoach \u00e8 stato fantastico per me come personal trainer. Ora \u00e8 diventato e spese aggiuntive come imprenditore. Manca un sistema di email, un software di presenza, un&#8217;elaborazione approfondita \/ automatica dei pagamenti, un&#8217;app Android, rapporti sui redditi, un negozio, ecc. Manca il 90% di ci\u00f2 che \u00e8 necessario per gestire una palestra. Tuttavia, se sei un personal trainer e niente di pi\u00f9, per farlo!<\/p>\n<p><strong>Vantaggi: <\/strong>La parte di programmazione personale \u00e8 piuttosto incredibile, lo adoro. Tiene traccia di tutti i risultati dal primo giorno<\/p>\n<p><strong>Inconvenienti: <\/strong>Il sistema di pagamento \u00e8 in gran parte carente.\u00a0Mancanza di un&#8217;app Android, solo iPhone.\u00a0Nessun aspetto dell&#8217;amministratore del business fitness<\/p>\n<h4 class=\"font-weight-bold my-1 d-flex align-items-center\">Giulia I.&#8221;True Coach mi rende un allenatore migliore&#8221;<\/h4>\n<p><strong>Commenti: <\/strong>Organizzare i miei clienti progredisce in modo significativo e osservabile per loro e per me.<\/p>\n<p><strong>Vantaggi: <\/strong>True Coach non \u00e8 solo una grande libreria (e una a cui posso aggiungere) di esercizi da utilizzare per la formazione di prescrizioni, \u00e8 un sistema che mi permette di organizzare ognuno dei miei clienti .<\/p>\n<p><strong>Inconvenienti: <\/strong>Sarebbe bello se consentisse il pagamento e fungesse da CRM. L\u00ec non c&#8217;\u00e8 davvero un buon CRM per il fitness. I CRM disponibili si basano sul modello di fitness di gruppo e non sul design individuale.<\/p>\n<h4 class=\"font-weight-bold my-1 d-flex align-items-center\">James B.&#8221;Ottimo software: guarda verso il futuro&#8221;<\/h4>\n<p><strong>Commenti: <\/strong>Eccezionale. Grande squadra. Fantastico prodotto. Altamente raccomandato.<\/p>\n<p><strong>Vantaggi: <\/strong>TrueCoach \u00e8 perfetto per il trainer \/ coach che desidera implementare un servizio personalizzato. Facile da usare, grandi funzionalit\u00e0 e idee sempre nuove che escono. Hanno messo l&#8217;utente finale e il trainer al primo posto nell&#8217;esperienza.<\/p>\n<p><strong>Inconvenienti: <\/strong>1. Nessuna app andoid (ancora)\u00a02. Nessuna connessione con tracker di salute e fitness come fitbit \/ apple health per fare passi in avanti.\u00a03. Nessuna connessione per estrarre i dati da say garmin per le persone che praticano sport di resistenza. Punti minori, ma solo belle idee per il futuro.<\/p>\n","protected":false},"excerpt":{"rendered":"<p>TrueCoach \u00e8 una piattaforma di gestione aziendale di fitness e coaching che funge da sportello unico per le esigenze amministrative dei proprietari. Viene utilizzato da oltre 5.000 istruttori e palestre in tutto il mondo grazie alle sue solide funzionalit\u00e0: offre agli allenatori una chiara panoramica dei programmi di allenamento e dei progressi dei loro clienti per garantire che siano sulla strada giusta.<\/p>\n","protected":false},"author":19,"featured_media":25802,"parent":25524,"menu_order":0,"comment_status":"open","ping_status":"closed","template":"g1_template_page_review_new.php","meta":{"_acf_changed":false,"cwp_meta_box_check":"Yes","cwp_rev_product_name":"","cwp_rev_product_image":"","wppr_links":[],"cwp_rev_price":"","wppr_options":[],"wppr_pros":[],"wppr_cons":[],"_monsterinsights_skip_tracking":false,"_monsterinsights_sitenote_active":false,"_monsterinsights_sitenote_note":"","_monsterinsights_sitenote_category":0,"footnotes":""},"categories":[2629],"tags":[2630,2632,2636,2631,2633,2713],"features":[],"class_list":{"0":"post-25798","1":"page","2":"type-page","3":"status-publish","4":"has-post-thumbnail","6":"category-fitness-software","7":"tag-fitness-software","8":"tag-piattaforma-gestionale-per-palestre","9":"tag-programma-gestionale-per-palestre","10":"tag-software-gestionale-per-palestre","11":"tag-soluzione-gestionale-per-palestre","12":"tag-truecoach"},"wppr_data":{"cwp_meta_box_check":"Yes","cwp_rev_product_name":"","cwp_rev_product_image":"","cwp_image_link":"image","cwp_rev_price":"","wppr_rating":"0.00"},"acf":[],"yoast_head":"<!-- This site is optimized with the Yoast SEO plugin v27.4 - https:\/\/yoast.com\/product\/yoast-seo-wordpress\/ -->\n<title>TrueCoach: recensione software gestionale palestre - Accurate Reviews<\/title>\n<meta name=\"description\" content=\"TrueCoach: recensione piattaforma di gestione aziendale di fitness e coaching che funge da sportello unico per le esigenze amministrative dei proprietari.\" \/>\n<meta name=\"robots\" content=\"index, follow, max-snippet:-1, max-image-preview:large, max-video-preview:-1\" \/>\n<link rel=\"canonical\" href=\"https:\/\/www.accuratereviews.com\/it\/software-fitness-lista\/truecoach-recensione\/\" \/>\n<meta property=\"og:locale\" content=\"it_IT\" \/>\n<meta property=\"og:type\" content=\"article\" \/>\n<meta property=\"og:title\" content=\"TrueCoach: recensione software gestionale palestre - Accurate Reviews\" \/>\n<meta property=\"og:description\" content=\"TrueCoach: recensione piattaforma di gestione aziendale di fitness e coaching che funge da sportello unico per le esigenze amministrative dei proprietari.\" \/>\n<meta property=\"og:url\" content=\"https:\/\/www.accuratereviews.com\/it\/software-fitness-lista\/truecoach-recensione\/\" \/>\n<meta property=\"og:site_name\" content=\"Accurate Reviews\" \/>\n<meta property=\"og:image\" content=\"https:\/\/www.accuratereviews.com\/wp-content\/uploads\/2020\/04\/truecoach_purple.png\" \/>\n\t<meta property=\"og:image:width\" content=\"1058\" \/>\n\t<meta property=\"og:image:height\" content=\"517\" \/>\n\t<meta property=\"og:image:type\" content=\"image\/png\" \/>\n<meta name=\"twitter:card\" content=\"summary_large_image\" \/>\n<meta name=\"twitter:label1\" content=\"Tempo di lettura stimato\" \/>\n\t<meta name=\"twitter:data1\" content=\"3 minuti\" \/>\n<script type=\"application\/ld+json\" class=\"yoast-schema-graph\">{\"@context\":\"https:\\\/\\\/schema.org\",\"@graph\":[{\"@type\":\"WebPage\",\"@id\":\"https:\\\/\\\/www.accuratereviews.com\\\/it\\\/software-fitness-lista\\\/truecoach-recensione\\\/\",\"url\":\"https:\\\/\\\/www.accuratereviews.com\\\/it\\\/software-fitness-lista\\\/truecoach-recensione\\\/\",\"name\":\"TrueCoach: recensione software gestionale palestre - Accurate Reviews\",\"isPartOf\":{\"@id\":\"https:\\\/\\\/www.accuratereviews.com\\\/it\\\/#website\"},\"primaryImageOfPage\":{\"@id\":\"https:\\\/\\\/www.accuratereviews.com\\\/it\\\/software-fitness-lista\\\/truecoach-recensione\\\/#primaryimage\"},\"image\":{\"@id\":\"https:\\\/\\\/www.accuratereviews.com\\\/it\\\/software-fitness-lista\\\/truecoach-recensione\\\/#primaryimage\"},\"thumbnailUrl\":\"https:\\\/\\\/www.accuratereviews.com\\\/wp-content\\\/uploads\\\/2020\\\/04\\\/truecoach_purple.png\",\"datePublished\":\"2020-04-28T10:27:26+00:00\",\"description\":\"TrueCoach: recensione piattaforma di gestione aziendale di fitness e coaching che funge da sportello unico per le esigenze amministrative dei proprietari.\",\"breadcrumb\":{\"@id\":\"https:\\\/\\\/www.accuratereviews.com\\\/it\\\/software-fitness-lista\\\/truecoach-recensione\\\/#breadcrumb\"},\"inLanguage\":\"it-IT\",\"potentialAction\":[{\"@type\":\"ReadAction\",\"target\":[\"https:\\\/\\\/www.accuratereviews.com\\\/it\\\/software-fitness-lista\\\/truecoach-recensione\\\/\"]}]},{\"@type\":\"ImageObject\",\"inLanguage\":\"it-IT\",\"@id\":\"https:\\\/\\\/www.accuratereviews.com\\\/it\\\/software-fitness-lista\\\/truecoach-recensione\\\/#primaryimage\",\"url\":\"https:\\\/\\\/www.accuratereviews.com\\\/wp-content\\\/uploads\\\/2020\\\/04\\\/truecoach_purple.png\",\"contentUrl\":\"https:\\\/\\\/www.accuratereviews.com\\\/wp-content\\\/uploads\\\/2020\\\/04\\\/truecoach_purple.png\",\"width\":1058,\"height\":517},{\"@type\":\"BreadcrumbList\",\"@id\":\"https:\\\/\\\/www.accuratereviews.com\\\/it\\\/software-fitness-lista\\\/truecoach-recensione\\\/#breadcrumb\",\"itemListElement\":[{\"@type\":\"ListItem\",\"position\":1,\"name\":\"Home\",\"item\":\"https:\\\/\\\/www.accuratereviews.com\\\/it\\\/\"},{\"@type\":\"ListItem\",\"position\":2,\"name\":\"Software per fitness\",\"item\":\"https:\\\/\\\/www.accuratereviews.com\\\/it\\\/software-fitness-lista\\\/\"},{\"@type\":\"ListItem\",\"position\":3,\"name\":\"TrueCoach\"}]},{\"@type\":\"WebSite\",\"@id\":\"https:\\\/\\\/www.accuratereviews.com\\\/it\\\/#website\",\"url\":\"https:\\\/\\\/www.accuratereviews.com\\\/it\\\/\",\"name\":\"Accurate Reviews\",\"description\":\"\",\"potentialAction\":[{\"@type\":\"SearchAction\",\"target\":{\"@type\":\"EntryPoint\",\"urlTemplate\":\"https:\\\/\\\/www.accuratereviews.com\\\/it\\\/?s={search_term_string}\"},\"query-input\":{\"@type\":\"PropertyValueSpecification\",\"valueRequired\":true,\"valueName\":\"search_term_string\"}}],\"inLanguage\":\"it-IT\"}]}<\/script>\n<!-- \/ Yoast SEO plugin. -->","yoast_head_json":{"title":"TrueCoach: recensione software gestionale palestre - Accurate Reviews","description":"TrueCoach: recensione piattaforma di gestione aziendale di fitness e coaching che funge da sportello unico per le esigenze amministrative dei proprietari.","robots":{"index":"index","follow":"follow","max-snippet":"max-snippet:-1","max-image-preview":"max-image-preview:large","max-video-preview":"max-video-preview:-1"},"canonical":"https:\/\/www.accuratereviews.com\/it\/software-fitness-lista\/truecoach-recensione\/","og_locale":"it_IT","og_type":"article","og_title":"TrueCoach: recensione software gestionale palestre - Accurate Reviews","og_description":"TrueCoach: recensione piattaforma di gestione aziendale di fitness e coaching che funge da sportello unico per le esigenze amministrative dei proprietari.","og_url":"https:\/\/www.accuratereviews.com\/it\/software-fitness-lista\/truecoach-recensione\/","og_site_name":"Accurate Reviews","og_image":[{"width":1058,"height":517,"url":"https:\/\/www.accuratereviews.com\/wp-content\/uploads\/2020\/04\/truecoach_purple.png","type":"image\/png"}],"twitter_card":"summary_large_image","twitter_misc":{"Tempo di lettura stimato":"3 minuti"},"schema":{"@context":"https:\/\/schema.org","@graph":[{"@type":"WebPage","@id":"https:\/\/www.accuratereviews.com\/it\/software-fitness-lista\/truecoach-recensione\/","url":"https:\/\/www.accuratereviews.com\/it\/software-fitness-lista\/truecoach-recensione\/","name":"TrueCoach: recensione software gestionale palestre - Accurate Reviews","isPartOf":{"@id":"https:\/\/www.accuratereviews.com\/it\/#website"},"primaryImageOfPage":{"@id":"https:\/\/www.accuratereviews.com\/it\/software-fitness-lista\/truecoach-recensione\/#primaryimage"},"image":{"@id":"https:\/\/www.accuratereviews.com\/it\/software-fitness-lista\/truecoach-recensione\/#primaryimage"},"thumbnailUrl":"https:\/\/www.accuratereviews.com\/wp-content\/uploads\/2020\/04\/truecoach_purple.png","datePublished":"2020-04-28T10:27:26+00:00","description":"TrueCoach: recensione piattaforma di gestione aziendale di fitness e coaching che funge da sportello unico per le esigenze amministrative dei proprietari.","breadcrumb":{"@id":"https:\/\/www.accuratereviews.com\/it\/software-fitness-lista\/truecoach-recensione\/#breadcrumb"},"inLanguage":"it-IT","potentialAction":[{"@type":"ReadAction","target":["https:\/\/www.accuratereviews.com\/it\/software-fitness-lista\/truecoach-recensione\/"]}]},{"@type":"ImageObject","inLanguage":"it-IT","@id":"https:\/\/www.accuratereviews.com\/it\/software-fitness-lista\/truecoach-recensione\/#primaryimage","url":"https:\/\/www.accuratereviews.com\/wp-content\/uploads\/2020\/04\/truecoach_purple.png","contentUrl":"https:\/\/www.accuratereviews.com\/wp-content\/uploads\/2020\/04\/truecoach_purple.png","width":1058,"height":517},{"@type":"BreadcrumbList","@id":"https:\/\/www.accuratereviews.com\/it\/software-fitness-lista\/truecoach-recensione\/#breadcrumb","itemListElement":[{"@type":"ListItem","position":1,"name":"Home","item":"https:\/\/www.accuratereviews.com\/it\/"},{"@type":"ListItem","position":2,"name":"Software per fitness","item":"https:\/\/www.accuratereviews.com\/it\/software-fitness-lista\/"},{"@type":"ListItem","position":3,"name":"TrueCoach"}]},{"@type":"WebSite","@id":"https:\/\/www.accuratereviews.com\/it\/#website","url":"https:\/\/www.accuratereviews.com\/it\/","name":"Accurate Reviews","description":"","potentialAction":[{"@type":"SearchAction","target":{"@type":"EntryPoint","urlTemplate":"https:\/\/www.accuratereviews.com\/it\/?s={search_term_string}"},"query-input":{"@type":"PropertyValueSpecification","valueRequired":true,"valueName":"search_term_string"}}],"inLanguage":"it-IT"}]}},"_links":{"self":[{"href":"https:\/\/www.accuratereviews.com\/it\/wp-json\/wp\/v2\/pages\/25798","targetHints":{"allow":["GET"]}}],"collection":[{"href":"https:\/\/www.accuratereviews.com\/it\/wp-json\/wp\/v2\/pages"}],"about":[{"href":"https:\/\/www.accuratereviews.com\/it\/wp-json\/wp\/v2\/types\/page"}],"author":[{"embeddable":true,"href":"https:\/\/www.accuratereviews.com\/it\/wp-json\/wp\/v2\/users\/19"}],"replies":[{"embeddable":true,"href":"https:\/\/www.accuratereviews.com\/it\/wp-json\/wp\/v2\/comments?post=25798"}],"version-history":[{"count":8,"href":"https:\/\/www.accuratereviews.com\/it\/wp-json\/wp\/v2\/pages\/25798\/revisions"}],"predecessor-version":[{"id":25895,"href":"https:\/\/www.accuratereviews.com\/it\/wp-json\/wp\/v2\/pages\/25798\/revisions\/25895"}],"up":[{"embeddable":true,"href":"https:\/\/www.accuratereviews.com\/it\/wp-json\/wp\/v2\/pages\/25524"}],"wp:featuredmedia":[{"embeddable":true,"href":"https:\/\/www.accuratereviews.com\/it\/wp-json\/wp\/v2\/media\/25802"}],"wp:attachment":[{"href":"https:\/\/www.accuratereviews.com\/it\/wp-json\/wp\/v2\/media?parent=25798"}],"wp:term":[{"taxonomy":"category","embeddable":true,"href":"https:\/\/www.accuratereviews.com\/it\/wp-json\/wp\/v2\/categories?post=25798"},{"taxonomy":"post_tag","embeddable":true,"href":"https:\/\/www.accuratereviews.com\/it\/wp-json\/wp\/v2\/tags?post=25798"},{"taxonomy":"features","embeddable":true,"href":"https:\/\/www.accuratereviews.com\/it\/wp-json\/wp\/v2\/features?post=25798"}],"curies":[{"name":"wp","href":"https:\/\/api.w.org\/{rel}","templated":true}]}}