{"id":25810,"date":"2020-04-27T10:50:03","date_gmt":"2020-04-27T10:50:03","guid":{"rendered":"https:\/\/www.accuratereviews.com\/?page_id=25810"},"modified":"2020-04-27T10:50:03","modified_gmt":"2020-04-27T10:50:03","slug":"fitsw-recensione","status":"publish","type":"page","link":"https:\/\/www.accuratereviews.com\/it\/software-fitness-lista\/fitsw-recensione\/","title":{"rendered":"FitSW"},"content":{"rendered":"<p><strong>FitSW<\/strong> \u00e8 un<strong> software di fitness<\/strong> completo e ricco di funzionalit\u00e0 che aiuta le aziende a crescere e massimizzare i successi dei clienti. \u00c8 una soluzione basata sul web che ha anche app native per <strong>iOS e Android<\/strong>. Questo significa che hai uno strumento di comunicazione che ti consente di entrare in contatto con i tuoi clienti all&#8217;istante. Ci\u00f2 li coinvolge e ti consente di motivarli di volta in volta per garantire che aderiscano ai programmi di fitness e nutrizione personalizzati. Con quasi un migliaio di video di esercizi, <strong>FitSW<\/strong> pu\u00f2 aiutarti a creare piani di allenamento dinamici e mirati. Di conseguenza, \u00e8 possibile soddisfare una vasta gamma di clienti con diversi obiettivi. La soluzione ha inoltre un modulo di pianificazione nutrizionale. Puoi creare men\u00f9, registrare il consumo di alimenti e tenere traccia dei registri dei tuoi atleti.<\/p>\n<h2>FITSW &#8211; TUTORIAL<\/h2>\n<p>Mantieni i clienti del fitness motivati \u200b\u200bcon il monitoraggio grafico dei progressi e crea allenamenti + diete personalizzati. Guarda il tutorial che segue:<\/p>\n<div id=\"fluid-wrapper-counter-1\" class=\"g1-fluid-wrapper \" style=\"width:686px;\">\n<div style=\"padding-bottom:56.268221574344%;\"><iframe loading=\"lazy\" title=\"FitSW Client Management Demo\" width=\"686\" height=\"386\" src=\"https:\/\/www.youtube.com\/embed\/infS_UUjHkE?feature=oembed&amp;wmode=transparent&amp;autohide=1&amp;autoplay=0&amp;disablekb=0&amp;fs=1&amp;loop=0&amp;enablejsapi=1&amp;rel=0&amp;controls=2&amp;showinfo=0&amp;wmode=transparent&amp;autohide=2&amp;autoplay=0&amp;disablekb=0&amp;fs=1&amp;loop=0&amp;enablejsapi=1&amp;rel=0&amp;controls=2&amp;showinfo=1\" frameborder=\"0\" allow=\"accelerometer; autoplay; encrypted-media; gyroscope; picture-in-picture\" allowfullscreen><\/iframe><\/div>\n<\/div>\n<h3>FITSW &#8211; CARATTERISTICHE<\/h3>\n<ul>\n<li><strong>Allenamento<\/strong>: crea e offri facilmente allenamenti personalizzati ai tuoi clienti<\/li>\n<li><strong>Esercizi<\/strong>: utilizza la libreria di quasi 1000 esercizi o creane uno tuo<\/li>\n<li><strong>Nutrizione e creazione di men\u00f9<\/strong>: crea facilmente men\u00f9, registra assunzioni di alimenti e utilizza registri nutrizionali modificabili<\/li>\n<li><strong>Gestione del cliente<\/strong>: gestisci tutte le informazioni dei tuoi clienti in un unico posto accessibile da qualsiasi luogo<\/li>\n<li><strong>File clienti<\/strong>: chiedi ai tuoi atleti di compilare moduli come il PAR-Q online e archiviarli online<\/li>\n<li><strong>Programmazione e Calendario<\/strong>: gestisci i tuoi impegni da qualsiasi luogo. Include promemoria automatici<\/li>\n<li><strong>Grafici di tracciamento di progresso<\/strong>: traccia i progressi della forma fisica dei clienti per qualsiasi metrica per motivarli<\/li>\n<li><strong>Foto<\/strong>: crea, archivia e condividi i progressi di fitness prima e dopo con foto<\/li>\n<li><strong>Blog e gestione dei contenuti<\/strong>: pubblica facilmente articoli, immagini o video da condividere<\/li>\n<li><strong>Messaggi in tempo reale<\/strong>: invia messaggi ai tuoi clienti in tempo reale direttamente dalle app e sul sito web<\/li>\n<li><strong>Email automatizzate:<\/strong> avvisa automaticamente i clienti degli allenamenti imminenti, nuovi piani alimentari e nuovi obiettivi<\/li>\n<li><strong>Pagamenti:<\/strong> accetta pagamenti dai clienti tramite le nostre app o sulla tua pagina personale<\/li>\n<\/ul>\n<h4>LE RECENSIONI DEGLI UTENTI<\/h4>\n<h4 class=\"font-weight-bold my-1 d-flex align-items-center\">Mark C.\u00a0&#8220;Tutto in un unico posto&#8221;<\/h4>\n<p><strong>Commenti: <\/strong>Per gli ambiziosi, questo software \u00e8 un sogno. la capacit\u00e0 di connettersi con i clienti e condividere informazioni avanti e indietro e comunicare non ha prezzo. All&#8217;epoca ha permesso ad alcuni dei trainer di connettersi con i clienti e condividere i dettagli per raggiungere meglio i propri obiettivi.<\/p>\n<p><strong>Vantaggi: <\/strong>se c&#8217;era un trainer che cercava di capire la propria attivit\u00e0 o di lavorare con i clienti dopo il fatto che questo software \u00e8 un vincitore. Offre la porzione di video e immagini che aiuta nella diagnosi e nella scelta migliore. Aiuta con i piani di upload o di nutrizione e il contenuto del blog che aiuta con il viaggio verso il benessere.<\/p>\n<p><strong>Inconvenienti: <\/strong>L&#8217;unico problema che non ci \u00e8 piaciuto \u00e8 stato il modo in cui le immagini di confronto non fossero ben visualizzate. Anche se ho diminuito la qualit\u00e0 della foto non sono riuscito a metterle a confronto.<\/p>\n<h4 class=\"font-weight-bold my-1 d-flex align-items-center\">Jordan j. P.&#8221;Obiettivi su misura portano i clienti a riuscire&#8221;<\/h4>\n<p><strong>Commenti: <\/strong>Gestisco pi\u00f9 clienti contemporaneamente. Risultati, grafici di avanzamento, messaggistica, obiettivi quotidiani ed esercizi sono in un unico posto. Mantiene gli affari in app e non nei miei messaggi di testo personali. I video forniscono immagini dei clienti su come allenarsi.<\/p>\n<p><strong>Vantaggi: <\/strong>Posso creare obiettivi misurabili giornalieri per ogni cliente. I clienti tracciano nell&#8217;app se l&#8217;obiettivo \u00e8 stato raggiunto o meno. Client e io messaggio in tempo reale in app. In questo modo, discutiamo degli ostacoli e dei prossimi passi. Ci\u00f2 mi ha permesso di inviare messaggi ai clienti durante le vacanze per mantenere alta la motivazione e il morale. I clienti sono rimasti in pista.<\/p>\n<p><strong>Inconvenienti: <\/strong>Vorrei marchiare la mia pagina. Ci\u00f2 lo renderebbe pi\u00f9 professionale per le imprese. Rendi questa un&#8217;opzione anche se c&#8217;\u00e8 un costo per essa.<\/p>\n<h4 class=\"font-weight-bold my-1 d-flex align-items-center\">Caitlynn D.\u00a0&#8220;Ottima istruzione e pianificazione&#8221;<\/h4>\n<p><strong>Commenti: <\/strong>Sorprendente!<\/p>\n<p><strong>Vantaggi: <\/strong>Il mio allenatore mi ha fatto iniziare ad usare FitSW con lui e adoro tutto questo! \u00c8 cos\u00ec facile per me fare gli allenamenti che pianifica per me ora perch\u00e9 tutto \u00e8 elencato passo dopo passo e posso guardare video e tutorial su come fare gli esercizi! Mi tiene sicuramente in pista!<\/p>\n<p><strong>Inconvenienti: <\/strong>Mi piace tutto ci\u00f2 che ho usato finora nell&#8217;app FitSW!<\/p>\n","protected":false},"excerpt":{"rendered":"<p>FitSW \u00e8 un software di fitness completo e ricco di funzionalit\u00e0 che aiuta le aziende a crescere e massimizzare i successi dei clienti. \u00c8 una soluzione basata sul web che ha anche app native per iOS e Android. Questo significa che hai uno strumento di comunicazione che ti consente di entrare in contatto con i tuoi clienti all&#8217;istante.<\/p>\n","protected":false},"author":19,"featured_media":25816,"parent":25524,"menu_order":0,"comment_status":"open","ping_status":"closed","template":"g1_template_page_review_new.php","meta":{"_acf_changed":false,"cwp_meta_box_check":"Yes","cwp_rev_product_name":"","cwp_rev_product_image":"","wppr_links":[],"cwp_rev_price":"","wppr_options":[],"wppr_pros":[],"wppr_cons":[],"_monsterinsights_skip_tracking":false,"_monsterinsights_sitenote_active":false,"_monsterinsights_sitenote_note":"","_monsterinsights_sitenote_category":0,"footnotes":""},"categories":[2629],"tags":[2630,2632,2636,2631,2633],"features":[],"class_list":{"0":"post-25810","1":"page","2":"type-page","3":"status-publish","4":"has-post-thumbnail","6":"category-fitness-software","7":"tag-fitness-software","8":"tag-piattaforma-gestionale-per-palestre","9":"tag-programma-gestionale-per-palestre","10":"tag-software-gestionale-per-palestre","11":"tag-soluzione-gestionale-per-palestre"},"wppr_data":{"cwp_meta_box_check":"Yes","cwp_rev_product_name":"","cwp_rev_product_image":"","cwp_image_link":"image","cwp_rev_price":"","wppr_rating":"0.00"},"acf":[],"yoast_head":"<!-- This site is optimized with the Yoast SEO plugin v27.4 - https:\/\/yoast.com\/product\/yoast-seo-wordpress\/ -->\n<title>FitSW: recensione software gestionale per palestre - Accurate Reviews<\/title>\n<meta name=\"description\" content=\"FitSW: recensione software di fitness completo e ricco di funzionalit\u00e0 che aiuta le aziende a crescere e massimizzare i successi dei clienti.\" \/>\n<meta name=\"robots\" content=\"index, follow, max-snippet:-1, max-image-preview:large, max-video-preview:-1\" \/>\n<link rel=\"canonical\" href=\"https:\/\/www.accuratereviews.com\/it\/software-fitness-lista\/fitsw-recensione\/\" \/>\n<meta property=\"og:locale\" content=\"it_IT\" \/>\n<meta property=\"og:type\" content=\"article\" \/>\n<meta property=\"og:title\" content=\"FitSW: recensione software gestionale per palestre - Accurate Reviews\" \/>\n<meta property=\"og:description\" content=\"FitSW: recensione software di fitness completo e ricco di funzionalit\u00e0 che aiuta le aziende a crescere e massimizzare i successi dei clienti.\" \/>\n<meta property=\"og:url\" content=\"https:\/\/www.accuratereviews.com\/it\/software-fitness-lista\/fitsw-recensione\/\" \/>\n<meta property=\"og:site_name\" content=\"Accurate Reviews\" \/>\n<meta property=\"og:image\" content=\"https:\/\/www.accuratereviews.com\/wp-content\/uploads\/2020\/04\/fitsw.png\" \/>\n\t<meta property=\"og:image:width\" content=\"310\" \/>\n\t<meta property=\"og:image:height\" content=\"310\" \/>\n\t<meta property=\"og:image:type\" content=\"image\/png\" \/>\n<meta name=\"twitter:card\" content=\"summary_large_image\" \/>\n<meta name=\"twitter:label1\" content=\"Tempo di lettura stimato\" \/>\n\t<meta name=\"twitter:data1\" content=\"4 minuti\" \/>\n<script type=\"application\/ld+json\" class=\"yoast-schema-graph\">{\"@context\":\"https:\\\/\\\/schema.org\",\"@graph\":[{\"@type\":\"WebPage\",\"@id\":\"https:\\\/\\\/www.accuratereviews.com\\\/it\\\/software-fitness-lista\\\/fitsw-recensione\\\/\",\"url\":\"https:\\\/\\\/www.accuratereviews.com\\\/it\\\/software-fitness-lista\\\/fitsw-recensione\\\/\",\"name\":\"FitSW: recensione software gestionale per palestre - Accurate Reviews\",\"isPartOf\":{\"@id\":\"https:\\\/\\\/www.accuratereviews.com\\\/it\\\/#website\"},\"primaryImageOfPage\":{\"@id\":\"https:\\\/\\\/www.accuratereviews.com\\\/it\\\/software-fitness-lista\\\/fitsw-recensione\\\/#primaryimage\"},\"image\":{\"@id\":\"https:\\\/\\\/www.accuratereviews.com\\\/it\\\/software-fitness-lista\\\/fitsw-recensione\\\/#primaryimage\"},\"thumbnailUrl\":\"https:\\\/\\\/www.accuratereviews.com\\\/wp-content\\\/uploads\\\/2020\\\/04\\\/fitsw.png\",\"datePublished\":\"2020-04-27T10:50:03+00:00\",\"description\":\"FitSW: recensione software di fitness completo e ricco di funzionalit\u00e0 che aiuta le aziende a crescere e massimizzare i successi dei clienti.\",\"breadcrumb\":{\"@id\":\"https:\\\/\\\/www.accuratereviews.com\\\/it\\\/software-fitness-lista\\\/fitsw-recensione\\\/#breadcrumb\"},\"inLanguage\":\"it-IT\",\"potentialAction\":[{\"@type\":\"ReadAction\",\"target\":[\"https:\\\/\\\/www.accuratereviews.com\\\/it\\\/software-fitness-lista\\\/fitsw-recensione\\\/\"]}]},{\"@type\":\"ImageObject\",\"inLanguage\":\"it-IT\",\"@id\":\"https:\\\/\\\/www.accuratereviews.com\\\/it\\\/software-fitness-lista\\\/fitsw-recensione\\\/#primaryimage\",\"url\":\"https:\\\/\\\/www.accuratereviews.com\\\/wp-content\\\/uploads\\\/2020\\\/04\\\/fitsw.png\",\"contentUrl\":\"https:\\\/\\\/www.accuratereviews.com\\\/wp-content\\\/uploads\\\/2020\\\/04\\\/fitsw.png\",\"width\":310,\"height\":310},{\"@type\":\"BreadcrumbList\",\"@id\":\"https:\\\/\\\/www.accuratereviews.com\\\/it\\\/software-fitness-lista\\\/fitsw-recensione\\\/#breadcrumb\",\"itemListElement\":[{\"@type\":\"ListItem\",\"position\":1,\"name\":\"Home\",\"item\":\"https:\\\/\\\/www.accuratereviews.com\\\/it\\\/\"},{\"@type\":\"ListItem\",\"position\":2,\"name\":\"Software per fitness\",\"item\":\"https:\\\/\\\/www.accuratereviews.com\\\/it\\\/software-fitness-lista\\\/\"},{\"@type\":\"ListItem\",\"position\":3,\"name\":\"FitSW\"}]},{\"@type\":\"WebSite\",\"@id\":\"https:\\\/\\\/www.accuratereviews.com\\\/it\\\/#website\",\"url\":\"https:\\\/\\\/www.accuratereviews.com\\\/it\\\/\",\"name\":\"Accurate Reviews\",\"description\":\"\",\"potentialAction\":[{\"@type\":\"SearchAction\",\"target\":{\"@type\":\"EntryPoint\",\"urlTemplate\":\"https:\\\/\\\/www.accuratereviews.com\\\/it\\\/?s={search_term_string}\"},\"query-input\":{\"@type\":\"PropertyValueSpecification\",\"valueRequired\":true,\"valueName\":\"search_term_string\"}}],\"inLanguage\":\"it-IT\"}]}<\/script>\n<!-- \/ Yoast SEO plugin. -->","yoast_head_json":{"title":"FitSW: recensione software gestionale per palestre - Accurate Reviews","description":"FitSW: recensione software di fitness completo e ricco di funzionalit\u00e0 che aiuta le aziende a crescere e massimizzare i successi dei clienti.","robots":{"index":"index","follow":"follow","max-snippet":"max-snippet:-1","max-image-preview":"max-image-preview:large","max-video-preview":"max-video-preview:-1"},"canonical":"https:\/\/www.accuratereviews.com\/it\/software-fitness-lista\/fitsw-recensione\/","og_locale":"it_IT","og_type":"article","og_title":"FitSW: recensione software gestionale per palestre - Accurate Reviews","og_description":"FitSW: recensione software di fitness completo e ricco di funzionalit\u00e0 che aiuta le aziende a crescere e massimizzare i successi dei clienti.","og_url":"https:\/\/www.accuratereviews.com\/it\/software-fitness-lista\/fitsw-recensione\/","og_site_name":"Accurate Reviews","og_image":[{"width":310,"height":310,"url":"https:\/\/www.accuratereviews.com\/wp-content\/uploads\/2020\/04\/fitsw.png","type":"image\/png"}],"twitter_card":"summary_large_image","twitter_misc":{"Tempo di lettura stimato":"4 minuti"},"schema":{"@context":"https:\/\/schema.org","@graph":[{"@type":"WebPage","@id":"https:\/\/www.accuratereviews.com\/it\/software-fitness-lista\/fitsw-recensione\/","url":"https:\/\/www.accuratereviews.com\/it\/software-fitness-lista\/fitsw-recensione\/","name":"FitSW: recensione software gestionale per palestre - Accurate Reviews","isPartOf":{"@id":"https:\/\/www.accuratereviews.com\/it\/#website"},"primaryImageOfPage":{"@id":"https:\/\/www.accuratereviews.com\/it\/software-fitness-lista\/fitsw-recensione\/#primaryimage"},"image":{"@id":"https:\/\/www.accuratereviews.com\/it\/software-fitness-lista\/fitsw-recensione\/#primaryimage"},"thumbnailUrl":"https:\/\/www.accuratereviews.com\/wp-content\/uploads\/2020\/04\/fitsw.png","datePublished":"2020-04-27T10:50:03+00:00","description":"FitSW: recensione software di fitness completo e ricco di funzionalit\u00e0 che aiuta le aziende a crescere e massimizzare i successi dei clienti.","breadcrumb":{"@id":"https:\/\/www.accuratereviews.com\/it\/software-fitness-lista\/fitsw-recensione\/#breadcrumb"},"inLanguage":"it-IT","potentialAction":[{"@type":"ReadAction","target":["https:\/\/www.accuratereviews.com\/it\/software-fitness-lista\/fitsw-recensione\/"]}]},{"@type":"ImageObject","inLanguage":"it-IT","@id":"https:\/\/www.accuratereviews.com\/it\/software-fitness-lista\/fitsw-recensione\/#primaryimage","url":"https:\/\/www.accuratereviews.com\/wp-content\/uploads\/2020\/04\/fitsw.png","contentUrl":"https:\/\/www.accuratereviews.com\/wp-content\/uploads\/2020\/04\/fitsw.png","width":310,"height":310},{"@type":"BreadcrumbList","@id":"https:\/\/www.accuratereviews.com\/it\/software-fitness-lista\/fitsw-recensione\/#breadcrumb","itemListElement":[{"@type":"ListItem","position":1,"name":"Home","item":"https:\/\/www.accuratereviews.com\/it\/"},{"@type":"ListItem","position":2,"name":"Software per fitness","item":"https:\/\/www.accuratereviews.com\/it\/software-fitness-lista\/"},{"@type":"ListItem","position":3,"name":"FitSW"}]},{"@type":"WebSite","@id":"https:\/\/www.accuratereviews.com\/it\/#website","url":"https:\/\/www.accuratereviews.com\/it\/","name":"Accurate Reviews","description":"","potentialAction":[{"@type":"SearchAction","target":{"@type":"EntryPoint","urlTemplate":"https:\/\/www.accuratereviews.com\/it\/?s={search_term_string}"},"query-input":{"@type":"PropertyValueSpecification","valueRequired":true,"valueName":"search_term_string"}}],"inLanguage":"it-IT"}]}},"_links":{"self":[{"href":"https:\/\/www.accuratereviews.com\/it\/wp-json\/wp\/v2\/pages\/25810","targetHints":{"allow":["GET"]}}],"collection":[{"href":"https:\/\/www.accuratereviews.com\/it\/wp-json\/wp\/v2\/pages"}],"about":[{"href":"https:\/\/www.accuratereviews.com\/it\/wp-json\/wp\/v2\/types\/page"}],"author":[{"embeddable":true,"href":"https:\/\/www.accuratereviews.com\/it\/wp-json\/wp\/v2\/users\/19"}],"replies":[{"embeddable":true,"href":"https:\/\/www.accuratereviews.com\/it\/wp-json\/wp\/v2\/comments?post=25810"}],"version-history":[{"count":5,"href":"https:\/\/www.accuratereviews.com\/it\/wp-json\/wp\/v2\/pages\/25810\/revisions"}],"predecessor-version":[{"id":25831,"href":"https:\/\/www.accuratereviews.com\/it\/wp-json\/wp\/v2\/pages\/25810\/revisions\/25831"}],"up":[{"embeddable":true,"href":"https:\/\/www.accuratereviews.com\/it\/wp-json\/wp\/v2\/pages\/25524"}],"wp:featuredmedia":[{"embeddable":true,"href":"https:\/\/www.accuratereviews.com\/it\/wp-json\/wp\/v2\/media\/25816"}],"wp:attachment":[{"href":"https:\/\/www.accuratereviews.com\/it\/wp-json\/wp\/v2\/media?parent=25810"}],"wp:term":[{"taxonomy":"category","embeddable":true,"href":"https:\/\/www.accuratereviews.com\/it\/wp-json\/wp\/v2\/categories?post=25810"},{"taxonomy":"post_tag","embeddable":true,"href":"https:\/\/www.accuratereviews.com\/it\/wp-json\/wp\/v2\/tags?post=25810"},{"taxonomy":"features","embeddable":true,"href":"https:\/\/www.accuratereviews.com\/it\/wp-json\/wp\/v2\/features?post=25810"}],"curies":[{"name":"wp","href":"https:\/\/api.w.org\/{rel}","templated":true}]}}