{"id":25881,"date":"2020-04-28T10:27:33","date_gmt":"2020-04-28T10:27:33","guid":{"rendered":"https:\/\/www.accuratereviews.com\/?page_id=25881"},"modified":"2020-04-28T10:27:33","modified_gmt":"2020-04-28T10:27:33","slug":"gymmaster-recensione","status":"publish","type":"page","link":"https:\/\/www.accuratereviews.com\/it\/software-fitness-lista\/gymmaster-recensione\/","title":{"rendered":"GymMaster"},"content":{"rendered":"<p><strong>GymMaster<\/strong> \u00e8 un <strong>software di gestione delle palestre<\/strong> di facile utilizzo progettato per i proprietari e il personale di palestra, club benessere e fitness. Aiuta a ridurre gli oneri amministrativi, aumentare la soddisfazione e la fidelizzazione dei membri e facilitare la crescita aziendale. La soluzione \u00e8 sviluppata con una dashboard intuitiva in cui gli utenti possono accedere a tutte le informazioni importanti. Ad esempio\u00a0registrarsi comodamente alla struttura, prenotare lezioni e sessioni PT, effettuare pagamenti, aggiornare le loro informazioni personali, tenere traccia dei loro progressi, accedere ai contatti e compilare i moduli e rinnovare l&#8217;iscrizione da qualsiasi luogo. <strong>GymMaster<\/strong> automatizza anche la comunicazione e l&#8217;impegno con membri e potenziali clienti. Inoltre, semplifica la vendita, la fatturazione e l&#8217;elaborazione dei pagamenti.<\/p>\n<h2>GYMASTER &#8211; TUTORIAL<\/h2>\n<p>Scopri guardando il tutorial come inviare una mail a tutti i membri della palestra per informazioni o avvisi importanti utilizzando questo <strong>software gestionale per palestre<\/strong>:<\/p>\n<div id=\"fluid-wrapper-counter-1\" class=\"g1-fluid-wrapper \" style=\"width:686px;\">\n<div style=\"padding-bottom:56.268221574344%;\"><iframe loading=\"lazy\" title=\"How to send bulk emails with GymMaster\" width=\"686\" height=\"386\" src=\"https:\/\/www.youtube.com\/embed\/0At9cTqSuIs?feature=oembed&amp;wmode=transparent&amp;autohide=1&amp;autoplay=0&amp;disablekb=0&amp;fs=1&amp;loop=0&amp;enablejsapi=1&amp;rel=0&amp;controls=2&amp;showinfo=0&amp;wmode=transparent&amp;autohide=2&amp;autoplay=0&amp;disablekb=0&amp;fs=1&amp;loop=0&amp;enablejsapi=1&amp;rel=0&amp;controls=2&amp;showinfo=1\" frameborder=\"0\" allow=\"accelerometer; autoplay; encrypted-media; gyroscope; picture-in-picture\" allowfullscreen><\/iframe><\/div>\n<\/div>\n<h3>GYMASTER &#8211; CARATTERISTICHE<\/h3>\n<ul>\n<li>Invia automaticamente promemoria direttamente ai membri in caso di mancato pagamento<\/li>\n<li>Semplifica il processo per i tuoi membri e consenti loro di iscriversi online<\/li>\n<li>I tuoi atleti possono effettuare pagamenti e registrarsi per i rinnovi online<\/li>\n<li>Gestisci le tue entrate da iscrizioni, concessioni, lezioni e sessioni PT<\/li>\n<li>Scegli la fatturazione adatta alle esigenze della tua azienda<\/li>\n<li>Gestisci le tue vendite e il tuo inventario, compresi gli stock e i rapporti giornalieri<\/li>\n<li>Accedi a rapporti completi sulle vendite per aiutare a pagare le commissioni<\/li>\n<li class=\"text-content center col-xs-12 col-sm-12 col-md-4\">Invia messaggi personalizzati come promemoria di prenotazione, messaggi di compleanno, notifiche di pagamento non riuscite e molto altro<\/li>\n<li>Raggiungi i membri quando conta di pi\u00f9. Monitora i modelli di visita per interagire con i membri della palestra<\/li>\n<li>Monitora i tassi di apertura, rimbalzo e annullamento dell&#8217;email. Traccia le prestazioni dei social media con il pixel di Facebook<\/li>\n<\/ul>\n<h4>LE RECENSIONI DEGLI UTENTI<\/h4>\n<h4 class=\"font-weight-bold my-1 d-flex align-items-center\">Della-may J.\u00a0&#8220;Recensione GymMaster&#8221;<\/h4>\n<p><strong>Commenti: <\/strong>Nel complesso Gym Master si adattava perfettamente al nostro modello di business. Il supporto del Master Gym e il servizio clienti mi hanno adattato a livello personale, rendendo il mio lavoro pi\u00f9 semplice e privo di stress.<\/p>\n<p><strong>Vantaggi: <\/strong>La maggior parte delle funzionalit\u00e0 di Gym Master ha funzionato molto bene per adattarsi al nostro modello di business. La funzione di fatturazione con interazione con ezidebit ha reso semplici ed efficaci i dati di appartenenza e gli addebiti diretti. Il punto vendita, le opzioni di impostazione e i rapporti erano tutti facili ed efficaci da seguire, tenendo conto del fatto che non si trattava di un esperto di tecnologia! In caso di difficolt\u00e0, il team di supporto dei maestri di palestra \u00e8 andato oltre per aiutare con qualsiasi problema e rendere le istruzioni molto chiare e semplici da seguire.<\/p>\n<p><strong>Inconvenienti: <\/strong>Il sistema di prenotazione \u00e8 stato probabilmente l&#8217;unica cosa con cui mi sono bloccato, tuttavia non era proprio una caratteristica che la nostra attivit\u00e0 ha iniziato a utilizzare. Se il nostro Buiness avesse dedicato del tempo all&#8217;attivazione del sistema di prenotazione, probabilmente avrebbe funzionato bene.<\/p>\n<h4 class=\"font-weight-bold my-1 d-flex align-items-center\">Ryan M.\u00a0&#8220;Altamente raccomandato&#8221;<\/h4>\n<p><strong>Commenti: <\/strong>Di gran lunga il miglior servizio clienti con cui abbia mai lavorato! Lo giuro al 100% e il software \u00e8 fantastico e facile da usare!<\/p>\n<p><strong>Vantaggi: <\/strong>Molto facile da lavorare e non hai bisogno di nulla perch\u00e9 questo software ha tutto ci\u00f2 di cui un proprietario di palestra ha bisogno per gestire un&#8217;attivit\u00e0 di 24 ore.<\/p>\n<p><strong>Inconvenienti: <\/strong>Non ho lamentele da fare.<\/p>\n<h4 class=\"font-weight-bold my-1 d-flex align-items-center\">Sebastian E.&#8221;Perch\u00e9 GymMaster lavora per la nostra azienda!&#8221;<\/h4>\n<p><strong>Commenti: <\/strong>\u00c8 stato bello Sento che potrebbe esserci un supporto pi\u00f9 proattivo per quanto riguarda le caratteristiche in quanto abbiamo dovuto fare la maggior parte dell&#8217;apprendimento andando alla cieca e non abbiamo realizzato il suo pieno potenziale.<\/p>\n<p><strong>Vantaggi: <\/strong>Il software fornisce preziose e necessarie funzionalit\u00e0 di comunicazione automatizzata, nonch\u00e9 indicatori chiave di dati stagionali che ci consentono di indirizzare, migliorare e far crescere la nostra attivit\u00e0. Fornisce una panoramica pi\u00f9 sostanziale della nostra salute generale aziendale.<\/p>\n<p><strong>Inconvenienti: <\/strong>Non c&#8217;\u00e8 niente che non mi piace in quanto funziona per noi e il sistema \u00e8 stato continuamente evoluto e migliorato nel corso degli anni grazie alla diligenza del team di sviluppo di GymMaster. Siamo sempre alla ricerca di nuove idee e requisiti per il sistema e il team, poich\u00e9 siamo stati molto proattivi nel migliorare la nostra esperienza. Vorrei vedere sulla pagina principale del dashboard dei dati un grafico con metriche e filtri che indica chiaramente quale sia il valore medio del nostro abbonamento per membro per settimana \/ quindici giorni \/ mese senza dover generare un rapporto.<\/p>\n","protected":false},"excerpt":{"rendered":"<p>GymMaster \u00e8 un software di gestione delle palestre di facile utilizzo progettato per i proprietari e il personale di palestra, club benessere e fitness. Aiuta a ridurre gli oneri amministrativi, aumentare la soddisfazione e la fidelizzazione dei membri e facilitare la crescita aziendale. La soluzione \u00e8 sviluppata con una dashboard intuitiva in cui gli utenti possono accedere a tutte le informazioni importanti.<\/p>\n","protected":false},"author":19,"featured_media":25883,"parent":25524,"menu_order":0,"comment_status":"open","ping_status":"closed","template":"g1_template_page_review_new.php","meta":{"_acf_changed":false,"cwp_meta_box_check":"No","cwp_rev_product_name":"","cwp_rev_product_image":"","wppr_links":[],"cwp_rev_price":"","wppr_options":[],"wppr_pros":[],"wppr_cons":[],"_monsterinsights_skip_tracking":false,"_monsterinsights_sitenote_active":false,"_monsterinsights_sitenote_note":"","_monsterinsights_sitenote_category":0,"footnotes":""},"categories":[2629],"tags":[2630,2712,2632,2636,2631,2633],"features":[],"class_list":{"0":"post-25881","1":"page","2":"type-page","3":"status-publish","4":"has-post-thumbnail","6":"category-fitness-software","7":"tag-fitness-software","8":"tag-gymmaster","9":"tag-piattaforma-gestionale-per-palestre","10":"tag-programma-gestionale-per-palestre","11":"tag-software-gestionale-per-palestre","12":"tag-soluzione-gestionale-per-palestre"},"wppr_data":{"cwp_meta_box_check":"No"},"acf":[],"yoast_head":"<!-- This site is optimized with the Yoast SEO plugin v27.4 - https:\/\/yoast.com\/product\/yoast-seo-wordpress\/ -->\n<title>GymMaster: recensione software gestionale palestre - Accurate Reviews<\/title>\n<meta name=\"description\" content=\"GymMaster: recensione software gestionale per palestre di facile utilizzo per semplificare la crescita della tua attivit\u00e0.\" \/>\n<meta name=\"robots\" content=\"index, follow, max-snippet:-1, max-image-preview:large, max-video-preview:-1\" \/>\n<link rel=\"canonical\" href=\"https:\/\/www.accuratereviews.com\/it\/software-fitness-lista\/gymmaster-recensione\/\" \/>\n<meta property=\"og:locale\" content=\"it_IT\" \/>\n<meta property=\"og:type\" content=\"article\" \/>\n<meta property=\"og:title\" content=\"GymMaster: recensione software gestionale palestre - Accurate Reviews\" \/>\n<meta property=\"og:description\" content=\"GymMaster: recensione software gestionale per palestre di facile utilizzo per semplificare la crescita della tua attivit\u00e0.\" \/>\n<meta property=\"og:url\" content=\"https:\/\/www.accuratereviews.com\/it\/software-fitness-lista\/gymmaster-recensione\/\" \/>\n<meta property=\"og:site_name\" content=\"Accurate Reviews\" \/>\n<meta property=\"og:image\" content=\"https:\/\/www.accuratereviews.com\/wp-content\/uploads\/2020\/04\/gymmaster.jpg\" \/>\n\t<meta property=\"og:image:width\" content=\"256\" \/>\n\t<meta property=\"og:image:height\" content=\"256\" \/>\n\t<meta property=\"og:image:type\" content=\"image\/jpeg\" \/>\n<meta name=\"twitter:card\" content=\"summary_large_image\" \/>\n<meta name=\"twitter:label1\" content=\"Tempo di lettura stimato\" \/>\n\t<meta name=\"twitter:data1\" content=\"4 minuti\" \/>\n<script type=\"application\/ld+json\" class=\"yoast-schema-graph\">{\"@context\":\"https:\\\/\\\/schema.org\",\"@graph\":[{\"@type\":\"WebPage\",\"@id\":\"https:\\\/\\\/www.accuratereviews.com\\\/it\\\/software-fitness-lista\\\/gymmaster-recensione\\\/\",\"url\":\"https:\\\/\\\/www.accuratereviews.com\\\/it\\\/software-fitness-lista\\\/gymmaster-recensione\\\/\",\"name\":\"GymMaster: recensione software gestionale palestre - Accurate Reviews\",\"isPartOf\":{\"@id\":\"https:\\\/\\\/www.accuratereviews.com\\\/it\\\/#website\"},\"primaryImageOfPage\":{\"@id\":\"https:\\\/\\\/www.accuratereviews.com\\\/it\\\/software-fitness-lista\\\/gymmaster-recensione\\\/#primaryimage\"},\"image\":{\"@id\":\"https:\\\/\\\/www.accuratereviews.com\\\/it\\\/software-fitness-lista\\\/gymmaster-recensione\\\/#primaryimage\"},\"thumbnailUrl\":\"https:\\\/\\\/www.accuratereviews.com\\\/wp-content\\\/uploads\\\/2020\\\/04\\\/gymmaster.jpg\",\"datePublished\":\"2020-04-28T10:27:33+00:00\",\"description\":\"GymMaster: recensione software gestionale per palestre di facile utilizzo per semplificare la crescita della tua attivit\u00e0.\",\"breadcrumb\":{\"@id\":\"https:\\\/\\\/www.accuratereviews.com\\\/it\\\/software-fitness-lista\\\/gymmaster-recensione\\\/#breadcrumb\"},\"inLanguage\":\"it-IT\",\"potentialAction\":[{\"@type\":\"ReadAction\",\"target\":[\"https:\\\/\\\/www.accuratereviews.com\\\/it\\\/software-fitness-lista\\\/gymmaster-recensione\\\/\"]}]},{\"@type\":\"ImageObject\",\"inLanguage\":\"it-IT\",\"@id\":\"https:\\\/\\\/www.accuratereviews.com\\\/it\\\/software-fitness-lista\\\/gymmaster-recensione\\\/#primaryimage\",\"url\":\"https:\\\/\\\/www.accuratereviews.com\\\/wp-content\\\/uploads\\\/2020\\\/04\\\/gymmaster.jpg\",\"contentUrl\":\"https:\\\/\\\/www.accuratereviews.com\\\/wp-content\\\/uploads\\\/2020\\\/04\\\/gymmaster.jpg\",\"width\":256,\"height\":256},{\"@type\":\"BreadcrumbList\",\"@id\":\"https:\\\/\\\/www.accuratereviews.com\\\/it\\\/software-fitness-lista\\\/gymmaster-recensione\\\/#breadcrumb\",\"itemListElement\":[{\"@type\":\"ListItem\",\"position\":1,\"name\":\"Home\",\"item\":\"https:\\\/\\\/www.accuratereviews.com\\\/it\\\/\"},{\"@type\":\"ListItem\",\"position\":2,\"name\":\"Software per fitness\",\"item\":\"https:\\\/\\\/www.accuratereviews.com\\\/it\\\/software-fitness-lista\\\/\"},{\"@type\":\"ListItem\",\"position\":3,\"name\":\"GymMaster\"}]},{\"@type\":\"WebSite\",\"@id\":\"https:\\\/\\\/www.accuratereviews.com\\\/it\\\/#website\",\"url\":\"https:\\\/\\\/www.accuratereviews.com\\\/it\\\/\",\"name\":\"Accurate Reviews\",\"description\":\"\",\"potentialAction\":[{\"@type\":\"SearchAction\",\"target\":{\"@type\":\"EntryPoint\",\"urlTemplate\":\"https:\\\/\\\/www.accuratereviews.com\\\/it\\\/?s={search_term_string}\"},\"query-input\":{\"@type\":\"PropertyValueSpecification\",\"valueRequired\":true,\"valueName\":\"search_term_string\"}}],\"inLanguage\":\"it-IT\"}]}<\/script>\n<!-- \/ Yoast SEO plugin. -->","yoast_head_json":{"title":"GymMaster: recensione software gestionale palestre - Accurate Reviews","description":"GymMaster: recensione software gestionale per palestre di facile utilizzo per semplificare la crescita della tua attivit\u00e0.","robots":{"index":"index","follow":"follow","max-snippet":"max-snippet:-1","max-image-preview":"max-image-preview:large","max-video-preview":"max-video-preview:-1"},"canonical":"https:\/\/www.accuratereviews.com\/it\/software-fitness-lista\/gymmaster-recensione\/","og_locale":"it_IT","og_type":"article","og_title":"GymMaster: recensione software gestionale palestre - Accurate Reviews","og_description":"GymMaster: recensione software gestionale per palestre di facile utilizzo per semplificare la crescita della tua attivit\u00e0.","og_url":"https:\/\/www.accuratereviews.com\/it\/software-fitness-lista\/gymmaster-recensione\/","og_site_name":"Accurate Reviews","og_image":[{"width":256,"height":256,"url":"https:\/\/www.accuratereviews.com\/wp-content\/uploads\/2020\/04\/gymmaster.jpg","type":"image\/jpeg"}],"twitter_card":"summary_large_image","twitter_misc":{"Tempo di lettura stimato":"4 minuti"},"schema":{"@context":"https:\/\/schema.org","@graph":[{"@type":"WebPage","@id":"https:\/\/www.accuratereviews.com\/it\/software-fitness-lista\/gymmaster-recensione\/","url":"https:\/\/www.accuratereviews.com\/it\/software-fitness-lista\/gymmaster-recensione\/","name":"GymMaster: recensione software gestionale palestre - Accurate Reviews","isPartOf":{"@id":"https:\/\/www.accuratereviews.com\/it\/#website"},"primaryImageOfPage":{"@id":"https:\/\/www.accuratereviews.com\/it\/software-fitness-lista\/gymmaster-recensione\/#primaryimage"},"image":{"@id":"https:\/\/www.accuratereviews.com\/it\/software-fitness-lista\/gymmaster-recensione\/#primaryimage"},"thumbnailUrl":"https:\/\/www.accuratereviews.com\/wp-content\/uploads\/2020\/04\/gymmaster.jpg","datePublished":"2020-04-28T10:27:33+00:00","description":"GymMaster: recensione software gestionale per palestre di facile utilizzo per semplificare la crescita della tua attivit\u00e0.","breadcrumb":{"@id":"https:\/\/www.accuratereviews.com\/it\/software-fitness-lista\/gymmaster-recensione\/#breadcrumb"},"inLanguage":"it-IT","potentialAction":[{"@type":"ReadAction","target":["https:\/\/www.accuratereviews.com\/it\/software-fitness-lista\/gymmaster-recensione\/"]}]},{"@type":"ImageObject","inLanguage":"it-IT","@id":"https:\/\/www.accuratereviews.com\/it\/software-fitness-lista\/gymmaster-recensione\/#primaryimage","url":"https:\/\/www.accuratereviews.com\/wp-content\/uploads\/2020\/04\/gymmaster.jpg","contentUrl":"https:\/\/www.accuratereviews.com\/wp-content\/uploads\/2020\/04\/gymmaster.jpg","width":256,"height":256},{"@type":"BreadcrumbList","@id":"https:\/\/www.accuratereviews.com\/it\/software-fitness-lista\/gymmaster-recensione\/#breadcrumb","itemListElement":[{"@type":"ListItem","position":1,"name":"Home","item":"https:\/\/www.accuratereviews.com\/it\/"},{"@type":"ListItem","position":2,"name":"Software per fitness","item":"https:\/\/www.accuratereviews.com\/it\/software-fitness-lista\/"},{"@type":"ListItem","position":3,"name":"GymMaster"}]},{"@type":"WebSite","@id":"https:\/\/www.accuratereviews.com\/it\/#website","url":"https:\/\/www.accuratereviews.com\/it\/","name":"Accurate Reviews","description":"","potentialAction":[{"@type":"SearchAction","target":{"@type":"EntryPoint","urlTemplate":"https:\/\/www.accuratereviews.com\/it\/?s={search_term_string}"},"query-input":{"@type":"PropertyValueSpecification","valueRequired":true,"valueName":"search_term_string"}}],"inLanguage":"it-IT"}]}},"_links":{"self":[{"href":"https:\/\/www.accuratereviews.com\/it\/wp-json\/wp\/v2\/pages\/25881","targetHints":{"allow":["GET"]}}],"collection":[{"href":"https:\/\/www.accuratereviews.com\/it\/wp-json\/wp\/v2\/pages"}],"about":[{"href":"https:\/\/www.accuratereviews.com\/it\/wp-json\/wp\/v2\/types\/page"}],"author":[{"embeddable":true,"href":"https:\/\/www.accuratereviews.com\/it\/wp-json\/wp\/v2\/users\/19"}],"replies":[{"embeddable":true,"href":"https:\/\/www.accuratereviews.com\/it\/wp-json\/wp\/v2\/comments?post=25881"}],"version-history":[{"count":8,"href":"https:\/\/www.accuratereviews.com\/it\/wp-json\/wp\/v2\/pages\/25881\/revisions"}],"predecessor-version":[{"id":25896,"href":"https:\/\/www.accuratereviews.com\/it\/wp-json\/wp\/v2\/pages\/25881\/revisions\/25896"}],"up":[{"embeddable":true,"href":"https:\/\/www.accuratereviews.com\/it\/wp-json\/wp\/v2\/pages\/25524"}],"wp:featuredmedia":[{"embeddable":true,"href":"https:\/\/www.accuratereviews.com\/it\/wp-json\/wp\/v2\/media\/25883"}],"wp:attachment":[{"href":"https:\/\/www.accuratereviews.com\/it\/wp-json\/wp\/v2\/media?parent=25881"}],"wp:term":[{"taxonomy":"category","embeddable":true,"href":"https:\/\/www.accuratereviews.com\/it\/wp-json\/wp\/v2\/categories?post=25881"},{"taxonomy":"post_tag","embeddable":true,"href":"https:\/\/www.accuratereviews.com\/it\/wp-json\/wp\/v2\/tags?post=25881"},{"taxonomy":"features","embeddable":true,"href":"https:\/\/www.accuratereviews.com\/it\/wp-json\/wp\/v2\/features?post=25881"}],"curies":[{"name":"wp","href":"https:\/\/api.w.org\/{rel}","templated":true}]}}