{"id":25923,"date":"2020-04-29T10:25:13","date_gmt":"2020-04-29T10:25:13","guid":{"rendered":"https:\/\/www.accuratereviews.com\/?page_id=25923"},"modified":"2020-04-29T10:25:13","modified_gmt":"2020-04-29T10:25:13","slug":"virtuagym-recensione","status":"publish","type":"page","link":"https:\/\/www.accuratereviews.com\/it\/software-fitness-lista\/virtuagym-recensione\/","title":{"rendered":"Virtuagym"},"content":{"rendered":"<p><strong>Virtuagym<\/strong> \u00e8 un&#8217;<strong>applicazione per il fitness<\/strong>\u00a0basata su <strong>cloud\u00a0<\/strong>completa per personal trainer, centri benessere e altri professionisti del fitness. Offre a migliaia di aziende in tutto il mondo potenti soluzioni sia per il coaching dei clienti che per la gestione delle iscrizioni. Le app personalizzate e la community online di <strong>Virtuagym<\/strong> sono un modo perfetto per promuovere il marchio di un club o di un trainer e aumentare il coinvolgimento dei clienti. Permette inoltre di gestire i clienti e il personale, programmare lezioni sia su esercizi da eseguire sia sull&#8217;alimentazione, fatturazione, pagamenti online, controllo degli accessi e molto altro. Il servizio clienti \u00e8 buono e il programma \u00e8 semplice da utilizzare.<\/p>\n<h2>VIRTUAGYM &#8211; TUTORIAL<\/h2>\n<p>Guardiamo il tutorial che mostra come istallare l&#8217;applicazione di questo <strong>gestionale per palestre<\/strong> e come funziona:<\/p>\n<div id=\"fluid-wrapper-counter-1\" class=\"g1-fluid-wrapper \" style=\"width:686px;\">\n<div style=\"padding-bottom:56.268221574344%;\"><iframe loading=\"lazy\" title=\"Virtuagym App Tutorial\" width=\"686\" height=\"386\" src=\"https:\/\/www.youtube.com\/embed\/bsrVGk23M5A?feature=oembed&amp;wmode=transparent&amp;autohide=1&amp;autoplay=0&amp;disablekb=0&amp;fs=1&amp;loop=0&amp;enablejsapi=1&amp;rel=0&amp;controls=2&amp;showinfo=0&amp;wmode=transparent&amp;autohide=2&amp;autoplay=0&amp;disablekb=0&amp;fs=1&amp;loop=0&amp;enablejsapi=1&amp;rel=0&amp;controls=2&amp;showinfo=1\" frameborder=\"0\" allow=\"accelerometer; autoplay; encrypted-media; gyroscope; picture-in-picture\" allowfullscreen><\/iframe><\/div>\n<\/div>\n<h3>VIRTUAGYM &#8211; CARATTERISTICHE<\/h3>\n<ul>\n<li><strong>Gestione<\/strong>: modulo di gestione dei membri flessibile che pu\u00f2 essere adattato al tuo modello di business<\/li>\n<li><strong>Fatturazione<\/strong>: emetti facilmente fatture con i principali metodi di pagamento<\/li>\n<li><strong>Webshop &amp; Point\u00a0di vendita<\/strong>: vendi merce ai tuoi membri o usa il negozio virtuale per implementare un flusso di iscrizione online automatizzato<\/li>\n<li><strong>Analisi aziendale<\/strong>: inserisci i tuoi dati per ottimizzare la tua organizzazione, aumentare le tue entrate e stare al passo con la concorrenza<\/li>\n<li><strong>Integrazioni<\/strong>: porta la tua azienda nel cloud dal controllo dell&#8217;accesso all&#8217;esercizio fisico<\/li>\n<li><strong>Esercizi<\/strong>: utilizza il database con migliaia di esercizi animati in 3D per creare allenamenti per ogni tipo di obiettivo<\/li>\n<li><strong>Nutrizione<\/strong>: piani nutrizionali personalizzati con monitoraggio delle calorie, men\u00f9 personalizzati, un ampio database di prodotti alimentari &#8211; tutto ci\u00f2 di cui hai bisogno per una guida professionale<\/li>\n<li><strong>Monitoraggio dei progressi<\/strong>: centinaia di metriche ti consentono di tenere sotto controllo i progressi, indipendentemente dall&#8217;obiettivo<\/li>\n<li><strong>Orari e prenotazioni<\/strong>: pianificazione delle lezioni e delle sessioni con sistema di credito integrato, rilevamento delle presenze, funzionalit\u00e0 della lista di attesa e uno strumento di prenotazione in-app<\/li>\n<li><strong>Obiettivi personalizzati<\/strong>: assegnare piani di allenamento e nutrizione personalizzati ai singoli membri e coinvolgerli nelle sfide di gruppo per una maggiore motivazione<\/li>\n<li><strong>Coaching mobile<\/strong>: con la app di coaching mobile, avrai accesso ai dati di avanzamento e ad altre informazioni chiave ovunque tu sia<\/li>\n<\/ul>\n<h4>LE RECENSIONI DEGLI UTENTI<\/h4>\n<h4 class=\"font-weight-bold my-1 d-flex align-items-center\">Alexander G.&#8221;Quello che vedi \u00e8 quello che ottieni&#8221;<\/h4>\n<p><strong>Commenti: <\/strong>Fantastica esperienza di assistenza clienti, installazione guidata eseguita con pazienza, sempre disponibile via telefono per domande rapide, il prodotto \u00e8 sleak e personalizzabile in larga misura anche senza l&#8217;acquisto di pacchetti extra<\/p>\n<p><strong>Vantaggi: <\/strong>Funzionalit\u00e0 complete e scale dei prezzi in base alle dimensioni dell&#8217;azienda. Ci\u00f2 significa che ottieni un servizio completo, non importa quanto piccola sia la tua azienda. Una volta cresciuto, inizi a pagare di pi\u00f9. \u00c8 un modello giusto<\/p>\n<p><strong>Inconvenienti: <\/strong>Ancora nessuna integrazione con Onefit ma \u00e8 davvero una cosa minore. Non riesco a trovare nient&#8217;altro da criticare<\/p>\n<h4 class=\"font-weight-bold my-1 d-flex align-items-center\">Rebecca C.&#8221;Cliente soddisfatto&#8221;<\/h4>\n<p><strong>Commenti: <\/strong>Penso che sia necessario molto lavoro sull&#8217;interfaccia client in termini di pianificazione degli allenamenti e di come li visualizzano. La parola che mi viene in mente \u00e8 goffa.<\/p>\n<p><strong>Vantaggi: <\/strong>Facile da usare una volta che sai come. Ho usato questo per le prenotazioni e la gestione dei miei account e funziona bene.<\/p>\n<p><strong>Inconvenienti: <\/strong>Il costo per aumentare la base associativa. Gestisco la formazione di gruppo e mi piacerebbe poter aggiungere questi membri al sistema, ma diventa troppo costoso. Se potessi, utilizzerei maggiormente la funzionalit\u00e0 di prenotazione. Oltre a ci\u00f2, l&#8217;app in termini di esperienza dei clienti non \u00e8 eccezionale \u00a0per i clienti da usare e capire, quindi tendo a non usarlo. Quando si mettono in atto programmi per i clienti, \u00e8 confuso per loro trovare gli allenamenti. Questo deve essere semplificato.<\/p>\n<h4 class=\"font-weight-bold my-1 d-flex align-items-center\">Alex G.\u00a0&#8220;Buon prodotto per la mia attivit\u00e0 di PT online&#8221;<\/h4>\n<p><strong>Commenti: <\/strong>Nel complesso sono soddisfatto di essere in grado di avere uno strumento che semplifica i processi di amministrazione.<\/p>\n<p><strong>Vantaggi: <\/strong>Facile da creare allenamenti e consegnarli ai miei clienti. Tenere traccia e responsabilit\u00e0 sono importanti per mantenere la motivazione. L&#8217;amministratore aziendale \u00e8 stato molto utile per facilitare le finanze<\/p>\n<p><strong>Inconvenienti: <\/strong>La comunicazione con il servizio clienti all&#8217;inizio con me non era buona, impiegare troppo tempo per ottenere e rispondere. Vedo che ci hanno lavorato, ma ancora molto da fare per migliorare il servizio clienti post-vendita.<\/p>\n","protected":false},"excerpt":{"rendered":"<p>Virtuagym \u00e8 un&#8217;applicazione per il fitness\u00a0basata su cloud\u00a0completa per personal trainer, centri benessere e altri professionisti del fitness. Offre a migliaia di aziende in tutto il mondo potenti soluzioni sia per il coaching dei clienti che per la gestione delle iscrizioni.<\/p>\n","protected":false},"author":19,"featured_media":25926,"parent":25524,"menu_order":0,"comment_status":"open","ping_status":"closed","template":"g1_template_page_review_new.php","meta":{"_acf_changed":false,"cwp_meta_box_check":"Yes","cwp_rev_product_name":"","cwp_rev_product_image":"","wppr_links":[],"cwp_rev_price":"","wppr_options":[],"wppr_pros":[],"wppr_cons":[],"_monsterinsights_skip_tracking":false,"_monsterinsights_sitenote_active":false,"_monsterinsights_sitenote_note":"","_monsterinsights_sitenote_category":0,"footnotes":""},"categories":[2629],"tags":[2716,396,2630,2636,2631,2633,2717],"features":[],"class_list":{"0":"post-25923","1":"page","2":"type-page","3":"status-publish","4":"has-post-thumbnail","6":"category-fitness-software","7":"tag-applicazione-gestionale-per-palestre","8":"tag-cloud","9":"tag-fitness-software","10":"tag-programma-gestionale-per-palestre","11":"tag-software-gestionale-per-palestre","12":"tag-soluzione-gestionale-per-palestre","13":"tag-virtuagym"},"wppr_data":{"cwp_meta_box_check":"Yes","cwp_rev_product_name":"","cwp_rev_product_image":"","cwp_image_link":"image","cwp_rev_price":"","wppr_rating":"0.00"},"acf":[],"yoast_head":"<!-- This site is optimized with the Yoast SEO plugin v27.4 - https:\/\/yoast.com\/product\/yoast-seo-wordpress\/ -->\n<title>Virtualgym: recensione software gestionale palestre - Accurate Reviews<\/title>\n<meta name=\"description\" content=\"Virtuagym: recensione applicazione per palestre\u00a0basata su cloud\u00a0completa per personal trainer, centri benessere e altri professionisti del fitness.\" \/>\n<meta name=\"robots\" content=\"index, follow, max-snippet:-1, max-image-preview:large, max-video-preview:-1\" \/>\n<link rel=\"canonical\" href=\"https:\/\/www.accuratereviews.com\/it\/software-fitness-lista\/virtuagym-recensione\/\" \/>\n<meta property=\"og:locale\" content=\"it_IT\" \/>\n<meta property=\"og:type\" content=\"article\" \/>\n<meta property=\"og:title\" content=\"Virtualgym: recensione software gestionale palestre - Accurate Reviews\" \/>\n<meta property=\"og:description\" content=\"Virtuagym: recensione applicazione per palestre\u00a0basata su cloud\u00a0completa per personal trainer, centri benessere e altri professionisti del fitness.\" \/>\n<meta property=\"og:url\" content=\"https:\/\/www.accuratereviews.com\/it\/software-fitness-lista\/virtuagym-recensione\/\" \/>\n<meta property=\"og:site_name\" content=\"Accurate Reviews\" \/>\n<meta property=\"og:image\" content=\"https:\/\/www.accuratereviews.com\/wp-content\/uploads\/2020\/04\/Virtuagym.jpg\" \/>\n\t<meta property=\"og:image:width\" content=\"200\" \/>\n\t<meta property=\"og:image:height\" content=\"200\" \/>\n\t<meta property=\"og:image:type\" content=\"image\/jpeg\" \/>\n<meta name=\"twitter:card\" content=\"summary_large_image\" \/>\n<meta name=\"twitter:label1\" content=\"Tempo di lettura stimato\" \/>\n\t<meta name=\"twitter:data1\" content=\"3 minuti\" \/>\n<script type=\"application\/ld+json\" class=\"yoast-schema-graph\">{\"@context\":\"https:\\\/\\\/schema.org\",\"@graph\":[{\"@type\":\"WebPage\",\"@id\":\"https:\\\/\\\/www.accuratereviews.com\\\/it\\\/software-fitness-lista\\\/virtuagym-recensione\\\/\",\"url\":\"https:\\\/\\\/www.accuratereviews.com\\\/it\\\/software-fitness-lista\\\/virtuagym-recensione\\\/\",\"name\":\"Virtualgym: recensione software gestionale palestre - Accurate Reviews\",\"isPartOf\":{\"@id\":\"https:\\\/\\\/www.accuratereviews.com\\\/it\\\/#website\"},\"primaryImageOfPage\":{\"@id\":\"https:\\\/\\\/www.accuratereviews.com\\\/it\\\/software-fitness-lista\\\/virtuagym-recensione\\\/#primaryimage\"},\"image\":{\"@id\":\"https:\\\/\\\/www.accuratereviews.com\\\/it\\\/software-fitness-lista\\\/virtuagym-recensione\\\/#primaryimage\"},\"thumbnailUrl\":\"https:\\\/\\\/www.accuratereviews.com\\\/wp-content\\\/uploads\\\/2020\\\/04\\\/Virtuagym.jpg\",\"datePublished\":\"2020-04-29T10:25:13+00:00\",\"description\":\"Virtuagym: recensione applicazione per palestre\u00a0basata su cloud\u00a0completa per personal trainer, centri benessere e altri professionisti del fitness.\",\"breadcrumb\":{\"@id\":\"https:\\\/\\\/www.accuratereviews.com\\\/it\\\/software-fitness-lista\\\/virtuagym-recensione\\\/#breadcrumb\"},\"inLanguage\":\"it-IT\",\"potentialAction\":[{\"@type\":\"ReadAction\",\"target\":[\"https:\\\/\\\/www.accuratereviews.com\\\/it\\\/software-fitness-lista\\\/virtuagym-recensione\\\/\"]}]},{\"@type\":\"ImageObject\",\"inLanguage\":\"it-IT\",\"@id\":\"https:\\\/\\\/www.accuratereviews.com\\\/it\\\/software-fitness-lista\\\/virtuagym-recensione\\\/#primaryimage\",\"url\":\"https:\\\/\\\/www.accuratereviews.com\\\/wp-content\\\/uploads\\\/2020\\\/04\\\/Virtuagym.jpg\",\"contentUrl\":\"https:\\\/\\\/www.accuratereviews.com\\\/wp-content\\\/uploads\\\/2020\\\/04\\\/Virtuagym.jpg\",\"width\":200,\"height\":200},{\"@type\":\"BreadcrumbList\",\"@id\":\"https:\\\/\\\/www.accuratereviews.com\\\/it\\\/software-fitness-lista\\\/virtuagym-recensione\\\/#breadcrumb\",\"itemListElement\":[{\"@type\":\"ListItem\",\"position\":1,\"name\":\"Home\",\"item\":\"https:\\\/\\\/www.accuratereviews.com\\\/it\\\/\"},{\"@type\":\"ListItem\",\"position\":2,\"name\":\"Software per fitness\",\"item\":\"https:\\\/\\\/www.accuratereviews.com\\\/it\\\/software-fitness-lista\\\/\"},{\"@type\":\"ListItem\",\"position\":3,\"name\":\"Virtuagym\"}]},{\"@type\":\"WebSite\",\"@id\":\"https:\\\/\\\/www.accuratereviews.com\\\/it\\\/#website\",\"url\":\"https:\\\/\\\/www.accuratereviews.com\\\/it\\\/\",\"name\":\"Accurate Reviews\",\"description\":\"\",\"potentialAction\":[{\"@type\":\"SearchAction\",\"target\":{\"@type\":\"EntryPoint\",\"urlTemplate\":\"https:\\\/\\\/www.accuratereviews.com\\\/it\\\/?s={search_term_string}\"},\"query-input\":{\"@type\":\"PropertyValueSpecification\",\"valueRequired\":true,\"valueName\":\"search_term_string\"}}],\"inLanguage\":\"it-IT\"}]}<\/script>\n<!-- \/ Yoast SEO plugin. -->","yoast_head_json":{"title":"Virtualgym: recensione software gestionale palestre - Accurate Reviews","description":"Virtuagym: recensione applicazione per palestre\u00a0basata su cloud\u00a0completa per personal trainer, centri benessere e altri professionisti del fitness.","robots":{"index":"index","follow":"follow","max-snippet":"max-snippet:-1","max-image-preview":"max-image-preview:large","max-video-preview":"max-video-preview:-1"},"canonical":"https:\/\/www.accuratereviews.com\/it\/software-fitness-lista\/virtuagym-recensione\/","og_locale":"it_IT","og_type":"article","og_title":"Virtualgym: recensione software gestionale palestre - Accurate Reviews","og_description":"Virtuagym: recensione applicazione per palestre\u00a0basata su cloud\u00a0completa per personal trainer, centri benessere e altri professionisti del fitness.","og_url":"https:\/\/www.accuratereviews.com\/it\/software-fitness-lista\/virtuagym-recensione\/","og_site_name":"Accurate Reviews","og_image":[{"width":200,"height":200,"url":"https:\/\/www.accuratereviews.com\/wp-content\/uploads\/2020\/04\/Virtuagym.jpg","type":"image\/jpeg"}],"twitter_card":"summary_large_image","twitter_misc":{"Tempo di lettura stimato":"3 minuti"},"schema":{"@context":"https:\/\/schema.org","@graph":[{"@type":"WebPage","@id":"https:\/\/www.accuratereviews.com\/it\/software-fitness-lista\/virtuagym-recensione\/","url":"https:\/\/www.accuratereviews.com\/it\/software-fitness-lista\/virtuagym-recensione\/","name":"Virtualgym: recensione software gestionale palestre - Accurate Reviews","isPartOf":{"@id":"https:\/\/www.accuratereviews.com\/it\/#website"},"primaryImageOfPage":{"@id":"https:\/\/www.accuratereviews.com\/it\/software-fitness-lista\/virtuagym-recensione\/#primaryimage"},"image":{"@id":"https:\/\/www.accuratereviews.com\/it\/software-fitness-lista\/virtuagym-recensione\/#primaryimage"},"thumbnailUrl":"https:\/\/www.accuratereviews.com\/wp-content\/uploads\/2020\/04\/Virtuagym.jpg","datePublished":"2020-04-29T10:25:13+00:00","description":"Virtuagym: recensione applicazione per palestre\u00a0basata su cloud\u00a0completa per personal trainer, centri benessere e altri professionisti del fitness.","breadcrumb":{"@id":"https:\/\/www.accuratereviews.com\/it\/software-fitness-lista\/virtuagym-recensione\/#breadcrumb"},"inLanguage":"it-IT","potentialAction":[{"@type":"ReadAction","target":["https:\/\/www.accuratereviews.com\/it\/software-fitness-lista\/virtuagym-recensione\/"]}]},{"@type":"ImageObject","inLanguage":"it-IT","@id":"https:\/\/www.accuratereviews.com\/it\/software-fitness-lista\/virtuagym-recensione\/#primaryimage","url":"https:\/\/www.accuratereviews.com\/wp-content\/uploads\/2020\/04\/Virtuagym.jpg","contentUrl":"https:\/\/www.accuratereviews.com\/wp-content\/uploads\/2020\/04\/Virtuagym.jpg","width":200,"height":200},{"@type":"BreadcrumbList","@id":"https:\/\/www.accuratereviews.com\/it\/software-fitness-lista\/virtuagym-recensione\/#breadcrumb","itemListElement":[{"@type":"ListItem","position":1,"name":"Home","item":"https:\/\/www.accuratereviews.com\/it\/"},{"@type":"ListItem","position":2,"name":"Software per fitness","item":"https:\/\/www.accuratereviews.com\/it\/software-fitness-lista\/"},{"@type":"ListItem","position":3,"name":"Virtuagym"}]},{"@type":"WebSite","@id":"https:\/\/www.accuratereviews.com\/it\/#website","url":"https:\/\/www.accuratereviews.com\/it\/","name":"Accurate Reviews","description":"","potentialAction":[{"@type":"SearchAction","target":{"@type":"EntryPoint","urlTemplate":"https:\/\/www.accuratereviews.com\/it\/?s={search_term_string}"},"query-input":{"@type":"PropertyValueSpecification","valueRequired":true,"valueName":"search_term_string"}}],"inLanguage":"it-IT"}]}},"_links":{"self":[{"href":"https:\/\/www.accuratereviews.com\/it\/wp-json\/wp\/v2\/pages\/25923","targetHints":{"allow":["GET"]}}],"collection":[{"href":"https:\/\/www.accuratereviews.com\/it\/wp-json\/wp\/v2\/pages"}],"about":[{"href":"https:\/\/www.accuratereviews.com\/it\/wp-json\/wp\/v2\/types\/page"}],"author":[{"embeddable":true,"href":"https:\/\/www.accuratereviews.com\/it\/wp-json\/wp\/v2\/users\/19"}],"replies":[{"embeddable":true,"href":"https:\/\/www.accuratereviews.com\/it\/wp-json\/wp\/v2\/comments?post=25923"}],"version-history":[{"count":7,"href":"https:\/\/www.accuratereviews.com\/it\/wp-json\/wp\/v2\/pages\/25923\/revisions"}],"predecessor-version":[{"id":25953,"href":"https:\/\/www.accuratereviews.com\/it\/wp-json\/wp\/v2\/pages\/25923\/revisions\/25953"}],"up":[{"embeddable":true,"href":"https:\/\/www.accuratereviews.com\/it\/wp-json\/wp\/v2\/pages\/25524"}],"wp:featuredmedia":[{"embeddable":true,"href":"https:\/\/www.accuratereviews.com\/it\/wp-json\/wp\/v2\/media\/25926"}],"wp:attachment":[{"href":"https:\/\/www.accuratereviews.com\/it\/wp-json\/wp\/v2\/media?parent=25923"}],"wp:term":[{"taxonomy":"category","embeddable":true,"href":"https:\/\/www.accuratereviews.com\/it\/wp-json\/wp\/v2\/categories?post=25923"},{"taxonomy":"post_tag","embeddable":true,"href":"https:\/\/www.accuratereviews.com\/it\/wp-json\/wp\/v2\/tags?post=25923"},{"taxonomy":"features","embeddable":true,"href":"https:\/\/www.accuratereviews.com\/it\/wp-json\/wp\/v2\/features?post=25923"}],"curies":[{"name":"wp","href":"https:\/\/api.w.org\/{rel}","templated":true}]}}