{"id":25933,"date":"2020-04-29T10:23:45","date_gmt":"2020-04-29T10:23:45","guid":{"rendered":"https:\/\/www.accuratereviews.com\/?page_id=25933"},"modified":"2020-04-29T10:23:45","modified_gmt":"2020-04-29T10:23:45","slug":"ezfacility-recensione","status":"publish","type":"page","link":"https:\/\/www.accuratereviews.com\/it\/software-fitness-lista\/ezfacility-recensione\/","title":{"rendered":"EZFacility"},"content":{"rendered":"<p><strong>EZFacility<\/strong> \u00e8 un software basato sul web che semplifica le operazioni quotidiane delle aziende. \u00c8 specificamente progettato per soddisfare le esigenze di <strong>fitness club e impianti sportivi<\/strong>. \u00c8 una piattaforma all-in-one che ha numerose funzionalit\u00e0 flessibili. Che si tratti dell&#8217;organizzazione dei dipendenti o pianificazione delle classi, <strong>EZFacility<\/strong> offre tutte le attivit\u00e0 di gestione di cui hai bisogno. Email automatizzate, messaggi di testo e promemoria mantengono i tuoi clienti sempre aggiornati. Aiuta in particolare con la fidelizzazione dei clienti. Inoltre con questa soluzione potrai \u00a0promuovere eventi, sessioni di formazione e seminari. La gestione delle attivit\u00e0 quotidiane come la pianificazione delle lezioni e le riunioni con i singoli clienti diventa un gioco da ragazzi. Che si tratti degli istruttori o dei tuoi membri, puoi connetterti con loro in qualsiasi momento e coordinarti senza problemi.<\/p>\n<h2>EZFACILITY &#8211; TUTORIAL<\/h2>\n<p>Guardiamo insieme il tutorial per utilizzare al meglio questo <strong>software gestionale per palestre<\/strong>:<\/p>\n<div id=\"fluid-wrapper-counter-1\" class=\"g1-fluid-wrapper \" style=\"width:686px;\">\n<div style=\"padding-bottom:56.268221574344%;\"><iframe loading=\"lazy\" title=\"EZ Facility Intro Tutorial\" width=\"515\" height=\"386\" src=\"https:\/\/www.youtube.com\/embed\/QIszf79ckGE?feature=oembed&amp;wmode=transparent&amp;autohide=1&amp;autoplay=0&amp;disablekb=0&amp;fs=1&amp;loop=0&amp;enablejsapi=1&amp;rel=0&amp;controls=2&amp;showinfo=0&amp;wmode=transparent&amp;autohide=2&amp;autoplay=0&amp;disablekb=0&amp;fs=1&amp;loop=0&amp;enablejsapi=1&amp;rel=0&amp;controls=2&amp;showinfo=1\" frameborder=\"0\" allow=\"accelerometer; autoplay; encrypted-media; gyroscope; picture-in-picture\" allowfullscreen><\/iframe><\/div>\n<\/div>\n<h3>EZFACILITY &#8211; CARATTERISTICHE<\/h3>\n<ul>\n<li><strong>Pianificazione e gestione delle strutture<\/strong>: Centralizza la pianificazione delle risorse fisiche e consolida tutte le classi, le cliniche e i noleggi in un programma con codice colore. Individua a colpo d&#8217;occhio le risorse disponibili e i rapporti sull&#8217;utilizzo delle risorse principali per assicurarti che la tua struttura funzioni a pieno ritmo<\/li>\n<li><strong>Gestione soci<\/strong>: Crea piani di abbonamento personalizzati, gestisci le relazioni, vendi servizi online, assegna tessere in plastica o RFID, monitora i pagamenti e automatizza i promemoria di testo ed email per ridurre le insolvenze dei clienti<\/li>\n<li><strong>Strumenti di marketing<\/strong>: personalizza e invia campagne di email per sviluppare nuove relazioni con i clienti o coltivare lead durante il processo di acquisto. Con funzionalit\u00e0 automatizzate di posta elettronica e messaggi di testo, assicurati che i clienti ricevano le informazioni giuste nel momento pi\u00f9 opportuno<\/li>\n<li><strong>Portale client self-service<\/strong>: consentire ai clienti di aggiornare le informazioni di pagamento, pagare i saldi in sospeso, visualizzare il calendario, pianificare sessioni, acquistare pacchetti o abbonamenti, registrare i propri figli per campi estivi e altro ancora<\/li>\n<li><strong>App mobile con marchio<\/strong>: con un&#8217;app mobile con marchio i clienti hanno accesso alle informazioni sulla struttura, agli account dei social media aziendali, alle pianificazioni, ai profili dei formatori, alle notifiche push, alle promozioni e possono persino abbandonare la loro tessera del membro fisico aggiungendola al portafoglio mobile. Disponibile negli app store di Apple e Android.<\/li>\n<li><strong>Check-in automatico<\/strong>: con una gamma di opzioni per il check-in, che includono tessere mobili o RFID, scansioni biometriche e identificatori univoci, i clienti possono accedere alla propria struttura o registrarsi in classi da qualsiasi luogo<\/li>\n<li><strong>Integrazione di Outlook e Google Calendar:<\/strong> limita le mancate presentazioni del trainer e del personale con l&#8217;integrazione del nostro calendario Outlook e Google. Sincronizzando automaticamente il programma di un dipendente con la sua piattaforma preferita e massimizzando i promemoria automatici<\/li>\n<li><strong>Ampia suite di report:<\/strong>\u00a0dai uno sguardo approfondito sulla gestione della tua attivit\u00e0, inclusi rapporti finanziari, punti vendita, marketing, buste paga, iscrizione e formazione solo per citarne alcuni. Esporta i report in una variet\u00e0 di tipi di file disponibili, inclusi .csv, .pdf, .xlsx, ecc.<\/li>\n<li><strong>Integrazione online di QuickBooks:<\/strong> connettiti facilmente con strumenti che usi come QuickBooks. Collaborando con un leader del settore nel settore del software di contabilit\u00e0, puoi risparmiare tempo e rimanere organizzato sincronizzando i dati finanziari direttamente nella piattaforma online di QuickBook<\/li>\n<\/ul>\n<h4>LE RECENSIONI DEGLI UTENTI<\/h4>\n<h4 class=\"font-weight-bold my-1 d-flex align-items-center\">Kip W.\u00a0&#8220;Ottimo prodotto per FEC o palestra&#8221;<\/h4>\n<p><strong>Commenti: <\/strong>Ho trascorso mesi a cercare opzioni e parlare con le aziende, alla fine EZ Facility \u00e8 risultato il migliore. Avevamo un allenamento personalizzato ed eravamo pronti a correre rapidamente. Non mi sono pentito della mia scelta. Riceviamo in anticipo notifiche per eventuali cambiamenti imminenti e un servizio clienti che ci ha sempre semplificato la vita. Consiglio EZ Facility a chiunque abbia bisogno di una piattaforma facile e affidabile. Dubito che troverai un modo per superarlo o perderlo. In poche parole, EZ Facility \u00e8 eccezionale.<\/p>\n<p><strong>Vantaggi: <\/strong>Flessibilit\u00e0. Possiamo fare tutto ci\u00f2 che vogliamo fare in un P.O.S. sistema e gestire le appartenenze in un&#8217;unica soluzione. La gestione della lega \u00e8 anche facile da usare e da configurare.<\/p>\n<p><strong>Inconvenienti: <\/strong>Vorrei vedere pi\u00f9 opzioni per l&#8217;integrazione del servizio di carte commerciante. Le opzioni disponibili sono fantastiche, ma pi\u00f9 costose di molte altre opzioni.<\/p>\n<h4 class=\"font-weight-bold my-1 d-flex align-items-center\">Kc K.&#8221;Il sistema era cos\u00ec flessibile da soddisfare le nostre numerose esigenze. Il supporto tecnico \u00e8 eccezionale&#8221;<\/h4>\n<p><strong>Commenti: <\/strong>Nella versione precedente, il portale self-service dei client ha solo pochissime funzioni di base, tuttavia la nuova versione di aggiornamento ha molti miglioramenti, quindi questo \u00e8 stato risolto.<\/p>\n<p><strong>Vantaggi: <\/strong>Abbiamo utilizzato EZFacility per la fatturazione del noleggio della struttura, il programma delle risorse della struttura, la gestione dell&#8217;iscrizione ai club, il check-in delle presenze dei membri, il punto vendita, la vendita di pacchetti online e le lezioni private. L&#8217;applicazione \u00e8 facile da configurare e molto intuitiva. L&#8217;applicazione includeva anche tanti utili report di cui avevamo bisogno. Il modulo di contabilit\u00e0 \u00e8 molto dettagliato e completo. Il supporto tecnico \u00e8 molto amichevole, utile e professionale, risolvono i miei problemi prontamente e correttamente &#8211; \u00e8 la migliore esperienza con cui ho avuto. EZFacility mi ha fornito la formazione necessaria per garantire il successo del nostro processo di implementazione e il funzionamento del nostro sistema senza problemi.<\/p>\n<h4 class=\"font-weight-bold my-1 d-flex align-items-center\">Michael M.\u00a0&#8220;Nel complesso \u00e8 stato positivo. La maggior parte dei problemi viene risolta in modo tempestivo.&#8221;<\/h4>\n<p><strong>Commenti: <\/strong>La maggior parte delle nostre esigenze in un unico software<\/p>\n<p><strong>Vantaggi: <\/strong>\u00c8 relativamente facile da usare. La capacit\u00e0 di gestire molteplici aspetti del business in un&#8217;unica piattaforma.<\/p>\n<p><strong>Inconvenienti: <\/strong>Mi piacerebbe vedere l&#8217;e-mail automatica di una ricevuta al completamento di una transazione. I problemi che si presentano tendono ad essere ripetitivi.<\/p>\n","protected":false},"excerpt":{"rendered":"<p>EZFacility \u00e8 un software basato sul web che semplifica le operazioni quotidiane delle aziende. \u00c8 specificamente progettato per soddisfare le esigenze di fitness club e impianti sportivi. \u00c8 una piattaforma all-in-one che ha numerose funzionalit\u00e0 flessibili. Che si tratti dell&#8217;organizzazione dei dipendenti o pianificazione delle classi, EZFacility offre tutte le attivit\u00e0 di gestione di cui hai bisogno.<\/p>\n","protected":false},"author":19,"featured_media":25934,"parent":25524,"menu_order":0,"comment_status":"open","ping_status":"closed","template":"g1_template_page_review_new.php","meta":{"_acf_changed":false,"cwp_meta_box_check":"Yes","cwp_rev_product_name":"","cwp_rev_product_image":"","wppr_links":[],"cwp_rev_price":"","wppr_options":[],"wppr_pros":[],"wppr_cons":[],"_monsterinsights_skip_tracking":false,"_monsterinsights_sitenote_active":false,"_monsterinsights_sitenote_note":"","_monsterinsights_sitenote_category":0,"footnotes":""},"categories":[2629],"tags":[2720,2630,2632,2636,2631,2633],"features":[],"class_list":{"0":"post-25933","1":"page","2":"type-page","3":"status-publish","4":"has-post-thumbnail","6":"category-fitness-software","7":"tag-ezfacility","8":"tag-fitness-software","9":"tag-piattaforma-gestionale-per-palestre","10":"tag-programma-gestionale-per-palestre","11":"tag-software-gestionale-per-palestre","12":"tag-soluzione-gestionale-per-palestre"},"wppr_data":{"cwp_meta_box_check":"Yes","cwp_rev_product_name":"","cwp_rev_product_image":"","cwp_image_link":"image","cwp_rev_price":"","wppr_rating":"0.00"},"acf":[],"yoast_head":"<!-- This site is optimized with the Yoast SEO plugin v27.4 - https:\/\/yoast.com\/product\/yoast-seo-wordpress\/ -->\n<title>EZFacility: recensione software gestionale per palestre - Accurate Reviews<\/title>\n<meta name=\"description\" content=\"EZFacility: recensione software basato sul web che semplifica le operazioni quotidiane di palestre, impianti sportivi e fitness club.\" \/>\n<meta name=\"robots\" content=\"index, follow, max-snippet:-1, max-image-preview:large, max-video-preview:-1\" \/>\n<link rel=\"canonical\" href=\"https:\/\/www.accuratereviews.com\/it\/software-fitness-lista\/ezfacility-recensione\/\" \/>\n<meta property=\"og:locale\" content=\"it_IT\" \/>\n<meta property=\"og:type\" content=\"article\" \/>\n<meta property=\"og:title\" content=\"EZFacility: recensione software gestionale per palestre - Accurate Reviews\" \/>\n<meta property=\"og:description\" content=\"EZFacility: recensione software basato sul web che semplifica le operazioni quotidiane di palestre, impianti sportivi e fitness club.\" \/>\n<meta property=\"og:url\" content=\"https:\/\/www.accuratereviews.com\/it\/software-fitness-lista\/ezfacility-recensione\/\" \/>\n<meta property=\"og:site_name\" content=\"Accurate Reviews\" \/>\n<meta property=\"og:image\" content=\"https:\/\/www.accuratereviews.com\/wp-content\/uploads\/2020\/04\/ez.png\" \/>\n\t<meta property=\"og:image:width\" content=\"400\" \/>\n\t<meta property=\"og:image:height\" content=\"400\" \/>\n\t<meta property=\"og:image:type\" content=\"image\/png\" \/>\n<meta name=\"twitter:card\" content=\"summary_large_image\" \/>\n<meta name=\"twitter:label1\" content=\"Tempo di lettura stimato\" \/>\n\t<meta name=\"twitter:data1\" content=\"5 minuti\" \/>\n<script type=\"application\/ld+json\" class=\"yoast-schema-graph\">{\"@context\":\"https:\\\/\\\/schema.org\",\"@graph\":[{\"@type\":\"WebPage\",\"@id\":\"https:\\\/\\\/www.accuratereviews.com\\\/it\\\/software-fitness-lista\\\/ezfacility-recensione\\\/\",\"url\":\"https:\\\/\\\/www.accuratereviews.com\\\/it\\\/software-fitness-lista\\\/ezfacility-recensione\\\/\",\"name\":\"EZFacility: recensione software gestionale per palestre - Accurate Reviews\",\"isPartOf\":{\"@id\":\"https:\\\/\\\/www.accuratereviews.com\\\/it\\\/#website\"},\"primaryImageOfPage\":{\"@id\":\"https:\\\/\\\/www.accuratereviews.com\\\/it\\\/software-fitness-lista\\\/ezfacility-recensione\\\/#primaryimage\"},\"image\":{\"@id\":\"https:\\\/\\\/www.accuratereviews.com\\\/it\\\/software-fitness-lista\\\/ezfacility-recensione\\\/#primaryimage\"},\"thumbnailUrl\":\"https:\\\/\\\/www.accuratereviews.com\\\/wp-content\\\/uploads\\\/2020\\\/04\\\/ez.png\",\"datePublished\":\"2020-04-29T10:23:45+00:00\",\"description\":\"EZFacility: recensione software basato sul web che semplifica le operazioni quotidiane di palestre, impianti sportivi e fitness club.\",\"breadcrumb\":{\"@id\":\"https:\\\/\\\/www.accuratereviews.com\\\/it\\\/software-fitness-lista\\\/ezfacility-recensione\\\/#breadcrumb\"},\"inLanguage\":\"it-IT\",\"potentialAction\":[{\"@type\":\"ReadAction\",\"target\":[\"https:\\\/\\\/www.accuratereviews.com\\\/it\\\/software-fitness-lista\\\/ezfacility-recensione\\\/\"]}]},{\"@type\":\"ImageObject\",\"inLanguage\":\"it-IT\",\"@id\":\"https:\\\/\\\/www.accuratereviews.com\\\/it\\\/software-fitness-lista\\\/ezfacility-recensione\\\/#primaryimage\",\"url\":\"https:\\\/\\\/www.accuratereviews.com\\\/wp-content\\\/uploads\\\/2020\\\/04\\\/ez.png\",\"contentUrl\":\"https:\\\/\\\/www.accuratereviews.com\\\/wp-content\\\/uploads\\\/2020\\\/04\\\/ez.png\",\"width\":400,\"height\":400},{\"@type\":\"BreadcrumbList\",\"@id\":\"https:\\\/\\\/www.accuratereviews.com\\\/it\\\/software-fitness-lista\\\/ezfacility-recensione\\\/#breadcrumb\",\"itemListElement\":[{\"@type\":\"ListItem\",\"position\":1,\"name\":\"Home\",\"item\":\"https:\\\/\\\/www.accuratereviews.com\\\/it\\\/\"},{\"@type\":\"ListItem\",\"position\":2,\"name\":\"Software per fitness\",\"item\":\"https:\\\/\\\/www.accuratereviews.com\\\/it\\\/software-fitness-lista\\\/\"},{\"@type\":\"ListItem\",\"position\":3,\"name\":\"EZFacility\"}]},{\"@type\":\"WebSite\",\"@id\":\"https:\\\/\\\/www.accuratereviews.com\\\/it\\\/#website\",\"url\":\"https:\\\/\\\/www.accuratereviews.com\\\/it\\\/\",\"name\":\"Accurate Reviews\",\"description\":\"\",\"potentialAction\":[{\"@type\":\"SearchAction\",\"target\":{\"@type\":\"EntryPoint\",\"urlTemplate\":\"https:\\\/\\\/www.accuratereviews.com\\\/it\\\/?s={search_term_string}\"},\"query-input\":{\"@type\":\"PropertyValueSpecification\",\"valueRequired\":true,\"valueName\":\"search_term_string\"}}],\"inLanguage\":\"it-IT\"}]}<\/script>\n<!-- \/ Yoast SEO plugin. -->","yoast_head_json":{"title":"EZFacility: recensione software gestionale per palestre - Accurate Reviews","description":"EZFacility: recensione software basato sul web che semplifica le operazioni quotidiane di palestre, impianti sportivi e fitness club.","robots":{"index":"index","follow":"follow","max-snippet":"max-snippet:-1","max-image-preview":"max-image-preview:large","max-video-preview":"max-video-preview:-1"},"canonical":"https:\/\/www.accuratereviews.com\/it\/software-fitness-lista\/ezfacility-recensione\/","og_locale":"it_IT","og_type":"article","og_title":"EZFacility: recensione software gestionale per palestre - Accurate Reviews","og_description":"EZFacility: recensione software basato sul web che semplifica le operazioni quotidiane di palestre, impianti sportivi e fitness club.","og_url":"https:\/\/www.accuratereviews.com\/it\/software-fitness-lista\/ezfacility-recensione\/","og_site_name":"Accurate Reviews","og_image":[{"width":400,"height":400,"url":"https:\/\/www.accuratereviews.com\/wp-content\/uploads\/2020\/04\/ez.png","type":"image\/png"}],"twitter_card":"summary_large_image","twitter_misc":{"Tempo di lettura stimato":"5 minuti"},"schema":{"@context":"https:\/\/schema.org","@graph":[{"@type":"WebPage","@id":"https:\/\/www.accuratereviews.com\/it\/software-fitness-lista\/ezfacility-recensione\/","url":"https:\/\/www.accuratereviews.com\/it\/software-fitness-lista\/ezfacility-recensione\/","name":"EZFacility: recensione software gestionale per palestre - Accurate Reviews","isPartOf":{"@id":"https:\/\/www.accuratereviews.com\/it\/#website"},"primaryImageOfPage":{"@id":"https:\/\/www.accuratereviews.com\/it\/software-fitness-lista\/ezfacility-recensione\/#primaryimage"},"image":{"@id":"https:\/\/www.accuratereviews.com\/it\/software-fitness-lista\/ezfacility-recensione\/#primaryimage"},"thumbnailUrl":"https:\/\/www.accuratereviews.com\/wp-content\/uploads\/2020\/04\/ez.png","datePublished":"2020-04-29T10:23:45+00:00","description":"EZFacility: recensione software basato sul web che semplifica le operazioni quotidiane di palestre, impianti sportivi e fitness club.","breadcrumb":{"@id":"https:\/\/www.accuratereviews.com\/it\/software-fitness-lista\/ezfacility-recensione\/#breadcrumb"},"inLanguage":"it-IT","potentialAction":[{"@type":"ReadAction","target":["https:\/\/www.accuratereviews.com\/it\/software-fitness-lista\/ezfacility-recensione\/"]}]},{"@type":"ImageObject","inLanguage":"it-IT","@id":"https:\/\/www.accuratereviews.com\/it\/software-fitness-lista\/ezfacility-recensione\/#primaryimage","url":"https:\/\/www.accuratereviews.com\/wp-content\/uploads\/2020\/04\/ez.png","contentUrl":"https:\/\/www.accuratereviews.com\/wp-content\/uploads\/2020\/04\/ez.png","width":400,"height":400},{"@type":"BreadcrumbList","@id":"https:\/\/www.accuratereviews.com\/it\/software-fitness-lista\/ezfacility-recensione\/#breadcrumb","itemListElement":[{"@type":"ListItem","position":1,"name":"Home","item":"https:\/\/www.accuratereviews.com\/it\/"},{"@type":"ListItem","position":2,"name":"Software per fitness","item":"https:\/\/www.accuratereviews.com\/it\/software-fitness-lista\/"},{"@type":"ListItem","position":3,"name":"EZFacility"}]},{"@type":"WebSite","@id":"https:\/\/www.accuratereviews.com\/it\/#website","url":"https:\/\/www.accuratereviews.com\/it\/","name":"Accurate Reviews","description":"","potentialAction":[{"@type":"SearchAction","target":{"@type":"EntryPoint","urlTemplate":"https:\/\/www.accuratereviews.com\/it\/?s={search_term_string}"},"query-input":{"@type":"PropertyValueSpecification","valueRequired":true,"valueName":"search_term_string"}}],"inLanguage":"it-IT"}]}},"_links":{"self":[{"href":"https:\/\/www.accuratereviews.com\/it\/wp-json\/wp\/v2\/pages\/25933","targetHints":{"allow":["GET"]}}],"collection":[{"href":"https:\/\/www.accuratereviews.com\/it\/wp-json\/wp\/v2\/pages"}],"about":[{"href":"https:\/\/www.accuratereviews.com\/it\/wp-json\/wp\/v2\/types\/page"}],"author":[{"embeddable":true,"href":"https:\/\/www.accuratereviews.com\/it\/wp-json\/wp\/v2\/users\/19"}],"replies":[{"embeddable":true,"href":"https:\/\/www.accuratereviews.com\/it\/wp-json\/wp\/v2\/comments?post=25933"}],"version-history":[{"count":6,"href":"https:\/\/www.accuratereviews.com\/it\/wp-json\/wp\/v2\/pages\/25933\/revisions"}],"predecessor-version":[{"id":25951,"href":"https:\/\/www.accuratereviews.com\/it\/wp-json\/wp\/v2\/pages\/25933\/revisions\/25951"}],"up":[{"embeddable":true,"href":"https:\/\/www.accuratereviews.com\/it\/wp-json\/wp\/v2\/pages\/25524"}],"wp:featuredmedia":[{"embeddable":true,"href":"https:\/\/www.accuratereviews.com\/it\/wp-json\/wp\/v2\/media\/25934"}],"wp:attachment":[{"href":"https:\/\/www.accuratereviews.com\/it\/wp-json\/wp\/v2\/media?parent=25933"}],"wp:term":[{"taxonomy":"category","embeddable":true,"href":"https:\/\/www.accuratereviews.com\/it\/wp-json\/wp\/v2\/categories?post=25933"},{"taxonomy":"post_tag","embeddable":true,"href":"https:\/\/www.accuratereviews.com\/it\/wp-json\/wp\/v2\/tags?post=25933"},{"taxonomy":"features","embeddable":true,"href":"https:\/\/www.accuratereviews.com\/it\/wp-json\/wp\/v2\/features?post=25933"}],"curies":[{"name":"wp","href":"https:\/\/api.w.org\/{rel}","templated":true}]}}