{"id":25970,"date":"2020-04-30T10:41:00","date_gmt":"2020-04-30T10:41:00","guid":{"rendered":"https:\/\/www.accuratereviews.com\/?page_id=25970"},"modified":"2022-11-28T16:36:26","modified_gmt":"2022-11-28T16:36:26","slug":"teamup-recensione","status":"publish","type":"page","link":"https:\/\/www.accuratereviews.com\/it\/software-fitness-lista\/teamup-recensione\/","title":{"rendered":"TeamUp"},"content":{"rendered":"<p><strong>TeamUp<\/strong> \u00e8 un<strong> sistema gestionale per palestre<\/strong> che offre funzionalit\u00e0 per l&#8217;organizzazione degli orari delle lezioni, l&#8217;accettazione dei pagamenti e l&#8217;interazione con gli atleti. Viene inoltre fornito con strumenti di reportistica affidabili che forniscono preziose informazioni sulle esperienze dei tuoi membri. In questo modo, puoi far crescere il tuo business in base a strategie basate sui dati.\u00a0Oltre ad essere facile da configurare, <strong>TeamUp<\/strong> ha un design intuitivo e completamente personalizzabile. \u00c8\u00a0completamente compatibile con i dispositivi <strong>iOS e Android<\/strong> in modo che i tuoi clienti possano connettersi facilmente con te. Con le versioni mobili del software, i tuoi clienti possono gestire le loro registrazioni e appartenenze direttamente dai loro telefoni da qualsiasi luogo con una connessione Internet.\u00a0Con gli strumenti di prenotazione e pagamento, la soluzione rende queste operazioni semplici e veloci.<\/p>\n<h2>TEAMUP &#8211; TUTORIAL<\/h2>\n<p>Guardando questo video scopriamo come \u00e8 semplice gestire la propria attivit\u00e0 con questo <strong>software gestionale per palestre<\/strong>:<\/p>\n<div id=\"fluid-wrapper-counter-1\" class=\"g1-fluid-wrapper \" style=\"width:686px;\">\n<div style=\"padding-bottom:56.268221574344%;\"><iframe loading=\"lazy\" title=\"CrossFit Box Owner in Sussex, UK speaks about TeamUp - CrossFit management software\" width=\"686\" height=\"386\" src=\"https:\/\/www.youtube.com\/embed\/i239FlddQUQ?feature=oembed&amp;wmode=transparent&amp;autohide=1&amp;autoplay=0&amp;disablekb=0&amp;fs=1&amp;loop=0&amp;enablejsapi=1&amp;rel=0&amp;controls=2&amp;showinfo=0&amp;wmode=transparent&amp;autohide=2&amp;autoplay=0&amp;disablekb=0&amp;fs=1&amp;loop=0&amp;enablejsapi=1&amp;rel=0&amp;controls=2&amp;showinfo=1\" frameborder=\"0\" allow=\"accelerometer; autoplay; clipboard-write; encrypted-media; gyroscope; picture-in-picture\" allowfullscreen><\/iframe><\/div>\n<\/div>\n<h3>TEAMUP &#8211; CARATTERISTICHE<\/h3>\n<ul>\n<li><strong>Iscrizione self-service<\/strong>: personalizza il modulo di iscrizione per raccogliere le informazioni di cui hai bisogno<\/li>\n<li><strong>Traccia il percorso del cliente<\/strong>: identificare e indirizzare i clienti in ogni fase con stati automatizzati<\/li>\n<li><strong>Referenze dei clienti<\/strong>: premia i clienti per aver indirizzato altri alla tua attivit\u00e0<\/li>\n<li><strong>Orario delle lezioni flessibile<\/strong>: imposta tipi di classe, giorni e crea orari ricorrenti o una tantum<\/li>\n<li><strong>Prenota online<\/strong>: consenti ai tuoi membri di effettuare e gestire le registrazioni delle loro classi online tramite il tuo sito web o le tue app. Automatizza messaggistica e follow-up<\/li>\n<li><strong>Lezioni<\/strong>: online o di persona, usa il registro per vedere chi partecipa e tutti i dettagli importanti su di loro. Avvia una lezione Zoom online direttamente dal registro<\/li>\n<li><strong>Limiti di iscrizione flessibili<\/strong>: imposta prezzi per classe, disponibilit\u00e0 e assegnazioni per giorno, settimana, mese, anno o ciclo di fatturazione<\/li>\n<li><strong>Pacchetti e piani<\/strong>: \u00a0piani ricorrenti o prepagati e pacchetti di classi sono tutti supportati<\/li>\n<li><strong>Record di presenze<\/strong>: tieni facilmente traccia della partecipazione alle lezioni o agli eventi inserendo la partecipazione dei membri direttamente dalla tua dashboard<\/li>\n<li><strong>Fatturazione automatizzata:<\/strong> i pagamenti ricorrenti vengono elaborati automaticamente<\/li>\n<li><strong>Modalit\u00e0 di pagamento<\/strong>: supporta carte di credito, addebito diretto o pagamenti di persona<\/li>\n<li><strong>Codici Sconto<\/strong>: soluzione di codici di sconto flessibile per supportare qualsiasi promozione o sconto che offri<\/li>\n<li><strong>App native:<\/strong> app iOS e Android consentono ai tuoi clienti di gestire le loro registrazioni dai loro telefoni<\/li>\n<li><strong>Segnalazione<\/strong>: ottieni informazioni dettagliate sulle tue operazioni aziendali e prendi decisioni migliori in base ai dati<\/li>\n<li><strong>Accesso del personale<\/strong>: account del personale illimitati presso la tua azienda in modo che tutti possano fare esattamente ci\u00f2 di cui hanno bisogno. Consentire al personale che istruisce le classi di creare e gestire le proprie lezioni<\/li>\n<\/ul>\n<h4>LE RECENSIONI DEGLI UTENTI<\/h4>\n<h4 class=\"font-weight-bold my-1 d-flex align-items-center\">Stuart F.\u00a0&#8220;Il miglior sistema di gestione della palestra che ho usato&#8221;<\/h4>\n<p><strong>Commenti: <\/strong>Fantastico, vorrei essere andato prima con loro e risparmiarmi la seccatura di cambiare software due volte prima.<\/p>\n<p><strong>Vantaggi: <\/strong>Se c&#8217;\u00e8 qualcosa che vorrei che il software facesse, \u00e8 probabile che sia gi\u00e0 qualcosa di cui \u00e8 capace. In caso contrario, il team di supporto \u00e8 molto desideroso di sentire le idee su come le cose possono essere migliorate.<\/p>\n<p><strong>Inconvenienti: <\/strong>Pu\u00f2 volerci un po &#8216;per capire. Sembra un po &#8216;pi\u00f9 datato di alcuni dei nuovi prodotti pi\u00f9 &#8220;appariscenti&#8221;, ma&#8221; \u00e8 estremamente flessibile e personalizzabile di qualsiasi cosa abbia usato in precedenza.<\/p>\n<h4 class=\"font-weight-bold my-1 d-flex align-items-center\">Hayley W.&#8221;Grande sistema: facile da usare e che ci aiuta a gestire il business in modo pi\u00f9 efficiente&#8221;<\/h4>\n<p><strong>Commenti: <\/strong>Ottimo sistema che ci sta aiutando a tenere traccia delle iscrizioni e delle lezioni in classe in modo molto pi\u00f9 efficiente rispetto a prima.<\/p>\n<p><strong>Vantaggi: <\/strong>Sembra abbastanza semplice da usare quando si arriva a sapere come funziona. Il team \u00e8 eccellente in TeamUp e \u00e8 sempre pronto a rispondere a una delle mie molte domande man mano che mi abituo al sistema.<\/p>\n<p><strong>Inconvenienti: <\/strong>Niente di grave: passare il tempo ad abituarsi al sistema in prima istanza.<\/p>\n<h4 class=\"font-weight-bold my-1 d-flex align-items-center\">Lucy B.&#8221;Sistema favoloso&#8221;<\/h4>\n<p><strong>Commenti: <\/strong>Uso TeamUp da 7 anni e continuo ad esserne molto soddisfatto. Lo consiglio sempre perch\u00e9 ritengo che non sia solo un software eccellente, ma anche un&#8217;azienda e un team davvero fantastici con cui lavorare.<\/p>\n<p><strong>Vantaggi: <\/strong>Il servizio clienti \u00e8 la caratteristica distintiva di questo software. Ha molte funzionalit\u00e0 e fa tutto ci\u00f2 di cui ho bisogno, per poter gestire la mia attivit\u00e0 yoga indipendente. Ma il servizio clienti \u00e8 davvero la cosa pi\u00f9 impressionante. Quando Covid-19 arriv\u00f2, ebbe immediatamente una guida per i suoi utenti di software, con informazioni sul supporto per le aziende di fitness e su come utilizzare il sistema per adattarsi. Hanno quindi prodotto nuove funzionalit\u00e0 e integrazioni entro una settimana, il che significa che sono stato in grado di far girare la mia attivit\u00e0 in modo molto semplice.<\/p>\n<p><strong>Inconvenienti: <\/strong>Trovo il sistema davvero adattabile e non c&#8217;\u00e8 nulla di cui ho bisogno che non sono stato in grado di fare. Mi piacerebbe vedere un po &#8216;pi\u00f9 di sviluppo attorno alla funzione Corsi, poich\u00e9 lo sto usando di pi\u00f9 e non ha lo stesso livello di funzionalit\u00e0 delle Classi, ma \u00e8 un problema minore.<\/p>\n","protected":false},"excerpt":{"rendered":"<p>TeamUp \u00e8 un sistema gestionale per palestre che offre funzionalit\u00e0 per l&#8217;organizzazione degli orari delle lezioni, l&#8217;accettazione dei pagamenti e l&#8217;interazione con gli atleti. Viene inoltre fornito con strumenti di reportistica affidabili che forniscono preziose informazioni sulle esperienze dei tuoi membri.<\/p>\n","protected":false},"author":19,"featured_media":25971,"parent":25524,"menu_order":0,"comment_status":"open","ping_status":"closed","template":"g1_template_page_review_new.php","meta":{"_acf_changed":false,"cwp_meta_box_check":"Yes","cwp_rev_product_name":"","cwp_rev_product_image":"","wppr_links":[],"cwp_rev_price":"","wppr_options":[{"name":"Usability","value":"0"},{"name":"Speed","value":"0"},{"name":"Features","value":"0"},{"name":"Support","value":"0"},{"name":"Pricing","value":"0"}],"wppr_pros":["","","","",""],"wppr_cons":["","","","",""],"_monsterinsights_skip_tracking":false,"_monsterinsights_sitenote_active":false,"_monsterinsights_sitenote_note":"","_monsterinsights_sitenote_category":0,"footnotes":""},"categories":[2629],"tags":[2630,2632,2636,2631,2633,2723],"features":[],"class_list":{"0":"post-25970","1":"page","2":"type-page","3":"status-publish","4":"has-post-thumbnail","6":"category-fitness-software","7":"tag-fitness-software","8":"tag-piattaforma-gestionale-per-palestre","9":"tag-programma-gestionale-per-palestre","10":"tag-software-gestionale-per-palestre","11":"tag-soluzione-gestionale-per-palestre","12":"tag-teamup"},"wppr_data":{"cwp_meta_box_check":"Yes","cwp_rev_product_name":"","_wppr_review_template":"default","cwp_rev_product_image":"","cwp_image_link":"image","wppr_links":[],"cwp_rev_price":"","wppr_pros":["","","","",""],"wppr_cons":["","","","",""],"wppr_rating":"0.00","wppr_options":{"1":{"name":"Usability","value":"0"},"2":{"name":"Speed","value":"0"},"3":{"name":"Features","value":"0"},"4":{"name":"Support","value":"0"},"5":{"name":"Pricing","value":"0"}},"wppr_review_type":"Product","wppr_review_custom_fields":{"additionalProperty":"","additionalType":"","aggregateRating":"","alternateName":"","audience":"","award":"","awards":"","brand":"","color":"","depth":"","description":"","disambiguatingDescription":"","gtin12":"","gtin13":"","gtin14":"","gtin8":"","height":"","identifier":"","image":"","isAccessoryOrSparePartFor":"","isConsumableFor":"","isRelatedTo":"","isSimilarTo":"","itemCondition":"","logo":"","mainEntityOfPage":"","manufacturer":"","material":"","model":"","mpn":"","name":"","offers":"","potentialAction":"","productID":"","productionDate":"","purchaseDate":"","releaseDate":"","review":"","reviews":"","sameAs":"","sku":"","slogan":"","subjectOf":"","url":"","weight":"","width":""}},"acf":[],"yoast_head":"<!-- This site is optimized with the Yoast SEO plugin v27.4 - https:\/\/yoast.com\/product\/yoast-seo-wordpress\/ -->\n<title>TeamUp: recensione software gestionale per palestre - Accurate Reviews<\/title>\n<meta name=\"description\" content=\"TeamUp: recensione sistema gestionale per palestre che offre funzionalit\u00e0 per l&#039;organizzazione degli orari delle lezioni, l&#039;accettazione dei pagamenti ecc.\" \/>\n<meta name=\"robots\" content=\"index, follow, max-snippet:-1, max-image-preview:large, max-video-preview:-1\" \/>\n<link rel=\"canonical\" href=\"https:\/\/www.accuratereviews.com\/it\/software-fitness-lista\/teamup-recensione\/\" \/>\n<meta property=\"og:locale\" content=\"it_IT\" \/>\n<meta property=\"og:type\" content=\"article\" \/>\n<meta property=\"og:title\" content=\"TeamUp: recensione software gestionale per palestre - Accurate Reviews\" \/>\n<meta property=\"og:description\" content=\"TeamUp: recensione sistema gestionale per palestre che offre funzionalit\u00e0 per l&#039;organizzazione degli orari delle lezioni, l&#039;accettazione dei pagamenti ecc.\" \/>\n<meta property=\"og:url\" content=\"https:\/\/www.accuratereviews.com\/it\/software-fitness-lista\/teamup-recensione\/\" \/>\n<meta property=\"og:site_name\" content=\"Accurate Reviews\" \/>\n<meta property=\"article:modified_time\" content=\"2022-11-28T16:36:26+00:00\" \/>\n<meta property=\"og:image\" content=\"https:\/\/www.accuratereviews.com\/wp-content\/uploads\/2020\/04\/teamup.png\" \/>\n\t<meta property=\"og:image:width\" content=\"600\" \/>\n\t<meta property=\"og:image:height\" content=\"315\" \/>\n\t<meta property=\"og:image:type\" content=\"image\/png\" \/>\n<meta name=\"twitter:card\" content=\"summary_large_image\" \/>\n<meta name=\"twitter:label1\" content=\"Tempo di lettura stimato\" \/>\n\t<meta name=\"twitter:data1\" content=\"5 minuti\" \/>\n<script type=\"application\/ld+json\" class=\"yoast-schema-graph\">{\"@context\":\"https:\\\/\\\/schema.org\",\"@graph\":[{\"@type\":\"WebPage\",\"@id\":\"https:\\\/\\\/www.accuratereviews.com\\\/it\\\/software-fitness-lista\\\/teamup-recensione\\\/\",\"url\":\"https:\\\/\\\/www.accuratereviews.com\\\/it\\\/software-fitness-lista\\\/teamup-recensione\\\/\",\"name\":\"TeamUp: recensione software gestionale per palestre - Accurate Reviews\",\"isPartOf\":{\"@id\":\"https:\\\/\\\/www.accuratereviews.com\\\/it\\\/#website\"},\"primaryImageOfPage\":{\"@id\":\"https:\\\/\\\/www.accuratereviews.com\\\/it\\\/software-fitness-lista\\\/teamup-recensione\\\/#primaryimage\"},\"image\":{\"@id\":\"https:\\\/\\\/www.accuratereviews.com\\\/it\\\/software-fitness-lista\\\/teamup-recensione\\\/#primaryimage\"},\"thumbnailUrl\":\"https:\\\/\\\/www.accuratereviews.com\\\/wp-content\\\/uploads\\\/2020\\\/04\\\/teamup.png\",\"datePublished\":\"2020-04-30T10:41:00+00:00\",\"dateModified\":\"2022-11-28T16:36:26+00:00\",\"description\":\"TeamUp: recensione sistema gestionale per palestre che offre funzionalit\u00e0 per l'organizzazione degli orari delle lezioni, l'accettazione dei pagamenti ecc.\",\"breadcrumb\":{\"@id\":\"https:\\\/\\\/www.accuratereviews.com\\\/it\\\/software-fitness-lista\\\/teamup-recensione\\\/#breadcrumb\"},\"inLanguage\":\"it-IT\",\"potentialAction\":[{\"@type\":\"ReadAction\",\"target\":[\"https:\\\/\\\/www.accuratereviews.com\\\/it\\\/software-fitness-lista\\\/teamup-recensione\\\/\"]}]},{\"@type\":\"ImageObject\",\"inLanguage\":\"it-IT\",\"@id\":\"https:\\\/\\\/www.accuratereviews.com\\\/it\\\/software-fitness-lista\\\/teamup-recensione\\\/#primaryimage\",\"url\":\"https:\\\/\\\/www.accuratereviews.com\\\/wp-content\\\/uploads\\\/2020\\\/04\\\/teamup.png\",\"contentUrl\":\"https:\\\/\\\/www.accuratereviews.com\\\/wp-content\\\/uploads\\\/2020\\\/04\\\/teamup.png\",\"width\":600,\"height\":315},{\"@type\":\"BreadcrumbList\",\"@id\":\"https:\\\/\\\/www.accuratereviews.com\\\/it\\\/software-fitness-lista\\\/teamup-recensione\\\/#breadcrumb\",\"itemListElement\":[{\"@type\":\"ListItem\",\"position\":1,\"name\":\"Home\",\"item\":\"https:\\\/\\\/www.accuratereviews.com\\\/it\\\/\"},{\"@type\":\"ListItem\",\"position\":2,\"name\":\"Software per fitness\",\"item\":\"https:\\\/\\\/www.accuratereviews.com\\\/it\\\/software-fitness-lista\\\/\"},{\"@type\":\"ListItem\",\"position\":3,\"name\":\"TeamUp\"}]},{\"@type\":\"WebSite\",\"@id\":\"https:\\\/\\\/www.accuratereviews.com\\\/it\\\/#website\",\"url\":\"https:\\\/\\\/www.accuratereviews.com\\\/it\\\/\",\"name\":\"Accurate Reviews\",\"description\":\"\",\"potentialAction\":[{\"@type\":\"SearchAction\",\"target\":{\"@type\":\"EntryPoint\",\"urlTemplate\":\"https:\\\/\\\/www.accuratereviews.com\\\/it\\\/?s={search_term_string}\"},\"query-input\":{\"@type\":\"PropertyValueSpecification\",\"valueRequired\":true,\"valueName\":\"search_term_string\"}}],\"inLanguage\":\"it-IT\"}]}<\/script>\n<!-- \/ Yoast SEO plugin. -->","yoast_head_json":{"title":"TeamUp: recensione software gestionale per palestre - Accurate Reviews","description":"TeamUp: recensione sistema gestionale per palestre che offre funzionalit\u00e0 per l'organizzazione degli orari delle lezioni, l'accettazione dei pagamenti ecc.","robots":{"index":"index","follow":"follow","max-snippet":"max-snippet:-1","max-image-preview":"max-image-preview:large","max-video-preview":"max-video-preview:-1"},"canonical":"https:\/\/www.accuratereviews.com\/it\/software-fitness-lista\/teamup-recensione\/","og_locale":"it_IT","og_type":"article","og_title":"TeamUp: recensione software gestionale per palestre - Accurate Reviews","og_description":"TeamUp: recensione sistema gestionale per palestre che offre funzionalit\u00e0 per l'organizzazione degli orari delle lezioni, l'accettazione dei pagamenti ecc.","og_url":"https:\/\/www.accuratereviews.com\/it\/software-fitness-lista\/teamup-recensione\/","og_site_name":"Accurate Reviews","article_modified_time":"2022-11-28T16:36:26+00:00","og_image":[{"width":600,"height":315,"url":"https:\/\/www.accuratereviews.com\/wp-content\/uploads\/2020\/04\/teamup.png","type":"image\/png"}],"twitter_card":"summary_large_image","twitter_misc":{"Tempo di lettura stimato":"5 minuti"},"schema":{"@context":"https:\/\/schema.org","@graph":[{"@type":"WebPage","@id":"https:\/\/www.accuratereviews.com\/it\/software-fitness-lista\/teamup-recensione\/","url":"https:\/\/www.accuratereviews.com\/it\/software-fitness-lista\/teamup-recensione\/","name":"TeamUp: recensione software gestionale per palestre - Accurate Reviews","isPartOf":{"@id":"https:\/\/www.accuratereviews.com\/it\/#website"},"primaryImageOfPage":{"@id":"https:\/\/www.accuratereviews.com\/it\/software-fitness-lista\/teamup-recensione\/#primaryimage"},"image":{"@id":"https:\/\/www.accuratereviews.com\/it\/software-fitness-lista\/teamup-recensione\/#primaryimage"},"thumbnailUrl":"https:\/\/www.accuratereviews.com\/wp-content\/uploads\/2020\/04\/teamup.png","datePublished":"2020-04-30T10:41:00+00:00","dateModified":"2022-11-28T16:36:26+00:00","description":"TeamUp: recensione sistema gestionale per palestre che offre funzionalit\u00e0 per l'organizzazione degli orari delle lezioni, l'accettazione dei pagamenti ecc.","breadcrumb":{"@id":"https:\/\/www.accuratereviews.com\/it\/software-fitness-lista\/teamup-recensione\/#breadcrumb"},"inLanguage":"it-IT","potentialAction":[{"@type":"ReadAction","target":["https:\/\/www.accuratereviews.com\/it\/software-fitness-lista\/teamup-recensione\/"]}]},{"@type":"ImageObject","inLanguage":"it-IT","@id":"https:\/\/www.accuratereviews.com\/it\/software-fitness-lista\/teamup-recensione\/#primaryimage","url":"https:\/\/www.accuratereviews.com\/wp-content\/uploads\/2020\/04\/teamup.png","contentUrl":"https:\/\/www.accuratereviews.com\/wp-content\/uploads\/2020\/04\/teamup.png","width":600,"height":315},{"@type":"BreadcrumbList","@id":"https:\/\/www.accuratereviews.com\/it\/software-fitness-lista\/teamup-recensione\/#breadcrumb","itemListElement":[{"@type":"ListItem","position":1,"name":"Home","item":"https:\/\/www.accuratereviews.com\/it\/"},{"@type":"ListItem","position":2,"name":"Software per fitness","item":"https:\/\/www.accuratereviews.com\/it\/software-fitness-lista\/"},{"@type":"ListItem","position":3,"name":"TeamUp"}]},{"@type":"WebSite","@id":"https:\/\/www.accuratereviews.com\/it\/#website","url":"https:\/\/www.accuratereviews.com\/it\/","name":"Accurate Reviews","description":"","potentialAction":[{"@type":"SearchAction","target":{"@type":"EntryPoint","urlTemplate":"https:\/\/www.accuratereviews.com\/it\/?s={search_term_string}"},"query-input":{"@type":"PropertyValueSpecification","valueRequired":true,"valueName":"search_term_string"}}],"inLanguage":"it-IT"}]}},"_links":{"self":[{"href":"https:\/\/www.accuratereviews.com\/it\/wp-json\/wp\/v2\/pages\/25970","targetHints":{"allow":["GET"]}}],"collection":[{"href":"https:\/\/www.accuratereviews.com\/it\/wp-json\/wp\/v2\/pages"}],"about":[{"href":"https:\/\/www.accuratereviews.com\/it\/wp-json\/wp\/v2\/types\/page"}],"author":[{"embeddable":true,"href":"https:\/\/www.accuratereviews.com\/it\/wp-json\/wp\/v2\/users\/19"}],"replies":[{"embeddable":true,"href":"https:\/\/www.accuratereviews.com\/it\/wp-json\/wp\/v2\/comments?post=25970"}],"version-history":[{"count":7,"href":"https:\/\/www.accuratereviews.com\/it\/wp-json\/wp\/v2\/pages\/25970\/revisions"}],"predecessor-version":[{"id":64448,"href":"https:\/\/www.accuratereviews.com\/it\/wp-json\/wp\/v2\/pages\/25970\/revisions\/64448"}],"up":[{"embeddable":true,"href":"https:\/\/www.accuratereviews.com\/it\/wp-json\/wp\/v2\/pages\/25524"}],"wp:featuredmedia":[{"embeddable":true,"href":"https:\/\/www.accuratereviews.com\/it\/wp-json\/wp\/v2\/media\/25971"}],"wp:attachment":[{"href":"https:\/\/www.accuratereviews.com\/it\/wp-json\/wp\/v2\/media?parent=25970"}],"wp:term":[{"taxonomy":"category","embeddable":true,"href":"https:\/\/www.accuratereviews.com\/it\/wp-json\/wp\/v2\/categories?post=25970"},{"taxonomy":"post_tag","embeddable":true,"href":"https:\/\/www.accuratereviews.com\/it\/wp-json\/wp\/v2\/tags?post=25970"},{"taxonomy":"features","embeddable":true,"href":"https:\/\/www.accuratereviews.com\/it\/wp-json\/wp\/v2\/features?post=25970"}],"curies":[{"name":"wp","href":"https:\/\/api.w.org\/{rel}","templated":true}]}}