{"id":25978,"date":"2020-04-30T10:33:04","date_gmt":"2020-04-30T10:33:04","guid":{"rendered":"https:\/\/www.accuratereviews.com\/?page_id=25978"},"modified":"2020-04-30T10:33:04","modified_gmt":"2020-04-30T10:33:04","slug":"gym-assistant-recensione","status":"publish","type":"page","link":"https:\/\/www.accuratereviews.com\/it\/software-fitness-lista\/gym-assistant-recensione\/","title":{"rendered":"Gym Assistant"},"content":{"rendered":"<p><strong>Gym Assistant<\/strong> \u00e8 una <strong>piattaforma per la gestione delle palestre<\/strong> basata su <strong>cloud<\/strong> di facile utilizzo. Aiuta a creare report, effettuare e accettare pagamenti con carta di credito e molto altro. L&#8217;interfaccia intuitiva guida i proprietari a ridurre il carico di lavoro nel mantenimento dei registri.\u00a0Gli utenti possono effettuare il check-in e registrare i membri, stampare fatture e report finanziari sull&#8217;appartenenza, creare email di marketing, stampare etichette, vendere piani di abbonamento redditizi, elaborare EFT, carte di credito e pagamenti ricorrenti e tenere traccia dell&#8217;intero database dei membri. Algoritmo di automazione sviluppato dalla soluzione gestisce le attivit\u00e0 relative all&#8217;affiliazione e aiuta i manager a prendere decisioni intelligenti e responsabili per il miglioramento della palestra. Altri strumenti includono un lettore di codici a barre, tag, sistemi di controllo degli accessi e identificazione delle foto.<\/p>\n<h2>GYM ASSISTANT &#8211; TUTORIAL<\/h2>\n<p>Ecco un tutorial che illustra le principali funzioni di questo <strong>software gestionale per palestre<\/strong>:<\/p>\n<div id=\"fluid-wrapper-counter-1\" class=\"g1-fluid-wrapper \" style=\"width:686px;\">\n<div style=\"padding-bottom:56.268221574344%;\"><iframe loading=\"lazy\" title=\"Video Overview of Gym Assistant\" width=\"686\" height=\"386\" src=\"https:\/\/www.youtube.com\/embed\/diJ1BOlTMMQ?feature=oembed&amp;wmode=transparent&amp;autohide=1&amp;autoplay=0&amp;disablekb=0&amp;fs=1&amp;loop=0&amp;enablejsapi=1&amp;rel=0&amp;controls=2&amp;showinfo=0&amp;wmode=transparent&amp;autohide=2&amp;autoplay=0&amp;disablekb=0&amp;fs=1&amp;loop=0&amp;enablejsapi=1&amp;rel=0&amp;controls=2&amp;showinfo=1\" frameborder=\"0\" allow=\"accelerometer; autoplay; encrypted-media; gyroscope; picture-in-picture\" allowfullscreen><\/iframe><\/div>\n<\/div>\n<h3>GYM ASSISTANT &#8211; CARATTERISTICHE<\/h3>\n<ul>\n<li>Check-in automatico i membri possono effettuare il check-in senza interrompere il lavoro<\/li>\n<li>Pagamenti, fatturazione, operazioni bancarie<\/li>\n<li>Elaborazione integrata dei pagamenti<\/li>\n<li>Invia addebiti mensili sulle carte in gruppo.<\/li>\n<li>Ampie capacit\u00e0 di reporting<\/li>\n<li>Rapporti sui membri, filtro flessibile ti consente di concentrarti sulle informazioni di cui hai bisogno<\/li>\n<li>Memorizza i parametri del rapporto per un successivo recupero<\/li>\n<li>Riepilogo diario, vedi quanto hai venduto oggi<\/li>\n<li>Analisi delle entrate e proiezioni, mostrano le tendenze mese per mese<\/li>\n<li>Riepilogo presenze, dettagli e analisi, mostrano quali ore del giorno richiedono pi\u00f9 personale<\/li>\n<li>Esempi di modelli di lettere ed email<\/li>\n<li>Creazione guidata di lettere con campi di inserimento chiave per una facile configurazione<\/li>\n<li>Invia email in batch<\/li>\n<li>Stampa etichette postali<\/li>\n<li>Database assistente palestra<\/li>\n<li>Capacit\u00e0 scalabile fino a 32.000 record membri<\/li>\n<li>Esegui l&#8217;upgrade per aggiungere ulteriori record di appartenenza<\/li>\n<\/ul>\n<h4>LE RECENSIONI DEGLI UTENTI<\/h4>\n<h4 class=\"font-weight-bold my-1 d-flex align-items-center\">Michael H.\u00a0&#8220;Facilit\u00e0 d&#8217;uso e funzionalit\u00e0&#8221;<\/h4>\n<p><strong>Vantaggi: <\/strong>Gym Assistant \u00e8 estremamente facile da usare con un sistema di base per una piccola palestra o la possibilit\u00e0 di essere un sistema di check-in e fatturazione completamente funzionale<\/p>\n<p><strong>Inconvenienti: <\/strong>Non c&#8217;\u00e8 nulla che non mi piaccia del software. Sicuramente non utilizzo una grande percentuale delle sue capacit\u00e0 e spero di iniziare a usarne di pi\u00f9 in quanto si presenta la necessit\u00e0. Ha assolutamente la possibilit\u00e0 di essere utilizzato in una grande struttura e spero di un giorno crescere e diventare quella struttura.<\/p>\n<h4 class=\"font-weight-bold my-1 d-flex align-items-center\">Karla A.&#8221;Hai tutto per una facile gestione della palestra&#8221;<\/h4>\n<p><strong>Commenti: <\/strong>Nel complesso, questa \u00e8 stata un&#8217;ottima esperienza. La facilit\u00e0 d&#8217;uso \u00e8 stata sorprendente e le poche volte in cui ho avuto bisogno di assistenza \u00e8 stata rapida e utile. Posso vedere i miei dati finanziari con un paio di battute. Posso monitorare l&#8217;utilizzo senza essere l\u00ec. Adoro questo software!<\/p>\n<p><strong>Vantaggi: <\/strong>Era cos\u00ec facile da usare soprattutto per un utente di tecnologia minimalista. Tiene traccia di membri, pagamenti, date e orari di utilizzo. Mi d\u00e0 la flessibilit\u00e0 per diversi tipi di abbonamenti e schede. Consiglierei questo prodotto a chiunque inizi nel settore della palestra. All&#8217;inizio ero nuovo nel business e questo \u00e8 stato sicuramente un risparmio economico. Tiene traccia dei dati finanziari giornalieri, mensili e annuali che aiutano durante le tasse. Gym Assistant mi ha permesso di gestire la mia palestra 24\/7 senza troppe spese generali. Posso monitorare l&#8217;utilizzo senza essere presente. Grazie Gym Assistant!<\/p>\n<p><strong>Inconvenienti: <\/strong>L&#8217;unica difficolt\u00e0 che ho avuto \u00e8 stata l&#8217;installazione. Non avevo capito che dovevo acquistarlo da una fonte diversa.<\/p>\n<h4 class=\"font-weight-bold my-1 d-flex align-items-center\">Keith Y.&#8221;Ottimo software&#8221;<\/h4>\n<p><strong>Commenti: <\/strong>Fantastico, quasi nessun problema. Ordinare pi\u00f9 tag era semplice quando finivo. L&#8217;opzione per personalizzarli fa davvero al caso mio.<\/p>\n<p><strong>Vantaggi: <\/strong>Programma semplice che gestisce l&#8217;accesso alla palestra per i miei membri e tiene traccia di tutto, dai pagamenti alle informazioni personali<\/p>\n<p><strong>Inconvenienti: <\/strong>Inizialmente trovare rapporti era un po &#8216;complicato, ma una volta che li trovi \u00e8 piuttosto semplice<\/p>\n","protected":false},"excerpt":{"rendered":"<p>Gym Assistant \u00e8 una piattaforma per la gestione delle palestre basata su cloud di facile utilizzo. Aiuta a creare report, effettuare e accettare pagamenti con carta di credito e molto altro. L&#8217;interfaccia intuitiva guida i proprietari a ridurre il carico di lavoro nel mantenimento dei registri.\u00a0<\/p>\n","protected":false},"author":19,"featured_media":25979,"parent":25524,"menu_order":0,"comment_status":"open","ping_status":"closed","template":"g1_template_page_review_new.php","meta":{"_acf_changed":false,"cwp_meta_box_check":"Yes","cwp_rev_product_name":"","cwp_rev_product_image":"","wppr_links":[],"cwp_rev_price":"","wppr_options":[],"wppr_pros":[],"wppr_cons":[],"_monsterinsights_skip_tracking":false,"_monsterinsights_sitenote_active":false,"_monsterinsights_sitenote_note":"","_monsterinsights_sitenote_category":0,"footnotes":""},"categories":[2629],"tags":[396,2630,2724,2632,2636,2631,2633],"features":[],"class_list":{"0":"post-25978","1":"page","2":"type-page","3":"status-publish","4":"has-post-thumbnail","6":"category-fitness-software","7":"tag-cloud","8":"tag-fitness-software","9":"tag-gym-assistant","10":"tag-piattaforma-gestionale-per-palestre","11":"tag-programma-gestionale-per-palestre","12":"tag-software-gestionale-per-palestre","13":"tag-soluzione-gestionale-per-palestre"},"wppr_data":{"cwp_meta_box_check":"Yes","cwp_rev_product_name":"","cwp_rev_product_image":"","cwp_image_link":"image","cwp_rev_price":"","wppr_rating":"0.00"},"acf":[],"yoast_head":"<!-- This site is optimized with the Yoast SEO plugin v27.4 - https:\/\/yoast.com\/product\/yoast-seo-wordpress\/ -->\n<title>Gym Assistant: recensione gestionale palestre - Accurate Reviews<\/title>\n<meta name=\"description\" content=\"Gym Assistant: recensione software per gestione di palestre basata su cloud di facile utilizzo per creare report, effettuare e accettare pagamenti e altro.\" \/>\n<meta name=\"robots\" content=\"index, follow, max-snippet:-1, max-image-preview:large, max-video-preview:-1\" \/>\n<link rel=\"canonical\" href=\"https:\/\/www.accuratereviews.com\/it\/software-fitness-lista\/gym-assistant-recensione\/\" \/>\n<meta property=\"og:locale\" content=\"it_IT\" \/>\n<meta property=\"og:type\" content=\"article\" \/>\n<meta property=\"og:title\" content=\"Gym Assistant: recensione gestionale palestre - Accurate Reviews\" \/>\n<meta property=\"og:description\" content=\"Gym Assistant: recensione software per gestione di palestre basata su cloud di facile utilizzo per creare report, effettuare e accettare pagamenti e altro.\" \/>\n<meta property=\"og:url\" content=\"https:\/\/www.accuratereviews.com\/it\/software-fitness-lista\/gym-assistant-recensione\/\" \/>\n<meta property=\"og:site_name\" content=\"Accurate Reviews\" \/>\n<meta property=\"og:image\" content=\"https:\/\/www.accuratereviews.com\/wp-content\/uploads\/2020\/04\/gym-assistant.jpg\" \/>\n\t<meta property=\"og:image:width\" content=\"600\" \/>\n\t<meta property=\"og:image:height\" content=\"315\" \/>\n\t<meta property=\"og:image:type\" content=\"image\/jpeg\" \/>\n<meta name=\"twitter:card\" content=\"summary_large_image\" \/>\n<meta name=\"twitter:label1\" content=\"Tempo di lettura stimato\" \/>\n\t<meta name=\"twitter:data1\" content=\"3 minuti\" \/>\n<script type=\"application\/ld+json\" class=\"yoast-schema-graph\">{\"@context\":\"https:\\\/\\\/schema.org\",\"@graph\":[{\"@type\":\"WebPage\",\"@id\":\"https:\\\/\\\/www.accuratereviews.com\\\/it\\\/software-fitness-lista\\\/gym-assistant-recensione\\\/\",\"url\":\"https:\\\/\\\/www.accuratereviews.com\\\/it\\\/software-fitness-lista\\\/gym-assistant-recensione\\\/\",\"name\":\"Gym Assistant: recensione gestionale palestre - Accurate Reviews\",\"isPartOf\":{\"@id\":\"https:\\\/\\\/www.accuratereviews.com\\\/it\\\/#website\"},\"primaryImageOfPage\":{\"@id\":\"https:\\\/\\\/www.accuratereviews.com\\\/it\\\/software-fitness-lista\\\/gym-assistant-recensione\\\/#primaryimage\"},\"image\":{\"@id\":\"https:\\\/\\\/www.accuratereviews.com\\\/it\\\/software-fitness-lista\\\/gym-assistant-recensione\\\/#primaryimage\"},\"thumbnailUrl\":\"https:\\\/\\\/www.accuratereviews.com\\\/wp-content\\\/uploads\\\/2020\\\/04\\\/gym-assistant.jpg\",\"datePublished\":\"2020-04-30T10:33:04+00:00\",\"description\":\"Gym Assistant: recensione software per gestione di palestre basata su cloud di facile utilizzo per creare report, effettuare e accettare pagamenti e altro.\",\"breadcrumb\":{\"@id\":\"https:\\\/\\\/www.accuratereviews.com\\\/it\\\/software-fitness-lista\\\/gym-assistant-recensione\\\/#breadcrumb\"},\"inLanguage\":\"it-IT\",\"potentialAction\":[{\"@type\":\"ReadAction\",\"target\":[\"https:\\\/\\\/www.accuratereviews.com\\\/it\\\/software-fitness-lista\\\/gym-assistant-recensione\\\/\"]}]},{\"@type\":\"ImageObject\",\"inLanguage\":\"it-IT\",\"@id\":\"https:\\\/\\\/www.accuratereviews.com\\\/it\\\/software-fitness-lista\\\/gym-assistant-recensione\\\/#primaryimage\",\"url\":\"https:\\\/\\\/www.accuratereviews.com\\\/wp-content\\\/uploads\\\/2020\\\/04\\\/gym-assistant.jpg\",\"contentUrl\":\"https:\\\/\\\/www.accuratereviews.com\\\/wp-content\\\/uploads\\\/2020\\\/04\\\/gym-assistant.jpg\",\"width\":600,\"height\":315},{\"@type\":\"BreadcrumbList\",\"@id\":\"https:\\\/\\\/www.accuratereviews.com\\\/it\\\/software-fitness-lista\\\/gym-assistant-recensione\\\/#breadcrumb\",\"itemListElement\":[{\"@type\":\"ListItem\",\"position\":1,\"name\":\"Home\",\"item\":\"https:\\\/\\\/www.accuratereviews.com\\\/it\\\/\"},{\"@type\":\"ListItem\",\"position\":2,\"name\":\"Software per fitness\",\"item\":\"https:\\\/\\\/www.accuratereviews.com\\\/it\\\/software-fitness-lista\\\/\"},{\"@type\":\"ListItem\",\"position\":3,\"name\":\"Gym Assistant\"}]},{\"@type\":\"WebSite\",\"@id\":\"https:\\\/\\\/www.accuratereviews.com\\\/it\\\/#website\",\"url\":\"https:\\\/\\\/www.accuratereviews.com\\\/it\\\/\",\"name\":\"Accurate Reviews\",\"description\":\"\",\"potentialAction\":[{\"@type\":\"SearchAction\",\"target\":{\"@type\":\"EntryPoint\",\"urlTemplate\":\"https:\\\/\\\/www.accuratereviews.com\\\/it\\\/?s={search_term_string}\"},\"query-input\":{\"@type\":\"PropertyValueSpecification\",\"valueRequired\":true,\"valueName\":\"search_term_string\"}}],\"inLanguage\":\"it-IT\"}]}<\/script>\n<!-- \/ Yoast SEO plugin. -->","yoast_head_json":{"title":"Gym Assistant: recensione gestionale palestre - Accurate Reviews","description":"Gym Assistant: recensione software per gestione di palestre basata su cloud di facile utilizzo per creare report, effettuare e accettare pagamenti e altro.","robots":{"index":"index","follow":"follow","max-snippet":"max-snippet:-1","max-image-preview":"max-image-preview:large","max-video-preview":"max-video-preview:-1"},"canonical":"https:\/\/www.accuratereviews.com\/it\/software-fitness-lista\/gym-assistant-recensione\/","og_locale":"it_IT","og_type":"article","og_title":"Gym Assistant: recensione gestionale palestre - Accurate Reviews","og_description":"Gym Assistant: recensione software per gestione di palestre basata su cloud di facile utilizzo per creare report, effettuare e accettare pagamenti e altro.","og_url":"https:\/\/www.accuratereviews.com\/it\/software-fitness-lista\/gym-assistant-recensione\/","og_site_name":"Accurate Reviews","og_image":[{"width":600,"height":315,"url":"https:\/\/www.accuratereviews.com\/wp-content\/uploads\/2020\/04\/gym-assistant.jpg","type":"image\/jpeg"}],"twitter_card":"summary_large_image","twitter_misc":{"Tempo di lettura stimato":"3 minuti"},"schema":{"@context":"https:\/\/schema.org","@graph":[{"@type":"WebPage","@id":"https:\/\/www.accuratereviews.com\/it\/software-fitness-lista\/gym-assistant-recensione\/","url":"https:\/\/www.accuratereviews.com\/it\/software-fitness-lista\/gym-assistant-recensione\/","name":"Gym Assistant: recensione gestionale palestre - Accurate Reviews","isPartOf":{"@id":"https:\/\/www.accuratereviews.com\/it\/#website"},"primaryImageOfPage":{"@id":"https:\/\/www.accuratereviews.com\/it\/software-fitness-lista\/gym-assistant-recensione\/#primaryimage"},"image":{"@id":"https:\/\/www.accuratereviews.com\/it\/software-fitness-lista\/gym-assistant-recensione\/#primaryimage"},"thumbnailUrl":"https:\/\/www.accuratereviews.com\/wp-content\/uploads\/2020\/04\/gym-assistant.jpg","datePublished":"2020-04-30T10:33:04+00:00","description":"Gym Assistant: recensione software per gestione di palestre basata su cloud di facile utilizzo per creare report, effettuare e accettare pagamenti e altro.","breadcrumb":{"@id":"https:\/\/www.accuratereviews.com\/it\/software-fitness-lista\/gym-assistant-recensione\/#breadcrumb"},"inLanguage":"it-IT","potentialAction":[{"@type":"ReadAction","target":["https:\/\/www.accuratereviews.com\/it\/software-fitness-lista\/gym-assistant-recensione\/"]}]},{"@type":"ImageObject","inLanguage":"it-IT","@id":"https:\/\/www.accuratereviews.com\/it\/software-fitness-lista\/gym-assistant-recensione\/#primaryimage","url":"https:\/\/www.accuratereviews.com\/wp-content\/uploads\/2020\/04\/gym-assistant.jpg","contentUrl":"https:\/\/www.accuratereviews.com\/wp-content\/uploads\/2020\/04\/gym-assistant.jpg","width":600,"height":315},{"@type":"BreadcrumbList","@id":"https:\/\/www.accuratereviews.com\/it\/software-fitness-lista\/gym-assistant-recensione\/#breadcrumb","itemListElement":[{"@type":"ListItem","position":1,"name":"Home","item":"https:\/\/www.accuratereviews.com\/it\/"},{"@type":"ListItem","position":2,"name":"Software per fitness","item":"https:\/\/www.accuratereviews.com\/it\/software-fitness-lista\/"},{"@type":"ListItem","position":3,"name":"Gym Assistant"}]},{"@type":"WebSite","@id":"https:\/\/www.accuratereviews.com\/it\/#website","url":"https:\/\/www.accuratereviews.com\/it\/","name":"Accurate Reviews","description":"","potentialAction":[{"@type":"SearchAction","target":{"@type":"EntryPoint","urlTemplate":"https:\/\/www.accuratereviews.com\/it\/?s={search_term_string}"},"query-input":{"@type":"PropertyValueSpecification","valueRequired":true,"valueName":"search_term_string"}}],"inLanguage":"it-IT"}]}},"_links":{"self":[{"href":"https:\/\/www.accuratereviews.com\/it\/wp-json\/wp\/v2\/pages\/25978","targetHints":{"allow":["GET"]}}],"collection":[{"href":"https:\/\/www.accuratereviews.com\/it\/wp-json\/wp\/v2\/pages"}],"about":[{"href":"https:\/\/www.accuratereviews.com\/it\/wp-json\/wp\/v2\/types\/page"}],"author":[{"embeddable":true,"href":"https:\/\/www.accuratereviews.com\/it\/wp-json\/wp\/v2\/users\/19"}],"replies":[{"embeddable":true,"href":"https:\/\/www.accuratereviews.com\/it\/wp-json\/wp\/v2\/comments?post=25978"}],"version-history":[{"count":3,"href":"https:\/\/www.accuratereviews.com\/it\/wp-json\/wp\/v2\/pages\/25978\/revisions"}],"predecessor-version":[{"id":25986,"href":"https:\/\/www.accuratereviews.com\/it\/wp-json\/wp\/v2\/pages\/25978\/revisions\/25986"}],"up":[{"embeddable":true,"href":"https:\/\/www.accuratereviews.com\/it\/wp-json\/wp\/v2\/pages\/25524"}],"wp:featuredmedia":[{"embeddable":true,"href":"https:\/\/www.accuratereviews.com\/it\/wp-json\/wp\/v2\/media\/25979"}],"wp:attachment":[{"href":"https:\/\/www.accuratereviews.com\/it\/wp-json\/wp\/v2\/media?parent=25978"}],"wp:term":[{"taxonomy":"category","embeddable":true,"href":"https:\/\/www.accuratereviews.com\/it\/wp-json\/wp\/v2\/categories?post=25978"},{"taxonomy":"post_tag","embeddable":true,"href":"https:\/\/www.accuratereviews.com\/it\/wp-json\/wp\/v2\/tags?post=25978"},{"taxonomy":"features","embeddable":true,"href":"https:\/\/www.accuratereviews.com\/it\/wp-json\/wp\/v2\/features?post=25978"}],"curies":[{"name":"wp","href":"https:\/\/api.w.org\/{rel}","templated":true}]}}