{"id":25996,"date":"2020-05-04T07:50:39","date_gmt":"2020-05-04T07:50:39","guid":{"rendered":"https:\/\/www.accuratereviews.com\/?page_id=25996"},"modified":"2020-05-04T07:50:39","modified_gmt":"2020-05-04T07:50:39","slug":"upper-hand-recensione","status":"publish","type":"page","link":"https:\/\/www.accuratereviews.com\/it\/software-fitness-lista\/upper-hand-recensione\/","title":{"rendered":"Upper Hand"},"content":{"rendered":"<p><strong>Upper Hand<\/strong> \u00e8 una <strong>soluzione gestionale per palestre<\/strong> progettata per semplificare le operazioni di front \/ back-office, comprese le registrazioni, la programmazione del personale e la gestione degli eventi. La piattaforma centralizzata consente agli utenti di creare flussi di lavoro personalizzati per eventi, pianificare programmi in elenchi con partecipanti specifici e registrare i clienti.\u00a0Viene fornito con soluzioni integrate di pagamento e POS, che consentono agli utenti di tracciare e rimborsare transazioni online e prevenire pagamenti non riusciti aggiornando automaticamente le carte scadute o sostituite nel sistema. Inoltre, gli amministratori possono utilizzare la piattaforma per gestire la disponibilit\u00e0 del personale, le buste paga, l&#8217;associazione del programma e altro ancora.\u00a0<strong>Upper Hand<\/strong> offre strumenti di automazione del marketing per le aziende per archiviare tutti i dettagli sui clienti e segmentare i contatti per promuovere campagne di geo-marketing mirate all&#8217;interno di un gruppo specifico.<\/p>\n<h2>UPPER HAND &#8211; TUTORIAL<\/h2>\n<p>Il tutorial che segue mostra come inserire effettuare la registrazione usando questo <strong>software gestionale per palestre<\/strong>:<\/p>\n<div id=\"fluid-wrapper-counter-1\" class=\"g1-fluid-wrapper \" style=\"width:686px;\">\n<div style=\"padding-bottom:56.268221574344%;\"><iframe loading=\"lazy\" title=\"Upper Hand T3 Registration Instructions\" width=\"515\" height=\"386\" src=\"https:\/\/www.youtube.com\/embed\/9assQPqd9Cs?start=64&#038;feature=oembed&amp;wmode=transparent&amp;autohide=1&amp;autoplay=0&amp;disablekb=0&amp;fs=1&amp;loop=0&amp;enablejsapi=1&amp;rel=0&amp;controls=2&amp;showinfo=0&amp;wmode=transparent&amp;autohide=2&amp;autoplay=0&amp;disablekb=0&amp;fs=1&amp;loop=0&amp;enablejsapi=1&amp;rel=0&amp;controls=2&amp;showinfo=1\" frameborder=\"0\" allow=\"accelerometer; autoplay; encrypted-media; gyroscope; picture-in-picture\" allowfullscreen><\/iframe><\/div>\n<\/div>\n<h3>UPPER HAND &#8211; CARATTERISTICHE<\/h3>\n<ul>\n<li><strong>Tipi di eventi personalizzati<\/strong>: tagga e organizza i tuoi programmi come desideri e osserva la coerenza diffusa in tutta l&#8217;app. Filtra sul calendario, nella tabella degli eventi, nei rapporti, associali alle iscrizioni e altro ancora<\/li>\n<li><strong>Creazione di eventi senza soluzione di continuit\u00e0<\/strong>: utilizza lo stesso flusso di lavoro di creazione per impostare nuovi programmi indipendentemente dal tipo, con una logica intuitiva che ti consente di personalizzare tutti gli aspetti<\/li>\n<li><strong>Messaggi specifici per evento:<\/strong> invia rapidamente messaggi a un elenco di partecipanti di una sessione specifica o pianificali per un momento successivo<\/li>\n<li><strong>Personalizza le pagine di destinazione<\/strong>: personalizza le tue pagine di iscrizione con immagini e descrizioni dettagliate con un editor Rich Text<\/li>\n<li><strong>Campi di iscrizione<\/strong>: aggiungi i campi obbligatori e facoltativi per raccogliere informazioni pertinenti durante l&#8217;iscrizione come taglie, i contatti di emergenza e altro ancora<\/li>\n<li><strong>Opzioni di prezzo robuste:<\/strong> scegli tra una variet\u00e0 di opzioni di prezzo in base alle tue esigenze di registrazione. Imposta un prezzo per il programma completo, consenti ai clienti di acquistare singole sessioni con un premio opzionale, creare piani di pagamento ricorrenti e abilitare i prezzi dinamici per ripartire le sessioni rimanenti per iscrizioni tardive<\/li>\n<li><strong>Liste di attesa e restrizioni per i partecipanti:<\/strong> definisci quanti partecipanti possono registrarsi, l&#8217;et\u00e0 consentita e se consentire una lista di attesa dopo aver raggiunto il limite massimo<\/li>\n<li><strong>Assegnazioni di personale e risorse:<\/strong> seleziona quali membri dello staff stanno lavorando al programma o visualizza chi \u00e8 disponibile in base ai loro programmi personali<\/li>\n<li><strong>Pass di credito<\/strong>: crea pass di credito, scegli i programmi che i clienti possono utilizzare per prenotare e impostali affinch\u00e9 scadano in base alla data di acquisto, al primo utilizzo o alla data specifica<\/li>\n<li><strong>Prezzi del pacchetto<\/strong>: incentivare i clienti ad acquistare sessioni multiple aggiungendo sconti per vari pacchetti<\/li>\n<li><strong>Sospendi o Annulla:<\/strong> sospendi o annulla facilmente le iscrizioni immediatamente o al termine del periodo di fatturazione. Imposta le date di riattivazione per riprendere la fatturazione e i vantaggi<\/li>\n<li><strong>Invia inviti e promemoria<\/strong>: attiva email di marketing che indirizzano i clienti direttamente alla pagina di registrazione dell&#8217;iscrizione, oltre a promemoria per coloro che devono ancora agire<\/li>\n<li><strong>Riprogrammare e riassegnare<\/strong>: riprogrammare facilmente la sessione prenotata di un cliente o riassegnare la risorsa e il personale prenotati direttamente dal calendario<\/li>\n<li><strong>Check-in dal calendario:<\/strong> tieni traccia dei clienti presenti e registrati direttamente dal calendario<\/li>\n<li><strong>Personalizza prodotti e varianti<\/strong>: crea prodotti, aggiungi immagini, imposta i tuoi prezzi e aggiungi varianti come dimensioni, colori e altro<\/li>\n<\/ul>\n<h4>LE RECENSIONI DEGLI UTENTI<\/h4>\n<h4 class=\"font-weight-bold my-1 d-flex align-items-center\">Jiselle P.&#8221;Cos\u00ec conveniente!&#8221;<\/h4>\n<p><strong>Commenti: <\/strong>L&#8217;intero processo \u00e8 stato facile dalla richiesta iniziale di informazioni, alla creazione dei nostri programmi ed eventi. Consiglio vivamente il loro software!<\/p>\n<p><strong>Vantaggi: <\/strong>Trattandosi di un&#8217;organizzazione no profit focalizzata su molti aspetti, questo software mi aiuta in ognuno di essi. I numerosi programmi che eseguiamo, il monitoraggio dei dipendenti e, in un prossimo futuro, la gestione delle strutture. Non sei davvero limitato a ci\u00f2 che puoi fare con questo software. Se non \u00e8 qualcosa che fanno attualmente, sono aperti a tutte le idee per renderlo ancora pi\u00f9 user friendly. Qualunque cosa ci rende il lavoro semplice!<\/p>\n<p><strong>Inconvenienti: <\/strong>L&#8217;unico aspetto negativo \u00e8 alcune delle piccole cose che non siamo in grado di personalizzare noi stessi, per quanto riguarda le domande speciali nel processo di creazione dell&#8217;account. Dal momento che si aggiornano sempre e escono idee, sono sicuro che accadr\u00e0 presto<\/p>\n<h4 class=\"font-weight-bold my-1 d-flex align-items-center\">Christopher H.\u00a0&#8220;Grande valore&#8221;<\/h4>\n<p><strong>Commenti: <\/strong>Siamo stati utenti sin dall&#8217;inizio di quando Upper Hand ha creato il loro software. Sono stato in grado di far crescere il mio business personale insieme alla crescita di Upper Hand. Hanno sempre ascoltato le idee degli utenti e hanno implementato molti dei nostri suggerimenti. Sono stati perfetti per la nostra azienda.<\/p>\n<p><strong>Vantaggi: <\/strong>Abbastanza facile da usare la segnalazione. Facilit\u00e0 di duplicazione di eventi. Ottimo servizio clienti<\/p>\n<p><strong>Inconvenienti: <\/strong>Capacit\u00e0 di modifica dei prezzi e cosa viene mostrato quando un acquirente riceve un&#8217;email di marketing. Offri un sistema di checkbox al check out.<\/p>\n<h4 class=\"font-weight-bold my-1 d-flex align-items-center\">Peter D.\u00a0&#8220;Recensione Upper Hand&#8221;<\/h4>\n<p><strong>Commenti: <\/strong>Nel complesso ho avuto un&#8217;ottima esperienza con il sopravvento sul fatto che il loro servizio clienti \u00e8 estremamente efficiente<\/p>\n<p><strong>Vantaggi: <\/strong>Nel complesso, un ottimo prodotto a prezzi ragionevoli e un ottimo servizio clienti<\/p>\n<p><strong>Inconvenienti: <\/strong>Penso che il software nel complesso sia molto buono con aggiornamenti costanti<\/p>\n<p>&nbsp;<\/p>\n","protected":false},"excerpt":{"rendered":"<p>Upper Hand \u00e8 una soluzione gestionale per palestre progettata per semplificare le operazioni di front \/ back-office, comprese le registrazioni, la programmazione del personale e la gestione degli eventi. La piattaforma centralizzata consente agli utenti di creare flussi di lavoro personalizzati per eventi, pianificare programmi in elenchi con partecipanti specifici e registrare i clienti.<\/p>\n","protected":false},"author":19,"featured_media":25997,"parent":25524,"menu_order":0,"comment_status":"open","ping_status":"closed","template":"g1_template_page_review_new.php","meta":{"_acf_changed":false,"cwp_meta_box_check":"Yes","cwp_rev_product_name":"","cwp_rev_product_image":"","wppr_links":[],"cwp_rev_price":"","wppr_options":[],"wppr_pros":[],"wppr_cons":[],"_monsterinsights_skip_tracking":false,"_monsterinsights_sitenote_active":false,"_monsterinsights_sitenote_note":"","_monsterinsights_sitenote_category":0,"footnotes":""},"categories":[2629],"tags":[396,2630,2632,2636,2631,2633,2725],"features":[],"class_list":{"0":"post-25996","1":"page","2":"type-page","3":"status-publish","4":"has-post-thumbnail","6":"category-fitness-software","7":"tag-cloud","8":"tag-fitness-software","9":"tag-piattaforma-gestionale-per-palestre","10":"tag-programma-gestionale-per-palestre","11":"tag-software-gestionale-per-palestre","12":"tag-soluzione-gestionale-per-palestre","13":"tag-upper-hand"},"wppr_data":{"cwp_meta_box_check":"Yes","cwp_rev_product_name":"","cwp_rev_product_image":"","cwp_image_link":"image","cwp_rev_price":"","wppr_rating":"0.00"},"acf":[],"yoast_head":"<!-- This site is optimized with the Yoast SEO plugin v27.4 - https:\/\/yoast.com\/product\/yoast-seo-wordpress\/ -->\n<title>Upper Hand: recensione software gestionale palestre - Accurate Reviews<\/title>\n<meta name=\"description\" content=\"Upper Hand: recensione soluzione gestionale per palestre progettata per semplificare l&#039;amministrazione della propia attivit\u00e0.\" \/>\n<meta name=\"robots\" content=\"index, follow, max-snippet:-1, max-image-preview:large, max-video-preview:-1\" \/>\n<link rel=\"canonical\" href=\"https:\/\/www.accuratereviews.com\/it\/software-fitness-lista\/upper-hand-recensione\/\" \/>\n<meta property=\"og:locale\" content=\"it_IT\" \/>\n<meta property=\"og:type\" content=\"article\" \/>\n<meta property=\"og:title\" content=\"Upper Hand: recensione software gestionale palestre - Accurate Reviews\" \/>\n<meta property=\"og:description\" content=\"Upper Hand: recensione soluzione gestionale per palestre progettata per semplificare l&#039;amministrazione della propia attivit\u00e0.\" \/>\n<meta property=\"og:url\" content=\"https:\/\/www.accuratereviews.com\/it\/software-fitness-lista\/upper-hand-recensione\/\" \/>\n<meta property=\"og:site_name\" content=\"Accurate Reviews\" \/>\n<meta property=\"og:image\" content=\"https:\/\/www.accuratereviews.com\/wp-content\/uploads\/2020\/05\/UPPER.jpg\" \/>\n\t<meta property=\"og:image:width\" content=\"200\" \/>\n\t<meta property=\"og:image:height\" content=\"200\" \/>\n\t<meta property=\"og:image:type\" content=\"image\/jpeg\" \/>\n<meta name=\"twitter:card\" content=\"summary_large_image\" \/>\n<meta name=\"twitter:label1\" content=\"Tempo di lettura stimato\" \/>\n\t<meta name=\"twitter:data1\" content=\"4 minuti\" \/>\n<script type=\"application\/ld+json\" class=\"yoast-schema-graph\">{\"@context\":\"https:\\\/\\\/schema.org\",\"@graph\":[{\"@type\":\"WebPage\",\"@id\":\"https:\\\/\\\/www.accuratereviews.com\\\/it\\\/software-fitness-lista\\\/upper-hand-recensione\\\/\",\"url\":\"https:\\\/\\\/www.accuratereviews.com\\\/it\\\/software-fitness-lista\\\/upper-hand-recensione\\\/\",\"name\":\"Upper Hand: recensione software gestionale palestre - Accurate Reviews\",\"isPartOf\":{\"@id\":\"https:\\\/\\\/www.accuratereviews.com\\\/it\\\/#website\"},\"primaryImageOfPage\":{\"@id\":\"https:\\\/\\\/www.accuratereviews.com\\\/it\\\/software-fitness-lista\\\/upper-hand-recensione\\\/#primaryimage\"},\"image\":{\"@id\":\"https:\\\/\\\/www.accuratereviews.com\\\/it\\\/software-fitness-lista\\\/upper-hand-recensione\\\/#primaryimage\"},\"thumbnailUrl\":\"https:\\\/\\\/www.accuratereviews.com\\\/wp-content\\\/uploads\\\/2020\\\/05\\\/UPPER.jpg\",\"datePublished\":\"2020-05-04T07:50:39+00:00\",\"description\":\"Upper Hand: recensione soluzione gestionale per palestre progettata per semplificare l'amministrazione della propia attivit\u00e0.\",\"breadcrumb\":{\"@id\":\"https:\\\/\\\/www.accuratereviews.com\\\/it\\\/software-fitness-lista\\\/upper-hand-recensione\\\/#breadcrumb\"},\"inLanguage\":\"it-IT\",\"potentialAction\":[{\"@type\":\"ReadAction\",\"target\":[\"https:\\\/\\\/www.accuratereviews.com\\\/it\\\/software-fitness-lista\\\/upper-hand-recensione\\\/\"]}]},{\"@type\":\"ImageObject\",\"inLanguage\":\"it-IT\",\"@id\":\"https:\\\/\\\/www.accuratereviews.com\\\/it\\\/software-fitness-lista\\\/upper-hand-recensione\\\/#primaryimage\",\"url\":\"https:\\\/\\\/www.accuratereviews.com\\\/wp-content\\\/uploads\\\/2020\\\/05\\\/UPPER.jpg\",\"contentUrl\":\"https:\\\/\\\/www.accuratereviews.com\\\/wp-content\\\/uploads\\\/2020\\\/05\\\/UPPER.jpg\",\"width\":200,\"height\":200},{\"@type\":\"BreadcrumbList\",\"@id\":\"https:\\\/\\\/www.accuratereviews.com\\\/it\\\/software-fitness-lista\\\/upper-hand-recensione\\\/#breadcrumb\",\"itemListElement\":[{\"@type\":\"ListItem\",\"position\":1,\"name\":\"Home\",\"item\":\"https:\\\/\\\/www.accuratereviews.com\\\/it\\\/\"},{\"@type\":\"ListItem\",\"position\":2,\"name\":\"Software per fitness\",\"item\":\"https:\\\/\\\/www.accuratereviews.com\\\/it\\\/software-fitness-lista\\\/\"},{\"@type\":\"ListItem\",\"position\":3,\"name\":\"Upper Hand\"}]},{\"@type\":\"WebSite\",\"@id\":\"https:\\\/\\\/www.accuratereviews.com\\\/it\\\/#website\",\"url\":\"https:\\\/\\\/www.accuratereviews.com\\\/it\\\/\",\"name\":\"Accurate Reviews\",\"description\":\"\",\"potentialAction\":[{\"@type\":\"SearchAction\",\"target\":{\"@type\":\"EntryPoint\",\"urlTemplate\":\"https:\\\/\\\/www.accuratereviews.com\\\/it\\\/?s={search_term_string}\"},\"query-input\":{\"@type\":\"PropertyValueSpecification\",\"valueRequired\":true,\"valueName\":\"search_term_string\"}}],\"inLanguage\":\"it-IT\"}]}<\/script>\n<!-- \/ Yoast SEO plugin. -->","yoast_head_json":{"title":"Upper Hand: recensione software gestionale palestre - Accurate Reviews","description":"Upper Hand: recensione soluzione gestionale per palestre progettata per semplificare l'amministrazione della propia attivit\u00e0.","robots":{"index":"index","follow":"follow","max-snippet":"max-snippet:-1","max-image-preview":"max-image-preview:large","max-video-preview":"max-video-preview:-1"},"canonical":"https:\/\/www.accuratereviews.com\/it\/software-fitness-lista\/upper-hand-recensione\/","og_locale":"it_IT","og_type":"article","og_title":"Upper Hand: recensione software gestionale palestre - Accurate Reviews","og_description":"Upper Hand: recensione soluzione gestionale per palestre progettata per semplificare l'amministrazione della propia attivit\u00e0.","og_url":"https:\/\/www.accuratereviews.com\/it\/software-fitness-lista\/upper-hand-recensione\/","og_site_name":"Accurate Reviews","og_image":[{"width":200,"height":200,"url":"https:\/\/www.accuratereviews.com\/wp-content\/uploads\/2020\/05\/UPPER.jpg","type":"image\/jpeg"}],"twitter_card":"summary_large_image","twitter_misc":{"Tempo di lettura stimato":"4 minuti"},"schema":{"@context":"https:\/\/schema.org","@graph":[{"@type":"WebPage","@id":"https:\/\/www.accuratereviews.com\/it\/software-fitness-lista\/upper-hand-recensione\/","url":"https:\/\/www.accuratereviews.com\/it\/software-fitness-lista\/upper-hand-recensione\/","name":"Upper Hand: recensione software gestionale palestre - Accurate Reviews","isPartOf":{"@id":"https:\/\/www.accuratereviews.com\/it\/#website"},"primaryImageOfPage":{"@id":"https:\/\/www.accuratereviews.com\/it\/software-fitness-lista\/upper-hand-recensione\/#primaryimage"},"image":{"@id":"https:\/\/www.accuratereviews.com\/it\/software-fitness-lista\/upper-hand-recensione\/#primaryimage"},"thumbnailUrl":"https:\/\/www.accuratereviews.com\/wp-content\/uploads\/2020\/05\/UPPER.jpg","datePublished":"2020-05-04T07:50:39+00:00","description":"Upper Hand: recensione soluzione gestionale per palestre progettata per semplificare l'amministrazione della propia attivit\u00e0.","breadcrumb":{"@id":"https:\/\/www.accuratereviews.com\/it\/software-fitness-lista\/upper-hand-recensione\/#breadcrumb"},"inLanguage":"it-IT","potentialAction":[{"@type":"ReadAction","target":["https:\/\/www.accuratereviews.com\/it\/software-fitness-lista\/upper-hand-recensione\/"]}]},{"@type":"ImageObject","inLanguage":"it-IT","@id":"https:\/\/www.accuratereviews.com\/it\/software-fitness-lista\/upper-hand-recensione\/#primaryimage","url":"https:\/\/www.accuratereviews.com\/wp-content\/uploads\/2020\/05\/UPPER.jpg","contentUrl":"https:\/\/www.accuratereviews.com\/wp-content\/uploads\/2020\/05\/UPPER.jpg","width":200,"height":200},{"@type":"BreadcrumbList","@id":"https:\/\/www.accuratereviews.com\/it\/software-fitness-lista\/upper-hand-recensione\/#breadcrumb","itemListElement":[{"@type":"ListItem","position":1,"name":"Home","item":"https:\/\/www.accuratereviews.com\/it\/"},{"@type":"ListItem","position":2,"name":"Software per fitness","item":"https:\/\/www.accuratereviews.com\/it\/software-fitness-lista\/"},{"@type":"ListItem","position":3,"name":"Upper Hand"}]},{"@type":"WebSite","@id":"https:\/\/www.accuratereviews.com\/it\/#website","url":"https:\/\/www.accuratereviews.com\/it\/","name":"Accurate Reviews","description":"","potentialAction":[{"@type":"SearchAction","target":{"@type":"EntryPoint","urlTemplate":"https:\/\/www.accuratereviews.com\/it\/?s={search_term_string}"},"query-input":{"@type":"PropertyValueSpecification","valueRequired":true,"valueName":"search_term_string"}}],"inLanguage":"it-IT"}]}},"_links":{"self":[{"href":"https:\/\/www.accuratereviews.com\/it\/wp-json\/wp\/v2\/pages\/25996","targetHints":{"allow":["GET"]}}],"collection":[{"href":"https:\/\/www.accuratereviews.com\/it\/wp-json\/wp\/v2\/pages"}],"about":[{"href":"https:\/\/www.accuratereviews.com\/it\/wp-json\/wp\/v2\/types\/page"}],"author":[{"embeddable":true,"href":"https:\/\/www.accuratereviews.com\/it\/wp-json\/wp\/v2\/users\/19"}],"replies":[{"embeddable":true,"href":"https:\/\/www.accuratereviews.com\/it\/wp-json\/wp\/v2\/comments?post=25996"}],"version-history":[{"count":6,"href":"https:\/\/www.accuratereviews.com\/it\/wp-json\/wp\/v2\/pages\/25996\/revisions"}],"predecessor-version":[{"id":26020,"href":"https:\/\/www.accuratereviews.com\/it\/wp-json\/wp\/v2\/pages\/25996\/revisions\/26020"}],"up":[{"embeddable":true,"href":"https:\/\/www.accuratereviews.com\/it\/wp-json\/wp\/v2\/pages\/25524"}],"wp:featuredmedia":[{"embeddable":true,"href":"https:\/\/www.accuratereviews.com\/it\/wp-json\/wp\/v2\/media\/25997"}],"wp:attachment":[{"href":"https:\/\/www.accuratereviews.com\/it\/wp-json\/wp\/v2\/media?parent=25996"}],"wp:term":[{"taxonomy":"category","embeddable":true,"href":"https:\/\/www.accuratereviews.com\/it\/wp-json\/wp\/v2\/categories?post=25996"},{"taxonomy":"post_tag","embeddable":true,"href":"https:\/\/www.accuratereviews.com\/it\/wp-json\/wp\/v2\/tags?post=25996"},{"taxonomy":"features","embeddable":true,"href":"https:\/\/www.accuratereviews.com\/it\/wp-json\/wp\/v2\/features?post=25996"}],"curies":[{"name":"wp","href":"https:\/\/api.w.org\/{rel}","templated":true}]}}