{"id":26022,"date":"2020-05-05T10:15:19","date_gmt":"2020-05-05T10:15:19","guid":{"rendered":"https:\/\/www.accuratereviews.com\/?page_id=26022"},"modified":"2023-05-20T08:29:00","modified_gmt":"2023-05-20T08:29:00","slug":"clubworx-recensione","status":"publish","type":"page","link":"https:\/\/www.accuratereviews.com\/it\/software-fitness-lista\/clubworx-recensione\/","title":{"rendered":"Clubworx"},"content":{"rendered":"<p><strong>Clubworx<\/strong> \u00e8 una <strong>piattaforma gestionale per palestre<\/strong> facile da usare che fornisce soluzioni per professionisti di arti marziali, personal trainer e proprietari di palestre e studio. Il programma aiuta gli utenti a gestire i propri processi amministrativi e aziendali, consentendo loro di risparmiare tempo aumentando la redditivit\u00e0 e facendo crescere la propria attivit\u00e0.\u00a0Inoltre, Clubworx offre un sito web personalizzabile che pu\u00f2 essere utilizzato per scopi di marketing. Questo sito web consente inoltre a clienti e studenti di prenotare lezioni online. In pi\u00f9, la soluzione offre agli utenti la possibilit\u00e0 di inviare email e messaggi SMS ai propri clienti per comunicare offerte speciali, sconti e altre questioni importanti. La piattaforma ha anche una funzionalit\u00e0 di tracciamento delle presenze. Il software consente di ricevere report, approfondimenti e analisi su prospettive, sforzi di marketing e altro ancora.<\/p>\n<h2>CLUBWORX &#8211; TUTORIAL<\/h2>\n<p>Ecco un tutorial in cui spiega le principali funzioni di questo<strong> software gestionale per palestre<\/strong>:<\/p>\n<div id=\"fluid-wrapper-counter-1\" class=\"g1-fluid-wrapper \" style=\"width:686px;\">\n<div style=\"padding-bottom:56.268221574344%;\"><iframe loading=\"lazy\" title=\"Clubworx Member App\" width=\"686\" height=\"386\" src=\"https:\/\/www.youtube.com\/embed\/b6TfRvxrCoA?feature=oembed&amp;wmode=transparent&amp;autohide=1&amp;autoplay=0&amp;disablekb=0&amp;fs=1&amp;loop=0&amp;enablejsapi=1&amp;rel=0&amp;controls=2&amp;showinfo=0&amp;wmode=transparent&amp;autohide=2&amp;autoplay=0&amp;disablekb=0&amp;fs=1&amp;loop=0&amp;enablejsapi=1&amp;rel=0&amp;controls=2&amp;showinfo=1\" frameborder=\"0\" allow=\"accelerometer; autoplay; clipboard-write; encrypted-media; gyroscope; picture-in-picture; web-share\" allowfullscreen><\/iframe><\/div>\n<\/div>\n<h3>CLUBWORX &#8211; CARATTERISTICHE<\/h3>\n<ul>\n<li><strong>Iscrizione online e moduli intelligenti<\/strong>: i nuovi clienti possono ora iscriversi alla tua palestra o al tuo studio PT direttamente attraverso il tuo sito web. Non c&#8217;\u00e8 pi\u00f9 bisogno di preoccuparsi dei moduli di iscrizione cartacei. Quando un nuovo membro inserisce i propri dettagli nel tuo sito, puoi accedere immediatamente a tali informazioni tramite la tua palestra e il software di personal trainer<\/li>\n<li><strong>Traccia e gestisci le prenotazioni online e la disponibilit\u00e0 del trainer<\/strong>: rendi facile per i membri della tua attivit\u00e0 commerciale PT prenotare lezioni o programmi di formazione online creando il tuo programma online e incorporandolo nel tuo sito web in pochi minuti. Puoi anche impostare facilmente la disponibilit\u00e0 del personale e pianificare appuntamenti per la formazione o altri servizi, non solo per le lezioni<\/li>\n<li><strong>Controllo accessi e supporto multisito<\/strong>: il programma supporta i requisiti di controllo dell&#8217;accesso degli studi di fitness 24\/7 attraverso l&#8217;integrazione con Brivo. Tutti i controller delle porte saranno completamente integrati, consentendoti di gestire l&#8217;accesso ai tuoi centri benessere direttamente dal tuo account. Tutte le sedi della palestra funzionano anche attraverso un unico account, in modo da sapere come ogni unit\u00e0 sta andando individualmente cos\u00ec come nel complesso<\/li>\n<li><strong>Crea allenamenti personalizzati<\/strong>: utilizza il tracker di allenamento per creare sessioni di allenamento online personalizzate e tenere traccia dei risultati dei tuoi clienti ogni sessione. Puoi condividere piani di allenamento con i tuoi membri attraverso il portale mobile e puoi anche caricare piani di pasti e anche video dimostrativi. Questo \u00e8 uno strumento eccellente per la conservazione in quanto consente a te e ai tuoi clienti di vedere i loro risultati nel tempo<\/li>\n<\/ul>\n<h4>LE RECENSIONI DEGLI UTENTI<\/h4>\n<h5 class=\"font-weight-bold my-1 d-flex align-items-center\">Lynell R.&#8221;Eru alla ricerca da anni &#8230; ClubWorx \u00e8 &#8220;The One&#8221;&#8221;<\/h5>\n<p><strong>Commenti: <\/strong>Servizio clienti fantastico. Il nostro rappresentante ClubWorx ha fatto di tutto per aiutarci a scoprire e utilizzare molte delle straordinarie funzionalit\u00e0 offerte dal programma ClubWorx. \u00c8 persino arrivato al punto di comunicare con il nostro I.T. professionale in modo che abbiano lavorato insieme per rendere le cose pi\u00f9 snelle per noi! Ci sentiamo molto onorati e fortunati di aver trovato un&#8217;organizzazione cos\u00ec grande e rappresentanti individuali.<\/p>\n<p><strong>Vantaggi: <\/strong>Abbiamo posseduto diverse scuole di arti marziali negli ultimi 15 anni. Abbiamo cercato sistemi di gestione della palestra negli ultimi 8 anni circa. Abbiamo anche provato uno qualche anno fa ed era COS\u00cc goffo e inefficiente, che dopo solo 1 mese siamo stati effettivamente in grado di tirarci fuori da un contratto di 12 mesi perch\u00e9 non stavano semplicemente fornendo ci\u00f2 che avevano promesso. ClubWorx offre OGNI funzionalit\u00e0 che stavamo cercando e il nostro rappresentante ClubWorx ha fatto di tutto per aiutarci a programmare e impostare correttamente tutto. Il software \u00e8 fantastico e il servizio clienti \u00e8 secondo a nessuno. Tutto procede come previsto e promesso e non potremmo essere pi\u00f9 felici!<\/p>\n<p><strong>Inconvenienti: <\/strong>Utilizziamo QuickBooks per tenere traccia della nostra contabilit\u00e0. Anche se c&#8217;\u00e8 un modo per far comunicare ClubWorx con QuickBooks, ci vuole un po &#8216;di tempo. Pazienza<\/p>\n<h4 class=\"font-weight-bold my-1 d-flex align-items-center\">John M.&#8221;Recensione di Clubworx&#8221;<\/h4>\n<p><strong>Commenti: <\/strong>Tracciamento di giorni, data e orari in cui ciascuno dei nostri membri utilizza la struttura e \/ o le classi<\/p>\n<p><strong>Vantaggi: <\/strong>La funzione di accesso ci aiuta molto a tenere traccia delle presenze complessive presso la nostra struttura<\/p>\n<p><strong>Inconvenienti: <\/strong>Vorrei che aggiornasse automaticamente l&#8217;elenco delle presenze subito dopo l&#8217;accesso di qualcuno. Attualmente dobbiamo aggiornare ogni volta per vedere l&#8217;elenco delle presenze pi\u00f9 aggiornato.<\/p>\n<h4 class=\"font-weight-bold my-1 d-flex align-items-center\">Evandro B.&#8221;Nuovo cliente&#8221;<\/h4>\n<p><strong>Commenti: <\/strong>Finora fantastico. Non un momento sono rimasto senza risposta.<\/p>\n<p><strong>Vantaggi: <\/strong>Funzionalit\u00e0 di facile utilizzo e reportistica. Lo strumento di segnalazione di Clubworx \u00e8 sorprendente.<\/p>\n<p><strong>Inconvenienti: <\/strong>Non \u00e8 stato possibile consentire a ezidebit di riscuotere le commissioni direttamente ai nostri clienti. Non mi piace il fatto che dobbiamo assorbire le commissioni e includerle nelle prezzo del nostro club<\/p>\n<div class=\"ml-4 pl-4 border-left border-left__dotted i18n-translation_vendor_container\" data-translation-id=\"1782714\" data-translation-vendor-target=\"original\">\n<div class=\"d-flex flex-wrap flex-md-nowrap align-items-center\">\n<h4 class=\"h5 font-weight-bold\"><\/h4>\n<\/div>\n<\/div>\n","protected":false},"excerpt":{"rendered":"<p>Clubworx \u00e8 una piattaforma gestionale per palestre facile da usare che fornisce soluzioni per professionisti di arti marziali, personal trainer e proprietari di palestre e studio. Il programma aiuta gli utenti a gestire i propri processi amministrativi e aziendali, consentendo loro di risparmiare tempo aumentando la redditivit\u00e0 e facendo crescere la propria attivit\u00e0.\u00a0<\/p>\n","protected":false},"author":19,"featured_media":26052,"parent":25524,"menu_order":0,"comment_status":"open","ping_status":"closed","template":"g1_template_page_review_new.php","meta":{"_acf_changed":false,"cwp_meta_box_check":"Yes","cwp_rev_product_name":"","cwp_rev_product_image":"","wppr_links":[],"cwp_rev_price":"","wppr_options":[{"name":"Usability","value":"0"},{"name":"Speed","value":"0"},{"name":"Features","value":"0"},{"name":"Support","value":"0"},{"name":"Pricing","value":"0"}],"wppr_pros":["","","","",""],"wppr_cons":["","","","",""],"_monsterinsights_skip_tracking":false,"_monsterinsights_sitenote_active":false,"_monsterinsights_sitenote_note":"","_monsterinsights_sitenote_category":0,"footnotes":""},"categories":[2629],"tags":[396,2740,2630,2631,2633],"features":[],"class_list":{"0":"post-26022","1":"page","2":"type-page","3":"status-publish","4":"has-post-thumbnail","6":"category-fitness-software","7":"tag-cloud","8":"tag-clubworx","9":"tag-fitness-software","10":"tag-software-gestionale-per-palestre","11":"tag-soluzione-gestionale-per-palestre"},"wppr_data":{"cwp_meta_box_check":"Yes","cwp_rev_product_name":"","_wppr_review_template":"default","cwp_rev_product_image":"","cwp_image_link":"image","wppr_links":[],"cwp_rev_price":"","wppr_pros":["","","","",""],"wppr_cons":["","","","",""],"wppr_rating":"0.00","wppr_options":{"1":{"name":"Usability","value":"0"},"2":{"name":"Speed","value":"0"},"3":{"name":"Features","value":"0"},"4":{"name":"Support","value":"0"},"5":{"name":"Pricing","value":"0"}},"wppr_review_type":"Product","wppr_review_custom_fields":{"additionalProperty":"","additionalType":"","aggregateRating":"","alternateName":"","audience":"","award":"","awards":"","brand":"","color":"","depth":"","description":"","disambiguatingDescription":"","gtin12":"","gtin13":"","gtin14":"","gtin8":"","height":"","identifier":"","image":"","isAccessoryOrSparePartFor":"","isConsumableFor":"","isRelatedTo":"","isSimilarTo":"","itemCondition":"","logo":"","mainEntityOfPage":"","manufacturer":"","material":"","model":"","mpn":"","name":"","offers":"","potentialAction":"","productID":"","productionDate":"","purchaseDate":"","releaseDate":"","review":"","reviews":"","sameAs":"","sku":"","slogan":"","subjectOf":"","url":"","weight":"","width":""}},"acf":[],"yoast_head":"<!-- This site is optimized with the Yoast SEO plugin v27.4 - https:\/\/yoast.com\/product\/yoast-seo-wordpress\/ -->\n<title>Clubworx: recensione software gestionale per palestre - Accurate Reviews<\/title>\n<meta name=\"description\" content=\"Clubworx: recensione piattaforma gestionale per palestre facile da usare che fornisce soluzioni per maestri di arti marziali, personal trainer e palestre.\" \/>\n<meta name=\"robots\" content=\"index, follow, max-snippet:-1, max-image-preview:large, max-video-preview:-1\" \/>\n<link rel=\"canonical\" href=\"https:\/\/www.accuratereviews.com\/it\/software-fitness-lista\/clubworx-recensione\/\" \/>\n<meta property=\"og:locale\" content=\"it_IT\" \/>\n<meta property=\"og:type\" content=\"article\" \/>\n<meta property=\"og:title\" content=\"Clubworx: recensione software gestionale per palestre - Accurate Reviews\" \/>\n<meta property=\"og:description\" content=\"Clubworx: recensione piattaforma gestionale per palestre facile da usare che fornisce soluzioni per maestri di arti marziali, personal trainer e palestre.\" \/>\n<meta property=\"og:url\" content=\"https:\/\/www.accuratereviews.com\/it\/software-fitness-lista\/clubworx-recensione\/\" \/>\n<meta property=\"og:site_name\" content=\"Accurate Reviews\" \/>\n<meta property=\"article:modified_time\" content=\"2023-05-20T08:29:00+00:00\" \/>\n<meta property=\"og:image\" content=\"https:\/\/www.accuratereviews.com\/wp-content\/uploads\/2020\/05\/clubworks_logo2.png\" \/>\n\t<meta property=\"og:image:width\" content=\"1500\" \/>\n\t<meta property=\"og:image:height\" content=\"288\" \/>\n\t<meta property=\"og:image:type\" content=\"image\/png\" \/>\n<meta name=\"twitter:card\" content=\"summary_large_image\" \/>\n<meta name=\"twitter:label1\" content=\"Tempo di lettura stimato\" \/>\n\t<meta name=\"twitter:data1\" content=\"5 minuti\" \/>\n<script type=\"application\/ld+json\" class=\"yoast-schema-graph\">{\"@context\":\"https:\\\/\\\/schema.org\",\"@graph\":[{\"@type\":\"WebPage\",\"@id\":\"https:\\\/\\\/www.accuratereviews.com\\\/it\\\/software-fitness-lista\\\/clubworx-recensione\\\/\",\"url\":\"https:\\\/\\\/www.accuratereviews.com\\\/it\\\/software-fitness-lista\\\/clubworx-recensione\\\/\",\"name\":\"Clubworx: recensione software gestionale per palestre - Accurate Reviews\",\"isPartOf\":{\"@id\":\"https:\\\/\\\/www.accuratereviews.com\\\/it\\\/#website\"},\"primaryImageOfPage\":{\"@id\":\"https:\\\/\\\/www.accuratereviews.com\\\/it\\\/software-fitness-lista\\\/clubworx-recensione\\\/#primaryimage\"},\"image\":{\"@id\":\"https:\\\/\\\/www.accuratereviews.com\\\/it\\\/software-fitness-lista\\\/clubworx-recensione\\\/#primaryimage\"},\"thumbnailUrl\":\"https:\\\/\\\/www.accuratereviews.com\\\/wp-content\\\/uploads\\\/2020\\\/05\\\/clubworks_logo2.png\",\"datePublished\":\"2020-05-05T10:15:19+00:00\",\"dateModified\":\"2023-05-20T08:29:00+00:00\",\"description\":\"Clubworx: recensione piattaforma gestionale per palestre facile da usare che fornisce soluzioni per maestri di arti marziali, personal trainer e palestre.\",\"breadcrumb\":{\"@id\":\"https:\\\/\\\/www.accuratereviews.com\\\/it\\\/software-fitness-lista\\\/clubworx-recensione\\\/#breadcrumb\"},\"inLanguage\":\"it-IT\",\"potentialAction\":[{\"@type\":\"ReadAction\",\"target\":[\"https:\\\/\\\/www.accuratereviews.com\\\/it\\\/software-fitness-lista\\\/clubworx-recensione\\\/\"]}]},{\"@type\":\"ImageObject\",\"inLanguage\":\"it-IT\",\"@id\":\"https:\\\/\\\/www.accuratereviews.com\\\/it\\\/software-fitness-lista\\\/clubworx-recensione\\\/#primaryimage\",\"url\":\"https:\\\/\\\/www.accuratereviews.com\\\/wp-content\\\/uploads\\\/2020\\\/05\\\/clubworks_logo2.png\",\"contentUrl\":\"https:\\\/\\\/www.accuratereviews.com\\\/wp-content\\\/uploads\\\/2020\\\/05\\\/clubworks_logo2.png\",\"width\":1500,\"height\":288},{\"@type\":\"BreadcrumbList\",\"@id\":\"https:\\\/\\\/www.accuratereviews.com\\\/it\\\/software-fitness-lista\\\/clubworx-recensione\\\/#breadcrumb\",\"itemListElement\":[{\"@type\":\"ListItem\",\"position\":1,\"name\":\"Home\",\"item\":\"https:\\\/\\\/www.accuratereviews.com\\\/it\\\/\"},{\"@type\":\"ListItem\",\"position\":2,\"name\":\"Software per fitness\",\"item\":\"https:\\\/\\\/www.accuratereviews.com\\\/it\\\/software-fitness-lista\\\/\"},{\"@type\":\"ListItem\",\"position\":3,\"name\":\"Clubworx\"}]},{\"@type\":\"WebSite\",\"@id\":\"https:\\\/\\\/www.accuratereviews.com\\\/it\\\/#website\",\"url\":\"https:\\\/\\\/www.accuratereviews.com\\\/it\\\/\",\"name\":\"Accurate Reviews\",\"description\":\"\",\"potentialAction\":[{\"@type\":\"SearchAction\",\"target\":{\"@type\":\"EntryPoint\",\"urlTemplate\":\"https:\\\/\\\/www.accuratereviews.com\\\/it\\\/?s={search_term_string}\"},\"query-input\":{\"@type\":\"PropertyValueSpecification\",\"valueRequired\":true,\"valueName\":\"search_term_string\"}}],\"inLanguage\":\"it-IT\"}]}<\/script>\n<!-- \/ Yoast SEO plugin. -->","yoast_head_json":{"title":"Clubworx: recensione software gestionale per palestre - Accurate Reviews","description":"Clubworx: recensione piattaforma gestionale per palestre facile da usare che fornisce soluzioni per maestri di arti marziali, personal trainer e palestre.","robots":{"index":"index","follow":"follow","max-snippet":"max-snippet:-1","max-image-preview":"max-image-preview:large","max-video-preview":"max-video-preview:-1"},"canonical":"https:\/\/www.accuratereviews.com\/it\/software-fitness-lista\/clubworx-recensione\/","og_locale":"it_IT","og_type":"article","og_title":"Clubworx: recensione software gestionale per palestre - Accurate Reviews","og_description":"Clubworx: recensione piattaforma gestionale per palestre facile da usare che fornisce soluzioni per maestri di arti marziali, personal trainer e palestre.","og_url":"https:\/\/www.accuratereviews.com\/it\/software-fitness-lista\/clubworx-recensione\/","og_site_name":"Accurate Reviews","article_modified_time":"2023-05-20T08:29:00+00:00","og_image":[{"width":1500,"height":288,"url":"https:\/\/www.accuratereviews.com\/wp-content\/uploads\/2020\/05\/clubworks_logo2.png","type":"image\/png"}],"twitter_card":"summary_large_image","twitter_misc":{"Tempo di lettura stimato":"5 minuti"},"schema":{"@context":"https:\/\/schema.org","@graph":[{"@type":"WebPage","@id":"https:\/\/www.accuratereviews.com\/it\/software-fitness-lista\/clubworx-recensione\/","url":"https:\/\/www.accuratereviews.com\/it\/software-fitness-lista\/clubworx-recensione\/","name":"Clubworx: recensione software gestionale per palestre - Accurate Reviews","isPartOf":{"@id":"https:\/\/www.accuratereviews.com\/it\/#website"},"primaryImageOfPage":{"@id":"https:\/\/www.accuratereviews.com\/it\/software-fitness-lista\/clubworx-recensione\/#primaryimage"},"image":{"@id":"https:\/\/www.accuratereviews.com\/it\/software-fitness-lista\/clubworx-recensione\/#primaryimage"},"thumbnailUrl":"https:\/\/www.accuratereviews.com\/wp-content\/uploads\/2020\/05\/clubworks_logo2.png","datePublished":"2020-05-05T10:15:19+00:00","dateModified":"2023-05-20T08:29:00+00:00","description":"Clubworx: recensione piattaforma gestionale per palestre facile da usare che fornisce soluzioni per maestri di arti marziali, personal trainer e palestre.","breadcrumb":{"@id":"https:\/\/www.accuratereviews.com\/it\/software-fitness-lista\/clubworx-recensione\/#breadcrumb"},"inLanguage":"it-IT","potentialAction":[{"@type":"ReadAction","target":["https:\/\/www.accuratereviews.com\/it\/software-fitness-lista\/clubworx-recensione\/"]}]},{"@type":"ImageObject","inLanguage":"it-IT","@id":"https:\/\/www.accuratereviews.com\/it\/software-fitness-lista\/clubworx-recensione\/#primaryimage","url":"https:\/\/www.accuratereviews.com\/wp-content\/uploads\/2020\/05\/clubworks_logo2.png","contentUrl":"https:\/\/www.accuratereviews.com\/wp-content\/uploads\/2020\/05\/clubworks_logo2.png","width":1500,"height":288},{"@type":"BreadcrumbList","@id":"https:\/\/www.accuratereviews.com\/it\/software-fitness-lista\/clubworx-recensione\/#breadcrumb","itemListElement":[{"@type":"ListItem","position":1,"name":"Home","item":"https:\/\/www.accuratereviews.com\/it\/"},{"@type":"ListItem","position":2,"name":"Software per fitness","item":"https:\/\/www.accuratereviews.com\/it\/software-fitness-lista\/"},{"@type":"ListItem","position":3,"name":"Clubworx"}]},{"@type":"WebSite","@id":"https:\/\/www.accuratereviews.com\/it\/#website","url":"https:\/\/www.accuratereviews.com\/it\/","name":"Accurate Reviews","description":"","potentialAction":[{"@type":"SearchAction","target":{"@type":"EntryPoint","urlTemplate":"https:\/\/www.accuratereviews.com\/it\/?s={search_term_string}"},"query-input":{"@type":"PropertyValueSpecification","valueRequired":true,"valueName":"search_term_string"}}],"inLanguage":"it-IT"}]}},"_links":{"self":[{"href":"https:\/\/www.accuratereviews.com\/it\/wp-json\/wp\/v2\/pages\/26022","targetHints":{"allow":["GET"]}}],"collection":[{"href":"https:\/\/www.accuratereviews.com\/it\/wp-json\/wp\/v2\/pages"}],"about":[{"href":"https:\/\/www.accuratereviews.com\/it\/wp-json\/wp\/v2\/types\/page"}],"author":[{"embeddable":true,"href":"https:\/\/www.accuratereviews.com\/it\/wp-json\/wp\/v2\/users\/19"}],"replies":[{"embeddable":true,"href":"https:\/\/www.accuratereviews.com\/it\/wp-json\/wp\/v2\/comments?post=26022"}],"version-history":[{"count":9,"href":"https:\/\/www.accuratereviews.com\/it\/wp-json\/wp\/v2\/pages\/26022\/revisions"}],"predecessor-version":[{"id":69589,"href":"https:\/\/www.accuratereviews.com\/it\/wp-json\/wp\/v2\/pages\/26022\/revisions\/69589"}],"up":[{"embeddable":true,"href":"https:\/\/www.accuratereviews.com\/it\/wp-json\/wp\/v2\/pages\/25524"}],"wp:featuredmedia":[{"embeddable":true,"href":"https:\/\/www.accuratereviews.com\/it\/wp-json\/wp\/v2\/media\/26052"}],"wp:attachment":[{"href":"https:\/\/www.accuratereviews.com\/it\/wp-json\/wp\/v2\/media?parent=26022"}],"wp:term":[{"taxonomy":"category","embeddable":true,"href":"https:\/\/www.accuratereviews.com\/it\/wp-json\/wp\/v2\/categories?post=26022"},{"taxonomy":"post_tag","embeddable":true,"href":"https:\/\/www.accuratereviews.com\/it\/wp-json\/wp\/v2\/tags?post=26022"},{"taxonomy":"features","embeddable":true,"href":"https:\/\/www.accuratereviews.com\/it\/wp-json\/wp\/v2\/features?post=26022"}],"curies":[{"name":"wp","href":"https:\/\/api.w.org\/{rel}","templated":true}]}}