{"id":26131,"date":"2020-05-06T10:29:55","date_gmt":"2020-05-06T10:29:55","guid":{"rendered":"https:\/\/www.accuratereviews.com\/?page_id=26131"},"modified":"2020-05-06T10:29:55","modified_gmt":"2020-05-06T10:29:55","slug":"perfect-gym-recensione","status":"publish","type":"page","link":"https:\/\/www.accuratereviews.com\/it\/software-fitness-lista\/perfect-gym-recensione\/","title":{"rendered":"Perfect Gym"},"content":{"rendered":"<p><strong>Perfect Gym<\/strong> \u00e8 una <strong>soluzione di gestione di club<\/strong> all-in-one utilizzata da aziende di ogni dimensione nel settore del <strong>fitness e del tempo libero.<\/strong> Questo software aziendale che si basa su un&#8217;architettura scalabile ha lo scopo di aiutare gli utenti a semplificare le loro operazioni, misurare e sviluppare i loro obiettivi di business e raggiungere un&#8217;eccellente performance del marchio. Il programma \u00e8 dotato di strumenti e sistemi potenti e innovativi, ideali per aziende in crescita e per coloro che operano in pi\u00f9 sedi.\u00a0Con le sue funzioni di automazione e marketing, gli utenti saranno in grado di creare campagne in cui possono raggiungere clienti e membri con messaggi personalizzati, notifiche e annunci. Offre un&#8217;app mobile in cui i clienti possono tenere traccia dei loro progressi mentre si sottopongono a lezioni e sessioni e dove gli utenti possono accedere a dati significativi sui propri membri in modo da poter comprendere meglio i propri clienti.<\/p>\n<h2>PERFECT GYM &#8211; TUTORIAL<\/h2>\n<p>Guardiamo questo tutorial per scoprire come utilizzare la meglio questo <strong>software gestionale per palestre:<\/strong><\/p>\n<div id=\"fluid-wrapper-counter-1\" class=\"g1-fluid-wrapper \" style=\"width:686px;\">\n<div style=\"padding-bottom:56.268221574344%;\"><iframe loading=\"lazy\" title=\"Perfect Gym Software Demo - Fitness and Gym Management Software\" width=\"686\" height=\"386\" src=\"https:\/\/www.youtube.com\/embed\/F7KF9i1SHKw?feature=oembed&amp;wmode=transparent&amp;autohide=1&amp;autoplay=0&amp;disablekb=0&amp;fs=1&amp;loop=0&amp;enablejsapi=1&amp;rel=0&amp;controls=2&amp;showinfo=0&amp;wmode=transparent&amp;autohide=2&amp;autoplay=0&amp;disablekb=0&amp;fs=1&amp;loop=0&amp;enablejsapi=1&amp;rel=0&amp;controls=2&amp;showinfo=1\" frameborder=\"0\" allow=\"accelerometer; autoplay; encrypted-media; gyroscope; picture-in-picture\" allowfullscreen><\/iframe><\/div>\n<\/div>\n<h3>PERFECT GYM &#8211; CARATTERISTICHE<\/h3>\n<ul>\n<li><strong>Gestione dell&#8217;iscrizione al club<\/strong>: ti consente di gestire tutti i dati dei tuoi soci in un unico posto, inclusi i dati del loro account, la cronologia dei pagamenti, la frequenza, i contratti e altro ancora<\/li>\n<li><strong>Dashboard<\/strong>: ottieni informazioni immediate sui KPI di gestione dei club pi\u00f9 importanti dai widget di dashboard interattivi personalizzati per il tuo fitness club. I widget del dashboard sono completamente personalizzabili secondo le tue preferenze con i dati aggiornati in tempo reale<\/li>\n<li><strong>Pagamenti<\/strong>: integra il nostro sistema di gestione del club con i fornitori di servizi di pagamento, riscuote il debito ed elabora rapidamente i pagamenti in qualsiasi momento<\/li>\n<li><strong>Traccia entrate<\/strong>: monitora tutti i flussi di entrate del tuo centro benessere da contratti, sessioni di allenamento personale, lezioni e vendita al dettaglio in un unico posto<\/li>\n<li><strong>Supervisione dei dipendenti<\/strong>: controlla l&#8217;accesso, le competenze, gli orari, i dipendenti del tuo centro benessere, distribuisci le commissioni e assegna le attivit\u00e0 quotidiane con pochi clic<\/li>\n<li><strong>Rapporti<\/strong>: scegli tra oltre 160 rapporti unici che vanno dalle vendite e dai controlli di accesso all&#8217;inventario del magazzino per ottenere informazioni utili per migliorare l&#8217;analisi e lo sviluppo della strategia<\/li>\n<li><strong>Configurazione<\/strong>:\u00a0Ti aiuteremo a configurare tutto secondo il modello di business del tuo centro benessere. Dai piani di abbonamento personalizzati e impegni contrattuali ai rinnovi automatici e pacchetti di prodotti.<\/li>\n<li><strong>Gestione delle prenotazioni:<\/strong> imposta e gestisci i tempi, le strutture, i programmi del trainer o dell&#8217;insegnante nell&#8217;app di back office affinch\u00e9 i tuoi membri possano prenotare tramite il portale client o l&#8217;app mobile<\/li>\n<\/ul>\n<h4>LE RECENSIONE DEGLI UTENTI<\/h4>\n<h4 class=\"font-weight-bold my-1 d-flex align-items-center\">Jos\u00e9 fernando B.&#8221;\u00c8 cos\u00ec bello trovare un app come Perfect Gym!&#8221;<\/h4>\n<p><strong>Commenti: <\/strong>Puoi prendere il controllo !!!!!!!!!!<\/p>\n<p><strong>Vantaggi: <\/strong>\u00c8 perfetto se gestisci un grande centro fitness: puoi prendere il controllo di tutto. Basta ricordare ai tuoi clienti l&#8217;orario della loro lezione o seguire le loro bollette e pagamenti. Questo \u00e8 un extra, sicuramente. Sono davvero impressionato da questa app perch\u00e9 \u00e8 stata pensata nella dinamica della palestra, intendo, in termini amministrativi, e anche nelle azioni che coinvolgono i clienti. Il design \u00e8 fantastico! La presentazione generale, i colori, le statistiche.<\/p>\n<p><strong>Inconvenienti: <\/strong>Probabilmente suggerisco di controllare il prezzo per piccoli centri fitness o palestre che stanno crescendo.<\/p>\n<h4 class=\"font-weight-bold my-1 d-flex align-items-center\">Gobinath S.&#8221;Un sistema completo di gestione del club&#8221;<\/h4>\n<p><strong>Commenti: <\/strong>Operazioni del club fattibili, gestione dell&#8217;inventario e rapporti contabili.<\/p>\n<p><strong>Vantaggi: <\/strong>Il fatto \u00e8 che tutto pu\u00f2 essere automatizzato, interfaccia utente intuitiva, localizzazione in base a ciascun paese, ottimo team di supporto post-vendita.<\/p>\n<p><strong>Inconvenienti: <\/strong>Il supporto tecnico pu\u00f2 essere migliorato in base all&#8217;indicatore KPI locale e alla gravit\u00e0 di un problema.<\/p>\n<h4 class=\"font-weight-bold my-1 d-flex align-items-center\">Jeremy K.\u00a0&#8220;Revisione perfetta della palestra&#8221;<\/h4>\n<p><strong>Vantaggi: <\/strong>1. Ottimo prezzo per la funzionalit\u00e0 resa disponibile<br \/>\n2. Facile da implementare utilizzando la documentazione fornita.<br \/>\n3. MOLTO facile da usare sia per gli ospiti che per i dipendenti.<br \/>\n4. Il sistema POS ha facilitato il tracciamento<\/p>\n<p><strong>Inconvenienti: <\/strong>1. Il supporto non ha risposto alle domande che ho avuto molto bene e ci\u00f2 ha causato alcune rilavorazioni. Grande tempismo ma alcune informazioni fuorvianti Nessun altro reclamo<\/p>\n","protected":false},"excerpt":{"rendered":"<p>Perfect Gym \u00e8 una soluzione di gestione di club all-in-one utilizzata da aziende di ogni dimensione nel settore del fitness e del tempo libero. Questo software aziendale che si basa su un&#8217;architettura scalabile ha lo scopo di aiutare gli utenti a semplificare le loro operazioni, misurare e sviluppare i loro obiettivi di business e raggiungere un&#8217;eccellente performance del marchio.<\/p>\n","protected":false},"author":19,"featured_media":26133,"parent":25524,"menu_order":0,"comment_status":"open","ping_status":"closed","template":"g1_template_page_review_new.php","meta":{"_acf_changed":false,"cwp_meta_box_check":"Yes","cwp_rev_product_name":"","cwp_rev_product_image":"","wppr_links":[],"cwp_rev_price":"","wppr_options":[],"wppr_pros":[],"wppr_cons":[],"_monsterinsights_skip_tracking":false,"_monsterinsights_sitenote_active":false,"_monsterinsights_sitenote_note":"","_monsterinsights_sitenote_category":0,"footnotes":""},"categories":[2629],"tags":[2630,2758,2632,2636,2631,2759],"features":[],"class_list":{"0":"post-26131","1":"page","2":"type-page","3":"status-publish","4":"has-post-thumbnail","6":"category-fitness-software","7":"tag-fitness-software","8":"tag-perfect-gym","9":"tag-piattaforma-gestionale-per-palestre","10":"tag-programma-gestionale-per-palestre","11":"tag-software-gestionale-per-palestre","12":"tag-soluzione-gestionale-per-palestra"},"wppr_data":{"cwp_meta_box_check":"Yes","cwp_rev_product_name":"","cwp_rev_product_image":"","cwp_image_link":"image","cwp_rev_price":"","wppr_rating":"0.00"},"acf":[],"yoast_head":"<!-- This site is optimized with the Yoast SEO plugin v27.4 - https:\/\/yoast.com\/product\/yoast-seo-wordpress\/ -->\n<title>Perfect Gym: recensione software gestionale palestre - Accurate Reviews<\/title>\n<meta name=\"description\" content=\"Perfect Gym: recensione soluzione di gestione di club all-in-one utilizzata da aziende di ogni dimensione nel settore del fitness e del tempo libero.\" \/>\n<meta name=\"robots\" content=\"index, follow, max-snippet:-1, max-image-preview:large, max-video-preview:-1\" \/>\n<link rel=\"canonical\" href=\"https:\/\/www.accuratereviews.com\/it\/software-fitness-lista\/perfect-gym-recensione\/\" \/>\n<meta property=\"og:locale\" content=\"it_IT\" \/>\n<meta property=\"og:type\" content=\"article\" \/>\n<meta property=\"og:title\" content=\"Perfect Gym: recensione software gestionale palestre - Accurate Reviews\" \/>\n<meta property=\"og:description\" content=\"Perfect Gym: recensione soluzione di gestione di club all-in-one utilizzata da aziende di ogni dimensione nel settore del fitness e del tempo libero.\" \/>\n<meta property=\"og:url\" content=\"https:\/\/www.accuratereviews.com\/it\/software-fitness-lista\/perfect-gym-recensione\/\" \/>\n<meta property=\"og:site_name\" content=\"Accurate Reviews\" \/>\n<meta property=\"og:image\" content=\"https:\/\/www.accuratereviews.com\/wp-content\/uploads\/2020\/05\/PERFECTGYM.png\" \/>\n\t<meta property=\"og:image:width\" content=\"256\" \/>\n\t<meta property=\"og:image:height\" content=\"256\" \/>\n\t<meta property=\"og:image:type\" content=\"image\/png\" \/>\n<meta name=\"twitter:card\" content=\"summary_large_image\" \/>\n<meta name=\"twitter:label1\" content=\"Tempo di lettura stimato\" \/>\n\t<meta name=\"twitter:data1\" content=\"3 minuti\" \/>\n<script type=\"application\/ld+json\" class=\"yoast-schema-graph\">{\"@context\":\"https:\\\/\\\/schema.org\",\"@graph\":[{\"@type\":\"WebPage\",\"@id\":\"https:\\\/\\\/www.accuratereviews.com\\\/it\\\/software-fitness-lista\\\/perfect-gym-recensione\\\/\",\"url\":\"https:\\\/\\\/www.accuratereviews.com\\\/it\\\/software-fitness-lista\\\/perfect-gym-recensione\\\/\",\"name\":\"Perfect Gym: recensione software gestionale palestre - Accurate Reviews\",\"isPartOf\":{\"@id\":\"https:\\\/\\\/www.accuratereviews.com\\\/it\\\/#website\"},\"primaryImageOfPage\":{\"@id\":\"https:\\\/\\\/www.accuratereviews.com\\\/it\\\/software-fitness-lista\\\/perfect-gym-recensione\\\/#primaryimage\"},\"image\":{\"@id\":\"https:\\\/\\\/www.accuratereviews.com\\\/it\\\/software-fitness-lista\\\/perfect-gym-recensione\\\/#primaryimage\"},\"thumbnailUrl\":\"https:\\\/\\\/www.accuratereviews.com\\\/wp-content\\\/uploads\\\/2020\\\/05\\\/PERFECTGYM.png\",\"datePublished\":\"2020-05-06T10:29:55+00:00\",\"description\":\"Perfect Gym: recensione soluzione di gestione di club all-in-one utilizzata da aziende di ogni dimensione nel settore del fitness e del tempo libero.\",\"breadcrumb\":{\"@id\":\"https:\\\/\\\/www.accuratereviews.com\\\/it\\\/software-fitness-lista\\\/perfect-gym-recensione\\\/#breadcrumb\"},\"inLanguage\":\"it-IT\",\"potentialAction\":[{\"@type\":\"ReadAction\",\"target\":[\"https:\\\/\\\/www.accuratereviews.com\\\/it\\\/software-fitness-lista\\\/perfect-gym-recensione\\\/\"]}]},{\"@type\":\"ImageObject\",\"inLanguage\":\"it-IT\",\"@id\":\"https:\\\/\\\/www.accuratereviews.com\\\/it\\\/software-fitness-lista\\\/perfect-gym-recensione\\\/#primaryimage\",\"url\":\"https:\\\/\\\/www.accuratereviews.com\\\/wp-content\\\/uploads\\\/2020\\\/05\\\/PERFECTGYM.png\",\"contentUrl\":\"https:\\\/\\\/www.accuratereviews.com\\\/wp-content\\\/uploads\\\/2020\\\/05\\\/PERFECTGYM.png\",\"width\":256,\"height\":256},{\"@type\":\"BreadcrumbList\",\"@id\":\"https:\\\/\\\/www.accuratereviews.com\\\/it\\\/software-fitness-lista\\\/perfect-gym-recensione\\\/#breadcrumb\",\"itemListElement\":[{\"@type\":\"ListItem\",\"position\":1,\"name\":\"Home\",\"item\":\"https:\\\/\\\/www.accuratereviews.com\\\/it\\\/\"},{\"@type\":\"ListItem\",\"position\":2,\"name\":\"Software per fitness\",\"item\":\"https:\\\/\\\/www.accuratereviews.com\\\/it\\\/software-fitness-lista\\\/\"},{\"@type\":\"ListItem\",\"position\":3,\"name\":\"Perfect Gym\"}]},{\"@type\":\"WebSite\",\"@id\":\"https:\\\/\\\/www.accuratereviews.com\\\/it\\\/#website\",\"url\":\"https:\\\/\\\/www.accuratereviews.com\\\/it\\\/\",\"name\":\"Accurate Reviews\",\"description\":\"\",\"potentialAction\":[{\"@type\":\"SearchAction\",\"target\":{\"@type\":\"EntryPoint\",\"urlTemplate\":\"https:\\\/\\\/www.accuratereviews.com\\\/it\\\/?s={search_term_string}\"},\"query-input\":{\"@type\":\"PropertyValueSpecification\",\"valueRequired\":true,\"valueName\":\"search_term_string\"}}],\"inLanguage\":\"it-IT\"}]}<\/script>\n<!-- \/ Yoast SEO plugin. -->","yoast_head_json":{"title":"Perfect Gym: recensione software gestionale palestre - Accurate Reviews","description":"Perfect Gym: recensione soluzione di gestione di club all-in-one utilizzata da aziende di ogni dimensione nel settore del fitness e del tempo libero.","robots":{"index":"index","follow":"follow","max-snippet":"max-snippet:-1","max-image-preview":"max-image-preview:large","max-video-preview":"max-video-preview:-1"},"canonical":"https:\/\/www.accuratereviews.com\/it\/software-fitness-lista\/perfect-gym-recensione\/","og_locale":"it_IT","og_type":"article","og_title":"Perfect Gym: recensione software gestionale palestre - Accurate Reviews","og_description":"Perfect Gym: recensione soluzione di gestione di club all-in-one utilizzata da aziende di ogni dimensione nel settore del fitness e del tempo libero.","og_url":"https:\/\/www.accuratereviews.com\/it\/software-fitness-lista\/perfect-gym-recensione\/","og_site_name":"Accurate Reviews","og_image":[{"width":256,"height":256,"url":"https:\/\/www.accuratereviews.com\/wp-content\/uploads\/2020\/05\/PERFECTGYM.png","type":"image\/png"}],"twitter_card":"summary_large_image","twitter_misc":{"Tempo di lettura stimato":"3 minuti"},"schema":{"@context":"https:\/\/schema.org","@graph":[{"@type":"WebPage","@id":"https:\/\/www.accuratereviews.com\/it\/software-fitness-lista\/perfect-gym-recensione\/","url":"https:\/\/www.accuratereviews.com\/it\/software-fitness-lista\/perfect-gym-recensione\/","name":"Perfect Gym: recensione software gestionale palestre - Accurate Reviews","isPartOf":{"@id":"https:\/\/www.accuratereviews.com\/it\/#website"},"primaryImageOfPage":{"@id":"https:\/\/www.accuratereviews.com\/it\/software-fitness-lista\/perfect-gym-recensione\/#primaryimage"},"image":{"@id":"https:\/\/www.accuratereviews.com\/it\/software-fitness-lista\/perfect-gym-recensione\/#primaryimage"},"thumbnailUrl":"https:\/\/www.accuratereviews.com\/wp-content\/uploads\/2020\/05\/PERFECTGYM.png","datePublished":"2020-05-06T10:29:55+00:00","description":"Perfect Gym: recensione soluzione di gestione di club all-in-one utilizzata da aziende di ogni dimensione nel settore del fitness e del tempo libero.","breadcrumb":{"@id":"https:\/\/www.accuratereviews.com\/it\/software-fitness-lista\/perfect-gym-recensione\/#breadcrumb"},"inLanguage":"it-IT","potentialAction":[{"@type":"ReadAction","target":["https:\/\/www.accuratereviews.com\/it\/software-fitness-lista\/perfect-gym-recensione\/"]}]},{"@type":"ImageObject","inLanguage":"it-IT","@id":"https:\/\/www.accuratereviews.com\/it\/software-fitness-lista\/perfect-gym-recensione\/#primaryimage","url":"https:\/\/www.accuratereviews.com\/wp-content\/uploads\/2020\/05\/PERFECTGYM.png","contentUrl":"https:\/\/www.accuratereviews.com\/wp-content\/uploads\/2020\/05\/PERFECTGYM.png","width":256,"height":256},{"@type":"BreadcrumbList","@id":"https:\/\/www.accuratereviews.com\/it\/software-fitness-lista\/perfect-gym-recensione\/#breadcrumb","itemListElement":[{"@type":"ListItem","position":1,"name":"Home","item":"https:\/\/www.accuratereviews.com\/it\/"},{"@type":"ListItem","position":2,"name":"Software per fitness","item":"https:\/\/www.accuratereviews.com\/it\/software-fitness-lista\/"},{"@type":"ListItem","position":3,"name":"Perfect Gym"}]},{"@type":"WebSite","@id":"https:\/\/www.accuratereviews.com\/it\/#website","url":"https:\/\/www.accuratereviews.com\/it\/","name":"Accurate Reviews","description":"","potentialAction":[{"@type":"SearchAction","target":{"@type":"EntryPoint","urlTemplate":"https:\/\/www.accuratereviews.com\/it\/?s={search_term_string}"},"query-input":{"@type":"PropertyValueSpecification","valueRequired":true,"valueName":"search_term_string"}}],"inLanguage":"it-IT"}]}},"_links":{"self":[{"href":"https:\/\/www.accuratereviews.com\/it\/wp-json\/wp\/v2\/pages\/26131","targetHints":{"allow":["GET"]}}],"collection":[{"href":"https:\/\/www.accuratereviews.com\/it\/wp-json\/wp\/v2\/pages"}],"about":[{"href":"https:\/\/www.accuratereviews.com\/it\/wp-json\/wp\/v2\/types\/page"}],"author":[{"embeddable":true,"href":"https:\/\/www.accuratereviews.com\/it\/wp-json\/wp\/v2\/users\/19"}],"replies":[{"embeddable":true,"href":"https:\/\/www.accuratereviews.com\/it\/wp-json\/wp\/v2\/comments?post=26131"}],"version-history":[{"count":7,"href":"https:\/\/www.accuratereviews.com\/it\/wp-json\/wp\/v2\/pages\/26131\/revisions"}],"predecessor-version":[{"id":26184,"href":"https:\/\/www.accuratereviews.com\/it\/wp-json\/wp\/v2\/pages\/26131\/revisions\/26184"}],"up":[{"embeddable":true,"href":"https:\/\/www.accuratereviews.com\/it\/wp-json\/wp\/v2\/pages\/25524"}],"wp:featuredmedia":[{"embeddable":true,"href":"https:\/\/www.accuratereviews.com\/it\/wp-json\/wp\/v2\/media\/26133"}],"wp:attachment":[{"href":"https:\/\/www.accuratereviews.com\/it\/wp-json\/wp\/v2\/media?parent=26131"}],"wp:term":[{"taxonomy":"category","embeddable":true,"href":"https:\/\/www.accuratereviews.com\/it\/wp-json\/wp\/v2\/categories?post=26131"},{"taxonomy":"post_tag","embeddable":true,"href":"https:\/\/www.accuratereviews.com\/it\/wp-json\/wp\/v2\/tags?post=26131"},{"taxonomy":"features","embeddable":true,"href":"https:\/\/www.accuratereviews.com\/it\/wp-json\/wp\/v2\/features?post=26131"}],"curies":[{"name":"wp","href":"https:\/\/api.w.org\/{rel}","templated":true}]}}