{"id":26158,"date":"2020-05-06T10:31:28","date_gmt":"2020-05-06T10:31:28","guid":{"rendered":"https:\/\/www.accuratereviews.com\/?page_id=26158"},"modified":"2020-08-12T09:48:05","modified_gmt":"2020-08-12T09:48:05","slug":"compete-club-management-recensione","status":"publish","type":"page","link":"https:\/\/www.accuratereviews.com\/it\/software-fitness-lista\/compete-club-management-recensione\/","title":{"rendered":"Compete Club Management"},"content":{"rendered":"<p><strong>Compete Club Management<\/strong> \u00e8 una <strong>piattaforma di gestione di palestre<\/strong> scalabile e di facile utilizzo. Aiuta i proprietari e gli operatori dei club nel settore della salute, del fitness e del benessere a migliorare l&#8217;efficienza operativa della propria attivit\u00e0, aumentare la soddisfazione dei soci, ridurre i costi di formazione dei dipendenti, accedere a parametri chiave relativi per migliorare le prestazioni del club e aumentare la redditivit\u00e0. La piattaforma \u00e8 sviluppata da Jonas Fitness, una societ\u00e0 di software che fornisce soluzioni software di fitness aziendale, sistemi di fatturazione e strumenti di gestione leader a vari settori negli Stati Uniti e in Canada. Inoltre la soluzione\u00a0offre un sistema di front desk ricco di funzionalit\u00e0 che consente al personale del club di effettuare il check-in di clienti, ospiti e potenziali clienti; raccogliere i pagamenti, gestire le prenotazioni, accedere ai contratti di assistenza e dei membri e tenere traccia delle loro ore lavorate.<\/p>\n<h2>COMPETE CLUB MANAGEMENT &#8211; TUTORIAL<\/h2>\n<p>Guardano il video capiamo l&#8217;importanza di utilizzare questo<strong> software per le palestre<\/strong> per organizzare la tua attivit\u00e0:<\/p>\n<div id=\"fluid-wrapper-counter-1\" class=\"g1-fluid-wrapper \" style=\"width:686px;\">\n<div style=\"padding-bottom:56.268221574344%;\"><iframe loading=\"lazy\" title=\"Jonas Fitness Success Story: Leisure Sports Inc.\" width=\"686\" height=\"386\" src=\"https:\/\/www.youtube.com\/embed\/OsYXBXkJDLM?start=1&#038;feature=oembed&amp;wmode=transparent&amp;autohide=1&amp;autoplay=0&amp;disablekb=0&amp;fs=1&amp;loop=0&amp;enablejsapi=1&amp;rel=0&amp;controls=2&amp;showinfo=0&amp;wmode=transparent&amp;autohide=2&amp;autoplay=0&amp;disablekb=0&amp;fs=1&amp;loop=0&amp;enablejsapi=1&amp;rel=0&amp;controls=2&amp;showinfo=1\" frameborder=\"0\" allow=\"accelerometer; autoplay; encrypted-media; gyroscope; picture-in-picture\" allowfullscreen><\/iframe><\/div>\n<\/div>\n<h3>COMPETE CLUB MANAGEMENT &#8211; CARATTERISTICHE<\/h3>\n<ul>\n<li><strong>Conformit\u00e0 PCI ed EMV<\/strong>: la soluzione \u00e8 certificata PCI end-to-end. Ti d\u00e0 la sicurezza di cui hai bisogno per elaborare tutti i tuoi pagamenti in modo sicuro<\/li>\n<li><strong>Ricevi pagamenti pi\u00f9 velocemente<\/strong>: previeni, riduci e riscuoti i pagamenti pi\u00f9 rapidamente grazie al nostro motore di elaborazione dei pagamenti EFT proprietario e al software integrato con strumenti di fatturazione avanzati<\/li>\n<li><strong>Contabilit\u00e0 semplificata<\/strong>: elaborazione EFT \/ POS integrata consente di eliminare l&#8217;immissione manuale dei dati, garantendo una riconciliazione pi\u00f9 efficiente e rapporti accurati<\/li>\n<li><strong>Dati in tempo reale<\/strong>: ogni transazione viene aggiornata in tempo reale su tutte le istanze della piattaforma<\/li>\n<li><strong>Rapporti personalizzati:<\/strong> oltre 300 report predefiniti, la soluzione vanta un Generatore di report di query ad hoc, che consente di creare report personalizzati senza costi aggiuntivi. Tutti i report sono esportabili in Microsoft Excel<\/li>\n<li><strong>Ricerca e sviluppo<\/strong>: il team di prodotti offre 3-4 versioni strategiche del software ogni anno e un team di ricerca e sviluppo dedicato il cui unico obiettivo \u00e8 quello di soddisfare le richieste specifiche del cliente (Voice of the Customer)<\/li>\n<li><strong>Servizio clienti<\/strong>: supporto 24 ore su 24 per la tua attivit\u00e0<\/li>\n<\/ul>\n<h4>LE RECENSIONI DEGLI UTENTI<\/h4>\n<h4 class=\"font-weight-bold my-1 d-flex align-items-center\">Michelle T.&#8221;Facile da usare e semplice!&#8221;<\/h4>\n<p><strong>Vantaggi: <\/strong>La palestra in cui lavoravo usava questo software e mi manca! \u00c8 stato cos\u00ec facile fare il check-in dei membri, vedere gli avvisi, aggiornare le informazioni e creare nuovi account. Ho anche scoperto che \u00e8 stato facile formare nuovi dipendenti.<\/p>\n<p><strong>Inconvenienti: <\/strong>C&#8217;erano alcune funzionalit\u00e0 che non riuscivamo a utilizzare.<\/p>\n<h4 class=\"font-weight-bold my-1 d-flex align-items-center\">Michelle T.&#8221;\u00c8 un software semplice che \u00e8 facile da usare e navigare.&#8221;<\/h4>\n<p><strong>Vantaggi: <\/strong>\u00c8 stato semplice quando si controllavano i membri al POS. Tutto \u00e8 facilmente reperibile e la funzionalit\u00e0 era buona. Inoltre, il servizio clienti era la cosa migliore, hanno sempre unresponsabile che si rivela utile.<\/p>\n<p><strong>Inconvenienti: <\/strong>I rapporti con tutte le statistiche a volte possono essere difficili da scaricare e le informazioni non sempre si aggiornano.<\/p>\n<h4 class=\"font-weight-bold my-1 d-flex align-items-center\">Ryan B.&#8221;Usiamo quotidianamente e ci piace il software&#8221;<\/h4>\n<p><strong>Vantaggi: <\/strong>Il software \u00e8 molto facile da usare. Gestisco tutti i miei club con questo software. Mi piace la facilit\u00e0 dei check in dei membri. I miei addetti alla reception lo usano facilmente.<\/p>\n<p><strong>Inconvenienti: <\/strong>Trovo difficile gestire tutte le lezioni di fitness di gruppo e l&#8217;allenamento personale. Vorrei essere in grado di tenere traccia anche di quello che stanno facendo.<\/p>\n","protected":false},"excerpt":{"rendered":"<p>Compete Club Management \u00e8 una piattaforma di gestione di palestre scalabile e di facile utilizzo. Aiuta i proprietari e gli operatori dei club nel settore della salute, del fitness e del benessere a migliorare l&#8217;efficienza operativa della propria attivit\u00e0, aumentare la soddisfazione dei soci, ridurre i costi di formazione dei dipendenti, accedere a parametri chiave relativi per migliorare le prestazioni del club e aumentare la redditivit\u00e0.<\/p>\n","protected":false},"author":19,"featured_media":26160,"parent":25524,"menu_order":0,"comment_status":"open","ping_status":"closed","template":"g1_template_page_review_new.php","meta":{"_acf_changed":false,"cwp_meta_box_check":"Yes","cwp_rev_product_name":"","cwp_rev_product_image":"","wppr_links":[],"cwp_rev_price":"","wppr_options":[],"wppr_pros":[],"wppr_cons":[],"_monsterinsights_skip_tracking":false,"_monsterinsights_sitenote_active":false,"_monsterinsights_sitenote_note":"","_monsterinsights_sitenote_category":0,"footnotes":""},"categories":[2629],"tags":[2761,2630,2632,2636,2631,2633],"features":[],"class_list":{"0":"post-26158","1":"page","2":"type-page","3":"status-publish","4":"has-post-thumbnail","6":"category-fitness-software","7":"tag-compete-club-management","8":"tag-fitness-software","9":"tag-piattaforma-gestionale-per-palestre","10":"tag-programma-gestionale-per-palestre","11":"tag-software-gestionale-per-palestre","12":"tag-soluzione-gestionale-per-palestre"},"wppr_data":{"cwp_meta_box_check":"Yes","cwp_rev_product_name":"","cwp_rev_product_image":"","cwp_image_link":"image","cwp_rev_price":"","wppr_rating":"0.00"},"acf":[],"yoast_head":"<!-- This site is optimized with the Yoast SEO plugin v27.4 - https:\/\/yoast.com\/product\/yoast-seo-wordpress\/ -->\n<title>Compete Club Management: software per palestre - Accurate Reviews<\/title>\n<meta name=\"description\" content=\"Compete Club Management: recensione piattaforma di gestione di palestre scalabile e di facile utilizzo per la tua attivit\u00e0 sportiva.\" \/>\n<meta name=\"robots\" content=\"index, follow, max-snippet:-1, max-image-preview:large, max-video-preview:-1\" \/>\n<link rel=\"canonical\" href=\"https:\/\/www.accuratereviews.com\/it\/software-fitness-lista\/compete-club-management-recensione\/\" \/>\n<meta property=\"og:locale\" content=\"it_IT\" \/>\n<meta property=\"og:type\" content=\"article\" \/>\n<meta property=\"og:title\" content=\"Compete Club Management: software per palestre - Accurate Reviews\" \/>\n<meta property=\"og:description\" content=\"Compete Club Management: recensione piattaforma di gestione di palestre scalabile e di facile utilizzo per la tua attivit\u00e0 sportiva.\" \/>\n<meta property=\"og:url\" content=\"https:\/\/www.accuratereviews.com\/it\/software-fitness-lista\/compete-club-management-recensione\/\" \/>\n<meta property=\"og:site_name\" content=\"Accurate Reviews\" \/>\n<meta property=\"article:modified_time\" content=\"2020-08-12T09:48:05+00:00\" \/>\n<meta property=\"og:image\" content=\"https:\/\/www.accuratereviews.com\/wp-content\/uploads\/2020\/05\/Compete-Club-Management.png\" \/>\n\t<meta property=\"og:image:width\" content=\"1010\" \/>\n\t<meta property=\"og:image:height\" content=\"230\" \/>\n\t<meta property=\"og:image:type\" content=\"image\/png\" \/>\n<meta name=\"twitter:card\" content=\"summary_large_image\" \/>\n<meta name=\"twitter:label1\" content=\"Tempo di lettura stimato\" \/>\n\t<meta name=\"twitter:data1\" content=\"3 minuti\" \/>\n<script type=\"application\/ld+json\" class=\"yoast-schema-graph\">{\"@context\":\"https:\\\/\\\/schema.org\",\"@graph\":[{\"@type\":\"WebPage\",\"@id\":\"https:\\\/\\\/www.accuratereviews.com\\\/it\\\/software-fitness-lista\\\/compete-club-management-recensione\\\/\",\"url\":\"https:\\\/\\\/www.accuratereviews.com\\\/it\\\/software-fitness-lista\\\/compete-club-management-recensione\\\/\",\"name\":\"Compete Club Management: software per palestre - Accurate Reviews\",\"isPartOf\":{\"@id\":\"https:\\\/\\\/www.accuratereviews.com\\\/it\\\/#website\"},\"primaryImageOfPage\":{\"@id\":\"https:\\\/\\\/www.accuratereviews.com\\\/it\\\/software-fitness-lista\\\/compete-club-management-recensione\\\/#primaryimage\"},\"image\":{\"@id\":\"https:\\\/\\\/www.accuratereviews.com\\\/it\\\/software-fitness-lista\\\/compete-club-management-recensione\\\/#primaryimage\"},\"thumbnailUrl\":\"https:\\\/\\\/www.accuratereviews.com\\\/wp-content\\\/uploads\\\/2020\\\/05\\\/Compete-Club-Management.png\",\"datePublished\":\"2020-05-06T10:31:28+00:00\",\"dateModified\":\"2020-08-12T09:48:05+00:00\",\"description\":\"Compete Club Management: recensione piattaforma di gestione di palestre scalabile e di facile utilizzo per la tua attivit\u00e0 sportiva.\",\"breadcrumb\":{\"@id\":\"https:\\\/\\\/www.accuratereviews.com\\\/it\\\/software-fitness-lista\\\/compete-club-management-recensione\\\/#breadcrumb\"},\"inLanguage\":\"it-IT\",\"potentialAction\":[{\"@type\":\"ReadAction\",\"target\":[\"https:\\\/\\\/www.accuratereviews.com\\\/it\\\/software-fitness-lista\\\/compete-club-management-recensione\\\/\"]}]},{\"@type\":\"ImageObject\",\"inLanguage\":\"it-IT\",\"@id\":\"https:\\\/\\\/www.accuratereviews.com\\\/it\\\/software-fitness-lista\\\/compete-club-management-recensione\\\/#primaryimage\",\"url\":\"https:\\\/\\\/www.accuratereviews.com\\\/wp-content\\\/uploads\\\/2020\\\/05\\\/Compete-Club-Management.png\",\"contentUrl\":\"https:\\\/\\\/www.accuratereviews.com\\\/wp-content\\\/uploads\\\/2020\\\/05\\\/Compete-Club-Management.png\",\"width\":1010,\"height\":230},{\"@type\":\"BreadcrumbList\",\"@id\":\"https:\\\/\\\/www.accuratereviews.com\\\/it\\\/software-fitness-lista\\\/compete-club-management-recensione\\\/#breadcrumb\",\"itemListElement\":[{\"@type\":\"ListItem\",\"position\":1,\"name\":\"Home\",\"item\":\"https:\\\/\\\/www.accuratereviews.com\\\/it\\\/\"},{\"@type\":\"ListItem\",\"position\":2,\"name\":\"Software per fitness\",\"item\":\"https:\\\/\\\/www.accuratereviews.com\\\/it\\\/software-fitness-lista\\\/\"},{\"@type\":\"ListItem\",\"position\":3,\"name\":\"Compete Club Management\"}]},{\"@type\":\"WebSite\",\"@id\":\"https:\\\/\\\/www.accuratereviews.com\\\/it\\\/#website\",\"url\":\"https:\\\/\\\/www.accuratereviews.com\\\/it\\\/\",\"name\":\"Accurate Reviews\",\"description\":\"\",\"potentialAction\":[{\"@type\":\"SearchAction\",\"target\":{\"@type\":\"EntryPoint\",\"urlTemplate\":\"https:\\\/\\\/www.accuratereviews.com\\\/it\\\/?s={search_term_string}\"},\"query-input\":{\"@type\":\"PropertyValueSpecification\",\"valueRequired\":true,\"valueName\":\"search_term_string\"}}],\"inLanguage\":\"it-IT\"}]}<\/script>\n<!-- \/ Yoast SEO plugin. -->","yoast_head_json":{"title":"Compete Club Management: software per palestre - Accurate Reviews","description":"Compete Club Management: recensione piattaforma di gestione di palestre scalabile e di facile utilizzo per la tua attivit\u00e0 sportiva.","robots":{"index":"index","follow":"follow","max-snippet":"max-snippet:-1","max-image-preview":"max-image-preview:large","max-video-preview":"max-video-preview:-1"},"canonical":"https:\/\/www.accuratereviews.com\/it\/software-fitness-lista\/compete-club-management-recensione\/","og_locale":"it_IT","og_type":"article","og_title":"Compete Club Management: software per palestre - Accurate Reviews","og_description":"Compete Club Management: recensione piattaforma di gestione di palestre scalabile e di facile utilizzo per la tua attivit\u00e0 sportiva.","og_url":"https:\/\/www.accuratereviews.com\/it\/software-fitness-lista\/compete-club-management-recensione\/","og_site_name":"Accurate Reviews","article_modified_time":"2020-08-12T09:48:05+00:00","og_image":[{"width":1010,"height":230,"url":"https:\/\/www.accuratereviews.com\/wp-content\/uploads\/2020\/05\/Compete-Club-Management.png","type":"image\/png"}],"twitter_card":"summary_large_image","twitter_misc":{"Tempo di lettura stimato":"3 minuti"},"schema":{"@context":"https:\/\/schema.org","@graph":[{"@type":"WebPage","@id":"https:\/\/www.accuratereviews.com\/it\/software-fitness-lista\/compete-club-management-recensione\/","url":"https:\/\/www.accuratereviews.com\/it\/software-fitness-lista\/compete-club-management-recensione\/","name":"Compete Club Management: software per palestre - Accurate Reviews","isPartOf":{"@id":"https:\/\/www.accuratereviews.com\/it\/#website"},"primaryImageOfPage":{"@id":"https:\/\/www.accuratereviews.com\/it\/software-fitness-lista\/compete-club-management-recensione\/#primaryimage"},"image":{"@id":"https:\/\/www.accuratereviews.com\/it\/software-fitness-lista\/compete-club-management-recensione\/#primaryimage"},"thumbnailUrl":"https:\/\/www.accuratereviews.com\/wp-content\/uploads\/2020\/05\/Compete-Club-Management.png","datePublished":"2020-05-06T10:31:28+00:00","dateModified":"2020-08-12T09:48:05+00:00","description":"Compete Club Management: recensione piattaforma di gestione di palestre scalabile e di facile utilizzo per la tua attivit\u00e0 sportiva.","breadcrumb":{"@id":"https:\/\/www.accuratereviews.com\/it\/software-fitness-lista\/compete-club-management-recensione\/#breadcrumb"},"inLanguage":"it-IT","potentialAction":[{"@type":"ReadAction","target":["https:\/\/www.accuratereviews.com\/it\/software-fitness-lista\/compete-club-management-recensione\/"]}]},{"@type":"ImageObject","inLanguage":"it-IT","@id":"https:\/\/www.accuratereviews.com\/it\/software-fitness-lista\/compete-club-management-recensione\/#primaryimage","url":"https:\/\/www.accuratereviews.com\/wp-content\/uploads\/2020\/05\/Compete-Club-Management.png","contentUrl":"https:\/\/www.accuratereviews.com\/wp-content\/uploads\/2020\/05\/Compete-Club-Management.png","width":1010,"height":230},{"@type":"BreadcrumbList","@id":"https:\/\/www.accuratereviews.com\/it\/software-fitness-lista\/compete-club-management-recensione\/#breadcrumb","itemListElement":[{"@type":"ListItem","position":1,"name":"Home","item":"https:\/\/www.accuratereviews.com\/it\/"},{"@type":"ListItem","position":2,"name":"Software per fitness","item":"https:\/\/www.accuratereviews.com\/it\/software-fitness-lista\/"},{"@type":"ListItem","position":3,"name":"Compete Club Management"}]},{"@type":"WebSite","@id":"https:\/\/www.accuratereviews.com\/it\/#website","url":"https:\/\/www.accuratereviews.com\/it\/","name":"Accurate Reviews","description":"","potentialAction":[{"@type":"SearchAction","target":{"@type":"EntryPoint","urlTemplate":"https:\/\/www.accuratereviews.com\/it\/?s={search_term_string}"},"query-input":{"@type":"PropertyValueSpecification","valueRequired":true,"valueName":"search_term_string"}}],"inLanguage":"it-IT"}]}},"_links":{"self":[{"href":"https:\/\/www.accuratereviews.com\/it\/wp-json\/wp\/v2\/pages\/26158","targetHints":{"allow":["GET"]}}],"collection":[{"href":"https:\/\/www.accuratereviews.com\/it\/wp-json\/wp\/v2\/pages"}],"about":[{"href":"https:\/\/www.accuratereviews.com\/it\/wp-json\/wp\/v2\/types\/page"}],"author":[{"embeddable":true,"href":"https:\/\/www.accuratereviews.com\/it\/wp-json\/wp\/v2\/users\/19"}],"replies":[{"embeddable":true,"href":"https:\/\/www.accuratereviews.com\/it\/wp-json\/wp\/v2\/comments?post=26158"}],"version-history":[{"count":4,"href":"https:\/\/www.accuratereviews.com\/it\/wp-json\/wp\/v2\/pages\/26158\/revisions"}],"predecessor-version":[{"id":26186,"href":"https:\/\/www.accuratereviews.com\/it\/wp-json\/wp\/v2\/pages\/26158\/revisions\/26186"}],"up":[{"embeddable":true,"href":"https:\/\/www.accuratereviews.com\/it\/wp-json\/wp\/v2\/pages\/25524"}],"wp:featuredmedia":[{"embeddable":true,"href":"https:\/\/www.accuratereviews.com\/it\/wp-json\/wp\/v2\/media\/26160"}],"wp:attachment":[{"href":"https:\/\/www.accuratereviews.com\/it\/wp-json\/wp\/v2\/media?parent=26158"}],"wp:term":[{"taxonomy":"category","embeddable":true,"href":"https:\/\/www.accuratereviews.com\/it\/wp-json\/wp\/v2\/categories?post=26158"},{"taxonomy":"post_tag","embeddable":true,"href":"https:\/\/www.accuratereviews.com\/it\/wp-json\/wp\/v2\/tags?post=26158"},{"taxonomy":"features","embeddable":true,"href":"https:\/\/www.accuratereviews.com\/it\/wp-json\/wp\/v2\/features?post=26158"}],"curies":[{"name":"wp","href":"https:\/\/api.w.org\/{rel}","templated":true}]}}