{"id":26196,"date":"2020-05-07T10:34:36","date_gmt":"2020-05-07T10:34:36","guid":{"rendered":"https:\/\/www.accuratereviews.com\/?page_id=26196"},"modified":"2020-08-12T10:12:25","modified_gmt":"2020-08-12T10:12:25","slug":"clubwise-recensione","status":"publish","type":"page","link":"https:\/\/www.accuratereviews.com\/it\/software-fitness-lista\/clubwise-recensione\/","title":{"rendered":"Clubwise"},"content":{"rendered":"<p><strong>Clubwise<\/strong> \u00e8 un <strong>soluzione gestionale per palestre<\/strong> per risparmiare tempo nell&#8217;amministrare la tua attivit\u00e0. Che si tratti di programmare lezioni, appuntamenti, gestire i pagamenti o promuovere la tua impresa sui social network, il software si occupa di tutto e lo fa grazie alle sue funzioni incredibilmente flessibili. Per migliorare la trasparenza e la sicurezza, tutti i membri hanno accesso alla struttura attraverso il riconoscimento biometrico permettendoti di evitate la registrazione manuale. Per darti un&#8217;idea completa delle tue attivit\u00e0 commerciali <strong>Clubwise<\/strong> ha una dashboard interattiva. Puoi vedere i grafici delle prestazioni dei tuoi soci, lo stato dei pagamenti, le finanze per la tua attivit\u00e0 e molto altro. \u00c8\u00a0integrata anche con uno strumento di localizzazione. Questo \u00e8 una funzione intelligente che ti consente di progettare le tue campagne di marketing in modo mirato e personalizzato.<\/p>\n<h2>CLUBWISE &#8211; TUTORIAL<\/h2>\n<p>Guardiamo insieme come utilizzare l&#8217;applicazione mobile di questo <strong>software gestionale per palestre<\/strong>:<\/p>\n<div id=\"fluid-wrapper-counter-1\" class=\"g1-fluid-wrapper \" style=\"width:686px;\">\n<div style=\"padding-bottom:56.268221574344%;\"><iframe loading=\"lazy\" title=\"FitSense Basic Modules Video With Check In &amp; FitSense Rewards\" width=\"686\" height=\"386\" src=\"https:\/\/www.youtube.com\/embed\/lMlKHq2kPgM?feature=oembed&amp;wmode=transparent&amp;autohide=1&amp;autoplay=0&amp;disablekb=0&amp;fs=1&amp;loop=0&amp;enablejsapi=1&amp;rel=0&amp;controls=2&amp;showinfo=0&amp;wmode=transparent&amp;autohide=2&amp;autoplay=0&amp;disablekb=0&amp;fs=1&amp;loop=0&amp;enablejsapi=1&amp;rel=0&amp;controls=2&amp;showinfo=1\" frameborder=\"0\" allow=\"accelerometer; autoplay; encrypted-media; gyroscope; picture-in-picture\" allowfullscreen><\/iframe><\/div>\n<\/div>\n<h3>CLUBWISE &#8211; CARATTERISTICHE<\/h3>\n<ul>\n<li>Prodotti progettati per aumentare il coinvolgimento dei membri e attirarne dei nuovi<\/li>\n<li>Addebito diretto interno, autorizzato e regolamentato dalla FCA<\/li>\n<li>Gestione delle prospettive, acquisizione di prospetti offline mobili e programmi di riferimento efficaci per la generazione di nuove attivit\u00e0<\/li>\n<li>Servizi operativi per mantenere i club in funzione tutti i giorni<\/li>\n<li>Tecnologia di codici QR basata su app per un controllo degli accessi intelligente e \u00a0sicuro<\/li>\n<li>Reporting dettagliati e semplici da capire<\/li>\n<\/ul>\n<h4>LE RECENSIONI DEGLI UTENTI<\/h4>\n<h4 class=\"font-weight-bold my-1 d-flex align-items-center\">Scott G.&#8221;Clubwise \u00e8 un ottimo sistema. Fa tutto ci\u00f2 che serve per gestire una palestra.&#8221;<\/h4>\n<p><strong>Commenti: <\/strong>Recupero addebito diretto, prenotazione membri, check-in membri, controllo accessi, app membri, prenotazione online, gestore campagna.<\/p>\n<p><strong>Vantaggi: <\/strong>Le caratteristiche generali sono molto buone, \u00e8 un sistema completamente integrato e offre al manager di una palestra tutti gli strumenti necessari per rendere il nostro lavoro molto pi\u00f9 semplice.<\/p>\n<p><strong>Inconvenienti: <\/strong>Se un membro annulla presso la banca prima dell&#8217;esecuzione del pagamento, Clubwise tenta comunque di riscuotere l&#8217;addebito diretto sapendo che non verr\u00e0 riscosso, per questo ci viene addebitato un ulteriore tentativo di riscossione. Credo che questo possa essere prevenuto e sembra inutile. Penso anche che i questionari sulla salute dovrebbero essere una scheda aggiuntiva nella sezione dei membri, quindi in caso di incidente, cariciamo semplicemente il loro account e possiamo vedere immediatamente il loro questionario sulla salute.<\/p>\n<h4 class=\"font-weight-bold my-1 d-flex align-items-center\">Jez K.\u00a0&#8220;Molto chiaro e facile da usare&#8221;<\/h4>\n<p><strong>Vantaggi: <\/strong>Veloce e semplice, soprattutto per l&#8217;immissione di dati, ci sono molte opzioni che sono sicuramente preziose che dobbiamo ancora utilizzare, aiuteranno ulteriormente la nostra attivit\u00e0, ma ci\u00f2 che utilizziamo al momento \u00e8 molto buono.<\/p>\n<p><strong>Inconvenienti: <\/strong>Il sistema ClubWise si disconnette \u00a0il che \u00e8 un po &#8216;fastidioso, ci hanno anche venduto un sistema di immissione delle impronte digitali per individuare le entrate dei membri alla struttura. Non funziona come dovrebbe molto deludente.<\/p>\n<h4 class=\"font-weight-bold my-1 d-flex align-items-center\">James P.\u00a0&#8220;Strumento molto utile per la gestione delle iscrizioni e dei pagamenti in palestra&#8221;<\/h4>\n<p><strong>Vantaggi: <\/strong>Elimina il mal di testa dalla gestione dei pagamenti dei membri e dalla tenuta dei registri dei dettagli dei membri.<\/p>\n<p><strong>Inconvenienti: <\/strong>Controllo molto limitato sulla pagina di iscrizione dei membri online. Gli aggiornamenti vengono eseguiti durante gli orari di apertura causando il blocco completo del sistema per 5 &#8211; 20 minuti. Funzionalit\u00e0 limitata rispetto alle prenotazioni di classe e restrizioni che possono essere applicate ai membri. Assegnare compiti al personale non \u00e8 particolarmente intuitivo, il layout generale ha molto spazio per miglioramenti.<\/p>\n","protected":false},"excerpt":{"rendered":"<p>Clubwise \u00e8 un soluzione gestionale per palestre per risparmiare tempo nell&#8217;amministrare la tua attivit\u00e0. \u00a0Che si tratti di programmare lezioni, appuntamenti, gestire i pagamenti o promuovere la tua impresa sui social network, il software si occupa di tutto e lo fa grazie alle sue funzioni incredibilmente flessibili.<\/p>\n","protected":false},"author":19,"featured_media":26201,"parent":25524,"menu_order":0,"comment_status":"open","ping_status":"closed","template":"g1_template_page_review_new.php","meta":{"_acf_changed":false,"cwp_meta_box_check":"Yes","cwp_rev_product_name":"","cwp_rev_product_image":"","wppr_links":[],"cwp_rev_price":"","wppr_options":[],"wppr_pros":[],"wppr_cons":[],"_monsterinsights_skip_tracking":false,"_monsterinsights_sitenote_active":false,"_monsterinsights_sitenote_note":"","_monsterinsights_sitenote_category":0,"footnotes":""},"categories":[2629],"tags":[396,2773,2772,2632,2636,2631,2633],"features":[],"class_list":{"0":"post-26196","1":"page","2":"type-page","3":"status-publish","4":"has-post-thumbnail","6":"category-fitness-software","7":"tag-cloud","8":"tag-clubwise","9":"tag-fitnes-software","10":"tag-piattaforma-gestionale-per-palestre","11":"tag-programma-gestionale-per-palestre","12":"tag-software-gestionale-per-palestre","13":"tag-soluzione-gestionale-per-palestre"},"wppr_data":{"cwp_meta_box_check":"Yes","cwp_rev_product_name":"","cwp_rev_product_image":"","cwp_image_link":"image","cwp_rev_price":"","wppr_rating":"0.00"},"acf":[],"yoast_head":"<!-- This site is optimized with the Yoast SEO plugin v27.4 - https:\/\/yoast.com\/product\/yoast-seo-wordpress\/ -->\n<title>Clubwise: recensione software gestionale per palestre - Accurate Reviews<\/title>\n<meta name=\"description\" content=\"Clubwise: soluzione gestionale per palestre per risparmiare tempo nell&#039;amministrare la tua attivit\u00e0 programmando lezioni, appuntamenti e molto altro.\" \/>\n<meta name=\"robots\" content=\"index, follow, max-snippet:-1, max-image-preview:large, max-video-preview:-1\" \/>\n<link rel=\"canonical\" href=\"https:\/\/www.accuratereviews.com\/it\/software-fitness-lista\/clubwise-recensione\/\" \/>\n<meta property=\"og:locale\" content=\"it_IT\" \/>\n<meta property=\"og:type\" content=\"article\" \/>\n<meta property=\"og:title\" content=\"Clubwise: recensione software gestionale per palestre - Accurate Reviews\" \/>\n<meta property=\"og:description\" content=\"Clubwise: soluzione gestionale per palestre per risparmiare tempo nell&#039;amministrare la tua attivit\u00e0 programmando lezioni, appuntamenti e molto altro.\" \/>\n<meta property=\"og:url\" content=\"https:\/\/www.accuratereviews.com\/it\/software-fitness-lista\/clubwise-recensione\/\" \/>\n<meta property=\"og:site_name\" content=\"Accurate Reviews\" \/>\n<meta property=\"article:modified_time\" content=\"2020-08-12T10:12:25+00:00\" \/>\n<meta property=\"og:image\" content=\"https:\/\/www.accuratereviews.com\/wp-content\/uploads\/2020\/05\/Clubwise2.png\" \/>\n\t<meta property=\"og:image:width\" content=\"256\" \/>\n\t<meta property=\"og:image:height\" content=\"256\" \/>\n\t<meta property=\"og:image:type\" content=\"image\/png\" \/>\n<meta name=\"twitter:card\" content=\"summary_large_image\" \/>\n<meta name=\"twitter:label1\" content=\"Tempo di lettura stimato\" \/>\n\t<meta name=\"twitter:data1\" content=\"3 minuti\" \/>\n<script type=\"application\/ld+json\" class=\"yoast-schema-graph\">{\"@context\":\"https:\\\/\\\/schema.org\",\"@graph\":[{\"@type\":\"WebPage\",\"@id\":\"https:\\\/\\\/www.accuratereviews.com\\\/it\\\/software-fitness-lista\\\/clubwise-recensione\\\/\",\"url\":\"https:\\\/\\\/www.accuratereviews.com\\\/it\\\/software-fitness-lista\\\/clubwise-recensione\\\/\",\"name\":\"Clubwise: recensione software gestionale per palestre - Accurate Reviews\",\"isPartOf\":{\"@id\":\"https:\\\/\\\/www.accuratereviews.com\\\/it\\\/#website\"},\"primaryImageOfPage\":{\"@id\":\"https:\\\/\\\/www.accuratereviews.com\\\/it\\\/software-fitness-lista\\\/clubwise-recensione\\\/#primaryimage\"},\"image\":{\"@id\":\"https:\\\/\\\/www.accuratereviews.com\\\/it\\\/software-fitness-lista\\\/clubwise-recensione\\\/#primaryimage\"},\"thumbnailUrl\":\"https:\\\/\\\/www.accuratereviews.com\\\/wp-content\\\/uploads\\\/2020\\\/05\\\/Clubwise2.png\",\"datePublished\":\"2020-05-07T10:34:36+00:00\",\"dateModified\":\"2020-08-12T10:12:25+00:00\",\"description\":\"Clubwise: soluzione gestionale per palestre per risparmiare tempo nell'amministrare la tua attivit\u00e0 programmando lezioni, appuntamenti e molto altro.\",\"breadcrumb\":{\"@id\":\"https:\\\/\\\/www.accuratereviews.com\\\/it\\\/software-fitness-lista\\\/clubwise-recensione\\\/#breadcrumb\"},\"inLanguage\":\"it-IT\",\"potentialAction\":[{\"@type\":\"ReadAction\",\"target\":[\"https:\\\/\\\/www.accuratereviews.com\\\/it\\\/software-fitness-lista\\\/clubwise-recensione\\\/\"]}]},{\"@type\":\"ImageObject\",\"inLanguage\":\"it-IT\",\"@id\":\"https:\\\/\\\/www.accuratereviews.com\\\/it\\\/software-fitness-lista\\\/clubwise-recensione\\\/#primaryimage\",\"url\":\"https:\\\/\\\/www.accuratereviews.com\\\/wp-content\\\/uploads\\\/2020\\\/05\\\/Clubwise2.png\",\"contentUrl\":\"https:\\\/\\\/www.accuratereviews.com\\\/wp-content\\\/uploads\\\/2020\\\/05\\\/Clubwise2.png\",\"width\":256,\"height\":256},{\"@type\":\"BreadcrumbList\",\"@id\":\"https:\\\/\\\/www.accuratereviews.com\\\/it\\\/software-fitness-lista\\\/clubwise-recensione\\\/#breadcrumb\",\"itemListElement\":[{\"@type\":\"ListItem\",\"position\":1,\"name\":\"Home\",\"item\":\"https:\\\/\\\/www.accuratereviews.com\\\/it\\\/\"},{\"@type\":\"ListItem\",\"position\":2,\"name\":\"Software per fitness\",\"item\":\"https:\\\/\\\/www.accuratereviews.com\\\/it\\\/software-fitness-lista\\\/\"},{\"@type\":\"ListItem\",\"position\":3,\"name\":\"Clubwise\"}]},{\"@type\":\"WebSite\",\"@id\":\"https:\\\/\\\/www.accuratereviews.com\\\/it\\\/#website\",\"url\":\"https:\\\/\\\/www.accuratereviews.com\\\/it\\\/\",\"name\":\"Accurate Reviews\",\"description\":\"\",\"potentialAction\":[{\"@type\":\"SearchAction\",\"target\":{\"@type\":\"EntryPoint\",\"urlTemplate\":\"https:\\\/\\\/www.accuratereviews.com\\\/it\\\/?s={search_term_string}\"},\"query-input\":{\"@type\":\"PropertyValueSpecification\",\"valueRequired\":true,\"valueName\":\"search_term_string\"}}],\"inLanguage\":\"it-IT\"}]}<\/script>\n<!-- \/ Yoast SEO plugin. -->","yoast_head_json":{"title":"Clubwise: recensione software gestionale per palestre - Accurate Reviews","description":"Clubwise: soluzione gestionale per palestre per risparmiare tempo nell'amministrare la tua attivit\u00e0 programmando lezioni, appuntamenti e molto altro.","robots":{"index":"index","follow":"follow","max-snippet":"max-snippet:-1","max-image-preview":"max-image-preview:large","max-video-preview":"max-video-preview:-1"},"canonical":"https:\/\/www.accuratereviews.com\/it\/software-fitness-lista\/clubwise-recensione\/","og_locale":"it_IT","og_type":"article","og_title":"Clubwise: recensione software gestionale per palestre - Accurate Reviews","og_description":"Clubwise: soluzione gestionale per palestre per risparmiare tempo nell'amministrare la tua attivit\u00e0 programmando lezioni, appuntamenti e molto altro.","og_url":"https:\/\/www.accuratereviews.com\/it\/software-fitness-lista\/clubwise-recensione\/","og_site_name":"Accurate Reviews","article_modified_time":"2020-08-12T10:12:25+00:00","og_image":[{"width":256,"height":256,"url":"https:\/\/www.accuratereviews.com\/wp-content\/uploads\/2020\/05\/Clubwise2.png","type":"image\/png"}],"twitter_card":"summary_large_image","twitter_misc":{"Tempo di lettura stimato":"3 minuti"},"schema":{"@context":"https:\/\/schema.org","@graph":[{"@type":"WebPage","@id":"https:\/\/www.accuratereviews.com\/it\/software-fitness-lista\/clubwise-recensione\/","url":"https:\/\/www.accuratereviews.com\/it\/software-fitness-lista\/clubwise-recensione\/","name":"Clubwise: recensione software gestionale per palestre - Accurate Reviews","isPartOf":{"@id":"https:\/\/www.accuratereviews.com\/it\/#website"},"primaryImageOfPage":{"@id":"https:\/\/www.accuratereviews.com\/it\/software-fitness-lista\/clubwise-recensione\/#primaryimage"},"image":{"@id":"https:\/\/www.accuratereviews.com\/it\/software-fitness-lista\/clubwise-recensione\/#primaryimage"},"thumbnailUrl":"https:\/\/www.accuratereviews.com\/wp-content\/uploads\/2020\/05\/Clubwise2.png","datePublished":"2020-05-07T10:34:36+00:00","dateModified":"2020-08-12T10:12:25+00:00","description":"Clubwise: soluzione gestionale per palestre per risparmiare tempo nell'amministrare la tua attivit\u00e0 programmando lezioni, appuntamenti e molto altro.","breadcrumb":{"@id":"https:\/\/www.accuratereviews.com\/it\/software-fitness-lista\/clubwise-recensione\/#breadcrumb"},"inLanguage":"it-IT","potentialAction":[{"@type":"ReadAction","target":["https:\/\/www.accuratereviews.com\/it\/software-fitness-lista\/clubwise-recensione\/"]}]},{"@type":"ImageObject","inLanguage":"it-IT","@id":"https:\/\/www.accuratereviews.com\/it\/software-fitness-lista\/clubwise-recensione\/#primaryimage","url":"https:\/\/www.accuratereviews.com\/wp-content\/uploads\/2020\/05\/Clubwise2.png","contentUrl":"https:\/\/www.accuratereviews.com\/wp-content\/uploads\/2020\/05\/Clubwise2.png","width":256,"height":256},{"@type":"BreadcrumbList","@id":"https:\/\/www.accuratereviews.com\/it\/software-fitness-lista\/clubwise-recensione\/#breadcrumb","itemListElement":[{"@type":"ListItem","position":1,"name":"Home","item":"https:\/\/www.accuratereviews.com\/it\/"},{"@type":"ListItem","position":2,"name":"Software per fitness","item":"https:\/\/www.accuratereviews.com\/it\/software-fitness-lista\/"},{"@type":"ListItem","position":3,"name":"Clubwise"}]},{"@type":"WebSite","@id":"https:\/\/www.accuratereviews.com\/it\/#website","url":"https:\/\/www.accuratereviews.com\/it\/","name":"Accurate Reviews","description":"","potentialAction":[{"@type":"SearchAction","target":{"@type":"EntryPoint","urlTemplate":"https:\/\/www.accuratereviews.com\/it\/?s={search_term_string}"},"query-input":{"@type":"PropertyValueSpecification","valueRequired":true,"valueName":"search_term_string"}}],"inLanguage":"it-IT"}]}},"_links":{"self":[{"href":"https:\/\/www.accuratereviews.com\/it\/wp-json\/wp\/v2\/pages\/26196","targetHints":{"allow":["GET"]}}],"collection":[{"href":"https:\/\/www.accuratereviews.com\/it\/wp-json\/wp\/v2\/pages"}],"about":[{"href":"https:\/\/www.accuratereviews.com\/it\/wp-json\/wp\/v2\/types\/page"}],"author":[{"embeddable":true,"href":"https:\/\/www.accuratereviews.com\/it\/wp-json\/wp\/v2\/users\/19"}],"replies":[{"embeddable":true,"href":"https:\/\/www.accuratereviews.com\/it\/wp-json\/wp\/v2\/comments?post=26196"}],"version-history":[{"count":9,"href":"https:\/\/www.accuratereviews.com\/it\/wp-json\/wp\/v2\/pages\/26196\/revisions"}],"predecessor-version":[{"id":29615,"href":"https:\/\/www.accuratereviews.com\/it\/wp-json\/wp\/v2\/pages\/26196\/revisions\/29615"}],"up":[{"embeddable":true,"href":"https:\/\/www.accuratereviews.com\/it\/wp-json\/wp\/v2\/pages\/25524"}],"wp:featuredmedia":[{"embeddable":true,"href":"https:\/\/www.accuratereviews.com\/it\/wp-json\/wp\/v2\/media\/26201"}],"wp:attachment":[{"href":"https:\/\/www.accuratereviews.com\/it\/wp-json\/wp\/v2\/media?parent=26196"}],"wp:term":[{"taxonomy":"category","embeddable":true,"href":"https:\/\/www.accuratereviews.com\/it\/wp-json\/wp\/v2\/categories?post=26196"},{"taxonomy":"post_tag","embeddable":true,"href":"https:\/\/www.accuratereviews.com\/it\/wp-json\/wp\/v2\/tags?post=26196"},{"taxonomy":"features","embeddable":true,"href":"https:\/\/www.accuratereviews.com\/it\/wp-json\/wp\/v2\/features?post=26196"}],"curies":[{"name":"wp","href":"https:\/\/api.w.org\/{rel}","templated":true}]}}