{"id":26210,"date":"2020-05-07T10:22:24","date_gmt":"2020-05-07T10:22:24","guid":{"rendered":"https:\/\/www.accuratereviews.com\/?page_id=26210"},"modified":"2020-05-07T10:22:24","modified_gmt":"2020-05-07T10:22:24","slug":"zingfit-recensione","status":"publish","type":"page","link":"https:\/\/www.accuratereviews.com\/it\/software-fitness-lista\/zingfit-recensione\/","title":{"rendered":"Zingfit"},"content":{"rendered":"<p><strong>Zingfit<\/strong> \u00e8 un pratico sistema progettato per gli utenti del <strong>settore fitness.<\/strong>\u00a0Progettato da un team di ingegneri altamente qualificati, la soluzione ti consente di mantenere un potente negozio online, tenere traccia delle buste paga, pianificare gli appuntamenti e riscuotere i pagamenti da un&#8217;unica piattaforma. Per garantire sicurezza e protezione, agli utenti viene anche fornita una password per i browser che consente loro di avere un maggiore controllo. Per coinvolgere meglio i tuoi clienti, il software offre analisi delle prestazioni personali come quante calorie bruciano, la resistenza e molto altro. <strong>Zingfit<\/strong> ha un&#8217;interfaccia di reporting e analisi accattivante. Puoi monitorare presenze, rapporti di marketing, dashboard aziendali per avere tutto sotto controllo.<\/p>\n<h2>ZINGFIT &#8211; TUTORIAL<\/h2>\n<p>Il video spiega la principali funzioni dei questo <strong>software gestionale per palestre<\/strong>:<\/p>\n<div id=\"fluid-wrapper-counter-1\" class=\"g1-fluid-wrapper \" style=\"width:686px;\">\n<div style=\"padding-bottom:56.268221574344%;\"><iframe loading=\"lazy\" title=\"Stephen Houry \u2013 Zingfit \u2013 Boutique Fitness Summit NYC 2019\" width=\"686\" height=\"386\" src=\"https:\/\/www.youtube.com\/embed\/T00p9MVMzEY?feature=oembed&amp;wmode=transparent&amp;autohide=1&amp;autoplay=0&amp;disablekb=0&amp;fs=1&amp;loop=0&amp;enablejsapi=1&amp;rel=0&amp;controls=2&amp;showinfo=0&amp;wmode=transparent&amp;autohide=2&amp;autoplay=0&amp;disablekb=0&amp;fs=1&amp;loop=0&amp;enablejsapi=1&amp;rel=0&amp;controls=2&amp;showinfo=1\" frameborder=\"0\" allow=\"accelerometer; autoplay; encrypted-media; gyroscope; picture-in-picture\" allowfullscreen><\/iframe><\/div>\n<\/div>\n<h3>ZINGFIT &#8211; CARATTERISTICHE<\/h3>\n<ul>\n<li><strong>Pianificazione delle lezioni<\/strong>: esperienza di pianificazione online altamente personalizzata e intuitiva con funzionalit\u00e0 di iscrizione automatica e lista d&#8217;attesa<\/li>\n<li><strong>Spot Scheduling<\/strong>: consente ai clienti di scegliere una bici, una panca, un tapis roulant o un tappetino specifici<\/li>\n<li><strong>Eventi e seminari<\/strong>: crea un evento speciale o un seminario al di fuori del tuo programma di lezioni tradizionale dandoti la flessibilit\u00e0 di organizzare lezioni speciali al di fuori delle finestre di prenotazione. Oppure promuovi, vendi e accetta drop-in per quegli eventi speciali e unici in studio.<\/li>\n<li><strong>Gestione del personale<\/strong>: ti consente di aggiungere i profili dei dipendenti al back-end del sistema<\/li>\n<li><strong>Libro paga<\/strong>: configura la retribuzione del tuo istruttore, sia che si tratti di un sistema forfettario, a pi\u00f9 livelli o pro capite. Puoi persino gestire doppi istruttori<\/li>\n<li><strong>Gestione degli istruttori<\/strong>: puoi creare facilmente programmi per istruttori, identificare istruttori sostitutivi, impostare valutazioni dei clienti per i tuoi insegnanti e impostare classi con istruttori doppi<\/li>\n<li><strong>Rapporti commerciali:<\/strong> i report di livello aziendale ti consentono di raccogliere una vasta gamma di dati sulla partecipazione dei clienti, sulle entrate dello studio e sulla retribuzione del personale. Gli studi e le palestre possono facilmente raccogliere report come &#8220;presenze per entrate&#8221;<\/li>\n<li><strong>Esonero e moduli del cliente:<\/strong> i moduli personalizzati ti consentono di raccogliere ulteriori informazioni sui clienti al momento dell&#8217;iscrizione, oltre a consentirti di personalizzare e richiedere l&#8217;accettazione da parte dei clienti di Termini, Condizioni e Responsabilit\u00e0 aggiornati<\/li>\n<\/ul>\n<h4>LE RECENSIONI DEGLI UTENTI<\/h4>\n<h4 class=\"font-weight-bold my-1 d-flex align-items-center\">Marisella V.&#8221;Ottimo software per studi di fitness.&#8221;<\/h4>\n<p><strong>Commenti: <\/strong>Come proprietario di uno studio di fitness boutique, ho usato zingFit per 4 anni. Inizialmente ho usato un sistema di prenotazione diverso quando ho aperto il mio studio e sono passato rapidamente a zingFit perch\u00e9 mi ha aiutato a portare l&#8217;atmosfera professionale sul mio sito Web e sul sistema di prenotazione che stavo cercando.\u00a0Come consulente di altri studi di fitness, consiglio sempre zingFit ai miei clienti.<\/p>\n<p><strong>Vantaggi: <\/strong>Adoro la facilit\u00e0 d&#8217;uso del software. \u00c8 piuttosto autoesplicativo. I miei dipendenti imparano rapidamente a navigare nel sistema. C&#8217;\u00e8 una grande sezione di aiuto online che ti consente di trovare rapidamente soluzioni.<\/p>\n<p><strong>Inconvenienti: <\/strong>Anche se adoro la sezione di aiuto in linea, mi piace ancora parlare con una persona reale.<\/p>\n<h4 class=\"font-weight-bold my-1 d-flex align-items-center\">Casey C.&#8221;Ottimo per il mio studio!&#8221;<\/h4>\n<p><strong>Commenti: <\/strong>eccellente esperienza con zingfit<\/p>\n<p><strong>Vantaggi: <\/strong>Zingfit \u00e8 facile da usare e ha il miglior team di supporto. Ha cos\u00ec tante divertimenti<\/p>\n<p><strong>Inconvenienti: <\/strong>Adoro tutto, aggiungerei pi\u00f9 funzionalit\u00e0 con l&#8217;app.<\/p>\n<h4 class=\"font-weight-bold my-1 d-flex align-items-center\">Rafael U.&#8221;Servizio clienti buono&#8221;<\/h4>\n<p><strong>Commenti: <\/strong>Dopo gli aumenti e i ritardi iniziali, siamo rimasti molto soddisfatti del sistema<\/p>\n<p><strong>Vantaggi: <\/strong>Sistema di reporting molto robusto ed eccellente servizio clienti.<\/p>\n<p><strong>Inconvenienti: <\/strong>\u00c8 stato un lungo periodo di integrazione e a volte molto impegnativo.<\/p>\n","protected":false},"excerpt":{"rendered":"<p>Zingfit \u00e8 un pratico sistema progettato per gli utenti del settore fitness.\u00a0Progettato da un team di ingegneri altamente qualificati, la soluzione ti consente di mantenere un potente negozio online, tenere traccia delle buste paga, pianificare gli appuntamenti e riscuotere i pagamenti da un&#8217;unica piattaforma.<\/p>\n","protected":false},"author":19,"featured_media":26220,"parent":25524,"menu_order":0,"comment_status":"open","ping_status":"closed","template":"g1_template_page_review_new.php","meta":{"_acf_changed":false,"cwp_meta_box_check":"Yes","cwp_rev_product_name":"","cwp_rev_product_image":"","wppr_links":[],"cwp_rev_price":"","wppr_options":[],"wppr_pros":[],"wppr_cons":[],"_monsterinsights_skip_tracking":false,"_monsterinsights_sitenote_active":false,"_monsterinsights_sitenote_note":"","_monsterinsights_sitenote_category":0,"footnotes":""},"categories":[2629],"tags":[2630,2632,2636,2631,2633,2774],"features":[],"class_list":{"0":"post-26210","1":"page","2":"type-page","3":"status-publish","4":"has-post-thumbnail","6":"category-fitness-software","7":"tag-fitness-software","8":"tag-piattaforma-gestionale-per-palestre","9":"tag-programma-gestionale-per-palestre","10":"tag-software-gestionale-per-palestre","11":"tag-soluzione-gestionale-per-palestre","12":"tag-zingfit"},"wppr_data":{"cwp_meta_box_check":"Yes","cwp_rev_product_name":"","cwp_rev_product_image":"","cwp_image_link":"image","cwp_rev_price":"","wppr_rating":"0.00"},"acf":[],"yoast_head":"<!-- This site is optimized with the Yoast SEO plugin v27.4 - https:\/\/yoast.com\/product\/yoast-seo-wordpress\/ -->\n<title>Zingfit: recensione software gestionale per palestre - Accurate Reviews<\/title>\n<meta name=\"description\" content=\"Zingfit: recensione gestionale per palestre progettato da un team di ingegneri altamente qualificati per organizzare al meglio la tua attivit\u00e0.\" \/>\n<meta name=\"robots\" content=\"index, follow, max-snippet:-1, max-image-preview:large, max-video-preview:-1\" \/>\n<link rel=\"canonical\" href=\"https:\/\/www.accuratereviews.com\/it\/software-fitness-lista\/zingfit-recensione\/\" \/>\n<meta property=\"og:locale\" content=\"it_IT\" \/>\n<meta property=\"og:type\" content=\"article\" \/>\n<meta property=\"og:title\" content=\"Zingfit: recensione software gestionale per palestre - Accurate Reviews\" \/>\n<meta property=\"og:description\" content=\"Zingfit: recensione gestionale per palestre progettato da un team di ingegneri altamente qualificati per organizzare al meglio la tua attivit\u00e0.\" \/>\n<meta property=\"og:url\" content=\"https:\/\/www.accuratereviews.com\/it\/software-fitness-lista\/zingfit-recensione\/\" \/>\n<meta property=\"og:site_name\" content=\"Accurate Reviews\" \/>\n<meta property=\"og:image\" content=\"https:\/\/www.accuratereviews.com\/wp-content\/uploads\/2020\/05\/0.png\" \/>\n\t<meta property=\"og:image:width\" content=\"200\" \/>\n\t<meta property=\"og:image:height\" content=\"200\" \/>\n\t<meta property=\"og:image:type\" content=\"image\/png\" \/>\n<meta name=\"twitter:card\" content=\"summary_large_image\" \/>\n<meta name=\"twitter:label1\" content=\"Tempo di lettura stimato\" \/>\n\t<meta name=\"twitter:data1\" content=\"3 minuti\" \/>\n<script type=\"application\/ld+json\" class=\"yoast-schema-graph\">{\"@context\":\"https:\\\/\\\/schema.org\",\"@graph\":[{\"@type\":\"WebPage\",\"@id\":\"https:\\\/\\\/www.accuratereviews.com\\\/it\\\/software-fitness-lista\\\/zingfit-recensione\\\/\",\"url\":\"https:\\\/\\\/www.accuratereviews.com\\\/it\\\/software-fitness-lista\\\/zingfit-recensione\\\/\",\"name\":\"Zingfit: recensione software gestionale per palestre - Accurate Reviews\",\"isPartOf\":{\"@id\":\"https:\\\/\\\/www.accuratereviews.com\\\/it\\\/#website\"},\"primaryImageOfPage\":{\"@id\":\"https:\\\/\\\/www.accuratereviews.com\\\/it\\\/software-fitness-lista\\\/zingfit-recensione\\\/#primaryimage\"},\"image\":{\"@id\":\"https:\\\/\\\/www.accuratereviews.com\\\/it\\\/software-fitness-lista\\\/zingfit-recensione\\\/#primaryimage\"},\"thumbnailUrl\":\"https:\\\/\\\/www.accuratereviews.com\\\/wp-content\\\/uploads\\\/2020\\\/05\\\/0.png\",\"datePublished\":\"2020-05-07T10:22:24+00:00\",\"description\":\"Zingfit: recensione gestionale per palestre progettato da un team di ingegneri altamente qualificati per organizzare al meglio la tua attivit\u00e0.\",\"breadcrumb\":{\"@id\":\"https:\\\/\\\/www.accuratereviews.com\\\/it\\\/software-fitness-lista\\\/zingfit-recensione\\\/#breadcrumb\"},\"inLanguage\":\"it-IT\",\"potentialAction\":[{\"@type\":\"ReadAction\",\"target\":[\"https:\\\/\\\/www.accuratereviews.com\\\/it\\\/software-fitness-lista\\\/zingfit-recensione\\\/\"]}]},{\"@type\":\"ImageObject\",\"inLanguage\":\"it-IT\",\"@id\":\"https:\\\/\\\/www.accuratereviews.com\\\/it\\\/software-fitness-lista\\\/zingfit-recensione\\\/#primaryimage\",\"url\":\"https:\\\/\\\/www.accuratereviews.com\\\/wp-content\\\/uploads\\\/2020\\\/05\\\/0.png\",\"contentUrl\":\"https:\\\/\\\/www.accuratereviews.com\\\/wp-content\\\/uploads\\\/2020\\\/05\\\/0.png\",\"width\":200,\"height\":200},{\"@type\":\"BreadcrumbList\",\"@id\":\"https:\\\/\\\/www.accuratereviews.com\\\/it\\\/software-fitness-lista\\\/zingfit-recensione\\\/#breadcrumb\",\"itemListElement\":[{\"@type\":\"ListItem\",\"position\":1,\"name\":\"Home\",\"item\":\"https:\\\/\\\/www.accuratereviews.com\\\/it\\\/\"},{\"@type\":\"ListItem\",\"position\":2,\"name\":\"Software per fitness\",\"item\":\"https:\\\/\\\/www.accuratereviews.com\\\/it\\\/software-fitness-lista\\\/\"},{\"@type\":\"ListItem\",\"position\":3,\"name\":\"Zingfit\"}]},{\"@type\":\"WebSite\",\"@id\":\"https:\\\/\\\/www.accuratereviews.com\\\/it\\\/#website\",\"url\":\"https:\\\/\\\/www.accuratereviews.com\\\/it\\\/\",\"name\":\"Accurate Reviews\",\"description\":\"\",\"potentialAction\":[{\"@type\":\"SearchAction\",\"target\":{\"@type\":\"EntryPoint\",\"urlTemplate\":\"https:\\\/\\\/www.accuratereviews.com\\\/it\\\/?s={search_term_string}\"},\"query-input\":{\"@type\":\"PropertyValueSpecification\",\"valueRequired\":true,\"valueName\":\"search_term_string\"}}],\"inLanguage\":\"it-IT\"}]}<\/script>\n<!-- \/ Yoast SEO plugin. -->","yoast_head_json":{"title":"Zingfit: recensione software gestionale per palestre - Accurate Reviews","description":"Zingfit: recensione gestionale per palestre progettato da un team di ingegneri altamente qualificati per organizzare al meglio la tua attivit\u00e0.","robots":{"index":"index","follow":"follow","max-snippet":"max-snippet:-1","max-image-preview":"max-image-preview:large","max-video-preview":"max-video-preview:-1"},"canonical":"https:\/\/www.accuratereviews.com\/it\/software-fitness-lista\/zingfit-recensione\/","og_locale":"it_IT","og_type":"article","og_title":"Zingfit: recensione software gestionale per palestre - Accurate Reviews","og_description":"Zingfit: recensione gestionale per palestre progettato da un team di ingegneri altamente qualificati per organizzare al meglio la tua attivit\u00e0.","og_url":"https:\/\/www.accuratereviews.com\/it\/software-fitness-lista\/zingfit-recensione\/","og_site_name":"Accurate Reviews","og_image":[{"width":200,"height":200,"url":"https:\/\/www.accuratereviews.com\/wp-content\/uploads\/2020\/05\/0.png","type":"image\/png"}],"twitter_card":"summary_large_image","twitter_misc":{"Tempo di lettura stimato":"3 minuti"},"schema":{"@context":"https:\/\/schema.org","@graph":[{"@type":"WebPage","@id":"https:\/\/www.accuratereviews.com\/it\/software-fitness-lista\/zingfit-recensione\/","url":"https:\/\/www.accuratereviews.com\/it\/software-fitness-lista\/zingfit-recensione\/","name":"Zingfit: recensione software gestionale per palestre - Accurate Reviews","isPartOf":{"@id":"https:\/\/www.accuratereviews.com\/it\/#website"},"primaryImageOfPage":{"@id":"https:\/\/www.accuratereviews.com\/it\/software-fitness-lista\/zingfit-recensione\/#primaryimage"},"image":{"@id":"https:\/\/www.accuratereviews.com\/it\/software-fitness-lista\/zingfit-recensione\/#primaryimage"},"thumbnailUrl":"https:\/\/www.accuratereviews.com\/wp-content\/uploads\/2020\/05\/0.png","datePublished":"2020-05-07T10:22:24+00:00","description":"Zingfit: recensione gestionale per palestre progettato da un team di ingegneri altamente qualificati per organizzare al meglio la tua attivit\u00e0.","breadcrumb":{"@id":"https:\/\/www.accuratereviews.com\/it\/software-fitness-lista\/zingfit-recensione\/#breadcrumb"},"inLanguage":"it-IT","potentialAction":[{"@type":"ReadAction","target":["https:\/\/www.accuratereviews.com\/it\/software-fitness-lista\/zingfit-recensione\/"]}]},{"@type":"ImageObject","inLanguage":"it-IT","@id":"https:\/\/www.accuratereviews.com\/it\/software-fitness-lista\/zingfit-recensione\/#primaryimage","url":"https:\/\/www.accuratereviews.com\/wp-content\/uploads\/2020\/05\/0.png","contentUrl":"https:\/\/www.accuratereviews.com\/wp-content\/uploads\/2020\/05\/0.png","width":200,"height":200},{"@type":"BreadcrumbList","@id":"https:\/\/www.accuratereviews.com\/it\/software-fitness-lista\/zingfit-recensione\/#breadcrumb","itemListElement":[{"@type":"ListItem","position":1,"name":"Home","item":"https:\/\/www.accuratereviews.com\/it\/"},{"@type":"ListItem","position":2,"name":"Software per fitness","item":"https:\/\/www.accuratereviews.com\/it\/software-fitness-lista\/"},{"@type":"ListItem","position":3,"name":"Zingfit"}]},{"@type":"WebSite","@id":"https:\/\/www.accuratereviews.com\/it\/#website","url":"https:\/\/www.accuratereviews.com\/it\/","name":"Accurate Reviews","description":"","potentialAction":[{"@type":"SearchAction","target":{"@type":"EntryPoint","urlTemplate":"https:\/\/www.accuratereviews.com\/it\/?s={search_term_string}"},"query-input":{"@type":"PropertyValueSpecification","valueRequired":true,"valueName":"search_term_string"}}],"inLanguage":"it-IT"}]}},"_links":{"self":[{"href":"https:\/\/www.accuratereviews.com\/it\/wp-json\/wp\/v2\/pages\/26210","targetHints":{"allow":["GET"]}}],"collection":[{"href":"https:\/\/www.accuratereviews.com\/it\/wp-json\/wp\/v2\/pages"}],"about":[{"href":"https:\/\/www.accuratereviews.com\/it\/wp-json\/wp\/v2\/types\/page"}],"author":[{"embeddable":true,"href":"https:\/\/www.accuratereviews.com\/it\/wp-json\/wp\/v2\/users\/19"}],"replies":[{"embeddable":true,"href":"https:\/\/www.accuratereviews.com\/it\/wp-json\/wp\/v2\/comments?post=26210"}],"version-history":[{"count":4,"href":"https:\/\/www.accuratereviews.com\/it\/wp-json\/wp\/v2\/pages\/26210\/revisions"}],"predecessor-version":[{"id":26228,"href":"https:\/\/www.accuratereviews.com\/it\/wp-json\/wp\/v2\/pages\/26210\/revisions\/26228"}],"up":[{"embeddable":true,"href":"https:\/\/www.accuratereviews.com\/it\/wp-json\/wp\/v2\/pages\/25524"}],"wp:featuredmedia":[{"embeddable":true,"href":"https:\/\/www.accuratereviews.com\/it\/wp-json\/wp\/v2\/media\/26220"}],"wp:attachment":[{"href":"https:\/\/www.accuratereviews.com\/it\/wp-json\/wp\/v2\/media?parent=26210"}],"wp:term":[{"taxonomy":"category","embeddable":true,"href":"https:\/\/www.accuratereviews.com\/it\/wp-json\/wp\/v2\/categories?post=26210"},{"taxonomy":"post_tag","embeddable":true,"href":"https:\/\/www.accuratereviews.com\/it\/wp-json\/wp\/v2\/tags?post=26210"},{"taxonomy":"features","embeddable":true,"href":"https:\/\/www.accuratereviews.com\/it\/wp-json\/wp\/v2\/features?post=26210"}],"curies":[{"name":"wp","href":"https:\/\/api.w.org\/{rel}","templated":true}]}}