{"id":26278,"date":"2020-05-08T11:12:13","date_gmt":"2020-05-08T11:12:13","guid":{"rendered":"https:\/\/www.accuratereviews.com\/?page_id=26278"},"modified":"2020-05-08T11:12:13","modified_gmt":"2020-05-08T11:12:13","slug":"luckyfit-recensione","status":"publish","type":"page","link":"https:\/\/www.accuratereviews.com\/it\/software-fitness-lista\/luckyfit-recensione\/","title":{"rendered":"LuckyFit"},"content":{"rendered":"<p><strong>LuckyFit<\/strong> (precedentemente noto come Solaris Fitness Cloud) \u00e8 un<strong> sistema di gestione di palestre<\/strong> basato su <strong>cloud<\/strong> facile da usare e affidabile che semplifica la gestione e le operazioni di fitness club, palestre, studi di yoga, strutture per piscine e centri estetici. Dotato di strumenti e funzionalit\u00e0 utili e automatizzati\u00a0consente ai proprietari e ai dirigenti di club di creare e definire diversi tipi di affiliazione che li aiuta a gestire e distribuire i prodotti e i servizi offerti dai loro club. Il programma include anche funzionalit\u00e0 di gestione dei client che forniscono un facile accesso ai dati dei clienti per l&#8217;analisi. Con <strong>LuckyFit<\/strong>, gli utenti saranno in grado di eseguire in modo accurato la contabilit\u00e0 e l&#8217;inventario delle materie prime in cui \u00e8 possibile descrivere prodotti e servizi, nonch\u00e9 politiche sui prezzi. Inoltre, il sistema offre la possibilit\u00e0 di preparare gli orari per le lezioni e controllare tali orari rispetto ai turni di lavoro di allenatori e formatori.<\/p>\n<p><a href=\"https:\/\/www.accuratereviews.com\/wp-content\/uploads\/2020\/05\/Schermata-2020-05-08-alle-13.10.23.png\"><img loading=\"lazy\" decoding=\"async\" class=\"alignnone size-full wp-image-26307\" src=\"https:\/\/www.accuratereviews.com\/wp-content\/uploads\/2020\/05\/Schermata-2020-05-08-alle-13.10.23.png\" alt=\"\" width=\"2722\" height=\"1276\" srcset=\"https:\/\/www.accuratereviews.com\/wp-content\/uploads\/2020\/05\/Schermata-2020-05-08-alle-13.10.23.png 2722w, https:\/\/www.accuratereviews.com\/wp-content\/uploads\/2020\/05\/Schermata-2020-05-08-alle-13.10.23-300x141.png 300w, https:\/\/www.accuratereviews.com\/wp-content\/uploads\/2020\/05\/Schermata-2020-05-08-alle-13.10.23-1024x480.png 1024w, https:\/\/www.accuratereviews.com\/wp-content\/uploads\/2020\/05\/Schermata-2020-05-08-alle-13.10.23-768x360.png 768w, https:\/\/www.accuratereviews.com\/wp-content\/uploads\/2020\/05\/Schermata-2020-05-08-alle-13.10.23-1536x720.png 1536w, https:\/\/www.accuratereviews.com\/wp-content\/uploads\/2020\/05\/Schermata-2020-05-08-alle-13.10.23-2048x960.png 2048w, https:\/\/www.accuratereviews.com\/wp-content\/uploads\/2020\/05\/Schermata-2020-05-08-alle-13.10.23-260x122.png 260w, https:\/\/www.accuratereviews.com\/wp-content\/uploads\/2020\/05\/Schermata-2020-05-08-alle-13.10.23-50x23.png 50w, https:\/\/www.accuratereviews.com\/wp-content\/uploads\/2020\/05\/Schermata-2020-05-08-alle-13.10.23-968x454.png 968w, https:\/\/www.accuratereviews.com\/wp-content\/uploads\/2020\/05\/Schermata-2020-05-08-alle-13.10.23-636x298.png 636w, https:\/\/www.accuratereviews.com\/wp-content\/uploads\/2020\/05\/Schermata-2020-05-08-alle-13.10.23-320x150.png 320w, https:\/\/www.accuratereviews.com\/wp-content\/uploads\/2020\/05\/Schermata-2020-05-08-alle-13.10.23-239x112.png 239w\" sizes=\"auto, (max-width: 2722px) 100vw, 2722px\" \/><\/a><\/p>\n<h2>LUCKYFIT &#8211; CARATTERISTICHE<\/h2>\n<ul>\n<li><strong>Analisi della geolocalizzazione<\/strong>:\u00a0visualizza sulla mappa la distribuzione dei tuoi clienti. Questo pu\u00f2 darti un suggerimento per l&#8217;immissione di pubblicit\u00e0 del tuo club.<\/li>\n<li><strong>Tutto sul cliente<\/strong>: dossier digitale del cliente, scansione delle copie dei documenti, dati dei certificati medici. Tutto ci\u00f2 a portata di mano.<\/li>\n<li><strong>Analisi di base del cliente<\/strong>: rapporti analitici trasparenti ti permetteranno di definire le tendenze delle presenze, le iscrizioni e le vendite di servizi aggiuntivi<\/li>\n<li><strong>Archiviazione sicura dei dati<\/strong>: archivia i dati dei tuoi clienti in un database sicuro e affidabile.<\/li>\n<li><strong>Assortimento<\/strong>: capacit\u00e0 di descrivere l&#8217;assortimento di prodotti, servizi e schede di calcolo, definendo la politica dei prezzi<\/li>\n<li><strong>Magazzini:<\/strong> distribuzione dell&#8217;assortimento tra punti di stoccaggio e vendita. Contabilit\u00e0 quantitativa e riepilogativa dei saldi, calcolo dei costi<\/li>\n<li><strong>Documenti<\/strong>: l&#8217;immissione di documenti in entrata, di spesa e documenti di trasferimento di merci tra magazzini consente di documentare la circolazione delle merci<\/li>\n<li><strong>Inventario<\/strong>: consente di identificare le discrepanze tra la contabilit\u00e0 e i resti effettivi delle merci e di effettuare la loro sincronizzazione automatica al momento della firma dell&#8217;atto di inventario<\/li>\n<li><strong>Grafici analitici:<\/strong>\u00a0analizza visivamente le tendenze del turnover commerciale<\/li>\n<li><strong>Rapporti:<\/strong> in qualsiasi momento \u00e8 possibile ottenere report aggiornati sui saldi e sul fatturato delle merci<\/li>\n<li><strong>Orario delle lezioni di gruppo<\/strong>: componi il programma per le lezioni di gruppo in un periodo e riserva i clienti alle lezioni<\/li>\n<li><strong>Pianificazione dei turni<\/strong>: permette di pianificare turni di lavoro di collaboratori e allenatori. Il calendario dei turni si sovrappone agli orari per visualizzare quale dei formatori pu\u00f2 condurre lezioni in un determinato giorno e ora<\/li>\n<li><strong>Accesso da dispositivi mobili:<\/strong> utilizzando i client delle applicazioni mobili \u00e8 possibile accedere a qualsiasi tipo di pianificazione<\/li>\n<li><strong>Integrazione con il sito web<\/strong>: puoi caricare il programma per le lezioni di gruppo sul tuo sito web. Le modifiche al programma verranno automaticamente visualizzate sul tuo sito<\/li>\n<\/ul>\n<h3>LE RECENSIONI DEGLI UTENTI<\/h3>\n<h4 class=\"font-weight-bold my-1 d-flex align-items-center\">Utkarshkumar C.&#8221;Eccezionale&#8221;<\/h4>\n<p><strong>Vantaggi: <\/strong>L&#8217;applicazione \u00e8 facile da usare con un&#8217;ottima interfaccia utente per interagire con il cliente. Anche il software \u00e8 conveniente.<\/p>\n<p><strong>Inconvenienti: <\/strong>Non esiste un punto vendita per questa applicazione. Non molte persone sono a conoscenza di questo software. \u00c8 necessario commercializzare questo software<\/p>\n<h4 class=\"font-weight-bold my-1 d-flex align-items-center\">Fabi\u00e1n J.&#8221;Una piattaforma veloce ed efficace per gestire le tue palestre&#8221;<\/h4>\n<p><strong>Vantaggi: <\/strong>\u00c8 una piattaforma che ti consente di gestire le tue palestre rapidamente e senza pi\u00f9 opzioni che la renderebbero robusta. I report sono importanti per mantenere un buon controllo e tutto \u00e8 protetto in modo sicuro nel cloud.<\/p>\n<p><strong>Inconvenienti: <\/strong>Forse l&#8217;interfaccia non \u00e8 la migliore di tutte ed \u00e8 poco personalizzabile ma svolge la sua funzione e funziona correttamente.<\/p>\n<h4 class=\"font-weight-bold my-1 d-flex align-items-center\">Kiara M.&#8221;Efficiente e facile da usare!&#8221;<\/h4>\n<p><strong>Vantaggi: <\/strong>Programma\u00a0abbastanza facile da usare. Trasformato il lavoro manuale in automatizzato. Puoi anche accedervi da qualsiasi dispositivo.<\/p>\n<p><strong>Inconvenienti: <\/strong>Il software\u00a0non \u00e8 in grado di personalizzare. Nel complesso, questa \u00e8 la mia unica lamentela. Tutto il resto \u00e8 fantastico.<\/p>\n<p>&nbsp;<\/p>\n<p>&nbsp;<\/p>\n","protected":false},"excerpt":{"rendered":"<p>LuckyFit (precedentemente noto come Solaris Fitness Cloud) \u00e8 un sistema di gestione di palestre basato su cloud facile da usare e affidabile che semplifica la gestione e le operazioni di fitness club, palestre, studi di yoga, strutture per piscine e centri estetici. Dotato di strumenti e funzionalit\u00e0 utili e automatizzati\u00a0consente ai proprietari e ai dirigenti di club di creare e definire diversi tipi di affiliazione che li aiuta a gestire e distribuire i prodotti e i servizi offerti dai loro club.<\/p>\n","protected":false},"author":19,"featured_media":26296,"parent":25524,"menu_order":0,"comment_status":"open","ping_status":"closed","template":"g1_template_page_review_new.php","meta":{"_acf_changed":false,"cwp_meta_box_check":"Yes","cwp_rev_product_name":"","cwp_rev_product_image":"","wppr_links":[],"cwp_rev_price":"","wppr_options":[],"wppr_pros":[],"wppr_cons":[],"_monsterinsights_skip_tracking":false,"_monsterinsights_sitenote_active":false,"_monsterinsights_sitenote_note":"","_monsterinsights_sitenote_category":0,"footnotes":""},"categories":[2629],"tags":[396,2630,2795,2632,2636,2631,2796,2633],"features":[],"class_list":{"0":"post-26278","1":"page","2":"type-page","3":"status-publish","4":"has-post-thumbnail","6":"category-fitness-software","7":"tag-cloud","8":"tag-fitness-software","9":"tag-luckyfit","10":"tag-piattaforma-gestionale-per-palestre","11":"tag-programma-gestionale-per-palestre","12":"tag-software-gestionale-per-palestre","13":"tag-solaris-fitness-cloud","14":"tag-soluzione-gestionale-per-palestre"},"wppr_data":{"cwp_meta_box_check":"Yes","cwp_rev_product_name":"","cwp_rev_product_image":"","cwp_image_link":"image","cwp_rev_price":"","wppr_rating":"0.00"},"acf":[],"yoast_head":"<!-- This site is optimized with the Yoast SEO plugin v27.4 - https:\/\/yoast.com\/product\/yoast-seo-wordpress\/ -->\n<title>LuckyFit: recensione software gestionale per palestre - Accurate Reviews<\/title>\n<meta name=\"description\" content=\"LuckyFit: recensione sistema di gestione di palestre basato su cloud facile da usare che semplifica l le operazioni di fitness club, palestre ecc\" \/>\n<meta name=\"robots\" content=\"index, follow, max-snippet:-1, max-image-preview:large, max-video-preview:-1\" \/>\n<link rel=\"canonical\" href=\"https:\/\/www.accuratereviews.com\/it\/software-fitness-lista\/luckyfit-recensione\/\" \/>\n<meta property=\"og:locale\" content=\"it_IT\" \/>\n<meta property=\"og:type\" content=\"article\" \/>\n<meta property=\"og:title\" content=\"LuckyFit: recensione software gestionale per palestre - Accurate Reviews\" \/>\n<meta property=\"og:description\" content=\"LuckyFit: recensione sistema di gestione di palestre basato su cloud facile da usare che semplifica l le operazioni di fitness club, palestre ecc\" \/>\n<meta property=\"og:url\" content=\"https:\/\/www.accuratereviews.com\/it\/software-fitness-lista\/luckyfit-recensione\/\" \/>\n<meta property=\"og:site_name\" content=\"Accurate Reviews\" \/>\n<meta property=\"og:image\" content=\"https:\/\/www.accuratereviews.com\/wp-content\/uploads\/2020\/05\/LUCKYFIT.jpg\" \/>\n\t<meta property=\"og:image:width\" content=\"512\" \/>\n\t<meta property=\"og:image:height\" content=\"512\" \/>\n\t<meta property=\"og:image:type\" content=\"image\/jpeg\" \/>\n<meta name=\"twitter:card\" content=\"summary_large_image\" \/>\n<meta name=\"twitter:label1\" content=\"Tempo di lettura stimato\" \/>\n\t<meta name=\"twitter:data1\" content=\"3 minuti\" \/>\n<script type=\"application\/ld+json\" class=\"yoast-schema-graph\">{\"@context\":\"https:\\\/\\\/schema.org\",\"@graph\":[{\"@type\":\"WebPage\",\"@id\":\"https:\\\/\\\/www.accuratereviews.com\\\/it\\\/software-fitness-lista\\\/luckyfit-recensione\\\/\",\"url\":\"https:\\\/\\\/www.accuratereviews.com\\\/it\\\/software-fitness-lista\\\/luckyfit-recensione\\\/\",\"name\":\"LuckyFit: recensione software gestionale per palestre - Accurate Reviews\",\"isPartOf\":{\"@id\":\"https:\\\/\\\/www.accuratereviews.com\\\/it\\\/#website\"},\"primaryImageOfPage\":{\"@id\":\"https:\\\/\\\/www.accuratereviews.com\\\/it\\\/software-fitness-lista\\\/luckyfit-recensione\\\/#primaryimage\"},\"image\":{\"@id\":\"https:\\\/\\\/www.accuratereviews.com\\\/it\\\/software-fitness-lista\\\/luckyfit-recensione\\\/#primaryimage\"},\"thumbnailUrl\":\"https:\\\/\\\/www.accuratereviews.com\\\/wp-content\\\/uploads\\\/2020\\\/05\\\/LUCKYFIT.jpg\",\"datePublished\":\"2020-05-08T11:12:13+00:00\",\"description\":\"LuckyFit: recensione sistema di gestione di palestre basato su cloud facile da usare che semplifica l le operazioni di fitness club, palestre ecc\",\"breadcrumb\":{\"@id\":\"https:\\\/\\\/www.accuratereviews.com\\\/it\\\/software-fitness-lista\\\/luckyfit-recensione\\\/#breadcrumb\"},\"inLanguage\":\"it-IT\",\"potentialAction\":[{\"@type\":\"ReadAction\",\"target\":[\"https:\\\/\\\/www.accuratereviews.com\\\/it\\\/software-fitness-lista\\\/luckyfit-recensione\\\/\"]}]},{\"@type\":\"ImageObject\",\"inLanguage\":\"it-IT\",\"@id\":\"https:\\\/\\\/www.accuratereviews.com\\\/it\\\/software-fitness-lista\\\/luckyfit-recensione\\\/#primaryimage\",\"url\":\"https:\\\/\\\/www.accuratereviews.com\\\/wp-content\\\/uploads\\\/2020\\\/05\\\/LUCKYFIT.jpg\",\"contentUrl\":\"https:\\\/\\\/www.accuratereviews.com\\\/wp-content\\\/uploads\\\/2020\\\/05\\\/LUCKYFIT.jpg\",\"width\":512,\"height\":512},{\"@type\":\"BreadcrumbList\",\"@id\":\"https:\\\/\\\/www.accuratereviews.com\\\/it\\\/software-fitness-lista\\\/luckyfit-recensione\\\/#breadcrumb\",\"itemListElement\":[{\"@type\":\"ListItem\",\"position\":1,\"name\":\"Home\",\"item\":\"https:\\\/\\\/www.accuratereviews.com\\\/it\\\/\"},{\"@type\":\"ListItem\",\"position\":2,\"name\":\"Software per fitness\",\"item\":\"https:\\\/\\\/www.accuratereviews.com\\\/it\\\/software-fitness-lista\\\/\"},{\"@type\":\"ListItem\",\"position\":3,\"name\":\"LuckyFit\"}]},{\"@type\":\"WebSite\",\"@id\":\"https:\\\/\\\/www.accuratereviews.com\\\/it\\\/#website\",\"url\":\"https:\\\/\\\/www.accuratereviews.com\\\/it\\\/\",\"name\":\"Accurate Reviews\",\"description\":\"\",\"potentialAction\":[{\"@type\":\"SearchAction\",\"target\":{\"@type\":\"EntryPoint\",\"urlTemplate\":\"https:\\\/\\\/www.accuratereviews.com\\\/it\\\/?s={search_term_string}\"},\"query-input\":{\"@type\":\"PropertyValueSpecification\",\"valueRequired\":true,\"valueName\":\"search_term_string\"}}],\"inLanguage\":\"it-IT\"}]}<\/script>\n<!-- \/ Yoast SEO plugin. -->","yoast_head_json":{"title":"LuckyFit: recensione software gestionale per palestre - Accurate Reviews","description":"LuckyFit: recensione sistema di gestione di palestre basato su cloud facile da usare che semplifica l le operazioni di fitness club, palestre ecc","robots":{"index":"index","follow":"follow","max-snippet":"max-snippet:-1","max-image-preview":"max-image-preview:large","max-video-preview":"max-video-preview:-1"},"canonical":"https:\/\/www.accuratereviews.com\/it\/software-fitness-lista\/luckyfit-recensione\/","og_locale":"it_IT","og_type":"article","og_title":"LuckyFit: recensione software gestionale per palestre - Accurate Reviews","og_description":"LuckyFit: recensione sistema di gestione di palestre basato su cloud facile da usare che semplifica l le operazioni di fitness club, palestre ecc","og_url":"https:\/\/www.accuratereviews.com\/it\/software-fitness-lista\/luckyfit-recensione\/","og_site_name":"Accurate Reviews","og_image":[{"width":512,"height":512,"url":"https:\/\/www.accuratereviews.com\/wp-content\/uploads\/2020\/05\/LUCKYFIT.jpg","type":"image\/jpeg"}],"twitter_card":"summary_large_image","twitter_misc":{"Tempo di lettura stimato":"3 minuti"},"schema":{"@context":"https:\/\/schema.org","@graph":[{"@type":"WebPage","@id":"https:\/\/www.accuratereviews.com\/it\/software-fitness-lista\/luckyfit-recensione\/","url":"https:\/\/www.accuratereviews.com\/it\/software-fitness-lista\/luckyfit-recensione\/","name":"LuckyFit: recensione software gestionale per palestre - Accurate Reviews","isPartOf":{"@id":"https:\/\/www.accuratereviews.com\/it\/#website"},"primaryImageOfPage":{"@id":"https:\/\/www.accuratereviews.com\/it\/software-fitness-lista\/luckyfit-recensione\/#primaryimage"},"image":{"@id":"https:\/\/www.accuratereviews.com\/it\/software-fitness-lista\/luckyfit-recensione\/#primaryimage"},"thumbnailUrl":"https:\/\/www.accuratereviews.com\/wp-content\/uploads\/2020\/05\/LUCKYFIT.jpg","datePublished":"2020-05-08T11:12:13+00:00","description":"LuckyFit: recensione sistema di gestione di palestre basato su cloud facile da usare che semplifica l le operazioni di fitness club, palestre ecc","breadcrumb":{"@id":"https:\/\/www.accuratereviews.com\/it\/software-fitness-lista\/luckyfit-recensione\/#breadcrumb"},"inLanguage":"it-IT","potentialAction":[{"@type":"ReadAction","target":["https:\/\/www.accuratereviews.com\/it\/software-fitness-lista\/luckyfit-recensione\/"]}]},{"@type":"ImageObject","inLanguage":"it-IT","@id":"https:\/\/www.accuratereviews.com\/it\/software-fitness-lista\/luckyfit-recensione\/#primaryimage","url":"https:\/\/www.accuratereviews.com\/wp-content\/uploads\/2020\/05\/LUCKYFIT.jpg","contentUrl":"https:\/\/www.accuratereviews.com\/wp-content\/uploads\/2020\/05\/LUCKYFIT.jpg","width":512,"height":512},{"@type":"BreadcrumbList","@id":"https:\/\/www.accuratereviews.com\/it\/software-fitness-lista\/luckyfit-recensione\/#breadcrumb","itemListElement":[{"@type":"ListItem","position":1,"name":"Home","item":"https:\/\/www.accuratereviews.com\/it\/"},{"@type":"ListItem","position":2,"name":"Software per fitness","item":"https:\/\/www.accuratereviews.com\/it\/software-fitness-lista\/"},{"@type":"ListItem","position":3,"name":"LuckyFit"}]},{"@type":"WebSite","@id":"https:\/\/www.accuratereviews.com\/it\/#website","url":"https:\/\/www.accuratereviews.com\/it\/","name":"Accurate Reviews","description":"","potentialAction":[{"@type":"SearchAction","target":{"@type":"EntryPoint","urlTemplate":"https:\/\/www.accuratereviews.com\/it\/?s={search_term_string}"},"query-input":{"@type":"PropertyValueSpecification","valueRequired":true,"valueName":"search_term_string"}}],"inLanguage":"it-IT"}]}},"_links":{"self":[{"href":"https:\/\/www.accuratereviews.com\/it\/wp-json\/wp\/v2\/pages\/26278","targetHints":{"allow":["GET"]}}],"collection":[{"href":"https:\/\/www.accuratereviews.com\/it\/wp-json\/wp\/v2\/pages"}],"about":[{"href":"https:\/\/www.accuratereviews.com\/it\/wp-json\/wp\/v2\/types\/page"}],"author":[{"embeddable":true,"href":"https:\/\/www.accuratereviews.com\/it\/wp-json\/wp\/v2\/users\/19"}],"replies":[{"embeddable":true,"href":"https:\/\/www.accuratereviews.com\/it\/wp-json\/wp\/v2\/comments?post=26278"}],"version-history":[{"count":5,"href":"https:\/\/www.accuratereviews.com\/it\/wp-json\/wp\/v2\/pages\/26278\/revisions"}],"predecessor-version":[{"id":26310,"href":"https:\/\/www.accuratereviews.com\/it\/wp-json\/wp\/v2\/pages\/26278\/revisions\/26310"}],"up":[{"embeddable":true,"href":"https:\/\/www.accuratereviews.com\/it\/wp-json\/wp\/v2\/pages\/25524"}],"wp:featuredmedia":[{"embeddable":true,"href":"https:\/\/www.accuratereviews.com\/it\/wp-json\/wp\/v2\/media\/26296"}],"wp:attachment":[{"href":"https:\/\/www.accuratereviews.com\/it\/wp-json\/wp\/v2\/media?parent=26278"}],"wp:term":[{"taxonomy":"category","embeddable":true,"href":"https:\/\/www.accuratereviews.com\/it\/wp-json\/wp\/v2\/categories?post=26278"},{"taxonomy":"post_tag","embeddable":true,"href":"https:\/\/www.accuratereviews.com\/it\/wp-json\/wp\/v2\/tags?post=26278"},{"taxonomy":"features","embeddable":true,"href":"https:\/\/www.accuratereviews.com\/it\/wp-json\/wp\/v2\/features?post=26278"}],"curies":[{"name":"wp","href":"https:\/\/api.w.org\/{rel}","templated":true}]}}