{"id":26320,"date":"2020-05-11T10:01:55","date_gmt":"2020-05-11T10:01:55","guid":{"rendered":"https:\/\/www.accuratereviews.com\/?page_id=26320"},"modified":"2020-05-11T10:01:55","modified_gmt":"2020-05-11T10:01:55","slug":"triib-recensione","status":"publish","type":"page","link":"https:\/\/www.accuratereviews.com\/it\/software-fitness-lista\/triib-recensione\/","title":{"rendered":"Triib"},"content":{"rendered":"<p><strong>Triib<\/strong> \u00e8 una <strong>soluzione di gestione delle palestre<\/strong>\u00a0basata su <strong>cloud<\/strong> che offre controllo delle presenze, fatturazione automatica, monitoraggio delle prestazioni, calendari delle lezioni, gestione delle iscrizioni e di eventi. La soluzione utilizzando\u00a0una dashboard di analisi aiuta gli utenti a tenere traccia di iscrizioni attive, check-in, pagamenti non riusciti e entrate giornaliere. Il software offre anche una funzione di gestione dei potenziali clienti che consente ai gestori di fitness club di classificare i lead e configurare messaggi di follow-up automatici per i potenziali soci.\u00a0La gestione delle prestazioni consente ai membri di monitorare i progressi della forma fisica con l&#8217;aiuto di allenamenti quotidiani e sessioni di allenamento personali. Inoltre, offre anche app mobili per utenti iOS e Android e fornisce supporto via email, telefono e tramite un centro di assistenza online.<\/p>\n<h2>TRIIB &#8211; TUTORIAL<\/h2>\n<p>Questo tour ti offre uno sguardo di alto livello sugli strumenti di Triib e su come possono aiutarti.<\/p>\n<div id=\"fluid-wrapper-counter-1\" class=\"g1-fluid-wrapper \" style=\"width:686px;\">\n<div style=\"padding-bottom:56.268221574344%;\"><iframe loading=\"lazy\" title=\"Triib Product Tour Video\" width=\"686\" height=\"386\" src=\"https:\/\/www.youtube.com\/embed\/dhd6Wk8oWQg?feature=oembed&amp;wmode=transparent&amp;autohide=1&amp;autoplay=0&amp;disablekb=0&amp;fs=1&amp;loop=0&amp;enablejsapi=1&amp;rel=0&amp;controls=2&amp;showinfo=0&amp;wmode=transparent&amp;autohide=2&amp;autoplay=0&amp;disablekb=0&amp;fs=1&amp;loop=0&amp;enablejsapi=1&amp;rel=0&amp;controls=2&amp;showinfo=1\" frameborder=\"0\" allow=\"accelerometer; autoplay; encrypted-media; gyroscope; picture-in-picture\" allowfullscreen><\/iframe><\/div>\n<\/div>\n<h3>TRIIB &#8211; CARATTERISTICHE<\/h3>\n<ul>\n<li><strong>Gestisci la tua palestra<\/strong>: semplifica le operazioni con una piattaforma centralizzata. Ottieni le informazioni necessarie per pianificare ed eseguire il prossimo grande obiettivo della tua attivit\u00e0<\/li>\n<li><strong>Potenzia la tua squadra<\/strong>: organizza facilmente programmi, lezioni e appuntamenti. Tieni traccia della disponibilit\u00e0 del team, imposta le commissioni e visualizza i rapporti sui salari<\/li>\n<li><strong>Esperienza<\/strong>: crea un&#8217;esperienza per membri emergenti. Personalizza abbonamenti, email di marketing e nuove offerte. Espandi con eventi e sfide integrati<\/li>\n<li><strong>Crescita<\/strong>: ottieni chiarezza sui tuoi dati e scopri cosa funziona. Testa e misura nuove offerte per scoprire da dove arriver\u00e0 la tua prossima fase di crescita<\/li>\n<\/ul>\n<h4>LE RECENSIONI DEGLI UTENTI<\/h4>\n<h5 class=\"font-weight-bold my-1 d-flex align-items-center\">Neil S.\u00a0&#8220;FutbolerFit raccomanda vivamente TRIIB&#8221;<\/h5>\n<p><strong>Commenti: <\/strong>Fantastico! TRIIB \u00e8 stata un&#8217;ottima piattaforma per noi e lo consiglio vivamente ai possessori di palestra di qualsiasi tipo di fitness. Aiuta a rendere le nostre operazioni quotidiane molto pi\u00f9 semplici in modo da poterci concentrare su altre cose.<\/p>\n<p><strong>Vantaggi: <\/strong>La facilit\u00e0 d&#8217;uso \u00e8 sorprendente con TRIIB. \u00c8 semplice, pulito ed efficace. Ho provato altri software all-in-one e questo ha reso la mia vita molto pi\u00f9 semplice.<\/p>\n<p><strong>Inconvenienti: <\/strong>Non ci sono troppi contro, solo miglioramenti che ritengo possano essere fatti e che sono sicuro che TRIIB \u00e8 gi\u00e0 in cima mentre continuano a crescere e avanzare.<\/p>\n<h4 class=\"font-weight-bold my-1 d-flex align-items-center\">Kylie T.&#8221;Adoro questo software&#8221;<\/h4>\n<p><strong>Commenti: <\/strong>Membri e allenatori trovano il software molto intuitivo.<\/p>\n<p><strong>Vantaggi: <\/strong>Mi piace molto la facilit\u00e0 di navigazione. \u00c8 molto semplice arrivare a dove stai andando, anche se non hai mai provato ad accedere a determinate cose.<\/p>\n<p><strong>Inconvenienti: <\/strong>Il mio unico problema \u00e8 stato quando ho ordinato qualcosa, mi \u00e8 stato dato un codice con uno sconto del 50% e lo ha aggiunto invece di portarlo via.<\/p>\n<h4 class=\"font-weight-bold my-1 d-flex align-items-center\">Alyssa K.&#8221;Non eccezionale per le palestre&#8221;<\/h4>\n<p><strong>Commenti: <\/strong>Va bene, non eccezionale, non ha tutte le funzionalit\u00e0 di altri software<\/p>\n<p><strong>Vantaggi: <\/strong>\u00c8 abbastanza facile da usare, un semplice software, pu\u00f2 pianificare il mese nel programma, \u00e8 facile vedere gli allenamenti per i membri<\/p>\n<p><strong>Inconvenienti: <\/strong>Non memorizza le performance passate come fanno altri software, si blocca un po &#8216;sull&#8217;app del telefono, difficolt\u00e0 a vedere chi \u00e8 registrato per la lezione<\/p>\n","protected":false},"excerpt":{"rendered":"<p>Triib \u00e8 una soluzione di gestione delle palestre\u00a0basata su cloud che offre controllo delle presenze, fatturazione automatica, monitoraggio delle prestazioni, calendari delle lezioni, gestione delle iscrizioni e di eventi. La soluzione utilizzando\u00a0una dashboard di analisi aiuta gli utenti a tenere traccia di iscrizioni attive, check-in, pagamenti non riusciti e entrate giornaliere.<\/p>\n","protected":false},"author":19,"featured_media":26322,"parent":25524,"menu_order":0,"comment_status":"open","ping_status":"closed","template":"g1_template_page_review_new.php","meta":{"_acf_changed":false,"cwp_meta_box_check":"Yes","cwp_rev_product_name":"","cwp_rev_product_image":"","wppr_links":[],"cwp_rev_price":"","wppr_options":[],"wppr_pros":[],"wppr_cons":[],"_monsterinsights_skip_tracking":false,"_monsterinsights_sitenote_active":false,"_monsterinsights_sitenote_note":"","_monsterinsights_sitenote_category":0,"footnotes":""},"categories":[2629],"tags":[396,2630,2632,2636,2631,2633,2797],"features":[],"class_list":{"0":"post-26320","1":"page","2":"type-page","3":"status-publish","4":"has-post-thumbnail","6":"category-fitness-software","7":"tag-cloud","8":"tag-fitness-software","9":"tag-piattaforma-gestionale-per-palestre","10":"tag-programma-gestionale-per-palestre","11":"tag-software-gestionale-per-palestre","12":"tag-soluzione-gestionale-per-palestre","13":"tag-triib"},"wppr_data":{"cwp_meta_box_check":"Yes","cwp_rev_product_name":"","cwp_rev_product_image":"","cwp_image_link":"image","cwp_rev_price":"","wppr_rating":"0.00"},"acf":[],"yoast_head":"<!-- This site is optimized with the Yoast SEO plugin v27.4 - https:\/\/yoast.com\/product\/yoast-seo-wordpress\/ -->\n<title>Triib: recensione software gestionale per palestre - Accurate Reviews<\/title>\n<meta name=\"description\" content=\"Triib: recensione soluzione di gestione delle palestre\u00a0basata su cloud che offre controllo delle presenze, fatturazione automatica e molto altro.\" \/>\n<meta name=\"robots\" content=\"index, follow, max-snippet:-1, max-image-preview:large, max-video-preview:-1\" \/>\n<link rel=\"canonical\" href=\"https:\/\/www.accuratereviews.com\/it\/software-fitness-lista\/triib-recensione\/\" \/>\n<meta property=\"og:locale\" content=\"it_IT\" \/>\n<meta property=\"og:type\" content=\"article\" \/>\n<meta property=\"og:title\" content=\"Triib: recensione software gestionale per palestre - Accurate Reviews\" \/>\n<meta property=\"og:description\" content=\"Triib: recensione soluzione di gestione delle palestre\u00a0basata su cloud che offre controllo delle presenze, fatturazione automatica e molto altro.\" \/>\n<meta property=\"og:url\" content=\"https:\/\/www.accuratereviews.com\/it\/software-fitness-lista\/triib-recensione\/\" \/>\n<meta property=\"og:site_name\" content=\"Accurate Reviews\" \/>\n<meta property=\"og:image\" content=\"https:\/\/www.accuratereviews.com\/wp-content\/uploads\/2020\/05\/Triib.png\" \/>\n\t<meta property=\"og:image:width\" content=\"1200\" \/>\n\t<meta property=\"og:image:height\" content=\"630\" \/>\n\t<meta property=\"og:image:type\" content=\"image\/png\" \/>\n<meta name=\"twitter:card\" content=\"summary_large_image\" \/>\n<meta name=\"twitter:label1\" content=\"Tempo di lettura stimato\" \/>\n\t<meta name=\"twitter:data1\" content=\"2 minuti\" \/>\n<script type=\"application\/ld+json\" class=\"yoast-schema-graph\">{\"@context\":\"https:\\\/\\\/schema.org\",\"@graph\":[{\"@type\":\"WebPage\",\"@id\":\"https:\\\/\\\/www.accuratereviews.com\\\/it\\\/software-fitness-lista\\\/triib-recensione\\\/\",\"url\":\"https:\\\/\\\/www.accuratereviews.com\\\/it\\\/software-fitness-lista\\\/triib-recensione\\\/\",\"name\":\"Triib: recensione software gestionale per palestre - Accurate Reviews\",\"isPartOf\":{\"@id\":\"https:\\\/\\\/www.accuratereviews.com\\\/it\\\/#website\"},\"primaryImageOfPage\":{\"@id\":\"https:\\\/\\\/www.accuratereviews.com\\\/it\\\/software-fitness-lista\\\/triib-recensione\\\/#primaryimage\"},\"image\":{\"@id\":\"https:\\\/\\\/www.accuratereviews.com\\\/it\\\/software-fitness-lista\\\/triib-recensione\\\/#primaryimage\"},\"thumbnailUrl\":\"https:\\\/\\\/www.accuratereviews.com\\\/wp-content\\\/uploads\\\/2020\\\/05\\\/Triib.png\",\"datePublished\":\"2020-05-11T10:01:55+00:00\",\"description\":\"Triib: recensione soluzione di gestione delle palestre\u00a0basata su cloud che offre controllo delle presenze, fatturazione automatica e molto altro.\",\"breadcrumb\":{\"@id\":\"https:\\\/\\\/www.accuratereviews.com\\\/it\\\/software-fitness-lista\\\/triib-recensione\\\/#breadcrumb\"},\"inLanguage\":\"it-IT\",\"potentialAction\":[{\"@type\":\"ReadAction\",\"target\":[\"https:\\\/\\\/www.accuratereviews.com\\\/it\\\/software-fitness-lista\\\/triib-recensione\\\/\"]}]},{\"@type\":\"ImageObject\",\"inLanguage\":\"it-IT\",\"@id\":\"https:\\\/\\\/www.accuratereviews.com\\\/it\\\/software-fitness-lista\\\/triib-recensione\\\/#primaryimage\",\"url\":\"https:\\\/\\\/www.accuratereviews.com\\\/wp-content\\\/uploads\\\/2020\\\/05\\\/Triib.png\",\"contentUrl\":\"https:\\\/\\\/www.accuratereviews.com\\\/wp-content\\\/uploads\\\/2020\\\/05\\\/Triib.png\",\"width\":1200,\"height\":630},{\"@type\":\"BreadcrumbList\",\"@id\":\"https:\\\/\\\/www.accuratereviews.com\\\/it\\\/software-fitness-lista\\\/triib-recensione\\\/#breadcrumb\",\"itemListElement\":[{\"@type\":\"ListItem\",\"position\":1,\"name\":\"Home\",\"item\":\"https:\\\/\\\/www.accuratereviews.com\\\/it\\\/\"},{\"@type\":\"ListItem\",\"position\":2,\"name\":\"Software per fitness\",\"item\":\"https:\\\/\\\/www.accuratereviews.com\\\/it\\\/software-fitness-lista\\\/\"},{\"@type\":\"ListItem\",\"position\":3,\"name\":\"Triib\"}]},{\"@type\":\"WebSite\",\"@id\":\"https:\\\/\\\/www.accuratereviews.com\\\/it\\\/#website\",\"url\":\"https:\\\/\\\/www.accuratereviews.com\\\/it\\\/\",\"name\":\"Accurate Reviews\",\"description\":\"\",\"potentialAction\":[{\"@type\":\"SearchAction\",\"target\":{\"@type\":\"EntryPoint\",\"urlTemplate\":\"https:\\\/\\\/www.accuratereviews.com\\\/it\\\/?s={search_term_string}\"},\"query-input\":{\"@type\":\"PropertyValueSpecification\",\"valueRequired\":true,\"valueName\":\"search_term_string\"}}],\"inLanguage\":\"it-IT\"}]}<\/script>\n<!-- \/ Yoast SEO plugin. -->","yoast_head_json":{"title":"Triib: recensione software gestionale per palestre - Accurate Reviews","description":"Triib: recensione soluzione di gestione delle palestre\u00a0basata su cloud che offre controllo delle presenze, fatturazione automatica e molto altro.","robots":{"index":"index","follow":"follow","max-snippet":"max-snippet:-1","max-image-preview":"max-image-preview:large","max-video-preview":"max-video-preview:-1"},"canonical":"https:\/\/www.accuratereviews.com\/it\/software-fitness-lista\/triib-recensione\/","og_locale":"it_IT","og_type":"article","og_title":"Triib: recensione software gestionale per palestre - Accurate Reviews","og_description":"Triib: recensione soluzione di gestione delle palestre\u00a0basata su cloud che offre controllo delle presenze, fatturazione automatica e molto altro.","og_url":"https:\/\/www.accuratereviews.com\/it\/software-fitness-lista\/triib-recensione\/","og_site_name":"Accurate Reviews","og_image":[{"width":1200,"height":630,"url":"https:\/\/www.accuratereviews.com\/wp-content\/uploads\/2020\/05\/Triib.png","type":"image\/png"}],"twitter_card":"summary_large_image","twitter_misc":{"Tempo di lettura stimato":"2 minuti"},"schema":{"@context":"https:\/\/schema.org","@graph":[{"@type":"WebPage","@id":"https:\/\/www.accuratereviews.com\/it\/software-fitness-lista\/triib-recensione\/","url":"https:\/\/www.accuratereviews.com\/it\/software-fitness-lista\/triib-recensione\/","name":"Triib: recensione software gestionale per palestre - Accurate Reviews","isPartOf":{"@id":"https:\/\/www.accuratereviews.com\/it\/#website"},"primaryImageOfPage":{"@id":"https:\/\/www.accuratereviews.com\/it\/software-fitness-lista\/triib-recensione\/#primaryimage"},"image":{"@id":"https:\/\/www.accuratereviews.com\/it\/software-fitness-lista\/triib-recensione\/#primaryimage"},"thumbnailUrl":"https:\/\/www.accuratereviews.com\/wp-content\/uploads\/2020\/05\/Triib.png","datePublished":"2020-05-11T10:01:55+00:00","description":"Triib: recensione soluzione di gestione delle palestre\u00a0basata su cloud che offre controllo delle presenze, fatturazione automatica e molto altro.","breadcrumb":{"@id":"https:\/\/www.accuratereviews.com\/it\/software-fitness-lista\/triib-recensione\/#breadcrumb"},"inLanguage":"it-IT","potentialAction":[{"@type":"ReadAction","target":["https:\/\/www.accuratereviews.com\/it\/software-fitness-lista\/triib-recensione\/"]}]},{"@type":"ImageObject","inLanguage":"it-IT","@id":"https:\/\/www.accuratereviews.com\/it\/software-fitness-lista\/triib-recensione\/#primaryimage","url":"https:\/\/www.accuratereviews.com\/wp-content\/uploads\/2020\/05\/Triib.png","contentUrl":"https:\/\/www.accuratereviews.com\/wp-content\/uploads\/2020\/05\/Triib.png","width":1200,"height":630},{"@type":"BreadcrumbList","@id":"https:\/\/www.accuratereviews.com\/it\/software-fitness-lista\/triib-recensione\/#breadcrumb","itemListElement":[{"@type":"ListItem","position":1,"name":"Home","item":"https:\/\/www.accuratereviews.com\/it\/"},{"@type":"ListItem","position":2,"name":"Software per fitness","item":"https:\/\/www.accuratereviews.com\/it\/software-fitness-lista\/"},{"@type":"ListItem","position":3,"name":"Triib"}]},{"@type":"WebSite","@id":"https:\/\/www.accuratereviews.com\/it\/#website","url":"https:\/\/www.accuratereviews.com\/it\/","name":"Accurate Reviews","description":"","potentialAction":[{"@type":"SearchAction","target":{"@type":"EntryPoint","urlTemplate":"https:\/\/www.accuratereviews.com\/it\/?s={search_term_string}"},"query-input":{"@type":"PropertyValueSpecification","valueRequired":true,"valueName":"search_term_string"}}],"inLanguage":"it-IT"}]}},"_links":{"self":[{"href":"https:\/\/www.accuratereviews.com\/it\/wp-json\/wp\/v2\/pages\/26320","targetHints":{"allow":["GET"]}}],"collection":[{"href":"https:\/\/www.accuratereviews.com\/it\/wp-json\/wp\/v2\/pages"}],"about":[{"href":"https:\/\/www.accuratereviews.com\/it\/wp-json\/wp\/v2\/types\/page"}],"author":[{"embeddable":true,"href":"https:\/\/www.accuratereviews.com\/it\/wp-json\/wp\/v2\/users\/19"}],"replies":[{"embeddable":true,"href":"https:\/\/www.accuratereviews.com\/it\/wp-json\/wp\/v2\/comments?post=26320"}],"version-history":[{"count":6,"href":"https:\/\/www.accuratereviews.com\/it\/wp-json\/wp\/v2\/pages\/26320\/revisions"}],"predecessor-version":[{"id":26360,"href":"https:\/\/www.accuratereviews.com\/it\/wp-json\/wp\/v2\/pages\/26320\/revisions\/26360"}],"up":[{"embeddable":true,"href":"https:\/\/www.accuratereviews.com\/it\/wp-json\/wp\/v2\/pages\/25524"}],"wp:featuredmedia":[{"embeddable":true,"href":"https:\/\/www.accuratereviews.com\/it\/wp-json\/wp\/v2\/media\/26322"}],"wp:attachment":[{"href":"https:\/\/www.accuratereviews.com\/it\/wp-json\/wp\/v2\/media?parent=26320"}],"wp:term":[{"taxonomy":"category","embeddable":true,"href":"https:\/\/www.accuratereviews.com\/it\/wp-json\/wp\/v2\/categories?post=26320"},{"taxonomy":"post_tag","embeddable":true,"href":"https:\/\/www.accuratereviews.com\/it\/wp-json\/wp\/v2\/tags?post=26320"},{"taxonomy":"features","embeddable":true,"href":"https:\/\/www.accuratereviews.com\/it\/wp-json\/wp\/v2\/features?post=26320"}],"curies":[{"name":"wp","href":"https:\/\/api.w.org\/{rel}","templated":true}]}}