{"id":26341,"date":"2020-05-12T07:00:33","date_gmt":"2020-05-12T07:00:33","guid":{"rendered":"https:\/\/www.accuratereviews.com\/?page_id=26341"},"modified":"2020-05-11T09:57:12","modified_gmt":"2020-05-11T09:57:12","slug":"jackrabbit-gymnastics-recensione","status":"publish","type":"page","link":"https:\/\/www.accuratereviews.com\/it\/software-fitness-lista\/jackrabbit-gymnastics-recensione\/","title":{"rendered":"Jackrabbit Gymnastics"},"content":{"rendered":"<p><strong>Jackrabbit Gymnastics<\/strong> \u00e8 un&#8217;<strong>applicazione di gestione delle scuole di ginnastica<\/strong> online fornita da Jackrabbit Technologies. \u00c8 progettato per essere affidabile e robusto, motivo per cui ha una miriade di strumenti e funzionalit\u00e0 appositamente progettati per la gestione di un&#8217;attivit\u00e0 di fitness.\u00a0Con <strong>Jackrabbit Gymnastics<\/strong> puoi dire addio ai sistemi di comunicazione composti. Questo perch\u00e9 ti consente di gestire le tue email e messaggi di testo da un&#8217;unica schermata. Per questo motivo, puoi facilmente tenere traccia delle tue attivit\u00e0 relative alle comunicazioni e assicurarti di aver diffuso informazioni importanti alle persone interessate.\u00a0Il software genera i dati della scuola in tempo reale e li visualizza sulla dashboard permettendoti di individuare le entrate e le uscite. Oltre ad aiutarti a supervisionare i tuoi studenti, la soluzione ti aiuta anche nella gestione del tuo staff. A tal fine, fornisce un portale che promuove una migliore comunicazione con il tuo team. Questo portale consente inoltre di visualizzare le fasce orarie assegnate e le ore registrate, riducendo in tal modo le discrepanze nei registri temporali e negli stipendi.<\/p>\n<h2>JACKRABBIT GYMNASTICS &#8211; TUTORIAL<\/h2>\n<p>Il tutorial mostra una panoramica delle principali funzionalit\u00e0 del <strong>software di gestione delle classi<\/strong> online:<\/p>\n<div id=\"fluid-wrapper-counter-1\" class=\"g1-fluid-wrapper \" style=\"width:686px;\">\n<div style=\"padding-bottom:56.268221574344%;\"><iframe loading=\"lazy\" title=\"Jackrabbit Overview\" width=\"686\" height=\"386\" src=\"https:\/\/www.youtube.com\/embed\/0YMWwzFgQBI?feature=oembed&amp;wmode=transparent&amp;autohide=1&amp;autoplay=0&amp;disablekb=0&amp;fs=1&amp;loop=0&amp;enablejsapi=1&amp;rel=0&amp;controls=2&amp;showinfo=0&amp;wmode=transparent&amp;autohide=2&amp;autoplay=0&amp;disablekb=0&amp;fs=1&amp;loop=0&amp;enablejsapi=1&amp;rel=0&amp;controls=2&amp;showinfo=1\" frameborder=\"0\" allow=\"accelerometer; autoplay; encrypted-media; gyroscope; picture-in-picture\" allowfullscreen><\/iframe><\/div>\n<\/div>\n<p>&nbsp;<\/p>\n<h3>JACKRABBIT GYMNASTICS -CARATTERISTICHE<\/h3>\n<ul>\n<li><strong>Registrazione online<\/strong>: semplifica le tue operazioni e migliora la comodit\u00e0 del cliente eliminando le pratiche burocratiche<\/li>\n<li><strong>Orologio<\/strong>: risparmia tempo e costi dicendo addio ai fogli di carta e automatizzando il calcolo delle ore del personale<\/li>\n<li><strong>Fatturazione e pagamenti<\/strong>: i clienti possono comodamente pagare le tasse online. Niente pi\u00f9 telefonate o pagamenti in ritardo<\/li>\n<li><strong>Punto vendita<\/strong>: il software massimizza l&#8217;efficienza, la funzione e le prestazioni della tua reception<\/li>\n<li><strong>Tracciamento delle abilit\u00e0<\/strong>: gli istruttori possono aggiornare facilmente le abilit\u00e0 degli studenti e avvisare i genitori quando vengono acquisite nuove competenze<\/li>\n<li><strong>Dashboard esecutivo<\/strong>: cambia ci\u00f2 che \u00e8 possibile con strumenti di gestione che categorizzano e organizzano i dati aziendali<\/li>\n<li><strong>QuickBooks<\/strong>: tieni traccia delle entrate giornaliere per ogni categoria e tipo di pagamento e invia i totali delle entrate giornaliere a QuickBooks<\/li>\n<li><strong>Commissioni pagate<\/strong>: visualizza le commissioni pagate per qualsiasi intervallo di date, tasse incluse<\/li>\n<\/ul>\n<h4>LE RECENSIONI DEGLI UTENTI<\/h4>\n<h4 class=\"font-weight-bold my-1 d-flex align-items-center\">Joann B\u00a0&#8220;Il servizio clienti \u00e8 eccellente !!&#8221;<\/h4>\n<p><strong>Commenti: <\/strong>JackRabbit \u00e8 fantastico! Abbiamo iniziato con alcune centinaia di studenti e ora ne abbiamo quasi 2000. JackRabbit \u00e8 stato presente ad ogni passo!<\/p>\n<p><strong>Vantaggi: <\/strong>Adoro che prendano le idee dei clienti! Stanno sempre aggiornando e adattando il sistema alle nostre esigenze. In caso di problemi, l&#8217;assistenza clienti \u00e8 sempre l\u00ec per aiutarti. Il loro FaceBook sembra essere sempre attivo.<\/p>\n<p><strong>Inconvenienti: <\/strong>A volte ci sono dei tempi morti con il sistema, ma raramente. JackRabbit \u00e8 eccezionale nel notificarci \/ avvisarci quando il sistema \u00e8 spento.<\/p>\n<h4 class=\"font-weight-bold my-1 d-flex align-items-center\">Emily E.\u00a0&#8220;Fin qui tutto bene&#8221;<\/h4>\n<p><strong>Commenti: <\/strong>Avere tutte le informazioni e le deroghe dei nostri clienti online e aggiornate \u00e8 stato un tale risparmio di carta (e di tempo)! Anche essere in grado di stampare rotoli di classe con informazioni di emergenza \u00e8 fantastico.<\/p>\n<p><strong>Vantaggi: <\/strong>In questo momento ci sono pi\u00f9 funzionalit\u00e0 di cui stiamo sfruttando, ma tutto ci\u00f2 che volevo implementare ha funzionato bene e il personale di supporto \u00e8 stato eccezionale. Anche l&#8217;avvio \u00e8 stato un gioco da ragazzi.<\/p>\n<p><strong>Inconvenienti: <\/strong>Navigare in alcune aree \/ trovare cose a volte \u00e8 una sfida perch\u00e9 ci sono cos\u00ec tante opzioni e alcune non ci riguardano (modelli di danza \/ nuoto, ecc.). Le funzionalit\u00e0 di ricerca possono anche essere pignole a causa di tutte le opzioni.<\/p>\n<h4 class=\"font-weight-bold my-1 d-flex align-items-center\">Sarah S.&#8221;Ottima compagnia&#8221;<\/h4>\n<p><strong>Vantaggi: <\/strong>Adoro il fatto che tutti i dati siano in un unico posto e che sia facile vedere le visualizzazioni settimanali quando si definiscono i programmi per ogni sessione<\/p>\n<p><strong>Inconvenienti: <\/strong>Vorrei che ci fosse un posto dove mettere le note che sarebbero rimaste per sempre con la persona che le ha messe l\u00ec. Non solo la scheda Varie. Vorrei anche che potessimo farlo in modo che 2 persone diverse ricevessero e-mail quando i clienti si sono registrati.<\/p>\n","protected":false},"excerpt":{"rendered":"<p>Jackrabbit Gymnastics \u00e8 un&#8217;applicazione di gestione delle scuole di ginnastica online fornita da Jackrabbit Technologies. \u00c8 progettato per essere affidabile e robusto, motivo per cui ha una miriade di strumenti e funzionalit\u00e0 appositamente progettati per la gestione di un&#8217;attivit\u00e0 di fitness.<\/p>\n","protected":false},"author":19,"featured_media":26344,"parent":25524,"menu_order":0,"comment_status":"open","ping_status":"closed","template":"g1_template_page_review_new.php","meta":{"_acf_changed":false,"cwp_meta_box_check":"Yes","cwp_rev_product_name":"","cwp_rev_product_image":"","wppr_links":[],"cwp_rev_price":"","wppr_options":[],"wppr_pros":[],"wppr_cons":[],"_monsterinsights_skip_tracking":false,"_monsterinsights_sitenote_active":false,"_monsterinsights_sitenote_note":"","_monsterinsights_sitenote_category":0,"footnotes":""},"categories":[2629],"tags":[2630,2799,2632,2636,2631,2633],"features":[],"class_list":{"0":"post-26341","1":"page","2":"type-page","3":"status-publish","4":"has-post-thumbnail","6":"category-fitness-software","7":"tag-fitness-software","8":"tag-jackrabbit-gymnastics","9":"tag-piattaforma-gestionale-per-palestre","10":"tag-programma-gestionale-per-palestre","11":"tag-software-gestionale-per-palestre","12":"tag-soluzione-gestionale-per-palestre"},"wppr_data":{"cwp_meta_box_check":"Yes","cwp_rev_product_name":"","cwp_rev_product_image":"","cwp_image_link":"image","cwp_rev_price":"","wppr_rating":"0.00"},"acf":[],"yoast_head":"<!-- This site is optimized with the Yoast SEO plugin v27.4 - https:\/\/yoast.com\/product\/yoast-seo-wordpress\/ -->\n<title>Jackrabbit Gymnastics: recensione gestionale palestre - Accurate Reviews<\/title>\n<meta name=\"description\" content=\"Jackrabbit Gymnastics: recensione applicazione di gestione delle scuole di ginnastica online fornita da Jackrabbit Technologies.\" \/>\n<meta name=\"robots\" content=\"index, follow, max-snippet:-1, max-image-preview:large, max-video-preview:-1\" \/>\n<link rel=\"canonical\" href=\"https:\/\/www.accuratereviews.com\/it\/software-fitness-lista\/jackrabbit-gymnastics-recensione\/\" \/>\n<meta property=\"og:locale\" content=\"it_IT\" \/>\n<meta property=\"og:type\" content=\"article\" \/>\n<meta property=\"og:title\" content=\"Jackrabbit Gymnastics: recensione gestionale palestre - Accurate Reviews\" \/>\n<meta property=\"og:description\" content=\"Jackrabbit Gymnastics: recensione applicazione di gestione delle scuole di ginnastica online fornita da Jackrabbit Technologies.\" \/>\n<meta property=\"og:url\" content=\"https:\/\/www.accuratereviews.com\/it\/software-fitness-lista\/jackrabbit-gymnastics-recensione\/\" \/>\n<meta property=\"og:site_name\" content=\"Accurate Reviews\" \/>\n<meta property=\"og:image\" content=\"https:\/\/www.accuratereviews.com\/wp-content\/uploads\/2020\/05\/Jackrabbit.png\" \/>\n\t<meta property=\"og:image:width\" content=\"600\" \/>\n\t<meta property=\"og:image:height\" content=\"321\" \/>\n\t<meta property=\"og:image:type\" content=\"image\/png\" \/>\n<meta name=\"twitter:card\" content=\"summary_large_image\" \/>\n<meta name=\"twitter:label1\" content=\"Tempo di lettura stimato\" \/>\n\t<meta name=\"twitter:data1\" content=\"3 minuti\" \/>\n<script type=\"application\/ld+json\" class=\"yoast-schema-graph\">{\"@context\":\"https:\\\/\\\/schema.org\",\"@graph\":[{\"@type\":\"WebPage\",\"@id\":\"https:\\\/\\\/www.accuratereviews.com\\\/it\\\/software-fitness-lista\\\/jackrabbit-gymnastics-recensione\\\/\",\"url\":\"https:\\\/\\\/www.accuratereviews.com\\\/it\\\/software-fitness-lista\\\/jackrabbit-gymnastics-recensione\\\/\",\"name\":\"Jackrabbit Gymnastics: recensione gestionale palestre - Accurate Reviews\",\"isPartOf\":{\"@id\":\"https:\\\/\\\/www.accuratereviews.com\\\/it\\\/#website\"},\"primaryImageOfPage\":{\"@id\":\"https:\\\/\\\/www.accuratereviews.com\\\/it\\\/software-fitness-lista\\\/jackrabbit-gymnastics-recensione\\\/#primaryimage\"},\"image\":{\"@id\":\"https:\\\/\\\/www.accuratereviews.com\\\/it\\\/software-fitness-lista\\\/jackrabbit-gymnastics-recensione\\\/#primaryimage\"},\"thumbnailUrl\":\"https:\\\/\\\/www.accuratereviews.com\\\/wp-content\\\/uploads\\\/2020\\\/05\\\/Jackrabbit.png\",\"datePublished\":\"2020-05-12T07:00:33+00:00\",\"description\":\"Jackrabbit Gymnastics: recensione applicazione di gestione delle scuole di ginnastica online fornita da Jackrabbit Technologies.\",\"breadcrumb\":{\"@id\":\"https:\\\/\\\/www.accuratereviews.com\\\/it\\\/software-fitness-lista\\\/jackrabbit-gymnastics-recensione\\\/#breadcrumb\"},\"inLanguage\":\"it-IT\",\"potentialAction\":[{\"@type\":\"ReadAction\",\"target\":[\"https:\\\/\\\/www.accuratereviews.com\\\/it\\\/software-fitness-lista\\\/jackrabbit-gymnastics-recensione\\\/\"]}]},{\"@type\":\"ImageObject\",\"inLanguage\":\"it-IT\",\"@id\":\"https:\\\/\\\/www.accuratereviews.com\\\/it\\\/software-fitness-lista\\\/jackrabbit-gymnastics-recensione\\\/#primaryimage\",\"url\":\"https:\\\/\\\/www.accuratereviews.com\\\/wp-content\\\/uploads\\\/2020\\\/05\\\/Jackrabbit.png\",\"contentUrl\":\"https:\\\/\\\/www.accuratereviews.com\\\/wp-content\\\/uploads\\\/2020\\\/05\\\/Jackrabbit.png\",\"width\":600,\"height\":321},{\"@type\":\"BreadcrumbList\",\"@id\":\"https:\\\/\\\/www.accuratereviews.com\\\/it\\\/software-fitness-lista\\\/jackrabbit-gymnastics-recensione\\\/#breadcrumb\",\"itemListElement\":[{\"@type\":\"ListItem\",\"position\":1,\"name\":\"Home\",\"item\":\"https:\\\/\\\/www.accuratereviews.com\\\/it\\\/\"},{\"@type\":\"ListItem\",\"position\":2,\"name\":\"Software per fitness\",\"item\":\"https:\\\/\\\/www.accuratereviews.com\\\/it\\\/software-fitness-lista\\\/\"},{\"@type\":\"ListItem\",\"position\":3,\"name\":\"Jackrabbit Gymnastics\"}]},{\"@type\":\"WebSite\",\"@id\":\"https:\\\/\\\/www.accuratereviews.com\\\/it\\\/#website\",\"url\":\"https:\\\/\\\/www.accuratereviews.com\\\/it\\\/\",\"name\":\"Accurate Reviews\",\"description\":\"\",\"potentialAction\":[{\"@type\":\"SearchAction\",\"target\":{\"@type\":\"EntryPoint\",\"urlTemplate\":\"https:\\\/\\\/www.accuratereviews.com\\\/it\\\/?s={search_term_string}\"},\"query-input\":{\"@type\":\"PropertyValueSpecification\",\"valueRequired\":true,\"valueName\":\"search_term_string\"}}],\"inLanguage\":\"it-IT\"}]}<\/script>\n<!-- \/ Yoast SEO plugin. -->","yoast_head_json":{"title":"Jackrabbit Gymnastics: recensione gestionale palestre - Accurate Reviews","description":"Jackrabbit Gymnastics: recensione applicazione di gestione delle scuole di ginnastica online fornita da Jackrabbit Technologies.","robots":{"index":"index","follow":"follow","max-snippet":"max-snippet:-1","max-image-preview":"max-image-preview:large","max-video-preview":"max-video-preview:-1"},"canonical":"https:\/\/www.accuratereviews.com\/it\/software-fitness-lista\/jackrabbit-gymnastics-recensione\/","og_locale":"it_IT","og_type":"article","og_title":"Jackrabbit Gymnastics: recensione gestionale palestre - Accurate Reviews","og_description":"Jackrabbit Gymnastics: recensione applicazione di gestione delle scuole di ginnastica online fornita da Jackrabbit Technologies.","og_url":"https:\/\/www.accuratereviews.com\/it\/software-fitness-lista\/jackrabbit-gymnastics-recensione\/","og_site_name":"Accurate Reviews","og_image":[{"width":600,"height":321,"url":"https:\/\/www.accuratereviews.com\/wp-content\/uploads\/2020\/05\/Jackrabbit.png","type":"image\/png"}],"twitter_card":"summary_large_image","twitter_misc":{"Tempo di lettura stimato":"3 minuti"},"schema":{"@context":"https:\/\/schema.org","@graph":[{"@type":"WebPage","@id":"https:\/\/www.accuratereviews.com\/it\/software-fitness-lista\/jackrabbit-gymnastics-recensione\/","url":"https:\/\/www.accuratereviews.com\/it\/software-fitness-lista\/jackrabbit-gymnastics-recensione\/","name":"Jackrabbit Gymnastics: recensione gestionale palestre - Accurate Reviews","isPartOf":{"@id":"https:\/\/www.accuratereviews.com\/it\/#website"},"primaryImageOfPage":{"@id":"https:\/\/www.accuratereviews.com\/it\/software-fitness-lista\/jackrabbit-gymnastics-recensione\/#primaryimage"},"image":{"@id":"https:\/\/www.accuratereviews.com\/it\/software-fitness-lista\/jackrabbit-gymnastics-recensione\/#primaryimage"},"thumbnailUrl":"https:\/\/www.accuratereviews.com\/wp-content\/uploads\/2020\/05\/Jackrabbit.png","datePublished":"2020-05-12T07:00:33+00:00","description":"Jackrabbit Gymnastics: recensione applicazione di gestione delle scuole di ginnastica online fornita da Jackrabbit Technologies.","breadcrumb":{"@id":"https:\/\/www.accuratereviews.com\/it\/software-fitness-lista\/jackrabbit-gymnastics-recensione\/#breadcrumb"},"inLanguage":"it-IT","potentialAction":[{"@type":"ReadAction","target":["https:\/\/www.accuratereviews.com\/it\/software-fitness-lista\/jackrabbit-gymnastics-recensione\/"]}]},{"@type":"ImageObject","inLanguage":"it-IT","@id":"https:\/\/www.accuratereviews.com\/it\/software-fitness-lista\/jackrabbit-gymnastics-recensione\/#primaryimage","url":"https:\/\/www.accuratereviews.com\/wp-content\/uploads\/2020\/05\/Jackrabbit.png","contentUrl":"https:\/\/www.accuratereviews.com\/wp-content\/uploads\/2020\/05\/Jackrabbit.png","width":600,"height":321},{"@type":"BreadcrumbList","@id":"https:\/\/www.accuratereviews.com\/it\/software-fitness-lista\/jackrabbit-gymnastics-recensione\/#breadcrumb","itemListElement":[{"@type":"ListItem","position":1,"name":"Home","item":"https:\/\/www.accuratereviews.com\/it\/"},{"@type":"ListItem","position":2,"name":"Software per fitness","item":"https:\/\/www.accuratereviews.com\/it\/software-fitness-lista\/"},{"@type":"ListItem","position":3,"name":"Jackrabbit Gymnastics"}]},{"@type":"WebSite","@id":"https:\/\/www.accuratereviews.com\/it\/#website","url":"https:\/\/www.accuratereviews.com\/it\/","name":"Accurate Reviews","description":"","potentialAction":[{"@type":"SearchAction","target":{"@type":"EntryPoint","urlTemplate":"https:\/\/www.accuratereviews.com\/it\/?s={search_term_string}"},"query-input":{"@type":"PropertyValueSpecification","valueRequired":true,"valueName":"search_term_string"}}],"inLanguage":"it-IT"}]}},"_links":{"self":[{"href":"https:\/\/www.accuratereviews.com\/it\/wp-json\/wp\/v2\/pages\/26341","targetHints":{"allow":["GET"]}}],"collection":[{"href":"https:\/\/www.accuratereviews.com\/it\/wp-json\/wp\/v2\/pages"}],"about":[{"href":"https:\/\/www.accuratereviews.com\/it\/wp-json\/wp\/v2\/types\/page"}],"author":[{"embeddable":true,"href":"https:\/\/www.accuratereviews.com\/it\/wp-json\/wp\/v2\/users\/19"}],"replies":[{"embeddable":true,"href":"https:\/\/www.accuratereviews.com\/it\/wp-json\/wp\/v2\/comments?post=26341"}],"version-history":[{"count":7,"href":"https:\/\/www.accuratereviews.com\/it\/wp-json\/wp\/v2\/pages\/26341\/revisions"}],"predecessor-version":[{"id":26354,"href":"https:\/\/www.accuratereviews.com\/it\/wp-json\/wp\/v2\/pages\/26341\/revisions\/26354"}],"up":[{"embeddable":true,"href":"https:\/\/www.accuratereviews.com\/it\/wp-json\/wp\/v2\/pages\/25524"}],"wp:featuredmedia":[{"embeddable":true,"href":"https:\/\/www.accuratereviews.com\/it\/wp-json\/wp\/v2\/media\/26344"}],"wp:attachment":[{"href":"https:\/\/www.accuratereviews.com\/it\/wp-json\/wp\/v2\/media?parent=26341"}],"wp:term":[{"taxonomy":"category","embeddable":true,"href":"https:\/\/www.accuratereviews.com\/it\/wp-json\/wp\/v2\/categories?post=26341"},{"taxonomy":"post_tag","embeddable":true,"href":"https:\/\/www.accuratereviews.com\/it\/wp-json\/wp\/v2\/tags?post=26341"},{"taxonomy":"features","embeddable":true,"href":"https:\/\/www.accuratereviews.com\/it\/wp-json\/wp\/v2\/features?post=26341"}],"curies":[{"name":"wp","href":"https:\/\/api.w.org\/{rel}","templated":true}]}}