{"id":26442,"date":"2020-05-13T10:32:56","date_gmt":"2020-05-13T10:32:56","guid":{"rendered":"https:\/\/www.accuratereviews.com\/?page_id=26442"},"modified":"2023-09-12T08:35:32","modified_gmt":"2023-09-12T08:35:32","slug":"autofluent-recensione","status":"publish","type":"page","link":"https:\/\/www.accuratereviews.com\/it\/gestionale-per-officine\/autofluent-recensione\/","title":{"rendered":"AutoFluent"},"content":{"rendered":"<p><strong>AutoFluent<\/strong> \u00e8 una <strong>soluzione gestionale per officine<\/strong>\u00a0configurato in modo ottimale per il mercato USA e Canada, questo software di gestione aziendale automobilistica utilizza un portafoglio integrato di strumenti per la gestione delle vendite, della forza lavoro, dell&#8217;inventario, del monitoraggio delle attivit\u00e0 dei clienti, della contabilit\u00e0 e fatturazione e della condivisione dei dati multi-store. In pi\u00f9 permette a negozi e magazzini di creare e tracciare vari servizi, gestire contatti, ordini di lavoro e rapporti sullo stato. Supporta anche la scansione di codici a barre di inventario e VIN (numeri di identificazione del veicolo). Con le funzionalit\u00e0 di gestione multi-posizione, <strong>AutoFluent<\/strong> consente ai proprietari di pi\u00f9 negozi di visualizzare, trasferire e gestire l&#8217;inventario in pi\u00f9 posizioni. Fornisce inoltre supporto per modelli personalizzabili per l&#8217;email marketing e strumenti per la gestione delle esigenze di fatturazione e reporting complete dell&#8217;azienda.<\/p>\n<h2>AUTOFLUENT &#8211; TUTORIAL<\/h2>\n<p>Il tutorial che segue mostra come creare il tuo inventario con questo <strong>software gestionale per officine<\/strong>:<\/p>\n<div id=\"fluid-wrapper-counter-1\" class=\"g1-fluid-wrapper \" style=\"width:686px;\">\n<div style=\"padding-bottom:56.268221574344%;\"><iframe loading=\"lazy\" title=\"CREATING INVENTORY ITEMS\" width=\"686\" height=\"386\" src=\"https:\/\/www.youtube.com\/embed\/jCfF5oQB1ds?feature=oembed&amp;wmode=transparent&amp;autohide=1&amp;autoplay=0&amp;disablekb=0&amp;fs=1&amp;loop=0&amp;enablejsapi=1&amp;rel=0&amp;controls=2&amp;showinfo=0&amp;wmode=transparent&amp;autohide=2&amp;autoplay=0&amp;disablekb=0&amp;fs=1&amp;loop=0&amp;enablejsapi=1&amp;rel=0&amp;controls=2&amp;showinfo=1\" frameborder=\"0\" allow=\"accelerometer; autoplay; clipboard-write; encrypted-media; gyroscope; picture-in-picture; web-share\" allowfullscreen><\/iframe><\/div>\n<\/div>\n<h2>AUTOFLUENT &#8211; CARATTERISTICHE<\/h2>\n<ul>\n<li>Utilizzare i dati CARFAX per caricare i dati del veicolo con una targa o VIN, visualizzare la cronologia dei servizi del veicolo e ricevere notifiche di richiami aperti<\/li>\n<li>Scansione con codice a barre di inventario e VIN<\/li>\n<li>Crea e traccia i servizi consigliati per ogni veicolo, inviando promemoria via email<\/li>\n<li>Tieni traccia dei profitti all&#8217;interno di un ordine di lavoro e assicurati che siano soddisfatti i margini minimi<\/li>\n<li>Ricerca del modello del veicolo e delle dimensioni dei pneumatici<\/li>\n<li>Fatturazione con dispositivi di acquisizione delle firme<\/li>\n<li>Tieni traccia e segnala i referral per valutare l&#8217;efficacia dei tuoi mezzi pubblicitari<\/li>\n<li>Integrazione diretta con centinaia di fornitori di componenti diversi negli Stati Uniti e in Canada tramite NAPA, Nexpart, WorldPac, Epicor, IAP e altri<\/li>\n<li>Ordinazione di pneumatici con ATD, TCI, Max Finkelstein e molti altri<\/li>\n<li>Traccia gli acquisti esterni, creando automaticamente le fatture<\/li>\n<li>Importa le schede dei prezzi dei prodotti del fornitore per una facile ricerca, immissione dell&#8217;ordine<\/li>\n<li>Visualizza, trasferisci e gestisci l&#8217;inventario su pi\u00f9 posizioni<\/li>\n<li>Invia gli ordini di acquisto direttamente ai fornitori<\/li>\n<li>Rifornisci il tuo inventario con la generazione di ordini di acquisto e persino ordini automatici per alcuni fornitori<\/li>\n<li>Vendi prodotti tramite siti web di eCommerce, B2B ecc<\/li>\n<li>Automazione dell&#8217;email marketing con modelli personalizzati e filtri avanzati<\/li>\n<li>Trova i clienti per nome, telefono, indirizzo, veicolo o numero di fattura<\/li>\n<li>Rivedi la storia dei clienti e dei veicoli in modo rapido e semplice<\/li>\n<li>Gli avvisi verranno visualizzati per i clienti scaduti o in ritardo e possono essere assegnati ai clienti, da mostrare all&#8217;apertura delle transazioni<\/li>\n<li>Stampa etichette postali in base alle informazioni o agli acquisti dell&#8217;azienda<\/li>\n<li>Fornisci accessi ai clienti per fare acquisti nel tuo negozio online<\/li>\n<li>Gestisci gli orario dei dipendenti e tiene traccia di orari, festivit\u00e0 e straordinari<\/li>\n<li>Metodi di tracciamento meccanico multipli, incluso il clock in e out di lavori<\/li>\n<li>Opzioni di commissione multilivello sofisticate con reportistica completa<\/li>\n<li>Genera report per monitorare l&#8217;efficienza e la produttivit\u00e0 dei tuoi meccanici e rappresentanti di vendita<\/li>\n<li>Esporta le vendite e acquista i totali in QuickBooks, Sage 50 (USA e Canada), Simply Accounting o CSV<\/li>\n<li>Il modulo Audit ti consente di visualizzare in dettaglio come ogni transazione viene registrata nella contabilit\u00e0 generale<\/li>\n<li>Reporting e monitoraggio delle vendite consolidati: confronta i profitti, i progressi verso gli obiettivi di vendita e le vendite suddivise in categorie personalizzabili<\/li>\n<li>Visualizza, trasferisci e gestisci l&#8217;inventario su pi\u00f9 posizioni<\/li>\n<li>Gestisci localit\u00e0 in diversi fusi orari<\/li>\n<li>Concedi a ciascun dipendente diritti e autorizzazioni specifici in ogni sede<\/li>\n<li>Sito web personalizzabile per la tua azienda<\/li>\n<li>Mostra cronologia fatture cliente<\/li>\n<\/ul>\n<h4>LE RECENSIONI DEGLI UTENTI<\/h4>\n<h4 class=\"font-weight-bold my-1 d-flex align-items-center\">Theresa W.\u00a0&#8220;UTENTE&#8221;<\/h4>\n<p><strong>Commenti: <\/strong>Abbiamo iniziato a utilizzare i libri rapidi prima di utilizzare Auto Fluent. Devo dire che questo software ha pi\u00f9 usi.<\/p>\n<p><strong>Vantaggi: <\/strong>Mi piace la facilit\u00e0 con cui utilizzare il prodotto. \u00c8 stato molto utile Ci sono molte informazioni da usare su questo software che aiutano a renderlo comprensibile per il dipendente e il cliente.<\/p>\n<p><strong>Inconvenienti: <\/strong>\u00c8 utile disporre di personale che impiega del tempo per aiutarci a comprendere le parti del prodotto che stiamo utilizzando. Ci sono molte informazioni in questo software che abbiamo appena imparato ad usare. Grazie a tutti gli altri che hanno fatto di tutto per aiutarci a capire meglio come utilizzare il software. \u00c8 molto apprezzato<\/p>\n<h4 class=\"font-weight-bold my-1 d-flex align-items-center\">Belinda G.&#8221;Il migliore&#8221;<\/h4>\n<p><strong>Commenti: <\/strong>Il migliore in assoluto! Il team di supporto \u00e8 molto gentile nel parlare<\/p>\n<p><strong>Vantaggi: <\/strong>Il miglior programma finora. Ho avuto tutto ci\u00f2 di cui avevo bisogno per la mia attivit\u00e0. Aveva anche alcune cose extra che non avevo mai avuto prima e ora che lo sto usando non posso farne a meno.<\/p>\n<p><strong>Inconvenienti: <\/strong>Propongo di creare\u00a0tutorial per le persone testarde come me che cercano di fare tutto da solo<\/p>\n","protected":false},"excerpt":{"rendered":"<p>AutoFluent \u00e8 una soluzione gestionale per officine\u00a0configurato in modo ottimale per il mercato USA e Canada, questo software di gestione aziendale automobilistica utilizza un portafoglio integrato di strumenti per la gestione delle vendite, della forza lavoro, dell&#8217;inventario, del monitoraggio delle attivit\u00e0 dei clienti, della contabilit\u00e0 e fatturazione e della condivisione dei dati multi-store.<\/p>\n","protected":false},"author":19,"featured_media":26447,"parent":26440,"menu_order":0,"comment_status":"open","ping_status":"closed","template":"g1_template_page_review_new.php","meta":{"_acf_changed":false,"cwp_meta_box_check":"Yes","cwp_rev_product_name":"","cwp_rev_product_image":"","wppr_links":[],"cwp_rev_price":"","wppr_options":[{"name":"Usability","value":"0"},{"name":"Speed","value":"0"},{"name":"Features","value":"0"},{"name":"Support","value":"0"},{"name":"Pricing","value":"0"}],"wppr_pros":["","","","",""],"wppr_cons":["","","","",""],"_monsterinsights_skip_tracking":false,"_monsterinsights_sitenote_active":false,"_monsterinsights_sitenote_note":"","_monsterinsights_sitenote_category":0,"footnotes":""},"categories":[2818],"tags":[2819,2822,2823,2820,2821],"features":[],"class_list":{"0":"post-26442","1":"page","2":"type-page","3":"status-publish","4":"has-post-thumbnail","6":"category-gestionale-per-officine-cat","7":"tag-auto-repair","8":"tag-piattaforma-gestionale-per-officine","9":"tag-programma-gestionale-per-officine","10":"tag-software-gestionale-per-officine","11":"tag-soluzione-gestionale-per-officine"},"wppr_data":{"cwp_meta_box_check":"Yes","cwp_rev_product_name":"","_wppr_review_template":"default","cwp_rev_product_image":"","cwp_image_link":"image","wppr_links":[],"cwp_rev_price":"","wppr_pros":["","","","",""],"wppr_cons":["","","","",""],"wppr_rating":"0.00","wppr_options":{"1":{"name":"Usability","value":"0"},"2":{"name":"Speed","value":"0"},"3":{"name":"Features","value":"0"},"4":{"name":"Support","value":"0"},"5":{"name":"Pricing","value":"0"}},"wppr_review_type":"Product","wppr_review_custom_fields":{"additionalProperty":"","additionalType":"","aggregateRating":"","alternateName":"","audience":"","award":"","awards":"","brand":"","color":"","depth":"","description":"","disambiguatingDescription":"","gtin12":"","gtin13":"","gtin14":"","gtin8":"","height":"","identifier":"","image":"","isAccessoryOrSparePartFor":"","isConsumableFor":"","isRelatedTo":"","isSimilarTo":"","itemCondition":"","logo":"","mainEntityOfPage":"","manufacturer":"","material":"","model":"","mpn":"","name":"","offers":"","potentialAction":"","productID":"","productionDate":"","purchaseDate":"","releaseDate":"","review":"","reviews":"","sameAs":"","sku":"","slogan":"","subjectOf":"","url":"","weight":"","width":""}},"acf":[],"yoast_head":"<!-- This site is optimized with the Yoast SEO plugin v27.4 - https:\/\/yoast.com\/product\/yoast-seo-wordpress\/ -->\n<title>AutoFluent: recensione software gestionale per officine - Accurate Reviews<\/title>\n<meta name=\"description\" content=\"AutoFluent: recensione soluzione gestionale per officine\u00a0utilizza strumenti per la gestione delle vendite, della forza lavoro, inventario ecc ecc\" \/>\n<meta name=\"robots\" content=\"index, follow, max-snippet:-1, max-image-preview:large, max-video-preview:-1\" \/>\n<link rel=\"canonical\" href=\"https:\/\/www.accuratereviews.com\/it\/gestionale-per-officine\/autofluent-recensione\/\" \/>\n<meta property=\"og:locale\" content=\"it_IT\" \/>\n<meta property=\"og:type\" content=\"article\" \/>\n<meta property=\"og:title\" content=\"AutoFluent: recensione software gestionale per officine - Accurate Reviews\" \/>\n<meta property=\"og:description\" content=\"AutoFluent: recensione soluzione gestionale per officine\u00a0utilizza strumenti per la gestione delle vendite, della forza lavoro, inventario ecc ecc\" \/>\n<meta property=\"og:url\" content=\"https:\/\/www.accuratereviews.com\/it\/gestionale-per-officine\/autofluent-recensione\/\" \/>\n<meta property=\"og:site_name\" content=\"Accurate Reviews\" \/>\n<meta property=\"article:modified_time\" content=\"2023-09-12T08:35:32+00:00\" \/>\n<meta property=\"og:image\" content=\"https:\/\/www.accuratereviews.com\/wp-content\/uploads\/2020\/05\/AutoFluent.png\" \/>\n\t<meta property=\"og:image:width\" content=\"750\" \/>\n\t<meta property=\"og:image:height\" content=\"202\" \/>\n\t<meta property=\"og:image:type\" content=\"image\/png\" \/>\n<meta name=\"twitter:card\" content=\"summary_large_image\" \/>\n<meta name=\"twitter:label1\" content=\"Tempo di lettura stimato\" \/>\n\t<meta name=\"twitter:data1\" content=\"5 minuti\" \/>\n<script type=\"application\/ld+json\" class=\"yoast-schema-graph\">{\"@context\":\"https:\\\/\\\/schema.org\",\"@graph\":[{\"@type\":\"WebPage\",\"@id\":\"https:\\\/\\\/www.accuratereviews.com\\\/it\\\/gestionale-per-officine\\\/autofluent-recensione\\\/\",\"url\":\"https:\\\/\\\/www.accuratereviews.com\\\/it\\\/gestionale-per-officine\\\/autofluent-recensione\\\/\",\"name\":\"AutoFluent: recensione software gestionale per officine - Accurate Reviews\",\"isPartOf\":{\"@id\":\"https:\\\/\\\/www.accuratereviews.com\\\/it\\\/#website\"},\"primaryImageOfPage\":{\"@id\":\"https:\\\/\\\/www.accuratereviews.com\\\/it\\\/gestionale-per-officine\\\/autofluent-recensione\\\/#primaryimage\"},\"image\":{\"@id\":\"https:\\\/\\\/www.accuratereviews.com\\\/it\\\/gestionale-per-officine\\\/autofluent-recensione\\\/#primaryimage\"},\"thumbnailUrl\":\"https:\\\/\\\/www.accuratereviews.com\\\/wp-content\\\/uploads\\\/2020\\\/05\\\/AutoFluent.png\",\"datePublished\":\"2020-05-13T10:32:56+00:00\",\"dateModified\":\"2023-09-12T08:35:32+00:00\",\"description\":\"AutoFluent: recensione soluzione gestionale per officine\u00a0utilizza strumenti per la gestione delle vendite, della forza lavoro, inventario ecc ecc\",\"breadcrumb\":{\"@id\":\"https:\\\/\\\/www.accuratereviews.com\\\/it\\\/gestionale-per-officine\\\/autofluent-recensione\\\/#breadcrumb\"},\"inLanguage\":\"it-IT\",\"potentialAction\":[{\"@type\":\"ReadAction\",\"target\":[\"https:\\\/\\\/www.accuratereviews.com\\\/it\\\/gestionale-per-officine\\\/autofluent-recensione\\\/\"]}]},{\"@type\":\"ImageObject\",\"inLanguage\":\"it-IT\",\"@id\":\"https:\\\/\\\/www.accuratereviews.com\\\/it\\\/gestionale-per-officine\\\/autofluent-recensione\\\/#primaryimage\",\"url\":\"https:\\\/\\\/www.accuratereviews.com\\\/wp-content\\\/uploads\\\/2020\\\/05\\\/AutoFluent.png\",\"contentUrl\":\"https:\\\/\\\/www.accuratereviews.com\\\/wp-content\\\/uploads\\\/2020\\\/05\\\/AutoFluent.png\",\"width\":750,\"height\":202},{\"@type\":\"BreadcrumbList\",\"@id\":\"https:\\\/\\\/www.accuratereviews.com\\\/it\\\/gestionale-per-officine\\\/autofluent-recensione\\\/#breadcrumb\",\"itemListElement\":[{\"@type\":\"ListItem\",\"position\":1,\"name\":\"Home\",\"item\":\"https:\\\/\\\/www.accuratereviews.com\\\/it\\\/\"},{\"@type\":\"ListItem\",\"position\":2,\"name\":\"Gestionale per officine\",\"item\":\"https:\\\/\\\/www.accuratereviews.com\\\/it\\\/gestionale-per-officine\\\/\"},{\"@type\":\"ListItem\",\"position\":3,\"name\":\"AutoFluent\"}]},{\"@type\":\"WebSite\",\"@id\":\"https:\\\/\\\/www.accuratereviews.com\\\/it\\\/#website\",\"url\":\"https:\\\/\\\/www.accuratereviews.com\\\/it\\\/\",\"name\":\"Accurate Reviews\",\"description\":\"\",\"potentialAction\":[{\"@type\":\"SearchAction\",\"target\":{\"@type\":\"EntryPoint\",\"urlTemplate\":\"https:\\\/\\\/www.accuratereviews.com\\\/it\\\/?s={search_term_string}\"},\"query-input\":{\"@type\":\"PropertyValueSpecification\",\"valueRequired\":true,\"valueName\":\"search_term_string\"}}],\"inLanguage\":\"it-IT\"}]}<\/script>\n<!-- \/ Yoast SEO plugin. -->","yoast_head_json":{"title":"AutoFluent: recensione software gestionale per officine - Accurate Reviews","description":"AutoFluent: recensione soluzione gestionale per officine\u00a0utilizza strumenti per la gestione delle vendite, della forza lavoro, inventario ecc ecc","robots":{"index":"index","follow":"follow","max-snippet":"max-snippet:-1","max-image-preview":"max-image-preview:large","max-video-preview":"max-video-preview:-1"},"canonical":"https:\/\/www.accuratereviews.com\/it\/gestionale-per-officine\/autofluent-recensione\/","og_locale":"it_IT","og_type":"article","og_title":"AutoFluent: recensione software gestionale per officine - Accurate Reviews","og_description":"AutoFluent: recensione soluzione gestionale per officine\u00a0utilizza strumenti per la gestione delle vendite, della forza lavoro, inventario ecc ecc","og_url":"https:\/\/www.accuratereviews.com\/it\/gestionale-per-officine\/autofluent-recensione\/","og_site_name":"Accurate Reviews","article_modified_time":"2023-09-12T08:35:32+00:00","og_image":[{"width":750,"height":202,"url":"https:\/\/www.accuratereviews.com\/wp-content\/uploads\/2020\/05\/AutoFluent.png","type":"image\/png"}],"twitter_card":"summary_large_image","twitter_misc":{"Tempo di lettura stimato":"5 minuti"},"schema":{"@context":"https:\/\/schema.org","@graph":[{"@type":"WebPage","@id":"https:\/\/www.accuratereviews.com\/it\/gestionale-per-officine\/autofluent-recensione\/","url":"https:\/\/www.accuratereviews.com\/it\/gestionale-per-officine\/autofluent-recensione\/","name":"AutoFluent: recensione software gestionale per officine - Accurate Reviews","isPartOf":{"@id":"https:\/\/www.accuratereviews.com\/it\/#website"},"primaryImageOfPage":{"@id":"https:\/\/www.accuratereviews.com\/it\/gestionale-per-officine\/autofluent-recensione\/#primaryimage"},"image":{"@id":"https:\/\/www.accuratereviews.com\/it\/gestionale-per-officine\/autofluent-recensione\/#primaryimage"},"thumbnailUrl":"https:\/\/www.accuratereviews.com\/wp-content\/uploads\/2020\/05\/AutoFluent.png","datePublished":"2020-05-13T10:32:56+00:00","dateModified":"2023-09-12T08:35:32+00:00","description":"AutoFluent: recensione soluzione gestionale per officine\u00a0utilizza strumenti per la gestione delle vendite, della forza lavoro, inventario ecc ecc","breadcrumb":{"@id":"https:\/\/www.accuratereviews.com\/it\/gestionale-per-officine\/autofluent-recensione\/#breadcrumb"},"inLanguage":"it-IT","potentialAction":[{"@type":"ReadAction","target":["https:\/\/www.accuratereviews.com\/it\/gestionale-per-officine\/autofluent-recensione\/"]}]},{"@type":"ImageObject","inLanguage":"it-IT","@id":"https:\/\/www.accuratereviews.com\/it\/gestionale-per-officine\/autofluent-recensione\/#primaryimage","url":"https:\/\/www.accuratereviews.com\/wp-content\/uploads\/2020\/05\/AutoFluent.png","contentUrl":"https:\/\/www.accuratereviews.com\/wp-content\/uploads\/2020\/05\/AutoFluent.png","width":750,"height":202},{"@type":"BreadcrumbList","@id":"https:\/\/www.accuratereviews.com\/it\/gestionale-per-officine\/autofluent-recensione\/#breadcrumb","itemListElement":[{"@type":"ListItem","position":1,"name":"Home","item":"https:\/\/www.accuratereviews.com\/it\/"},{"@type":"ListItem","position":2,"name":"Gestionale per officine","item":"https:\/\/www.accuratereviews.com\/it\/gestionale-per-officine\/"},{"@type":"ListItem","position":3,"name":"AutoFluent"}]},{"@type":"WebSite","@id":"https:\/\/www.accuratereviews.com\/it\/#website","url":"https:\/\/www.accuratereviews.com\/it\/","name":"Accurate Reviews","description":"","potentialAction":[{"@type":"SearchAction","target":{"@type":"EntryPoint","urlTemplate":"https:\/\/www.accuratereviews.com\/it\/?s={search_term_string}"},"query-input":{"@type":"PropertyValueSpecification","valueRequired":true,"valueName":"search_term_string"}}],"inLanguage":"it-IT"}]}},"_links":{"self":[{"href":"https:\/\/www.accuratereviews.com\/it\/wp-json\/wp\/v2\/pages\/26442","targetHints":{"allow":["GET"]}}],"collection":[{"href":"https:\/\/www.accuratereviews.com\/it\/wp-json\/wp\/v2\/pages"}],"about":[{"href":"https:\/\/www.accuratereviews.com\/it\/wp-json\/wp\/v2\/types\/page"}],"author":[{"embeddable":true,"href":"https:\/\/www.accuratereviews.com\/it\/wp-json\/wp\/v2\/users\/19"}],"replies":[{"embeddable":true,"href":"https:\/\/www.accuratereviews.com\/it\/wp-json\/wp\/v2\/comments?post=26442"}],"version-history":[{"count":8,"href":"https:\/\/www.accuratereviews.com\/it\/wp-json\/wp\/v2\/pages\/26442\/revisions"}],"predecessor-version":[{"id":71847,"href":"https:\/\/www.accuratereviews.com\/it\/wp-json\/wp\/v2\/pages\/26442\/revisions\/71847"}],"up":[{"embeddable":true,"href":"https:\/\/www.accuratereviews.com\/it\/wp-json\/wp\/v2\/pages\/26440"}],"wp:featuredmedia":[{"embeddable":true,"href":"https:\/\/www.accuratereviews.com\/it\/wp-json\/wp\/v2\/media\/26447"}],"wp:attachment":[{"href":"https:\/\/www.accuratereviews.com\/it\/wp-json\/wp\/v2\/media?parent=26442"}],"wp:term":[{"taxonomy":"category","embeddable":true,"href":"https:\/\/www.accuratereviews.com\/it\/wp-json\/wp\/v2\/categories?post=26442"},{"taxonomy":"post_tag","embeddable":true,"href":"https:\/\/www.accuratereviews.com\/it\/wp-json\/wp\/v2\/tags?post=26442"},{"taxonomy":"features","embeddable":true,"href":"https:\/\/www.accuratereviews.com\/it\/wp-json\/wp\/v2\/features?post=26442"}],"curies":[{"name":"wp","href":"https:\/\/api.w.org\/{rel}","templated":true}]}}