{"id":26458,"date":"2020-05-13T10:34:51","date_gmt":"2020-05-13T10:34:51","guid":{"rendered":"https:\/\/www.accuratereviews.com\/?page_id=26458"},"modified":"2023-09-12T09:09:09","modified_gmt":"2023-09-12T09:09:09","slug":"autoshop-recensione","status":"publish","type":"page","link":"https:\/\/www.accuratereviews.com\/it\/gestionale-per-officine\/autoshop-recensione\/","title":{"rendered":"AutoShop"},"content":{"rendered":"<p><strong>AutoShop<\/strong> \u00e8 una <strong>soluzione gestionale per officine<\/strong> automatica che serve piccole e medie imprese nel settore automobilistico.\u00a0Le funzionalit\u00e0 principali includono la gestione degli ordini di lavoro, il monitoraggio dei clienti e dei veicoli, la cronologia dei servizi, la pianificazione e la contabilit\u00e0 con drag-and-drop. Altri strumenti fondamentali di questo software sono gestione dell&#8217;inventario, fatturazione, analisi dei profitti, rapporti di gestione, ricerca avanzata, promemoria ed elaborazione delle carte di credito. Offre l&#8217;integrazione con <strong>QuickBooks, Peachtree, Quicken, X-Charge<\/strong> e altre soluzioni. L&#8217;assistenza clienti \u00e8 disponibile per telefono, assistenza remota ed email. Dotato di applicazioni per dispositivi mobili per poter effettuare la scansione dei codici a barre per l&#8217;identificazione del veicolo (VIN).<\/p>\n<h2>AUTOSHOP &#8211; TUTORIAL<\/h2>\n<p>Guardiamo insieme questo tutorial per imparare come utilizzare al meglio questo<strong> software gestionale per officine<\/strong>:<\/p>\n<div id=\"fluid-wrapper-counter-1\" class=\"g1-fluid-wrapper \" style=\"width:686px;\">\n<div style=\"padding-bottom:56.268221574344%;\"><iframe loading=\"lazy\" title=\"Auto Shop Management Software - Workshop Software for Auto Shops to get more profitable\" width=\"686\" height=\"386\" src=\"https:\/\/www.youtube.com\/embed\/4PsOaEgby7E?feature=oembed&amp;wmode=transparent&amp;autohide=1&amp;autoplay=0&amp;disablekb=0&amp;fs=1&amp;loop=0&amp;enablejsapi=1&amp;rel=0&amp;controls=2&amp;showinfo=0&amp;wmode=transparent&amp;autohide=2&amp;autoplay=0&amp;disablekb=0&amp;fs=1&amp;loop=0&amp;enablejsapi=1&amp;rel=0&amp;controls=2&amp;showinfo=1\" frameborder=\"0\" allow=\"accelerometer; autoplay; clipboard-write; encrypted-media; gyroscope; picture-in-picture; web-share\" allowfullscreen><\/iframe><\/div>\n<\/div>\n<h3>AUTOSHOP &#8211; CARATTERISTICHE<\/h3>\n<ul>\n<li><strong>Scrivi ordini di lavoro<\/strong>: la funzione di compilazione automatica inserisce il nome del cliente durante la digitazione. risparmiando tempo e denaro<\/li>\n<li><strong>Funzionalit\u00e0 di marketing integrate<\/strong>: semplifica l&#8217;invio di promemoria, il targeting di clienti selezionati, la creazione di mailer e molto altro<\/li>\n<li><strong>Winworks Mobile<\/strong>: scansiona i VIN e avvia l&#8217;ordine di lavoro dal veicolo.<\/li>\n<li><strong>Traccia clienti, veicoli e altro<\/strong>: che si tratti di clienti o veicoli, fornitori o dipendenti, la soluzione semplifica la gestione di tutti i tuoi elenchi<\/li>\n<li><strong>Inventario<\/strong> : il sistema di inventario offre le funzionalit\u00e0 di cui hai bisogno per gestire livelli di scorte, vendite e acquisti di parti<\/li>\n<li><strong>Ispezioni del veicolo di un cliente<\/strong>: ti consente di eseguire ispezioni senza soluzione di continuit\u00e0 e rapidamente sul veicolo di un cliente<\/li>\n<li><strong>Mantieni cronologie di servizio<\/strong>: visualizza automaticamente un elenco di servizi, la data di esecuzione del servizio, la lettura del contachilometri e la data e il chilometraggio alla scadenza del servizio<\/li>\n<li><strong>Contabilit\u00e0 integrata<\/strong>: i\u00a0rapporti contabili rivelano le informazioni chiave su funzionamento e redditivit\u00e0 e si integrano con Quickbook e PeachTree<\/li>\n<\/ul>\n<h4>LE RECENSIONE DEGLI UTENTI<\/h4>\n<h4 class=\"font-weight-bold my-1 d-flex align-items-center\">Harold J.&#8221;Migliore assistenza clienti&#8221;<\/h4>\n<p><strong>Commenti: <\/strong>Uno degli strumenti pi\u00f9 potenti con qualsiasi software \u00e8 la capacit\u00e0 di costruire kit o lavori su misura per risparmiare tempo sul lavoro successivo.<\/p>\n<p><strong>Vantaggi: <\/strong>Questo programma \u00e8 stato con me per oltre 10 anni. \u00c8 abbastanza stabile e ha pi\u00f9 funzioni di quelle che uso normalmente, quindi probabilmente crescer\u00e0 con le tue esigenze. Sono consentiti pi\u00f9 terminali, opzioni di marketing e di follow-up e il loro servizio clienti \u00e8 eccellente in caso di domande o problemi<\/p>\n<p><strong>Inconvenienti: <\/strong>Come ogni sistema, avrai bisogno di un po &#8216;di tempo per abituarti a come funziona. Ma di solito l&#8217;ho trovato abbastanza intuitivo.<\/p>\n<h4 class=\"font-weight-bold my-1 d-flex align-items-center\">Richard J.&#8221;Ottimo software con assistenza eccellente&#8221;<\/h4>\n<p><strong>Commenti: <\/strong>Stavo cercando di passare da un computer a uno nuovo. Ero in completa perdita. CSR era eccezionale con il suo servizio clienti. Mi ha parlato in un modo che potevo capire. Continuer\u00f2 a utilizzare Winworks finch\u00e9 possiedo il mio negozio.<\/p>\n<p><strong>Vantaggi: <\/strong>La CSR era estremamente professionale e amichevole. Mi ha accompagnato attraverso tutti i passaggi necessari per iniziare. Si \u00e8 preso il suo tempo per aiutarmi a capire cosa stavamo facendo. Ha spiegato tutto in un modo che potevo capire. \u00c8 molto facile navigare. L&#8217;immissione di dati e informazioni sui clienti \u00e8 estremamente semplice e intuitiva.<\/p>\n<p><strong>Inconvenienti: <\/strong>Onestamente non ho lamentele con il software. \u00c8 cos\u00ec facile da usare. Non sono una persona molto tecnica e posso navigare facilmente nel sistema.<\/p>\n<h4 class=\"font-weight-bold my-1 d-flex align-items-center\">William P.&#8221;SERVIZIO ECCELLENTE!!!!!!!!! A ++&#8221;<\/h4>\n<p><strong>Commenti: Ottimo\u00a0<\/strong>Ottimo serio client. Utente da pi\u00f9 di 15 anni!!!<\/p>\n<p><strong>Vantaggi: <\/strong>Facile da usare, facile da effettuare cambiamenti ai clienti e alle loro auto.<\/p>\n<p><strong>Inconvenienti: <\/strong>Penso a qualcosa di negativo ma niente mi piace tutto.<\/p>\n","protected":false},"excerpt":{"rendered":"<p>AutoShop \u00e8 una soluzione gestionale per officine automatica che serve piccole e medie imprese nel settore automobilistico.\u00a0Le funzionalit\u00e0 principali includono la gestione degli ordini di lavoro, il monitoraggio dei clienti e dei veicoli, la cronologia dei servizi, la pianificazione e la contabilit\u00e0 con drag-and-drop. Altri strumenti fondamentali di questo software sono gestione dell&#8217;inventario, fatturazione, analisi dei profitti, rapporti di gestione, ricerca avanzata, promemoria ed elaborazione delle carte di credito.<\/p>\n","protected":false},"author":19,"featured_media":26459,"parent":26440,"menu_order":0,"comment_status":"open","ping_status":"closed","template":"g1_template_page_review_new.php","meta":{"_acf_changed":false,"cwp_meta_box_check":"Yes","cwp_rev_product_name":"","cwp_rev_product_image":"","wppr_links":[],"cwp_rev_price":"","wppr_options":[{"name":"Usability","value":"0"},{"name":"Speed","value":"0"},{"name":"Features","value":"0"},{"name":"Support","value":"0"},{"name":"Pricing","value":"0"}],"wppr_pros":["","","","",""],"wppr_cons":["","","","",""],"_monsterinsights_skip_tracking":false,"_monsterinsights_sitenote_active":false,"_monsterinsights_sitenote_note":"","_monsterinsights_sitenote_category":0,"footnotes":""},"categories":[2818],"tags":[2824,2819,2822,2823,2820,2821],"features":[],"class_list":{"0":"post-26458","1":"page","2":"type-page","3":"status-publish","4":"has-post-thumbnail","6":"category-gestionale-per-officine-cat","7":"tag-auto-management-software","8":"tag-auto-repair","9":"tag-piattaforma-gestionale-per-officine","10":"tag-programma-gestionale-per-officine","11":"tag-software-gestionale-per-officine","12":"tag-soluzione-gestionale-per-officine"},"wppr_data":{"cwp_meta_box_check":"Yes","cwp_rev_product_name":"","_wppr_review_template":"default","cwp_rev_product_image":"","cwp_image_link":"image","wppr_links":[],"cwp_rev_price":"","wppr_pros":["","","","",""],"wppr_cons":["","","","",""],"wppr_rating":"0.00","wppr_options":{"1":{"name":"Usability","value":"0"},"2":{"name":"Speed","value":"0"},"3":{"name":"Features","value":"0"},"4":{"name":"Support","value":"0"},"5":{"name":"Pricing","value":"0"}},"wppr_review_type":"Product","wppr_review_custom_fields":{"additionalProperty":"","additionalType":"","aggregateRating":"","alternateName":"","audience":"","award":"","awards":"","brand":"","color":"","depth":"","description":"","disambiguatingDescription":"","gtin12":"","gtin13":"","gtin14":"","gtin8":"","height":"","identifier":"","image":"","isAccessoryOrSparePartFor":"","isConsumableFor":"","isRelatedTo":"","isSimilarTo":"","itemCondition":"","logo":"","mainEntityOfPage":"","manufacturer":"","material":"","model":"","mpn":"","name":"","offers":"","potentialAction":"","productID":"","productionDate":"","purchaseDate":"","releaseDate":"","review":"","reviews":"","sameAs":"","sku":"","slogan":"","subjectOf":"","url":"","weight":"","width":""}},"acf":[],"yoast_head":"<!-- This site is optimized with the Yoast SEO plugin v27.4 - https:\/\/yoast.com\/product\/yoast-seo-wordpress\/ -->\n<title>AutoShop: recensione software gestionale per officine - Accurate Reviews<\/title>\n<meta name=\"description\" content=\"AutoShop: recensione soluzione gestionale per officine automatica che serve piccole e medie imprese nel settore automobilistico.\u00a0\" \/>\n<meta name=\"robots\" content=\"index, follow, max-snippet:-1, max-image-preview:large, max-video-preview:-1\" \/>\n<link rel=\"canonical\" href=\"https:\/\/www.accuratereviews.com\/it\/gestionale-per-officine\/autoshop-recensione\/\" \/>\n<meta property=\"og:locale\" content=\"it_IT\" \/>\n<meta property=\"og:type\" content=\"article\" \/>\n<meta property=\"og:title\" content=\"AutoShop: recensione software gestionale per officine - Accurate Reviews\" \/>\n<meta property=\"og:description\" content=\"AutoShop: recensione soluzione gestionale per officine automatica che serve piccole e medie imprese nel settore automobilistico.\u00a0\" \/>\n<meta property=\"og:url\" content=\"https:\/\/www.accuratereviews.com\/it\/gestionale-per-officine\/autoshop-recensione\/\" \/>\n<meta property=\"og:site_name\" content=\"Accurate Reviews\" \/>\n<meta property=\"article:modified_time\" content=\"2023-09-12T09:09:09+00:00\" \/>\n<meta property=\"og:image\" content=\"https:\/\/www.accuratereviews.com\/wp-content\/uploads\/2020\/05\/AUTOSHOP.jpg\" \/>\n\t<meta property=\"og:image:width\" content=\"1700\" \/>\n\t<meta property=\"og:image:height\" content=\"883\" \/>\n\t<meta property=\"og:image:type\" content=\"image\/jpeg\" \/>\n<meta name=\"twitter:card\" content=\"summary_large_image\" \/>\n<meta name=\"twitter:label1\" content=\"Tempo di lettura stimato\" \/>\n\t<meta name=\"twitter:data1\" content=\"4 minuti\" \/>\n<script type=\"application\/ld+json\" class=\"yoast-schema-graph\">{\"@context\":\"https:\\\/\\\/schema.org\",\"@graph\":[{\"@type\":\"WebPage\",\"@id\":\"https:\\\/\\\/www.accuratereviews.com\\\/it\\\/gestionale-per-officine\\\/autoshop-recensione\\\/\",\"url\":\"https:\\\/\\\/www.accuratereviews.com\\\/it\\\/gestionale-per-officine\\\/autoshop-recensione\\\/\",\"name\":\"AutoShop: recensione software gestionale per officine - Accurate Reviews\",\"isPartOf\":{\"@id\":\"https:\\\/\\\/www.accuratereviews.com\\\/it\\\/#website\"},\"primaryImageOfPage\":{\"@id\":\"https:\\\/\\\/www.accuratereviews.com\\\/it\\\/gestionale-per-officine\\\/autoshop-recensione\\\/#primaryimage\"},\"image\":{\"@id\":\"https:\\\/\\\/www.accuratereviews.com\\\/it\\\/gestionale-per-officine\\\/autoshop-recensione\\\/#primaryimage\"},\"thumbnailUrl\":\"https:\\\/\\\/www.accuratereviews.com\\\/wp-content\\\/uploads\\\/2020\\\/05\\\/AUTOSHOP.jpg\",\"datePublished\":\"2020-05-13T10:34:51+00:00\",\"dateModified\":\"2023-09-12T09:09:09+00:00\",\"description\":\"AutoShop: recensione soluzione gestionale per officine automatica che serve piccole e medie imprese nel settore automobilistico.\u00a0\",\"breadcrumb\":{\"@id\":\"https:\\\/\\\/www.accuratereviews.com\\\/it\\\/gestionale-per-officine\\\/autoshop-recensione\\\/#breadcrumb\"},\"inLanguage\":\"it-IT\",\"potentialAction\":[{\"@type\":\"ReadAction\",\"target\":[\"https:\\\/\\\/www.accuratereviews.com\\\/it\\\/gestionale-per-officine\\\/autoshop-recensione\\\/\"]}]},{\"@type\":\"ImageObject\",\"inLanguage\":\"it-IT\",\"@id\":\"https:\\\/\\\/www.accuratereviews.com\\\/it\\\/gestionale-per-officine\\\/autoshop-recensione\\\/#primaryimage\",\"url\":\"https:\\\/\\\/www.accuratereviews.com\\\/wp-content\\\/uploads\\\/2020\\\/05\\\/AUTOSHOP.jpg\",\"contentUrl\":\"https:\\\/\\\/www.accuratereviews.com\\\/wp-content\\\/uploads\\\/2020\\\/05\\\/AUTOSHOP.jpg\",\"width\":1700,\"height\":883},{\"@type\":\"BreadcrumbList\",\"@id\":\"https:\\\/\\\/www.accuratereviews.com\\\/it\\\/gestionale-per-officine\\\/autoshop-recensione\\\/#breadcrumb\",\"itemListElement\":[{\"@type\":\"ListItem\",\"position\":1,\"name\":\"Home\",\"item\":\"https:\\\/\\\/www.accuratereviews.com\\\/it\\\/\"},{\"@type\":\"ListItem\",\"position\":2,\"name\":\"Gestionale per officine\",\"item\":\"https:\\\/\\\/www.accuratereviews.com\\\/it\\\/gestionale-per-officine\\\/\"},{\"@type\":\"ListItem\",\"position\":3,\"name\":\"AutoShop\"}]},{\"@type\":\"WebSite\",\"@id\":\"https:\\\/\\\/www.accuratereviews.com\\\/it\\\/#website\",\"url\":\"https:\\\/\\\/www.accuratereviews.com\\\/it\\\/\",\"name\":\"Accurate Reviews\",\"description\":\"\",\"potentialAction\":[{\"@type\":\"SearchAction\",\"target\":{\"@type\":\"EntryPoint\",\"urlTemplate\":\"https:\\\/\\\/www.accuratereviews.com\\\/it\\\/?s={search_term_string}\"},\"query-input\":{\"@type\":\"PropertyValueSpecification\",\"valueRequired\":true,\"valueName\":\"search_term_string\"}}],\"inLanguage\":\"it-IT\"}]}<\/script>\n<!-- \/ Yoast SEO plugin. -->","yoast_head_json":{"title":"AutoShop: recensione software gestionale per officine - Accurate Reviews","description":"AutoShop: recensione soluzione gestionale per officine automatica che serve piccole e medie imprese nel settore automobilistico.\u00a0","robots":{"index":"index","follow":"follow","max-snippet":"max-snippet:-1","max-image-preview":"max-image-preview:large","max-video-preview":"max-video-preview:-1"},"canonical":"https:\/\/www.accuratereviews.com\/it\/gestionale-per-officine\/autoshop-recensione\/","og_locale":"it_IT","og_type":"article","og_title":"AutoShop: recensione software gestionale per officine - Accurate Reviews","og_description":"AutoShop: recensione soluzione gestionale per officine automatica che serve piccole e medie imprese nel settore automobilistico.\u00a0","og_url":"https:\/\/www.accuratereviews.com\/it\/gestionale-per-officine\/autoshop-recensione\/","og_site_name":"Accurate Reviews","article_modified_time":"2023-09-12T09:09:09+00:00","og_image":[{"width":1700,"height":883,"url":"https:\/\/www.accuratereviews.com\/wp-content\/uploads\/2020\/05\/AUTOSHOP.jpg","type":"image\/jpeg"}],"twitter_card":"summary_large_image","twitter_misc":{"Tempo di lettura stimato":"4 minuti"},"schema":{"@context":"https:\/\/schema.org","@graph":[{"@type":"WebPage","@id":"https:\/\/www.accuratereviews.com\/it\/gestionale-per-officine\/autoshop-recensione\/","url":"https:\/\/www.accuratereviews.com\/it\/gestionale-per-officine\/autoshop-recensione\/","name":"AutoShop: recensione software gestionale per officine - Accurate Reviews","isPartOf":{"@id":"https:\/\/www.accuratereviews.com\/it\/#website"},"primaryImageOfPage":{"@id":"https:\/\/www.accuratereviews.com\/it\/gestionale-per-officine\/autoshop-recensione\/#primaryimage"},"image":{"@id":"https:\/\/www.accuratereviews.com\/it\/gestionale-per-officine\/autoshop-recensione\/#primaryimage"},"thumbnailUrl":"https:\/\/www.accuratereviews.com\/wp-content\/uploads\/2020\/05\/AUTOSHOP.jpg","datePublished":"2020-05-13T10:34:51+00:00","dateModified":"2023-09-12T09:09:09+00:00","description":"AutoShop: recensione soluzione gestionale per officine automatica che serve piccole e medie imprese nel settore automobilistico.\u00a0","breadcrumb":{"@id":"https:\/\/www.accuratereviews.com\/it\/gestionale-per-officine\/autoshop-recensione\/#breadcrumb"},"inLanguage":"it-IT","potentialAction":[{"@type":"ReadAction","target":["https:\/\/www.accuratereviews.com\/it\/gestionale-per-officine\/autoshop-recensione\/"]}]},{"@type":"ImageObject","inLanguage":"it-IT","@id":"https:\/\/www.accuratereviews.com\/it\/gestionale-per-officine\/autoshop-recensione\/#primaryimage","url":"https:\/\/www.accuratereviews.com\/wp-content\/uploads\/2020\/05\/AUTOSHOP.jpg","contentUrl":"https:\/\/www.accuratereviews.com\/wp-content\/uploads\/2020\/05\/AUTOSHOP.jpg","width":1700,"height":883},{"@type":"BreadcrumbList","@id":"https:\/\/www.accuratereviews.com\/it\/gestionale-per-officine\/autoshop-recensione\/#breadcrumb","itemListElement":[{"@type":"ListItem","position":1,"name":"Home","item":"https:\/\/www.accuratereviews.com\/it\/"},{"@type":"ListItem","position":2,"name":"Gestionale per officine","item":"https:\/\/www.accuratereviews.com\/it\/gestionale-per-officine\/"},{"@type":"ListItem","position":3,"name":"AutoShop"}]},{"@type":"WebSite","@id":"https:\/\/www.accuratereviews.com\/it\/#website","url":"https:\/\/www.accuratereviews.com\/it\/","name":"Accurate Reviews","description":"","potentialAction":[{"@type":"SearchAction","target":{"@type":"EntryPoint","urlTemplate":"https:\/\/www.accuratereviews.com\/it\/?s={search_term_string}"},"query-input":{"@type":"PropertyValueSpecification","valueRequired":true,"valueName":"search_term_string"}}],"inLanguage":"it-IT"}]}},"_links":{"self":[{"href":"https:\/\/www.accuratereviews.com\/it\/wp-json\/wp\/v2\/pages\/26458","targetHints":{"allow":["GET"]}}],"collection":[{"href":"https:\/\/www.accuratereviews.com\/it\/wp-json\/wp\/v2\/pages"}],"about":[{"href":"https:\/\/www.accuratereviews.com\/it\/wp-json\/wp\/v2\/types\/page"}],"author":[{"embeddable":true,"href":"https:\/\/www.accuratereviews.com\/it\/wp-json\/wp\/v2\/users\/19"}],"replies":[{"embeddable":true,"href":"https:\/\/www.accuratereviews.com\/it\/wp-json\/wp\/v2\/comments?post=26458"}],"version-history":[{"count":5,"href":"https:\/\/www.accuratereviews.com\/it\/wp-json\/wp\/v2\/pages\/26458\/revisions"}],"predecessor-version":[{"id":71850,"href":"https:\/\/www.accuratereviews.com\/it\/wp-json\/wp\/v2\/pages\/26458\/revisions\/71850"}],"up":[{"embeddable":true,"href":"https:\/\/www.accuratereviews.com\/it\/wp-json\/wp\/v2\/pages\/26440"}],"wp:featuredmedia":[{"embeddable":true,"href":"https:\/\/www.accuratereviews.com\/it\/wp-json\/wp\/v2\/media\/26459"}],"wp:attachment":[{"href":"https:\/\/www.accuratereviews.com\/it\/wp-json\/wp\/v2\/media?parent=26458"}],"wp:term":[{"taxonomy":"category","embeddable":true,"href":"https:\/\/www.accuratereviews.com\/it\/wp-json\/wp\/v2\/categories?post=26458"},{"taxonomy":"post_tag","embeddable":true,"href":"https:\/\/www.accuratereviews.com\/it\/wp-json\/wp\/v2\/tags?post=26458"},{"taxonomy":"features","embeddable":true,"href":"https:\/\/www.accuratereviews.com\/it\/wp-json\/wp\/v2\/features?post=26458"}],"curies":[{"name":"wp","href":"https:\/\/api.w.org\/{rel}","templated":true}]}}