{"id":26489,"date":"2020-05-14T10:35:38","date_gmt":"2020-05-14T10:35:38","guid":{"rendered":"https:\/\/www.accuratereviews.com\/?page_id=26489"},"modified":"2023-09-09T08:22:00","modified_gmt":"2023-09-09T08:22:00","slug":"shopmonkey-recensione","status":"publish","type":"page","link":"https:\/\/www.accuratereviews.com\/it\/gestionale-per-officine\/shopmonkey-recensione\/","title":{"rendered":"Shopmonkey"},"content":{"rendered":"<p><strong>Shopmonkey<\/strong> \u00e8 una <strong>soluzione gestionale per officine<\/strong> basata su <strong>cloud<\/strong> progettata per aiutare le aziende automobilistiche di tutte le dimensioni a organizzare i processi relativi alla pianificazione degli appuntamenti, alla messaggistica, ai report, alla fatturazione e altro ancora. La piattaforma \u00e8 dotata di una funzionalit\u00e0 di gestione del flusso di lavoro, che consente ai manager di creare processi personalizzati per tenere traccia dei lavori, aggiungere etichette di stato e visualizzare preventivi approvati dai clienti.\u00a0Il modulo di comunicazione di <strong>Shopmonkey<\/strong> consente agli utenti di inviare email o messaggi di testo per fatture, dettagli di ispezione e stati del lavoro. \u00a0Inoltre, il sistema di notifica automatizzato consente ai manager di comunicare ai clienti appuntamenti confermati, pagamenti in sospeso e autorizzazioni di lavoro. Il programma\u00a0supporta l&#8217;integrazione con varie applicazioni di terze parti come Carfax, Motor, PartsTech e QuickBooks.<\/p>\n<h2>SHOPMONKEY &#8211; TUTORIAL<\/h2>\n<p>Ecco un video in cui illustra le principali funzioni di questo <strong>software gestionale per officine<\/strong>:<\/p>\n<div id=\"fluid-wrapper-counter-1\" class=\"g1-fluid-wrapper \" style=\"width:686px;\">\n<div style=\"padding-bottom:56.268221574344%;\"><iframe loading=\"lazy\" title=\"Shopmonkey SEMA Video\" width=\"686\" height=\"386\" src=\"https:\/\/www.youtube.com\/embed\/aOMAyqPxmGo?feature=oembed&amp;wmode=transparent&amp;autohide=1&amp;autoplay=0&amp;disablekb=0&amp;fs=1&amp;loop=0&amp;enablejsapi=1&amp;rel=0&amp;controls=2&amp;showinfo=0&amp;wmode=transparent&amp;autohide=2&amp;autoplay=0&amp;disablekb=0&amp;fs=1&amp;loop=0&amp;enablejsapi=1&amp;rel=0&amp;controls=2&amp;showinfo=1\" frameborder=\"0\" allow=\"accelerometer; autoplay; clipboard-write; encrypted-media; gyroscope; picture-in-picture; web-share\" allowfullscreen><\/iframe><\/div>\n<\/div>\n<h3>SHOPMONKEY &#8211; CARATTERISTICHE<\/h3>\n<ul>\n<li><strong>Preventivi e fatture<\/strong>: gestisci facilmente i clienti e i loro veicoli e aggiungi preventivi professionali, fatture e altro a ciascun profilo cliente. Utilizza la potente ricerca per trovare rapidamente informazioni attuali o storiche<\/li>\n<li><strong>Gestione del flusso di lavoro<\/strong>: crea un flusso di lavoro su misura per tenere traccia dei lavori mentre avanzano nel negozio, aggiungi etichette di stato e vedi quali clienti hanno autorizzato i preventivi<\/li>\n<li><strong>Calendario e pianificazione<\/strong>: organizza il tuo lavoro in maniera efficiente<\/li>\n<li><strong>SMS ed email illimitati<\/strong>: messaggi di testo o email istantanee, fatture, modelli di ispezione, stato del lavoro e richieste di pagamento. Rispondi rapidamente a qualsiasi domanda dei clienti<\/li>\n<li><strong>Notifiche<\/strong>: ricevi aggiornamenti immediati quando i tuoi clienti autorizzano lavori, rispondono con domande, confermano appuntamenti o pagano le loro fatture<\/li>\n<li><strong>Ispezioni digitali del veicolo<\/strong>: crea fogli di ispezione check-in, check-out o multi-point per documentare il tuo lavoro e suggerire correzioni<\/li>\n<li><strong>Modelli di messaggi<\/strong>: imposta risposte predefinite con le variabili cliente e veicolo per inviare rapidamente aggiornamenti e stati<\/li>\n<li><strong>Elaborazione integrata dei pagamenti<\/strong>: consenti ai clienti di pagare nel modo pi\u00f9 consono per loro &#8211; online da qualsiasi luogo si trovino o di persona<\/li>\n<li><strong>Rapporti<\/strong> : generare un riepilogo delle fatture per i clienti e vedere quanto devono<\/li>\n<li><strong>Efficienza del lavoro e margini:<\/strong> crea un&#8217;attivit\u00e0 pi\u00f9 redditizia facendo in modo che i tecnici colleghino le loro ore a specifici ordini di lavoro, aiutandoti a comprendere l&#8217;efficienza del tuo negozio e i margini di manodopera<\/li>\n<li><strong>Permessi<\/strong>: proteggi le informazioni del tuo negozio limitando ci\u00f2 che ogni utente pu\u00f2 vedere e fare<\/li>\n<li><strong>Inventario<\/strong>: aggiungi facilmente parti ai preventivi e tieni traccia delle quantit\u00e0 di merci che hai a disposizione<\/li>\n<\/ul>\n<h4>LE RECENSIONI DEGLI UTENTI<\/h4>\n<h4 class=\"font-weight-bold my-1 d-flex align-items-center\">Micah P.&#8221;Software fantastico!&#8221;<\/h4>\n<p><strong>Vantaggi: <\/strong>Essere mobili, avere un software basato su cloud che aveva un aspetto professionale, inventario, matrici e grandi funzionalit\u00e0 era essenziale. Mi piace lavorare con un&#8217;altra startup e vedere tutte le nuove funzionalit\u00e0 che escono.<\/p>\n<p><strong>Inconvenienti: <\/strong>Sembra che si verifichino anomalie nel software quando vengono implementate nuove funzionalit\u00e0, ma scompaiono rapidamente. Tutti i problemi che ho avuto che avevano bisogno di me per parlare con il supporto sono stati risolti in pochi minuti a differenza del mio ultimo software che non ha mai risolto l&#8217;unico problema che avevo.<\/p>\n<h4 class=\"font-weight-bold my-1 d-flex align-items-center\">Frank P.\u00a0&#8220;Shop Monkey \u00e8 molto facile da usare nel nostro negozio di riparazioni auto.&#8221;<\/h4>\n<p><strong>Commenti: <\/strong>Abbiamo implementato SM tre mesi fa, passando dalla gestione del RO cartaceo a quella cartacea. Lo abbiamo fatto con i vecchi computer che non usavano la tecnologia e tutto \u00e8 andato per il meglio. Non guardando indietro, abbiamo lasciato Aldata Manage. Ora possiamo svolgere facilmente tutte le operazioni del negozio e la comunicazione con i clienti. Arrivano le approvazioni di testo e la conferma dell&#8217;appuntamento.<\/p>\n<p><strong>Vantaggi: <\/strong>Ho usato ADP, R&amp;R, Alldata, Mitchel e altri &#8230;&#8230;&#8230;. Shop Monkey \u00e8 di gran lunga la migliore interfaccia e il flusso di lavoro. Ci piace. Assistenza clienti straordinaria.<\/p>\n<p><strong>Inconvenienti: <\/strong>Hai bisogno di un buon CRM per gestire e raggiungere la nostra lista di clienti.\u00a0\u00c8 necessario collegare il sistema di ordinazione del World Pack reale.<\/p>\n<h4 class=\"font-weight-bold my-1 d-flex align-items-center\">Joseph C.&#8221;Una scimmia addestrata &#8230;&#8221;<\/h4>\n<p><strong>Commenti: <\/strong>Shop Monkey \u00e8 andato alla fonte per risolvere i problemi. Negozi! Con tutto ci\u00f2 che \u00e8 necessario per la gestione di un vano multiplo, un negozio multi-tech, Shop Monkey ha impiegato del tempo e si \u00e8 ancora preso il tempo necessario per interagire con la propria base di clienti per imparare dai propri utenti. Stanno continuamente creando un prodotto migliore e pi\u00f9 snello che una scimmia addestrata potrebbe imparare a usare.<\/p>\n<p><strong>Vantaggi: <\/strong>Se \u00e8 possibile impostare e gestire una pagina di social media &#8230;. quindi \u00e8 possibile impostare e gestire una pagina di Monkey Shop. \u00c8 molto intuitivo per l&#8217;utente. Shop Monkey \u00e8 sempre stato velocissimo con le risposte a dubbi, domande o raccomandazioni degli utenti. \u00c8 facile valutare i rapporti e inviarli a Quick Books o al nostro CPA. Tracciare le vendite, i margini di profitto e la capacit\u00e0 dei nostri tecnici di utilizzarlo sono solo ulteriori vantaggi.<\/p>\n<p><strong>Inconvenienti: <\/strong>Onestamente &#8230;. (Non ricevo pagamenti da Shop Monkey, e s\u00ec, sono un vero utente), c&#8217;\u00e8 molto poco che non mi piace del software.<\/p>\n<p>&nbsp;<\/p>\n","protected":false},"excerpt":{"rendered":"<p>Shopmonkey \u00e8 una soluzione gestionale per officine basata su cloud progettata per aiutare le aziende automobilistiche di tutte le dimensioni a organizzare i processi relativi alla pianificazione degli appuntamenti, alla messaggistica, ai report, alla fatturazione e altro ancora. La piattaforma \u00e8 dotata di una funzionalit\u00e0 di gestione del flusso di lavoro, che consente ai manager di creare processi personalizzati per tenere traccia dei lavori, aggiungere etichette di stato e visualizzare preventivi approvati dai clienti.\u00a0<\/p>\n","protected":false},"author":19,"featured_media":26490,"parent":26440,"menu_order":0,"comment_status":"open","ping_status":"closed","template":"g1_template_page_review_new.php","meta":{"_acf_changed":false,"cwp_meta_box_check":"Yes","cwp_rev_product_name":"","cwp_rev_product_image":"","wppr_links":[],"cwp_rev_price":"","wppr_options":[{"name":"Usability","value":"0"},{"name":"Speed","value":"0"},{"name":"Features","value":"0"},{"name":"Support","value":"0"},{"name":"Pricing","value":"0"}],"wppr_pros":["","","","",""],"wppr_cons":["","","","",""],"_monsterinsights_skip_tracking":false,"_monsterinsights_sitenote_active":false,"_monsterinsights_sitenote_note":"","_monsterinsights_sitenote_category":0,"footnotes":""},"categories":[2818],"tags":[2824,2822,2823,2827,2820,2821],"features":[],"class_list":{"0":"post-26489","1":"page","2":"type-page","3":"status-publish","4":"has-post-thumbnail","6":"category-gestionale-per-officine-cat","7":"tag-auto-management-software","8":"tag-piattaforma-gestionale-per-officine","9":"tag-programma-gestionale-per-officine","10":"tag-shopmonkey","11":"tag-software-gestionale-per-officine","12":"tag-soluzione-gestionale-per-officine"},"wppr_data":{"cwp_meta_box_check":"Yes","cwp_rev_product_name":"","_wppr_review_template":"default","cwp_rev_product_image":"","cwp_image_link":"image","wppr_links":[],"cwp_rev_price":"","wppr_pros":["","","","",""],"wppr_cons":["","","","",""],"wppr_rating":"0.00","wppr_options":{"1":{"name":"Usability","value":"0"},"2":{"name":"Speed","value":"0"},"3":{"name":"Features","value":"0"},"4":{"name":"Support","value":"0"},"5":{"name":"Pricing","value":"0"}},"wppr_review_type":"Product","wppr_review_custom_fields":{"additionalProperty":"","additionalType":"","aggregateRating":"","alternateName":"","audience":"","award":"","awards":"","brand":"","color":"","depth":"","description":"","disambiguatingDescription":"","gtin12":"","gtin13":"","gtin14":"","gtin8":"","height":"","identifier":"","image":"","isAccessoryOrSparePartFor":"","isConsumableFor":"","isRelatedTo":"","isSimilarTo":"","itemCondition":"","logo":"","mainEntityOfPage":"","manufacturer":"","material":"","model":"","mpn":"","name":"","offers":"","potentialAction":"","productID":"","productionDate":"","purchaseDate":"","releaseDate":"","review":"","reviews":"","sameAs":"","sku":"","slogan":"","subjectOf":"","url":"","weight":"","width":""}},"acf":[],"yoast_head":"<!-- This site is optimized with the Yoast SEO plugin v27.4 - https:\/\/yoast.com\/product\/yoast-seo-wordpress\/ -->\n<title>Shopmonkey: recensione software gestionale officine - Accurate Reviews<\/title>\n<meta name=\"description\" content=\"Shopmonkey: recensione soluzione gestionale per officine basata su cloud progettata per aiutare le aziende automobilistiche ad organizzare l&#039;attivit\u00e0.\" \/>\n<meta name=\"robots\" content=\"index, follow, max-snippet:-1, max-image-preview:large, max-video-preview:-1\" \/>\n<link rel=\"canonical\" href=\"https:\/\/www.accuratereviews.com\/it\/gestionale-per-officine\/shopmonkey-recensione\/\" \/>\n<meta property=\"og:locale\" content=\"it_IT\" \/>\n<meta property=\"og:type\" content=\"article\" \/>\n<meta property=\"og:title\" content=\"Shopmonkey: recensione software gestionale officine - Accurate Reviews\" \/>\n<meta property=\"og:description\" content=\"Shopmonkey: recensione soluzione gestionale per officine basata su cloud progettata per aiutare le aziende automobilistiche ad organizzare l&#039;attivit\u00e0.\" \/>\n<meta property=\"og:url\" content=\"https:\/\/www.accuratereviews.com\/it\/gestionale-per-officine\/shopmonkey-recensione\/\" \/>\n<meta property=\"og:site_name\" content=\"Accurate Reviews\" \/>\n<meta property=\"article:modified_time\" content=\"2023-09-09T08:22:00+00:00\" \/>\n<meta property=\"og:image\" content=\"https:\/\/www.accuratereviews.com\/wp-content\/uploads\/2020\/05\/Shopmonkey-300x300-1.png\" \/>\n\t<meta property=\"og:image:width\" content=\"300\" \/>\n\t<meta property=\"og:image:height\" content=\"300\" \/>\n\t<meta property=\"og:image:type\" content=\"image\/png\" \/>\n<meta name=\"twitter:card\" content=\"summary_large_image\" \/>\n<meta name=\"twitter:label1\" content=\"Tempo di lettura stimato\" \/>\n\t<meta name=\"twitter:data1\" content=\"5 minuti\" \/>\n<script type=\"application\/ld+json\" class=\"yoast-schema-graph\">{\"@context\":\"https:\\\/\\\/schema.org\",\"@graph\":[{\"@type\":\"WebPage\",\"@id\":\"https:\\\/\\\/www.accuratereviews.com\\\/it\\\/gestionale-per-officine\\\/shopmonkey-recensione\\\/\",\"url\":\"https:\\\/\\\/www.accuratereviews.com\\\/it\\\/gestionale-per-officine\\\/shopmonkey-recensione\\\/\",\"name\":\"Shopmonkey: recensione software gestionale officine - Accurate Reviews\",\"isPartOf\":{\"@id\":\"https:\\\/\\\/www.accuratereviews.com\\\/it\\\/#website\"},\"primaryImageOfPage\":{\"@id\":\"https:\\\/\\\/www.accuratereviews.com\\\/it\\\/gestionale-per-officine\\\/shopmonkey-recensione\\\/#primaryimage\"},\"image\":{\"@id\":\"https:\\\/\\\/www.accuratereviews.com\\\/it\\\/gestionale-per-officine\\\/shopmonkey-recensione\\\/#primaryimage\"},\"thumbnailUrl\":\"https:\\\/\\\/www.accuratereviews.com\\\/wp-content\\\/uploads\\\/2020\\\/05\\\/Shopmonkey-300x300-1.png\",\"datePublished\":\"2020-05-14T10:35:38+00:00\",\"dateModified\":\"2023-09-09T08:22:00+00:00\",\"description\":\"Shopmonkey: recensione soluzione gestionale per officine basata su cloud progettata per aiutare le aziende automobilistiche ad organizzare l'attivit\u00e0.\",\"breadcrumb\":{\"@id\":\"https:\\\/\\\/www.accuratereviews.com\\\/it\\\/gestionale-per-officine\\\/shopmonkey-recensione\\\/#breadcrumb\"},\"inLanguage\":\"it-IT\",\"potentialAction\":[{\"@type\":\"ReadAction\",\"target\":[\"https:\\\/\\\/www.accuratereviews.com\\\/it\\\/gestionale-per-officine\\\/shopmonkey-recensione\\\/\"]}]},{\"@type\":\"ImageObject\",\"inLanguage\":\"it-IT\",\"@id\":\"https:\\\/\\\/www.accuratereviews.com\\\/it\\\/gestionale-per-officine\\\/shopmonkey-recensione\\\/#primaryimage\",\"url\":\"https:\\\/\\\/www.accuratereviews.com\\\/wp-content\\\/uploads\\\/2020\\\/05\\\/Shopmonkey-300x300-1.png\",\"contentUrl\":\"https:\\\/\\\/www.accuratereviews.com\\\/wp-content\\\/uploads\\\/2020\\\/05\\\/Shopmonkey-300x300-1.png\",\"width\":300,\"height\":300},{\"@type\":\"BreadcrumbList\",\"@id\":\"https:\\\/\\\/www.accuratereviews.com\\\/it\\\/gestionale-per-officine\\\/shopmonkey-recensione\\\/#breadcrumb\",\"itemListElement\":[{\"@type\":\"ListItem\",\"position\":1,\"name\":\"Home\",\"item\":\"https:\\\/\\\/www.accuratereviews.com\\\/it\\\/\"},{\"@type\":\"ListItem\",\"position\":2,\"name\":\"Gestionale per officine\",\"item\":\"https:\\\/\\\/www.accuratereviews.com\\\/it\\\/gestionale-per-officine\\\/\"},{\"@type\":\"ListItem\",\"position\":3,\"name\":\"Shopmonkey\"}]},{\"@type\":\"WebSite\",\"@id\":\"https:\\\/\\\/www.accuratereviews.com\\\/it\\\/#website\",\"url\":\"https:\\\/\\\/www.accuratereviews.com\\\/it\\\/\",\"name\":\"Accurate Reviews\",\"description\":\"\",\"potentialAction\":[{\"@type\":\"SearchAction\",\"target\":{\"@type\":\"EntryPoint\",\"urlTemplate\":\"https:\\\/\\\/www.accuratereviews.com\\\/it\\\/?s={search_term_string}\"},\"query-input\":{\"@type\":\"PropertyValueSpecification\",\"valueRequired\":true,\"valueName\":\"search_term_string\"}}],\"inLanguage\":\"it-IT\"}]}<\/script>\n<!-- \/ Yoast SEO plugin. -->","yoast_head_json":{"title":"Shopmonkey: recensione software gestionale officine - Accurate Reviews","description":"Shopmonkey: recensione soluzione gestionale per officine basata su cloud progettata per aiutare le aziende automobilistiche ad organizzare l'attivit\u00e0.","robots":{"index":"index","follow":"follow","max-snippet":"max-snippet:-1","max-image-preview":"max-image-preview:large","max-video-preview":"max-video-preview:-1"},"canonical":"https:\/\/www.accuratereviews.com\/it\/gestionale-per-officine\/shopmonkey-recensione\/","og_locale":"it_IT","og_type":"article","og_title":"Shopmonkey: recensione software gestionale officine - Accurate Reviews","og_description":"Shopmonkey: recensione soluzione gestionale per officine basata su cloud progettata per aiutare le aziende automobilistiche ad organizzare l'attivit\u00e0.","og_url":"https:\/\/www.accuratereviews.com\/it\/gestionale-per-officine\/shopmonkey-recensione\/","og_site_name":"Accurate Reviews","article_modified_time":"2023-09-09T08:22:00+00:00","og_image":[{"width":300,"height":300,"url":"https:\/\/www.accuratereviews.com\/wp-content\/uploads\/2020\/05\/Shopmonkey-300x300-1.png","type":"image\/png"}],"twitter_card":"summary_large_image","twitter_misc":{"Tempo di lettura stimato":"5 minuti"},"schema":{"@context":"https:\/\/schema.org","@graph":[{"@type":"WebPage","@id":"https:\/\/www.accuratereviews.com\/it\/gestionale-per-officine\/shopmonkey-recensione\/","url":"https:\/\/www.accuratereviews.com\/it\/gestionale-per-officine\/shopmonkey-recensione\/","name":"Shopmonkey: recensione software gestionale officine - Accurate Reviews","isPartOf":{"@id":"https:\/\/www.accuratereviews.com\/it\/#website"},"primaryImageOfPage":{"@id":"https:\/\/www.accuratereviews.com\/it\/gestionale-per-officine\/shopmonkey-recensione\/#primaryimage"},"image":{"@id":"https:\/\/www.accuratereviews.com\/it\/gestionale-per-officine\/shopmonkey-recensione\/#primaryimage"},"thumbnailUrl":"https:\/\/www.accuratereviews.com\/wp-content\/uploads\/2020\/05\/Shopmonkey-300x300-1.png","datePublished":"2020-05-14T10:35:38+00:00","dateModified":"2023-09-09T08:22:00+00:00","description":"Shopmonkey: recensione soluzione gestionale per officine basata su cloud progettata per aiutare le aziende automobilistiche ad organizzare l'attivit\u00e0.","breadcrumb":{"@id":"https:\/\/www.accuratereviews.com\/it\/gestionale-per-officine\/shopmonkey-recensione\/#breadcrumb"},"inLanguage":"it-IT","potentialAction":[{"@type":"ReadAction","target":["https:\/\/www.accuratereviews.com\/it\/gestionale-per-officine\/shopmonkey-recensione\/"]}]},{"@type":"ImageObject","inLanguage":"it-IT","@id":"https:\/\/www.accuratereviews.com\/it\/gestionale-per-officine\/shopmonkey-recensione\/#primaryimage","url":"https:\/\/www.accuratereviews.com\/wp-content\/uploads\/2020\/05\/Shopmonkey-300x300-1.png","contentUrl":"https:\/\/www.accuratereviews.com\/wp-content\/uploads\/2020\/05\/Shopmonkey-300x300-1.png","width":300,"height":300},{"@type":"BreadcrumbList","@id":"https:\/\/www.accuratereviews.com\/it\/gestionale-per-officine\/shopmonkey-recensione\/#breadcrumb","itemListElement":[{"@type":"ListItem","position":1,"name":"Home","item":"https:\/\/www.accuratereviews.com\/it\/"},{"@type":"ListItem","position":2,"name":"Gestionale per officine","item":"https:\/\/www.accuratereviews.com\/it\/gestionale-per-officine\/"},{"@type":"ListItem","position":3,"name":"Shopmonkey"}]},{"@type":"WebSite","@id":"https:\/\/www.accuratereviews.com\/it\/#website","url":"https:\/\/www.accuratereviews.com\/it\/","name":"Accurate Reviews","description":"","potentialAction":[{"@type":"SearchAction","target":{"@type":"EntryPoint","urlTemplate":"https:\/\/www.accuratereviews.com\/it\/?s={search_term_string}"},"query-input":{"@type":"PropertyValueSpecification","valueRequired":true,"valueName":"search_term_string"}}],"inLanguage":"it-IT"}]}},"_links":{"self":[{"href":"https:\/\/www.accuratereviews.com\/it\/wp-json\/wp\/v2\/pages\/26489","targetHints":{"allow":["GET"]}}],"collection":[{"href":"https:\/\/www.accuratereviews.com\/it\/wp-json\/wp\/v2\/pages"}],"about":[{"href":"https:\/\/www.accuratereviews.com\/it\/wp-json\/wp\/v2\/types\/page"}],"author":[{"embeddable":true,"href":"https:\/\/www.accuratereviews.com\/it\/wp-json\/wp\/v2\/users\/19"}],"replies":[{"embeddable":true,"href":"https:\/\/www.accuratereviews.com\/it\/wp-json\/wp\/v2\/comments?post=26489"}],"version-history":[{"count":7,"href":"https:\/\/www.accuratereviews.com\/it\/wp-json\/wp\/v2\/pages\/26489\/revisions"}],"predecessor-version":[{"id":71795,"href":"https:\/\/www.accuratereviews.com\/it\/wp-json\/wp\/v2\/pages\/26489\/revisions\/71795"}],"up":[{"embeddable":true,"href":"https:\/\/www.accuratereviews.com\/it\/wp-json\/wp\/v2\/pages\/26440"}],"wp:featuredmedia":[{"embeddable":true,"href":"https:\/\/www.accuratereviews.com\/it\/wp-json\/wp\/v2\/media\/26490"}],"wp:attachment":[{"href":"https:\/\/www.accuratereviews.com\/it\/wp-json\/wp\/v2\/media?parent=26489"}],"wp:term":[{"taxonomy":"category","embeddable":true,"href":"https:\/\/www.accuratereviews.com\/it\/wp-json\/wp\/v2\/categories?post=26489"},{"taxonomy":"post_tag","embeddable":true,"href":"https:\/\/www.accuratereviews.com\/it\/wp-json\/wp\/v2\/tags?post=26489"},{"taxonomy":"features","embeddable":true,"href":"https:\/\/www.accuratereviews.com\/it\/wp-json\/wp\/v2\/features?post=26489"}],"curies":[{"name":"wp","href":"https:\/\/api.w.org\/{rel}","templated":true}]}}