{"id":26516,"date":"2020-05-15T10:18:33","date_gmt":"2020-05-15T10:18:33","guid":{"rendered":"https:\/\/www.accuratereviews.com\/?page_id=26516"},"modified":"2023-09-11T08:39:13","modified_gmt":"2023-09-11T08:39:13","slug":"workshop-software-recensione","status":"publish","type":"page","link":"https:\/\/www.accuratereviews.com\/it\/gestionale-per-officine\/workshop-software-recensione\/","title":{"rendered":"Workshop software"},"content":{"rendered":"<p><strong>Workshop software<\/strong> \u00e8 un\u00a0<strong>programma\u00a0per officine<\/strong> che \u00a0fornisce una piattaforma per la gestione completa di officina e garage. Con il software, gli utenti possono gestire tutto il flusso di lavoro front-end della propria officina, inclusi prenotazione, gestione del lavoro, preventivi, fatture, ispezioni e molto altro, e accedere alla cronologia e ai dati completi del veicolo. Inoltre la soluzione\u00a0include promemoria di servizio, controllo delle scorte, gestione di clienti e fornitori, rapporti commerciali e molto altro, nonch\u00e9 integrazione diretta con tutti i principali pacchetti di contabilit\u00e0 tra cui Quickbooks Online, Sage One e Xero. Si adatta perfettamente ai\u00a0\u00a0i principali sistemi automobilistici tra cui CarFax, PartsTech, TireConnect, TireMetrix, VV Garage, tempi di lavoro MOTOR e altro ancora.<\/p>\n<h2>WORKSHOP SOFTWARE &#8211; TUTORIAL<\/h2>\n<div id=\"fluid-wrapper-counter-1\" class=\"g1-fluid-wrapper \" style=\"width:686px;\">\n<div style=\"padding-bottom:56.268221574344%;\"><iframe loading=\"lazy\" title=\"VV Garage - Transform your Customer Experience\" width=\"686\" height=\"386\" src=\"https:\/\/www.youtube.com\/embed\/tIzZhv4DiHY?feature=oembed&amp;wmode=transparent&amp;autohide=1&amp;autoplay=0&amp;disablekb=0&amp;fs=1&amp;loop=0&amp;enablejsapi=1&amp;rel=0&amp;controls=2&amp;showinfo=0&amp;wmode=transparent&amp;autohide=2&amp;autoplay=0&amp;disablekb=0&amp;fs=1&amp;loop=0&amp;enablejsapi=1&amp;rel=0&amp;controls=2&amp;showinfo=1\" frameborder=\"0\" allow=\"accelerometer; autoplay; clipboard-write; encrypted-media; gyroscope; picture-in-picture; web-share\" allowfullscreen><\/iframe><\/div>\n<\/div>\n<h3>WORKSHOP SOFTWARE &#8211; CARATTERISTICHE<\/h3>\n<ul>\n<li><strong>Monitoraggio della produttivit\u00e0<\/strong>: aumenta i tuoi lead, conversioni e entrate con promemoria di servizio automatizzati che riportano i clienti nella tua officina. \u00c8 come avere un assistente di marketing a tempo pieno che lavora tutto il giorno<\/li>\n<li><strong>Ispezioni<\/strong>: le ispezioni compilate automaticamente e senza carta rendono la gestione dei lavori semplice ed efficiente dalla prima citazione al completamento. Fornisci dettagli e costi agli smartphone dei tuoi clienti<\/li>\n<li><strong>Fatturazione semplice<\/strong>: ricevi i pagamenti in tempo, gestisci il flusso di cassa e mantieni i libri contabili in ordine con la semplice fatturazione che si integra direttamente con i tuoi sistemi contabili<\/li>\n<li><strong>Gestione clienti<\/strong>: riduci lo stress e il tempo necessario per gestire i clienti con messaggi di testo, email e promemoria automatici. Offri un servizio clienti come i &#8220;grandi negozi&#8221;, senza costi o risorse eccessive<\/li>\n<li><strong>Flusso di lavoro<\/strong> : gestisci l&#8217;intero flusso di lavoro in un unico punto dall&#8217;inizio alla fine tramite una dashboard di facile utilizzo. Tieni traccia dell&#8217;avanzamento del lavoro, monitoraggio delle scorte, preventivi, allocazione del personale, fatturazione e altro<\/li>\n<\/ul>\n<h4>LE RECENSIONI DEGLI UTENTI<\/h4>\n<h4 class=\"font-weight-bold my-1 d-flex align-items-center\">Dave R.&#8221;Ottimo software con costante miglioramento&#8221;<\/h4>\n<p><strong>Vantaggi: <\/strong>Aspetto molto intuitivo, piacevole e pulito con ingombro molto ridotto. Aggiungono sempre miglioramenti e sono aperti ai suggerimenti. Dopo aver riscontrato un guasto del disco rigido, \u00e8 bello sapere che tutte le informazioni sono basate sul cloud, quindi non preoccuparti pi\u00f9 dei backup, ecc. Inoltre puoi accedere al programma da qualsiasi parte del mondo, quindi \u00e8 facile monitorare le cose mentre sei via. L&#8217;opzione auto in prestito \u00e8 un modo semplice per tenere d&#8217;occhio chi e quando la tua auto \u00e8 stata prestata.<\/p>\n<p><strong>Inconvenienti: <\/strong>Non c&#8217;\u00e8 davvero nulla da dire. L&#8217;unico ostacolo \u00e8 conoscere il programma, ma pi\u00f9 lo usi e pi\u00f9 \u00e8 facile. Non tutte le funzionalit\u00e0 saranno rilevanti per tutti gli utenti, ma \u00e8 bene avere opzioni.<\/p>\n<h4 class=\"font-weight-bold my-1 d-flex align-items-center\">Philip T.\u00a0&#8220;Il servizio clienti \u00e8 il numero 1&#8221;<\/h4>\n<p><strong>Commenti: <\/strong>Eccellente e tempestivo il servizio clienti. Niente \u00e8 stato troppo difficile e il team di Workshop Software trova sempre un modo per valorizzare gli annunci.\u00a0Prendi la recente crisi sanitaria &#8211; molte persone parlano &#8211; ma il team di Workshop Software ha sviluppato strategie per aiutare noi e i nostri clienti a navigare in questi tempi. Assolutamente impagabile secondo me.<\/p>\n<p><strong>Vantaggi: <\/strong>Facile, intuitivo da usare.\u00a0Chiaro e preciso<\/p>\n<p><strong>Inconvenienti: <\/strong>Ci sono funzionalit\u00e0 di cui non ho bisogno mentre alcune ne ho bisogno ma non posso avere senza extra $$.La funzione Ispezioni deve poter essere generata dai tecnici sull&#8217;app mobile.\u00a0Quando arriva il cliente, pu\u00f2 utilizzare un I-Pad per prendere i dettagli, creare l&#8217;ispezione e iniziare a lavorare.<\/p>\n<h4 class=\"font-weight-bold my-1 d-flex align-items-center\">Richard W.&#8221;Nuovo software per officina&#8221;<\/h4>\n<p><strong>Vantaggi: <\/strong>L&#8217;implementazione \u00e8 stata semplice e il supporto \u00e8 stato molto utile. Il sistema \u00e8 molto facile da usare e navigare. Creare fatture in modo semplice con l&#8217;aiuto di pacchetti e modelli di fattura. Le schede di lavoro possono essere create da modelli che i ragazzi dell&#8217;officina possono usare. Inserire fatture fornitore \u00e8 facile e quindi assegnarle a fatture clienti rende meno l&#8217;inserimento dei dati. L&#8217;elaborazione dei pagamenti delle fatture dei fornitori e la riconciliazione della dichiarazione \u00e8 semplice e costituisce un modo efficiente per l&#8217;elaborazione di fine del mese.<\/p>\n<p><strong>Inconvenienti: <\/strong>L&#8217;intergrazione da Workshop a Xero non consente ai depositi effettuati nelle fatture nel software di workshop di arrivare a Xero fino a quando la fattura non viene elaborata, rendendola inutilizzabile se la fattura non viene finalizzata nello stesso mese.<br \/>\nUn po &#8216;pi\u00f9 di direzione con l&#8217;intergrazione con zero sarebbe stato utile, poich\u00e9 alcune cose che ci hanno consigliato di fare non hanno funzionato.<br \/>\nLe fatture personalizzabili sarebbero utili in quanto gli standard che il sistema non \u00e8 sempre adatto<\/p>\n<p>&nbsp;<\/p>\n<p>&nbsp;<\/p>\n","protected":false},"excerpt":{"rendered":"<p>Workshop software \u00e8 un\u00a0programma\u00a0per officine che \u00a0fornisce una piattaforma per la gestione completa di officina e garage. Con il software, gli utenti possono gestire tutto il flusso di lavoro front-end della propria officina, inclusi prenotazione, gestione del lavoro, preventivi, fatture, ispezioni e molto altro, e accedere alla cronologia e ai dati completi del veicolo.<\/p>\n","protected":false},"author":19,"featured_media":26520,"parent":26440,"menu_order":0,"comment_status":"open","ping_status":"closed","template":"g1_template_page_review_new.php","meta":{"_acf_changed":false,"cwp_meta_box_check":"Yes","cwp_rev_product_name":"","cwp_rev_product_image":"","wppr_links":[],"cwp_rev_price":"","wppr_options":[{"name":"Usability","value":"0"},{"name":"Speed","value":"0"},{"name":"Features","value":"0"},{"name":"Support","value":"0"},{"name":"Pricing","value":"0"}],"wppr_pros":["","","","",""],"wppr_cons":["","","","",""],"_monsterinsights_skip_tracking":false,"_monsterinsights_sitenote_active":false,"_monsterinsights_sitenote_note":"","_monsterinsights_sitenote_category":0,"footnotes":""},"categories":[2818],"tags":[2824,396,2822,2823,2820,2821],"features":[],"class_list":{"0":"post-26516","1":"page","2":"type-page","3":"status-publish","4":"has-post-thumbnail","6":"category-gestionale-per-officine-cat","7":"tag-auto-management-software","8":"tag-cloud","9":"tag-piattaforma-gestionale-per-officine","10":"tag-programma-gestionale-per-officine","11":"tag-software-gestionale-per-officine","12":"tag-soluzione-gestionale-per-officine"},"wppr_data":{"cwp_meta_box_check":"Yes","cwp_rev_product_name":"","_wppr_review_template":"default","cwp_rev_product_image":"","cwp_image_link":"image","wppr_links":[],"cwp_rev_price":"","wppr_pros":["","","","",""],"wppr_cons":["","","","",""],"wppr_rating":"0.00","wppr_options":{"1":{"name":"Usability","value":"0"},"2":{"name":"Speed","value":"0"},"3":{"name":"Features","value":"0"},"4":{"name":"Support","value":"0"},"5":{"name":"Pricing","value":"0"}},"wppr_review_type":"Product","wppr_review_custom_fields":{"additionalProperty":"","additionalType":"","aggregateRating":"","alternateName":"","audience":"","award":"","awards":"","brand":"","color":"","depth":"","description":"","disambiguatingDescription":"","gtin12":"","gtin13":"","gtin14":"","gtin8":"","height":"","identifier":"","image":"","isAccessoryOrSparePartFor":"","isConsumableFor":"","isRelatedTo":"","isSimilarTo":"","itemCondition":"","logo":"","mainEntityOfPage":"","manufacturer":"","material":"","model":"","mpn":"","name":"","offers":"","potentialAction":"","productID":"","productionDate":"","purchaseDate":"","releaseDate":"","review":"","reviews":"","sameAs":"","sku":"","slogan":"","subjectOf":"","url":"","weight":"","width":""}},"acf":[],"yoast_head":"<!-- This site is optimized with the Yoast SEO plugin v27.4 - https:\/\/yoast.com\/product\/yoast-seo-wordpress\/ -->\n<title>Workshop software: recensione gestionale officine - Accurate Reviews<\/title>\n<meta name=\"description\" content=\"Workshop software: recensione\u00a0programma\u00a0per officine che fornisce una piattaforma per la gestione completa della tua attivit\u00e0.\" \/>\n<meta name=\"robots\" content=\"index, follow, max-snippet:-1, max-image-preview:large, max-video-preview:-1\" \/>\n<link rel=\"canonical\" href=\"https:\/\/www.accuratereviews.com\/it\/gestionale-per-officine\/workshop-software-recensione\/\" \/>\n<meta property=\"og:locale\" content=\"it_IT\" \/>\n<meta property=\"og:type\" content=\"article\" \/>\n<meta property=\"og:title\" content=\"Workshop software: recensione gestionale officine - Accurate Reviews\" \/>\n<meta property=\"og:description\" content=\"Workshop software: recensione\u00a0programma\u00a0per officine che fornisce una piattaforma per la gestione completa della tua attivit\u00e0.\" \/>\n<meta property=\"og:url\" content=\"https:\/\/www.accuratereviews.com\/it\/gestionale-per-officine\/workshop-software-recensione\/\" \/>\n<meta property=\"og:site_name\" content=\"Accurate Reviews\" \/>\n<meta property=\"article:modified_time\" content=\"2023-09-11T08:39:13+00:00\" \/>\n<meta property=\"og:image\" content=\"https:\/\/www.accuratereviews.com\/wp-content\/uploads\/2020\/05\/Workshop300x300.png\" \/>\n\t<meta property=\"og:image:width\" content=\"300\" \/>\n\t<meta property=\"og:image:height\" content=\"300\" \/>\n\t<meta property=\"og:image:type\" content=\"image\/png\" \/>\n<meta name=\"twitter:card\" content=\"summary_large_image\" \/>\n<meta name=\"twitter:label1\" content=\"Tempo di lettura stimato\" \/>\n\t<meta name=\"twitter:data1\" content=\"4 minuti\" \/>\n<script type=\"application\/ld+json\" class=\"yoast-schema-graph\">{\"@context\":\"https:\\\/\\\/schema.org\",\"@graph\":[{\"@type\":\"WebPage\",\"@id\":\"https:\\\/\\\/www.accuratereviews.com\\\/it\\\/gestionale-per-officine\\\/workshop-software-recensione\\\/\",\"url\":\"https:\\\/\\\/www.accuratereviews.com\\\/it\\\/gestionale-per-officine\\\/workshop-software-recensione\\\/\",\"name\":\"Workshop software: recensione gestionale officine - Accurate Reviews\",\"isPartOf\":{\"@id\":\"https:\\\/\\\/www.accuratereviews.com\\\/it\\\/#website\"},\"primaryImageOfPage\":{\"@id\":\"https:\\\/\\\/www.accuratereviews.com\\\/it\\\/gestionale-per-officine\\\/workshop-software-recensione\\\/#primaryimage\"},\"image\":{\"@id\":\"https:\\\/\\\/www.accuratereviews.com\\\/it\\\/gestionale-per-officine\\\/workshop-software-recensione\\\/#primaryimage\"},\"thumbnailUrl\":\"https:\\\/\\\/www.accuratereviews.com\\\/wp-content\\\/uploads\\\/2020\\\/05\\\/Workshop300x300.png\",\"datePublished\":\"2020-05-15T10:18:33+00:00\",\"dateModified\":\"2023-09-11T08:39:13+00:00\",\"description\":\"Workshop software: recensione\u00a0programma\u00a0per officine che fornisce una piattaforma per la gestione completa della tua attivit\u00e0.\",\"breadcrumb\":{\"@id\":\"https:\\\/\\\/www.accuratereviews.com\\\/it\\\/gestionale-per-officine\\\/workshop-software-recensione\\\/#breadcrumb\"},\"inLanguage\":\"it-IT\",\"potentialAction\":[{\"@type\":\"ReadAction\",\"target\":[\"https:\\\/\\\/www.accuratereviews.com\\\/it\\\/gestionale-per-officine\\\/workshop-software-recensione\\\/\"]}]},{\"@type\":\"ImageObject\",\"inLanguage\":\"it-IT\",\"@id\":\"https:\\\/\\\/www.accuratereviews.com\\\/it\\\/gestionale-per-officine\\\/workshop-software-recensione\\\/#primaryimage\",\"url\":\"https:\\\/\\\/www.accuratereviews.com\\\/wp-content\\\/uploads\\\/2020\\\/05\\\/Workshop300x300.png\",\"contentUrl\":\"https:\\\/\\\/www.accuratereviews.com\\\/wp-content\\\/uploads\\\/2020\\\/05\\\/Workshop300x300.png\",\"width\":300,\"height\":300},{\"@type\":\"BreadcrumbList\",\"@id\":\"https:\\\/\\\/www.accuratereviews.com\\\/it\\\/gestionale-per-officine\\\/workshop-software-recensione\\\/#breadcrumb\",\"itemListElement\":[{\"@type\":\"ListItem\",\"position\":1,\"name\":\"Home\",\"item\":\"https:\\\/\\\/www.accuratereviews.com\\\/it\\\/\"},{\"@type\":\"ListItem\",\"position\":2,\"name\":\"Gestionale per officine\",\"item\":\"https:\\\/\\\/www.accuratereviews.com\\\/it\\\/gestionale-per-officine\\\/\"},{\"@type\":\"ListItem\",\"position\":3,\"name\":\"Workshop software\"}]},{\"@type\":\"WebSite\",\"@id\":\"https:\\\/\\\/www.accuratereviews.com\\\/it\\\/#website\",\"url\":\"https:\\\/\\\/www.accuratereviews.com\\\/it\\\/\",\"name\":\"Accurate Reviews\",\"description\":\"\",\"potentialAction\":[{\"@type\":\"SearchAction\",\"target\":{\"@type\":\"EntryPoint\",\"urlTemplate\":\"https:\\\/\\\/www.accuratereviews.com\\\/it\\\/?s={search_term_string}\"},\"query-input\":{\"@type\":\"PropertyValueSpecification\",\"valueRequired\":true,\"valueName\":\"search_term_string\"}}],\"inLanguage\":\"it-IT\"}]}<\/script>\n<!-- \/ Yoast SEO plugin. -->","yoast_head_json":{"title":"Workshop software: recensione gestionale officine - Accurate Reviews","description":"Workshop software: recensione\u00a0programma\u00a0per officine che fornisce una piattaforma per la gestione completa della tua attivit\u00e0.","robots":{"index":"index","follow":"follow","max-snippet":"max-snippet:-1","max-image-preview":"max-image-preview:large","max-video-preview":"max-video-preview:-1"},"canonical":"https:\/\/www.accuratereviews.com\/it\/gestionale-per-officine\/workshop-software-recensione\/","og_locale":"it_IT","og_type":"article","og_title":"Workshop software: recensione gestionale officine - Accurate Reviews","og_description":"Workshop software: recensione\u00a0programma\u00a0per officine che fornisce una piattaforma per la gestione completa della tua attivit\u00e0.","og_url":"https:\/\/www.accuratereviews.com\/it\/gestionale-per-officine\/workshop-software-recensione\/","og_site_name":"Accurate Reviews","article_modified_time":"2023-09-11T08:39:13+00:00","og_image":[{"width":300,"height":300,"url":"https:\/\/www.accuratereviews.com\/wp-content\/uploads\/2020\/05\/Workshop300x300.png","type":"image\/png"}],"twitter_card":"summary_large_image","twitter_misc":{"Tempo di lettura stimato":"4 minuti"},"schema":{"@context":"https:\/\/schema.org","@graph":[{"@type":"WebPage","@id":"https:\/\/www.accuratereviews.com\/it\/gestionale-per-officine\/workshop-software-recensione\/","url":"https:\/\/www.accuratereviews.com\/it\/gestionale-per-officine\/workshop-software-recensione\/","name":"Workshop software: recensione gestionale officine - Accurate Reviews","isPartOf":{"@id":"https:\/\/www.accuratereviews.com\/it\/#website"},"primaryImageOfPage":{"@id":"https:\/\/www.accuratereviews.com\/it\/gestionale-per-officine\/workshop-software-recensione\/#primaryimage"},"image":{"@id":"https:\/\/www.accuratereviews.com\/it\/gestionale-per-officine\/workshop-software-recensione\/#primaryimage"},"thumbnailUrl":"https:\/\/www.accuratereviews.com\/wp-content\/uploads\/2020\/05\/Workshop300x300.png","datePublished":"2020-05-15T10:18:33+00:00","dateModified":"2023-09-11T08:39:13+00:00","description":"Workshop software: recensione\u00a0programma\u00a0per officine che fornisce una piattaforma per la gestione completa della tua attivit\u00e0.","breadcrumb":{"@id":"https:\/\/www.accuratereviews.com\/it\/gestionale-per-officine\/workshop-software-recensione\/#breadcrumb"},"inLanguage":"it-IT","potentialAction":[{"@type":"ReadAction","target":["https:\/\/www.accuratereviews.com\/it\/gestionale-per-officine\/workshop-software-recensione\/"]}]},{"@type":"ImageObject","inLanguage":"it-IT","@id":"https:\/\/www.accuratereviews.com\/it\/gestionale-per-officine\/workshop-software-recensione\/#primaryimage","url":"https:\/\/www.accuratereviews.com\/wp-content\/uploads\/2020\/05\/Workshop300x300.png","contentUrl":"https:\/\/www.accuratereviews.com\/wp-content\/uploads\/2020\/05\/Workshop300x300.png","width":300,"height":300},{"@type":"BreadcrumbList","@id":"https:\/\/www.accuratereviews.com\/it\/gestionale-per-officine\/workshop-software-recensione\/#breadcrumb","itemListElement":[{"@type":"ListItem","position":1,"name":"Home","item":"https:\/\/www.accuratereviews.com\/it\/"},{"@type":"ListItem","position":2,"name":"Gestionale per officine","item":"https:\/\/www.accuratereviews.com\/it\/gestionale-per-officine\/"},{"@type":"ListItem","position":3,"name":"Workshop software"}]},{"@type":"WebSite","@id":"https:\/\/www.accuratereviews.com\/it\/#website","url":"https:\/\/www.accuratereviews.com\/it\/","name":"Accurate Reviews","description":"","potentialAction":[{"@type":"SearchAction","target":{"@type":"EntryPoint","urlTemplate":"https:\/\/www.accuratereviews.com\/it\/?s={search_term_string}"},"query-input":{"@type":"PropertyValueSpecification","valueRequired":true,"valueName":"search_term_string"}}],"inLanguage":"it-IT"}]}},"_links":{"self":[{"href":"https:\/\/www.accuratereviews.com\/it\/wp-json\/wp\/v2\/pages\/26516","targetHints":{"allow":["GET"]}}],"collection":[{"href":"https:\/\/www.accuratereviews.com\/it\/wp-json\/wp\/v2\/pages"}],"about":[{"href":"https:\/\/www.accuratereviews.com\/it\/wp-json\/wp\/v2\/types\/page"}],"author":[{"embeddable":true,"href":"https:\/\/www.accuratereviews.com\/it\/wp-json\/wp\/v2\/users\/19"}],"replies":[{"embeddable":true,"href":"https:\/\/www.accuratereviews.com\/it\/wp-json\/wp\/v2\/comments?post=26516"}],"version-history":[{"count":8,"href":"https:\/\/www.accuratereviews.com\/it\/wp-json\/wp\/v2\/pages\/26516\/revisions"}],"predecessor-version":[{"id":71808,"href":"https:\/\/www.accuratereviews.com\/it\/wp-json\/wp\/v2\/pages\/26516\/revisions\/71808"}],"up":[{"embeddable":true,"href":"https:\/\/www.accuratereviews.com\/it\/wp-json\/wp\/v2\/pages\/26440"}],"wp:featuredmedia":[{"embeddable":true,"href":"https:\/\/www.accuratereviews.com\/it\/wp-json\/wp\/v2\/media\/26520"}],"wp:attachment":[{"href":"https:\/\/www.accuratereviews.com\/it\/wp-json\/wp\/v2\/media?parent=26516"}],"wp:term":[{"taxonomy":"category","embeddable":true,"href":"https:\/\/www.accuratereviews.com\/it\/wp-json\/wp\/v2\/categories?post=26516"},{"taxonomy":"post_tag","embeddable":true,"href":"https:\/\/www.accuratereviews.com\/it\/wp-json\/wp\/v2\/tags?post=26516"},{"taxonomy":"features","embeddable":true,"href":"https:\/\/www.accuratereviews.com\/it\/wp-json\/wp\/v2\/features?post=26516"}],"curies":[{"name":"wp","href":"https:\/\/api.w.org\/{rel}","templated":true}]}}