{"id":26527,"date":"2020-05-15T10:17:43","date_gmt":"2020-05-15T10:17:43","guid":{"rendered":"https:\/\/www.accuratereviews.com\/?page_id=26527"},"modified":"2023-09-12T09:31:23","modified_gmt":"2023-09-12T09:31:23","slug":"digital-wrench-recensione","status":"publish","type":"page","link":"https:\/\/www.accuratereviews.com\/it\/gestionale-per-officine\/digital-wrench-recensione\/","title":{"rendered":"Digital Wrench"},"content":{"rendered":"<p><strong>Digital Wrench<\/strong> \u00e8 un <strong>software per la gestione di officine<\/strong>\u00a0adatto per piccole, medie e grandi aziende di questo settore. In esecuzione sul <strong>cloud<\/strong>, protegge i dati di clienti, dell&#8217; inventario e consente agli utenti di accedere in qualsiasi momento. Il mantenimento degli ordini di lavoro, la cronologia dei clienti, il monitoraggio delle entrate, la manutenzione dell&#8217;inventario e il controllo delle ore lavorate sono le principali caratteristiche di questo software. <strong>Digital Wrench<\/strong> fornisce modelli che consentono ai proprietari di risparmiare tempo durante la generazione di fatture e ordini di lavoro. Inoltre, i proprietari possono tenere traccia di un ordine di lavoro durante il suo ciclo di vita.\u00a0Con la sua funzione di tracciamento dell&#8217;inventario, i proprietari \u00a0possono tenere traccia degli articoli venduti, delle parti acquistate e dei costi di manodopera.<\/p>\n<h2>DIGITAL WRENCH &#8211; TUTORIAL<\/h2>\n<p>Ecco una panoramica di tutte le funzioni di questo <strong>software gestionale per officine<\/strong>:<\/p>\n<div id=\"fluid-wrapper-counter-1\" class=\"g1-fluid-wrapper \" style=\"width:686px;\">\n<div style=\"padding-bottom:56.268221574344%;\"><iframe loading=\"lazy\" title=\"Repair Shop Software Main Options\" width=\"515\" height=\"386\" src=\"https:\/\/www.youtube.com\/embed\/SSE62Hz5LuY?feature=oembed&amp;wmode=transparent&amp;autohide=1&amp;autoplay=0&amp;disablekb=0&amp;fs=1&amp;loop=0&amp;enablejsapi=1&amp;rel=0&amp;controls=2&amp;showinfo=0&amp;wmode=transparent&amp;autohide=2&amp;autoplay=0&amp;disablekb=0&amp;fs=1&amp;loop=0&amp;enablejsapi=1&amp;rel=0&amp;controls=2&amp;showinfo=1\" frameborder=\"0\" allow=\"accelerometer; autoplay; clipboard-write; encrypted-media; gyroscope; picture-in-picture; web-share\" allowfullscreen><\/iframe><\/div>\n<\/div>\n<h3>DIGITAL WRENCH &#8211; CARATTERISTICHE<\/h3>\n<ul>\n<li><strong>Tracciamento dei clienti<\/strong>: accesso immediato alle informazioni sui clienti per un servizio ottimizzato e il massimo della soddisfazione dei clienti<\/li>\n<li><strong>Guida al lavoro in tempo reale<\/strong>: importa istantaneamente la manodopera e tieni traccia delle ore per tutti i lavori<\/li>\n<li><strong>Inventario<\/strong>: semplifica il processo di ordinazione della merce<\/li>\n<li><strong> Elenco<\/strong>: il database mantiene l&#8217;elenco dei fornitori in modo da poter trovare facilmente ci\u00f2 di cui hai bisogno in qualsiasi momento<\/li>\n<li><strong>Tracciamento<\/strong>: tieni traccia dei tuoi tecnici e manodopera con la semplice soluzione di tracciamento tecnico<\/li>\n<li><strong>Segnalazione<\/strong>: le potenti funzionalit\u00e0 di segnalazione ti consentono di visualizzare facilmente rapporti sui profitti, fatture, rapporti tecnici e altro ancora<\/li>\n<li><strong>Sicurezza<\/strong>: goditi il massimo della sicurezza per tutte le funzionalit\u00e0 standard utilizzando nove diversi livelli<\/li>\n<\/ul>\n<h4>LE RECENSIONE DEGLI UTENTI<\/h4>\n<h4 class=\"font-weight-bold my-1 d-flex align-items-center\">Jim W.&#8221;Layout dell&#8217;ordine di riparazione per un piccolo negozio&#8221;<\/h4>\n<p><strong>Commenti: <\/strong>Nessun problema. Va tutto bene.<\/p>\n<p><strong>Vantaggi: <\/strong>Puoi iniziare a utilizzare il software e costruire immediatamente R.O. Non appena ho ottenuto il programma, ho iniziato a inserire le informazioni sui clienti e sul veicolo per creare una base di clienti. Ho quindi aperto un ordine di riparazione e inserito parti e manodopera di dove ero sul veicolo. Mi ha aiutato a raggiungere il negozio. Mi piace il fatto che non mi manchi il distacco di manodopera o parti. La mia linea di fondo ha mostrato un aumento immediato delle vendite giornaliere. Sto portando pi\u00f9 denaro perch\u00e9 non mi mancano gli oggetti che sono stati riparati o avrebbero dovuto essere aggiunti al R.O.<\/p>\n<p><strong>Inconvenienti: <\/strong>Quando il cliente mi paga in anticipo, il credito in contanti non viene immediatamente calcolato correttamente. Devo premere la &#8220;R&#8221; \/ ricalcolare prima che aggiunga i soldi alle mie parti gi\u00e0 in crescita e ai totali del lavoro.<\/p>\n<h4 class=\"font-weight-bold my-1 d-flex align-items-center\">Dawn K.&#8221;Usalo &#8220;<\/h4>\n<p><strong>Commenti: <\/strong>Non posso dire abbastanza cose positive di Digital Wrench. La nostra esperienza negli ultimi 4+ anni \u00e8 stata a dir poco incredibile !!<\/p>\n<p><strong>Vantaggi: <\/strong>Siamo inciampati per caso su questo software il primo anno in cui abbiamo avviato un&#8217;attivit\u00e0 in proprio. Stavamo lavorando sulle fatture cartacee per i nostri clienti e il nostro inventario era un caos! Entro 15 minuti dall&#8217;installazione di questo software, eravamo attivi e non ci siamo guardati indietro. Non posso sottolineare abbastanza la facilit\u00e0 d&#8217;uso e la sicurezza nel sapere se ci dovrebbe essere un problema, il supporto \u00e8 sempre l\u00ec! Il costo \u00e8 inferiore a quello che ci si aspetterebbe da un programma che pu\u00f2 essere praticamente personalizzato per qualsiasi esigenza! Completamente soddisfatto!<\/p>\n<p><strong>Inconvenienti: <\/strong>Per quanto io possa provare a pensare a un aspetto negativo &#8230; Non riesco proprio.<\/p>\n<h4 class=\"font-weight-bold my-1 d-flex align-items-center\">Mike S.&#8221;Ricambi e assistenza per moto&#8221;<\/h4>\n<p><strong>Vantaggi: <\/strong>Non ci sono molte opzioni l\u00e0 fuori come DW on line funziona alla grande. Sono sicuro che stiamo anche usando il programma completo, cos\u00ec tante cose che pu\u00f2 fare. Sono una persona soddisfatta del cliente e il team \u00e8 sempre stato l\u00ec per me.\u00a0Grazie ragazzi<\/p>\n<p><strong>Inconvenienti: <\/strong>Nessuno a cui riesco a pensare al momento. Sarebbe bello poter inviare messaggi e fatturare al cliente<\/p>\n<p>&nbsp;<\/p>\n<p>&nbsp;<\/p>\n","protected":false},"excerpt":{"rendered":"<p>Digital Wrench \u00e8 un software per la gestione di officine\u00a0adatto per piccole, medie e grandi aziende di questo settore. In esecuzione sul cloud, protegge i dati di clienti, dell&#8217; inventario e consente agli utenti di accedere in qualsiasi momento. Il mantenimento degli ordini di lavoro, la cronologia dei clienti, il monitoraggio delle entrate, la manutenzione dell&#8217;inventario e il controllo delle ore lavorate sono le principali caratteristiche di questo software.<\/p>\n","protected":false},"author":19,"featured_media":26533,"parent":26440,"menu_order":0,"comment_status":"open","ping_status":"closed","template":"g1_template_page_review_new.php","meta":{"_acf_changed":false,"cwp_meta_box_check":"Yes","cwp_rev_product_name":"","cwp_rev_product_image":"","wppr_links":[],"cwp_rev_price":"","wppr_options":[{"name":"Usability","value":"0"},{"name":"Speed","value":"0"},{"name":"Features","value":"0"},{"name":"Support","value":"0"},{"name":"Pricing","value":"0"}],"wppr_pros":["","","","",""],"wppr_cons":["","","","",""],"_monsterinsights_skip_tracking":false,"_monsterinsights_sitenote_active":false,"_monsterinsights_sitenote_note":"","_monsterinsights_sitenote_category":0,"footnotes":""},"categories":[104,2818],"tags":[2824,2830,2822,2823,2820,2821],"features":[],"class_list":{"0":"post-26527","1":"page","2":"type-page","3":"status-publish","4":"has-post-thumbnail","6":"category-email-verifier-it","7":"category-gestionale-per-officine-cat","8":"tag-auto-management-software","9":"tag-digital-wrench","10":"tag-piattaforma-gestionale-per-officine","11":"tag-programma-gestionale-per-officine","12":"tag-software-gestionale-per-officine","13":"tag-soluzione-gestionale-per-officine"},"wppr_data":{"cwp_meta_box_check":"Yes","cwp_rev_product_name":"","_wppr_review_template":"default","cwp_rev_product_image":"","cwp_image_link":"image","wppr_links":[],"cwp_rev_price":"","wppr_pros":["","","","",""],"wppr_cons":["","","","",""],"wppr_rating":"0.00","wppr_options":{"1":{"name":"Usability","value":"0"},"2":{"name":"Speed","value":"0"},"3":{"name":"Features","value":"0"},"4":{"name":"Support","value":"0"},"5":{"name":"Pricing","value":"0"}},"wppr_review_type":"Product","wppr_review_custom_fields":{"additionalProperty":"","additionalType":"","aggregateRating":"","alternateName":"","audience":"","award":"","awards":"","brand":"","color":"","depth":"","description":"","disambiguatingDescription":"","gtin12":"","gtin13":"","gtin14":"","gtin8":"","height":"","identifier":"","image":"","isAccessoryOrSparePartFor":"","isConsumableFor":"","isRelatedTo":"","isSimilarTo":"","itemCondition":"","logo":"","mainEntityOfPage":"","manufacturer":"","material":"","model":"","mpn":"","name":"","offers":"","potentialAction":"","productID":"","productionDate":"","purchaseDate":"","releaseDate":"","review":"","reviews":"","sameAs":"","sku":"","slogan":"","subjectOf":"","url":"","weight":"","width":""}},"acf":[],"yoast_head":"<!-- This site is optimized with the Yoast SEO plugin v27.4 - https:\/\/yoast.com\/product\/yoast-seo-wordpress\/ -->\n<title>Digital Wrench: recensione software gestionale officine - Accurate Reviews<\/title>\n<meta name=\"description\" content=\"Digital Wrench: recensione software per la gestione di officine\u00a0adatto per piccole, medie e grandi aziende di questo settore.\" \/>\n<meta name=\"robots\" content=\"index, follow, max-snippet:-1, max-image-preview:large, max-video-preview:-1\" \/>\n<link rel=\"canonical\" href=\"https:\/\/www.accuratereviews.com\/it\/gestionale-per-officine\/digital-wrench-recensione\/\" \/>\n<meta property=\"og:locale\" content=\"it_IT\" \/>\n<meta property=\"og:type\" content=\"article\" \/>\n<meta property=\"og:title\" content=\"Digital Wrench: recensione software gestionale officine - Accurate Reviews\" \/>\n<meta property=\"og:description\" content=\"Digital Wrench: recensione software per la gestione di officine\u00a0adatto per piccole, medie e grandi aziende di questo settore.\" \/>\n<meta property=\"og:url\" content=\"https:\/\/www.accuratereviews.com\/it\/gestionale-per-officine\/digital-wrench-recensione\/\" \/>\n<meta property=\"og:site_name\" content=\"Accurate Reviews\" \/>\n<meta property=\"article:modified_time\" content=\"2023-09-12T09:31:23+00:00\" \/>\n<meta property=\"og:image\" content=\"https:\/\/www.accuratereviews.com\/wp-content\/uploads\/2020\/05\/Digital-Wrench.jpg\" \/>\n\t<meta property=\"og:image:width\" content=\"310\" \/>\n\t<meta property=\"og:image:height\" content=\"310\" \/>\n\t<meta property=\"og:image:type\" content=\"image\/jpeg\" \/>\n<meta name=\"twitter:card\" content=\"summary_large_image\" \/>\n<meta name=\"twitter:label1\" content=\"Tempo di lettura stimato\" \/>\n\t<meta name=\"twitter:data1\" content=\"4 minuti\" \/>\n<script type=\"application\/ld+json\" class=\"yoast-schema-graph\">{\"@context\":\"https:\\\/\\\/schema.org\",\"@graph\":[{\"@type\":\"WebPage\",\"@id\":\"https:\\\/\\\/www.accuratereviews.com\\\/it\\\/gestionale-per-officine\\\/digital-wrench-recensione\\\/\",\"url\":\"https:\\\/\\\/www.accuratereviews.com\\\/it\\\/gestionale-per-officine\\\/digital-wrench-recensione\\\/\",\"name\":\"Digital Wrench: recensione software gestionale officine - Accurate Reviews\",\"isPartOf\":{\"@id\":\"https:\\\/\\\/www.accuratereviews.com\\\/it\\\/#website\"},\"primaryImageOfPage\":{\"@id\":\"https:\\\/\\\/www.accuratereviews.com\\\/it\\\/gestionale-per-officine\\\/digital-wrench-recensione\\\/#primaryimage\"},\"image\":{\"@id\":\"https:\\\/\\\/www.accuratereviews.com\\\/it\\\/gestionale-per-officine\\\/digital-wrench-recensione\\\/#primaryimage\"},\"thumbnailUrl\":\"https:\\\/\\\/www.accuratereviews.com\\\/wp-content\\\/uploads\\\/2020\\\/05\\\/Digital-Wrench.jpg\",\"datePublished\":\"2020-05-15T10:17:43+00:00\",\"dateModified\":\"2023-09-12T09:31:23+00:00\",\"description\":\"Digital Wrench: recensione software per la gestione di officine\u00a0adatto per piccole, medie e grandi aziende di questo settore.\",\"breadcrumb\":{\"@id\":\"https:\\\/\\\/www.accuratereviews.com\\\/it\\\/gestionale-per-officine\\\/digital-wrench-recensione\\\/#breadcrumb\"},\"inLanguage\":\"it-IT\",\"potentialAction\":[{\"@type\":\"ReadAction\",\"target\":[\"https:\\\/\\\/www.accuratereviews.com\\\/it\\\/gestionale-per-officine\\\/digital-wrench-recensione\\\/\"]}]},{\"@type\":\"ImageObject\",\"inLanguage\":\"it-IT\",\"@id\":\"https:\\\/\\\/www.accuratereviews.com\\\/it\\\/gestionale-per-officine\\\/digital-wrench-recensione\\\/#primaryimage\",\"url\":\"https:\\\/\\\/www.accuratereviews.com\\\/wp-content\\\/uploads\\\/2020\\\/05\\\/Digital-Wrench.jpg\",\"contentUrl\":\"https:\\\/\\\/www.accuratereviews.com\\\/wp-content\\\/uploads\\\/2020\\\/05\\\/Digital-Wrench.jpg\",\"width\":310,\"height\":310},{\"@type\":\"BreadcrumbList\",\"@id\":\"https:\\\/\\\/www.accuratereviews.com\\\/it\\\/gestionale-per-officine\\\/digital-wrench-recensione\\\/#breadcrumb\",\"itemListElement\":[{\"@type\":\"ListItem\",\"position\":1,\"name\":\"Home\",\"item\":\"https:\\\/\\\/www.accuratereviews.com\\\/it\\\/\"},{\"@type\":\"ListItem\",\"position\":2,\"name\":\"Gestionale per officine\",\"item\":\"https:\\\/\\\/www.accuratereviews.com\\\/it\\\/gestionale-per-officine\\\/\"},{\"@type\":\"ListItem\",\"position\":3,\"name\":\"Digital Wrench\"}]},{\"@type\":\"WebSite\",\"@id\":\"https:\\\/\\\/www.accuratereviews.com\\\/it\\\/#website\",\"url\":\"https:\\\/\\\/www.accuratereviews.com\\\/it\\\/\",\"name\":\"Accurate Reviews\",\"description\":\"\",\"potentialAction\":[{\"@type\":\"SearchAction\",\"target\":{\"@type\":\"EntryPoint\",\"urlTemplate\":\"https:\\\/\\\/www.accuratereviews.com\\\/it\\\/?s={search_term_string}\"},\"query-input\":{\"@type\":\"PropertyValueSpecification\",\"valueRequired\":true,\"valueName\":\"search_term_string\"}}],\"inLanguage\":\"it-IT\"}]}<\/script>\n<!-- \/ Yoast SEO plugin. -->","yoast_head_json":{"title":"Digital Wrench: recensione software gestionale officine - Accurate Reviews","description":"Digital Wrench: recensione software per la gestione di officine\u00a0adatto per piccole, medie e grandi aziende di questo settore.","robots":{"index":"index","follow":"follow","max-snippet":"max-snippet:-1","max-image-preview":"max-image-preview:large","max-video-preview":"max-video-preview:-1"},"canonical":"https:\/\/www.accuratereviews.com\/it\/gestionale-per-officine\/digital-wrench-recensione\/","og_locale":"it_IT","og_type":"article","og_title":"Digital Wrench: recensione software gestionale officine - Accurate Reviews","og_description":"Digital Wrench: recensione software per la gestione di officine\u00a0adatto per piccole, medie e grandi aziende di questo settore.","og_url":"https:\/\/www.accuratereviews.com\/it\/gestionale-per-officine\/digital-wrench-recensione\/","og_site_name":"Accurate Reviews","article_modified_time":"2023-09-12T09:31:23+00:00","og_image":[{"width":310,"height":310,"url":"https:\/\/www.accuratereviews.com\/wp-content\/uploads\/2020\/05\/Digital-Wrench.jpg","type":"image\/jpeg"}],"twitter_card":"summary_large_image","twitter_misc":{"Tempo di lettura stimato":"4 minuti"},"schema":{"@context":"https:\/\/schema.org","@graph":[{"@type":"WebPage","@id":"https:\/\/www.accuratereviews.com\/it\/gestionale-per-officine\/digital-wrench-recensione\/","url":"https:\/\/www.accuratereviews.com\/it\/gestionale-per-officine\/digital-wrench-recensione\/","name":"Digital Wrench: recensione software gestionale officine - Accurate Reviews","isPartOf":{"@id":"https:\/\/www.accuratereviews.com\/it\/#website"},"primaryImageOfPage":{"@id":"https:\/\/www.accuratereviews.com\/it\/gestionale-per-officine\/digital-wrench-recensione\/#primaryimage"},"image":{"@id":"https:\/\/www.accuratereviews.com\/it\/gestionale-per-officine\/digital-wrench-recensione\/#primaryimage"},"thumbnailUrl":"https:\/\/www.accuratereviews.com\/wp-content\/uploads\/2020\/05\/Digital-Wrench.jpg","datePublished":"2020-05-15T10:17:43+00:00","dateModified":"2023-09-12T09:31:23+00:00","description":"Digital Wrench: recensione software per la gestione di officine\u00a0adatto per piccole, medie e grandi aziende di questo settore.","breadcrumb":{"@id":"https:\/\/www.accuratereviews.com\/it\/gestionale-per-officine\/digital-wrench-recensione\/#breadcrumb"},"inLanguage":"it-IT","potentialAction":[{"@type":"ReadAction","target":["https:\/\/www.accuratereviews.com\/it\/gestionale-per-officine\/digital-wrench-recensione\/"]}]},{"@type":"ImageObject","inLanguage":"it-IT","@id":"https:\/\/www.accuratereviews.com\/it\/gestionale-per-officine\/digital-wrench-recensione\/#primaryimage","url":"https:\/\/www.accuratereviews.com\/wp-content\/uploads\/2020\/05\/Digital-Wrench.jpg","contentUrl":"https:\/\/www.accuratereviews.com\/wp-content\/uploads\/2020\/05\/Digital-Wrench.jpg","width":310,"height":310},{"@type":"BreadcrumbList","@id":"https:\/\/www.accuratereviews.com\/it\/gestionale-per-officine\/digital-wrench-recensione\/#breadcrumb","itemListElement":[{"@type":"ListItem","position":1,"name":"Home","item":"https:\/\/www.accuratereviews.com\/it\/"},{"@type":"ListItem","position":2,"name":"Gestionale per officine","item":"https:\/\/www.accuratereviews.com\/it\/gestionale-per-officine\/"},{"@type":"ListItem","position":3,"name":"Digital Wrench"}]},{"@type":"WebSite","@id":"https:\/\/www.accuratereviews.com\/it\/#website","url":"https:\/\/www.accuratereviews.com\/it\/","name":"Accurate Reviews","description":"","potentialAction":[{"@type":"SearchAction","target":{"@type":"EntryPoint","urlTemplate":"https:\/\/www.accuratereviews.com\/it\/?s={search_term_string}"},"query-input":{"@type":"PropertyValueSpecification","valueRequired":true,"valueName":"search_term_string"}}],"inLanguage":"it-IT"}]}},"_links":{"self":[{"href":"https:\/\/www.accuratereviews.com\/it\/wp-json\/wp\/v2\/pages\/26527","targetHints":{"allow":["GET"]}}],"collection":[{"href":"https:\/\/www.accuratereviews.com\/it\/wp-json\/wp\/v2\/pages"}],"about":[{"href":"https:\/\/www.accuratereviews.com\/it\/wp-json\/wp\/v2\/types\/page"}],"author":[{"embeddable":true,"href":"https:\/\/www.accuratereviews.com\/it\/wp-json\/wp\/v2\/users\/19"}],"replies":[{"embeddable":true,"href":"https:\/\/www.accuratereviews.com\/it\/wp-json\/wp\/v2\/comments?post=26527"}],"version-history":[{"count":5,"href":"https:\/\/www.accuratereviews.com\/it\/wp-json\/wp\/v2\/pages\/26527\/revisions"}],"predecessor-version":[{"id":71852,"href":"https:\/\/www.accuratereviews.com\/it\/wp-json\/wp\/v2\/pages\/26527\/revisions\/71852"}],"up":[{"embeddable":true,"href":"https:\/\/www.accuratereviews.com\/it\/wp-json\/wp\/v2\/pages\/26440"}],"wp:featuredmedia":[{"embeddable":true,"href":"https:\/\/www.accuratereviews.com\/it\/wp-json\/wp\/v2\/media\/26533"}],"wp:attachment":[{"href":"https:\/\/www.accuratereviews.com\/it\/wp-json\/wp\/v2\/media?parent=26527"}],"wp:term":[{"taxonomy":"category","embeddable":true,"href":"https:\/\/www.accuratereviews.com\/it\/wp-json\/wp\/v2\/categories?post=26527"},{"taxonomy":"post_tag","embeddable":true,"href":"https:\/\/www.accuratereviews.com\/it\/wp-json\/wp\/v2\/tags?post=26527"},{"taxonomy":"features","embeddable":true,"href":"https:\/\/www.accuratereviews.com\/it\/wp-json\/wp\/v2\/features?post=26527"}],"curies":[{"name":"wp","href":"https:\/\/api.w.org\/{rel}","templated":true}]}}