{"id":26577,"date":"2020-05-19T07:04:34","date_gmt":"2020-05-19T07:04:34","guid":{"rendered":"https:\/\/www.accuratereviews.com\/?page_id=26577"},"modified":"2020-05-18T11:06:29","modified_gmt":"2020-05-18T11:06:29","slug":"fullbay-recensione","status":"publish","type":"page","link":"https:\/\/www.accuratereviews.com\/it\/gestionale-per-officine\/fullbay-recensione\/","title":{"rendered":"Fullbay"},"content":{"rendered":"<p><strong>Fullbay<\/strong> \u00e8 <strong>un&#8217;applicazione basata su cloud<\/strong> che supporta e gestisce <strong>le attivit\u00e0 delle officine<\/strong> di riparazione di automobili e veicoli pesanti. La soluzione consente a tecnici, clienti e manager di rimanere coinvolti durante tutto il processo di riparazione, anche al di fuori del negozio. Fullbay permette ai clienti di inviare richieste di riparazione o manutenzione, visualizzare la cronologia di manutenzione, regolare i pagamenti delle fatture e approvare qualsiasi lavoro attraverso un portale con marchio. L&#8217;applicazione consente ai gestori di creare con precisione fatture e inviarle via email ai clienti da QuickBooks Online per la conservazione della documentazione. Il programma \u00e8 compatibile con Android e iOS. Inoltre, il software consente ai proprietari di tenere traccia delle informazioni importanti sui tecnici e di creare report in tempo reale che presentano metriche per mostrare le prestazioni.<\/p>\n<h2>FULLBAY &#8211; TUTORIAL<\/h2>\n<p>Guarda il tutorial per scoprire come trasformare la tua attivit\u00e0 e in che modo piccoli cambiamenti possono avere un grande impatto sui tuoi profitti utilizzando questo <strong>software gestionale per officine<\/strong>:<\/p>\n<div id=\"fluid-wrapper-counter-1\" class=\"g1-fluid-wrapper \" style=\"width:686px;\">\n<div style=\"padding-bottom:56.268221574344%;\"><iframe loading=\"lazy\" title=\"What Does the Ideal Heavy Duty Repair Shop Look Like?\" width=\"686\" height=\"386\" src=\"https:\/\/www.youtube.com\/embed\/NuTsJJlC-Fc?start=1484&#038;feature=oembed&amp;wmode=transparent&amp;autohide=1&amp;autoplay=0&amp;disablekb=0&amp;fs=1&amp;loop=0&amp;enablejsapi=1&amp;rel=0&amp;controls=2&amp;showinfo=0&amp;wmode=transparent&amp;autohide=2&amp;autoplay=0&amp;disablekb=0&amp;fs=1&amp;loop=0&amp;enablejsapi=1&amp;rel=0&amp;controls=2&amp;showinfo=1\" frameborder=\"0\" allow=\"accelerometer; autoplay; encrypted-media; gyroscope; picture-in-picture\" allowfullscreen><\/iframe><\/div>\n<\/div>\n<p>&nbsp;<\/p>\n<h3>FULLBAY &#8211; CARATTERISTICHE<\/h3>\n<ul>\n<li><strong>Metriche in tempo reale:<\/strong> fai il check-in nel negozio da qualsiasi luogo<\/li>\n<li><strong>Portale clienti<\/strong>: I tuoi clienti possono richiedere riparazioni, autorizzare il lavoro e pagare le fatture direttamente dal portale<\/li>\n<li><strong>Conformit\u00e0 DOT<\/strong>: tieni traccia dei controlli annuali, invia rapporti DVIR e cronologia delle manutenzioni eseguite<\/li>\n<li><strong>Dashboard del proprietario<\/strong>: vedi le statistiche chiave, in tempo reale<\/li>\n<li><strong>Personalizzabile<\/strong>: crea\u00a0il flusso di lavoro che desideri<\/li>\n<li><strong>Tecnico focalizzato<\/strong>: aiuta i tuoi tecnici a svolgere il loro lavoro pi\u00f9 velocemente<\/li>\n<li><strong>Servizio clienti:<\/strong> supporto sempre presente e formazione illimitati<\/li>\n<\/ul>\n<h4>LE RECENSIONI DEGLI UTENTI<\/h4>\n<h4 class=\"font-weight-bold my-1 d-flex align-items-center\">Shelli W.&#8221;Ottimo software + grande valore = clienti soddisfatti&#8221;<\/h4>\n<p><strong>Commenti: <\/strong>Abbiamo avuto problemi a tenere traccia degli &#8220;extra&#8221; sugli SO. Quando arrivammo alla fine del lavoro e finimmo per ore, i tecnici non ricordavano il perch\u00e9 e perdemmo molte opportunit\u00e0 di fatturare per ore correggendo il lavoro non autorizzato. Fullbay ci ha permesso di creare facilmente oggetti d&#8217;azione e di autorizzare il cliente prima di iniziare il lavoro, il che significa che possiamo fatturare tutto il tempo dei tecnici!<\/p>\n<p><strong>Vantaggi: <\/strong>La facilit\u00e0 di impostare SO e comunicare con i nostri clienti.<\/p>\n<p><strong>Inconvenienti: <\/strong>Time Reporting !!! Vorrebbe la capacit\u00e0 di tracciare prontamente il tempo dei tecnici e le opzioni di reporting dei tempi migliori.<\/p>\n<h4 class=\"font-weight-bold my-1 d-flex align-items-center\">Keith M.&#8221;FullBay&#8221;<\/h4>\n<p><strong>Commenti: <\/strong>La mia esperienza complessiva con FullBay \u00e8 stata fantastica. Mi piace molto il prodotto il supporto che mi danno e le continue innovazioni. Altamente raccomandato.<\/p>\n<p><strong>Vantaggi: <\/strong>Mi piace molto questo programma. \u00c8 il nostro programma principale del negozio. Lo usiamo per la fatturazione, la gestione dell&#8217;inventario, l&#8217;efficienza dei tecnici e come app mobile per i nostri camion di servizio. Facile da usare. Stanno aggiornando costantemente il prodotto. Molto sensibile ai suggerimenti.<\/p>\n<p><strong>Inconvenienti: <\/strong>L&#8217;unica lamentela che ho riguardo al software \u00e8 che migra solo le informazioni sui libri rapidi. Vorrei che potesse migrare anche su Sage.<\/p>\n<h4 class=\"font-weight-bold my-1 d-flex align-items-center\">Matt B.&#8221;Il miglior software di riparazione per camion che abbia mai usato!&#8221;<\/h4>\n<p><strong>Commenti: <\/strong>Grande! tutto il team di fullbay \u00e8 sempre utile<\/p>\n<p><strong>Vantaggi: <\/strong>Mi piace il flusso del software. \u00c8 molto intuitivo. Non ho bisogno di costruire wok-around per renderlo veloce ed efficace. Il programma \u00e8 stato creato da persone del settore delle riparazioni di camion non da una societ\u00e0 di software che indovina come dovrebbero fare affari.<\/p>\n<p><strong>Inconvenienti: <\/strong>Non ho molti svantaggi per questo software perch\u00e9 quando do un suggerimento di solito viene risolto nel prossimo aggiornamento o due.<\/p>\n<div class=\"ml-4 pl-4 border-left border-left__dotted i18n-translation_vendor_container\" data-translation-id=\"1432495\" data-translation-vendor-target=\"original\">\n<div class=\"d-flex flex-wrap flex-md-nowrap align-items-center\">\n<h4 class=\"h5 font-weight-bold\"><\/h4>\n<\/div>\n<\/div>\n","protected":false},"excerpt":{"rendered":"<p>Fullbay \u00e8 un&#8217;applicazione basata su cloud che supporta e gestisce le attivit\u00e0 delle officine di riparazione di automobili che si occupano di veicoli pesanti. La soluzione consente a tecnici, clienti e manager di rimanere coinvolti durante tutto il processo di riparazione, anche al di fuori del negozio.\u00a0Fullbay consente ai clienti di inviare richieste di riparazione o manutenzione, visualizzare la cronologia di manutenzione, regolare i pagamenti delle fatture e approvare qualsiasi lavoro attraverso un portale con marchio.<\/p>\n","protected":false},"author":19,"featured_media":26578,"parent":26440,"menu_order":0,"comment_status":"open","ping_status":"closed","template":"g1_template_page_review_new.php","meta":{"_acf_changed":false,"cwp_meta_box_check":"Yes","cwp_rev_product_name":"","cwp_rev_product_image":"","wppr_links":[],"cwp_rev_price":"","wppr_options":[],"wppr_pros":[],"wppr_cons":[],"_monsterinsights_skip_tracking":false,"_monsterinsights_sitenote_active":false,"_monsterinsights_sitenote_note":"","_monsterinsights_sitenote_category":0,"footnotes":""},"categories":[2818],"tags":[2839,2824,396,2838,2823,2820,2821],"features":[],"class_list":{"0":"post-26577","1":"page","2":"type-page","3":"status-publish","4":"has-post-thumbnail","6":"category-gestionale-per-officine-cat","7":"tag-applicazione-gestionale-per-officine","8":"tag-auto-management-software","9":"tag-cloud","10":"tag-fullbay","11":"tag-programma-gestionale-per-officine","12":"tag-software-gestionale-per-officine","13":"tag-soluzione-gestionale-per-officine"},"wppr_data":{"cwp_meta_box_check":"Yes","cwp_rev_product_name":"","cwp_rev_product_image":"","cwp_image_link":"image","cwp_rev_price":"","wppr_rating":"0.00"},"acf":[],"yoast_head":"<!-- This site is optimized with the Yoast SEO plugin v27.4 - https:\/\/yoast.com\/product\/yoast-seo-wordpress\/ -->\n<title>Fullbay: recensione software gestionale per officine - Accurate Reviews<\/title>\n<meta name=\"description\" content=\"Fullbay: recensione soluzione basata su cloud che supporta e gestisce le attivit\u00e0 di riparazione automobili destinate al lavoro pesante.\" \/>\n<meta name=\"robots\" content=\"index, follow, max-snippet:-1, max-image-preview:large, max-video-preview:-1\" \/>\n<link rel=\"canonical\" href=\"https:\/\/www.accuratereviews.com\/it\/gestionale-per-officine\/fullbay-recensione\/\" \/>\n<meta property=\"og:locale\" content=\"it_IT\" \/>\n<meta property=\"og:type\" content=\"article\" \/>\n<meta property=\"og:title\" content=\"Fullbay: recensione software gestionale per officine - Accurate Reviews\" \/>\n<meta property=\"og:description\" content=\"Fullbay: recensione soluzione basata su cloud che supporta e gestisce le attivit\u00e0 di riparazione automobili destinate al lavoro pesante.\" \/>\n<meta property=\"og:url\" content=\"https:\/\/www.accuratereviews.com\/it\/gestionale-per-officine\/fullbay-recensione\/\" \/>\n<meta property=\"og:site_name\" content=\"Accurate Reviews\" \/>\n<meta property=\"og:image\" content=\"https:\/\/www.accuratereviews.com\/wp-content\/uploads\/2020\/05\/Fullbaylogo-1.jpg\" \/>\n\t<meta property=\"og:image:width\" content=\"950\" \/>\n\t<meta property=\"og:image:height\" content=\"500\" \/>\n\t<meta property=\"og:image:type\" content=\"image\/jpeg\" \/>\n<meta name=\"twitter:card\" content=\"summary_large_image\" \/>\n<meta name=\"twitter:label1\" content=\"Tempo di lettura stimato\" \/>\n\t<meta name=\"twitter:data1\" content=\"3 minuti\" \/>\n<script type=\"application\/ld+json\" class=\"yoast-schema-graph\">{\"@context\":\"https:\\\/\\\/schema.org\",\"@graph\":[{\"@type\":\"WebPage\",\"@id\":\"https:\\\/\\\/www.accuratereviews.com\\\/it\\\/gestionale-per-officine\\\/fullbay-recensione\\\/\",\"url\":\"https:\\\/\\\/www.accuratereviews.com\\\/it\\\/gestionale-per-officine\\\/fullbay-recensione\\\/\",\"name\":\"Fullbay: recensione software gestionale per officine - Accurate Reviews\",\"isPartOf\":{\"@id\":\"https:\\\/\\\/www.accuratereviews.com\\\/it\\\/#website\"},\"primaryImageOfPage\":{\"@id\":\"https:\\\/\\\/www.accuratereviews.com\\\/it\\\/gestionale-per-officine\\\/fullbay-recensione\\\/#primaryimage\"},\"image\":{\"@id\":\"https:\\\/\\\/www.accuratereviews.com\\\/it\\\/gestionale-per-officine\\\/fullbay-recensione\\\/#primaryimage\"},\"thumbnailUrl\":\"https:\\\/\\\/www.accuratereviews.com\\\/wp-content\\\/uploads\\\/2020\\\/05\\\/Fullbaylogo-1.jpg\",\"datePublished\":\"2020-05-19T07:04:34+00:00\",\"description\":\"Fullbay: recensione soluzione basata su cloud che supporta e gestisce le attivit\u00e0 di riparazione automobili destinate al lavoro pesante.\",\"breadcrumb\":{\"@id\":\"https:\\\/\\\/www.accuratereviews.com\\\/it\\\/gestionale-per-officine\\\/fullbay-recensione\\\/#breadcrumb\"},\"inLanguage\":\"it-IT\",\"potentialAction\":[{\"@type\":\"ReadAction\",\"target\":[\"https:\\\/\\\/www.accuratereviews.com\\\/it\\\/gestionale-per-officine\\\/fullbay-recensione\\\/\"]}]},{\"@type\":\"ImageObject\",\"inLanguage\":\"it-IT\",\"@id\":\"https:\\\/\\\/www.accuratereviews.com\\\/it\\\/gestionale-per-officine\\\/fullbay-recensione\\\/#primaryimage\",\"url\":\"https:\\\/\\\/www.accuratereviews.com\\\/wp-content\\\/uploads\\\/2020\\\/05\\\/Fullbaylogo-1.jpg\",\"contentUrl\":\"https:\\\/\\\/www.accuratereviews.com\\\/wp-content\\\/uploads\\\/2020\\\/05\\\/Fullbaylogo-1.jpg\",\"width\":950,\"height\":500},{\"@type\":\"BreadcrumbList\",\"@id\":\"https:\\\/\\\/www.accuratereviews.com\\\/it\\\/gestionale-per-officine\\\/fullbay-recensione\\\/#breadcrumb\",\"itemListElement\":[{\"@type\":\"ListItem\",\"position\":1,\"name\":\"Home\",\"item\":\"https:\\\/\\\/www.accuratereviews.com\\\/it\\\/\"},{\"@type\":\"ListItem\",\"position\":2,\"name\":\"Gestionale per officine\",\"item\":\"https:\\\/\\\/www.accuratereviews.com\\\/it\\\/gestionale-per-officine\\\/\"},{\"@type\":\"ListItem\",\"position\":3,\"name\":\"Fullbay\"}]},{\"@type\":\"WebSite\",\"@id\":\"https:\\\/\\\/www.accuratereviews.com\\\/it\\\/#website\",\"url\":\"https:\\\/\\\/www.accuratereviews.com\\\/it\\\/\",\"name\":\"Accurate Reviews\",\"description\":\"\",\"potentialAction\":[{\"@type\":\"SearchAction\",\"target\":{\"@type\":\"EntryPoint\",\"urlTemplate\":\"https:\\\/\\\/www.accuratereviews.com\\\/it\\\/?s={search_term_string}\"},\"query-input\":{\"@type\":\"PropertyValueSpecification\",\"valueRequired\":true,\"valueName\":\"search_term_string\"}}],\"inLanguage\":\"it-IT\"}]}<\/script>\n<!-- \/ Yoast SEO plugin. -->","yoast_head_json":{"title":"Fullbay: recensione software gestionale per officine - Accurate Reviews","description":"Fullbay: recensione soluzione basata su cloud che supporta e gestisce le attivit\u00e0 di riparazione automobili destinate al lavoro pesante.","robots":{"index":"index","follow":"follow","max-snippet":"max-snippet:-1","max-image-preview":"max-image-preview:large","max-video-preview":"max-video-preview:-1"},"canonical":"https:\/\/www.accuratereviews.com\/it\/gestionale-per-officine\/fullbay-recensione\/","og_locale":"it_IT","og_type":"article","og_title":"Fullbay: recensione software gestionale per officine - Accurate Reviews","og_description":"Fullbay: recensione soluzione basata su cloud che supporta e gestisce le attivit\u00e0 di riparazione automobili destinate al lavoro pesante.","og_url":"https:\/\/www.accuratereviews.com\/it\/gestionale-per-officine\/fullbay-recensione\/","og_site_name":"Accurate Reviews","og_image":[{"width":950,"height":500,"url":"https:\/\/www.accuratereviews.com\/wp-content\/uploads\/2020\/05\/Fullbaylogo-1.jpg","type":"image\/jpeg"}],"twitter_card":"summary_large_image","twitter_misc":{"Tempo di lettura stimato":"3 minuti"},"schema":{"@context":"https:\/\/schema.org","@graph":[{"@type":"WebPage","@id":"https:\/\/www.accuratereviews.com\/it\/gestionale-per-officine\/fullbay-recensione\/","url":"https:\/\/www.accuratereviews.com\/it\/gestionale-per-officine\/fullbay-recensione\/","name":"Fullbay: recensione software gestionale per officine - Accurate Reviews","isPartOf":{"@id":"https:\/\/www.accuratereviews.com\/it\/#website"},"primaryImageOfPage":{"@id":"https:\/\/www.accuratereviews.com\/it\/gestionale-per-officine\/fullbay-recensione\/#primaryimage"},"image":{"@id":"https:\/\/www.accuratereviews.com\/it\/gestionale-per-officine\/fullbay-recensione\/#primaryimage"},"thumbnailUrl":"https:\/\/www.accuratereviews.com\/wp-content\/uploads\/2020\/05\/Fullbaylogo-1.jpg","datePublished":"2020-05-19T07:04:34+00:00","description":"Fullbay: recensione soluzione basata su cloud che supporta e gestisce le attivit\u00e0 di riparazione automobili destinate al lavoro pesante.","breadcrumb":{"@id":"https:\/\/www.accuratereviews.com\/it\/gestionale-per-officine\/fullbay-recensione\/#breadcrumb"},"inLanguage":"it-IT","potentialAction":[{"@type":"ReadAction","target":["https:\/\/www.accuratereviews.com\/it\/gestionale-per-officine\/fullbay-recensione\/"]}]},{"@type":"ImageObject","inLanguage":"it-IT","@id":"https:\/\/www.accuratereviews.com\/it\/gestionale-per-officine\/fullbay-recensione\/#primaryimage","url":"https:\/\/www.accuratereviews.com\/wp-content\/uploads\/2020\/05\/Fullbaylogo-1.jpg","contentUrl":"https:\/\/www.accuratereviews.com\/wp-content\/uploads\/2020\/05\/Fullbaylogo-1.jpg","width":950,"height":500},{"@type":"BreadcrumbList","@id":"https:\/\/www.accuratereviews.com\/it\/gestionale-per-officine\/fullbay-recensione\/#breadcrumb","itemListElement":[{"@type":"ListItem","position":1,"name":"Home","item":"https:\/\/www.accuratereviews.com\/it\/"},{"@type":"ListItem","position":2,"name":"Gestionale per officine","item":"https:\/\/www.accuratereviews.com\/it\/gestionale-per-officine\/"},{"@type":"ListItem","position":3,"name":"Fullbay"}]},{"@type":"WebSite","@id":"https:\/\/www.accuratereviews.com\/it\/#website","url":"https:\/\/www.accuratereviews.com\/it\/","name":"Accurate Reviews","description":"","potentialAction":[{"@type":"SearchAction","target":{"@type":"EntryPoint","urlTemplate":"https:\/\/www.accuratereviews.com\/it\/?s={search_term_string}"},"query-input":{"@type":"PropertyValueSpecification","valueRequired":true,"valueName":"search_term_string"}}],"inLanguage":"it-IT"}]}},"_links":{"self":[{"href":"https:\/\/www.accuratereviews.com\/it\/wp-json\/wp\/v2\/pages\/26577","targetHints":{"allow":["GET"]}}],"collection":[{"href":"https:\/\/www.accuratereviews.com\/it\/wp-json\/wp\/v2\/pages"}],"about":[{"href":"https:\/\/www.accuratereviews.com\/it\/wp-json\/wp\/v2\/types\/page"}],"author":[{"embeddable":true,"href":"https:\/\/www.accuratereviews.com\/it\/wp-json\/wp\/v2\/users\/19"}],"replies":[{"embeddable":true,"href":"https:\/\/www.accuratereviews.com\/it\/wp-json\/wp\/v2\/comments?post=26577"}],"version-history":[{"count":10,"href":"https:\/\/www.accuratereviews.com\/it\/wp-json\/wp\/v2\/pages\/26577\/revisions"}],"predecessor-version":[{"id":26635,"href":"https:\/\/www.accuratereviews.com\/it\/wp-json\/wp\/v2\/pages\/26577\/revisions\/26635"}],"up":[{"embeddable":true,"href":"https:\/\/www.accuratereviews.com\/it\/wp-json\/wp\/v2\/pages\/26440"}],"wp:featuredmedia":[{"embeddable":true,"href":"https:\/\/www.accuratereviews.com\/it\/wp-json\/wp\/v2\/media\/26578"}],"wp:attachment":[{"href":"https:\/\/www.accuratereviews.com\/it\/wp-json\/wp\/v2\/media?parent=26577"}],"wp:term":[{"taxonomy":"category","embeddable":true,"href":"https:\/\/www.accuratereviews.com\/it\/wp-json\/wp\/v2\/categories?post=26577"},{"taxonomy":"post_tag","embeddable":true,"href":"https:\/\/www.accuratereviews.com\/it\/wp-json\/wp\/v2\/tags?post=26577"},{"taxonomy":"features","embeddable":true,"href":"https:\/\/www.accuratereviews.com\/it\/wp-json\/wp\/v2\/features?post=26577"}],"curies":[{"name":"wp","href":"https:\/\/api.w.org\/{rel}","templated":true}]}}