{"id":26589,"date":"2020-05-19T07:04:36","date_gmt":"2020-05-19T07:04:36","guid":{"rendered":"https:\/\/www.accuratereviews.com\/?page_id=26589"},"modified":"2023-09-30T08:34:10","modified_gmt":"2023-09-30T08:34:10","slug":"autoserve1-recensione","status":"publish","type":"page","link":"https:\/\/www.accuratereviews.com\/it\/gestionale-per-officine\/autoserve1-recensione\/","title":{"rendered":"AutoServe1"},"content":{"rendered":"<p><strong>AutoServe1 <\/strong>\u00e8 una\u00a0<strong>soluzione basata su cloud<\/strong> \u00e8 progettata per aiutare le <strong>officine di riparazione auto<\/strong> a svolgere ispezioni, mantenendo contemporaneamente i clienti informati sullo stato del loro veicolo. Per garantire che i clienti siano tenuti aggiornati mentre l&#8217;auto \u00e8 in riparazione o ispezione, il programma offre una gamma di opzioni di registrazione per i tecnici, tra cui l&#8217;acquisizione di video e immagini tramite dispositivi mobili o tablet e notifiche via email o SMS. Il voice-to-text \u00e8 inoltre usato per consentire ai tecnici di inserire rapidamente e facilmente note o commenti nel sistema per ciascun lavoro, che possono essere visualizzati dagli altri membri del team in tempo reale.\u00a0Gli utenti hanno la possibilit\u00e0 di personalizzare i flussi di lavoro utilizzando l&#8217;interfaccia drag and drop per modificare le schede dallo schermo, le sezioni e gli elementi, a seconda delle esigenze aziendali.<\/p>\n<h2>AUTOSERVE1 &#8211; TUTORIAL<\/h2>\n<p>Ecco un tutorial in cui illustra come questo <strong>software gestionale per officine<\/strong> \u00e8 perfettamente integrato con il programma MotorData:<\/p>\n<div id=\"fluid-wrapper-counter-1\" class=\"g1-fluid-wrapper \" style=\"width:686px;\">\n<div style=\"padding-bottom:56.268221574344%;\"><iframe loading=\"lazy\" title=\"AutoServe1 MOTOR DATA Integration\" width=\"686\" height=\"386\" src=\"https:\/\/www.youtube.com\/embed\/SUt692-4Ofk?feature=oembed&amp;wmode=transparent&amp;autohide=1&amp;autoplay=0&amp;disablekb=0&amp;fs=1&amp;loop=0&amp;enablejsapi=1&amp;rel=0&amp;controls=2&amp;showinfo=0&amp;wmode=transparent&amp;autohide=2&amp;autoplay=0&amp;disablekb=0&amp;fs=1&amp;loop=0&amp;enablejsapi=1&amp;rel=0&amp;controls=2&amp;showinfo=1\" frameborder=\"0\" allow=\"accelerometer; autoplay; clipboard-write; encrypted-media; gyroscope; picture-in-picture; web-share\" allowfullscreen><\/iframe><\/div>\n<\/div>\n<p>&nbsp;<\/p>\n<h3>AUTOSERVE1 &#8211; CARATTERISTICHE<\/h3>\n<ul>\n<li><strong>Ottimizza le prestazioni e la produttivit\u00e0 dell&#8217;officina<\/strong>: metriche come le ispezioni totali dei veicoli e i rapporti dei clienti possono essere misurati tramite il pannello di analisi della soluzione. Ci\u00f2 per mette di controllare ogni aspetto della tua attivit\u00e0 in modo chiaro e preciso<\/li>\n<li><strong>Personalizza le opzioni di ispezione<\/strong>: configura facilmente schede, sezioni e elementi utilizzando l&#8217;editor del flusso di lavoro. Unisce design intuitivo e semplicit\u00e0 per rendere il processo di ispezione pi\u00f9 rapido e semplice per i tuoi tecnici<\/li>\n<li><strong>Ogni passaggio \u00e8 reso semplice<\/strong>: dall&#8217;inizio alla fine, il semplice modello di flusso di lavoro del programma offre al team della tua officina uno stato di avanzamento immediato del processo di riparazione automatica. Con un semplice clic del mouse, gli autori di servizi possono aggiornare lo stato di un veicolo durante il processo di riparazione. Quando il lavoro viene approvato o le parti sono pronte, le notifiche vengono inviate ai tecnici mantenendo tutti sulla stessa pagina<\/li>\n<li><strong>Aumenta i lavori di riparazione:<\/strong> i tecnici possono utilizzare i loro telefoni o tablet per registrare facilmente il processo di ispezione. Con opzioni come la condivisione di video e immagini i clienti possono vedere ci\u00f2 che i tecnici fanno in ogni fase del processo<\/li>\n<li><strong>Ottieni lavori rapidamente approvandoli via SMS<\/strong>: comunicazione diretta, semplice e migliorata con i clienti. La soluzione ha accelerato e semplificato il \u00a0servizio di riparazione automatica: comunicazione di messaggi bidirezionali tra consulenti e clienti<\/li>\n<\/ul>\n<h4>LE RECENSIONI DEGLI UTENTI<\/h4>\n<h4 class=\"font-weight-bold my-1 d-flex align-items-center\">Josh W.&#8221;Autoserve aiuta a ottenere la fiducia dei clienti, con immagini che i clienti possono vedere.&#8221;<\/h4>\n<p><strong>Commenti: <\/strong>Aumento della media dei biglietti e delle vendite complessive. Il programma non viene utilizzato tanto nell&#8217;attesa dei clienti perch\u00e9 possiamo portarli sul loro veicolo e mostrarli. Ma certamente elimina qualsiasi domanda<\/p>\n<p><strong>Vantaggi: <\/strong>La capacit\u00e0 di caricare foto e video ed \u00e8 facilmente accessibile da qualsiasi computer. Elimina anche l&#8217;elenco di controllo della carta che si sporca o unge. I clienti possono conservare il rapporto nella loro email a vita piuttosto che cercare &#8220;quel rapporto&#8221; che il rivenditore gli ha dato.<\/p>\n<p><strong>Inconvenienti: <\/strong>I video devono essere ridotti al minimo e la maggior parte degli smartphone non visualizzer\u00e0 il rapporto. Il programma a volte non funziona, oppure il sito \u00e8 inattivo o le foto non vengono caricate (ma lo hanno corretto di recente).<\/p>\n<h4 class=\"font-weight-bold my-1 d-flex align-items-center\">Philip C.&#8221;Ci \u00e8 piaciuto usare Autoserve1 negli ultimi 4 anni&#8221;<\/h4>\n<p><strong>Commenti: <\/strong>Aprono porte che la gente pensa siano sempre chiuse.<\/p>\n<p><strong>Vantaggi: <\/strong>La cosa che ci piace di pi\u00f9 dalle ispezioni di Autoserve1 \u00e8 che ci\u00f2 che viene inviato tramite email o SMS ai nostri ospiti \u00e8 facile da aprire e da leggere. Abbiamo esaminato cos\u00ec le altre piattaforme e continuiamo a concordare sul fatto che ci\u00f2 fornisce moltissime informazioni ed \u00e8 facile da guidare.<\/p>\n<p><strong>Inconvenienti: <\/strong>La cosa di cui si parla di pi\u00f9 \u00e8 il modo in cui le immagini e i video a volte non arrivano. La nostra struttura \u00e8 di prim&#8217;ordine quando si tratta di copertura WiFi e sembra essere un problema di software per la maggior parte del tempo.<\/p>\n<h5 class=\"font-weight-bold my-1 d-flex align-items-center\">Jay P.&#8221;LA SOLUZIONE \u00c8 FACILE DA UTILIZZARE CLIENTI COME IL RAPPORTO&#8221;<\/h5>\n<p><strong>Commenti: <\/strong>Facile da usare e ti d\u00e0 un ottimo rapporto da rivedere con il cliente<\/p>\n<p><strong>Vantaggi: <\/strong>Questo programma \u00e8 molto facile da usare come cliente e come meccanico che utilizza il tablet, i clienti ottengono un ottimo rapporto da mettere nel file ed \u00e8 bello mostrare loro video o immagini di quel veicolo<\/p>\n<p><strong>Inconvenienti: <\/strong>Non ho davvero alcun svantaggio con questo software, abbiamo alcuni problemi sul tablet che perdono il contatto ma non \u00e8 per colpa del software<\/p>\n","protected":false},"excerpt":{"rendered":"<p>AutoServe1 \u00e8 una\u00a0soluzione basata su cloud \u00e8 progettata per aiutare le officine di riparazione auto a svolgere ispezioni, mantenendo contemporaneamente i clienti informati sullo stato del loro controllo del veicolo utilizzando foto e video durante tutto il processo di manutenzione.\u00a0<\/p>\n","protected":false},"author":19,"featured_media":26590,"parent":26440,"menu_order":0,"comment_status":"open","ping_status":"closed","template":"g1_template_page_review_new.php","meta":{"_acf_changed":false,"cwp_meta_box_check":"Yes","cwp_rev_product_name":"","cwp_rev_product_image":"","wppr_links":[],"cwp_rev_price":"","wppr_options":[{"name":"Usability","value":"0"},{"name":"Speed","value":"0"},{"name":"Features","value":"0"},{"name":"Support","value":"0"},{"name":"Pricing","value":"0"}],"wppr_pros":["","","","",""],"wppr_cons":["","","","",""],"_monsterinsights_skip_tracking":false,"_monsterinsights_sitenote_active":false,"_monsterinsights_sitenote_note":"","_monsterinsights_sitenote_category":0,"footnotes":""},"categories":[2818],"tags":[2824,2819,2840,396,2823,2820,2821],"features":[],"class_list":{"0":"post-26589","1":"page","2":"type-page","3":"status-publish","4":"has-post-thumbnail","6":"category-gestionale-per-officine-cat","7":"tag-auto-management-software","8":"tag-auto-repair","9":"tag-autoserve1","10":"tag-cloud","11":"tag-programma-gestionale-per-officine","12":"tag-software-gestionale-per-officine","13":"tag-soluzione-gestionale-per-officine"},"wppr_data":{"cwp_meta_box_check":"Yes","cwp_rev_product_name":"","_wppr_review_template":"default","cwp_rev_product_image":"","cwp_image_link":"image","wppr_links":[],"cwp_rev_price":"","wppr_pros":["","","","",""],"wppr_cons":["","","","",""],"wppr_rating":"0.00","wppr_options":{"1":{"name":"Usability","value":"0"},"2":{"name":"Speed","value":"0"},"3":{"name":"Features","value":"0"},"4":{"name":"Support","value":"0"},"5":{"name":"Pricing","value":"0"}},"wppr_review_type":"Product","wppr_review_custom_fields":{"additionalProperty":"","additionalType":"","aggregateRating":"","alternateName":"","audience":"","award":"","awards":"","brand":"","color":"","depth":"","description":"","disambiguatingDescription":"","gtin12":"","gtin13":"","gtin14":"","gtin8":"","height":"","identifier":"","image":"","isAccessoryOrSparePartFor":"","isConsumableFor":"","isRelatedTo":"","isSimilarTo":"","itemCondition":"","logo":"","mainEntityOfPage":"","manufacturer":"","material":"","model":"","mpn":"","name":"","offers":"","potentialAction":"","productID":"","productionDate":"","purchaseDate":"","releaseDate":"","review":"","reviews":"","sameAs":"","sku":"","slogan":"","subjectOf":"","url":"","weight":"","width":""}},"acf":[],"yoast_head":"<!-- This site is optimized with the Yoast SEO plugin v27.4 - https:\/\/yoast.com\/product\/yoast-seo-wordpress\/ -->\n<title>AutoServe1: recensione software gestionale officine - Accurate Reviews<\/title>\n<meta name=\"description\" content=\"AutoServe1: recensione\u00a0soluzione basata su cloud progettata per aiutare le officine di riparazione auto a svolgere ispezioni e manutenzioni.\" \/>\n<meta name=\"robots\" content=\"index, follow, max-snippet:-1, max-image-preview:large, max-video-preview:-1\" \/>\n<link rel=\"canonical\" href=\"https:\/\/www.accuratereviews.com\/it\/gestionale-per-officine\/autoserve1-recensione\/\" \/>\n<meta property=\"og:locale\" content=\"it_IT\" \/>\n<meta property=\"og:type\" content=\"article\" \/>\n<meta property=\"og:title\" content=\"AutoServe1: recensione software gestionale officine - Accurate Reviews\" \/>\n<meta property=\"og:description\" content=\"AutoServe1: recensione\u00a0soluzione basata su cloud progettata per aiutare le officine di riparazione auto a svolgere ispezioni e manutenzioni.\" \/>\n<meta property=\"og:url\" content=\"https:\/\/www.accuratereviews.com\/it\/gestionale-per-officine\/autoserve1-recensione\/\" \/>\n<meta property=\"og:site_name\" content=\"Accurate Reviews\" \/>\n<meta property=\"article:modified_time\" content=\"2023-09-30T08:34:10+00:00\" \/>\n<meta property=\"og:image\" content=\"https:\/\/www.accuratereviews.com\/wp-content\/uploads\/2020\/05\/autoserve1.png\" \/>\n\t<meta property=\"og:image:width\" content=\"1800\" \/>\n\t<meta property=\"og:image:height\" content=\"360\" \/>\n\t<meta property=\"og:image:type\" content=\"image\/png\" \/>\n<meta name=\"twitter:card\" content=\"summary_large_image\" \/>\n<meta name=\"twitter:label1\" content=\"Tempo di lettura stimato\" \/>\n\t<meta name=\"twitter:data1\" content=\"4 minuti\" \/>\n<script type=\"application\/ld+json\" class=\"yoast-schema-graph\">{\"@context\":\"https:\\\/\\\/schema.org\",\"@graph\":[{\"@type\":\"WebPage\",\"@id\":\"https:\\\/\\\/www.accuratereviews.com\\\/it\\\/gestionale-per-officine\\\/autoserve1-recensione\\\/\",\"url\":\"https:\\\/\\\/www.accuratereviews.com\\\/it\\\/gestionale-per-officine\\\/autoserve1-recensione\\\/\",\"name\":\"AutoServe1: recensione software gestionale officine - Accurate Reviews\",\"isPartOf\":{\"@id\":\"https:\\\/\\\/www.accuratereviews.com\\\/it\\\/#website\"},\"primaryImageOfPage\":{\"@id\":\"https:\\\/\\\/www.accuratereviews.com\\\/it\\\/gestionale-per-officine\\\/autoserve1-recensione\\\/#primaryimage\"},\"image\":{\"@id\":\"https:\\\/\\\/www.accuratereviews.com\\\/it\\\/gestionale-per-officine\\\/autoserve1-recensione\\\/#primaryimage\"},\"thumbnailUrl\":\"https:\\\/\\\/www.accuratereviews.com\\\/wp-content\\\/uploads\\\/2020\\\/05\\\/autoserve1.png\",\"datePublished\":\"2020-05-19T07:04:36+00:00\",\"dateModified\":\"2023-09-30T08:34:10+00:00\",\"description\":\"AutoServe1: recensione\u00a0soluzione basata su cloud progettata per aiutare le officine di riparazione auto a svolgere ispezioni e manutenzioni.\",\"breadcrumb\":{\"@id\":\"https:\\\/\\\/www.accuratereviews.com\\\/it\\\/gestionale-per-officine\\\/autoserve1-recensione\\\/#breadcrumb\"},\"inLanguage\":\"it-IT\",\"potentialAction\":[{\"@type\":\"ReadAction\",\"target\":[\"https:\\\/\\\/www.accuratereviews.com\\\/it\\\/gestionale-per-officine\\\/autoserve1-recensione\\\/\"]}]},{\"@type\":\"ImageObject\",\"inLanguage\":\"it-IT\",\"@id\":\"https:\\\/\\\/www.accuratereviews.com\\\/it\\\/gestionale-per-officine\\\/autoserve1-recensione\\\/#primaryimage\",\"url\":\"https:\\\/\\\/www.accuratereviews.com\\\/wp-content\\\/uploads\\\/2020\\\/05\\\/autoserve1.png\",\"contentUrl\":\"https:\\\/\\\/www.accuratereviews.com\\\/wp-content\\\/uploads\\\/2020\\\/05\\\/autoserve1.png\",\"width\":1800,\"height\":360},{\"@type\":\"BreadcrumbList\",\"@id\":\"https:\\\/\\\/www.accuratereviews.com\\\/it\\\/gestionale-per-officine\\\/autoserve1-recensione\\\/#breadcrumb\",\"itemListElement\":[{\"@type\":\"ListItem\",\"position\":1,\"name\":\"Home\",\"item\":\"https:\\\/\\\/www.accuratereviews.com\\\/it\\\/\"},{\"@type\":\"ListItem\",\"position\":2,\"name\":\"Gestionale per officine\",\"item\":\"https:\\\/\\\/www.accuratereviews.com\\\/it\\\/gestionale-per-officine\\\/\"},{\"@type\":\"ListItem\",\"position\":3,\"name\":\"AutoServe1\"}]},{\"@type\":\"WebSite\",\"@id\":\"https:\\\/\\\/www.accuratereviews.com\\\/it\\\/#website\",\"url\":\"https:\\\/\\\/www.accuratereviews.com\\\/it\\\/\",\"name\":\"Accurate Reviews\",\"description\":\"\",\"potentialAction\":[{\"@type\":\"SearchAction\",\"target\":{\"@type\":\"EntryPoint\",\"urlTemplate\":\"https:\\\/\\\/www.accuratereviews.com\\\/it\\\/?s={search_term_string}\"},\"query-input\":{\"@type\":\"PropertyValueSpecification\",\"valueRequired\":true,\"valueName\":\"search_term_string\"}}],\"inLanguage\":\"it-IT\"}]}<\/script>\n<!-- \/ Yoast SEO plugin. -->","yoast_head_json":{"title":"AutoServe1: recensione software gestionale officine - Accurate Reviews","description":"AutoServe1: recensione\u00a0soluzione basata su cloud progettata per aiutare le officine di riparazione auto a svolgere ispezioni e manutenzioni.","robots":{"index":"index","follow":"follow","max-snippet":"max-snippet:-1","max-image-preview":"max-image-preview:large","max-video-preview":"max-video-preview:-1"},"canonical":"https:\/\/www.accuratereviews.com\/it\/gestionale-per-officine\/autoserve1-recensione\/","og_locale":"it_IT","og_type":"article","og_title":"AutoServe1: recensione software gestionale officine - Accurate Reviews","og_description":"AutoServe1: recensione\u00a0soluzione basata su cloud progettata per aiutare le officine di riparazione auto a svolgere ispezioni e manutenzioni.","og_url":"https:\/\/www.accuratereviews.com\/it\/gestionale-per-officine\/autoserve1-recensione\/","og_site_name":"Accurate Reviews","article_modified_time":"2023-09-30T08:34:10+00:00","og_image":[{"width":1800,"height":360,"url":"https:\/\/www.accuratereviews.com\/wp-content\/uploads\/2020\/05\/autoserve1.png","type":"image\/png"}],"twitter_card":"summary_large_image","twitter_misc":{"Tempo di lettura stimato":"4 minuti"},"schema":{"@context":"https:\/\/schema.org","@graph":[{"@type":"WebPage","@id":"https:\/\/www.accuratereviews.com\/it\/gestionale-per-officine\/autoserve1-recensione\/","url":"https:\/\/www.accuratereviews.com\/it\/gestionale-per-officine\/autoserve1-recensione\/","name":"AutoServe1: recensione software gestionale officine - Accurate Reviews","isPartOf":{"@id":"https:\/\/www.accuratereviews.com\/it\/#website"},"primaryImageOfPage":{"@id":"https:\/\/www.accuratereviews.com\/it\/gestionale-per-officine\/autoserve1-recensione\/#primaryimage"},"image":{"@id":"https:\/\/www.accuratereviews.com\/it\/gestionale-per-officine\/autoserve1-recensione\/#primaryimage"},"thumbnailUrl":"https:\/\/www.accuratereviews.com\/wp-content\/uploads\/2020\/05\/autoserve1.png","datePublished":"2020-05-19T07:04:36+00:00","dateModified":"2023-09-30T08:34:10+00:00","description":"AutoServe1: recensione\u00a0soluzione basata su cloud progettata per aiutare le officine di riparazione auto a svolgere ispezioni e manutenzioni.","breadcrumb":{"@id":"https:\/\/www.accuratereviews.com\/it\/gestionale-per-officine\/autoserve1-recensione\/#breadcrumb"},"inLanguage":"it-IT","potentialAction":[{"@type":"ReadAction","target":["https:\/\/www.accuratereviews.com\/it\/gestionale-per-officine\/autoserve1-recensione\/"]}]},{"@type":"ImageObject","inLanguage":"it-IT","@id":"https:\/\/www.accuratereviews.com\/it\/gestionale-per-officine\/autoserve1-recensione\/#primaryimage","url":"https:\/\/www.accuratereviews.com\/wp-content\/uploads\/2020\/05\/autoserve1.png","contentUrl":"https:\/\/www.accuratereviews.com\/wp-content\/uploads\/2020\/05\/autoserve1.png","width":1800,"height":360},{"@type":"BreadcrumbList","@id":"https:\/\/www.accuratereviews.com\/it\/gestionale-per-officine\/autoserve1-recensione\/#breadcrumb","itemListElement":[{"@type":"ListItem","position":1,"name":"Home","item":"https:\/\/www.accuratereviews.com\/it\/"},{"@type":"ListItem","position":2,"name":"Gestionale per officine","item":"https:\/\/www.accuratereviews.com\/it\/gestionale-per-officine\/"},{"@type":"ListItem","position":3,"name":"AutoServe1"}]},{"@type":"WebSite","@id":"https:\/\/www.accuratereviews.com\/it\/#website","url":"https:\/\/www.accuratereviews.com\/it\/","name":"Accurate Reviews","description":"","potentialAction":[{"@type":"SearchAction","target":{"@type":"EntryPoint","urlTemplate":"https:\/\/www.accuratereviews.com\/it\/?s={search_term_string}"},"query-input":{"@type":"PropertyValueSpecification","valueRequired":true,"valueName":"search_term_string"}}],"inLanguage":"it-IT"}]}},"_links":{"self":[{"href":"https:\/\/www.accuratereviews.com\/it\/wp-json\/wp\/v2\/pages\/26589","targetHints":{"allow":["GET"]}}],"collection":[{"href":"https:\/\/www.accuratereviews.com\/it\/wp-json\/wp\/v2\/pages"}],"about":[{"href":"https:\/\/www.accuratereviews.com\/it\/wp-json\/wp\/v2\/types\/page"}],"author":[{"embeddable":true,"href":"https:\/\/www.accuratereviews.com\/it\/wp-json\/wp\/v2\/users\/19"}],"replies":[{"embeddable":true,"href":"https:\/\/www.accuratereviews.com\/it\/wp-json\/wp\/v2\/comments?post=26589"}],"version-history":[{"count":10,"href":"https:\/\/www.accuratereviews.com\/it\/wp-json\/wp\/v2\/pages\/26589\/revisions"}],"predecessor-version":[{"id":72170,"href":"https:\/\/www.accuratereviews.com\/it\/wp-json\/wp\/v2\/pages\/26589\/revisions\/72170"}],"up":[{"embeddable":true,"href":"https:\/\/www.accuratereviews.com\/it\/wp-json\/wp\/v2\/pages\/26440"}],"wp:featuredmedia":[{"embeddable":true,"href":"https:\/\/www.accuratereviews.com\/it\/wp-json\/wp\/v2\/media\/26590"}],"wp:attachment":[{"href":"https:\/\/www.accuratereviews.com\/it\/wp-json\/wp\/v2\/media?parent=26589"}],"wp:term":[{"taxonomy":"category","embeddable":true,"href":"https:\/\/www.accuratereviews.com\/it\/wp-json\/wp\/v2\/categories?post=26589"},{"taxonomy":"post_tag","embeddable":true,"href":"https:\/\/www.accuratereviews.com\/it\/wp-json\/wp\/v2\/tags?post=26589"},{"taxonomy":"features","embeddable":true,"href":"https:\/\/www.accuratereviews.com\/it\/wp-json\/wp\/v2\/features?post=26589"}],"curies":[{"name":"wp","href":"https:\/\/api.w.org\/{rel}","templated":true}]}}