{"id":26607,"date":"2020-05-18T11:11:15","date_gmt":"2020-05-18T11:11:15","guid":{"rendered":"https:\/\/www.accuratereviews.com\/?page_id=26607"},"modified":"2020-05-18T11:11:15","modified_gmt":"2020-05-18T11:11:15","slug":"yes-management-system-recensione","status":"publish","type":"page","link":"https:\/\/www.accuratereviews.com\/it\/gestionale-per-officine\/yes-management-system-recensione\/","title":{"rendered":"Yes Management System"},"content":{"rendered":"<p><strong>Yes Management System<\/strong> sistema di gestione di <strong>Pace Software<\/strong> \u00e8 una <strong>soluzione di officina auto<\/strong> on-premise che consente agli utenti di scrivere e gestire gli ordini di lavoro, migliorare il rapporto con i clienti e tenere traccia dello stato di manutenzione. La soluzione consente di assistere le strutture con un solo negozio o pi\u00f9 sedi per utilizzare un database centralizzato e visualizzare gli ordini di assistenza.\u00a0Il programma offre soluzioni di analisi che aiutano i proprietari delle officine a tenere traccia dei loro margini di profitto e dei flussi di entrate. Per ogni ticket, <strong>Yes Management System\u00a0<\/strong>avvisa anche gli utenti se stanno raggiungendo i loro obiettivi di profitto o meno. La soluzione\u00a0si integra con servizi come <strong>Quickbooks, AutoZone, Epicor Lasercat, Carquest e Alldata Online<\/strong>.<\/p>\n<h2>YES MANAGEMENT SYSTEM &#8211; TUTORIAL<\/h2>\n<p>Ecco un tutorial in cui spiega come inserire i dati dei clienti attraverso i ticket utilizzando questo<strong> gestionale per officine<\/strong>:<\/p>\n<div id=\"fluid-wrapper-counter-1\" class=\"g1-fluid-wrapper \" style=\"width:686px;\">\n<div style=\"padding-bottom:56.268221574344%;\"><iframe loading=\"lazy\" title=\"How to build  job kit from a ticket?\" width=\"515\" height=\"386\" src=\"https:\/\/www.youtube.com\/embed\/VoqnEsPx7ss?feature=oembed&amp;wmode=transparent&amp;autohide=1&amp;autoplay=0&amp;disablekb=0&amp;fs=1&amp;loop=0&amp;enablejsapi=1&amp;rel=0&amp;controls=2&amp;showinfo=0&amp;wmode=transparent&amp;autohide=2&amp;autoplay=0&amp;disablekb=0&amp;fs=1&amp;loop=0&amp;enablejsapi=1&amp;rel=0&amp;controls=2&amp;showinfo=1\" frameborder=\"0\" allow=\"accelerometer; autoplay; encrypted-media; gyroscope; picture-in-picture\" allowfullscreen><\/iframe><\/div>\n<\/div>\n<p>&nbsp;<\/p>\n<h3>YES MANAGEMENT SYSTEM &#8211; CARATTERISTICHE<\/h3>\n<ul>\n<li>Creazione di cataloghi e ordinazioni online<\/li>\n<li>Fatturazione che si concentra su obiettivi di profitto<\/li>\n<li>Identificare la produttivit\u00e0 e l&#8217;efficienza dei tecnici<\/li>\n<li>Controlla il riassortimento delle scorte, restituisci i crediti delle parti e i prezzi per ottimizzare i profitti<\/li>\n<li>Marketing integrato e strumenti di gestione della fidelizzazione dei clienti (CRM)<\/li>\n<li>Ogni sede ha il proprio sistema di audit e reportistica<\/li>\n<li>Debiti e crediti centralizzati<\/li>\n<\/ul>\n<h4>LE RECENSIONI DEGLI UTENTI<\/h4>\n<h4 class=\"font-weight-bold my-1 d-flex align-items-center\">Lisa M.&#8221;Questo software ti far\u00e0 guadagnare soldi!&#8221;<\/h4>\n<p><strong>Commenti: <\/strong>Questo software non \u00e8 stato il pi\u00f9 facile da configurare, ma dopo aver impostato i kit di lavoro una volta, possono essere utilizzati su qualsiasi marca, modello e anno di veicolo quando si utilizza Activant in combinazione con Yes. \u00c8 possibile creare un kit di temporizzazione a pieno carico e completare una stima in circa 3 minuti con i prezzi di manodopera e parti. Il supporto \u00e8 il migliore. Ogni volta che avevo una domanda sul voler essere in grado di fare qualcosa con questo software, erano l\u00ec per mostrarmi che poteva essere fatto. Consiglio vivamente di investire tempo e denaro in Yes e questo cambier\u00e0 la produzione nel tuo negozio.<\/p>\n<p><strong>Vantaggi: <\/strong>Rende la costruzione di stime pi\u00f9 rapida e pi\u00f9 semplice di qualsiasi altro software. Puoi avere prezzi di manodopera e parti e disponibilit\u00e0 in pochi minuti.<\/p>\n<p><strong>Inconvenienti: <\/strong>Ci vuole del tempo per impostare i kit di lavoro e imparare come funziona il software. Ma vale ancora l&#8217;investimento del tempo. Perch\u00e9 a lungo termine risparmierai molto pi\u00f9 tempo di quello necessario per la configurazione.<\/p>\n<h4 class=\"font-weight-bold my-1 d-flex align-items-center\">Terry H.&#8221;Per la maggior parte S\u00ec e Rick sono stati una bella esperienza. So che la nostra attivit\u00e0 conta per loro.&#8221;<\/h4>\n<p><strong>Commenti: <\/strong>Un&#8217;enorme curva di apprendimento.<\/p>\n<p><strong>Vantaggi: <\/strong>S\u00ec, in genere \u00e8 versatile per soddisfare la maggior parte dei desideri operativi. Nel corso degli anni la cosa positiva di Yes \u00e8 la sua versatilit\u00e0. Per noi fa il lavoro o non lo useremmo ancora. Mentre guardiamo al futuro, spero che S\u00ec possa tenere il passo con i tempi, quindi non ci troviamo di fronte a dover cambiare. Mi rendo conto che \u00e8 pi\u00f9 difficile per un&#8217;azienda pi\u00f9 piccola realizzare questo, ma apprezzo la loro lealt\u00e0 nei nostri confronti.<\/p>\n<p><strong>Inconvenienti: <\/strong>Market Manager usato da alcuni anni ora utilizza un&#8217;altra societ\u00e0 esterna. Acquistato Time Clock e ancora stanno perforando le carte del tempo. Non fidarti del libro paga e non comporter\u00e0 automaticamente gli straordinari. La pi\u00f9 grande frustrazione a livello di amministratore \u00e8 la sua ostilit\u00e0 per pi\u00f9 sedi. Un sacco di profilazione dell&#8217;amministratore, prezzi, ecc. Deve essere fatto 6 volte una volta in ogni posizione.<\/p>\n<h4 class=\"font-weight-bold my-1 d-flex align-items-center\">Martin P.\u00a0&#8220;Prodotto eccellente. Vorrei vedere alcuni problemi risolti pi\u00f9 rapidamente.&#8221;<\/h4>\n<p><strong>Vantaggi: <\/strong>Mi piace la possibilit\u00e0 di rilasciare parti su una fattura da Worldpac e NAPA. Mi piace anche la funzionalit\u00e0 di pianificazione. Anche la targa per il decodificatore vin \u00e8 molto utile.<\/p>\n<p><strong>Inconvenienti: <\/strong>Problemi durante il rilascio di parti sulla fattura da Worldpac e NAPA. Gli elementi scendono nella riga superiore anzich\u00e9 nella riga inferiore. Il codice del produttore viene aggiunto al numero di parte quando si ordinano parti da Worldpac. Ho chiesto numerose volte di risolvere i problemi senza risultati. Quando vengono ordinate pi\u00f9 parti da NAPA, vengono create pi\u00f9 fatture da NAPA. L&#8217;interfaccia NAPA \u00e8 lenta e non buona come l&#8217;interfaccia Worldpac.<\/p>\n","protected":false},"excerpt":{"rendered":"<p>Yes Management System sistema di gestione di Pace Software \u00e8 una soluzione di officina auto on-premise che consente agli utenti di scrivere e gestire gli ordini di lavoro, migliorare il rapporto con i clienti e tenere traccia dello stato di manutenzione. La soluzione consente di assistere le strutture con un solo negozio o pi\u00f9 sedi per utilizzare un database centralizzato e visualizzare gli ordini di assistenza.<\/p>\n","protected":false},"author":19,"featured_media":26608,"parent":26440,"menu_order":0,"comment_status":"open","ping_status":"closed","template":"g1_template_page_review_new.php","meta":{"_acf_changed":false,"cwp_meta_box_check":"Yes","cwp_rev_product_name":"","cwp_rev_product_image":"","wppr_links":[],"cwp_rev_price":"","wppr_options":[],"wppr_pros":[],"wppr_cons":[],"_monsterinsights_skip_tracking":false,"_monsterinsights_sitenote_active":false,"_monsterinsights_sitenote_note":"","_monsterinsights_sitenote_category":0,"footnotes":""},"categories":[2818],"tags":[2824,2819,396,2822,2823,2820,2821,2842],"features":[],"class_list":{"0":"post-26607","1":"page","2":"type-page","3":"status-publish","4":"has-post-thumbnail","6":"category-gestionale-per-officine-cat","7":"tag-auto-management-software","8":"tag-auto-repair","9":"tag-cloud","10":"tag-piattaforma-gestionale-per-officine","11":"tag-programma-gestionale-per-officine","12":"tag-software-gestionale-per-officine","13":"tag-soluzione-gestionale-per-officine","14":"tag-yes-management-system"},"wppr_data":{"cwp_meta_box_check":"Yes","cwp_rev_product_name":"","cwp_rev_product_image":"","cwp_image_link":"image","cwp_rev_price":"","wppr_rating":"0.00"},"acf":[],"yoast_head":"<!-- This site is optimized with the Yoast SEO plugin v27.4 - https:\/\/yoast.com\/product\/yoast-seo-wordpress\/ -->\n<title>Yes Management System: recensione gestionale officine Accurate Reviews<\/title>\n<meta name=\"description\" content=\"Yes Management System: recensione sistema gestionale per officine di Pace Software datato di strumenti per amministrare al meglio la tua attivit\u00e0.\" \/>\n<meta name=\"robots\" content=\"index, follow, max-snippet:-1, max-image-preview:large, max-video-preview:-1\" \/>\n<link rel=\"canonical\" href=\"https:\/\/www.accuratereviews.com\/it\/gestionale-per-officine\/yes-management-system-recensione\/\" \/>\n<meta property=\"og:locale\" content=\"it_IT\" \/>\n<meta property=\"og:type\" content=\"article\" \/>\n<meta property=\"og:title\" content=\"Yes Management System: recensione gestionale officine Accurate Reviews\" \/>\n<meta property=\"og:description\" content=\"Yes Management System: recensione sistema gestionale per officine di Pace Software datato di strumenti per amministrare al meglio la tua attivit\u00e0.\" \/>\n<meta property=\"og:url\" content=\"https:\/\/www.accuratereviews.com\/it\/gestionale-per-officine\/yes-management-system-recensione\/\" \/>\n<meta property=\"og:site_name\" content=\"Accurate Reviews\" \/>\n<meta property=\"og:image\" content=\"https:\/\/www.accuratereviews.com\/wp-content\/uploads\/2020\/05\/YES.jpg\" \/>\n\t<meta property=\"og:image:width\" content=\"225\" \/>\n\t<meta property=\"og:image:height\" content=\"225\" \/>\n\t<meta property=\"og:image:type\" content=\"image\/jpeg\" \/>\n<meta name=\"twitter:card\" content=\"summary_large_image\" \/>\n<meta name=\"twitter:label1\" content=\"Tempo di lettura stimato\" \/>\n\t<meta name=\"twitter:data1\" content=\"3 minuti\" \/>\n<script type=\"application\/ld+json\" class=\"yoast-schema-graph\">{\"@context\":\"https:\\\/\\\/schema.org\",\"@graph\":[{\"@type\":\"WebPage\",\"@id\":\"https:\\\/\\\/www.accuratereviews.com\\\/it\\\/gestionale-per-officine\\\/yes-management-system-recensione\\\/\",\"url\":\"https:\\\/\\\/www.accuratereviews.com\\\/it\\\/gestionale-per-officine\\\/yes-management-system-recensione\\\/\",\"name\":\"Yes Management System: recensione gestionale officine Accurate Reviews\",\"isPartOf\":{\"@id\":\"https:\\\/\\\/www.accuratereviews.com\\\/it\\\/#website\"},\"primaryImageOfPage\":{\"@id\":\"https:\\\/\\\/www.accuratereviews.com\\\/it\\\/gestionale-per-officine\\\/yes-management-system-recensione\\\/#primaryimage\"},\"image\":{\"@id\":\"https:\\\/\\\/www.accuratereviews.com\\\/it\\\/gestionale-per-officine\\\/yes-management-system-recensione\\\/#primaryimage\"},\"thumbnailUrl\":\"https:\\\/\\\/www.accuratereviews.com\\\/wp-content\\\/uploads\\\/2020\\\/05\\\/YES.jpg\",\"datePublished\":\"2020-05-18T11:11:15+00:00\",\"description\":\"Yes Management System: recensione sistema gestionale per officine di Pace Software datato di strumenti per amministrare al meglio la tua attivit\u00e0.\",\"breadcrumb\":{\"@id\":\"https:\\\/\\\/www.accuratereviews.com\\\/it\\\/gestionale-per-officine\\\/yes-management-system-recensione\\\/#breadcrumb\"},\"inLanguage\":\"it-IT\",\"potentialAction\":[{\"@type\":\"ReadAction\",\"target\":[\"https:\\\/\\\/www.accuratereviews.com\\\/it\\\/gestionale-per-officine\\\/yes-management-system-recensione\\\/\"]}]},{\"@type\":\"ImageObject\",\"inLanguage\":\"it-IT\",\"@id\":\"https:\\\/\\\/www.accuratereviews.com\\\/it\\\/gestionale-per-officine\\\/yes-management-system-recensione\\\/#primaryimage\",\"url\":\"https:\\\/\\\/www.accuratereviews.com\\\/wp-content\\\/uploads\\\/2020\\\/05\\\/YES.jpg\",\"contentUrl\":\"https:\\\/\\\/www.accuratereviews.com\\\/wp-content\\\/uploads\\\/2020\\\/05\\\/YES.jpg\",\"width\":225,\"height\":225},{\"@type\":\"BreadcrumbList\",\"@id\":\"https:\\\/\\\/www.accuratereviews.com\\\/it\\\/gestionale-per-officine\\\/yes-management-system-recensione\\\/#breadcrumb\",\"itemListElement\":[{\"@type\":\"ListItem\",\"position\":1,\"name\":\"Home\",\"item\":\"https:\\\/\\\/www.accuratereviews.com\\\/it\\\/\"},{\"@type\":\"ListItem\",\"position\":2,\"name\":\"Gestionale per officine\",\"item\":\"https:\\\/\\\/www.accuratereviews.com\\\/it\\\/gestionale-per-officine\\\/\"},{\"@type\":\"ListItem\",\"position\":3,\"name\":\"Yes Management System\"}]},{\"@type\":\"WebSite\",\"@id\":\"https:\\\/\\\/www.accuratereviews.com\\\/it\\\/#website\",\"url\":\"https:\\\/\\\/www.accuratereviews.com\\\/it\\\/\",\"name\":\"Accurate Reviews\",\"description\":\"\",\"potentialAction\":[{\"@type\":\"SearchAction\",\"target\":{\"@type\":\"EntryPoint\",\"urlTemplate\":\"https:\\\/\\\/www.accuratereviews.com\\\/it\\\/?s={search_term_string}\"},\"query-input\":{\"@type\":\"PropertyValueSpecification\",\"valueRequired\":true,\"valueName\":\"search_term_string\"}}],\"inLanguage\":\"it-IT\"}]}<\/script>\n<!-- \/ Yoast SEO plugin. -->","yoast_head_json":{"title":"Yes Management System: recensione gestionale officine Accurate Reviews","description":"Yes Management System: recensione sistema gestionale per officine di Pace Software datato di strumenti per amministrare al meglio la tua attivit\u00e0.","robots":{"index":"index","follow":"follow","max-snippet":"max-snippet:-1","max-image-preview":"max-image-preview:large","max-video-preview":"max-video-preview:-1"},"canonical":"https:\/\/www.accuratereviews.com\/it\/gestionale-per-officine\/yes-management-system-recensione\/","og_locale":"it_IT","og_type":"article","og_title":"Yes Management System: recensione gestionale officine Accurate Reviews","og_description":"Yes Management System: recensione sistema gestionale per officine di Pace Software datato di strumenti per amministrare al meglio la tua attivit\u00e0.","og_url":"https:\/\/www.accuratereviews.com\/it\/gestionale-per-officine\/yes-management-system-recensione\/","og_site_name":"Accurate Reviews","og_image":[{"width":225,"height":225,"url":"https:\/\/www.accuratereviews.com\/wp-content\/uploads\/2020\/05\/YES.jpg","type":"image\/jpeg"}],"twitter_card":"summary_large_image","twitter_misc":{"Tempo di lettura stimato":"3 minuti"},"schema":{"@context":"https:\/\/schema.org","@graph":[{"@type":"WebPage","@id":"https:\/\/www.accuratereviews.com\/it\/gestionale-per-officine\/yes-management-system-recensione\/","url":"https:\/\/www.accuratereviews.com\/it\/gestionale-per-officine\/yes-management-system-recensione\/","name":"Yes Management System: recensione gestionale officine Accurate Reviews","isPartOf":{"@id":"https:\/\/www.accuratereviews.com\/it\/#website"},"primaryImageOfPage":{"@id":"https:\/\/www.accuratereviews.com\/it\/gestionale-per-officine\/yes-management-system-recensione\/#primaryimage"},"image":{"@id":"https:\/\/www.accuratereviews.com\/it\/gestionale-per-officine\/yes-management-system-recensione\/#primaryimage"},"thumbnailUrl":"https:\/\/www.accuratereviews.com\/wp-content\/uploads\/2020\/05\/YES.jpg","datePublished":"2020-05-18T11:11:15+00:00","description":"Yes Management System: recensione sistema gestionale per officine di Pace Software datato di strumenti per amministrare al meglio la tua attivit\u00e0.","breadcrumb":{"@id":"https:\/\/www.accuratereviews.com\/it\/gestionale-per-officine\/yes-management-system-recensione\/#breadcrumb"},"inLanguage":"it-IT","potentialAction":[{"@type":"ReadAction","target":["https:\/\/www.accuratereviews.com\/it\/gestionale-per-officine\/yes-management-system-recensione\/"]}]},{"@type":"ImageObject","inLanguage":"it-IT","@id":"https:\/\/www.accuratereviews.com\/it\/gestionale-per-officine\/yes-management-system-recensione\/#primaryimage","url":"https:\/\/www.accuratereviews.com\/wp-content\/uploads\/2020\/05\/YES.jpg","contentUrl":"https:\/\/www.accuratereviews.com\/wp-content\/uploads\/2020\/05\/YES.jpg","width":225,"height":225},{"@type":"BreadcrumbList","@id":"https:\/\/www.accuratereviews.com\/it\/gestionale-per-officine\/yes-management-system-recensione\/#breadcrumb","itemListElement":[{"@type":"ListItem","position":1,"name":"Home","item":"https:\/\/www.accuratereviews.com\/it\/"},{"@type":"ListItem","position":2,"name":"Gestionale per officine","item":"https:\/\/www.accuratereviews.com\/it\/gestionale-per-officine\/"},{"@type":"ListItem","position":3,"name":"Yes Management System"}]},{"@type":"WebSite","@id":"https:\/\/www.accuratereviews.com\/it\/#website","url":"https:\/\/www.accuratereviews.com\/it\/","name":"Accurate Reviews","description":"","potentialAction":[{"@type":"SearchAction","target":{"@type":"EntryPoint","urlTemplate":"https:\/\/www.accuratereviews.com\/it\/?s={search_term_string}"},"query-input":{"@type":"PropertyValueSpecification","valueRequired":true,"valueName":"search_term_string"}}],"inLanguage":"it-IT"}]}},"_links":{"self":[{"href":"https:\/\/www.accuratereviews.com\/it\/wp-json\/wp\/v2\/pages\/26607","targetHints":{"allow":["GET"]}}],"collection":[{"href":"https:\/\/www.accuratereviews.com\/it\/wp-json\/wp\/v2\/pages"}],"about":[{"href":"https:\/\/www.accuratereviews.com\/it\/wp-json\/wp\/v2\/types\/page"}],"author":[{"embeddable":true,"href":"https:\/\/www.accuratereviews.com\/it\/wp-json\/wp\/v2\/users\/19"}],"replies":[{"embeddable":true,"href":"https:\/\/www.accuratereviews.com\/it\/wp-json\/wp\/v2\/comments?post=26607"}],"version-history":[{"count":6,"href":"https:\/\/www.accuratereviews.com\/it\/wp-json\/wp\/v2\/pages\/26607\/revisions"}],"predecessor-version":[{"id":26633,"href":"https:\/\/www.accuratereviews.com\/it\/wp-json\/wp\/v2\/pages\/26607\/revisions\/26633"}],"up":[{"embeddable":true,"href":"https:\/\/www.accuratereviews.com\/it\/wp-json\/wp\/v2\/pages\/26440"}],"wp:featuredmedia":[{"embeddable":true,"href":"https:\/\/www.accuratereviews.com\/it\/wp-json\/wp\/v2\/media\/26608"}],"wp:attachment":[{"href":"https:\/\/www.accuratereviews.com\/it\/wp-json\/wp\/v2\/media?parent=26607"}],"wp:term":[{"taxonomy":"category","embeddable":true,"href":"https:\/\/www.accuratereviews.com\/it\/wp-json\/wp\/v2\/categories?post=26607"},{"taxonomy":"post_tag","embeddable":true,"href":"https:\/\/www.accuratereviews.com\/it\/wp-json\/wp\/v2\/tags?post=26607"},{"taxonomy":"features","embeddable":true,"href":"https:\/\/www.accuratereviews.com\/it\/wp-json\/wp\/v2\/features?post=26607"}],"curies":[{"name":"wp","href":"https:\/\/api.w.org\/{rel}","templated":true}]}}