{"id":26626,"date":"2020-05-18T11:10:39","date_gmt":"2020-05-18T11:10:39","guid":{"rendered":"https:\/\/www.accuratereviews.com\/?page_id=26626"},"modified":"2023-09-30T08:17:40","modified_gmt":"2023-09-30T08:17:40","slug":"bay-master-recensione","status":"publish","type":"page","link":"https:\/\/www.accuratereviews.com\/it\/gestionale-per-officine\/bay-master-recensione\/","title":{"rendered":"Bay-masteR"},"content":{"rendered":"<p><strong>Bay-masteR<\/strong> \u00e8 una <strong>soluzione gestionale per officine<\/strong>\u00a0che pu\u00f2 essere implementata sia sul cloud che on-premise. Questo strumento consente ai negozi di tenere traccia dell&#8217;inventario, controllo della manodopera, registrare i pagamenti, accedere alla cronologia dei servizi e gestire un sito web insieme agli ordini online. La soluzione offre anche un calcolatore di margine integrato, che automatizza i prezzi dei ricambi auto calcolando al contempo costi, margini e valori al dettaglio. Con il pacchetto <strong>Bay-Master Tech<\/strong>, i negozi hanno accesso a funzionalit\u00e0 aggiuntive, come guide per la manutenzione preventiva, moduli di ispezione digitale, integrazione con QuickBooks e un modulo di timecard per la fatturazione delle ore effettive lavorate. Inoltre, i negozi sono in grado di inviare aggiornamenti di testo ai clienti, come totali delle fatture, promemoria degli appuntamenti e preventivi approvati.\u00a0Il supporto \u00e8 offerto via telefono e un manuale utente online.<\/p>\n<h2>BAY-MASTER &#8211; TUTORIAL<\/h2>\n<p>Il video ti mostrer\u00e0 cosa pu\u00f2 fare questo software di gestione delle officine affinch\u00e9 il tuo negozio possa diventare pi\u00f9 efficiente ed essere pi\u00f9 professionale:<\/p>\n<div id=\"fluid-wrapper-counter-1\" class=\"g1-fluid-wrapper \" style=\"width:686px;\">\n<div style=\"padding-bottom:56.268221574344%;\"><iframe loading=\"lazy\" title=\"Adding a cash sale in Bay-master\" width=\"686\" height=\"386\" src=\"https:\/\/www.youtube.com\/embed\/x1ujO4qmMMg?feature=oembed&amp;wmode=transparent&amp;autohide=1&amp;autoplay=0&amp;disablekb=0&amp;fs=1&amp;loop=0&amp;enablejsapi=1&amp;rel=0&amp;controls=2&amp;showinfo=0&amp;wmode=transparent&amp;autohide=2&amp;autoplay=0&amp;disablekb=0&amp;fs=1&amp;loop=0&amp;enablejsapi=1&amp;rel=0&amp;controls=2&amp;showinfo=1\" frameborder=\"0\" allow=\"accelerometer; autoplay; clipboard-write; encrypted-media; gyroscope; picture-in-picture; web-share\" allowfullscreen><\/iframe><\/div>\n<\/div>\n<h3>BAY-MASTER &#8211; CARATTERISTICHE<\/h3>\n<ul>\n<li>Visualizza il programma per giorno, settimana o mese<\/li>\n<li>Stampa il tuo programma<\/li>\n<li>Esegui rapporti Lavoro giornaliero o Lavoro prolungato in base alle ore fatturabili rispetto all&#8217;effettivo<\/li>\n<li>Report sui profitti di tecnici e scrittori di servizi<\/li>\n<li>Personalizza i tuoi lavori con parti preimpostate e tempi di manodopera per risparmiare tempo<\/li>\n<li>Impostare gruppi di vendita e tipi di servizio appropriati per tracciamento accurato, reportistica e promemoria di servizio<\/li>\n<li>Integrare un fornitore per cercare automaticamente la disponibilit\u00e0 delle parti quando un lavoro viene aggiunto a un ticket<\/li>\n<li>Crea pacchetti di cambio olio personalizzati<\/li>\n<li>Impostare i prezzi quotati per parti, manodopera o totale<\/li>\n<li>Visualizza costi, markup \/ margine, prezzo di vendita, prezzo di listino e spese di base<\/li>\n<li>Confronta i prezzi con pi\u00f9 fornitori<\/li>\n<\/ul>\n<h4>LE RECENSIONI DEGLI UTENTI<\/h4>\n<h4 class=\"font-weight-bold my-1 d-flex align-items-center\">Chuck B.&#8221;Bay-MASTER&#8221;<\/h4>\n<p><strong>Commenti: <\/strong>Mi piace il tutto in un unico valore. Posso tenere traccia di cronologia, pagamento, estratti conto, inventario, ecc. Tutti sullo stesso programma.<\/p>\n<p><strong>Vantaggi: <\/strong>Abbiamo usato Bay-masteR per oltre 20 anni. Di recente (6-8 mesi) sono stati convertiti nel loro sistema basato su clowud. Pro = Backup semplice. Altre funzionalit\u00e0 I tecnici possono accedere e lavorare nell&#8217;ordine di lavoro. Ho accesso agli ordini di lavoro fuori sede.<\/p>\n<p><strong>Inconvenienti: <\/strong>\u00a0Contro- sembra essere un po &#8216;pi\u00f9 lento, specialmente durante la stampa. Sono necessari alcuni secondi prima che la stampante inizi a stampare. Ha avuto diversi problemi tecnici di cui ho dovuto chiamare il supporto tecnico. Alcuni sono stati in grado di prendersi cura di loro in quel momento e altri stiamo ancora aspettando di essere corretti. Il supporto tecnico \u00e8 sempre troppo occupato per rispondere alla tua chiamata, quindi dovrai lasciare un messaggio e sperare che richiamino rapidamente. Mi hanno lasciato bloccato un paio di volte, ma nel complesso rispondono in un maniera tempestiva.<\/p>\n<h4 class=\"font-weight-bold my-1 d-flex align-items-center\">Sharon E.\u00a0&#8220;Software che fa tutto&#8221;<\/h4>\n<p><strong>Commenti: <\/strong>costo ed efficienza.<\/p>\n<p><strong>Vantaggi: <\/strong>Mi piace il fatto che tu abbia un programma tutto in uno. Sei in grado di importare parti e manodopera direttamente nel preventivo e ordinare le parti dal programma stesso. Ci sono molti aspetti diversi di questo programma che adoro.<\/p>\n<p><strong>Inconvenienti: <\/strong>Non ci sono stati contro su questo programma. Tutto era quello che mi aspettavo e di pi\u00f9<\/p>\n<h4 class=\"font-weight-bold my-1 d-flex align-items-center\">Paul M.&#8221;nuovo baymaster&#8221;<\/h4>\n<p><strong>Commenti: <\/strong>grande<\/p>\n<p><strong>Vantaggi: <\/strong>Abbiamo bisogno delle schede per avere l&#8217;opzione non standard. Nella storia sarebbe bello avere una tabella incrociata come Make &amp; Model piuttosto che Just Model.\u00a0Come funzioner\u00e0 l&#8217;interfaccia Quick books sul nuovo sistema ??<\/p>\n<p><strong>Inconvenienti: <\/strong>quando si arresta in modo anomalo, sembra che tu sia l&#8217;unico che pu\u00f2 ripararlo, non \u00e8 possibile correggere i pulsanti<\/p>\n","protected":false},"excerpt":{"rendered":"<p>Bay-masteR \u00e8 una soluzione gestionale per officine\u00a0che pu\u00f2 essere implementata sia sul cloud che on-premise. Questo strumento consente ai negozi di tenere traccia dell&#8217;inventario, controllo della manodopera, registrare i pagamenti, accedere alla cronologia dei servizi e gestire un sito web insieme agli ordini online.<\/p>\n","protected":false},"author":19,"featured_media":26627,"parent":26440,"menu_order":0,"comment_status":"open","ping_status":"closed","template":"g1_template_page_review_new.php","meta":{"_acf_changed":false,"cwp_meta_box_check":"Yes","cwp_rev_product_name":"","cwp_rev_product_image":"","wppr_links":[],"cwp_rev_price":"","wppr_options":[{"name":"Usability","value":"0"},{"name":"Speed","value":"0"},{"name":"Features","value":"0"},{"name":"Support","value":"0"},{"name":"Pricing","value":"0"}],"wppr_pros":["","","","",""],"wppr_cons":["","","","",""],"_monsterinsights_skip_tracking":false,"_monsterinsights_sitenote_active":false,"_monsterinsights_sitenote_note":"","_monsterinsights_sitenote_category":0,"footnotes":""},"categories":[2818],"tags":[2824,2819,2843,2823,2820,2821],"features":[],"class_list":{"0":"post-26626","1":"page","2":"type-page","3":"status-publish","4":"has-post-thumbnail","6":"category-gestionale-per-officine-cat","7":"tag-auto-management-software","8":"tag-auto-repair","9":"tag-bay-master","10":"tag-programma-gestionale-per-officine","11":"tag-software-gestionale-per-officine","12":"tag-soluzione-gestionale-per-officine"},"wppr_data":{"cwp_meta_box_check":"Yes","cwp_rev_product_name":"","_wppr_review_template":"default","cwp_rev_product_image":"","cwp_image_link":"image","wppr_links":[],"cwp_rev_price":"","wppr_pros":["","","","",""],"wppr_cons":["","","","",""],"wppr_rating":"0.00","wppr_options":{"1":{"name":"Usability","value":"0"},"2":{"name":"Speed","value":"0"},"3":{"name":"Features","value":"0"},"4":{"name":"Support","value":"0"},"5":{"name":"Pricing","value":"0"}},"wppr_review_type":"Product","wppr_review_custom_fields":{"additionalProperty":"","additionalType":"","aggregateRating":"","alternateName":"","audience":"","award":"","awards":"","brand":"","color":"","depth":"","description":"","disambiguatingDescription":"","gtin12":"","gtin13":"","gtin14":"","gtin8":"","height":"","identifier":"","image":"","isAccessoryOrSparePartFor":"","isConsumableFor":"","isRelatedTo":"","isSimilarTo":"","itemCondition":"","logo":"","mainEntityOfPage":"","manufacturer":"","material":"","model":"","mpn":"","name":"","offers":"","potentialAction":"","productID":"","productionDate":"","purchaseDate":"","releaseDate":"","review":"","reviews":"","sameAs":"","sku":"","slogan":"","subjectOf":"","url":"","weight":"","width":""}},"acf":[],"yoast_head":"<!-- This site is optimized with the Yoast SEO plugin v27.4 - https:\/\/yoast.com\/product\/yoast-seo-wordpress\/ -->\n<title>Bay-masteR: recensione software gestionale officine - Accurate Reviews<\/title>\n<meta name=\"description\" content=\"Bay-masteR: recensione soluzione gestionale per officine\u00a0che pu\u00f2 essere implementata sia sul cloud che on-premise per organizzare la tua impresa.\" \/>\n<meta name=\"robots\" content=\"index, follow, max-snippet:-1, max-image-preview:large, max-video-preview:-1\" \/>\n<link rel=\"canonical\" href=\"https:\/\/www.accuratereviews.com\/it\/gestionale-per-officine\/bay-master-recensione\/\" \/>\n<meta property=\"og:locale\" content=\"it_IT\" \/>\n<meta property=\"og:type\" content=\"article\" \/>\n<meta property=\"og:title\" content=\"Bay-masteR: recensione software gestionale officine - Accurate Reviews\" \/>\n<meta property=\"og:description\" content=\"Bay-masteR: recensione soluzione gestionale per officine\u00a0che pu\u00f2 essere implementata sia sul cloud che on-premise per organizzare la tua impresa.\" \/>\n<meta property=\"og:url\" content=\"https:\/\/www.accuratereviews.com\/it\/gestionale-per-officine\/bay-master-recensione\/\" \/>\n<meta property=\"og:site_name\" content=\"Accurate Reviews\" \/>\n<meta property=\"article:modified_time\" content=\"2023-09-30T08:17:40+00:00\" \/>\n<meta property=\"og:image\" content=\"https:\/\/www.accuratereviews.com\/wp-content\/uploads\/2020\/05\/bay-masteR.png\" \/>\n\t<meta property=\"og:image:width\" content=\"600\" \/>\n\t<meta property=\"og:image:height\" content=\"315\" \/>\n\t<meta property=\"og:image:type\" content=\"image\/png\" \/>\n<meta name=\"twitter:card\" content=\"summary_large_image\" \/>\n<meta name=\"twitter:label1\" content=\"Tempo di lettura stimato\" \/>\n\t<meta name=\"twitter:data1\" content=\"4 minuti\" \/>\n<script type=\"application\/ld+json\" class=\"yoast-schema-graph\">{\"@context\":\"https:\\\/\\\/schema.org\",\"@graph\":[{\"@type\":\"WebPage\",\"@id\":\"https:\\\/\\\/www.accuratereviews.com\\\/it\\\/gestionale-per-officine\\\/bay-master-recensione\\\/\",\"url\":\"https:\\\/\\\/www.accuratereviews.com\\\/it\\\/gestionale-per-officine\\\/bay-master-recensione\\\/\",\"name\":\"Bay-masteR: recensione software gestionale officine - Accurate Reviews\",\"isPartOf\":{\"@id\":\"https:\\\/\\\/www.accuratereviews.com\\\/it\\\/#website\"},\"primaryImageOfPage\":{\"@id\":\"https:\\\/\\\/www.accuratereviews.com\\\/it\\\/gestionale-per-officine\\\/bay-master-recensione\\\/#primaryimage\"},\"image\":{\"@id\":\"https:\\\/\\\/www.accuratereviews.com\\\/it\\\/gestionale-per-officine\\\/bay-master-recensione\\\/#primaryimage\"},\"thumbnailUrl\":\"https:\\\/\\\/www.accuratereviews.com\\\/wp-content\\\/uploads\\\/2020\\\/05\\\/bay-masteR.png\",\"datePublished\":\"2020-05-18T11:10:39+00:00\",\"dateModified\":\"2023-09-30T08:17:40+00:00\",\"description\":\"Bay-masteR: recensione soluzione gestionale per officine\u00a0che pu\u00f2 essere implementata sia sul cloud che on-premise per organizzare la tua impresa.\",\"breadcrumb\":{\"@id\":\"https:\\\/\\\/www.accuratereviews.com\\\/it\\\/gestionale-per-officine\\\/bay-master-recensione\\\/#breadcrumb\"},\"inLanguage\":\"it-IT\",\"potentialAction\":[{\"@type\":\"ReadAction\",\"target\":[\"https:\\\/\\\/www.accuratereviews.com\\\/it\\\/gestionale-per-officine\\\/bay-master-recensione\\\/\"]}]},{\"@type\":\"ImageObject\",\"inLanguage\":\"it-IT\",\"@id\":\"https:\\\/\\\/www.accuratereviews.com\\\/it\\\/gestionale-per-officine\\\/bay-master-recensione\\\/#primaryimage\",\"url\":\"https:\\\/\\\/www.accuratereviews.com\\\/wp-content\\\/uploads\\\/2020\\\/05\\\/bay-masteR.png\",\"contentUrl\":\"https:\\\/\\\/www.accuratereviews.com\\\/wp-content\\\/uploads\\\/2020\\\/05\\\/bay-masteR.png\",\"width\":600,\"height\":315},{\"@type\":\"BreadcrumbList\",\"@id\":\"https:\\\/\\\/www.accuratereviews.com\\\/it\\\/gestionale-per-officine\\\/bay-master-recensione\\\/#breadcrumb\",\"itemListElement\":[{\"@type\":\"ListItem\",\"position\":1,\"name\":\"Home\",\"item\":\"https:\\\/\\\/www.accuratereviews.com\\\/it\\\/\"},{\"@type\":\"ListItem\",\"position\":2,\"name\":\"Gestionale per officine\",\"item\":\"https:\\\/\\\/www.accuratereviews.com\\\/it\\\/gestionale-per-officine\\\/\"},{\"@type\":\"ListItem\",\"position\":3,\"name\":\"Bay-masteR\"}]},{\"@type\":\"WebSite\",\"@id\":\"https:\\\/\\\/www.accuratereviews.com\\\/it\\\/#website\",\"url\":\"https:\\\/\\\/www.accuratereviews.com\\\/it\\\/\",\"name\":\"Accurate Reviews\",\"description\":\"\",\"potentialAction\":[{\"@type\":\"SearchAction\",\"target\":{\"@type\":\"EntryPoint\",\"urlTemplate\":\"https:\\\/\\\/www.accuratereviews.com\\\/it\\\/?s={search_term_string}\"},\"query-input\":{\"@type\":\"PropertyValueSpecification\",\"valueRequired\":true,\"valueName\":\"search_term_string\"}}],\"inLanguage\":\"it-IT\"}]}<\/script>\n<!-- \/ Yoast SEO plugin. -->","yoast_head_json":{"title":"Bay-masteR: recensione software gestionale officine - Accurate Reviews","description":"Bay-masteR: recensione soluzione gestionale per officine\u00a0che pu\u00f2 essere implementata sia sul cloud che on-premise per organizzare la tua impresa.","robots":{"index":"index","follow":"follow","max-snippet":"max-snippet:-1","max-image-preview":"max-image-preview:large","max-video-preview":"max-video-preview:-1"},"canonical":"https:\/\/www.accuratereviews.com\/it\/gestionale-per-officine\/bay-master-recensione\/","og_locale":"it_IT","og_type":"article","og_title":"Bay-masteR: recensione software gestionale officine - Accurate Reviews","og_description":"Bay-masteR: recensione soluzione gestionale per officine\u00a0che pu\u00f2 essere implementata sia sul cloud che on-premise per organizzare la tua impresa.","og_url":"https:\/\/www.accuratereviews.com\/it\/gestionale-per-officine\/bay-master-recensione\/","og_site_name":"Accurate Reviews","article_modified_time":"2023-09-30T08:17:40+00:00","og_image":[{"width":600,"height":315,"url":"https:\/\/www.accuratereviews.com\/wp-content\/uploads\/2020\/05\/bay-masteR.png","type":"image\/png"}],"twitter_card":"summary_large_image","twitter_misc":{"Tempo di lettura stimato":"4 minuti"},"schema":{"@context":"https:\/\/schema.org","@graph":[{"@type":"WebPage","@id":"https:\/\/www.accuratereviews.com\/it\/gestionale-per-officine\/bay-master-recensione\/","url":"https:\/\/www.accuratereviews.com\/it\/gestionale-per-officine\/bay-master-recensione\/","name":"Bay-masteR: recensione software gestionale officine - Accurate Reviews","isPartOf":{"@id":"https:\/\/www.accuratereviews.com\/it\/#website"},"primaryImageOfPage":{"@id":"https:\/\/www.accuratereviews.com\/it\/gestionale-per-officine\/bay-master-recensione\/#primaryimage"},"image":{"@id":"https:\/\/www.accuratereviews.com\/it\/gestionale-per-officine\/bay-master-recensione\/#primaryimage"},"thumbnailUrl":"https:\/\/www.accuratereviews.com\/wp-content\/uploads\/2020\/05\/bay-masteR.png","datePublished":"2020-05-18T11:10:39+00:00","dateModified":"2023-09-30T08:17:40+00:00","description":"Bay-masteR: recensione soluzione gestionale per officine\u00a0che pu\u00f2 essere implementata sia sul cloud che on-premise per organizzare la tua impresa.","breadcrumb":{"@id":"https:\/\/www.accuratereviews.com\/it\/gestionale-per-officine\/bay-master-recensione\/#breadcrumb"},"inLanguage":"it-IT","potentialAction":[{"@type":"ReadAction","target":["https:\/\/www.accuratereviews.com\/it\/gestionale-per-officine\/bay-master-recensione\/"]}]},{"@type":"ImageObject","inLanguage":"it-IT","@id":"https:\/\/www.accuratereviews.com\/it\/gestionale-per-officine\/bay-master-recensione\/#primaryimage","url":"https:\/\/www.accuratereviews.com\/wp-content\/uploads\/2020\/05\/bay-masteR.png","contentUrl":"https:\/\/www.accuratereviews.com\/wp-content\/uploads\/2020\/05\/bay-masteR.png","width":600,"height":315},{"@type":"BreadcrumbList","@id":"https:\/\/www.accuratereviews.com\/it\/gestionale-per-officine\/bay-master-recensione\/#breadcrumb","itemListElement":[{"@type":"ListItem","position":1,"name":"Home","item":"https:\/\/www.accuratereviews.com\/it\/"},{"@type":"ListItem","position":2,"name":"Gestionale per officine","item":"https:\/\/www.accuratereviews.com\/it\/gestionale-per-officine\/"},{"@type":"ListItem","position":3,"name":"Bay-masteR"}]},{"@type":"WebSite","@id":"https:\/\/www.accuratereviews.com\/it\/#website","url":"https:\/\/www.accuratereviews.com\/it\/","name":"Accurate Reviews","description":"","potentialAction":[{"@type":"SearchAction","target":{"@type":"EntryPoint","urlTemplate":"https:\/\/www.accuratereviews.com\/it\/?s={search_term_string}"},"query-input":{"@type":"PropertyValueSpecification","valueRequired":true,"valueName":"search_term_string"}}],"inLanguage":"it-IT"}]}},"_links":{"self":[{"href":"https:\/\/www.accuratereviews.com\/it\/wp-json\/wp\/v2\/pages\/26626","targetHints":{"allow":["GET"]}}],"collection":[{"href":"https:\/\/www.accuratereviews.com\/it\/wp-json\/wp\/v2\/pages"}],"about":[{"href":"https:\/\/www.accuratereviews.com\/it\/wp-json\/wp\/v2\/types\/page"}],"author":[{"embeddable":true,"href":"https:\/\/www.accuratereviews.com\/it\/wp-json\/wp\/v2\/users\/19"}],"replies":[{"embeddable":true,"href":"https:\/\/www.accuratereviews.com\/it\/wp-json\/wp\/v2\/comments?post=26626"}],"version-history":[{"count":4,"href":"https:\/\/www.accuratereviews.com\/it\/wp-json\/wp\/v2\/pages\/26626\/revisions"}],"predecessor-version":[{"id":72167,"href":"https:\/\/www.accuratereviews.com\/it\/wp-json\/wp\/v2\/pages\/26626\/revisions\/72167"}],"up":[{"embeddable":true,"href":"https:\/\/www.accuratereviews.com\/it\/wp-json\/wp\/v2\/pages\/26440"}],"wp:featuredmedia":[{"embeddable":true,"href":"https:\/\/www.accuratereviews.com\/it\/wp-json\/wp\/v2\/media\/26627"}],"wp:attachment":[{"href":"https:\/\/www.accuratereviews.com\/it\/wp-json\/wp\/v2\/media?parent=26626"}],"wp:term":[{"taxonomy":"category","embeddable":true,"href":"https:\/\/www.accuratereviews.com\/it\/wp-json\/wp\/v2\/categories?post=26626"},{"taxonomy":"post_tag","embeddable":true,"href":"https:\/\/www.accuratereviews.com\/it\/wp-json\/wp\/v2\/tags?post=26626"},{"taxonomy":"features","embeddable":true,"href":"https:\/\/www.accuratereviews.com\/it\/wp-json\/wp\/v2\/features?post=26626"}],"curies":[{"name":"wp","href":"https:\/\/api.w.org\/{rel}","templated":true}]}}