{"id":26639,"date":"2020-05-20T08:28:44","date_gmt":"2020-05-20T08:28:44","guid":{"rendered":"https:\/\/www.accuratereviews.com\/?page_id=26639"},"modified":"2023-09-30T08:28:54","modified_gmt":"2023-09-30T08:28:54","slug":"ari-recensione","status":"publish","type":"page","link":"https:\/\/www.accuratereviews.com\/it\/gestionale-per-officine\/ari-recensione\/","title":{"rendered":"ARI"},"content":{"rendered":"<p><strong>ARI<\/strong> (Auto Repair Invoices) \u00e8 una<strong> soluzione\u00a0gestionale<\/strong> adatta a singoli meccanici, <strong>officine<\/strong>\u00a0e concessionari di automobili. Offre un&#8217;applicazione mobile per dispositivi iOS \/ Android ed \u00e8 possibile accedervi tramite qualsiasi PC desktop o laptop utilizzando la versione web.\u00a0L&#8217;app \u00e8 dotata di varie funzionalit\u00e0 richieste dagli utenti dell&#8217;industria automobilistica, tra cui decodificatore VIN, scanner e decodificatore di targhe, ricerca dei veicoli, rapporti sulla cronologia dei servizi e promemoria automatici dei servizi per i clienti. In pi\u00f9 hai la possibilit\u00e0 di monitorare l&#8217;inventario dei pezzi di ricambio, la contabilit\u00e0, rapporti, schede dei lavori, fatture, diagnosi (come costi di manutenzione, riparazioni imminenti e TSB), ispezioni dei veicoli, rapporti sui danni e appuntamenti online.\u00a0Inoltre, la soluzione offre molte opzioni di personalizzazione come modelli di fatture, liste di controllo per le ispezioni, impostazione fiscale multipla, opzioni di pagamento e altro.<\/p>\n<h2>ARI &#8211; TUTORIAL<\/h2>\n<p>Vediamo come aggiungere una nota su questo<strong> software gestionale per officine<\/strong>:<\/p>\n<div id=\"fluid-wrapper-counter-1\" class=\"g1-fluid-wrapper \" style=\"width:686px;\">\n<div style=\"padding-bottom:56.268221574344%;\"><iframe loading=\"lazy\" title=\"Quick Notes in ARI\" width=\"686\" height=\"386\" src=\"https:\/\/www.youtube.com\/embed\/4g-f6BtWTYo?feature=oembed&amp;wmode=transparent&amp;autohide=1&amp;autoplay=0&amp;disablekb=0&amp;fs=1&amp;loop=0&amp;enablejsapi=1&amp;rel=0&amp;controls=2&amp;showinfo=0&amp;wmode=transparent&amp;autohide=2&amp;autoplay=0&amp;disablekb=0&amp;fs=1&amp;loop=0&amp;enablejsapi=1&amp;rel=0&amp;controls=2&amp;showinfo=1\" frameborder=\"0\" allow=\"accelerometer; autoplay; clipboard-write; encrypted-media; gyroscope; picture-in-picture; web-share\" allowfullscreen><\/iframe><\/div>\n<\/div>\n<h3>ARI &#8211; CARATTERISTICHE<\/h3>\n<ul>\n<li><strong>Clienti e Veicoli<\/strong>: tieni traccia di tutti i tuoi clienti ricorrenti e dei loro veicoli in modo da fornire un servizio regolare e senza preoccupazioni<\/li>\n<li><strong>Contabilit\u00e0 e Rapporti:<\/strong> viene fornito con una serie molto potente di opzioni di reporting e strumenti di contabilit\u00e0 che ti semplificheranno la vita<\/li>\n<li><strong>Ispezione e danni<\/strong>: utilizzare liste di controllo di ispezione pre-costruite o creare il proprio elenco personalizzato di articoli di ispezione. \u00c8 inoltre possibile contrassegnare il danno del veicolo in modo interattivo<\/li>\n<li><strong>Inventario:<\/strong> 0rdina le parti di ricambio e conserva tutti i tuoi articoli in categorie in modo da non perdere mai una parte e avere sempre una buona conoscenza del tuo inventario<\/li>\n<li><strong>Fatture e preventivi<\/strong>:\u00a0distribuisci lavoro ai tuoi tecnici, genera preventivi per i tuoi clienti e invia fatture di qualit\u00e0 in pochi minuti<\/li>\n<li><strong>Note e nomine di servizio<\/strong>: la soluzione invier\u00e0 promemoria automatici ai tuoi clienti via email quando \u00e8 necessario. In cambio, i clienti possono fissare appuntamenti online per il tuo negozio tramite un link personalizzato<\/li>\n<li><strong>Scanner di codici a barre<\/strong>: vari materiali hanno codici a barre che aiutano a tracciare facilmente la merce. Il programma ti consente di utilizzare la fotocamera del tuo telefono per scansionare un codice a barre e cercare l&#8217;elemento sul tuo dispositivo<\/li>\n<\/ul>\n<h4>LE RECENSIONI DEGLI UTENTI<\/h4>\n<h4 class=\"font-weight-bold my-1 d-flex align-items-center\">Dan H.&#8221;L&#8217;ARI ha salvato la giornata&#8221;<\/h4>\n<p><strong>Vantaggi: <\/strong>Adoro queste funzionalit\u00e0 su questo programma molto facile da usare, molto informativo per il cliente e un formato molto professionale<\/p>\n<p><strong>Inconvenienti: <\/strong>L&#8217;unica cosa che vorrei vedere \u00e8 la trasformazione da un preventivo a una fattura.<\/p>\n<h4 class=\"font-weight-bold my-1 d-flex align-items-center\">Jacob D.&#8221;Ottimo software di fatturazione per meccanici!&#8221;<\/h4>\n<p><strong>Vantaggi: <\/strong>Mi piacciono le funzionalit\u00e0 e le opzioni che otteniamo con ogni veicolo, come il controllo della breve storia della carfax, la decodifica del vin, i DTC e l&#8217;ampio database dei veicoli. La fatturazione \u00e8 semplice. Molte funzioni. e un rapido servizio clienti in caso di problemi.<\/p>\n<p><strong>Inconvenienti: <\/strong>Ancora molto difettoso, sono sicuro che questo riguarda solo l&#8217;app perch\u00e9 non uso la versione desktop. Ma ho 3 dispositivi che eseguono l&#8217;app. Ho avuto l&#8217;app quasi un anno ormai e ora \u00e8 molto meno buggy di quanto non fosse allora, quindi propongo agli sviluppatori di ottenere aggiornamenti. L&#8217;altra mia lamentela \u00e8 il sistema di appuntamento online. \u00c8 quasi impossibile da usare su un dispositivo mobile. Ne sono consapevoli e si spera che realizzeranno una nuova versione.<\/p>\n<h4 class=\"font-weight-bold my-1 d-flex align-items-center\">Matthew A.&#8221;Buon prodotto ma non per i miei affari&#8221;<\/h4>\n<p><strong>Commenti: <\/strong>Buona esperienza se il tuo settore \u00e8 automobilistico<\/p>\n<p><strong>Vantaggi: <\/strong>Questo sito ha funzionato davvero bene per le societ\u00e0 legate al settore automobilistico, tuttavia io sono una societ\u00e0 di sport motoristici, quindi faccio moto, atv, dirtbike, apparecchiature di potenza del generatore e non avevo buone caratteristiche per questo utilizzo, per questo motivo non ho mai superato la prova<\/p>\n<p><strong>Inconvenienti: <\/strong>Concentrarsi solo per l&#8217;industria automobilistica e non ha avuto un ordine di lavoro per la vendita di parti<\/p>\n","protected":false},"excerpt":{"rendered":"<p>ARI (Auto Repair Invoices) \u00e8 una soluzione\u00a0gestionale adatta a singoli meccanici, officine\u00a0e concessionari di automobili. Offre un&#8217;applicazione mobile per dispositivi iOS \/ Android ed \u00e8 possibile accedervi tramite qualsiasi PC desktop o laptop utilizzando la versione web.\u00a0L&#8217;app \u00e8 dotata di varie funzionalit\u00e0 richieste dagli utenti dell&#8217;industria automobilistica, tra cui decodificatore VIN, scanner e decodificatore di targhe, ricerca dei veicoli, rapporti sulla cronologia dei servizi e promemoria automatici dei servizi per i clienti.<\/p>\n","protected":false},"author":19,"featured_media":26641,"parent":26440,"menu_order":0,"comment_status":"open","ping_status":"closed","template":"g1_template_page_review_new.php","meta":{"_acf_changed":false,"cwp_meta_box_check":"Yes","cwp_rev_product_name":"","cwp_rev_product_image":"","wppr_links":[],"cwp_rev_price":"","wppr_options":[{"name":"Usability","value":"0"},{"name":"Speed","value":"0"},{"name":"Features","value":"0"},{"name":"Support","value":"0"},{"name":"Pricing","value":"0"}],"wppr_pros":["","","","",""],"wppr_cons":["","","","",""],"_monsterinsights_skip_tracking":false,"_monsterinsights_sitenote_active":false,"_monsterinsights_sitenote_note":"","_monsterinsights_sitenote_category":0,"footnotes":""},"categories":[2818],"tags":[2839,2844,2819,2823,2820,2821],"features":[],"class_list":{"0":"post-26639","1":"page","2":"type-page","3":"status-publish","4":"has-post-thumbnail","6":"category-gestionale-per-officine-cat","7":"tag-applicazione-gestionale-per-officine","8":"tag-ari","9":"tag-auto-repair","10":"tag-programma-gestionale-per-officine","11":"tag-software-gestionale-per-officine","12":"tag-soluzione-gestionale-per-officine"},"wppr_data":{"cwp_meta_box_check":"Yes","cwp_rev_product_name":"","_wppr_review_template":"default","cwp_rev_product_image":"","cwp_image_link":"image","wppr_links":[],"cwp_rev_price":"","wppr_pros":["","","","",""],"wppr_cons":["","","","",""],"wppr_rating":"0.00","wppr_options":{"1":{"name":"Usability","value":"0"},"2":{"name":"Speed","value":"0"},"3":{"name":"Features","value":"0"},"4":{"name":"Support","value":"0"},"5":{"name":"Pricing","value":"0"}},"wppr_review_type":"Product","wppr_review_custom_fields":{"additionalProperty":"","additionalType":"","aggregateRating":"","alternateName":"","audience":"","award":"","awards":"","brand":"","color":"","depth":"","description":"","disambiguatingDescription":"","gtin12":"","gtin13":"","gtin14":"","gtin8":"","height":"","identifier":"","image":"","isAccessoryOrSparePartFor":"","isConsumableFor":"","isRelatedTo":"","isSimilarTo":"","itemCondition":"","logo":"","mainEntityOfPage":"","manufacturer":"","material":"","model":"","mpn":"","name":"","offers":"","potentialAction":"","productID":"","productionDate":"","purchaseDate":"","releaseDate":"","review":"","reviews":"","sameAs":"","sku":"","slogan":"","subjectOf":"","url":"","weight":"","width":""}},"acf":[],"yoast_head":"<!-- This site is optimized with the Yoast SEO plugin v27.4 - https:\/\/yoast.com\/product\/yoast-seo-wordpress\/ -->\n<title>ARI: recensione software gestionale per officine - Accurate Reviews<\/title>\n<meta name=\"description\" content=\"ARI (Auto Repair Invoices): recensione soluzione\u00a0gestionale adatta a singoli meccanici, officine\u00a0e concessionari di automobili.\" \/>\n<meta name=\"robots\" content=\"index, follow, max-snippet:-1, max-image-preview:large, max-video-preview:-1\" \/>\n<link rel=\"canonical\" href=\"https:\/\/www.accuratereviews.com\/it\/gestionale-per-officine\/ari-recensione\/\" \/>\n<meta property=\"og:locale\" content=\"it_IT\" \/>\n<meta property=\"og:type\" content=\"article\" \/>\n<meta property=\"og:title\" content=\"ARI: recensione software gestionale per officine - Accurate Reviews\" \/>\n<meta property=\"og:description\" content=\"ARI (Auto Repair Invoices): recensione soluzione\u00a0gestionale adatta a singoli meccanici, officine\u00a0e concessionari di automobili.\" \/>\n<meta property=\"og:url\" content=\"https:\/\/www.accuratereviews.com\/it\/gestionale-per-officine\/ari-recensione\/\" \/>\n<meta property=\"og:site_name\" content=\"Accurate Reviews\" \/>\n<meta property=\"article:modified_time\" content=\"2023-09-30T08:28:54+00:00\" \/>\n<meta property=\"og:image\" content=\"https:\/\/www.accuratereviews.com\/wp-content\/uploads\/2020\/05\/ARI.png\" \/>\n\t<meta property=\"og:image:width\" content=\"310\" \/>\n\t<meta property=\"og:image:height\" content=\"349\" \/>\n\t<meta property=\"og:image:type\" content=\"image\/png\" \/>\n<meta name=\"twitter:card\" content=\"summary_large_image\" \/>\n<meta name=\"twitter:label1\" content=\"Tempo di lettura stimato\" \/>\n\t<meta name=\"twitter:data1\" content=\"4 minuti\" \/>\n<script type=\"application\/ld+json\" class=\"yoast-schema-graph\">{\"@context\":\"https:\\\/\\\/schema.org\",\"@graph\":[{\"@type\":\"WebPage\",\"@id\":\"https:\\\/\\\/www.accuratereviews.com\\\/it\\\/gestionale-per-officine\\\/ari-recensione\\\/\",\"url\":\"https:\\\/\\\/www.accuratereviews.com\\\/it\\\/gestionale-per-officine\\\/ari-recensione\\\/\",\"name\":\"ARI: recensione software gestionale per officine - Accurate Reviews\",\"isPartOf\":{\"@id\":\"https:\\\/\\\/www.accuratereviews.com\\\/it\\\/#website\"},\"primaryImageOfPage\":{\"@id\":\"https:\\\/\\\/www.accuratereviews.com\\\/it\\\/gestionale-per-officine\\\/ari-recensione\\\/#primaryimage\"},\"image\":{\"@id\":\"https:\\\/\\\/www.accuratereviews.com\\\/it\\\/gestionale-per-officine\\\/ari-recensione\\\/#primaryimage\"},\"thumbnailUrl\":\"https:\\\/\\\/www.accuratereviews.com\\\/wp-content\\\/uploads\\\/2020\\\/05\\\/ARI.png\",\"datePublished\":\"2020-05-20T08:28:44+00:00\",\"dateModified\":\"2023-09-30T08:28:54+00:00\",\"description\":\"ARI (Auto Repair Invoices): recensione soluzione\u00a0gestionale adatta a singoli meccanici, officine\u00a0e concessionari di automobili.\",\"breadcrumb\":{\"@id\":\"https:\\\/\\\/www.accuratereviews.com\\\/it\\\/gestionale-per-officine\\\/ari-recensione\\\/#breadcrumb\"},\"inLanguage\":\"it-IT\",\"potentialAction\":[{\"@type\":\"ReadAction\",\"target\":[\"https:\\\/\\\/www.accuratereviews.com\\\/it\\\/gestionale-per-officine\\\/ari-recensione\\\/\"]}]},{\"@type\":\"ImageObject\",\"inLanguage\":\"it-IT\",\"@id\":\"https:\\\/\\\/www.accuratereviews.com\\\/it\\\/gestionale-per-officine\\\/ari-recensione\\\/#primaryimage\",\"url\":\"https:\\\/\\\/www.accuratereviews.com\\\/wp-content\\\/uploads\\\/2020\\\/05\\\/ARI.png\",\"contentUrl\":\"https:\\\/\\\/www.accuratereviews.com\\\/wp-content\\\/uploads\\\/2020\\\/05\\\/ARI.png\",\"width\":310,\"height\":349},{\"@type\":\"BreadcrumbList\",\"@id\":\"https:\\\/\\\/www.accuratereviews.com\\\/it\\\/gestionale-per-officine\\\/ari-recensione\\\/#breadcrumb\",\"itemListElement\":[{\"@type\":\"ListItem\",\"position\":1,\"name\":\"Home\",\"item\":\"https:\\\/\\\/www.accuratereviews.com\\\/it\\\/\"},{\"@type\":\"ListItem\",\"position\":2,\"name\":\"Gestionale per officine\",\"item\":\"https:\\\/\\\/www.accuratereviews.com\\\/it\\\/gestionale-per-officine\\\/\"},{\"@type\":\"ListItem\",\"position\":3,\"name\":\"ARI\"}]},{\"@type\":\"WebSite\",\"@id\":\"https:\\\/\\\/www.accuratereviews.com\\\/it\\\/#website\",\"url\":\"https:\\\/\\\/www.accuratereviews.com\\\/it\\\/\",\"name\":\"Accurate Reviews\",\"description\":\"\",\"potentialAction\":[{\"@type\":\"SearchAction\",\"target\":{\"@type\":\"EntryPoint\",\"urlTemplate\":\"https:\\\/\\\/www.accuratereviews.com\\\/it\\\/?s={search_term_string}\"},\"query-input\":{\"@type\":\"PropertyValueSpecification\",\"valueRequired\":true,\"valueName\":\"search_term_string\"}}],\"inLanguage\":\"it-IT\"}]}<\/script>\n<!-- \/ Yoast SEO plugin. -->","yoast_head_json":{"title":"ARI: recensione software gestionale per officine - Accurate Reviews","description":"ARI (Auto Repair Invoices): recensione soluzione\u00a0gestionale adatta a singoli meccanici, officine\u00a0e concessionari di automobili.","robots":{"index":"index","follow":"follow","max-snippet":"max-snippet:-1","max-image-preview":"max-image-preview:large","max-video-preview":"max-video-preview:-1"},"canonical":"https:\/\/www.accuratereviews.com\/it\/gestionale-per-officine\/ari-recensione\/","og_locale":"it_IT","og_type":"article","og_title":"ARI: recensione software gestionale per officine - Accurate Reviews","og_description":"ARI (Auto Repair Invoices): recensione soluzione\u00a0gestionale adatta a singoli meccanici, officine\u00a0e concessionari di automobili.","og_url":"https:\/\/www.accuratereviews.com\/it\/gestionale-per-officine\/ari-recensione\/","og_site_name":"Accurate Reviews","article_modified_time":"2023-09-30T08:28:54+00:00","og_image":[{"width":310,"height":349,"url":"https:\/\/www.accuratereviews.com\/wp-content\/uploads\/2020\/05\/ARI.png","type":"image\/png"}],"twitter_card":"summary_large_image","twitter_misc":{"Tempo di lettura stimato":"4 minuti"},"schema":{"@context":"https:\/\/schema.org","@graph":[{"@type":"WebPage","@id":"https:\/\/www.accuratereviews.com\/it\/gestionale-per-officine\/ari-recensione\/","url":"https:\/\/www.accuratereviews.com\/it\/gestionale-per-officine\/ari-recensione\/","name":"ARI: recensione software gestionale per officine - Accurate Reviews","isPartOf":{"@id":"https:\/\/www.accuratereviews.com\/it\/#website"},"primaryImageOfPage":{"@id":"https:\/\/www.accuratereviews.com\/it\/gestionale-per-officine\/ari-recensione\/#primaryimage"},"image":{"@id":"https:\/\/www.accuratereviews.com\/it\/gestionale-per-officine\/ari-recensione\/#primaryimage"},"thumbnailUrl":"https:\/\/www.accuratereviews.com\/wp-content\/uploads\/2020\/05\/ARI.png","datePublished":"2020-05-20T08:28:44+00:00","dateModified":"2023-09-30T08:28:54+00:00","description":"ARI (Auto Repair Invoices): recensione soluzione\u00a0gestionale adatta a singoli meccanici, officine\u00a0e concessionari di automobili.","breadcrumb":{"@id":"https:\/\/www.accuratereviews.com\/it\/gestionale-per-officine\/ari-recensione\/#breadcrumb"},"inLanguage":"it-IT","potentialAction":[{"@type":"ReadAction","target":["https:\/\/www.accuratereviews.com\/it\/gestionale-per-officine\/ari-recensione\/"]}]},{"@type":"ImageObject","inLanguage":"it-IT","@id":"https:\/\/www.accuratereviews.com\/it\/gestionale-per-officine\/ari-recensione\/#primaryimage","url":"https:\/\/www.accuratereviews.com\/wp-content\/uploads\/2020\/05\/ARI.png","contentUrl":"https:\/\/www.accuratereviews.com\/wp-content\/uploads\/2020\/05\/ARI.png","width":310,"height":349},{"@type":"BreadcrumbList","@id":"https:\/\/www.accuratereviews.com\/it\/gestionale-per-officine\/ari-recensione\/#breadcrumb","itemListElement":[{"@type":"ListItem","position":1,"name":"Home","item":"https:\/\/www.accuratereviews.com\/it\/"},{"@type":"ListItem","position":2,"name":"Gestionale per officine","item":"https:\/\/www.accuratereviews.com\/it\/gestionale-per-officine\/"},{"@type":"ListItem","position":3,"name":"ARI"}]},{"@type":"WebSite","@id":"https:\/\/www.accuratereviews.com\/it\/#website","url":"https:\/\/www.accuratereviews.com\/it\/","name":"Accurate Reviews","description":"","potentialAction":[{"@type":"SearchAction","target":{"@type":"EntryPoint","urlTemplate":"https:\/\/www.accuratereviews.com\/it\/?s={search_term_string}"},"query-input":{"@type":"PropertyValueSpecification","valueRequired":true,"valueName":"search_term_string"}}],"inLanguage":"it-IT"}]}},"_links":{"self":[{"href":"https:\/\/www.accuratereviews.com\/it\/wp-json\/wp\/v2\/pages\/26639","targetHints":{"allow":["GET"]}}],"collection":[{"href":"https:\/\/www.accuratereviews.com\/it\/wp-json\/wp\/v2\/pages"}],"about":[{"href":"https:\/\/www.accuratereviews.com\/it\/wp-json\/wp\/v2\/types\/page"}],"author":[{"embeddable":true,"href":"https:\/\/www.accuratereviews.com\/it\/wp-json\/wp\/v2\/users\/19"}],"replies":[{"embeddable":true,"href":"https:\/\/www.accuratereviews.com\/it\/wp-json\/wp\/v2\/comments?post=26639"}],"version-history":[{"count":8,"href":"https:\/\/www.accuratereviews.com\/it\/wp-json\/wp\/v2\/pages\/26639\/revisions"}],"predecessor-version":[{"id":72169,"href":"https:\/\/www.accuratereviews.com\/it\/wp-json\/wp\/v2\/pages\/26639\/revisions\/72169"}],"up":[{"embeddable":true,"href":"https:\/\/www.accuratereviews.com\/it\/wp-json\/wp\/v2\/pages\/26440"}],"wp:featuredmedia":[{"embeddable":true,"href":"https:\/\/www.accuratereviews.com\/it\/wp-json\/wp\/v2\/media\/26641"}],"wp:attachment":[{"href":"https:\/\/www.accuratereviews.com\/it\/wp-json\/wp\/v2\/media?parent=26639"}],"wp:term":[{"taxonomy":"category","embeddable":true,"href":"https:\/\/www.accuratereviews.com\/it\/wp-json\/wp\/v2\/categories?post=26639"},{"taxonomy":"post_tag","embeddable":true,"href":"https:\/\/www.accuratereviews.com\/it\/wp-json\/wp\/v2\/tags?post=26639"},{"taxonomy":"features","embeddable":true,"href":"https:\/\/www.accuratereviews.com\/it\/wp-json\/wp\/v2\/features?post=26639"}],"curies":[{"name":"wp","href":"https:\/\/api.w.org\/{rel}","templated":true}]}}