{"id":26646,"date":"2020-05-20T08:29:04","date_gmt":"2020-05-20T08:29:04","guid":{"rendered":"https:\/\/www.accuratereviews.com\/?page_id=26646"},"modified":"2023-09-11T10:25:51","modified_gmt":"2023-09-11T10:25:51","slug":"auto-repair-bill-recensione","status":"publish","type":"page","link":"https:\/\/www.accuratereviews.com\/it\/gestionale-per-officine\/auto-repair-bill-recensione\/","title":{"rendered":"Auto Repair Bill"},"content":{"rendered":"<p><strong>Auto Repair Bill<\/strong> \u00e8 una <strong>soluzione gestionale<\/strong> basata su <strong>cloud<\/strong> destinata per meccanici individuali e piccole officine di riparazione di automobili. Aiuta i clienti a soddisfare le richieste, gestire gli ordini, pianificare i lavori e generare fatture per lavori realizzati. Le caratteristiche principali includono la registrazione delle informazioni sui clienti e sui veicoli, l&#8217;integrazione del calendario di Google, il monitoraggio delle vendite, la gestione finanziaria e altro ancora.\u00a0La soluzione fornisce agli utenti un&#8217;operazione e un pannello di fatturazione su informazioni su lavori in corso e in sospeso, assegnazioni di servizi e flussi di lavoro aziendali. Consente ai proprietari di negozi di inviare preventivi via email. Una funzione di repository locale consente alle aziende di archiviare ed eseguire il backup dei documenti di servizio su sistemi locali.\u00a0La soluzione collabora con <strong>PayPal<\/strong> per elaborare i pagamenti online e si integra anche con applicazioni di terze parti come <strong>QuickBooks e Sage 50<\/strong>.<\/p>\n<h2>AUTO REPAIR BILL &#8211; TUTORIAL<\/h2>\n<p>Guardiamo come \u00e8 semplice inserire un nuovo cliente usando questo <strong>software gestionale per officine:<\/strong><\/p>\n<div id=\"fluid-wrapper-counter-1\" class=\"g1-fluid-wrapper \" style=\"width:686px;\">\n<div style=\"padding-bottom:56.268221574344%;\"><iframe loading=\"lazy\" title=\"New and improved support for multiple vehicles\" width=\"686\" height=\"386\" src=\"https:\/\/www.youtube.com\/embed\/u8uGXI8DE6E?feature=oembed&amp;wmode=transparent&amp;autohide=1&amp;autoplay=0&amp;disablekb=0&amp;fs=1&amp;loop=0&amp;enablejsapi=1&amp;rel=0&amp;controls=2&amp;showinfo=0&amp;wmode=transparent&amp;autohide=2&amp;autoplay=0&amp;disablekb=0&amp;fs=1&amp;loop=0&amp;enablejsapi=1&amp;rel=0&amp;controls=2&amp;showinfo=1\" frameborder=\"0\" allow=\"accelerometer; autoplay; clipboard-write; encrypted-media; gyroscope; picture-in-picture; web-share\" allowfullscreen><\/iframe><\/div>\n<\/div>\n<h3>AUTO REPAIR BILL &#8211; CARATTERISTICHE<\/h3>\n<ul>\n<li>Fatture, preventivi e prenotazioni di riparazione automatica facili da usare<\/li>\n<li>Pannello di fatturazione dettagliato per cliente e veicolo<\/li>\n<li>VIN \/ Plate Decoder e ricerca del veicolo<\/li>\n<li>Integrazione CARFAX per la cronologia dei servizi e il caricamento delle fatture<\/li>\n<li>Monitora ordini con il monitoraggio del tempo, il tempo di entrata e di uscita dei lavori<\/li>\n<li>Completamento automatico di parti e manodopera<\/li>\n<li>Ottieni la cronologia completa dell&#8217;assistenza sulle auto<\/li>\n<li>Prenota e gestisci il tuo tempo in modo efficiente<\/li>\n<li>Invia preventivi e fatture via email<\/li>\n<li>Accetta pagamenti con carta di credito e PayPal<\/li>\n<li>Servizio basato su cloud, proteggi i tuoi dati finanziari<\/li>\n<li>Invio automatizzato di promemoria di servizio ai clienti, miglioramento delle vendite<\/li>\n<li>CarMD, diagnostica avanzata e dati di riparazione<\/li>\n<li>Eseguire il backup di tutte le fatture di riparazione sul PC in file ZIP.<\/li>\n<li>Esporta in Excel e Sage 50<\/li>\n<\/ul>\n<h4>LA RECENSIONE DEGLI UTENTI<\/h4>\n<h4 class=\"font-weight-bold my-1 d-flex align-items-center\">Howard G.&#8221;buon software per officina riparazioni auto&#8221;<\/h4>\n<p><strong>Commenti: <\/strong>questo \u00e8 un buon software per il tuo negozio se hai bisogno di qualcosa per la fatturazione e le prenotazioni. ha una storia di servizio e alcune informazioni sul veicolo, ma qui non \u00e8 completa come altri software, ma al prezzo che \u00e8 accettabile per me. c&#8217;\u00e8 un fantastico creatore di auto-servizi che utilizza vin e chilometraggio, ci piace davvero.<\/p>\n<p><strong>Vantaggi: <\/strong>La funzionalit\u00e0 del servizio QUIK \u00e8 super<br \/>\nLa conversione di preventivi e ordini di riparazione in fatture con un clic consente di risparmiare tempo<br \/>\nBuon rapporto qualit\u00e0 prezzo<\/p>\n<p><strong>Inconvenienti: <\/strong>Impossibile sincronizzare con il calendario di Outlook<\/p>\n<h4 class=\"font-weight-bold my-1 d-flex align-items-center\">Pascal E.&#8221;software per negozi di auto&#8221;<\/h4>\n<p><strong>Commenti: <\/strong>ci piace questo nel nostro negozio, siamo in 6 qui e tutti possiamo usare l&#8217;app allo stesso tempo, sui nostri cellulari per accedere e uscire, e possiamo lavorare sui nostri lavori individuali e il nostro rappresentante si occupa delle fatture e prenotazioni, tenendoci aggiornati nel negozio o in call out. hanno appena aggiunto una funzione per firmare digitalmente un ordine di riparazione con l&#8217;app mobile, risparmiare sui costi di stampa e carta e possiamo ancora mantenere i RO firmati sull&#8217;app cloud, in realt\u00e0 \u00e8 molto bello come \u00e8 fatto!<\/p>\n<p><strong>Vantaggi: <\/strong>nuove funzionalit\u00e0 di app mobili per caricare foto RO e firmare. Inserimento rapido dei dati, conversione di RO in fattura con un clic.<br \/>\nPromemoria via email ai clienti. Buon sistema di prenotazioni<\/p>\n<p><strong>Inconvenienti: <\/strong>alcuni bug occasionali ma l&#8217;assistenza clienti \u00e8 ottima per dare una mano<\/p>\n<h4 class=\"font-weight-bold my-1 d-flex align-items-center\">Pablo M.&#8221;Ci piace usare il software Bill Auto Repair, facile da navigare.&#8221;<\/h4>\n<p><strong>\u00a0Commenti: <\/strong>Non ho limiti alle molte fatture che creo quotidianamente. Posso memorizzare le informazioni dei clienti e avere una cronologia dettagliata del lavoro svolto sui veicoli dei nostri clienti. Posso inviare una ricevuta via email a un cliente.<\/p>\n<p><strong>Vantaggi: <\/strong>\u00c8 molto semplice da utilizzare durante la navigazione nel software. Le fatture sono semplici per me come meccanico e per i miei clienti. Il software \u00e8 estremamente conveniente<\/p>\n<p><strong>Inconvenienti: <\/strong>Quando c&#8217;\u00e8 un aggiornamento, ci vogliono alcuni tentativi per risolvere i problemi. Vorrei personalizzare le mie fatture senza dover inviare per email l&#8217;amministratore del software.<\/p>\n","protected":false},"excerpt":{"rendered":"<p>Auto Repair Bill \u00e8 una soluzione gestionale basata su cloud destinata per meccanici individuali e piccole officine di riparazione di automobili. Aiuta i clienti a soddisfare le richieste, gestire gli ordini, pianificare i lavori e generare fatture per i lavori realizzati. Le caratteristiche principali includono la registrazione delle informazioni sui clienti e sui veicoli, l&#8217;integrazione del calendario di Google, il monitoraggio delle vendite, la gestione finanziaria e altro ancora.<\/p>\n","protected":false},"author":19,"featured_media":26653,"parent":26440,"menu_order":0,"comment_status":"open","ping_status":"closed","template":"g1_template_page_review_new.php","meta":{"_acf_changed":false,"cwp_meta_box_check":"Yes","cwp_rev_product_name":"","cwp_rev_product_image":"","wppr_links":[],"cwp_rev_price":"","wppr_options":[{"name":"Usability","value":"0"},{"name":"Speed","value":"0"},{"name":"Features","value":"0"},{"name":"Support","value":"0"},{"name":"Pricing","value":"0"}],"wppr_pros":["","","","",""],"wppr_cons":["","","","",""],"_monsterinsights_skip_tracking":false,"_monsterinsights_sitenote_active":false,"_monsterinsights_sitenote_note":"","_monsterinsights_sitenote_category":0,"footnotes":""},"categories":[2818],"tags":[2824,2819,2852,2822,2823,2820,2821],"features":[],"class_list":{"0":"post-26646","1":"page","2":"type-page","3":"status-publish","4":"has-post-thumbnail","6":"category-gestionale-per-officine-cat","7":"tag-auto-management-software","8":"tag-auto-repair","9":"tag-auto-repair-bill","10":"tag-piattaforma-gestionale-per-officine","11":"tag-programma-gestionale-per-officine","12":"tag-software-gestionale-per-officine","13":"tag-soluzione-gestionale-per-officine"},"wppr_data":{"cwp_meta_box_check":"Yes","cwp_rev_product_name":"","_wppr_review_template":"default","cwp_rev_product_image":"","cwp_image_link":"image","wppr_links":[],"cwp_rev_price":"","wppr_pros":["","","","",""],"wppr_cons":["","","","",""],"wppr_rating":"0.00","wppr_options":{"1":{"name":"Usability","value":"0"},"2":{"name":"Speed","value":"0"},"3":{"name":"Features","value":"0"},"4":{"name":"Support","value":"0"},"5":{"name":"Pricing","value":"0"}},"wppr_review_type":"Product","wppr_review_custom_fields":{"additionalProperty":"","additionalType":"","aggregateRating":"","alternateName":"","audience":"","award":"","awards":"","brand":"","color":"","depth":"","description":"","disambiguatingDescription":"","gtin12":"","gtin13":"","gtin14":"","gtin8":"","height":"","identifier":"","image":"","isAccessoryOrSparePartFor":"","isConsumableFor":"","isRelatedTo":"","isSimilarTo":"","itemCondition":"","logo":"","mainEntityOfPage":"","manufacturer":"","material":"","model":"","mpn":"","name":"","offers":"","potentialAction":"","productID":"","productionDate":"","purchaseDate":"","releaseDate":"","review":"","reviews":"","sameAs":"","sku":"","slogan":"","subjectOf":"","url":"","weight":"","width":""}},"acf":[],"yoast_head":"<!-- This site is optimized with the Yoast SEO plugin v27.4 - https:\/\/yoast.com\/product\/yoast-seo-wordpress\/ -->\n<title>Auto Repair Bill: recensione gestionale per officine - Accurate Reviews<\/title>\n<meta name=\"description\" content=\"Auto Repair Bill: recensione soluzione gestionale basata su cloud destinata per meccanici individuali e piccole officine di riparazione di automobili.\" \/>\n<meta name=\"robots\" content=\"index, follow, max-snippet:-1, max-image-preview:large, max-video-preview:-1\" \/>\n<link rel=\"canonical\" href=\"https:\/\/www.accuratereviews.com\/it\/gestionale-per-officine\/auto-repair-bill-recensione\/\" \/>\n<meta property=\"og:locale\" content=\"it_IT\" \/>\n<meta property=\"og:type\" content=\"article\" \/>\n<meta property=\"og:title\" content=\"Auto Repair Bill: recensione gestionale per officine - Accurate Reviews\" \/>\n<meta property=\"og:description\" content=\"Auto Repair Bill: recensione soluzione gestionale basata su cloud destinata per meccanici individuali e piccole officine di riparazione di automobili.\" \/>\n<meta property=\"og:url\" content=\"https:\/\/www.accuratereviews.com\/it\/gestionale-per-officine\/auto-repair-bill-recensione\/\" \/>\n<meta property=\"og:site_name\" content=\"Accurate Reviews\" \/>\n<meta property=\"article:modified_time\" content=\"2023-09-11T10:25:51+00:00\" \/>\n<meta property=\"og:image\" content=\"https:\/\/www.accuratereviews.com\/wp-content\/uploads\/2020\/05\/AUTO2.png\" \/>\n\t<meta property=\"og:image:width\" content=\"256\" \/>\n\t<meta property=\"og:image:height\" content=\"256\" \/>\n\t<meta property=\"og:image:type\" content=\"image\/png\" \/>\n<meta name=\"twitter:card\" content=\"summary_large_image\" \/>\n<meta name=\"twitter:label1\" content=\"Tempo di lettura stimato\" \/>\n\t<meta name=\"twitter:data1\" content=\"4 minuti\" \/>\n<script type=\"application\/ld+json\" class=\"yoast-schema-graph\">{\"@context\":\"https:\\\/\\\/schema.org\",\"@graph\":[{\"@type\":\"WebPage\",\"@id\":\"https:\\\/\\\/www.accuratereviews.com\\\/it\\\/gestionale-per-officine\\\/auto-repair-bill-recensione\\\/\",\"url\":\"https:\\\/\\\/www.accuratereviews.com\\\/it\\\/gestionale-per-officine\\\/auto-repair-bill-recensione\\\/\",\"name\":\"Auto Repair Bill: recensione gestionale per officine - Accurate Reviews\",\"isPartOf\":{\"@id\":\"https:\\\/\\\/www.accuratereviews.com\\\/it\\\/#website\"},\"primaryImageOfPage\":{\"@id\":\"https:\\\/\\\/www.accuratereviews.com\\\/it\\\/gestionale-per-officine\\\/auto-repair-bill-recensione\\\/#primaryimage\"},\"image\":{\"@id\":\"https:\\\/\\\/www.accuratereviews.com\\\/it\\\/gestionale-per-officine\\\/auto-repair-bill-recensione\\\/#primaryimage\"},\"thumbnailUrl\":\"https:\\\/\\\/www.accuratereviews.com\\\/wp-content\\\/uploads\\\/2020\\\/05\\\/AUTO2.png\",\"datePublished\":\"2020-05-20T08:29:04+00:00\",\"dateModified\":\"2023-09-11T10:25:51+00:00\",\"description\":\"Auto Repair Bill: recensione soluzione gestionale basata su cloud destinata per meccanici individuali e piccole officine di riparazione di automobili.\",\"breadcrumb\":{\"@id\":\"https:\\\/\\\/www.accuratereviews.com\\\/it\\\/gestionale-per-officine\\\/auto-repair-bill-recensione\\\/#breadcrumb\"},\"inLanguage\":\"it-IT\",\"potentialAction\":[{\"@type\":\"ReadAction\",\"target\":[\"https:\\\/\\\/www.accuratereviews.com\\\/it\\\/gestionale-per-officine\\\/auto-repair-bill-recensione\\\/\"]}]},{\"@type\":\"ImageObject\",\"inLanguage\":\"it-IT\",\"@id\":\"https:\\\/\\\/www.accuratereviews.com\\\/it\\\/gestionale-per-officine\\\/auto-repair-bill-recensione\\\/#primaryimage\",\"url\":\"https:\\\/\\\/www.accuratereviews.com\\\/wp-content\\\/uploads\\\/2020\\\/05\\\/AUTO2.png\",\"contentUrl\":\"https:\\\/\\\/www.accuratereviews.com\\\/wp-content\\\/uploads\\\/2020\\\/05\\\/AUTO2.png\",\"width\":256,\"height\":256},{\"@type\":\"BreadcrumbList\",\"@id\":\"https:\\\/\\\/www.accuratereviews.com\\\/it\\\/gestionale-per-officine\\\/auto-repair-bill-recensione\\\/#breadcrumb\",\"itemListElement\":[{\"@type\":\"ListItem\",\"position\":1,\"name\":\"Home\",\"item\":\"https:\\\/\\\/www.accuratereviews.com\\\/it\\\/\"},{\"@type\":\"ListItem\",\"position\":2,\"name\":\"Gestionale per officine\",\"item\":\"https:\\\/\\\/www.accuratereviews.com\\\/it\\\/gestionale-per-officine\\\/\"},{\"@type\":\"ListItem\",\"position\":3,\"name\":\"Auto Repair Bill\"}]},{\"@type\":\"WebSite\",\"@id\":\"https:\\\/\\\/www.accuratereviews.com\\\/it\\\/#website\",\"url\":\"https:\\\/\\\/www.accuratereviews.com\\\/it\\\/\",\"name\":\"Accurate Reviews\",\"description\":\"\",\"potentialAction\":[{\"@type\":\"SearchAction\",\"target\":{\"@type\":\"EntryPoint\",\"urlTemplate\":\"https:\\\/\\\/www.accuratereviews.com\\\/it\\\/?s={search_term_string}\"},\"query-input\":{\"@type\":\"PropertyValueSpecification\",\"valueRequired\":true,\"valueName\":\"search_term_string\"}}],\"inLanguage\":\"it-IT\"}]}<\/script>\n<!-- \/ Yoast SEO plugin. -->","yoast_head_json":{"title":"Auto Repair Bill: recensione gestionale per officine - Accurate Reviews","description":"Auto Repair Bill: recensione soluzione gestionale basata su cloud destinata per meccanici individuali e piccole officine di riparazione di automobili.","robots":{"index":"index","follow":"follow","max-snippet":"max-snippet:-1","max-image-preview":"max-image-preview:large","max-video-preview":"max-video-preview:-1"},"canonical":"https:\/\/www.accuratereviews.com\/it\/gestionale-per-officine\/auto-repair-bill-recensione\/","og_locale":"it_IT","og_type":"article","og_title":"Auto Repair Bill: recensione gestionale per officine - Accurate Reviews","og_description":"Auto Repair Bill: recensione soluzione gestionale basata su cloud destinata per meccanici individuali e piccole officine di riparazione di automobili.","og_url":"https:\/\/www.accuratereviews.com\/it\/gestionale-per-officine\/auto-repair-bill-recensione\/","og_site_name":"Accurate Reviews","article_modified_time":"2023-09-11T10:25:51+00:00","og_image":[{"width":256,"height":256,"url":"https:\/\/www.accuratereviews.com\/wp-content\/uploads\/2020\/05\/AUTO2.png","type":"image\/png"}],"twitter_card":"summary_large_image","twitter_misc":{"Tempo di lettura stimato":"4 minuti"},"schema":{"@context":"https:\/\/schema.org","@graph":[{"@type":"WebPage","@id":"https:\/\/www.accuratereviews.com\/it\/gestionale-per-officine\/auto-repair-bill-recensione\/","url":"https:\/\/www.accuratereviews.com\/it\/gestionale-per-officine\/auto-repair-bill-recensione\/","name":"Auto Repair Bill: recensione gestionale per officine - Accurate Reviews","isPartOf":{"@id":"https:\/\/www.accuratereviews.com\/it\/#website"},"primaryImageOfPage":{"@id":"https:\/\/www.accuratereviews.com\/it\/gestionale-per-officine\/auto-repair-bill-recensione\/#primaryimage"},"image":{"@id":"https:\/\/www.accuratereviews.com\/it\/gestionale-per-officine\/auto-repair-bill-recensione\/#primaryimage"},"thumbnailUrl":"https:\/\/www.accuratereviews.com\/wp-content\/uploads\/2020\/05\/AUTO2.png","datePublished":"2020-05-20T08:29:04+00:00","dateModified":"2023-09-11T10:25:51+00:00","description":"Auto Repair Bill: recensione soluzione gestionale basata su cloud destinata per meccanici individuali e piccole officine di riparazione di automobili.","breadcrumb":{"@id":"https:\/\/www.accuratereviews.com\/it\/gestionale-per-officine\/auto-repair-bill-recensione\/#breadcrumb"},"inLanguage":"it-IT","potentialAction":[{"@type":"ReadAction","target":["https:\/\/www.accuratereviews.com\/it\/gestionale-per-officine\/auto-repair-bill-recensione\/"]}]},{"@type":"ImageObject","inLanguage":"it-IT","@id":"https:\/\/www.accuratereviews.com\/it\/gestionale-per-officine\/auto-repair-bill-recensione\/#primaryimage","url":"https:\/\/www.accuratereviews.com\/wp-content\/uploads\/2020\/05\/AUTO2.png","contentUrl":"https:\/\/www.accuratereviews.com\/wp-content\/uploads\/2020\/05\/AUTO2.png","width":256,"height":256},{"@type":"BreadcrumbList","@id":"https:\/\/www.accuratereviews.com\/it\/gestionale-per-officine\/auto-repair-bill-recensione\/#breadcrumb","itemListElement":[{"@type":"ListItem","position":1,"name":"Home","item":"https:\/\/www.accuratereviews.com\/it\/"},{"@type":"ListItem","position":2,"name":"Gestionale per officine","item":"https:\/\/www.accuratereviews.com\/it\/gestionale-per-officine\/"},{"@type":"ListItem","position":3,"name":"Auto Repair Bill"}]},{"@type":"WebSite","@id":"https:\/\/www.accuratereviews.com\/it\/#website","url":"https:\/\/www.accuratereviews.com\/it\/","name":"Accurate Reviews","description":"","potentialAction":[{"@type":"SearchAction","target":{"@type":"EntryPoint","urlTemplate":"https:\/\/www.accuratereviews.com\/it\/?s={search_term_string}"},"query-input":{"@type":"PropertyValueSpecification","valueRequired":true,"valueName":"search_term_string"}}],"inLanguage":"it-IT"}]}},"_links":{"self":[{"href":"https:\/\/www.accuratereviews.com\/it\/wp-json\/wp\/v2\/pages\/26646","targetHints":{"allow":["GET"]}}],"collection":[{"href":"https:\/\/www.accuratereviews.com\/it\/wp-json\/wp\/v2\/pages"}],"about":[{"href":"https:\/\/www.accuratereviews.com\/it\/wp-json\/wp\/v2\/types\/page"}],"author":[{"embeddable":true,"href":"https:\/\/www.accuratereviews.com\/it\/wp-json\/wp\/v2\/users\/19"}],"replies":[{"embeddable":true,"href":"https:\/\/www.accuratereviews.com\/it\/wp-json\/wp\/v2\/comments?post=26646"}],"version-history":[{"count":10,"href":"https:\/\/www.accuratereviews.com\/it\/wp-json\/wp\/v2\/pages\/26646\/revisions"}],"predecessor-version":[{"id":71817,"href":"https:\/\/www.accuratereviews.com\/it\/wp-json\/wp\/v2\/pages\/26646\/revisions\/71817"}],"up":[{"embeddable":true,"href":"https:\/\/www.accuratereviews.com\/it\/wp-json\/wp\/v2\/pages\/26440"}],"wp:featuredmedia":[{"embeddable":true,"href":"https:\/\/www.accuratereviews.com\/it\/wp-json\/wp\/v2\/media\/26653"}],"wp:attachment":[{"href":"https:\/\/www.accuratereviews.com\/it\/wp-json\/wp\/v2\/media?parent=26646"}],"wp:term":[{"taxonomy":"category","embeddable":true,"href":"https:\/\/www.accuratereviews.com\/it\/wp-json\/wp\/v2\/categories?post=26646"},{"taxonomy":"post_tag","embeddable":true,"href":"https:\/\/www.accuratereviews.com\/it\/wp-json\/wp\/v2\/tags?post=26646"},{"taxonomy":"features","embeddable":true,"href":"https:\/\/www.accuratereviews.com\/it\/wp-json\/wp\/v2\/features?post=26646"}],"curies":[{"name":"wp","href":"https:\/\/api.w.org\/{rel}","templated":true}]}}