{"id":26681,"date":"2020-05-21T09:15:30","date_gmt":"2020-05-21T09:15:30","guid":{"rendered":"https:\/\/www.accuratereviews.com\/?page_id=26681"},"modified":"2023-09-30T08:22:19","modified_gmt":"2023-09-30T08:22:19","slug":"tekmetric-recensione","status":"publish","type":"page","link":"https:\/\/www.accuratereviews.com\/it\/gestionale-per-officine\/tekmetric-recensione\/","title":{"rendered":"Tekmetric"},"content":{"rendered":"<p><strong>Tekmetric<\/strong> \u00e8 una <strong>soluzione di riparazione<\/strong> automatica basata su <strong>cloud<\/strong> per le aziende di vari settori come quello automobilistico e dei trasporti. Le funzionalit\u00e0 principali permette agli utenti di gestire i flussi di lavoro, misurare la redditivit\u00e0 del lavoro, accedere utilizzando il single sign-on e generare fatture.\u00a0<strong>Tekmetric<\/strong> consente agli utenti di pianificare gli appuntamenti con i clienti e di archiviarne i profili. Le ispezioni digitali integrate sui veicoli consentono ai gestori di creare ispezioni personalizzate e caricare foto. La soluzione offre la possibilit\u00e0\u00a0di impostare tassi di manodopera personalizzati, commissioni e tasse per ciascun negozio. Il tracciamento degli ordini supporta la registrazione delle fatture, la marcatura delle parti come consegnate e il posizionamento dei resi. Inoltre, i trasportatori possono inviare gli stati degli ordini di riparazione tramite SMS o email, generare report per l&#8217;analisi della redditivit\u00e0, delle vendite lorde e delle ore di lavoro del tecnico.<\/p>\n<h2>TEKMETRIC &#8211; TUTORIAL<\/h2>\n<p>Ecco un tutorial in cui vediamo come questo <strong>software gestionale per officine<\/strong> sia compatibile con il programma AutoText.me:<\/p>\n<div id=\"fluid-wrapper-counter-1\" class=\"g1-fluid-wrapper \" style=\"width:686px;\">\n<div style=\"padding-bottom:56.268221574344%;\"><iframe loading=\"lazy\" title=\"autotext.me Level 6 Integration with Tekmetric\" width=\"686\" height=\"386\" src=\"https:\/\/www.youtube.com\/embed\/YVuNw8TOeSs?feature=oembed&amp;wmode=transparent&amp;autohide=1&amp;autoplay=0&amp;disablekb=0&amp;fs=1&amp;loop=0&amp;enablejsapi=1&amp;rel=0&amp;controls=2&amp;showinfo=0&amp;wmode=transparent&amp;autohide=2&amp;autoplay=0&amp;disablekb=0&amp;fs=1&amp;loop=0&amp;enablejsapi=1&amp;rel=0&amp;controls=2&amp;showinfo=1\" frameborder=\"0\" allow=\"accelerometer; autoplay; clipboard-write; encrypted-media; gyroscope; picture-in-picture; web-share\" allowfullscreen><\/iframe><\/div>\n<\/div>\n<h3>TEKMETRIC &#8211; CARATTERISTICHE<\/h3>\n<ul>\n<li>Assembla RO in pochi minuti con guide integrate per il lavoro personalizzabili<\/li>\n<li>Aggiorna i tuoi clienti con avvisi di messaggi di testo e immagini del lavoro che deve essere fatto<\/li>\n<li>Aumenta il tuo ARO e chiudi il rapporto con la piena trasparenza del cliente<\/li>\n<li>Scopri come funziona il tuo negozio in tempo reale, da qualsiasi dispositivo, ovunque ci sia internet<\/li>\n<li>Esegui il drill down per concentrarti su un singolo negozio, lavoro, cliente o ciclo di vendita<\/li>\n<li>Gestisci facilmente il flusso di lavoro dei tuoi tecnici<\/li>\n<li>I calendari interattivi semplificano la gestione degli impegni<\/li>\n<li>Aggiungi tutti i tuoi clienti e visualizza la cronologia<\/li>\n<li>Gestisci l&#8217;inventario del tuo negozio e salva le parti OEM in un unico posto<\/li>\n<li>Filtra per tipo o cerca per marchio, nome della parte o numero della parte<\/li>\n<li>I tag ti consentono di tenere traccia dell&#8217;inventario disponibile, in uso, ordinato<\/li>\n<li>Crea subaffitti fornitore personalizzati<\/li>\n<li>Il DVI integrato evita agli utenti di dover utilizzare due sistemi separati per le ispezioni e la gestione del negozio<\/li>\n<li>Crea ispezioni personalizzate, configura i risultati del veicolo e carica foto<\/li>\n<li>Condividi i risultati delle ispezioni con i clienti tramite stampa, email o testo<\/li>\n<li>Contrassegna automaticamente le ore di lavoro<\/li>\n<li>Aggiungi i fornitori e organizza le informazioni sui fornitori in base a contatto, integratore, nome rappresentante account, numero negozio, indirizzo, codice fiscale e note<\/li>\n<li>Gestisci gli ordini di acquisto, il lavoro delle sublet e gli ordini di reso<\/li>\n<li>Cerca facilmente i fornitori salvati per nome, telefono, email o sito Web<\/li>\n<li>Stampa preventivi e fatture per i clienti su richiesta<\/li>\n<li>Seleziona i ruoli dei dipendenti, imposta o regola la tariffa forfettaria o la retribuzione, configura le autorizzazioni di accesso<\/li>\n<li>Visualizza i programmi, i lavori e le vendite dei dipendenti in tutti i negozi<\/li>\n<li>Configura tutte le tariffe di lavoro, le tasse, il markup delle parti e le tasse in un unico posto<\/li>\n<li>Modifica se i clienti possono o meno vedere i tassi di manodopera nelle stime<\/li>\n<li>Inserisci tutte le tariffe di lavoro di cui hai bisogno<\/li>\n<li>Invia lo stato dei lavori ai clienti tramite SMS o email preventivi \/ fatture con un clic di un pulsante<\/li>\n<li>Aggiungi dettagli specifici per pneumatici al tuo inventario e applica una matrice fiscale dei pneumatici preimpostata o una tassa di smaltimento a qualsiasi lavoro<\/li>\n<li>Crea lavori fissi per lavori su pneumatici, inclusi rotazioni di pneumatici, patching di pneumatici e installazione di pneumatici<\/li>\n<li>Tieni traccia degli ordini dei pezzi per il tuo negozio registrando le fatture, contrassegnando i pezzi come consegnati e effettuando i resi<\/li>\n<li>Usa PartsTech e Nexpart per ordinare senza problemi da tutti i fornitori di cui hai bisogno<\/li>\n<li>Cerca ordini per numero PO, parte o fornitore; visualizza lo stato dell&#8217;ordine, il metodo di pagamento, la data dell&#8217;ordine, il numero RO e altro su una singola dashboard<\/li>\n<li>Stampa ispezioni e ordini di riparazione per tecnici su richiesta<\/li>\n<li>Controlla ci\u00f2 che appare su preventivi stampati, fatture, ispezioni e RO, inclusi l&#8217;indirizzo, il numero di telefono, l&#8217;email, il sito web e il logo del tuo negozio<\/li>\n<\/ul>\n<h4>LE RECENSIONI DEGLI UTENTI<\/h4>\n<h4 class=\"font-weight-bold my-1 d-flex align-items-center\">Joshua W.&#8221;Estremamente facile da usare&#8221;<\/h4>\n<p><strong>Vantaggi: <\/strong>Il team di assistenza clienti \u00e8 estremamente utile per comprendere l&#8217;uso e il loro team di supporto tecnico accetta molto bene il feedback e applica i tuoi suggerimenti.<\/p>\n<p><strong>Inconvenienti: <\/strong>Non ho molti reclami a parte l&#8217;eliminazione dei veicoli di quel cliente che rimuove le fatture dal loro account.<\/p>\n<h4 class=\"font-weight-bold my-1 d-flex align-items-center\">Terrie W.&#8221;Semplicemente il migliore!&#8221;<\/h4>\n<p><strong>Commenti: <\/strong>Sono stato estremamente soddisfatto di Tekmetric dal primo giorno. La migrazione dei dati dal mio vecchio software \u00e8 stata rapida, la curva di apprendimento per il mio personale \u00e8 stata indolore e l&#8217;assistenza clienti \u00e8 immediata. I miei clienti apprezzano la possibilit\u00e0 di rivedere, approvare o rifiutare i lavori via SMS \/ email e vedere immagini di ispezioni e parti usurate. Essere basati su cloud ha notevolmente ridotto la quantit\u00e0 di tempo trascorso al telefono con clienti e fornitori; le nostre telefonate sono molto pi\u00f9 produttive e il mio staff \u00e8 pi\u00f9 efficiente. Posso gestire il mio negozio senza essere fisicamente nel negozio! Se incontro un cliente in un negozio di alimentari, ora posso discutere in modo intelligente la storia della loro auto, spiegare le riparazioni necessarie, pianificare gli appuntamenti o ordinare le parti. Posso rivedere il flusso di lavoro e analizzare le prestazioni del negozio da qualsiasi luogo mi trovo.<\/p>\n<p><strong>Vantaggi: <\/strong>La mia cosa preferita di Tekmetric \u00e8 la loro reattivit\u00e0 ai suggerimenti degli utenti. Ascoltano veramente le esigenze dei loro clienti e si adattano rapidamente alle nuove tendenze del settore.<\/p>\n<p><strong>Inconvenienti: <\/strong>Vorrei essermi unito a Tekmetric prima. Il cambio di software \u00e8 sempre difficile. Sebbene nessun software sia perfetto, Tekmetric ha dimostrato di essere un prodotto solido per oggi e il leader del pacchetto per il futuro.<\/p>\n<h4 class=\"font-weight-bold my-1 d-flex align-items-center\">Vincent T.\u00a0&#8220;Funziona benissimo e le ispezioni digitali funzionano bene, lo adoro.&#8221;<\/h4>\n<p><strong>Commenti: <\/strong>Mi piace finora<\/p>\n<p><strong>Vantaggi: <\/strong>Nuovo aspetto aggiornato DVI \u00e8 buono, continuano a migliorare il software con aggiornamenti e nuove attivit\u00e0, la linea di aiuto \u00e8 buona<\/p>\n<p><strong>Inconvenienti: <\/strong>Non \u00e8 possibile mandare SMS avanti e indietro per creare, potrebbe utilizzare pi\u00f9 funzioni e abilit\u00e0 di amministrazione,<br \/>\nWeb base se si blocca non c&#8217;\u00e8 modo di farlo andare avanti<\/p>\n","protected":false},"excerpt":{"rendered":"<p>Tekmetric \u00e8 una soluzione di riparazione automatica basata su cloud per le aziende di vari settori come quello automobilistico e dei trasporti. Le funzionalit\u00e0 principali permette agli utenti di gestire i flussi di lavoro, misurare la redditivit\u00e0 del lavoro, accedere utilizzando il single sign-on e generare fatture.\u00a0<\/p>\n","protected":false},"author":19,"featured_media":26682,"parent":26440,"menu_order":0,"comment_status":"open","ping_status":"closed","template":"g1_template_page_review_new.php","meta":{"_acf_changed":false,"cwp_meta_box_check":"Yes","cwp_rev_product_name":"","cwp_rev_product_image":"","wppr_links":[],"cwp_rev_price":"","wppr_options":[{"name":"Usability","value":"0"},{"name":"Speed","value":"0"},{"name":"Features","value":"0"},{"name":"Support","value":"0"},{"name":"Pricing","value":"0"}],"wppr_pros":["","","","",""],"wppr_cons":["","","","",""],"_monsterinsights_skip_tracking":false,"_monsterinsights_sitenote_active":false,"_monsterinsights_sitenote_note":"","_monsterinsights_sitenote_category":0,"footnotes":""},"categories":[2818],"tags":[2824,2819,2822,2823,2820,2821,2853],"features":[],"class_list":{"0":"post-26681","1":"page","2":"type-page","3":"status-publish","4":"has-post-thumbnail","6":"category-gestionale-per-officine-cat","7":"tag-auto-management-software","8":"tag-auto-repair","9":"tag-piattaforma-gestionale-per-officine","10":"tag-programma-gestionale-per-officine","11":"tag-software-gestionale-per-officine","12":"tag-soluzione-gestionale-per-officine","13":"tag-tekmetric"},"wppr_data":{"cwp_meta_box_check":"Yes","cwp_rev_product_name":"","_wppr_review_template":"default","cwp_rev_product_image":"","cwp_image_link":"image","wppr_links":[],"cwp_rev_price":"","wppr_pros":["","","","",""],"wppr_cons":["","","","",""],"wppr_rating":"0.00","wppr_options":{"1":{"name":"Usability","value":"0"},"2":{"name":"Speed","value":"0"},"3":{"name":"Features","value":"0"},"4":{"name":"Support","value":"0"},"5":{"name":"Pricing","value":"0"}},"wppr_review_type":"Product","wppr_review_custom_fields":{"additionalProperty":"","additionalType":"","aggregateRating":"","alternateName":"","audience":"","award":"","awards":"","brand":"","color":"","depth":"","description":"","disambiguatingDescription":"","gtin12":"","gtin13":"","gtin14":"","gtin8":"","height":"","identifier":"","image":"","isAccessoryOrSparePartFor":"","isConsumableFor":"","isRelatedTo":"","isSimilarTo":"","itemCondition":"","logo":"","mainEntityOfPage":"","manufacturer":"","material":"","model":"","mpn":"","name":"","offers":"","potentialAction":"","productID":"","productionDate":"","purchaseDate":"","releaseDate":"","review":"","reviews":"","sameAs":"","sku":"","slogan":"","subjectOf":"","url":"","weight":"","width":""}},"acf":[],"yoast_head":"<!-- This site is optimized with the Yoast SEO plugin v27.4 - https:\/\/yoast.com\/product\/yoast-seo-wordpress\/ -->\n<title>Tekmetric: software gestionale per officine - Accurate Reviews<\/title>\n<meta name=\"description\" content=\"Tekmetric: recensione software gestionale per officine basata su cloud per le aziende di vari settori come quello automobilistico e dei trasporti.\" \/>\n<meta name=\"robots\" content=\"index, follow, max-snippet:-1, max-image-preview:large, max-video-preview:-1\" \/>\n<link rel=\"canonical\" href=\"https:\/\/www.accuratereviews.com\/it\/gestionale-per-officine\/tekmetric-recensione\/\" \/>\n<meta property=\"og:locale\" content=\"it_IT\" \/>\n<meta property=\"og:type\" content=\"article\" \/>\n<meta property=\"og:title\" content=\"Tekmetric: software gestionale per officine - Accurate Reviews\" \/>\n<meta property=\"og:description\" content=\"Tekmetric: recensione software gestionale per officine basata su cloud per le aziende di vari settori come quello automobilistico e dei trasporti.\" \/>\n<meta property=\"og:url\" content=\"https:\/\/www.accuratereviews.com\/it\/gestionale-per-officine\/tekmetric-recensione\/\" \/>\n<meta property=\"og:site_name\" content=\"Accurate Reviews\" \/>\n<meta property=\"article:modified_time\" content=\"2023-09-30T08:22:19+00:00\" \/>\n<meta property=\"og:image\" content=\"https:\/\/www.accuratereviews.com\/wp-content\/uploads\/2020\/05\/TEKMETRIC.png\" \/>\n\t<meta property=\"og:image:width\" content=\"280\" \/>\n\t<meta property=\"og:image:height\" content=\"280\" \/>\n\t<meta property=\"og:image:type\" content=\"image\/png\" \/>\n<meta name=\"twitter:card\" content=\"summary_large_image\" \/>\n<meta name=\"twitter:label1\" content=\"Tempo di lettura stimato\" \/>\n\t<meta name=\"twitter:data1\" content=\"6 minuti\" \/>\n<script type=\"application\/ld+json\" class=\"yoast-schema-graph\">{\"@context\":\"https:\\\/\\\/schema.org\",\"@graph\":[{\"@type\":\"WebPage\",\"@id\":\"https:\\\/\\\/www.accuratereviews.com\\\/it\\\/gestionale-per-officine\\\/tekmetric-recensione\\\/\",\"url\":\"https:\\\/\\\/www.accuratereviews.com\\\/it\\\/gestionale-per-officine\\\/tekmetric-recensione\\\/\",\"name\":\"Tekmetric: software gestionale per officine - Accurate Reviews\",\"isPartOf\":{\"@id\":\"https:\\\/\\\/www.accuratereviews.com\\\/it\\\/#website\"},\"primaryImageOfPage\":{\"@id\":\"https:\\\/\\\/www.accuratereviews.com\\\/it\\\/gestionale-per-officine\\\/tekmetric-recensione\\\/#primaryimage\"},\"image\":{\"@id\":\"https:\\\/\\\/www.accuratereviews.com\\\/it\\\/gestionale-per-officine\\\/tekmetric-recensione\\\/#primaryimage\"},\"thumbnailUrl\":\"https:\\\/\\\/www.accuratereviews.com\\\/wp-content\\\/uploads\\\/2020\\\/05\\\/TEKMETRIC.png\",\"datePublished\":\"2020-05-21T09:15:30+00:00\",\"dateModified\":\"2023-09-30T08:22:19+00:00\",\"description\":\"Tekmetric: recensione software gestionale per officine basata su cloud per le aziende di vari settori come quello automobilistico e dei trasporti.\",\"breadcrumb\":{\"@id\":\"https:\\\/\\\/www.accuratereviews.com\\\/it\\\/gestionale-per-officine\\\/tekmetric-recensione\\\/#breadcrumb\"},\"inLanguage\":\"it-IT\",\"potentialAction\":[{\"@type\":\"ReadAction\",\"target\":[\"https:\\\/\\\/www.accuratereviews.com\\\/it\\\/gestionale-per-officine\\\/tekmetric-recensione\\\/\"]}]},{\"@type\":\"ImageObject\",\"inLanguage\":\"it-IT\",\"@id\":\"https:\\\/\\\/www.accuratereviews.com\\\/it\\\/gestionale-per-officine\\\/tekmetric-recensione\\\/#primaryimage\",\"url\":\"https:\\\/\\\/www.accuratereviews.com\\\/wp-content\\\/uploads\\\/2020\\\/05\\\/TEKMETRIC.png\",\"contentUrl\":\"https:\\\/\\\/www.accuratereviews.com\\\/wp-content\\\/uploads\\\/2020\\\/05\\\/TEKMETRIC.png\",\"width\":280,\"height\":280},{\"@type\":\"BreadcrumbList\",\"@id\":\"https:\\\/\\\/www.accuratereviews.com\\\/it\\\/gestionale-per-officine\\\/tekmetric-recensione\\\/#breadcrumb\",\"itemListElement\":[{\"@type\":\"ListItem\",\"position\":1,\"name\":\"Home\",\"item\":\"https:\\\/\\\/www.accuratereviews.com\\\/it\\\/\"},{\"@type\":\"ListItem\",\"position\":2,\"name\":\"Gestionale per officine\",\"item\":\"https:\\\/\\\/www.accuratereviews.com\\\/it\\\/gestionale-per-officine\\\/\"},{\"@type\":\"ListItem\",\"position\":3,\"name\":\"Tekmetric\"}]},{\"@type\":\"WebSite\",\"@id\":\"https:\\\/\\\/www.accuratereviews.com\\\/it\\\/#website\",\"url\":\"https:\\\/\\\/www.accuratereviews.com\\\/it\\\/\",\"name\":\"Accurate Reviews\",\"description\":\"\",\"potentialAction\":[{\"@type\":\"SearchAction\",\"target\":{\"@type\":\"EntryPoint\",\"urlTemplate\":\"https:\\\/\\\/www.accuratereviews.com\\\/it\\\/?s={search_term_string}\"},\"query-input\":{\"@type\":\"PropertyValueSpecification\",\"valueRequired\":true,\"valueName\":\"search_term_string\"}}],\"inLanguage\":\"it-IT\"}]}<\/script>\n<!-- \/ Yoast SEO plugin. -->","yoast_head_json":{"title":"Tekmetric: software gestionale per officine - Accurate Reviews","description":"Tekmetric: recensione software gestionale per officine basata su cloud per le aziende di vari settori come quello automobilistico e dei trasporti.","robots":{"index":"index","follow":"follow","max-snippet":"max-snippet:-1","max-image-preview":"max-image-preview:large","max-video-preview":"max-video-preview:-1"},"canonical":"https:\/\/www.accuratereviews.com\/it\/gestionale-per-officine\/tekmetric-recensione\/","og_locale":"it_IT","og_type":"article","og_title":"Tekmetric: software gestionale per officine - Accurate Reviews","og_description":"Tekmetric: recensione software gestionale per officine basata su cloud per le aziende di vari settori come quello automobilistico e dei trasporti.","og_url":"https:\/\/www.accuratereviews.com\/it\/gestionale-per-officine\/tekmetric-recensione\/","og_site_name":"Accurate Reviews","article_modified_time":"2023-09-30T08:22:19+00:00","og_image":[{"width":280,"height":280,"url":"https:\/\/www.accuratereviews.com\/wp-content\/uploads\/2020\/05\/TEKMETRIC.png","type":"image\/png"}],"twitter_card":"summary_large_image","twitter_misc":{"Tempo di lettura stimato":"6 minuti"},"schema":{"@context":"https:\/\/schema.org","@graph":[{"@type":"WebPage","@id":"https:\/\/www.accuratereviews.com\/it\/gestionale-per-officine\/tekmetric-recensione\/","url":"https:\/\/www.accuratereviews.com\/it\/gestionale-per-officine\/tekmetric-recensione\/","name":"Tekmetric: software gestionale per officine - Accurate Reviews","isPartOf":{"@id":"https:\/\/www.accuratereviews.com\/it\/#website"},"primaryImageOfPage":{"@id":"https:\/\/www.accuratereviews.com\/it\/gestionale-per-officine\/tekmetric-recensione\/#primaryimage"},"image":{"@id":"https:\/\/www.accuratereviews.com\/it\/gestionale-per-officine\/tekmetric-recensione\/#primaryimage"},"thumbnailUrl":"https:\/\/www.accuratereviews.com\/wp-content\/uploads\/2020\/05\/TEKMETRIC.png","datePublished":"2020-05-21T09:15:30+00:00","dateModified":"2023-09-30T08:22:19+00:00","description":"Tekmetric: recensione software gestionale per officine basata su cloud per le aziende di vari settori come quello automobilistico e dei trasporti.","breadcrumb":{"@id":"https:\/\/www.accuratereviews.com\/it\/gestionale-per-officine\/tekmetric-recensione\/#breadcrumb"},"inLanguage":"it-IT","potentialAction":[{"@type":"ReadAction","target":["https:\/\/www.accuratereviews.com\/it\/gestionale-per-officine\/tekmetric-recensione\/"]}]},{"@type":"ImageObject","inLanguage":"it-IT","@id":"https:\/\/www.accuratereviews.com\/it\/gestionale-per-officine\/tekmetric-recensione\/#primaryimage","url":"https:\/\/www.accuratereviews.com\/wp-content\/uploads\/2020\/05\/TEKMETRIC.png","contentUrl":"https:\/\/www.accuratereviews.com\/wp-content\/uploads\/2020\/05\/TEKMETRIC.png","width":280,"height":280},{"@type":"BreadcrumbList","@id":"https:\/\/www.accuratereviews.com\/it\/gestionale-per-officine\/tekmetric-recensione\/#breadcrumb","itemListElement":[{"@type":"ListItem","position":1,"name":"Home","item":"https:\/\/www.accuratereviews.com\/it\/"},{"@type":"ListItem","position":2,"name":"Gestionale per officine","item":"https:\/\/www.accuratereviews.com\/it\/gestionale-per-officine\/"},{"@type":"ListItem","position":3,"name":"Tekmetric"}]},{"@type":"WebSite","@id":"https:\/\/www.accuratereviews.com\/it\/#website","url":"https:\/\/www.accuratereviews.com\/it\/","name":"Accurate Reviews","description":"","potentialAction":[{"@type":"SearchAction","target":{"@type":"EntryPoint","urlTemplate":"https:\/\/www.accuratereviews.com\/it\/?s={search_term_string}"},"query-input":{"@type":"PropertyValueSpecification","valueRequired":true,"valueName":"search_term_string"}}],"inLanguage":"it-IT"}]}},"_links":{"self":[{"href":"https:\/\/www.accuratereviews.com\/it\/wp-json\/wp\/v2\/pages\/26681","targetHints":{"allow":["GET"]}}],"collection":[{"href":"https:\/\/www.accuratereviews.com\/it\/wp-json\/wp\/v2\/pages"}],"about":[{"href":"https:\/\/www.accuratereviews.com\/it\/wp-json\/wp\/v2\/types\/page"}],"author":[{"embeddable":true,"href":"https:\/\/www.accuratereviews.com\/it\/wp-json\/wp\/v2\/users\/19"}],"replies":[{"embeddable":true,"href":"https:\/\/www.accuratereviews.com\/it\/wp-json\/wp\/v2\/comments?post=26681"}],"version-history":[{"count":9,"href":"https:\/\/www.accuratereviews.com\/it\/wp-json\/wp\/v2\/pages\/26681\/revisions"}],"predecessor-version":[{"id":72168,"href":"https:\/\/www.accuratereviews.com\/it\/wp-json\/wp\/v2\/pages\/26681\/revisions\/72168"}],"up":[{"embeddable":true,"href":"https:\/\/www.accuratereviews.com\/it\/wp-json\/wp\/v2\/pages\/26440"}],"wp:featuredmedia":[{"embeddable":true,"href":"https:\/\/www.accuratereviews.com\/it\/wp-json\/wp\/v2\/media\/26682"}],"wp:attachment":[{"href":"https:\/\/www.accuratereviews.com\/it\/wp-json\/wp\/v2\/media?parent=26681"}],"wp:term":[{"taxonomy":"category","embeddable":true,"href":"https:\/\/www.accuratereviews.com\/it\/wp-json\/wp\/v2\/categories?post=26681"},{"taxonomy":"post_tag","embeddable":true,"href":"https:\/\/www.accuratereviews.com\/it\/wp-json\/wp\/v2\/tags?post=26681"},{"taxonomy":"features","embeddable":true,"href":"https:\/\/www.accuratereviews.com\/it\/wp-json\/wp\/v2\/features?post=26681"}],"curies":[{"name":"wp","href":"https:\/\/api.w.org\/{rel}","templated":true}]}}