{"id":26713,"date":"2020-05-21T09:15:35","date_gmt":"2020-05-21T09:15:35","guid":{"rendered":"https:\/\/www.accuratereviews.com\/?page_id=26713"},"modified":"2023-09-12T08:09:13","modified_gmt":"2023-09-12T08:09:13","slug":"autorepair-cloud-recensione","status":"publish","type":"page","link":"https:\/\/www.accuratereviews.com\/it\/gestionale-per-officine\/autorepair-cloud-recensione\/","title":{"rendered":"AutoRepair Cloud"},"content":{"rendered":"<p><strong>AutoRepair Cloud<\/strong> \u00e8 una <strong>soluzione di gestione di officine<\/strong>\u00a0basata su <strong>cloud<\/strong> per le piccole imprese a cui \u00e8 possibile accedere attraverso varie piattaforme tra cui Android e iOS. Gli utenti possono cercare clienti, veicoli, fatture e riparazioni. Il software\u00a0offre molteplici funzionalit\u00e0 tra cui il calcolo di preventivi, la gestione automatica dei ricambi, l&#8217;elaborazione dei pagamenti, la pianificazione degli appuntamenti, la scansione VIN e la manutenzione. I proprietari di officine possono tenere traccia di tutti i veicoli presenti nel garage utilizzando dispositivi mobili. Gli utenti possono redigere rapporti di ispezione, inviare immagini ai clienti e chattare con loro in tempo reale. La soluzione fornisce l&#8217;integrazione con <strong>QuickBooks<\/strong> e supporta l&#8217;elaborazione dei pagamenti con <strong>Paypal e Square<\/strong>.<\/p>\n<h2>AUTOREPAIR CLOUD &#8211; TUTORIAL<\/h2>\n<p>Guarda il tutorial per imparare come utilizzare al meglio questo <strong>software gestionale per officine<\/strong>:<\/p>\n<div id=\"fluid-wrapper-counter-1\" class=\"g1-fluid-wrapper \" style=\"width:686px;\">\n<div style=\"padding-bottom:56.268221574344%;\"><iframe loading=\"lazy\" title=\"Auto Repair Cloud - Maintenance\" width=\"686\" height=\"386\" src=\"https:\/\/www.youtube.com\/embed\/xl6OgJ2C8Ak?feature=oembed&amp;wmode=transparent&amp;autohide=1&amp;autoplay=0&amp;disablekb=0&amp;fs=1&amp;loop=0&amp;enablejsapi=1&amp;rel=0&amp;controls=2&amp;showinfo=0&amp;wmode=transparent&amp;autohide=2&amp;autoplay=0&amp;disablekb=0&amp;fs=1&amp;loop=0&amp;enablejsapi=1&amp;rel=0&amp;controls=2&amp;showinfo=1\" frameborder=\"0\" allow=\"accelerometer; autoplay; clipboard-write; encrypted-media; gyroscope; picture-in-picture; web-share\" allowfullscreen><\/iframe><\/div>\n<\/div>\n<h3>AUTOREPAIR CLOUD &#8211; CARATTERISTICHE<\/h3>\n<ul>\n<li>Pianificazione degli appuntamenti<\/li>\n<li>Modelli di ispezione, rapporti, stime e fatture<\/li>\n<li>Scanner \/ decodificatore di codice VIN<\/li>\n<li>Applicazione mobile per condividere il flusso di lavoro con il cliente<\/li>\n<li>Lettori di carte di credito per PayPal, Square e Clover<\/li>\n<li>Integrazione con QuickBooks<\/li>\n<li>Gestione ricambi auto<\/li>\n<\/ul>\n<h4>LE RECENSIONE DEGLI UTENTI<\/h4>\n<h4 class=\"font-weight-bold my-1 d-flex align-items-center\">Marie V.&#8221;Adoro questo programma! Molto facile da usare!&#8221;<\/h4>\n<p><strong>Vantaggi: <\/strong>Abbiamo adorato collaborare con questo programma! Ha reso tutto cos\u00ec semplice! Mi \u00e8 piaciuta la facilit\u00e0 d&#8217;uso e tutte le belle caratteristiche che ha. Ne vale la pena l&#8217;investimento!<\/p>\n<p><strong>Inconvenienti: <\/strong>Non posso assolutamente lamentarmi del prodotto! Ho adorato assolutamente tutto quello che c&#8217;\u00e8 da sapere<\/p>\n<h4 class=\"font-weight-bold my-1 d-flex align-items-center\">Allan T.\u00a0&#8220;Ottimo sistema per la mia attivit\u00e0!&#8221;<\/h4>\n<p><strong>Commenti: <\/strong>Il mio commercialista non ha problemi con i rapporti ed \u00e8 lieto che siamo in grado di tenere traccia delle nostre attivit\u00e0.<br \/>\n\u00c8 fantastico che tutte le nuove funzionalit\u00e0 rilasciate siano automaticamente incluse nel prossimo aggiornamento.<br \/>\nAutoRepair Cloud dovrebbe essere sicuramente pi\u00f9 facile da scoprire su come incoraggiare un maggiore marketing!<\/p>\n<p><strong>Vantaggi: <\/strong>Caratteristiche! L&#8217;installazione va bene e sono in costante sviluppo!<\/p>\n<p><strong>Inconvenienti: <\/strong>Nessun contro finora<\/p>\n<h4 class=\"font-weight-bold my-1 d-flex align-items-center\">Garry W.&#8221;Adoro il supporto online QB&#8221;<\/h4>\n<p><strong>Commenti: <\/strong>Sincronizzazione online QB.\u00a0Preventivi \/ fatturazione rapida<\/p>\n<p><strong>Vantaggi: <\/strong>Questo software \u00e8 proprio quello che stavo cercando. Ho avuto problemi con QB sul mio software precedente ma non pi\u00f9. Ottimo lavoro ragazzi!<\/p>\n<p><strong>Inconvenienti: <\/strong>Sono contento di quello che ho finora. Nessuna lamentela. Vediamo come va nel tempo.\u00a0Nuovi documenti tecnici o pi\u00f9 fornitori di ricambi auto sarebbero utili.<\/p>\n","protected":false},"excerpt":{"rendered":"<p>AutoRepair Cloud \u00e8 una soluzione di gestione di officine basata su cloud per le piccole imprese a cui \u00e8 possibile accedere attraverso varie piattaforme tra cui Android e iOS. Gli utenti possono cercare clienti, veicoli, fatture e riparazioni. Il software\u00a0offre molteplici funzionalit\u00e0 tra cui il calcolo di preventivi, la gestione automatica dei ricambi, l&#8217;elaborazione dei pagamenti, la pianificazione degli appuntamenti, la scansione VIN e la manutenzione.<\/p>\n","protected":false},"author":19,"featured_media":26718,"parent":26440,"menu_order":0,"comment_status":"open","ping_status":"closed","template":"g1_template_page_review_new.php","meta":{"_acf_changed":false,"cwp_meta_box_check":"Yes","cwp_rev_product_name":"","cwp_rev_product_image":"","wppr_links":[],"cwp_rev_price":"","wppr_options":[{"name":"Usability","value":"0"},{"name":"Speed","value":"0"},{"name":"Features","value":"0"},{"name":"Support","value":"0"},{"name":"Pricing","value":"0"}],"wppr_pros":["","","","",""],"wppr_cons":["","","","",""],"_monsterinsights_skip_tracking":false,"_monsterinsights_sitenote_active":false,"_monsterinsights_sitenote_note":"","_monsterinsights_sitenote_category":0,"footnotes":""},"categories":[2818],"tags":[2824,2819,2854,396,2822,2823,2820,2821],"features":[],"class_list":{"0":"post-26713","1":"page","2":"type-page","3":"status-publish","4":"has-post-thumbnail","6":"category-gestionale-per-officine-cat","7":"tag-auto-management-software","8":"tag-auto-repair","9":"tag-autorepair-cloud","10":"tag-cloud","11":"tag-piattaforma-gestionale-per-officine","12":"tag-programma-gestionale-per-officine","13":"tag-software-gestionale-per-officine","14":"tag-soluzione-gestionale-per-officine"},"wppr_data":{"cwp_meta_box_check":"Yes","cwp_rev_product_name":"","_wppr_review_template":"default","cwp_rev_product_image":"","cwp_image_link":"image","wppr_links":[],"cwp_rev_price":"","wppr_pros":["","","","",""],"wppr_cons":["","","","",""],"wppr_rating":"0.00","wppr_options":{"1":{"name":"Usability","value":"0"},"2":{"name":"Speed","value":"0"},"3":{"name":"Features","value":"0"},"4":{"name":"Support","value":"0"},"5":{"name":"Pricing","value":"0"}},"wppr_review_type":"Product","wppr_review_custom_fields":{"additionalProperty":"","additionalType":"","aggregateRating":"","alternateName":"","audience":"","award":"","awards":"","brand":"","color":"","depth":"","description":"","disambiguatingDescription":"","gtin12":"","gtin13":"","gtin14":"","gtin8":"","height":"","identifier":"","image":"","isAccessoryOrSparePartFor":"","isConsumableFor":"","isRelatedTo":"","isSimilarTo":"","itemCondition":"","logo":"","mainEntityOfPage":"","manufacturer":"","material":"","model":"","mpn":"","name":"","offers":"","potentialAction":"","productID":"","productionDate":"","purchaseDate":"","releaseDate":"","review":"","reviews":"","sameAs":"","sku":"","slogan":"","subjectOf":"","url":"","weight":"","width":""}},"acf":[],"yoast_head":"<!-- This site is optimized with the Yoast SEO plugin v27.4 - https:\/\/yoast.com\/product\/yoast-seo-wordpress\/ -->\n<title>AutoRepair Cloud: recensione gestionale per officine - Accurate Reviews<\/title>\n<meta name=\"description\" content=\"AutoRepair Cloud: recensione soluzione di gestione di officine a cui \u00e8 possibile accedere da varie piattaforme tra cui Android e iOS.\" \/>\n<meta name=\"robots\" content=\"index, follow, max-snippet:-1, max-image-preview:large, max-video-preview:-1\" \/>\n<link rel=\"canonical\" href=\"https:\/\/www.accuratereviews.com\/it\/gestionale-per-officine\/autorepair-cloud-recensione\/\" \/>\n<meta property=\"og:locale\" content=\"it_IT\" \/>\n<meta property=\"og:type\" content=\"article\" \/>\n<meta property=\"og:title\" content=\"AutoRepair Cloud: recensione gestionale per officine - Accurate Reviews\" \/>\n<meta property=\"og:description\" content=\"AutoRepair Cloud: recensione soluzione di gestione di officine a cui \u00e8 possibile accedere da varie piattaforme tra cui Android e iOS.\" \/>\n<meta property=\"og:url\" content=\"https:\/\/www.accuratereviews.com\/it\/gestionale-per-officine\/autorepair-cloud-recensione\/\" \/>\n<meta property=\"og:site_name\" content=\"Accurate Reviews\" \/>\n<meta property=\"article:modified_time\" content=\"2023-09-12T08:09:13+00:00\" \/>\n<meta property=\"og:image\" content=\"https:\/\/www.accuratereviews.com\/wp-content\/uploads\/2020\/05\/autorepair.png\" \/>\n\t<meta property=\"og:image:width\" content=\"225\" \/>\n\t<meta property=\"og:image:height\" content=\"225\" \/>\n\t<meta property=\"og:image:type\" content=\"image\/png\" \/>\n<meta name=\"twitter:card\" content=\"summary_large_image\" \/>\n<meta name=\"twitter:label1\" content=\"Tempo di lettura stimato\" \/>\n\t<meta name=\"twitter:data1\" content=\"3 minuti\" \/>\n<script type=\"application\/ld+json\" class=\"yoast-schema-graph\">{\"@context\":\"https:\\\/\\\/schema.org\",\"@graph\":[{\"@type\":\"WebPage\",\"@id\":\"https:\\\/\\\/www.accuratereviews.com\\\/it\\\/gestionale-per-officine\\\/autorepair-cloud-recensione\\\/\",\"url\":\"https:\\\/\\\/www.accuratereviews.com\\\/it\\\/gestionale-per-officine\\\/autorepair-cloud-recensione\\\/\",\"name\":\"AutoRepair Cloud: recensione gestionale per officine - Accurate Reviews\",\"isPartOf\":{\"@id\":\"https:\\\/\\\/www.accuratereviews.com\\\/it\\\/#website\"},\"primaryImageOfPage\":{\"@id\":\"https:\\\/\\\/www.accuratereviews.com\\\/it\\\/gestionale-per-officine\\\/autorepair-cloud-recensione\\\/#primaryimage\"},\"image\":{\"@id\":\"https:\\\/\\\/www.accuratereviews.com\\\/it\\\/gestionale-per-officine\\\/autorepair-cloud-recensione\\\/#primaryimage\"},\"thumbnailUrl\":\"https:\\\/\\\/www.accuratereviews.com\\\/wp-content\\\/uploads\\\/2020\\\/05\\\/autorepair.png\",\"datePublished\":\"2020-05-21T09:15:35+00:00\",\"dateModified\":\"2023-09-12T08:09:13+00:00\",\"description\":\"AutoRepair Cloud: recensione soluzione di gestione di officine a cui \u00e8 possibile accedere da varie piattaforme tra cui Android e iOS.\",\"breadcrumb\":{\"@id\":\"https:\\\/\\\/www.accuratereviews.com\\\/it\\\/gestionale-per-officine\\\/autorepair-cloud-recensione\\\/#breadcrumb\"},\"inLanguage\":\"it-IT\",\"potentialAction\":[{\"@type\":\"ReadAction\",\"target\":[\"https:\\\/\\\/www.accuratereviews.com\\\/it\\\/gestionale-per-officine\\\/autorepair-cloud-recensione\\\/\"]}]},{\"@type\":\"ImageObject\",\"inLanguage\":\"it-IT\",\"@id\":\"https:\\\/\\\/www.accuratereviews.com\\\/it\\\/gestionale-per-officine\\\/autorepair-cloud-recensione\\\/#primaryimage\",\"url\":\"https:\\\/\\\/www.accuratereviews.com\\\/wp-content\\\/uploads\\\/2020\\\/05\\\/autorepair.png\",\"contentUrl\":\"https:\\\/\\\/www.accuratereviews.com\\\/wp-content\\\/uploads\\\/2020\\\/05\\\/autorepair.png\",\"width\":225,\"height\":225},{\"@type\":\"BreadcrumbList\",\"@id\":\"https:\\\/\\\/www.accuratereviews.com\\\/it\\\/gestionale-per-officine\\\/autorepair-cloud-recensione\\\/#breadcrumb\",\"itemListElement\":[{\"@type\":\"ListItem\",\"position\":1,\"name\":\"Home\",\"item\":\"https:\\\/\\\/www.accuratereviews.com\\\/it\\\/\"},{\"@type\":\"ListItem\",\"position\":2,\"name\":\"Gestionale per officine\",\"item\":\"https:\\\/\\\/www.accuratereviews.com\\\/it\\\/gestionale-per-officine\\\/\"},{\"@type\":\"ListItem\",\"position\":3,\"name\":\"AutoRepair Cloud\"}]},{\"@type\":\"WebSite\",\"@id\":\"https:\\\/\\\/www.accuratereviews.com\\\/it\\\/#website\",\"url\":\"https:\\\/\\\/www.accuratereviews.com\\\/it\\\/\",\"name\":\"Accurate Reviews\",\"description\":\"\",\"potentialAction\":[{\"@type\":\"SearchAction\",\"target\":{\"@type\":\"EntryPoint\",\"urlTemplate\":\"https:\\\/\\\/www.accuratereviews.com\\\/it\\\/?s={search_term_string}\"},\"query-input\":{\"@type\":\"PropertyValueSpecification\",\"valueRequired\":true,\"valueName\":\"search_term_string\"}}],\"inLanguage\":\"it-IT\"}]}<\/script>\n<!-- \/ Yoast SEO plugin. -->","yoast_head_json":{"title":"AutoRepair Cloud: recensione gestionale per officine - Accurate Reviews","description":"AutoRepair Cloud: recensione soluzione di gestione di officine a cui \u00e8 possibile accedere da varie piattaforme tra cui Android e iOS.","robots":{"index":"index","follow":"follow","max-snippet":"max-snippet:-1","max-image-preview":"max-image-preview:large","max-video-preview":"max-video-preview:-1"},"canonical":"https:\/\/www.accuratereviews.com\/it\/gestionale-per-officine\/autorepair-cloud-recensione\/","og_locale":"it_IT","og_type":"article","og_title":"AutoRepair Cloud: recensione gestionale per officine - Accurate Reviews","og_description":"AutoRepair Cloud: recensione soluzione di gestione di officine a cui \u00e8 possibile accedere da varie piattaforme tra cui Android e iOS.","og_url":"https:\/\/www.accuratereviews.com\/it\/gestionale-per-officine\/autorepair-cloud-recensione\/","og_site_name":"Accurate Reviews","article_modified_time":"2023-09-12T08:09:13+00:00","og_image":[{"width":225,"height":225,"url":"https:\/\/www.accuratereviews.com\/wp-content\/uploads\/2020\/05\/autorepair.png","type":"image\/png"}],"twitter_card":"summary_large_image","twitter_misc":{"Tempo di lettura stimato":"3 minuti"},"schema":{"@context":"https:\/\/schema.org","@graph":[{"@type":"WebPage","@id":"https:\/\/www.accuratereviews.com\/it\/gestionale-per-officine\/autorepair-cloud-recensione\/","url":"https:\/\/www.accuratereviews.com\/it\/gestionale-per-officine\/autorepair-cloud-recensione\/","name":"AutoRepair Cloud: recensione gestionale per officine - Accurate Reviews","isPartOf":{"@id":"https:\/\/www.accuratereviews.com\/it\/#website"},"primaryImageOfPage":{"@id":"https:\/\/www.accuratereviews.com\/it\/gestionale-per-officine\/autorepair-cloud-recensione\/#primaryimage"},"image":{"@id":"https:\/\/www.accuratereviews.com\/it\/gestionale-per-officine\/autorepair-cloud-recensione\/#primaryimage"},"thumbnailUrl":"https:\/\/www.accuratereviews.com\/wp-content\/uploads\/2020\/05\/autorepair.png","datePublished":"2020-05-21T09:15:35+00:00","dateModified":"2023-09-12T08:09:13+00:00","description":"AutoRepair Cloud: recensione soluzione di gestione di officine a cui \u00e8 possibile accedere da varie piattaforme tra cui Android e iOS.","breadcrumb":{"@id":"https:\/\/www.accuratereviews.com\/it\/gestionale-per-officine\/autorepair-cloud-recensione\/#breadcrumb"},"inLanguage":"it-IT","potentialAction":[{"@type":"ReadAction","target":["https:\/\/www.accuratereviews.com\/it\/gestionale-per-officine\/autorepair-cloud-recensione\/"]}]},{"@type":"ImageObject","inLanguage":"it-IT","@id":"https:\/\/www.accuratereviews.com\/it\/gestionale-per-officine\/autorepair-cloud-recensione\/#primaryimage","url":"https:\/\/www.accuratereviews.com\/wp-content\/uploads\/2020\/05\/autorepair.png","contentUrl":"https:\/\/www.accuratereviews.com\/wp-content\/uploads\/2020\/05\/autorepair.png","width":225,"height":225},{"@type":"BreadcrumbList","@id":"https:\/\/www.accuratereviews.com\/it\/gestionale-per-officine\/autorepair-cloud-recensione\/#breadcrumb","itemListElement":[{"@type":"ListItem","position":1,"name":"Home","item":"https:\/\/www.accuratereviews.com\/it\/"},{"@type":"ListItem","position":2,"name":"Gestionale per officine","item":"https:\/\/www.accuratereviews.com\/it\/gestionale-per-officine\/"},{"@type":"ListItem","position":3,"name":"AutoRepair Cloud"}]},{"@type":"WebSite","@id":"https:\/\/www.accuratereviews.com\/it\/#website","url":"https:\/\/www.accuratereviews.com\/it\/","name":"Accurate Reviews","description":"","potentialAction":[{"@type":"SearchAction","target":{"@type":"EntryPoint","urlTemplate":"https:\/\/www.accuratereviews.com\/it\/?s={search_term_string}"},"query-input":{"@type":"PropertyValueSpecification","valueRequired":true,"valueName":"search_term_string"}}],"inLanguage":"it-IT"}]}},"_links":{"self":[{"href":"https:\/\/www.accuratereviews.com\/it\/wp-json\/wp\/v2\/pages\/26713","targetHints":{"allow":["GET"]}}],"collection":[{"href":"https:\/\/www.accuratereviews.com\/it\/wp-json\/wp\/v2\/pages"}],"about":[{"href":"https:\/\/www.accuratereviews.com\/it\/wp-json\/wp\/v2\/types\/page"}],"author":[{"embeddable":true,"href":"https:\/\/www.accuratereviews.com\/it\/wp-json\/wp\/v2\/users\/19"}],"replies":[{"embeddable":true,"href":"https:\/\/www.accuratereviews.com\/it\/wp-json\/wp\/v2\/comments?post=26713"}],"version-history":[{"count":5,"href":"https:\/\/www.accuratereviews.com\/it\/wp-json\/wp\/v2\/pages\/26713\/revisions"}],"predecessor-version":[{"id":71845,"href":"https:\/\/www.accuratereviews.com\/it\/wp-json\/wp\/v2\/pages\/26713\/revisions\/71845"}],"up":[{"embeddable":true,"href":"https:\/\/www.accuratereviews.com\/it\/wp-json\/wp\/v2\/pages\/26440"}],"wp:featuredmedia":[{"embeddable":true,"href":"https:\/\/www.accuratereviews.com\/it\/wp-json\/wp\/v2\/media\/26718"}],"wp:attachment":[{"href":"https:\/\/www.accuratereviews.com\/it\/wp-json\/wp\/v2\/media?parent=26713"}],"wp:term":[{"taxonomy":"category","embeddable":true,"href":"https:\/\/www.accuratereviews.com\/it\/wp-json\/wp\/v2\/categories?post=26713"},{"taxonomy":"post_tag","embeddable":true,"href":"https:\/\/www.accuratereviews.com\/it\/wp-json\/wp\/v2\/tags?post=26713"},{"taxonomy":"features","embeddable":true,"href":"https:\/\/www.accuratereviews.com\/it\/wp-json\/wp\/v2\/features?post=26713"}],"curies":[{"name":"wp","href":"https:\/\/api.w.org\/{rel}","templated":true}]}}