{"id":26724,"date":"2020-05-22T09:56:24","date_gmt":"2020-05-22T09:56:24","guid":{"rendered":"https:\/\/www.accuratereviews.com\/?page_id=26724"},"modified":"2023-09-23T08:16:13","modified_gmt":"2023-09-23T08:16:13","slug":"maxxtraxx-recensione","status":"publish","type":"page","link":"https:\/\/www.accuratereviews.com\/it\/gestionale-per-officine\/maxxtraxx-recensione\/","title":{"rendered":"MaxxTraxx"},"content":{"rendered":"<p><strong>MaxxTraxx<\/strong> \u00e8 un <strong>software di gestione aziendale automobilistica<\/strong> che aiuta gli utenti ad aumentare i profitti consentendo loro di prendere decisioni aziendali informate. \u00c8 offerto come software on premise e basato sul web. La soluzione comprende tre pacchetti principali: Service, Parts and Business Management. Il modulo Service offre funzionalit\u00e0 quali controllo degli appuntamenti, tracciamento dell&#8217;avanzamento lavori, ordine di riparazione e preventivi. Il pacchetto Parts invece aiuta gli utenti a ottimizzare il loro inventario monitorando e gestendo parti e materiali di consumo. Il modulo Business Management controlla tutte le transazioni finanziarie come rapporti di vendita, debiti, crediti, assegni, operazioni bancarie e buste paga. Questo prodotto ha un libro mastro integrato per la gestione dei bilanci. Questa funzionalit\u00e0 offre una panoramica finanziaria dell&#8217;azienda e massimizza la redditivit\u00e0. Questo prodotto offre inoltre l&#8217;integrazione di <strong>QuickBooks<\/strong>, strumenti di fidelizzazione dei clienti e gestione del marketing.<\/p>\n<h2>MAXXTRAXX &#8211; TUTORIAL<\/h2>\n<p>Ecco una rapida panoramica del <strong>software di gestione di officine:<\/strong><\/p>\n<div id=\"fluid-wrapper-counter-1\" class=\"g1-fluid-wrapper \" style=\"width:686px;\">\n<div style=\"padding-bottom:56.268221574344%;\"><iframe loading=\"lazy\" title=\"Auto Shop Management Software MaxxTraxx Demo Video\" width=\"686\" height=\"386\" src=\"https:\/\/www.youtube.com\/embed\/dBYEfXmlmiU?feature=oembed&amp;wmode=transparent&amp;autohide=1&amp;autoplay=0&amp;disablekb=0&amp;fs=1&amp;loop=0&amp;enablejsapi=1&amp;rel=0&amp;controls=2&amp;showinfo=0&amp;wmode=transparent&amp;autohide=2&amp;autoplay=0&amp;disablekb=0&amp;fs=1&amp;loop=0&amp;enablejsapi=1&amp;rel=0&amp;controls=2&amp;showinfo=1\" frameborder=\"0\" allow=\"accelerometer; autoplay; clipboard-write; encrypted-media; gyroscope; picture-in-picture; web-share\" allowfullscreen><\/iframe><\/div>\n<\/div>\n<h3><\/h3>\n<h3>MAXXTRAXX &#8211; CARATTERISTICHE<\/h3>\n<ul>\n<li>Calendario e contatori di servizi<\/li>\n<li>Preventivi, stime e RO illimitati<\/li>\n<li>Conti e dichiarazioni dei clienti<\/li>\n<li>Panoramica degli appuntamenti in arrivo<\/li>\n<li>Monitoraggio profitto ordine di riparazione<\/li>\n<li>Quotazioni pneumatici facili e veloci<\/li>\n<li>Cronologia ordini di riparazione illimitata<\/li>\n<li>Eccellente per la manutenzione della flotta<\/li>\n<li>Nessun limite per clienti o veicoli<\/li>\n<li>Tabelle auto e camion aggiornate<\/li>\n<li>Ampio monitoraggio delle revisioni<\/li>\n<li>Elaborazione integrata della carta di credito<\/li>\n<li>Monitoraggio delle scorte disponibili<\/li>\n<li>Integrazione degli ordini di parti online<\/li>\n<li>Strumenti per determinazione dei costi e prezzi delle parti<\/li>\n<li>Tracciamento e resi di base semplificati<\/li>\n<li>Scansione e stampa di codici a barre<\/li>\n<li>\u00a0Contabilit\u00e0 completamente integrata<\/li>\n<li>Rapporti finanziari completi<\/li>\n<li>Pagamento delle fatture e scrittura degli assegni<\/li>\n<li>Strumenti di riconciliazione bancaria<\/li>\n<li>Codici prodotto \/ categorie<\/li>\n<li>Prevenzione delle frodi<\/li>\n<li>Dati finanziari di fine anno<\/li>\n<li>Bilanciamento giornaliero e rapporti<\/li>\n<li>Gestione del personale<\/li>\n<li>Orologio di lavoro tecnico<\/li>\n<li>Incarichi di lavoro<\/li>\n<li>Monitoraggio della produttivit\u00e0<\/li>\n<li>Chat di gruppo e privata<\/li>\n<li>Gestione stipendi integrata<\/li>\n<li>Tabelle fiscali sui salari statunitensi<\/li>\n<li>Monitoraggio delle vacanze e dei periodi di malattia<\/li>\n<li>Email in uscita integrate<\/li>\n<li>Gestione delle fonti dei clienti<\/li>\n<li>Promemoria di assistenza e marketing<\/li>\n<li>Integrazioni CRM di terze parti<\/li>\n<li>Programma di fidelizzazione della clientela<\/li>\n<li>Tracciamento dei servizi consigliati\n<div class=\"homepage2_list\"><\/div>\n<\/li>\n<\/ul>\n<h4>LE RECENSIONI DEGLI UTENTI<\/h4>\n<h4 class=\"font-weight-bold my-1 d-flex align-items-center\">Stan S.&#8221;Assolutamente la migliore combinazione di valore, facilit\u00e0 d&#8217;uso e funzionalit\u00e0.&#8221;<\/h4>\n<p><strong>Commenti: <\/strong>Grande. Nel corso degli anni abbiamo avuto pochissimi problemi e il loro aiuto \u00e8 stato sempre immediato e accurato quando l&#8217;abbiamo fatto. Stiamo chiudendo la nostra attivit\u00e0 e andiamo in pensione e ci mancher\u00e0 il collegamento con i nostri amici a Scott.<\/p>\n<p><strong>Vantaggi: <\/strong>Dapprima la facilit\u00e0 d&#8217;uso, quindi la funzionalit\u00e0, quindi le persone di Scott Systems. \u00c8 impossibile individuare un aspetto di questo business; \u00e8 un ottimo pacchetto.<\/p>\n<p><strong>Inconvenienti: <\/strong>Niente di niente. Il software \u00e8 cos\u00ec pieno di funzionalit\u00e0 che non abbiamo mai trovato nulla che non avrebbe fatto.<\/p>\n<h4 class=\"font-weight-bold my-1 d-flex align-items-center\">Gary S.\u00a0&#8220;MaxxTraxx, uno dei migliori sistemi di punti vendita per negozi di auto&#8221;<\/h4>\n<p><strong>Commenti: <\/strong>Siamo utenti di MaxxTraxx Pro da oltre 10 anni, lo utilizziamo come POS, contabilit\u00e0, inventario. Lo adoriamo, fa tutto ci\u00f2 di cui abbiamo bisogno a un prezzo competitivo e con un grande supporto.<\/p>\n<p><strong>Vantaggi: <\/strong>ASSISTENZA CLIENTI, Di recente a causa di un problema di salute il mio compagno di vita aveva bisogno di imparare come usare questo software al volo. \u00c8 stata in grado di alzarsi e funzionare quasi immediatamente grazie all&#8217;interfaccia utente intuitiva, ma anche il supporto telefonico era essenziale per alzarsi rapidamente.<\/p>\n<p><strong>Inconvenienti: <\/strong>\u00c8 un programma complesso, pu\u00f2 essere difficile trovare come eseguire un&#8217;azione specifica, ma qualunque cosa tu voglia fare questo software ha quella capacit\u00e0.<\/p>\n<h4 class=\"font-weight-bold my-1 d-flex align-items-center\">Kevin P.\u00a0&#8220;Il miglior acquisto per il nostro negozio&#8221;<\/h4>\n<p><strong>Vantaggi: <\/strong>Basato su SQL, prestazioni solide, reti buone. Progettato in modo intelligente e funziona bene nel nostro ambiente di negozio per camper. La capacit\u00e0 delle parti ci ha dato un controllo molto maggiore sui prezzi e sugli acquisti delle parti. Ci vuole un po &#8216;per abituarsi e impostare nel modo desiderato, ma vale la pena il tempo e gli investimenti.<\/p>\n<p><strong>Inconvenienti: <\/strong>Potrebbe avere altre opzioni di personalizzazione, ha gi\u00e0 molto per un&#8217;app basata su SQL ma ne ha bisogno di alcune. Le funzionalit\u00e0 aggiunte richiedono tempo per entrare nel programma se lo fanno effettivamente.<\/p>\n","protected":false},"excerpt":{"rendered":"<p>MaxxTraxx \u00e8 un software di gestione aziendale automobilistica che aiuta gli utenti ad aumentare i profitti consentendo loro di prendere decisioni aziendali informate. \u00c8 offerto come software on premise e basato sul web.\u00a0La soluzione comprende tre pacchetti principali: Service, Parts and Business Management.<\/p>\n","protected":false},"author":19,"featured_media":26729,"parent":26440,"menu_order":0,"comment_status":"open","ping_status":"closed","template":"g1_template_page_review_new.php","meta":{"_acf_changed":false,"cwp_meta_box_check":"Yes","cwp_rev_product_name":"","cwp_rev_product_image":"","wppr_links":[],"cwp_rev_price":"","wppr_options":[{"name":"Usability","value":"0"},{"name":"Speed","value":"0"},{"name":"Features","value":"0"},{"name":"Support","value":"0"},{"name":"Pricing","value":"0"}],"wppr_pros":["","","","",""],"wppr_cons":["","","","",""],"_monsterinsights_skip_tracking":false,"_monsterinsights_sitenote_active":false,"_monsterinsights_sitenote_note":"","_monsterinsights_sitenote_category":0,"footnotes":""},"categories":[2818],"tags":[2824,2819,396,2855,2822,2823,2820,2821],"features":[],"class_list":{"0":"post-26724","1":"page","2":"type-page","3":"status-publish","4":"has-post-thumbnail","6":"category-gestionale-per-officine-cat","7":"tag-auto-management-software","8":"tag-auto-repair","9":"tag-cloud","10":"tag-maxxtraxx","11":"tag-piattaforma-gestionale-per-officine","12":"tag-programma-gestionale-per-officine","13":"tag-software-gestionale-per-officine","14":"tag-soluzione-gestionale-per-officine"},"wppr_data":{"cwp_meta_box_check":"Yes","cwp_rev_product_name":"","_wppr_review_template":"default","cwp_rev_product_image":"","cwp_image_link":"image","wppr_links":[],"cwp_rev_price":"","wppr_pros":["","","","",""],"wppr_cons":["","","","",""],"wppr_rating":"0.00","wppr_options":{"1":{"name":"Usability","value":"0"},"2":{"name":"Speed","value":"0"},"3":{"name":"Features","value":"0"},"4":{"name":"Support","value":"0"},"5":{"name":"Pricing","value":"0"}},"wppr_review_type":"Product","wppr_review_custom_fields":{"additionalProperty":"","additionalType":"","aggregateRating":"","alternateName":"","audience":"","award":"","awards":"","brand":"","color":"","depth":"","description":"","disambiguatingDescription":"","gtin12":"","gtin13":"","gtin14":"","gtin8":"","height":"","identifier":"","image":"","isAccessoryOrSparePartFor":"","isConsumableFor":"","isRelatedTo":"","isSimilarTo":"","itemCondition":"","logo":"","mainEntityOfPage":"","manufacturer":"","material":"","model":"","mpn":"","name":"","offers":"","potentialAction":"","productID":"","productionDate":"","purchaseDate":"","releaseDate":"","review":"","reviews":"","sameAs":"","sku":"","slogan":"","subjectOf":"","url":"","weight":"","width":""}},"acf":[],"yoast_head":"<!-- This site is optimized with the Yoast SEO plugin v27.4 - https:\/\/yoast.com\/product\/yoast-seo-wordpress\/ -->\n<title>MaxxTraxx: recensione software gestionale per officine - Accurate Reviews<\/title>\n<meta name=\"description\" content=\"MaxxTraxx: recensione software gestionale per officine che aiuta gli utenti ad aumentare i profitti consentendo di prendere decisioni aziendali informate\" \/>\n<meta name=\"robots\" content=\"index, follow, max-snippet:-1, max-image-preview:large, max-video-preview:-1\" \/>\n<link rel=\"canonical\" href=\"https:\/\/www.accuratereviews.com\/it\/gestionale-per-officine\/maxxtraxx-recensione\/\" \/>\n<meta property=\"og:locale\" content=\"it_IT\" \/>\n<meta property=\"og:type\" content=\"article\" \/>\n<meta property=\"og:title\" content=\"MaxxTraxx: recensione software gestionale per officine - Accurate Reviews\" \/>\n<meta property=\"og:description\" content=\"MaxxTraxx: recensione software gestionale per officine che aiuta gli utenti ad aumentare i profitti consentendo di prendere decisioni aziendali informate\" \/>\n<meta property=\"og:url\" content=\"https:\/\/www.accuratereviews.com\/it\/gestionale-per-officine\/maxxtraxx-recensione\/\" \/>\n<meta property=\"og:site_name\" content=\"Accurate Reviews\" \/>\n<meta property=\"article:modified_time\" content=\"2023-09-23T08:16:13+00:00\" \/>\n<meta property=\"og:image\" content=\"https:\/\/www.accuratereviews.com\/wp-content\/uploads\/2020\/05\/Scott.png\" \/>\n\t<meta property=\"og:image:width\" content=\"300\" \/>\n\t<meta property=\"og:image:height\" content=\"300\" \/>\n\t<meta property=\"og:image:type\" content=\"image\/png\" \/>\n<meta name=\"twitter:card\" content=\"summary_large_image\" \/>\n<meta name=\"twitter:label1\" content=\"Tempo di lettura stimato\" \/>\n\t<meta name=\"twitter:data1\" content=\"4 minuti\" \/>\n<script type=\"application\/ld+json\" class=\"yoast-schema-graph\">{\"@context\":\"https:\\\/\\\/schema.org\",\"@graph\":[{\"@type\":\"WebPage\",\"@id\":\"https:\\\/\\\/www.accuratereviews.com\\\/it\\\/gestionale-per-officine\\\/maxxtraxx-recensione\\\/\",\"url\":\"https:\\\/\\\/www.accuratereviews.com\\\/it\\\/gestionale-per-officine\\\/maxxtraxx-recensione\\\/\",\"name\":\"MaxxTraxx: recensione software gestionale per officine - Accurate Reviews\",\"isPartOf\":{\"@id\":\"https:\\\/\\\/www.accuratereviews.com\\\/it\\\/#website\"},\"primaryImageOfPage\":{\"@id\":\"https:\\\/\\\/www.accuratereviews.com\\\/it\\\/gestionale-per-officine\\\/maxxtraxx-recensione\\\/#primaryimage\"},\"image\":{\"@id\":\"https:\\\/\\\/www.accuratereviews.com\\\/it\\\/gestionale-per-officine\\\/maxxtraxx-recensione\\\/#primaryimage\"},\"thumbnailUrl\":\"https:\\\/\\\/www.accuratereviews.com\\\/wp-content\\\/uploads\\\/2020\\\/05\\\/Scott.png\",\"datePublished\":\"2020-05-22T09:56:24+00:00\",\"dateModified\":\"2023-09-23T08:16:13+00:00\",\"description\":\"MaxxTraxx: recensione software gestionale per officine che aiuta gli utenti ad aumentare i profitti consentendo di prendere decisioni aziendali informate\",\"breadcrumb\":{\"@id\":\"https:\\\/\\\/www.accuratereviews.com\\\/it\\\/gestionale-per-officine\\\/maxxtraxx-recensione\\\/#breadcrumb\"},\"inLanguage\":\"it-IT\",\"potentialAction\":[{\"@type\":\"ReadAction\",\"target\":[\"https:\\\/\\\/www.accuratereviews.com\\\/it\\\/gestionale-per-officine\\\/maxxtraxx-recensione\\\/\"]}]},{\"@type\":\"ImageObject\",\"inLanguage\":\"it-IT\",\"@id\":\"https:\\\/\\\/www.accuratereviews.com\\\/it\\\/gestionale-per-officine\\\/maxxtraxx-recensione\\\/#primaryimage\",\"url\":\"https:\\\/\\\/www.accuratereviews.com\\\/wp-content\\\/uploads\\\/2020\\\/05\\\/Scott.png\",\"contentUrl\":\"https:\\\/\\\/www.accuratereviews.com\\\/wp-content\\\/uploads\\\/2020\\\/05\\\/Scott.png\",\"width\":300,\"height\":300},{\"@type\":\"BreadcrumbList\",\"@id\":\"https:\\\/\\\/www.accuratereviews.com\\\/it\\\/gestionale-per-officine\\\/maxxtraxx-recensione\\\/#breadcrumb\",\"itemListElement\":[{\"@type\":\"ListItem\",\"position\":1,\"name\":\"Home\",\"item\":\"https:\\\/\\\/www.accuratereviews.com\\\/it\\\/\"},{\"@type\":\"ListItem\",\"position\":2,\"name\":\"Gestionale per officine\",\"item\":\"https:\\\/\\\/www.accuratereviews.com\\\/it\\\/gestionale-per-officine\\\/\"},{\"@type\":\"ListItem\",\"position\":3,\"name\":\"MaxxTraxx\"}]},{\"@type\":\"WebSite\",\"@id\":\"https:\\\/\\\/www.accuratereviews.com\\\/it\\\/#website\",\"url\":\"https:\\\/\\\/www.accuratereviews.com\\\/it\\\/\",\"name\":\"Accurate Reviews\",\"description\":\"\",\"potentialAction\":[{\"@type\":\"SearchAction\",\"target\":{\"@type\":\"EntryPoint\",\"urlTemplate\":\"https:\\\/\\\/www.accuratereviews.com\\\/it\\\/?s={search_term_string}\"},\"query-input\":{\"@type\":\"PropertyValueSpecification\",\"valueRequired\":true,\"valueName\":\"search_term_string\"}}],\"inLanguage\":\"it-IT\"}]}<\/script>\n<!-- \/ Yoast SEO plugin. -->","yoast_head_json":{"title":"MaxxTraxx: recensione software gestionale per officine - Accurate Reviews","description":"MaxxTraxx: recensione software gestionale per officine che aiuta gli utenti ad aumentare i profitti consentendo di prendere decisioni aziendali informate","robots":{"index":"index","follow":"follow","max-snippet":"max-snippet:-1","max-image-preview":"max-image-preview:large","max-video-preview":"max-video-preview:-1"},"canonical":"https:\/\/www.accuratereviews.com\/it\/gestionale-per-officine\/maxxtraxx-recensione\/","og_locale":"it_IT","og_type":"article","og_title":"MaxxTraxx: recensione software gestionale per officine - Accurate Reviews","og_description":"MaxxTraxx: recensione software gestionale per officine che aiuta gli utenti ad aumentare i profitti consentendo di prendere decisioni aziendali informate","og_url":"https:\/\/www.accuratereviews.com\/it\/gestionale-per-officine\/maxxtraxx-recensione\/","og_site_name":"Accurate Reviews","article_modified_time":"2023-09-23T08:16:13+00:00","og_image":[{"width":300,"height":300,"url":"https:\/\/www.accuratereviews.com\/wp-content\/uploads\/2020\/05\/Scott.png","type":"image\/png"}],"twitter_card":"summary_large_image","twitter_misc":{"Tempo di lettura stimato":"4 minuti"},"schema":{"@context":"https:\/\/schema.org","@graph":[{"@type":"WebPage","@id":"https:\/\/www.accuratereviews.com\/it\/gestionale-per-officine\/maxxtraxx-recensione\/","url":"https:\/\/www.accuratereviews.com\/it\/gestionale-per-officine\/maxxtraxx-recensione\/","name":"MaxxTraxx: recensione software gestionale per officine - Accurate Reviews","isPartOf":{"@id":"https:\/\/www.accuratereviews.com\/it\/#website"},"primaryImageOfPage":{"@id":"https:\/\/www.accuratereviews.com\/it\/gestionale-per-officine\/maxxtraxx-recensione\/#primaryimage"},"image":{"@id":"https:\/\/www.accuratereviews.com\/it\/gestionale-per-officine\/maxxtraxx-recensione\/#primaryimage"},"thumbnailUrl":"https:\/\/www.accuratereviews.com\/wp-content\/uploads\/2020\/05\/Scott.png","datePublished":"2020-05-22T09:56:24+00:00","dateModified":"2023-09-23T08:16:13+00:00","description":"MaxxTraxx: recensione software gestionale per officine che aiuta gli utenti ad aumentare i profitti consentendo di prendere decisioni aziendali informate","breadcrumb":{"@id":"https:\/\/www.accuratereviews.com\/it\/gestionale-per-officine\/maxxtraxx-recensione\/#breadcrumb"},"inLanguage":"it-IT","potentialAction":[{"@type":"ReadAction","target":["https:\/\/www.accuratereviews.com\/it\/gestionale-per-officine\/maxxtraxx-recensione\/"]}]},{"@type":"ImageObject","inLanguage":"it-IT","@id":"https:\/\/www.accuratereviews.com\/it\/gestionale-per-officine\/maxxtraxx-recensione\/#primaryimage","url":"https:\/\/www.accuratereviews.com\/wp-content\/uploads\/2020\/05\/Scott.png","contentUrl":"https:\/\/www.accuratereviews.com\/wp-content\/uploads\/2020\/05\/Scott.png","width":300,"height":300},{"@type":"BreadcrumbList","@id":"https:\/\/www.accuratereviews.com\/it\/gestionale-per-officine\/maxxtraxx-recensione\/#breadcrumb","itemListElement":[{"@type":"ListItem","position":1,"name":"Home","item":"https:\/\/www.accuratereviews.com\/it\/"},{"@type":"ListItem","position":2,"name":"Gestionale per officine","item":"https:\/\/www.accuratereviews.com\/it\/gestionale-per-officine\/"},{"@type":"ListItem","position":3,"name":"MaxxTraxx"}]},{"@type":"WebSite","@id":"https:\/\/www.accuratereviews.com\/it\/#website","url":"https:\/\/www.accuratereviews.com\/it\/","name":"Accurate Reviews","description":"","potentialAction":[{"@type":"SearchAction","target":{"@type":"EntryPoint","urlTemplate":"https:\/\/www.accuratereviews.com\/it\/?s={search_term_string}"},"query-input":{"@type":"PropertyValueSpecification","valueRequired":true,"valueName":"search_term_string"}}],"inLanguage":"it-IT"}]}},"_links":{"self":[{"href":"https:\/\/www.accuratereviews.com\/it\/wp-json\/wp\/v2\/pages\/26724","targetHints":{"allow":["GET"]}}],"collection":[{"href":"https:\/\/www.accuratereviews.com\/it\/wp-json\/wp\/v2\/pages"}],"about":[{"href":"https:\/\/www.accuratereviews.com\/it\/wp-json\/wp\/v2\/types\/page"}],"author":[{"embeddable":true,"href":"https:\/\/www.accuratereviews.com\/it\/wp-json\/wp\/v2\/users\/19"}],"replies":[{"embeddable":true,"href":"https:\/\/www.accuratereviews.com\/it\/wp-json\/wp\/v2\/comments?post=26724"}],"version-history":[{"count":12,"href":"https:\/\/www.accuratereviews.com\/it\/wp-json\/wp\/v2\/pages\/26724\/revisions"}],"predecessor-version":[{"id":72075,"href":"https:\/\/www.accuratereviews.com\/it\/wp-json\/wp\/v2\/pages\/26724\/revisions\/72075"}],"up":[{"embeddable":true,"href":"https:\/\/www.accuratereviews.com\/it\/wp-json\/wp\/v2\/pages\/26440"}],"wp:featuredmedia":[{"embeddable":true,"href":"https:\/\/www.accuratereviews.com\/it\/wp-json\/wp\/v2\/media\/26729"}],"wp:attachment":[{"href":"https:\/\/www.accuratereviews.com\/it\/wp-json\/wp\/v2\/media?parent=26724"}],"wp:term":[{"taxonomy":"category","embeddable":true,"href":"https:\/\/www.accuratereviews.com\/it\/wp-json\/wp\/v2\/categories?post=26724"},{"taxonomy":"post_tag","embeddable":true,"href":"https:\/\/www.accuratereviews.com\/it\/wp-json\/wp\/v2\/tags?post=26724"},{"taxonomy":"features","embeddable":true,"href":"https:\/\/www.accuratereviews.com\/it\/wp-json\/wp\/v2\/features?post=26724"}],"curies":[{"name":"wp","href":"https:\/\/api.w.org\/{rel}","templated":true}]}}