{"id":26798,"date":"2020-05-25T10:25:54","date_gmt":"2020-05-25T10:25:54","guid":{"rendered":"https:\/\/www.accuratereviews.com\/?page_id=26798"},"modified":"2023-09-23T08:40:08","modified_gmt":"2023-09-23T08:40:08","slug":"garage-partner-recensione","status":"publish","type":"page","link":"https:\/\/www.accuratereviews.com\/it\/gestionale-per-officine\/garage-partner-recensione\/","title":{"rendered":"Garage Partner"},"content":{"rendered":"<p><strong>Garage Partner<\/strong> \u00e8 un sistema multilingue di <strong>gestione delle officine<\/strong>\u00a0che fornisce strumenti per svolgere efficacemente le attivit\u00e0 commerciali nelle officine di riparazione di veicoli pesanti. Il software funziona in inglese, francese e spagnolo. La funzione principale include gli ordini di riparazione e la fatturazione di vari acquisti e spese di servizio. Aiuta anche i proprietari a rintracciare tecnici, parti e potenziali clienti attraverso un database online.\u00a0<strong>Garage Partner<\/strong> funziona anche come sistema di tracciamento della cronologia dei servizi in cui \u00e8 possibile memorizzare tutti i programmi di manutenzione del veicolo.\u00a0La soluzione offre una sicurezza completa a livello di utente e dispone di un programma FTP e di backup dei file di dati integrato per mantenere le cose in ordine e il database al sicuro. \u00c8 in grado di supervisionare le attivit\u00e0 commerciali quotidiane.<\/p>\n<h2><a href=\"https:\/\/www.accuratereviews.com\/wp-content\/uploads\/2020\/05\/Schermata-2020-05-23-alle-17.12.31.png\"><img loading=\"lazy\" decoding=\"async\" class=\"alignnone size-full wp-image-26804\" src=\"https:\/\/www.accuratereviews.com\/wp-content\/uploads\/2020\/05\/Schermata-2020-05-23-alle-17.12.31.png\" alt=\"\" width=\"2062\" height=\"1214\" srcset=\"https:\/\/www.accuratereviews.com\/wp-content\/uploads\/2020\/05\/Schermata-2020-05-23-alle-17.12.31.png 2062w, https:\/\/www.accuratereviews.com\/wp-content\/uploads\/2020\/05\/Schermata-2020-05-23-alle-17.12.31-300x177.png 300w, https:\/\/www.accuratereviews.com\/wp-content\/uploads\/2020\/05\/Schermata-2020-05-23-alle-17.12.31-1024x603.png 1024w, https:\/\/www.accuratereviews.com\/wp-content\/uploads\/2020\/05\/Schermata-2020-05-23-alle-17.12.31-768x452.png 768w, https:\/\/www.accuratereviews.com\/wp-content\/uploads\/2020\/05\/Schermata-2020-05-23-alle-17.12.31-1536x904.png 1536w, https:\/\/www.accuratereviews.com\/wp-content\/uploads\/2020\/05\/Schermata-2020-05-23-alle-17.12.31-2048x1206.png 2048w, https:\/\/www.accuratereviews.com\/wp-content\/uploads\/2020\/05\/Schermata-2020-05-23-alle-17.12.31-212x125.png 212w, https:\/\/www.accuratereviews.com\/wp-content\/uploads\/2020\/05\/Schermata-2020-05-23-alle-17.12.31-50x29.png 50w, https:\/\/www.accuratereviews.com\/wp-content\/uploads\/2020\/05\/Schermata-2020-05-23-alle-17.12.31-968x570.png 968w, https:\/\/www.accuratereviews.com\/wp-content\/uploads\/2020\/05\/Schermata-2020-05-23-alle-17.12.31-636x374.png 636w, https:\/\/www.accuratereviews.com\/wp-content\/uploads\/2020\/05\/Schermata-2020-05-23-alle-17.12.31-320x188.png 320w, https:\/\/www.accuratereviews.com\/wp-content\/uploads\/2020\/05\/Schermata-2020-05-23-alle-17.12.31-239x141.png 239w\" sizes=\"auto, (max-width: 2062px) 100vw, 2062px\" \/><\/a><\/h2>\n<h2>GARAGE PARTNER &#8211; CARATTERISTICHE<\/h2>\n<ul>\n<li>Ordini di riparazione e fatturazione<\/li>\n<li>Ricerca cliente, veicoli e lavoro in maniera automatica<\/li>\n<li>Invia e ricevi SMS<\/li>\n<li>Articoli con aggiunta multipla per parti e manodopera<\/li>\n<li>Allega numeri di serie ai prodotti con funzionalit\u00e0 di ricerca<\/li>\n<li>Il veicolo pu\u00f2 essere inserito come Temporaneo, quando non si desidera tracciare, ottimo per le auto della concessionaria e Walk in Clienti<\/li>\n<li>I tecnici possono eseguire il Clock In \/ Out di ogni lavoro creando un record di tempo per ogni operazione di lavoro<\/li>\n<li>Invia messaggi di testo a cercapersone o telefoni cellulari<\/li>\n<li>Fatture via fax o email e autorizzazioni di lavoro dall&#8217;interno del programma.<\/li>\n<li>Allega file PDF di fatture<\/li>\n<li>Opzione per aggiungere la percentuale di addebito sui materiali di consumo in fattura<\/li>\n<li>Stime &#8211; Converte in fattura in qualsiasi momento, automaticamente &#8211;<\/li>\n<li>Monitoraggio dei progressi in tempo reale per tutti i veicoli nel negozio<\/li>\n<li>Le stime possono essere archiviate e allegate al record del cliente per un recupero futuro<\/li>\n<li>Accetta 3 tipi di pagamento<\/li>\n<li>I RO possono essere taggati e ordinati con priorit\u00e0 definite dall&#8217;utente &#8211;<\/li>\n<li>Tiene traccia delle singole parti del tecnico e delle vendite di manodopera per articolo della fattura. Consente pi\u00f9 Tech per fatture<\/li>\n<li>Stampa i moduli di autorizzazione del lavoro, con posto per la firma del cliente ecc.<\/li>\n<li>Spazio per le dichiarazioni di stima speciale per le nuove leggi della Florida<\/li>\n<li>Stampa 2 tipi di moduli di fattura: parti e manodopera insieme o separati.<\/li>\n<li>Il tempo di lavoro pu\u00f2 essere disattivato, quindi solo l&#8217;importo totale viene visualizzato in Fattura.<\/li>\n<li>Le fatture pagate possono essere controllate, rettificate per errori o Non pagate prima della fine della giornata<\/li>\n<li>Quotidiano &#8211; Mensile &#8211; Editor delle vendite annuale per correggere errori di input<\/li>\n<li>Modulo di autorizzazione Contiene 1000 caratteri definiti dall&#8217;utente<\/li>\n<li>Codice a barre<\/li>\n<li>Funzionalit\u00e0 di rappresentazione grafica completa delle vendite<\/li>\n<li>Controllo completo dell&#8217;inventario<\/li>\n<\/ul>\n<h3>LE RECENSIONI DEGLI UTENTI<\/h3>\n<h4 class=\"font-weight-bold my-1 d-flex align-items-center\">Jeffrey R.&#8221;Ottimo programma&#8221;<\/h4>\n<p><strong>Commenti: <\/strong>Siamo stati con questo programma dal 1991. All&#8217;epoca era un buon programma e sono ancora migliorati. Questo \u00e8 un ottimo programma, scritto da un uomo di questo settore. (15 anni possedeva un garage) tutti gli aggiornamenti. Molto completo con inventario e prezzi tracciati. Programma completo<\/p>\n<p><strong>Vantaggi: <\/strong>Facile da usare, completamente integrato, monitoraggio delle parti, monitoraggio dei prezzi<\/p>\n<p><strong>Inconvenienti: <\/strong>Programma di contabilit\u00e0 non per tasse. Pu\u00f2 tracciare il controllo<\/p>\n<h4 class=\"font-weight-bold my-1 d-flex align-items-center\">Adley A.&#8221;Abbiamo iniziato con Garage Ptr&#8217;s nel 2000. Va sempre meglio. Le funzioni sono facili da usare&#8221;<\/h4>\n<p><strong>Commenti: <\/strong>Tracciamento di clienti, inventario, tracciamento dei lavori. \u00c8 a est per tenere traccia dei lavori in corso (restauri) di cui facciamo molto. Lo consiglio davvero a chiunque gestisca un&#8217;attivit\u00e0 di assistenza automobilistica. L&#8217;agente del servizio clienti sembra avere sempre una risposta per me quando sbaglio.<\/p>\n<p><strong>Vantaggi: <\/strong>Ottimo software. Se gestisci un&#8217;attivit\u00e0 ci vorranno molte cose che devi fare manualmente. Inventario:\u00a0il monitoraggio non \u00e8 mai stato cos\u00ec facile.<\/p>\n<p><strong>Inconvenienti: <\/strong>Vorrei che si interfacciasse con Quick Books.<\/p>\n<h4 class=\"font-weight-bold my-1 d-flex align-items-center\">Kelley H.\u00a0&#8220;Ottimo programma per piccoli negozi automobilistici.&#8221;<\/h4>\n<p><strong>Vantaggi: <\/strong>\u00c8 molto facile da imparare e ha le funzionalit\u00e0 di cui ho bisogno. Il supporto tecnico \u00e8 eccellente e rapido. Fatture e rapporti sono professionali e di facile lettura.<\/p>\n<p><strong>Inconvenienti: <\/strong>Ne sono contento. A volte mi sento frustrato dagli aggiornamenti, ma capisco che migliorano la funzionalit\u00e0 del programma.<\/p>\n","protected":false},"excerpt":{"rendered":"<p>Garage Partner \u00e8 un sistema multilingue di gestione delle officine\u00a0che fornisce strumenti per svolgere efficacemente le attivit\u00e0 commerciali nelle officine di riparazione di veicoli pesanti. Il software funziona in inglese, francese e spagnolo. La funzione principale include gli ordini di riparazione e la fatturazione di vari acquisti e spese di servizio.<\/p>\n","protected":false},"author":19,"featured_media":0,"parent":26440,"menu_order":0,"comment_status":"open","ping_status":"closed","template":"g1_template_page_review_new.php","meta":{"_acf_changed":false,"cwp_meta_box_check":"Yes","cwp_rev_product_name":"","cwp_rev_product_image":"","wppr_links":[],"cwp_rev_price":"","wppr_options":[{"name":"Usability","value":"0"},{"name":"Speed","value":"0"},{"name":"Features","value":"0"},{"name":"Support","value":"0"},{"name":"Pricing","value":"0"}],"wppr_pros":["","","","",""],"wppr_cons":["","","","",""],"_monsterinsights_skip_tracking":false,"_monsterinsights_sitenote_active":false,"_monsterinsights_sitenote_note":"","_monsterinsights_sitenote_category":0,"footnotes":""},"categories":[2818],"tags":[2868,2822,2823,2820,2821],"features":[],"class_list":{"0":"post-26798","1":"page","2":"type-page","3":"status-publish","5":"category-gestionale-per-officine-cat","6":"tag-garage-partner","7":"tag-piattaforma-gestionale-per-officine","8":"tag-programma-gestionale-per-officine","9":"tag-software-gestionale-per-officine","10":"tag-soluzione-gestionale-per-officine"},"wppr_data":{"cwp_meta_box_check":"Yes","cwp_rev_product_name":"","_wppr_review_template":"default","cwp_rev_product_image":"","cwp_image_link":"image","wppr_links":[],"cwp_rev_price":"","wppr_pros":["","","","",""],"wppr_cons":["","","","",""],"wppr_rating":"0.00","wppr_options":{"1":{"name":"Usability","value":"0"},"2":{"name":"Speed","value":"0"},"3":{"name":"Features","value":"0"},"4":{"name":"Support","value":"0"},"5":{"name":"Pricing","value":"0"}},"wppr_review_type":"Product","wppr_review_custom_fields":{"additionalProperty":"","additionalType":"","aggregateRating":"","alternateName":"","audience":"","award":"","awards":"","brand":"","color":"","depth":"","description":"","disambiguatingDescription":"","gtin12":"","gtin13":"","gtin14":"","gtin8":"","height":"","identifier":"","image":"","isAccessoryOrSparePartFor":"","isConsumableFor":"","isRelatedTo":"","isSimilarTo":"","itemCondition":"","logo":"","mainEntityOfPage":"","manufacturer":"","material":"","model":"","mpn":"","name":"","offers":"","potentialAction":"","productID":"","productionDate":"","purchaseDate":"","releaseDate":"","review":"","reviews":"","sameAs":"","sku":"","slogan":"","subjectOf":"","url":"","weight":"","width":""}},"acf":[],"yoast_head":"<!-- This site is optimized with the Yoast SEO plugin v27.4 - https:\/\/yoast.com\/product\/yoast-seo-wordpress\/ -->\n<title>Garage Partner: recensione software gestionale officine- Accurate Reviews<\/title>\n<meta name=\"description\" content=\"Garage Partner: recensione sistema multilingue di gestione delle officine\u00a0che fornisce strumenti per svolgere le attivit\u00e0 commerciali.\" \/>\n<meta name=\"robots\" content=\"index, follow, max-snippet:-1, max-image-preview:large, max-video-preview:-1\" \/>\n<link rel=\"canonical\" href=\"https:\/\/www.accuratereviews.com\/it\/gestionale-per-officine\/garage-partner-recensione\/\" \/>\n<meta property=\"og:locale\" content=\"it_IT\" \/>\n<meta property=\"og:type\" content=\"article\" \/>\n<meta property=\"og:title\" content=\"Garage Partner: recensione software gestionale officine- Accurate Reviews\" \/>\n<meta property=\"og:description\" content=\"Garage Partner: recensione sistema multilingue di gestione delle officine\u00a0che fornisce strumenti per svolgere le attivit\u00e0 commerciali.\" \/>\n<meta property=\"og:url\" content=\"https:\/\/www.accuratereviews.com\/it\/gestionale-per-officine\/garage-partner-recensione\/\" \/>\n<meta property=\"og:site_name\" content=\"Accurate Reviews\" \/>\n<meta property=\"article:modified_time\" content=\"2023-09-23T08:40:08+00:00\" \/>\n<meta property=\"og:image\" content=\"https:\/\/www.accuratereviews.com\/wp-content\/uploads\/2020\/05\/Schermata-2020-05-23-alle-17.12.31.png\" \/>\n<meta name=\"twitter:card\" content=\"summary_large_image\" \/>\n<meta name=\"twitter:label1\" content=\"Tempo di lettura stimato\" \/>\n\t<meta name=\"twitter:data1\" content=\"4 minuti\" \/>\n<script type=\"application\/ld+json\" class=\"yoast-schema-graph\">{\"@context\":\"https:\\\/\\\/schema.org\",\"@graph\":[{\"@type\":\"WebPage\",\"@id\":\"https:\\\/\\\/www.accuratereviews.com\\\/it\\\/gestionale-per-officine\\\/garage-partner-recensione\\\/\",\"url\":\"https:\\\/\\\/www.accuratereviews.com\\\/it\\\/gestionale-per-officine\\\/garage-partner-recensione\\\/\",\"name\":\"Garage Partner: recensione software gestionale officine- Accurate Reviews\",\"isPartOf\":{\"@id\":\"https:\\\/\\\/www.accuratereviews.com\\\/it\\\/#website\"},\"primaryImageOfPage\":{\"@id\":\"https:\\\/\\\/www.accuratereviews.com\\\/it\\\/gestionale-per-officine\\\/garage-partner-recensione\\\/#primaryimage\"},\"image\":{\"@id\":\"https:\\\/\\\/www.accuratereviews.com\\\/it\\\/gestionale-per-officine\\\/garage-partner-recensione\\\/#primaryimage\"},\"thumbnailUrl\":\"https:\\\/\\\/www.accuratereviews.com\\\/wp-content\\\/uploads\\\/2020\\\/05\\\/Schermata-2020-05-23-alle-17.12.31.png\",\"datePublished\":\"2020-05-25T10:25:54+00:00\",\"dateModified\":\"2023-09-23T08:40:08+00:00\",\"description\":\"Garage Partner: recensione sistema multilingue di gestione delle officine\u00a0che fornisce strumenti per svolgere le attivit\u00e0 commerciali.\",\"breadcrumb\":{\"@id\":\"https:\\\/\\\/www.accuratereviews.com\\\/it\\\/gestionale-per-officine\\\/garage-partner-recensione\\\/#breadcrumb\"},\"inLanguage\":\"it-IT\",\"potentialAction\":[{\"@type\":\"ReadAction\",\"target\":[\"https:\\\/\\\/www.accuratereviews.com\\\/it\\\/gestionale-per-officine\\\/garage-partner-recensione\\\/\"]}]},{\"@type\":\"ImageObject\",\"inLanguage\":\"it-IT\",\"@id\":\"https:\\\/\\\/www.accuratereviews.com\\\/it\\\/gestionale-per-officine\\\/garage-partner-recensione\\\/#primaryimage\",\"url\":\"https:\\\/\\\/www.accuratereviews.com\\\/wp-content\\\/uploads\\\/2020\\\/05\\\/Schermata-2020-05-23-alle-17.12.31.png\",\"contentUrl\":\"https:\\\/\\\/www.accuratereviews.com\\\/wp-content\\\/uploads\\\/2020\\\/05\\\/Schermata-2020-05-23-alle-17.12.31.png\"},{\"@type\":\"BreadcrumbList\",\"@id\":\"https:\\\/\\\/www.accuratereviews.com\\\/it\\\/gestionale-per-officine\\\/garage-partner-recensione\\\/#breadcrumb\",\"itemListElement\":[{\"@type\":\"ListItem\",\"position\":1,\"name\":\"Home\",\"item\":\"https:\\\/\\\/www.accuratereviews.com\\\/it\\\/\"},{\"@type\":\"ListItem\",\"position\":2,\"name\":\"Gestionale per officine\",\"item\":\"https:\\\/\\\/www.accuratereviews.com\\\/it\\\/gestionale-per-officine\\\/\"},{\"@type\":\"ListItem\",\"position\":3,\"name\":\"Garage Partner\"}]},{\"@type\":\"WebSite\",\"@id\":\"https:\\\/\\\/www.accuratereviews.com\\\/it\\\/#website\",\"url\":\"https:\\\/\\\/www.accuratereviews.com\\\/it\\\/\",\"name\":\"Accurate Reviews\",\"description\":\"\",\"potentialAction\":[{\"@type\":\"SearchAction\",\"target\":{\"@type\":\"EntryPoint\",\"urlTemplate\":\"https:\\\/\\\/www.accuratereviews.com\\\/it\\\/?s={search_term_string}\"},\"query-input\":{\"@type\":\"PropertyValueSpecification\",\"valueRequired\":true,\"valueName\":\"search_term_string\"}}],\"inLanguage\":\"it-IT\"}]}<\/script>\n<!-- \/ Yoast SEO plugin. -->","yoast_head_json":{"title":"Garage Partner: recensione software gestionale officine- Accurate Reviews","description":"Garage Partner: recensione sistema multilingue di gestione delle officine\u00a0che fornisce strumenti per svolgere le attivit\u00e0 commerciali.","robots":{"index":"index","follow":"follow","max-snippet":"max-snippet:-1","max-image-preview":"max-image-preview:large","max-video-preview":"max-video-preview:-1"},"canonical":"https:\/\/www.accuratereviews.com\/it\/gestionale-per-officine\/garage-partner-recensione\/","og_locale":"it_IT","og_type":"article","og_title":"Garage Partner: recensione software gestionale officine- Accurate Reviews","og_description":"Garage Partner: recensione sistema multilingue di gestione delle officine\u00a0che fornisce strumenti per svolgere le attivit\u00e0 commerciali.","og_url":"https:\/\/www.accuratereviews.com\/it\/gestionale-per-officine\/garage-partner-recensione\/","og_site_name":"Accurate Reviews","article_modified_time":"2023-09-23T08:40:08+00:00","og_image":[{"url":"https:\/\/www.accuratereviews.com\/wp-content\/uploads\/2020\/05\/Schermata-2020-05-23-alle-17.12.31.png","type":"","width":"","height":""}],"twitter_card":"summary_large_image","twitter_misc":{"Tempo di lettura stimato":"4 minuti"},"schema":{"@context":"https:\/\/schema.org","@graph":[{"@type":"WebPage","@id":"https:\/\/www.accuratereviews.com\/it\/gestionale-per-officine\/garage-partner-recensione\/","url":"https:\/\/www.accuratereviews.com\/it\/gestionale-per-officine\/garage-partner-recensione\/","name":"Garage Partner: recensione software gestionale officine- Accurate Reviews","isPartOf":{"@id":"https:\/\/www.accuratereviews.com\/it\/#website"},"primaryImageOfPage":{"@id":"https:\/\/www.accuratereviews.com\/it\/gestionale-per-officine\/garage-partner-recensione\/#primaryimage"},"image":{"@id":"https:\/\/www.accuratereviews.com\/it\/gestionale-per-officine\/garage-partner-recensione\/#primaryimage"},"thumbnailUrl":"https:\/\/www.accuratereviews.com\/wp-content\/uploads\/2020\/05\/Schermata-2020-05-23-alle-17.12.31.png","datePublished":"2020-05-25T10:25:54+00:00","dateModified":"2023-09-23T08:40:08+00:00","description":"Garage Partner: recensione sistema multilingue di gestione delle officine\u00a0che fornisce strumenti per svolgere le attivit\u00e0 commerciali.","breadcrumb":{"@id":"https:\/\/www.accuratereviews.com\/it\/gestionale-per-officine\/garage-partner-recensione\/#breadcrumb"},"inLanguage":"it-IT","potentialAction":[{"@type":"ReadAction","target":["https:\/\/www.accuratereviews.com\/it\/gestionale-per-officine\/garage-partner-recensione\/"]}]},{"@type":"ImageObject","inLanguage":"it-IT","@id":"https:\/\/www.accuratereviews.com\/it\/gestionale-per-officine\/garage-partner-recensione\/#primaryimage","url":"https:\/\/www.accuratereviews.com\/wp-content\/uploads\/2020\/05\/Schermata-2020-05-23-alle-17.12.31.png","contentUrl":"https:\/\/www.accuratereviews.com\/wp-content\/uploads\/2020\/05\/Schermata-2020-05-23-alle-17.12.31.png"},{"@type":"BreadcrumbList","@id":"https:\/\/www.accuratereviews.com\/it\/gestionale-per-officine\/garage-partner-recensione\/#breadcrumb","itemListElement":[{"@type":"ListItem","position":1,"name":"Home","item":"https:\/\/www.accuratereviews.com\/it\/"},{"@type":"ListItem","position":2,"name":"Gestionale per officine","item":"https:\/\/www.accuratereviews.com\/it\/gestionale-per-officine\/"},{"@type":"ListItem","position":3,"name":"Garage Partner"}]},{"@type":"WebSite","@id":"https:\/\/www.accuratereviews.com\/it\/#website","url":"https:\/\/www.accuratereviews.com\/it\/","name":"Accurate Reviews","description":"","potentialAction":[{"@type":"SearchAction","target":{"@type":"EntryPoint","urlTemplate":"https:\/\/www.accuratereviews.com\/it\/?s={search_term_string}"},"query-input":{"@type":"PropertyValueSpecification","valueRequired":true,"valueName":"search_term_string"}}],"inLanguage":"it-IT"}]}},"_links":{"self":[{"href":"https:\/\/www.accuratereviews.com\/it\/wp-json\/wp\/v2\/pages\/26798","targetHints":{"allow":["GET"]}}],"collection":[{"href":"https:\/\/www.accuratereviews.com\/it\/wp-json\/wp\/v2\/pages"}],"about":[{"href":"https:\/\/www.accuratereviews.com\/it\/wp-json\/wp\/v2\/types\/page"}],"author":[{"embeddable":true,"href":"https:\/\/www.accuratereviews.com\/it\/wp-json\/wp\/v2\/users\/19"}],"replies":[{"embeddable":true,"href":"https:\/\/www.accuratereviews.com\/it\/wp-json\/wp\/v2\/comments?post=26798"}],"version-history":[{"count":8,"href":"https:\/\/www.accuratereviews.com\/it\/wp-json\/wp\/v2\/pages\/26798\/revisions"}],"predecessor-version":[{"id":72077,"href":"https:\/\/www.accuratereviews.com\/it\/wp-json\/wp\/v2\/pages\/26798\/revisions\/72077"}],"up":[{"embeddable":true,"href":"https:\/\/www.accuratereviews.com\/it\/wp-json\/wp\/v2\/pages\/26440"}],"wp:attachment":[{"href":"https:\/\/www.accuratereviews.com\/it\/wp-json\/wp\/v2\/media?parent=26798"}],"wp:term":[{"taxonomy":"category","embeddable":true,"href":"https:\/\/www.accuratereviews.com\/it\/wp-json\/wp\/v2\/categories?post=26798"},{"taxonomy":"post_tag","embeddable":true,"href":"https:\/\/www.accuratereviews.com\/it\/wp-json\/wp\/v2\/tags?post=26798"},{"taxonomy":"features","embeddable":true,"href":"https:\/\/www.accuratereviews.com\/it\/wp-json\/wp\/v2\/features?post=26798"}],"curies":[{"name":"wp","href":"https:\/\/api.w.org\/{rel}","templated":true}]}}