{"id":26809,"date":"2020-05-25T10:25:18","date_gmt":"2020-05-25T10:25:18","guid":{"rendered":"https:\/\/www.accuratereviews.com\/?page_id=26809"},"modified":"2023-09-23T09:03:40","modified_gmt":"2023-09-23T09:03:40","slug":"gem-car-recensione","status":"publish","type":"page","link":"https:\/\/www.accuratereviews.com\/it\/gestionale-per-officine\/gem-car-recensione\/","title":{"rendered":"Gem-Car"},"content":{"rendered":"<p><strong>Gem-Car<\/strong> \u00e8 un <strong>software modulare di gestione<\/strong> e fatturazione del <strong>garage<\/strong> per l&#8217;industria automobilistica, barche, bici, camion e pneumatici. Si tratta di una piattaforma modulare personalizzabile con funzionalit\u00e0 aggiuntive opzionali tra cui punto vendita (POS), agenda elettronica, reportistica e statistiche e firma elettronica.\u00a0La funzione POS fornisce l&#8217;identificazione del cliente per dati importanti tra cui un decodificatore di identificazione del veicolo (VIN), la disponibilit\u00e0 di inventario, il calcolo della stima e un&#8217;interfaccia visiva con codice colore per raggruppare dati rilevanti come stime, ordini di parti e cronologia delle transazioni. Le informazioni sui clienti possono essere importate attraverso l&#8217;integrazione con i sistemi CRM esistenti o tramite la conversione del database, inclusi i dati dei clienti, la cronologia del veicolo e l&#8217;inventario.\u00a0L&#8217;agenda elettronica <strong>GEM-CAR<\/strong> utilizza la programmazione degli appuntamenti in tempo reale con codice colore e la visibilit\u00e0 dell&#8217;avanzamento delle riparazioni. Le pianificazioni dei tecnici possono essere visualizzate e gestite tra cui pause, allocazione delle attivit\u00e0 e festivit\u00e0. La funzione punch clock include una scheda attivit\u00e0 elettronica per la misurazione e la retribuzione delle prestazioni, l&#8217;accesso a consulenti tecnici e guide di riparazione e un lettore di codici a barre per l&#8217;inventario e la gestione delle parti. La disponibilit\u00e0 dell&#8217;area di lavoro in loco pu\u00f2 anche essere gestita e visualizzata nell&#8217;agenda.<\/p>\n<h2>GEM-CAR -TUTORIAL<\/h2>\n<p>Di seguito un tutorial in cui mostra i principali strumenti di questo <strong>gestionale per officine<\/strong>:<\/p>\n<div id=\"fluid-wrapper-counter-1\" class=\"g1-fluid-wrapper \" style=\"width:686px;\">\n<div style=\"padding-bottom:56.268221574344%;\"><iframe loading=\"lazy\" title=\"GEM-CAR, complete enterprise shop management software...\" width=\"686\" height=\"386\" src=\"https:\/\/www.youtube.com\/embed\/ZOmMoDctTl0?feature=oembed&amp;wmode=transparent&amp;autohide=1&amp;autoplay=0&amp;disablekb=0&amp;fs=1&amp;loop=0&amp;enablejsapi=1&amp;rel=0&amp;controls=2&amp;showinfo=0&amp;wmode=transparent&amp;autohide=2&amp;autoplay=0&amp;disablekb=0&amp;fs=1&amp;loop=0&amp;enablejsapi=1&amp;rel=0&amp;controls=2&amp;showinfo=1\" frameborder=\"0\" allow=\"accelerometer; autoplay; clipboard-write; encrypted-media; gyroscope; picture-in-picture; web-share\" allowfullscreen><\/iframe><\/div>\n<\/div>\n<h3>GEM-CAR &#8211; CARATTERISTICHE<\/h3>\n<ul>\n<li>Pianificare in anticipo gli appuntamenti di manutenzione con il cliente e il veicolo<\/li>\n<li>Stampare o inviare una lettera di sollecito<\/li>\n<li>Invia newsletter e promozioni via email<\/li>\n<li>Migliora la comunicazione con i clienti<\/li>\n<li>Aumenta la redditivit\u00e0 implementando una strategia di parti e ordini di lavoro<\/li>\n<li>Rapporti sulle prestazioni di vendita e tecnici in un clic<\/li>\n<li>Gestione della garanzia,\u00a0dei core e dei resi<\/li>\n<li>Lettura del codice a barre del prodotto<\/li>\n<li>Rapporti statistici<\/li>\n<li>Imposte e gestione dei dazi specifici<\/li>\n<\/ul>\n<h4>LE RECENSIONI DEGLI UTENTI<\/h4>\n<h4 class=\"font-weight-bold my-1 d-flex align-items-center\">Anick D.&#8221;Software con una moltitudine di possibilit\u00e0&#8221;<\/h4>\n<p><strong>Commenti: <\/strong>Ho calcolato manualmente l&#8217;efficienza dei miei tecnici. Risparmio molto tempo con il laser elettronico.<\/p>\n<p><strong>Vantaggi: <\/strong>Questo software mi permette di fare una svolta elettronica nella mia attivit\u00e0 attraverso ispezioni su tablet, SMS, archiviazione di foto e firma elettronica.<\/p>\n<p><strong>Inconvenienti: <\/strong>Vorrei poter inviare foto o video via SMS. Inoltre, vorrei essere in grado di collegare pi\u00f9 di un codice a un altro codice per automatizzare e aumentare la velocit\u00e0 di utilizzo.<\/p>\n<h4 class=\"font-weight-bold my-1 d-flex align-items-center\">Dan V.&#8221;A questa compagnia importa davvero !!!&#8221;<\/h4>\n<p><strong>Commenti: <\/strong>Gem Car si preoccupa davvero del lavoro e del software, e ci fa davvero sentire come se avessimo un&#8217;esperienza personale, anche se non siamo cos\u00ec grandi come azienda. Il proprietario ci ha persino incontrato personalmente e ha ascoltato molti dei nostri suggerimenti di miglioramento.<\/p>\n<p><strong>Vantaggi: <\/strong>Ci piace usare questo software perch\u00e9 \u00e8 pieno di funzionalit\u00e0 a un costo ragionevole. Ha controllato tutto sulla nostra lista e altro per future espansioni. Sono gli specialisti del settore automobilistico e nessuno ha tutte le caratteristiche di Gem-Car.<\/p>\n<p><strong>Inconvenienti: <\/strong>C&#8217;\u00e8 una curva di apprendimento nel software che tutti devono attraversare, ma sono l\u00ec ad ogni passo.<\/p>\n<h4 class=\"font-weight-bold my-1 d-flex align-items-center\">Kelina L.&#8221;Che software eccezionale&#8221;<\/h4>\n<p><strong>Commenti: <\/strong>Ci piace molto il software Gem-Car. \u00c8 fatto apposta per aumentare l&#8217;efficacia della nostra attivit\u00e0. C&#8217;\u00e8 molto da imparare, ma ogni sacrificio sta dando un vantaggio.<\/p>\n<p><strong>Vantaggi: <\/strong>Usiamo Gem-Car da solo un mese, quindi ci stiamo ancora abituando ma abbiamo cambiato sistema perch\u00e9 sapevamo che offre molto di pi\u00f9 rispetto agli altri software. Adoriamo le statistiche che possiamo fare con tutti i report, \u00e8 davvero utile aumentare le nostre vendite. Il sistema \u00e8 anche molto facile da usare.<\/p>\n<p><strong>Inconvenienti: <\/strong>Non c&#8217;\u00e8 nulla che non ci piace, ma l&#8217;unica cosa che potrebbero migliorare \u00e8 una parte del servizio clienti. Quando chiamiamo perch\u00e9 abbiamo una domanda, preferirei attendere in linea invece di lasciare un messaggio. Ma quando lasciamo un messaggio, richiamano rapidamente.<\/p>\n","protected":false},"excerpt":{"rendered":"<p>Gem-Car \u00e8 un software modulare di gestione e fatturazione del garage per l&#8217;industria automobilistica, barche, bici, camion e pneumatici. Si tratta di una piattaforma modulare personalizzabile con funzionalit\u00e0 aggiuntive opzionali tra cui punto vendita (POS), agenda elettronica, reportistica e statistiche e firma elettronica.\u00a0<\/p>\n","protected":false},"author":19,"featured_media":26815,"parent":26440,"menu_order":0,"comment_status":"open","ping_status":"closed","template":"g1_template_page_review_new.php","meta":{"_acf_changed":false,"cwp_meta_box_check":"Yes","cwp_rev_product_name":"","cwp_rev_product_image":"","wppr_links":[],"cwp_rev_price":"","wppr_options":[{"name":"Usability","value":"0"},{"name":"Speed","value":"0"},{"name":"Features","value":"0"},{"name":"Support","value":"0"},{"name":"Pricing","value":"0"}],"wppr_pros":["","","","",""],"wppr_cons":["","","","",""],"_monsterinsights_skip_tracking":false,"_monsterinsights_sitenote_active":false,"_monsterinsights_sitenote_note":"","_monsterinsights_sitenote_category":0,"footnotes":""},"categories":[2818],"tags":[2824,2819,2869,2822,2823,2820],"features":[],"class_list":{"0":"post-26809","1":"page","2":"type-page","3":"status-publish","4":"has-post-thumbnail","6":"category-gestionale-per-officine-cat","7":"tag-auto-management-software","8":"tag-auto-repair","9":"tag-gem-car","10":"tag-piattaforma-gestionale-per-officine","11":"tag-programma-gestionale-per-officine","12":"tag-software-gestionale-per-officine"},"wppr_data":{"cwp_meta_box_check":"Yes","cwp_rev_product_name":"","_wppr_review_template":"default","cwp_rev_product_image":"","cwp_image_link":"image","wppr_links":[],"cwp_rev_price":"","wppr_pros":["","","","",""],"wppr_cons":["","","","",""],"wppr_rating":"0.00","wppr_options":{"1":{"name":"Usability","value":"0"},"2":{"name":"Speed","value":"0"},"3":{"name":"Features","value":"0"},"4":{"name":"Support","value":"0"},"5":{"name":"Pricing","value":"0"}},"wppr_review_type":"Product","wppr_review_custom_fields":{"additionalProperty":"","additionalType":"","aggregateRating":"","alternateName":"","audience":"","award":"","awards":"","brand":"","color":"","depth":"","description":"","disambiguatingDescription":"","gtin12":"","gtin13":"","gtin14":"","gtin8":"","height":"","identifier":"","image":"","isAccessoryOrSparePartFor":"","isConsumableFor":"","isRelatedTo":"","isSimilarTo":"","itemCondition":"","logo":"","mainEntityOfPage":"","manufacturer":"","material":"","model":"","mpn":"","name":"","offers":"","potentialAction":"","productID":"","productionDate":"","purchaseDate":"","releaseDate":"","review":"","reviews":"","sameAs":"","sku":"","slogan":"","subjectOf":"","url":"","weight":"","width":""}},"acf":[],"yoast_head":"<!-- This site is optimized with the Yoast SEO plugin v27.4 - https:\/\/yoast.com\/product\/yoast-seo-wordpress\/ -->\n<title>Gem.Car: recensione software gestionale per officine - Accurate Reviews<\/title>\n<meta name=\"description\" content=\"Gem-Car: recensione software modulare di gestione e fatturazione per l&#039;industria automobilistica, barche, bici, camion e pneumatici.\" \/>\n<meta name=\"robots\" content=\"index, follow, max-snippet:-1, max-image-preview:large, max-video-preview:-1\" \/>\n<link rel=\"canonical\" href=\"https:\/\/www.accuratereviews.com\/it\/gestionale-per-officine\/gem-car-recensione\/\" \/>\n<meta property=\"og:locale\" content=\"it_IT\" \/>\n<meta property=\"og:type\" content=\"article\" \/>\n<meta property=\"og:title\" content=\"Gem.Car: recensione software gestionale per officine - Accurate Reviews\" \/>\n<meta property=\"og:description\" content=\"Gem-Car: recensione software modulare di gestione e fatturazione per l&#039;industria automobilistica, barche, bici, camion e pneumatici.\" \/>\n<meta property=\"og:url\" content=\"https:\/\/www.accuratereviews.com\/it\/gestionale-per-officine\/gem-car-recensione\/\" \/>\n<meta property=\"og:site_name\" content=\"Accurate Reviews\" \/>\n<meta property=\"article:modified_time\" content=\"2023-09-23T09:03:40+00:00\" \/>\n<meta property=\"og:image\" content=\"https:\/\/www.accuratereviews.com\/wp-content\/uploads\/2020\/05\/gem.jpg\" \/>\n\t<meta property=\"og:image:width\" content=\"640\" \/>\n\t<meta property=\"og:image:height\" content=\"640\" \/>\n\t<meta property=\"og:image:type\" content=\"image\/jpeg\" \/>\n<meta name=\"twitter:card\" content=\"summary_large_image\" \/>\n<meta name=\"twitter:label1\" content=\"Tempo di lettura stimato\" \/>\n\t<meta name=\"twitter:data1\" content=\"4 minuti\" \/>\n<script type=\"application\/ld+json\" class=\"yoast-schema-graph\">{\"@context\":\"https:\\\/\\\/schema.org\",\"@graph\":[{\"@type\":\"WebPage\",\"@id\":\"https:\\\/\\\/www.accuratereviews.com\\\/it\\\/gestionale-per-officine\\\/gem-car-recensione\\\/\",\"url\":\"https:\\\/\\\/www.accuratereviews.com\\\/it\\\/gestionale-per-officine\\\/gem-car-recensione\\\/\",\"name\":\"Gem.Car: recensione software gestionale per officine - Accurate Reviews\",\"isPartOf\":{\"@id\":\"https:\\\/\\\/www.accuratereviews.com\\\/it\\\/#website\"},\"primaryImageOfPage\":{\"@id\":\"https:\\\/\\\/www.accuratereviews.com\\\/it\\\/gestionale-per-officine\\\/gem-car-recensione\\\/#primaryimage\"},\"image\":{\"@id\":\"https:\\\/\\\/www.accuratereviews.com\\\/it\\\/gestionale-per-officine\\\/gem-car-recensione\\\/#primaryimage\"},\"thumbnailUrl\":\"https:\\\/\\\/www.accuratereviews.com\\\/wp-content\\\/uploads\\\/2020\\\/05\\\/gem.jpg\",\"datePublished\":\"2020-05-25T10:25:18+00:00\",\"dateModified\":\"2023-09-23T09:03:40+00:00\",\"description\":\"Gem-Car: recensione software modulare di gestione e fatturazione per l'industria automobilistica, barche, bici, camion e pneumatici.\",\"breadcrumb\":{\"@id\":\"https:\\\/\\\/www.accuratereviews.com\\\/it\\\/gestionale-per-officine\\\/gem-car-recensione\\\/#breadcrumb\"},\"inLanguage\":\"it-IT\",\"potentialAction\":[{\"@type\":\"ReadAction\",\"target\":[\"https:\\\/\\\/www.accuratereviews.com\\\/it\\\/gestionale-per-officine\\\/gem-car-recensione\\\/\"]}]},{\"@type\":\"ImageObject\",\"inLanguage\":\"it-IT\",\"@id\":\"https:\\\/\\\/www.accuratereviews.com\\\/it\\\/gestionale-per-officine\\\/gem-car-recensione\\\/#primaryimage\",\"url\":\"https:\\\/\\\/www.accuratereviews.com\\\/wp-content\\\/uploads\\\/2020\\\/05\\\/gem.jpg\",\"contentUrl\":\"https:\\\/\\\/www.accuratereviews.com\\\/wp-content\\\/uploads\\\/2020\\\/05\\\/gem.jpg\",\"width\":640,\"height\":640},{\"@type\":\"BreadcrumbList\",\"@id\":\"https:\\\/\\\/www.accuratereviews.com\\\/it\\\/gestionale-per-officine\\\/gem-car-recensione\\\/#breadcrumb\",\"itemListElement\":[{\"@type\":\"ListItem\",\"position\":1,\"name\":\"Home\",\"item\":\"https:\\\/\\\/www.accuratereviews.com\\\/it\\\/\"},{\"@type\":\"ListItem\",\"position\":2,\"name\":\"Gestionale per officine\",\"item\":\"https:\\\/\\\/www.accuratereviews.com\\\/it\\\/gestionale-per-officine\\\/\"},{\"@type\":\"ListItem\",\"position\":3,\"name\":\"Gem-Car\"}]},{\"@type\":\"WebSite\",\"@id\":\"https:\\\/\\\/www.accuratereviews.com\\\/it\\\/#website\",\"url\":\"https:\\\/\\\/www.accuratereviews.com\\\/it\\\/\",\"name\":\"Accurate Reviews\",\"description\":\"\",\"potentialAction\":[{\"@type\":\"SearchAction\",\"target\":{\"@type\":\"EntryPoint\",\"urlTemplate\":\"https:\\\/\\\/www.accuratereviews.com\\\/it\\\/?s={search_term_string}\"},\"query-input\":{\"@type\":\"PropertyValueSpecification\",\"valueRequired\":true,\"valueName\":\"search_term_string\"}}],\"inLanguage\":\"it-IT\"}]}<\/script>\n<!-- \/ Yoast SEO plugin. -->","yoast_head_json":{"title":"Gem.Car: recensione software gestionale per officine - Accurate Reviews","description":"Gem-Car: recensione software modulare di gestione e fatturazione per l'industria automobilistica, barche, bici, camion e pneumatici.","robots":{"index":"index","follow":"follow","max-snippet":"max-snippet:-1","max-image-preview":"max-image-preview:large","max-video-preview":"max-video-preview:-1"},"canonical":"https:\/\/www.accuratereviews.com\/it\/gestionale-per-officine\/gem-car-recensione\/","og_locale":"it_IT","og_type":"article","og_title":"Gem.Car: recensione software gestionale per officine - Accurate Reviews","og_description":"Gem-Car: recensione software modulare di gestione e fatturazione per l'industria automobilistica, barche, bici, camion e pneumatici.","og_url":"https:\/\/www.accuratereviews.com\/it\/gestionale-per-officine\/gem-car-recensione\/","og_site_name":"Accurate Reviews","article_modified_time":"2023-09-23T09:03:40+00:00","og_image":[{"width":640,"height":640,"url":"https:\/\/www.accuratereviews.com\/wp-content\/uploads\/2020\/05\/gem.jpg","type":"image\/jpeg"}],"twitter_card":"summary_large_image","twitter_misc":{"Tempo di lettura stimato":"4 minuti"},"schema":{"@context":"https:\/\/schema.org","@graph":[{"@type":"WebPage","@id":"https:\/\/www.accuratereviews.com\/it\/gestionale-per-officine\/gem-car-recensione\/","url":"https:\/\/www.accuratereviews.com\/it\/gestionale-per-officine\/gem-car-recensione\/","name":"Gem.Car: recensione software gestionale per officine - Accurate Reviews","isPartOf":{"@id":"https:\/\/www.accuratereviews.com\/it\/#website"},"primaryImageOfPage":{"@id":"https:\/\/www.accuratereviews.com\/it\/gestionale-per-officine\/gem-car-recensione\/#primaryimage"},"image":{"@id":"https:\/\/www.accuratereviews.com\/it\/gestionale-per-officine\/gem-car-recensione\/#primaryimage"},"thumbnailUrl":"https:\/\/www.accuratereviews.com\/wp-content\/uploads\/2020\/05\/gem.jpg","datePublished":"2020-05-25T10:25:18+00:00","dateModified":"2023-09-23T09:03:40+00:00","description":"Gem-Car: recensione software modulare di gestione e fatturazione per l'industria automobilistica, barche, bici, camion e pneumatici.","breadcrumb":{"@id":"https:\/\/www.accuratereviews.com\/it\/gestionale-per-officine\/gem-car-recensione\/#breadcrumb"},"inLanguage":"it-IT","potentialAction":[{"@type":"ReadAction","target":["https:\/\/www.accuratereviews.com\/it\/gestionale-per-officine\/gem-car-recensione\/"]}]},{"@type":"ImageObject","inLanguage":"it-IT","@id":"https:\/\/www.accuratereviews.com\/it\/gestionale-per-officine\/gem-car-recensione\/#primaryimage","url":"https:\/\/www.accuratereviews.com\/wp-content\/uploads\/2020\/05\/gem.jpg","contentUrl":"https:\/\/www.accuratereviews.com\/wp-content\/uploads\/2020\/05\/gem.jpg","width":640,"height":640},{"@type":"BreadcrumbList","@id":"https:\/\/www.accuratereviews.com\/it\/gestionale-per-officine\/gem-car-recensione\/#breadcrumb","itemListElement":[{"@type":"ListItem","position":1,"name":"Home","item":"https:\/\/www.accuratereviews.com\/it\/"},{"@type":"ListItem","position":2,"name":"Gestionale per officine","item":"https:\/\/www.accuratereviews.com\/it\/gestionale-per-officine\/"},{"@type":"ListItem","position":3,"name":"Gem-Car"}]},{"@type":"WebSite","@id":"https:\/\/www.accuratereviews.com\/it\/#website","url":"https:\/\/www.accuratereviews.com\/it\/","name":"Accurate Reviews","description":"","potentialAction":[{"@type":"SearchAction","target":{"@type":"EntryPoint","urlTemplate":"https:\/\/www.accuratereviews.com\/it\/?s={search_term_string}"},"query-input":{"@type":"PropertyValueSpecification","valueRequired":true,"valueName":"search_term_string"}}],"inLanguage":"it-IT"}]}},"_links":{"self":[{"href":"https:\/\/www.accuratereviews.com\/it\/wp-json\/wp\/v2\/pages\/26809","targetHints":{"allow":["GET"]}}],"collection":[{"href":"https:\/\/www.accuratereviews.com\/it\/wp-json\/wp\/v2\/pages"}],"about":[{"href":"https:\/\/www.accuratereviews.com\/it\/wp-json\/wp\/v2\/types\/page"}],"author":[{"embeddable":true,"href":"https:\/\/www.accuratereviews.com\/it\/wp-json\/wp\/v2\/users\/19"}],"replies":[{"embeddable":true,"href":"https:\/\/www.accuratereviews.com\/it\/wp-json\/wp\/v2\/comments?post=26809"}],"version-history":[{"count":6,"href":"https:\/\/www.accuratereviews.com\/it\/wp-json\/wp\/v2\/pages\/26809\/revisions"}],"predecessor-version":[{"id":72079,"href":"https:\/\/www.accuratereviews.com\/it\/wp-json\/wp\/v2\/pages\/26809\/revisions\/72079"}],"up":[{"embeddable":true,"href":"https:\/\/www.accuratereviews.com\/it\/wp-json\/wp\/v2\/pages\/26440"}],"wp:featuredmedia":[{"embeddable":true,"href":"https:\/\/www.accuratereviews.com\/it\/wp-json\/wp\/v2\/media\/26815"}],"wp:attachment":[{"href":"https:\/\/www.accuratereviews.com\/it\/wp-json\/wp\/v2\/media?parent=26809"}],"wp:term":[{"taxonomy":"category","embeddable":true,"href":"https:\/\/www.accuratereviews.com\/it\/wp-json\/wp\/v2\/categories?post=26809"},{"taxonomy":"post_tag","embeddable":true,"href":"https:\/\/www.accuratereviews.com\/it\/wp-json\/wp\/v2\/tags?post=26809"},{"taxonomy":"features","embeddable":true,"href":"https:\/\/www.accuratereviews.com\/it\/wp-json\/wp\/v2\/features?post=26809"}],"curies":[{"name":"wp","href":"https:\/\/api.w.org\/{rel}","templated":true}]}}