{"id":26823,"date":"2020-05-26T10:05:00","date_gmt":"2020-05-26T10:05:00","guid":{"rendered":"https:\/\/www.accuratereviews.com\/?page_id=26823"},"modified":"2020-07-30T09:45:24","modified_gmt":"2020-07-30T09:45:24","slug":"omnique-recensione","status":"publish","type":"page","link":"https:\/\/www.accuratereviews.com\/it\/gestionale-per-officine\/omnique-recensione\/","title":{"rendered":"Omnique"},"content":{"rendered":"<p><strong>Omnique<\/strong> \u00e8 una <strong>soluzione di gestione di officine<\/strong>\u00a0di auto basata su cloud adatta per le piccole e medie imprese. La soluzione\u00a0offre varie funzioni tra cui la creazione di preventivi, l&#8217;ordinazione di parti e la pianificazione degli appuntamenti. \u00c8 in grado di integrarsi con i fornitori di componenti locali e consente ai responsabili dei negozi di accedere alle stime del tempo di lavoro. Il programma consente a pi\u00f9 negozi di essere collegati attraverso un&#8217;unica interfaccia e l&#8217;accesso ai dati in tempo reale da parte di tecnici e consulenti dell&#8217;assistenza.\u00a0Per fornire un accesso sicuro, vengono creati accessi separati per ciascun utente e amministratore e consente loro di visualizzare solo le funzionalit\u00e0 richieste. I dati vengono automaticamente archiviati su un server sicuro e viene fornito un backup off-site per prevenire la perdita di dati.<\/p>\n<h2>OMNIQUE &#8211; TUTORIAL<\/h2>\n<p>Guardiamo come \u00e8 semplice creare un ticket con questo <strong>software gestionale per officine<\/strong>:<\/p>\n<div id=\"fluid-wrapper-counter-1\" class=\"g1-fluid-wrapper \" style=\"width:686px;\">\n<div style=\"padding-bottom:56.268221574344%;\"><iframe loading=\"lazy\" title=\"Creating New Tickets in Omnique\" width=\"686\" height=\"386\" src=\"https:\/\/www.youtube.com\/embed\/UrVtVKuy3IA?feature=oembed&amp;wmode=transparent&amp;autohide=1&amp;autoplay=0&amp;disablekb=0&amp;fs=1&amp;loop=0&amp;enablejsapi=1&amp;rel=0&amp;controls=2&amp;showinfo=0&amp;wmode=transparent&amp;autohide=2&amp;autoplay=0&amp;disablekb=0&amp;fs=1&amp;loop=0&amp;enablejsapi=1&amp;rel=0&amp;controls=2&amp;showinfo=1\" frameborder=\"0\" allow=\"accelerometer; autoplay; encrypted-media; gyroscope; picture-in-picture\" allowfullscreen><\/iframe><\/div>\n<\/div>\n<h3>OMNIQUE &#8211; CARATTERISTICHE<\/h3>\n<ul>\n<li><strong>Salvataggio Automatico<\/strong>: la soluzione memorizza i tuoi dati su un server sicuro e dispone di backup off-site in modo che i tuoi dati rimangano sempre protetti<\/li>\n<li><strong>Rimani connesso<\/strong>: tutto ci\u00f2 di cui hai bisogno \u00e8 una connessione Internet e sarai sempre connesso al tuo negozio con informazioni in tempo reale<\/li>\n<li><strong>Accesso Sicuro<\/strong>: separare gli accessi utente per pi\u00f9 livelli di sicurezza. Personalizza l&#8217;accesso dei tuoi dipendenti in modo che utilizzino solo le funzionalit\u00e0 di cui hanno bisogno<\/li>\n<li><strong>Risparmia tempo<\/strong>: hai la possibilit\u00e0 di creare un preventivo, ordinare le parti necessarie e fissare un appuntamento in meno di 90 secondi<\/li>\n<\/ul>\n<h4>LE RECENSIONI DEGLI UTENTI<\/h4>\n<h4 class=\"font-weight-bold my-1 d-flex align-items-center\">Jorge M.\u00a0&#8220;Volevo elogiare Omnique per la loro versione 5 del software di gestione del negozio.&#8221;<\/h4>\n<p><strong>Commenti: <\/strong>Il programma mi sta facendo risparmiare tempo e una volta che sono state composte altre cose, razionalizzer\u00f2 la mia prima linea per rendere pronte le procedure.<\/p>\n<p><strong>Vantaggi: <\/strong>\u00c8 un programma molto dinamico, che una volta impostato ti permetter\u00e0 di costruire un ticket complesso in meno di un minuto! Se stai costruendo un ticket con qualcosa di nuovo e ti rendi conto che devi crearlo, boom! puoi semplicemente regolare e aumentare la produttivit\u00e0 futura. Un&#8217;altra cosa positiva \u00e8 il veicolo autocompilato e le informazioni sui clienti. Tutti insieme, il programma mi sta facendo risparmiare tempo e una volta che sono state composte altre cose, razionalizzer\u00f2 la mia prima linea per rendere pronte le procedure.<br \/>\nGrazie anche per il vostro aiuto online, \u00e8 super conveniente e utile.<\/p>\n<p><strong>Inconvenienti: <\/strong>L&#8217;interfaccia delle parti potrebbe utilizzare alcuni miglioramenti per poter confrontare pi\u00f9 facilmente i prezzi dei fornitori. Il passaggio di clienti \/ veicoli da iDMS potrebbe essere pi\u00f9 veloce.<\/p>\n<h4 class=\"font-weight-bold my-1 d-flex align-items-center\">Darryl F.&#8221;Service Advisor&#8221;<\/h4>\n<p><strong>Commenti: <\/strong>Omnique \u00e8 un programma fantastico con una squadra fantastica. Semplice, facile da usare, economico e intuitivo. Ascoltano i loro clienti e apportano modifiche proattive al loro sistema. Non vedo l&#8217;ora del loro ritaglio ufficiale per il nuovo design HTML5. Un grande ringraziamento a Kris, Erik, Greg e tutti gli altri di Omnique per averlo realizzato. Hai cambiato il modo in cui facciamo affari!<\/p>\n<p><strong>Vantaggi: <\/strong>Design pulito e intuitivo con un team fantastico alle spalle.<\/p>\n<p><strong>Inconvenienti: <\/strong>La versione attuale \u00e8 un po &#8216;lenta, ma ho visto la nuova versione e so che accelerer\u00e0 molto presto<\/p>\n<h4 class=\"font-weight-bold my-1 d-flex align-items-center\">Joe W.\u00a0&#8220;Chiaro e semplice &#8230; AVETE BISOGNO DI QUESTO SOFTWARE.&#8221;<\/h4>\n<p><strong>Commenti: <\/strong>Questo software ha ridotto il mio overhead eliminando i server e sfruttando le attrezzature che avevo gi\u00e0. Sono un maniaco del lavoro e poich\u00e9 questo software \u00e8 basato sul web, posso usarlo ovunque. Anche in vacanza, se ho bisogno di spedire un preventivo rapido e non ho nessuno disponibile per farlo. Ho salvato migliaia su Mitchell e tutti i dati. Ps puoi aggiungere le auto dei clienti semplicemente ottenendo il loro numero di targa e vins la macchina per te. Niente pi\u00f9 diteggiatura grassa. Ho usato questo software per un paio d&#8217;anni e continua a migliorare. Il servizio clienti \u00e8 perfetto, cordiale e ben informato. Mi piacerebbe vedere Mitchell farlo.<\/p>\n","protected":false},"excerpt":{"rendered":"<p>Omnique \u00e8 una soluzione di gestione di officine\u00a0di auto basata su cloud adatta per le piccole e medie imprese. La soluzione\u00a0offre varie funzioni tra cui la creazione di preventivi, l&#8217;ordinazione di parti e la pianificazione degli appuntamenti. \u00c8 in grado di integrarsi con i fornitori di componenti locali e consente ai responsabili dei negozi di accedere alle stime del tempo di lavoro.<\/p>\n","protected":false},"author":19,"featured_media":26828,"parent":26440,"menu_order":0,"comment_status":"open","ping_status":"closed","template":"g1_template_page_review_new.php","meta":{"_acf_changed":false,"cwp_meta_box_check":"Yes","cwp_rev_product_name":"","cwp_rev_product_image":"","wppr_links":[],"cwp_rev_price":"","wppr_options":[],"wppr_pros":[],"wppr_cons":[],"_monsterinsights_skip_tracking":false,"_monsterinsights_sitenote_active":false,"_monsterinsights_sitenote_note":"","_monsterinsights_sitenote_category":0,"footnotes":""},"categories":[2818],"tags":[2824,2819,2870,2822,2823,2820,2821],"features":[],"class_list":{"0":"post-26823","1":"page","2":"type-page","3":"status-publish","4":"has-post-thumbnail","6":"category-gestionale-per-officine-cat","7":"tag-auto-management-software","8":"tag-auto-repair","9":"tag-omnique","10":"tag-piattaforma-gestionale-per-officine","11":"tag-programma-gestionale-per-officine","12":"tag-software-gestionale-per-officine","13":"tag-soluzione-gestionale-per-officine"},"wppr_data":{"cwp_meta_box_check":"Yes","cwp_rev_product_name":"","cwp_rev_product_image":"","cwp_image_link":"image","cwp_rev_price":"","wppr_rating":"0.00"},"acf":[],"yoast_head":"<!-- This site is optimized with the Yoast SEO plugin v27.4 - https:\/\/yoast.com\/product\/yoast-seo-wordpress\/ -->\n<title>Omnique: recensione software gestionale per officine - Accurate Reviews<\/title>\n<meta name=\"description\" content=\"Omnique: recensione software gestionale per officine di automobili basata su cloud adatta per le piccole e medie imprese.\" \/>\n<meta name=\"robots\" content=\"index, follow, max-snippet:-1, max-image-preview:large, max-video-preview:-1\" \/>\n<link rel=\"canonical\" href=\"https:\/\/www.accuratereviews.com\/it\/gestionale-per-officine\/omnique-recensione\/\" \/>\n<meta property=\"og:locale\" content=\"it_IT\" \/>\n<meta property=\"og:type\" content=\"article\" \/>\n<meta property=\"og:title\" content=\"Omnique: recensione software gestionale per officine - Accurate Reviews\" \/>\n<meta property=\"og:description\" content=\"Omnique: recensione software gestionale per officine di automobili basata su cloud adatta per le piccole e medie imprese.\" \/>\n<meta property=\"og:url\" content=\"https:\/\/www.accuratereviews.com\/it\/gestionale-per-officine\/omnique-recensione\/\" \/>\n<meta property=\"og:site_name\" content=\"Accurate Reviews\" \/>\n<meta property=\"article:modified_time\" content=\"2020-07-30T09:45:24+00:00\" \/>\n<meta property=\"og:image\" content=\"https:\/\/www.accuratereviews.com\/wp-content\/uploads\/2020\/05\/OMNIQUE.jpg\" \/>\n\t<meta property=\"og:image:width\" content=\"256\" \/>\n\t<meta property=\"og:image:height\" content=\"256\" \/>\n\t<meta property=\"og:image:type\" content=\"image\/jpeg\" \/>\n<meta name=\"twitter:card\" content=\"summary_large_image\" \/>\n<meta name=\"twitter:label1\" content=\"Tempo di lettura stimato\" \/>\n\t<meta name=\"twitter:data1\" content=\"3 minuti\" \/>\n<script type=\"application\/ld+json\" class=\"yoast-schema-graph\">{\"@context\":\"https:\\\/\\\/schema.org\",\"@graph\":[{\"@type\":\"WebPage\",\"@id\":\"https:\\\/\\\/www.accuratereviews.com\\\/it\\\/gestionale-per-officine\\\/omnique-recensione\\\/\",\"url\":\"https:\\\/\\\/www.accuratereviews.com\\\/it\\\/gestionale-per-officine\\\/omnique-recensione\\\/\",\"name\":\"Omnique: recensione software gestionale per officine - Accurate Reviews\",\"isPartOf\":{\"@id\":\"https:\\\/\\\/www.accuratereviews.com\\\/it\\\/#website\"},\"primaryImageOfPage\":{\"@id\":\"https:\\\/\\\/www.accuratereviews.com\\\/it\\\/gestionale-per-officine\\\/omnique-recensione\\\/#primaryimage\"},\"image\":{\"@id\":\"https:\\\/\\\/www.accuratereviews.com\\\/it\\\/gestionale-per-officine\\\/omnique-recensione\\\/#primaryimage\"},\"thumbnailUrl\":\"https:\\\/\\\/www.accuratereviews.com\\\/wp-content\\\/uploads\\\/2020\\\/05\\\/OMNIQUE.jpg\",\"datePublished\":\"2020-05-26T10:05:00+00:00\",\"dateModified\":\"2020-07-30T09:45:24+00:00\",\"description\":\"Omnique: recensione software gestionale per officine di automobili basata su cloud adatta per le piccole e medie imprese.\",\"breadcrumb\":{\"@id\":\"https:\\\/\\\/www.accuratereviews.com\\\/it\\\/gestionale-per-officine\\\/omnique-recensione\\\/#breadcrumb\"},\"inLanguage\":\"it-IT\",\"potentialAction\":[{\"@type\":\"ReadAction\",\"target\":[\"https:\\\/\\\/www.accuratereviews.com\\\/it\\\/gestionale-per-officine\\\/omnique-recensione\\\/\"]}]},{\"@type\":\"ImageObject\",\"inLanguage\":\"it-IT\",\"@id\":\"https:\\\/\\\/www.accuratereviews.com\\\/it\\\/gestionale-per-officine\\\/omnique-recensione\\\/#primaryimage\",\"url\":\"https:\\\/\\\/www.accuratereviews.com\\\/wp-content\\\/uploads\\\/2020\\\/05\\\/OMNIQUE.jpg\",\"contentUrl\":\"https:\\\/\\\/www.accuratereviews.com\\\/wp-content\\\/uploads\\\/2020\\\/05\\\/OMNIQUE.jpg\",\"width\":256,\"height\":256},{\"@type\":\"BreadcrumbList\",\"@id\":\"https:\\\/\\\/www.accuratereviews.com\\\/it\\\/gestionale-per-officine\\\/omnique-recensione\\\/#breadcrumb\",\"itemListElement\":[{\"@type\":\"ListItem\",\"position\":1,\"name\":\"Home\",\"item\":\"https:\\\/\\\/www.accuratereviews.com\\\/it\\\/\"},{\"@type\":\"ListItem\",\"position\":2,\"name\":\"Gestionale per officine\",\"item\":\"https:\\\/\\\/www.accuratereviews.com\\\/it\\\/gestionale-per-officine\\\/\"},{\"@type\":\"ListItem\",\"position\":3,\"name\":\"Omnique\"}]},{\"@type\":\"WebSite\",\"@id\":\"https:\\\/\\\/www.accuratereviews.com\\\/it\\\/#website\",\"url\":\"https:\\\/\\\/www.accuratereviews.com\\\/it\\\/\",\"name\":\"Accurate Reviews\",\"description\":\"\",\"potentialAction\":[{\"@type\":\"SearchAction\",\"target\":{\"@type\":\"EntryPoint\",\"urlTemplate\":\"https:\\\/\\\/www.accuratereviews.com\\\/it\\\/?s={search_term_string}\"},\"query-input\":{\"@type\":\"PropertyValueSpecification\",\"valueRequired\":true,\"valueName\":\"search_term_string\"}}],\"inLanguage\":\"it-IT\"}]}<\/script>\n<!-- \/ Yoast SEO plugin. -->","yoast_head_json":{"title":"Omnique: recensione software gestionale per officine - Accurate Reviews","description":"Omnique: recensione software gestionale per officine di automobili basata su cloud adatta per le piccole e medie imprese.","robots":{"index":"index","follow":"follow","max-snippet":"max-snippet:-1","max-image-preview":"max-image-preview:large","max-video-preview":"max-video-preview:-1"},"canonical":"https:\/\/www.accuratereviews.com\/it\/gestionale-per-officine\/omnique-recensione\/","og_locale":"it_IT","og_type":"article","og_title":"Omnique: recensione software gestionale per officine - Accurate Reviews","og_description":"Omnique: recensione software gestionale per officine di automobili basata su cloud adatta per le piccole e medie imprese.","og_url":"https:\/\/www.accuratereviews.com\/it\/gestionale-per-officine\/omnique-recensione\/","og_site_name":"Accurate Reviews","article_modified_time":"2020-07-30T09:45:24+00:00","og_image":[{"width":256,"height":256,"url":"https:\/\/www.accuratereviews.com\/wp-content\/uploads\/2020\/05\/OMNIQUE.jpg","type":"image\/jpeg"}],"twitter_card":"summary_large_image","twitter_misc":{"Tempo di lettura stimato":"3 minuti"},"schema":{"@context":"https:\/\/schema.org","@graph":[{"@type":"WebPage","@id":"https:\/\/www.accuratereviews.com\/it\/gestionale-per-officine\/omnique-recensione\/","url":"https:\/\/www.accuratereviews.com\/it\/gestionale-per-officine\/omnique-recensione\/","name":"Omnique: recensione software gestionale per officine - Accurate Reviews","isPartOf":{"@id":"https:\/\/www.accuratereviews.com\/it\/#website"},"primaryImageOfPage":{"@id":"https:\/\/www.accuratereviews.com\/it\/gestionale-per-officine\/omnique-recensione\/#primaryimage"},"image":{"@id":"https:\/\/www.accuratereviews.com\/it\/gestionale-per-officine\/omnique-recensione\/#primaryimage"},"thumbnailUrl":"https:\/\/www.accuratereviews.com\/wp-content\/uploads\/2020\/05\/OMNIQUE.jpg","datePublished":"2020-05-26T10:05:00+00:00","dateModified":"2020-07-30T09:45:24+00:00","description":"Omnique: recensione software gestionale per officine di automobili basata su cloud adatta per le piccole e medie imprese.","breadcrumb":{"@id":"https:\/\/www.accuratereviews.com\/it\/gestionale-per-officine\/omnique-recensione\/#breadcrumb"},"inLanguage":"it-IT","potentialAction":[{"@type":"ReadAction","target":["https:\/\/www.accuratereviews.com\/it\/gestionale-per-officine\/omnique-recensione\/"]}]},{"@type":"ImageObject","inLanguage":"it-IT","@id":"https:\/\/www.accuratereviews.com\/it\/gestionale-per-officine\/omnique-recensione\/#primaryimage","url":"https:\/\/www.accuratereviews.com\/wp-content\/uploads\/2020\/05\/OMNIQUE.jpg","contentUrl":"https:\/\/www.accuratereviews.com\/wp-content\/uploads\/2020\/05\/OMNIQUE.jpg","width":256,"height":256},{"@type":"BreadcrumbList","@id":"https:\/\/www.accuratereviews.com\/it\/gestionale-per-officine\/omnique-recensione\/#breadcrumb","itemListElement":[{"@type":"ListItem","position":1,"name":"Home","item":"https:\/\/www.accuratereviews.com\/it\/"},{"@type":"ListItem","position":2,"name":"Gestionale per officine","item":"https:\/\/www.accuratereviews.com\/it\/gestionale-per-officine\/"},{"@type":"ListItem","position":3,"name":"Omnique"}]},{"@type":"WebSite","@id":"https:\/\/www.accuratereviews.com\/it\/#website","url":"https:\/\/www.accuratereviews.com\/it\/","name":"Accurate Reviews","description":"","potentialAction":[{"@type":"SearchAction","target":{"@type":"EntryPoint","urlTemplate":"https:\/\/www.accuratereviews.com\/it\/?s={search_term_string}"},"query-input":{"@type":"PropertyValueSpecification","valueRequired":true,"valueName":"search_term_string"}}],"inLanguage":"it-IT"}]}},"_links":{"self":[{"href":"https:\/\/www.accuratereviews.com\/it\/wp-json\/wp\/v2\/pages\/26823","targetHints":{"allow":["GET"]}}],"collection":[{"href":"https:\/\/www.accuratereviews.com\/it\/wp-json\/wp\/v2\/pages"}],"about":[{"href":"https:\/\/www.accuratereviews.com\/it\/wp-json\/wp\/v2\/types\/page"}],"author":[{"embeddable":true,"href":"https:\/\/www.accuratereviews.com\/it\/wp-json\/wp\/v2\/users\/19"}],"replies":[{"embeddable":true,"href":"https:\/\/www.accuratereviews.com\/it\/wp-json\/wp\/v2\/comments?post=26823"}],"version-history":[{"count":9,"href":"https:\/\/www.accuratereviews.com\/it\/wp-json\/wp\/v2\/pages\/26823\/revisions"}],"predecessor-version":[{"id":29224,"href":"https:\/\/www.accuratereviews.com\/it\/wp-json\/wp\/v2\/pages\/26823\/revisions\/29224"}],"up":[{"embeddable":true,"href":"https:\/\/www.accuratereviews.com\/it\/wp-json\/wp\/v2\/pages\/26440"}],"wp:featuredmedia":[{"embeddable":true,"href":"https:\/\/www.accuratereviews.com\/it\/wp-json\/wp\/v2\/media\/26828"}],"wp:attachment":[{"href":"https:\/\/www.accuratereviews.com\/it\/wp-json\/wp\/v2\/media?parent=26823"}],"wp:term":[{"taxonomy":"category","embeddable":true,"href":"https:\/\/www.accuratereviews.com\/it\/wp-json\/wp\/v2\/categories?post=26823"},{"taxonomy":"post_tag","embeddable":true,"href":"https:\/\/www.accuratereviews.com\/it\/wp-json\/wp\/v2\/tags?post=26823"},{"taxonomy":"features","embeddable":true,"href":"https:\/\/www.accuratereviews.com\/it\/wp-json\/wp\/v2\/features?post=26823"}],"curies":[{"name":"wp","href":"https:\/\/api.w.org\/{rel}","templated":true}]}}