{"id":26906,"date":"2020-05-27T10:26:30","date_gmt":"2020-05-27T10:26:30","guid":{"rendered":"https:\/\/www.accuratereviews.com\/?page_id=26906"},"modified":"2023-09-11T10:00:07","modified_gmt":"2023-09-11T10:00:07","slug":"shop-methods-recensione","status":"publish","type":"page","link":"https:\/\/www.accuratereviews.com\/it\/gestionale-per-officine\/shop-methods-recensione\/","title":{"rendered":"Shop Methods"},"content":{"rendered":"<p><strong>Shop Methods<\/strong> \u00e8 una <strong>soluzione di riparazione automatica<\/strong> basata su <strong>cloud<\/strong> che aiuta i fornitori di servizi di auto come strutture di riparazione, vendita auto, negozi di personalizzazione di macchine e altro ancora a gestire le loro attivit\u00e0 commerciali quotidiane.\u00a0La soluzione fornisce ai proprietari di negozi strumenti per gestire la stima degli ordini di lavoro, le attivit\u00e0 lavorative, le fatture e la comunicazione con i clienti. La funzione di integrazione dell&#8217;API \u00a0consente agli utenti di integrare lo strumento di pianificazione con i siti web e pianificare gli appuntamenti e monitorare lo stato del lavoro svolto sui loro veicoli. Avvisa i responsabili dell&#8217;assistenza e i tecnici tramite SMS o email ogni volta che cambia lo stato di una stima o della fattura. Agli utenti viene inoltre fornita una dashboard centrale che li aiuta a tenere traccia degli ordini attivi, fatture e stime insieme alle risorse.<\/p>\n<h2>SHOP METHODS &#8211; TUTORIAL<\/h2>\n<p>Il tutorial che segue mostra la funzione di monitoraggio del personale con questo <strong>software gestionale per officine:<\/strong><\/p>\n<div id=\"fluid-wrapper-counter-1\" class=\"g1-fluid-wrapper \" style=\"width:686px;\">\n<div style=\"padding-bottom:56.268221574344%;\"><iframe loading=\"lazy\" title=\"Maintaining Time Records\" width=\"686\" height=\"386\" src=\"https:\/\/www.youtube.com\/embed\/D2kFDbWSI94?feature=oembed&amp;wmode=transparent&amp;autohide=1&amp;autoplay=0&amp;disablekb=0&amp;fs=1&amp;loop=0&amp;enablejsapi=1&amp;rel=0&amp;controls=2&amp;showinfo=0&amp;wmode=transparent&amp;autohide=2&amp;autoplay=0&amp;disablekb=0&amp;fs=1&amp;loop=0&amp;enablejsapi=1&amp;rel=0&amp;controls=2&amp;showinfo=1\" frameborder=\"0\" allow=\"accelerometer; autoplay; clipboard-write; encrypted-media; gyroscope; picture-in-picture; web-share\" allowfullscreen><\/iframe><\/div>\n<\/div>\n<h3>SHOP METHODS &#8211; CARATTERISTICHE<\/h3>\n<ul>\n<li>Crea rapidamente preventivi \/ lavori \/ fatture<\/li>\n<li>Facile da gestire attuale elenco di lavoro di documenti aperti<\/li>\n<li>Crea e usa lavori standard<\/li>\n<li>Stime e fatture via email o di testo con un solo clic<\/li>\n<li>Ricerca VIN, ricerca integrata, input scanner<\/li>\n<li>Caricamento di immagini \/ video \/ PDfs, qualsiasi file elettronico<\/li>\n<li>Crea fatture di archiviazione<\/li>\n<li>Comunicare con i clienti su preventivi, lavori e fatture<\/li>\n<li>Conferma gli appuntamenti dei clienti dal tuo smartphone<\/li>\n<li>Analisi del profitto su tutte le stime e lavori<\/li>\n<li>Tieni traccia dell&#8217;inventario\u00a0e aggiornamento automatico in sistemi finanziari esterni come Quick Books Online<\/li>\n<li>Generazione automatica di ordini di acquisto e invio tramite email ai fornitori<\/li>\n<li>Visualizza il tempo del tecnico addetto alle attivit\u00e0<\/li>\n<li>Traccia il clock degli impiegati in \/ out<\/li>\n<li>Visualizza il calendario grafico per la pianificazione dei lavori tra le risorse<\/li>\n<li>Moduli, comunicazioni e rapporti personalizzati<\/li>\n<li>Crea pi\u00f9 fatture per un determinato lavoro<\/li>\n<li>Raccogli pi\u00f9 pagamenti di una variet\u00e0 di tipi di pagamento per ciascuna fattura<\/li>\n<li>Crea preventivi direttamente dagli appuntamenti dei clienti<\/li>\n<li>Rapporti notturni automatici, iscriviti ai rapporti che desideri vengano consegnati ogni mattina<\/li>\n<li>Invio automatico via email e sms di documenti a responsabili di negozio, tecnici e clienti<\/li>\n<\/ul>\n<h4>LE RECENSIONE DEGLI UTENTI<\/h4>\n<h4 class=\"font-weight-bold my-1 d-flex align-items-center\">Ronny M.\u00a0&#8220;Software di gestione dei negozi molto semplice e inclusivo con elevata versatilit\u00e0.&#8221;<\/h4>\n<p><strong>Commenti: <\/strong>Ottima gestione dei dati con immagini di revisione di fine anno semplicissime che consentono una facile impostazione fiscale.<\/p>\n<p><strong>Vantaggi: <\/strong>L&#8217;assistenza clienti \u00e8 molto reattiva. Eventuali problemi vengono risolti entro 24-48 ore e anche prima dell&#8217;applicazione della patch, viene concessa una soluzione per il caso difettoso molto prima. \u00c8 un sistema intuitivo con navigazione molto chiara e grande facilit\u00e0 d&#8217;uso.<\/p>\n<p><strong>Inconvenienti: <\/strong>Se qualcosa dovesse essere migliorato, sarebbe l&#8217;implementazione di una GUI pi\u00f9 colorata.<\/p>\n<h4 class=\"font-weight-bold my-1 d-flex align-items-center\">Allen B.\u00a0&#8220;NON POTREI ESSERE PI\u00d9 FELICE&#8221;<\/h4>\n<p><strong>Commenti: <\/strong>Il servizio clienti \u00e8 fantastico. Hanno impiegato tutto il tempo necessario per allenarmi e insegnarmi come utilizzare il sistema per essere il pi\u00f9 efficiente. ogni cambiamento che ho avuto bisogno di fare sono stati in grado di prendermi cura prontamente.<\/p>\n<p><strong>Vantaggi: <\/strong>Il software basato su Internet mi consente di accedere alle informazioni di cui ho bisogno ovunque mi trovo, il che \u00e8 importante quando gestisco un&#8217;azienda mobile<\/p>\n<p><strong>Inconvenienti: <\/strong>Vorrei che fosse pi\u00f9 veloce ma penso che abbia pi\u00f9 a che fare con il mio set up quindi con qualsiasi altra cosa.<\/p>\n<h4 class=\"font-weight-bold my-1 d-flex align-items-center\">Roger M.&#8221;Revisione dei metodi di acquisto&#8221;<\/h4>\n<p><strong>Commenti: <\/strong>I metodi di acquisto sono stati uno strumento molto utile per avviare la mia attivit\u00e0, \u00e8 facile da usare e ben organizzato. Mi evita di dover inserire informazioni pi\u00f9 volte e fa la maggior parte del lavoro per me. Tutto quello che devi fare \u00e8 creare il preventivo da l\u00ec il sistema si occupa del resto delle scartoffie, compresa la possibilit\u00e0 di prendere il pagamento direttamente dal programma<\/p>\n<p><strong>Vantaggi: <\/strong>Quello che mi piace di pi\u00f9 di questo software \u00e8 la pagina principale, che mi d\u00e0 la possibilit\u00e0 di rivedere rapidamente tutte le fatture aperte, le stime e i lavori in corso. Inoltre mostra riepiloghi delle entrate, delle fatture e dei pagamenti facili da visualizzare.<\/p>\n<p><strong>Inconvenienti: <\/strong>Finora quello che mi piace di meno di questo software sarebbe il sistema di gestione dell&#8217;inventario e p.o. redigere. Ma non sto ancora usando quelle funzionalit\u00e0<\/p>\n","protected":false},"excerpt":{"rendered":"<p>Shop Methods \u00e8 una soluzione di riparazione automatica basata su cloud che aiuta i fornitori di servizi di auto come strutture di riparazione, vendita auto, negozi di personalizzazione di macchine e altro ancora a gestire le loro attivit\u00e0 commerciali quotidiane.\u00a0La soluzione fornisce ai proprietari di negozi strumenti per gestire la stima degli ordini di lavoro, le attivit\u00e0 lavorative, le fatture e la comunicazione con i clienti.<\/p>\n","protected":false},"author":19,"featured_media":26908,"parent":26440,"menu_order":0,"comment_status":"closed","ping_status":"closed","template":"g1_template_page_review_new.php","meta":{"_acf_changed":false,"cwp_meta_box_check":"Yes","cwp_rev_product_name":"","cwp_rev_product_image":"","wppr_links":[],"cwp_rev_price":"","wppr_options":[{"name":"Usability","value":"0"},{"name":"Speed","value":"0"},{"name":"Features","value":"0"},{"name":"Support","value":"0"},{"name":"Pricing","value":"0"}],"wppr_pros":["","","","",""],"wppr_cons":["","","","",""],"_monsterinsights_skip_tracking":false,"_monsterinsights_sitenote_active":false,"_monsterinsights_sitenote_note":"","_monsterinsights_sitenote_category":0,"footnotes":""},"categories":[2818],"tags":[2824,2819,396,2822,2823,2873,2820,2821],"features":[],"class_list":{"0":"post-26906","1":"page","2":"type-page","3":"status-publish","4":"has-post-thumbnail","6":"category-gestionale-per-officine-cat","7":"tag-auto-management-software","8":"tag-auto-repair","9":"tag-cloud","10":"tag-piattaforma-gestionale-per-officine","11":"tag-programma-gestionale-per-officine","12":"tag-shop-methods","13":"tag-software-gestionale-per-officine","14":"tag-soluzione-gestionale-per-officine"},"wppr_data":{"cwp_meta_box_check":"Yes","cwp_rev_product_name":"","_wppr_review_template":"default","cwp_rev_product_image":"","cwp_image_link":"image","wppr_links":[],"cwp_rev_price":"","wppr_pros":["","","","",""],"wppr_cons":["","","","",""],"wppr_rating":"0.00","wppr_options":{"1":{"name":"Usability","value":"0"},"2":{"name":"Speed","value":"0"},"3":{"name":"Features","value":"0"},"4":{"name":"Support","value":"0"},"5":{"name":"Pricing","value":"0"}},"wppr_review_type":"Product","wppr_review_custom_fields":{"additionalProperty":"","additionalType":"","aggregateRating":"","alternateName":"","audience":"","award":"","awards":"","brand":"","color":"","depth":"","description":"","disambiguatingDescription":"","gtin12":"","gtin13":"","gtin14":"","gtin8":"","height":"","identifier":"","image":"","isAccessoryOrSparePartFor":"","isConsumableFor":"","isRelatedTo":"","isSimilarTo":"","itemCondition":"","logo":"","mainEntityOfPage":"","manufacturer":"","material":"","model":"","mpn":"","name":"","offers":"","potentialAction":"","productID":"","productionDate":"","purchaseDate":"","releaseDate":"","review":"","reviews":"","sameAs":"","sku":"","slogan":"","subjectOf":"","url":"","weight":"","width":""}},"acf":[],"yoast_head":"<!-- This site is optimized with the Yoast SEO plugin v27.4 - https:\/\/yoast.com\/product\/yoast-seo-wordpress\/ -->\n<title>Shop Methods: recensione software gestionale officine - Accurate Reviews<\/title>\n<meta name=\"description\" content=\"Shop Methods: recensione soluzione di riparazione automatica basata su cloud che aiuta i fornitori di servizi di auto\" \/>\n<meta name=\"robots\" content=\"index, follow, max-snippet:-1, max-image-preview:large, max-video-preview:-1\" \/>\n<link rel=\"canonical\" href=\"https:\/\/www.accuratereviews.com\/it\/gestionale-per-officine\/shop-methods-recensione\/\" \/>\n<meta property=\"og:locale\" content=\"it_IT\" \/>\n<meta property=\"og:type\" content=\"article\" \/>\n<meta property=\"og:title\" content=\"Shop Methods: recensione software gestionale officine - Accurate Reviews\" \/>\n<meta property=\"og:description\" content=\"Shop Methods: recensione soluzione di riparazione automatica basata su cloud che aiuta i fornitori di servizi di auto\" \/>\n<meta property=\"og:url\" content=\"https:\/\/www.accuratereviews.com\/it\/gestionale-per-officine\/shop-methods-recensione\/\" \/>\n<meta property=\"og:site_name\" content=\"Accurate Reviews\" \/>\n<meta property=\"article:modified_time\" content=\"2023-09-11T10:00:07+00:00\" \/>\n<meta property=\"og:image\" content=\"https:\/\/www.accuratereviews.com\/wp-content\/uploads\/2020\/05\/Shop-Methods-Software.png\" \/>\n\t<meta property=\"og:image:width\" content=\"310\" \/>\n\t<meta property=\"og:image:height\" content=\"234\" \/>\n\t<meta property=\"og:image:type\" content=\"image\/png\" \/>\n<meta name=\"twitter:card\" content=\"summary_large_image\" \/>\n<meta name=\"twitter:label1\" content=\"Tempo di lettura stimato\" \/>\n\t<meta name=\"twitter:data1\" content=\"4 minuti\" \/>\n<script type=\"application\/ld+json\" class=\"yoast-schema-graph\">{\"@context\":\"https:\\\/\\\/schema.org\",\"@graph\":[{\"@type\":\"WebPage\",\"@id\":\"https:\\\/\\\/www.accuratereviews.com\\\/it\\\/gestionale-per-officine\\\/shop-methods-recensione\\\/\",\"url\":\"https:\\\/\\\/www.accuratereviews.com\\\/it\\\/gestionale-per-officine\\\/shop-methods-recensione\\\/\",\"name\":\"Shop Methods: recensione software gestionale officine - Accurate Reviews\",\"isPartOf\":{\"@id\":\"https:\\\/\\\/www.accuratereviews.com\\\/it\\\/#website\"},\"primaryImageOfPage\":{\"@id\":\"https:\\\/\\\/www.accuratereviews.com\\\/it\\\/gestionale-per-officine\\\/shop-methods-recensione\\\/#primaryimage\"},\"image\":{\"@id\":\"https:\\\/\\\/www.accuratereviews.com\\\/it\\\/gestionale-per-officine\\\/shop-methods-recensione\\\/#primaryimage\"},\"thumbnailUrl\":\"https:\\\/\\\/www.accuratereviews.com\\\/wp-content\\\/uploads\\\/2020\\\/05\\\/Shop-Methods-Software.png\",\"datePublished\":\"2020-05-27T10:26:30+00:00\",\"dateModified\":\"2023-09-11T10:00:07+00:00\",\"description\":\"Shop Methods: recensione soluzione di riparazione automatica basata su cloud che aiuta i fornitori di servizi di auto\",\"breadcrumb\":{\"@id\":\"https:\\\/\\\/www.accuratereviews.com\\\/it\\\/gestionale-per-officine\\\/shop-methods-recensione\\\/#breadcrumb\"},\"inLanguage\":\"it-IT\",\"potentialAction\":[{\"@type\":\"ReadAction\",\"target\":[\"https:\\\/\\\/www.accuratereviews.com\\\/it\\\/gestionale-per-officine\\\/shop-methods-recensione\\\/\"]}]},{\"@type\":\"ImageObject\",\"inLanguage\":\"it-IT\",\"@id\":\"https:\\\/\\\/www.accuratereviews.com\\\/it\\\/gestionale-per-officine\\\/shop-methods-recensione\\\/#primaryimage\",\"url\":\"https:\\\/\\\/www.accuratereviews.com\\\/wp-content\\\/uploads\\\/2020\\\/05\\\/Shop-Methods-Software.png\",\"contentUrl\":\"https:\\\/\\\/www.accuratereviews.com\\\/wp-content\\\/uploads\\\/2020\\\/05\\\/Shop-Methods-Software.png\",\"width\":310,\"height\":234},{\"@type\":\"BreadcrumbList\",\"@id\":\"https:\\\/\\\/www.accuratereviews.com\\\/it\\\/gestionale-per-officine\\\/shop-methods-recensione\\\/#breadcrumb\",\"itemListElement\":[{\"@type\":\"ListItem\",\"position\":1,\"name\":\"Home\",\"item\":\"https:\\\/\\\/www.accuratereviews.com\\\/it\\\/\"},{\"@type\":\"ListItem\",\"position\":2,\"name\":\"Gestionale per officine\",\"item\":\"https:\\\/\\\/www.accuratereviews.com\\\/it\\\/gestionale-per-officine\\\/\"},{\"@type\":\"ListItem\",\"position\":3,\"name\":\"Shop Methods\"}]},{\"@type\":\"WebSite\",\"@id\":\"https:\\\/\\\/www.accuratereviews.com\\\/it\\\/#website\",\"url\":\"https:\\\/\\\/www.accuratereviews.com\\\/it\\\/\",\"name\":\"Accurate Reviews\",\"description\":\"\",\"potentialAction\":[{\"@type\":\"SearchAction\",\"target\":{\"@type\":\"EntryPoint\",\"urlTemplate\":\"https:\\\/\\\/www.accuratereviews.com\\\/it\\\/?s={search_term_string}\"},\"query-input\":{\"@type\":\"PropertyValueSpecification\",\"valueRequired\":true,\"valueName\":\"search_term_string\"}}],\"inLanguage\":\"it-IT\"}]}<\/script>\n<!-- \/ Yoast SEO plugin. -->","yoast_head_json":{"title":"Shop Methods: recensione software gestionale officine - Accurate Reviews","description":"Shop Methods: recensione soluzione di riparazione automatica basata su cloud che aiuta i fornitori di servizi di auto","robots":{"index":"index","follow":"follow","max-snippet":"max-snippet:-1","max-image-preview":"max-image-preview:large","max-video-preview":"max-video-preview:-1"},"canonical":"https:\/\/www.accuratereviews.com\/it\/gestionale-per-officine\/shop-methods-recensione\/","og_locale":"it_IT","og_type":"article","og_title":"Shop Methods: recensione software gestionale officine - Accurate Reviews","og_description":"Shop Methods: recensione soluzione di riparazione automatica basata su cloud che aiuta i fornitori di servizi di auto","og_url":"https:\/\/www.accuratereviews.com\/it\/gestionale-per-officine\/shop-methods-recensione\/","og_site_name":"Accurate Reviews","article_modified_time":"2023-09-11T10:00:07+00:00","og_image":[{"width":310,"height":234,"url":"https:\/\/www.accuratereviews.com\/wp-content\/uploads\/2020\/05\/Shop-Methods-Software.png","type":"image\/png"}],"twitter_card":"summary_large_image","twitter_misc":{"Tempo di lettura stimato":"4 minuti"},"schema":{"@context":"https:\/\/schema.org","@graph":[{"@type":"WebPage","@id":"https:\/\/www.accuratereviews.com\/it\/gestionale-per-officine\/shop-methods-recensione\/","url":"https:\/\/www.accuratereviews.com\/it\/gestionale-per-officine\/shop-methods-recensione\/","name":"Shop Methods: recensione software gestionale officine - Accurate Reviews","isPartOf":{"@id":"https:\/\/www.accuratereviews.com\/it\/#website"},"primaryImageOfPage":{"@id":"https:\/\/www.accuratereviews.com\/it\/gestionale-per-officine\/shop-methods-recensione\/#primaryimage"},"image":{"@id":"https:\/\/www.accuratereviews.com\/it\/gestionale-per-officine\/shop-methods-recensione\/#primaryimage"},"thumbnailUrl":"https:\/\/www.accuratereviews.com\/wp-content\/uploads\/2020\/05\/Shop-Methods-Software.png","datePublished":"2020-05-27T10:26:30+00:00","dateModified":"2023-09-11T10:00:07+00:00","description":"Shop Methods: recensione soluzione di riparazione automatica basata su cloud che aiuta i fornitori di servizi di auto","breadcrumb":{"@id":"https:\/\/www.accuratereviews.com\/it\/gestionale-per-officine\/shop-methods-recensione\/#breadcrumb"},"inLanguage":"it-IT","potentialAction":[{"@type":"ReadAction","target":["https:\/\/www.accuratereviews.com\/it\/gestionale-per-officine\/shop-methods-recensione\/"]}]},{"@type":"ImageObject","inLanguage":"it-IT","@id":"https:\/\/www.accuratereviews.com\/it\/gestionale-per-officine\/shop-methods-recensione\/#primaryimage","url":"https:\/\/www.accuratereviews.com\/wp-content\/uploads\/2020\/05\/Shop-Methods-Software.png","contentUrl":"https:\/\/www.accuratereviews.com\/wp-content\/uploads\/2020\/05\/Shop-Methods-Software.png","width":310,"height":234},{"@type":"BreadcrumbList","@id":"https:\/\/www.accuratereviews.com\/it\/gestionale-per-officine\/shop-methods-recensione\/#breadcrumb","itemListElement":[{"@type":"ListItem","position":1,"name":"Home","item":"https:\/\/www.accuratereviews.com\/it\/"},{"@type":"ListItem","position":2,"name":"Gestionale per officine","item":"https:\/\/www.accuratereviews.com\/it\/gestionale-per-officine\/"},{"@type":"ListItem","position":3,"name":"Shop Methods"}]},{"@type":"WebSite","@id":"https:\/\/www.accuratereviews.com\/it\/#website","url":"https:\/\/www.accuratereviews.com\/it\/","name":"Accurate Reviews","description":"","potentialAction":[{"@type":"SearchAction","target":{"@type":"EntryPoint","urlTemplate":"https:\/\/www.accuratereviews.com\/it\/?s={search_term_string}"},"query-input":{"@type":"PropertyValueSpecification","valueRequired":true,"valueName":"search_term_string"}}],"inLanguage":"it-IT"}]}},"_links":{"self":[{"href":"https:\/\/www.accuratereviews.com\/it\/wp-json\/wp\/v2\/pages\/26906","targetHints":{"allow":["GET"]}}],"collection":[{"href":"https:\/\/www.accuratereviews.com\/it\/wp-json\/wp\/v2\/pages"}],"about":[{"href":"https:\/\/www.accuratereviews.com\/it\/wp-json\/wp\/v2\/types\/page"}],"author":[{"embeddable":true,"href":"https:\/\/www.accuratereviews.com\/it\/wp-json\/wp\/v2\/users\/19"}],"replies":[{"embeddable":true,"href":"https:\/\/www.accuratereviews.com\/it\/wp-json\/wp\/v2\/comments?post=26906"}],"version-history":[{"count":3,"href":"https:\/\/www.accuratereviews.com\/it\/wp-json\/wp\/v2\/pages\/26906\/revisions"}],"predecessor-version":[{"id":71815,"href":"https:\/\/www.accuratereviews.com\/it\/wp-json\/wp\/v2\/pages\/26906\/revisions\/71815"}],"up":[{"embeddable":true,"href":"https:\/\/www.accuratereviews.com\/it\/wp-json\/wp\/v2\/pages\/26440"}],"wp:featuredmedia":[{"embeddable":true,"href":"https:\/\/www.accuratereviews.com\/it\/wp-json\/wp\/v2\/media\/26908"}],"wp:attachment":[{"href":"https:\/\/www.accuratereviews.com\/it\/wp-json\/wp\/v2\/media?parent=26906"}],"wp:term":[{"taxonomy":"category","embeddable":true,"href":"https:\/\/www.accuratereviews.com\/it\/wp-json\/wp\/v2\/categories?post=26906"},{"taxonomy":"post_tag","embeddable":true,"href":"https:\/\/www.accuratereviews.com\/it\/wp-json\/wp\/v2\/tags?post=26906"},{"taxonomy":"features","embeddable":true,"href":"https:\/\/www.accuratereviews.com\/it\/wp-json\/wp\/v2\/features?post=26906"}],"curies":[{"name":"wp","href":"https:\/\/api.w.org\/{rel}","templated":true}]}}