{"id":26918,"date":"2020-05-28T12:19:04","date_gmt":"2020-05-28T12:19:04","guid":{"rendered":"https:\/\/www.accuratereviews.com\/?page_id=26918"},"modified":"2020-07-30T11:08:24","modified_gmt":"2020-07-30T11:08:24","slug":"carvue-recensione","status":"publish","type":"page","link":"https:\/\/www.accuratereviews.com\/it\/gestionale-per-officine\/carvue-recensione\/","title":{"rendered":"CarVue"},"content":{"rendered":"<p><strong>CarVue<\/strong> \u00e8 un <strong>software gestionale per officine<\/strong> basato sul web in cui i proprietari di autorimesse, concessionarie o altre attivit\u00e0 incentrate sulle auto possono organizzare la propria attivit\u00e0 sul proprio desktop, telefono o tablet. Con questa soluzione l&#8217;utente \u00e8 in grado di creare un account con la propria email e importare le informazioni del veicolo e dei clienti nel software per iniziare a tenere traccia di tutto per la propria attivit\u00e0. <strong>CarVue<\/strong>\u00a0permette di visualizzare l&#8217;andamento delle vendite del mese corrente e passato tenendo un registro delle vendite e suddividendolo in codici di conto nominali. Il software inoltre \u00e8 anche in grado di personalizzare la propria dashboard per tenere sotto controllo le entrate e le uscite della propria attivit\u00e0. <strong>CarVue<\/strong> offre molte opzioni diverse per la comunicazione tra l&#8217;utente, i suoi clienti e i loro fornitori, inclusi messaggi di testo, email o social media.<\/p>\n<h2>CARVUE &#8211; TUTORIAL<\/h2>\n<p>Ecco un tutorial in cui illustra le principali funzioni di questo <strong>software gestionale per officine<\/strong>:<\/p>\n<div id=\"fluid-wrapper-counter-1\" class=\"g1-fluid-wrapper \" style=\"width:686px;\">\n<div style=\"padding-bottom:56.268221574344%;\"><iframe loading=\"lazy\" title=\"Welcome to CarVue: A Global Workshop management system in the cloud\" width=\"686\" height=\"386\" src=\"https:\/\/www.youtube.com\/embed\/hkw7r_t_d7s?feature=oembed&amp;wmode=transparent&amp;autohide=1&amp;autoplay=0&amp;disablekb=0&amp;fs=1&amp;loop=0&amp;enablejsapi=1&amp;rel=0&amp;controls=2&amp;showinfo=0&amp;wmode=transparent&amp;autohide=2&amp;autoplay=0&amp;disablekb=0&amp;fs=1&amp;loop=0&amp;enablejsapi=1&amp;rel=0&amp;controls=2&amp;showinfo=1\" frameborder=\"0\" allow=\"accelerometer; autoplay; encrypted-media; gyroscope; picture-in-picture\" allowfullscreen><\/iframe><\/div>\n<\/div>\n<h3>CARVUE &#8211; CARATTERISTICHE<\/h3>\n<ul>\n<li><strong>Importazioni facili<\/strong>: importa rapidamente le tue liste clienti da un file Excel con una procedura guidata di importazione intelligente<\/li>\n<li><strong>Rich Records<\/strong>: scegli quante informazioni vuoi conservare sul tuo cliente e aggiungine altre quando vuoi<\/li>\n<li><strong>Cronologia dei servizi<\/strong>: consulta le registrazioni dei lavori effettuati in officina, i valori e le fatture dei clienti e storici<\/li>\n<li><strong>Messaggistica:<\/strong> invia messaggi da e verso i tuoi clienti e ricevi immediatamente risposte<\/li>\n<li><strong>Azioni rapide<\/strong>: aggiungi rapidamente un record di veicolo, carta di lavoro, fattura, acquisto, email, credito o stock per un cliente<\/li>\n<li><strong>Esportazioni dei clienti<\/strong>: utilizza la procedura guidata Esporta per estrarre clienti e veicoli in un foglio di calcolo Excel<\/li>\n<li><strong>Veicoli<\/strong>: inserisci rapidamente le auto utilizzando le ricerche DVLA reg, aggiungi informazioni importanti e crea record di veicoli ricchi<\/li>\n<li><strong>Prodotti<\/strong>: Conservare le parti del garage, i servizi e gli accessori per l&#8217;uso su lavori, preventivi e fatture<\/li>\n<li><strong>Rapporti<\/strong>: ottieni informazioni dettagliate sul rendimento del tuo laboratorio o delle vendite con grafici e fogli di calcolo scaricabili<\/li>\n<\/ul>\n<h4>LE RECENSIONI DEGLI UTENTI<\/h4>\n<h4 class=\"font-weight-bold my-1 d-flex align-items-center\">Aaron K.&#8221;Software eccellente che ci sta aiutando a caricare in Messico!&#8221;<\/h4>\n<p><strong>Commenti: <\/strong>Spero davvero che tu possa aggiungere alcune funzionalit\u00e0 in pi\u00f9 all&#8217;applicazione come tracciare le attivit\u00e0 di dipendenti \/ meccanici in modo pi\u00f9 efficace in modo che tutti sappiano esattamente dove, cosa e quando fare le cose. Ci\u00f2 aiuterebbe molto a migliorare l&#8217;efficienza complessiva dei posti di lavoro e dei profitti. Questa \u00e8 l&#8217;unica cosa che mi piacerebbe davvero vedere in futuro. Altrimenti \u00e8 fantastico e non vedo l&#8217;ora di utilizzare BayConnect e migliorare l&#8217;esperienza del cliente.<\/p>\n<p><strong>Vantaggi: <\/strong>facile da usare,\u00a0altamente personalizzabile,\u00a0multilingue, ottimo per l&#8217;ufficio,\u00a0automatizza i processi dell&#8217;ufficio,\u00a0ottime statistiche e rapporti<\/p>\n<p><strong>Inconvenienti: <\/strong>nessuna attivit\u00e0 di tracciamento e assegnazione,\u00a0i meccanici non beneficiano realmente di CarVue,\u00a0diretto solo al back office e all&#8217;amministrazione,\u00a0non \u00e8 in grado di aumentare l&#8217;efficienza dei meccanici perch\u00e9 non sono integrati<\/p>\n<h4 class=\"font-weight-bold my-1 d-flex align-items-center\">Byron G.&#8221;Beatitudine aziendale&#8221;<\/h4>\n<p><strong>Commenti: <\/strong>Adoro questo programma! Vorrei che ci potesse essere un&#8217;app per smartphone per completarne l&#8217;uso mentre si \u00e8 sul campo! Questo ha davvero diversificato la mia attivit\u00e0 e non posso immaginare di non averla pi\u00f9!<\/p>\n<p><strong>Vantaggi: <\/strong>Qualunque cosa!<\/p>\n<p><strong>Inconvenienti: <\/strong>Restrizione per smartphone, disponibile solo online.<\/p>\n<h4 class=\"font-weight-bold my-1 d-flex align-items-center\">Sharon R.&#8221;Buono ma ha bisogno di qualche tweek&#8221;<\/h4>\n<p><strong>Commenti: <\/strong>Nel complesso \u00e8 stata una bella esperienza. Il sistema potrebbe fare con qualche tweeks, primo dovrebbe essere che una fattura impegnata pu\u00f2 essere modificata se necessario. A volte, quando si fa un lungo conto, si possono fare errori e una volta commesso non \u00e8 possibile cambiarlo a parte l&#8217;eliminazione e il riavvio. Inoltre, la funzione di testo pu\u00f2 essere eseguita solo tramite il numero di registro (potremmo essere noi, ma ogni volta che proviamo per nome del cliente non viene mai inviato). Un buon sistema nel complesso, mantiene tutto in un unico posto e facile da usare<\/p>\n<p><strong>Vantaggi: <\/strong>Facilit\u00e0 d&#8217;uso<\/p>\n<p><strong>Inconvenienti: <\/strong>Non essere in grado di modificare una fattura impegnata<\/p>\n<p>&nbsp;<\/p>\n<p>&nbsp;<\/p>\n","protected":false},"excerpt":{"rendered":"<p>CarVue \u00e8 un software gestionale per officine basato sul Web in cui i proprietari di autorimesse, concessionarie o altre attivit\u00e0 incentrate sulle auto possono organizzare la propria attivit\u00e0 sul proprio desktop, telefono o tablet. Con questa soluzione l&#8217;utente \u00e8 in grado di creare un account con la propria email e importare le informazioni del veicolo e dei clienti nel software per iniziare a tenere traccia di tutto per la propria attivit\u00e0.<\/p>\n","protected":false},"author":19,"featured_media":26919,"parent":26440,"menu_order":0,"comment_status":"open","ping_status":"closed","template":"g1_template_page_review_new.php","meta":{"_acf_changed":false,"cwp_meta_box_check":"Yes","cwp_rev_product_name":"","cwp_rev_product_image":"","wppr_links":[],"cwp_rev_price":"","wppr_options":[],"wppr_pros":[],"wppr_cons":[],"_monsterinsights_skip_tracking":false,"_monsterinsights_sitenote_active":false,"_monsterinsights_sitenote_note":"","_monsterinsights_sitenote_category":0,"footnotes":""},"categories":[2818],"tags":[2824,2819,2875,2822,2823,2820,2821],"features":[],"class_list":{"0":"post-26918","1":"page","2":"type-page","3":"status-publish","4":"has-post-thumbnail","6":"category-gestionale-per-officine-cat","7":"tag-auto-management-software","8":"tag-auto-repair","9":"tag-carvue","10":"tag-piattaforma-gestionale-per-officine","11":"tag-programma-gestionale-per-officine","12":"tag-software-gestionale-per-officine","13":"tag-soluzione-gestionale-per-officine"},"wppr_data":{"cwp_meta_box_check":"Yes","cwp_rev_product_name":"","cwp_rev_product_image":"","cwp_image_link":"image","cwp_rev_price":"","wppr_rating":"0.00"},"acf":[],"yoast_head":"<!-- This site is optimized with the Yoast SEO plugin v27.4 - https:\/\/yoast.com\/product\/yoast-seo-wordpress\/ -->\n<title>CarVue: recensione software gestionale per officine - Accurate Reviews<\/title>\n<meta name=\"description\" content=\"CarVue: recensione software gestionale per officine basato sul Web in cui gli utenti possono organizzare l&#039; attivit\u00e0 sul proprio desktop, telefono o tablet.\" \/>\n<meta name=\"robots\" content=\"index, follow, max-snippet:-1, max-image-preview:large, max-video-preview:-1\" \/>\n<link rel=\"canonical\" href=\"https:\/\/www.accuratereviews.com\/it\/gestionale-per-officine\/carvue-recensione\/\" \/>\n<meta property=\"og:locale\" content=\"it_IT\" \/>\n<meta property=\"og:type\" content=\"article\" \/>\n<meta property=\"og:title\" content=\"CarVue: recensione software gestionale per officine - Accurate Reviews\" \/>\n<meta property=\"og:description\" content=\"CarVue: recensione software gestionale per officine basato sul Web in cui gli utenti possono organizzare l&#039; attivit\u00e0 sul proprio desktop, telefono o tablet.\" \/>\n<meta property=\"og:url\" content=\"https:\/\/www.accuratereviews.com\/it\/gestionale-per-officine\/carvue-recensione\/\" \/>\n<meta property=\"og:site_name\" content=\"Accurate Reviews\" \/>\n<meta property=\"article:modified_time\" content=\"2020-07-30T11:08:24+00:00\" \/>\n<meta property=\"og:image\" content=\"https:\/\/www.accuratereviews.com\/wp-content\/uploads\/2020\/05\/Carvue.png\" \/>\n\t<meta property=\"og:image:width\" content=\"225\" \/>\n\t<meta property=\"og:image:height\" content=\"225\" \/>\n\t<meta property=\"og:image:type\" content=\"image\/png\" \/>\n<meta name=\"twitter:card\" content=\"summary_large_image\" \/>\n<meta name=\"twitter:label1\" content=\"Tempo di lettura stimato\" \/>\n\t<meta name=\"twitter:data1\" content=\"3 minuti\" \/>\n<script type=\"application\/ld+json\" class=\"yoast-schema-graph\">{\"@context\":\"https:\\\/\\\/schema.org\",\"@graph\":[{\"@type\":\"WebPage\",\"@id\":\"https:\\\/\\\/www.accuratereviews.com\\\/it\\\/gestionale-per-officine\\\/carvue-recensione\\\/\",\"url\":\"https:\\\/\\\/www.accuratereviews.com\\\/it\\\/gestionale-per-officine\\\/carvue-recensione\\\/\",\"name\":\"CarVue: recensione software gestionale per officine - Accurate Reviews\",\"isPartOf\":{\"@id\":\"https:\\\/\\\/www.accuratereviews.com\\\/it\\\/#website\"},\"primaryImageOfPage\":{\"@id\":\"https:\\\/\\\/www.accuratereviews.com\\\/it\\\/gestionale-per-officine\\\/carvue-recensione\\\/#primaryimage\"},\"image\":{\"@id\":\"https:\\\/\\\/www.accuratereviews.com\\\/it\\\/gestionale-per-officine\\\/carvue-recensione\\\/#primaryimage\"},\"thumbnailUrl\":\"https:\\\/\\\/www.accuratereviews.com\\\/wp-content\\\/uploads\\\/2020\\\/05\\\/Carvue.png\",\"datePublished\":\"2020-05-28T12:19:04+00:00\",\"dateModified\":\"2020-07-30T11:08:24+00:00\",\"description\":\"CarVue: recensione software gestionale per officine basato sul Web in cui gli utenti possono organizzare l' attivit\u00e0 sul proprio desktop, telefono o tablet.\",\"breadcrumb\":{\"@id\":\"https:\\\/\\\/www.accuratereviews.com\\\/it\\\/gestionale-per-officine\\\/carvue-recensione\\\/#breadcrumb\"},\"inLanguage\":\"it-IT\",\"potentialAction\":[{\"@type\":\"ReadAction\",\"target\":[\"https:\\\/\\\/www.accuratereviews.com\\\/it\\\/gestionale-per-officine\\\/carvue-recensione\\\/\"]}]},{\"@type\":\"ImageObject\",\"inLanguage\":\"it-IT\",\"@id\":\"https:\\\/\\\/www.accuratereviews.com\\\/it\\\/gestionale-per-officine\\\/carvue-recensione\\\/#primaryimage\",\"url\":\"https:\\\/\\\/www.accuratereviews.com\\\/wp-content\\\/uploads\\\/2020\\\/05\\\/Carvue.png\",\"contentUrl\":\"https:\\\/\\\/www.accuratereviews.com\\\/wp-content\\\/uploads\\\/2020\\\/05\\\/Carvue.png\",\"width\":225,\"height\":225},{\"@type\":\"BreadcrumbList\",\"@id\":\"https:\\\/\\\/www.accuratereviews.com\\\/it\\\/gestionale-per-officine\\\/carvue-recensione\\\/#breadcrumb\",\"itemListElement\":[{\"@type\":\"ListItem\",\"position\":1,\"name\":\"Home\",\"item\":\"https:\\\/\\\/www.accuratereviews.com\\\/it\\\/\"},{\"@type\":\"ListItem\",\"position\":2,\"name\":\"Gestionale per officine\",\"item\":\"https:\\\/\\\/www.accuratereviews.com\\\/it\\\/gestionale-per-officine\\\/\"},{\"@type\":\"ListItem\",\"position\":3,\"name\":\"CarVue\"}]},{\"@type\":\"WebSite\",\"@id\":\"https:\\\/\\\/www.accuratereviews.com\\\/it\\\/#website\",\"url\":\"https:\\\/\\\/www.accuratereviews.com\\\/it\\\/\",\"name\":\"Accurate Reviews\",\"description\":\"\",\"potentialAction\":[{\"@type\":\"SearchAction\",\"target\":{\"@type\":\"EntryPoint\",\"urlTemplate\":\"https:\\\/\\\/www.accuratereviews.com\\\/it\\\/?s={search_term_string}\"},\"query-input\":{\"@type\":\"PropertyValueSpecification\",\"valueRequired\":true,\"valueName\":\"search_term_string\"}}],\"inLanguage\":\"it-IT\"}]}<\/script>\n<!-- \/ Yoast SEO plugin. -->","yoast_head_json":{"title":"CarVue: recensione software gestionale per officine - Accurate Reviews","description":"CarVue: recensione software gestionale per officine basato sul Web in cui gli utenti possono organizzare l' attivit\u00e0 sul proprio desktop, telefono o tablet.","robots":{"index":"index","follow":"follow","max-snippet":"max-snippet:-1","max-image-preview":"max-image-preview:large","max-video-preview":"max-video-preview:-1"},"canonical":"https:\/\/www.accuratereviews.com\/it\/gestionale-per-officine\/carvue-recensione\/","og_locale":"it_IT","og_type":"article","og_title":"CarVue: recensione software gestionale per officine - Accurate Reviews","og_description":"CarVue: recensione software gestionale per officine basato sul Web in cui gli utenti possono organizzare l' attivit\u00e0 sul proprio desktop, telefono o tablet.","og_url":"https:\/\/www.accuratereviews.com\/it\/gestionale-per-officine\/carvue-recensione\/","og_site_name":"Accurate Reviews","article_modified_time":"2020-07-30T11:08:24+00:00","og_image":[{"width":225,"height":225,"url":"https:\/\/www.accuratereviews.com\/wp-content\/uploads\/2020\/05\/Carvue.png","type":"image\/png"}],"twitter_card":"summary_large_image","twitter_misc":{"Tempo di lettura stimato":"3 minuti"},"schema":{"@context":"https:\/\/schema.org","@graph":[{"@type":"WebPage","@id":"https:\/\/www.accuratereviews.com\/it\/gestionale-per-officine\/carvue-recensione\/","url":"https:\/\/www.accuratereviews.com\/it\/gestionale-per-officine\/carvue-recensione\/","name":"CarVue: recensione software gestionale per officine - Accurate Reviews","isPartOf":{"@id":"https:\/\/www.accuratereviews.com\/it\/#website"},"primaryImageOfPage":{"@id":"https:\/\/www.accuratereviews.com\/it\/gestionale-per-officine\/carvue-recensione\/#primaryimage"},"image":{"@id":"https:\/\/www.accuratereviews.com\/it\/gestionale-per-officine\/carvue-recensione\/#primaryimage"},"thumbnailUrl":"https:\/\/www.accuratereviews.com\/wp-content\/uploads\/2020\/05\/Carvue.png","datePublished":"2020-05-28T12:19:04+00:00","dateModified":"2020-07-30T11:08:24+00:00","description":"CarVue: recensione software gestionale per officine basato sul Web in cui gli utenti possono organizzare l' attivit\u00e0 sul proprio desktop, telefono o tablet.","breadcrumb":{"@id":"https:\/\/www.accuratereviews.com\/it\/gestionale-per-officine\/carvue-recensione\/#breadcrumb"},"inLanguage":"it-IT","potentialAction":[{"@type":"ReadAction","target":["https:\/\/www.accuratereviews.com\/it\/gestionale-per-officine\/carvue-recensione\/"]}]},{"@type":"ImageObject","inLanguage":"it-IT","@id":"https:\/\/www.accuratereviews.com\/it\/gestionale-per-officine\/carvue-recensione\/#primaryimage","url":"https:\/\/www.accuratereviews.com\/wp-content\/uploads\/2020\/05\/Carvue.png","contentUrl":"https:\/\/www.accuratereviews.com\/wp-content\/uploads\/2020\/05\/Carvue.png","width":225,"height":225},{"@type":"BreadcrumbList","@id":"https:\/\/www.accuratereviews.com\/it\/gestionale-per-officine\/carvue-recensione\/#breadcrumb","itemListElement":[{"@type":"ListItem","position":1,"name":"Home","item":"https:\/\/www.accuratereviews.com\/it\/"},{"@type":"ListItem","position":2,"name":"Gestionale per officine","item":"https:\/\/www.accuratereviews.com\/it\/gestionale-per-officine\/"},{"@type":"ListItem","position":3,"name":"CarVue"}]},{"@type":"WebSite","@id":"https:\/\/www.accuratereviews.com\/it\/#website","url":"https:\/\/www.accuratereviews.com\/it\/","name":"Accurate Reviews","description":"","potentialAction":[{"@type":"SearchAction","target":{"@type":"EntryPoint","urlTemplate":"https:\/\/www.accuratereviews.com\/it\/?s={search_term_string}"},"query-input":{"@type":"PropertyValueSpecification","valueRequired":true,"valueName":"search_term_string"}}],"inLanguage":"it-IT"}]}},"_links":{"self":[{"href":"https:\/\/www.accuratereviews.com\/it\/wp-json\/wp\/v2\/pages\/26918","targetHints":{"allow":["GET"]}}],"collection":[{"href":"https:\/\/www.accuratereviews.com\/it\/wp-json\/wp\/v2\/pages"}],"about":[{"href":"https:\/\/www.accuratereviews.com\/it\/wp-json\/wp\/v2\/types\/page"}],"author":[{"embeddable":true,"href":"https:\/\/www.accuratereviews.com\/it\/wp-json\/wp\/v2\/users\/19"}],"replies":[{"embeddable":true,"href":"https:\/\/www.accuratereviews.com\/it\/wp-json\/wp\/v2\/comments?post=26918"}],"version-history":[{"count":5,"href":"https:\/\/www.accuratereviews.com\/it\/wp-json\/wp\/v2\/pages\/26918\/revisions"}],"predecessor-version":[{"id":26956,"href":"https:\/\/www.accuratereviews.com\/it\/wp-json\/wp\/v2\/pages\/26918\/revisions\/26956"}],"up":[{"embeddable":true,"href":"https:\/\/www.accuratereviews.com\/it\/wp-json\/wp\/v2\/pages\/26440"}],"wp:featuredmedia":[{"embeddable":true,"href":"https:\/\/www.accuratereviews.com\/it\/wp-json\/wp\/v2\/media\/26919"}],"wp:attachment":[{"href":"https:\/\/www.accuratereviews.com\/it\/wp-json\/wp\/v2\/media?parent=26918"}],"wp:term":[{"taxonomy":"category","embeddable":true,"href":"https:\/\/www.accuratereviews.com\/it\/wp-json\/wp\/v2\/categories?post=26918"},{"taxonomy":"post_tag","embeddable":true,"href":"https:\/\/www.accuratereviews.com\/it\/wp-json\/wp\/v2\/tags?post=26918"},{"taxonomy":"features","embeddable":true,"href":"https:\/\/www.accuratereviews.com\/it\/wp-json\/wp\/v2\/features?post=26918"}],"curies":[{"name":"wp","href":"https:\/\/api.w.org\/{rel}","templated":true}]}}