{"id":26935,"date":"2020-05-28T12:18:54","date_gmt":"2020-05-28T12:18:54","guid":{"rendered":"https:\/\/www.accuratereviews.com\/?page_id=26935"},"modified":"2023-09-09T09:01:44","modified_gmt":"2023-09-09T09:01:44","slug":"shop-boss-pro-recensione","status":"publish","type":"page","link":"https:\/\/www.accuratereviews.com\/it\/gestionale-per-officine\/shop-boss-pro-recensione\/","title":{"rendered":"Shop Boss Pro"},"content":{"rendered":"<p><strong>Shop Boss Pro<\/strong> \u00e8 una <strong>soluzione di officina<\/strong> auto basata su <strong>cloud<\/strong> che aiuta i proprietari di officine auto nella gestione del flusso di lavoro dei veicoli. Il software consente \u00a0di creare fatture per i clienti e gestire la cronologia delle riparazioni. Le caratteristiche principali includono un portale clienti, tutorial di riparazione e Digital Vehicle Inspection (DVI).\u00a0La funzione DVI consente ai negozi di automobili di inviare foto, video e commenti dei tecnici ai proprietari dei veicoli. La soluzione consente inoltre agli utenti di scansionare i numeri di identificazione del veicolo (VIN) attraverso uno scanner di codici a barre e di cercare informazioni sui clienti insieme ai dettagli del veicolo.Altre caratteristiche includono un registro delle comunicazioni del cliente, un orologio e una gestione dell&#8217;inventario delle parti. Fornisce inoltre una funzione di pianificazione degli appuntamenti che pu\u00f2 essere integrata con i siti web aziendali.<\/p>\n<h2>SHOP BOSS PRO &#8211; TUTORIAL<\/h2>\n<p>Il tutorial ti aiuta a creare i tuoi primi ordini di riparazione in modo semplice e rapido utilizzando questo <strong>software gestionale per garage<\/strong>:<\/p>\n<div id=\"fluid-wrapper-counter-1\" class=\"g1-fluid-wrapper \" style=\"width:686px;\">\n<div style=\"padding-bottom:56.268221574344%;\"><iframe loading=\"lazy\" title=\"Shop Boss Quick Start\" width=\"686\" height=\"386\" src=\"https:\/\/www.youtube.com\/embed\/u4hqZ7Tl1pc?feature=oembed&amp;wmode=transparent&amp;autohide=1&amp;autoplay=0&amp;disablekb=0&amp;fs=1&amp;loop=0&amp;enablejsapi=1&amp;rel=0&amp;controls=2&amp;showinfo=0&amp;wmode=transparent&amp;autohide=2&amp;autoplay=0&amp;disablekb=0&amp;fs=1&amp;loop=0&amp;enablejsapi=1&amp;rel=0&amp;controls=2&amp;showinfo=1\" frameborder=\"0\" allow=\"accelerometer; autoplay; clipboard-write; encrypted-media; gyroscope; picture-in-picture; web-share\" allowfullscreen><\/iframe><\/div>\n<\/div>\n<h3>SHOP BOSS PRO &#8211; CARATTERISTICHE<\/h3>\n<ul>\n<li>Ispezioni digitali del veicolo: crea ispezioni multimediali ad alto impatto per il tuo cliente comprese di foto, video e osservazioni dei tecnici che spiegano il loro lavoro<\/li>\n<li>Riconoscimento vocale: Clicca sul pulsante di registrazione della voce e compila la storia tecnica del veicolo semplicemente parlando<\/li>\n<li>VIN: scansione di un VIN con il tuo Smartphone o tablet<\/li>\n<li>Portale Clienti: i clienti potranno registrarsi e vedere a che punto \u00e8 la riparazione della propria auto<\/li>\n<li>Integrazione di terze parti: compatibile con Quickbooks, Mechanicnet, Epicor, Nexpart e molti altri<\/li>\n<li>Chat interna live: chatta con qualunque membro del team registrato sul portale in tempo reale<\/li>\n<li>Integrazione con il sito web: software di programmazione di appuntamenti integrato con il tuo sito<\/li>\n<\/ul>\n<h4>LE RECENSIONI DEGLI UTENTI<\/h4>\n<h4 class=\"font-weight-bold my-1 d-flex align-items-center\">Alexandra D.&#8221;Recensione di ShopBoss&#8221;<\/h4>\n<p><strong>Commenti: <\/strong>Abbiamo deciso che Shop Boss ha impiegato molto tempo a cercare di scrivere tutto, ma a parte questo \u00e8 stato un ottimo programma.<\/p>\n<p><strong>Vantaggi: <\/strong>Il software era facile da navigare. La sua funzionalit\u00e0 era eccezionale con la sua codifica a colori.<\/p>\n<p><strong>Inconvenienti: <\/strong>Non ci \u00e8 piaciuto scrivere nelle descrizioni del lavoro o nelle descrizioni delle parti. Abbiamo scoperto che per leggere ci\u00f2 che hai scritto dovresti salvarlo, guarda la pagina principale dell&#8217;ordine di riparazione, quindi torna indietro e scorri la riga in cui scrivi la descrizione e trova dove si trova il punto da modificare. In quella riga si adatterebbero solo circa 10 parole, quindi devi usare le frecce per passare attraverso l&#8217;intera descrizione.<\/p>\n<h4 class=\"font-weight-bold my-1 d-flex align-items-center\">Jennifer H.&#8221;Acquista Boss Pro \u00e8 DA AVERE!&#8221;<\/h4>\n<p><strong>Commenti: <\/strong>Ci sono cos\u00ec tante cose che amiamo di Shop Boss. Soprattutto \u00e8 estremamente facile da usare. Ci vuole tempo e denaro per formare i dipendenti sul software. Se riesci a navigare in Internet, puoi utilizzare Shop Boss in modo efficace!<\/p>\n<p><strong>Vantaggi: <\/strong>Facile da usare, possibilit\u00e0 di accesso online (piacevole per noi fare il check-in durante le vacanze), qualit\u00e0, aggiungendo costantemente nuove funzionalit\u00e0 per stare al passo con i cambiamenti tecnologici, ottimo prezzo.<br \/>\nApprezziamo anche il servizio clienti, spesso il proprietario, Chris \u00e8 quello di contattarci direttamente per rispondere e domande che abbiamo o personalizzare il software per soddisfare le nostre esigenze.<br \/>\nShop Boss ha rapporti eccellenti che ci forniscono una panoramica istantanea di dove si trova la nostra attivit\u00e0 finanziaria in qualsiasi momento.<\/p>\n<p><strong>Inconvenienti: <\/strong>Nessuno, se c&#8217;\u00e8 un problema, viene risolto immediatamente!<\/p>\n<h4 class=\"font-weight-bold my-1 d-flex align-items-center\">Robin G.&#8221;Cambio di gioco nel settore automobilistico&#8221;<\/h4>\n<p><strong>Commenti: <\/strong>Quando abbiamo iniziato con SBP circa 3 anni fa il mio team non ha visto la necessit\u00e0 di spostarsi dai nostri biglietti basati su carta carbone, stime scritte a mano e inventari &#8220;Penso che abbiamo bisogno&#8221;. Dopo aver implementato completamente il software, tutti non potevano credere alle centinaia di passaggi che ci ha salvato ogni giorno e al valore dei dati storici che ci ha fornito. Da quando abbiamo iniziato il nostro piccolo negozio ha ricevuto oltre 16.000 ordini di riparazione. Non riesco nemmeno a immaginare di rifare tutto questo sulla carta.<\/p>\n<p><strong>Vantaggi: <\/strong>Facilit\u00e0 d&#8217;uso, reattivit\u00e0 alle nostre esigenze di assistenza o miglioramenti delle funzionalit\u00e0.<\/p>\n<p><strong>Inconvenienti: <\/strong>Non ho ancora avuto il tempo di implementare cos\u00ec tante delle funzionalit\u00e0 potenti.<\/p>\n","protected":false},"excerpt":{"rendered":"<p>Shop Boss Pro \u00e8 una soluzione di officina auto basata su cloud che aiuta i proprietari di officine auto nella gestione del flusso di lavoro dei veicoli. Il software consente \u00a0di creare fatture per i clienti e gestire la cronologia delle riparazioni. Le caratteristiche principali includono un portale clienti, tutorial di riparazione e Digital Vehicle Inspection (DVI).\u00a0<\/p>\n","protected":false},"author":19,"featured_media":26945,"parent":26440,"menu_order":0,"comment_status":"open","ping_status":"closed","template":"g1_template_page_review_new.php","meta":{"_acf_changed":false,"cwp_meta_box_check":"Yes","cwp_rev_product_name":"","cwp_rev_product_image":"","wppr_links":[],"cwp_rev_price":"","wppr_options":[{"name":"Usability","value":"0"},{"name":"Speed","value":"0"},{"name":"Features","value":"0"},{"name":"Support","value":"0"},{"name":"Pricing","value":"0"}],"wppr_pros":["","","","",""],"wppr_cons":["","","","",""],"_monsterinsights_skip_tracking":false,"_monsterinsights_sitenote_active":false,"_monsterinsights_sitenote_note":"","_monsterinsights_sitenote_category":0,"footnotes":""},"categories":[2818],"tags":[2824,2819,396,2822,2823,2820,2821],"features":[],"class_list":{"0":"post-26935","1":"page","2":"type-page","3":"status-publish","4":"has-post-thumbnail","6":"category-gestionale-per-officine-cat","7":"tag-auto-management-software","8":"tag-auto-repair","9":"tag-cloud","10":"tag-piattaforma-gestionale-per-officine","11":"tag-programma-gestionale-per-officine","12":"tag-software-gestionale-per-officine","13":"tag-soluzione-gestionale-per-officine"},"wppr_data":{"cwp_meta_box_check":"Yes","cwp_rev_product_name":"","_wppr_review_template":"default","cwp_rev_product_image":"","cwp_image_link":"image","wppr_links":[],"cwp_rev_price":"","wppr_pros":["","","","",""],"wppr_cons":["","","","",""],"wppr_rating":"0.00","wppr_options":{"1":{"name":"Usability","value":"0"},"2":{"name":"Speed","value":"0"},"3":{"name":"Features","value":"0"},"4":{"name":"Support","value":"0"},"5":{"name":"Pricing","value":"0"}},"wppr_review_type":"Product","wppr_review_custom_fields":{"additionalProperty":"","additionalType":"","aggregateRating":"","alternateName":"","audience":"","award":"","awards":"","brand":"","color":"","depth":"","description":"","disambiguatingDescription":"","gtin12":"","gtin13":"","gtin14":"","gtin8":"","height":"","identifier":"","image":"","isAccessoryOrSparePartFor":"","isConsumableFor":"","isRelatedTo":"","isSimilarTo":"","itemCondition":"","logo":"","mainEntityOfPage":"","manufacturer":"","material":"","model":"","mpn":"","name":"","offers":"","potentialAction":"","productID":"","productionDate":"","purchaseDate":"","releaseDate":"","review":"","reviews":"","sameAs":"","sku":"","slogan":"","subjectOf":"","url":"","weight":"","width":""}},"acf":[],"yoast_head":"<!-- This site is optimized with the Yoast SEO plugin v27.4 - https:\/\/yoast.com\/product\/yoast-seo-wordpress\/ -->\n<title>Shop Boss Pro: recensione software gestionale officine - Accurate Reviews<\/title>\n<meta name=\"description\" content=\"Shop Boss Pro: recensione soluzione di officine auto basata su cloud che aiuta i proprietari nella gestione del flusso di lavoro dei veicoli.\" \/>\n<meta name=\"robots\" content=\"index, follow, max-snippet:-1, max-image-preview:large, max-video-preview:-1\" \/>\n<link rel=\"canonical\" href=\"https:\/\/www.accuratereviews.com\/it\/gestionale-per-officine\/shop-boss-pro-recensione\/\" \/>\n<meta property=\"og:locale\" content=\"it_IT\" \/>\n<meta property=\"og:type\" content=\"article\" \/>\n<meta property=\"og:title\" content=\"Shop Boss Pro: recensione software gestionale officine - Accurate Reviews\" \/>\n<meta property=\"og:description\" content=\"Shop Boss Pro: recensione soluzione di officine auto basata su cloud che aiuta i proprietari nella gestione del flusso di lavoro dei veicoli.\" \/>\n<meta property=\"og:url\" content=\"https:\/\/www.accuratereviews.com\/it\/gestionale-per-officine\/shop-boss-pro-recensione\/\" \/>\n<meta property=\"og:site_name\" content=\"Accurate Reviews\" \/>\n<meta property=\"article:modified_time\" content=\"2023-09-09T09:01:44+00:00\" \/>\n<meta property=\"og:image\" content=\"https:\/\/www.accuratereviews.com\/wp-content\/uploads\/2020\/05\/Shop-Boss-Pro.png\" \/>\n\t<meta property=\"og:image:width\" content=\"200\" \/>\n\t<meta property=\"og:image:height\" content=\"200\" \/>\n\t<meta property=\"og:image:type\" content=\"image\/png\" \/>\n<meta name=\"twitter:card\" content=\"summary_large_image\" \/>\n<meta name=\"twitter:label1\" content=\"Tempo di lettura stimato\" \/>\n\t<meta name=\"twitter:data1\" content=\"4 minuti\" \/>\n<script type=\"application\/ld+json\" class=\"yoast-schema-graph\">{\"@context\":\"https:\\\/\\\/schema.org\",\"@graph\":[{\"@type\":\"WebPage\",\"@id\":\"https:\\\/\\\/www.accuratereviews.com\\\/it\\\/gestionale-per-officine\\\/shop-boss-pro-recensione\\\/\",\"url\":\"https:\\\/\\\/www.accuratereviews.com\\\/it\\\/gestionale-per-officine\\\/shop-boss-pro-recensione\\\/\",\"name\":\"Shop Boss Pro: recensione software gestionale officine - Accurate Reviews\",\"isPartOf\":{\"@id\":\"https:\\\/\\\/www.accuratereviews.com\\\/it\\\/#website\"},\"primaryImageOfPage\":{\"@id\":\"https:\\\/\\\/www.accuratereviews.com\\\/it\\\/gestionale-per-officine\\\/shop-boss-pro-recensione\\\/#primaryimage\"},\"image\":{\"@id\":\"https:\\\/\\\/www.accuratereviews.com\\\/it\\\/gestionale-per-officine\\\/shop-boss-pro-recensione\\\/#primaryimage\"},\"thumbnailUrl\":\"https:\\\/\\\/www.accuratereviews.com\\\/wp-content\\\/uploads\\\/2020\\\/05\\\/Shop-Boss-Pro.png\",\"datePublished\":\"2020-05-28T12:18:54+00:00\",\"dateModified\":\"2023-09-09T09:01:44+00:00\",\"description\":\"Shop Boss Pro: recensione soluzione di officine auto basata su cloud che aiuta i proprietari nella gestione del flusso di lavoro dei veicoli.\",\"breadcrumb\":{\"@id\":\"https:\\\/\\\/www.accuratereviews.com\\\/it\\\/gestionale-per-officine\\\/shop-boss-pro-recensione\\\/#breadcrumb\"},\"inLanguage\":\"it-IT\",\"potentialAction\":[{\"@type\":\"ReadAction\",\"target\":[\"https:\\\/\\\/www.accuratereviews.com\\\/it\\\/gestionale-per-officine\\\/shop-boss-pro-recensione\\\/\"]}]},{\"@type\":\"ImageObject\",\"inLanguage\":\"it-IT\",\"@id\":\"https:\\\/\\\/www.accuratereviews.com\\\/it\\\/gestionale-per-officine\\\/shop-boss-pro-recensione\\\/#primaryimage\",\"url\":\"https:\\\/\\\/www.accuratereviews.com\\\/wp-content\\\/uploads\\\/2020\\\/05\\\/Shop-Boss-Pro.png\",\"contentUrl\":\"https:\\\/\\\/www.accuratereviews.com\\\/wp-content\\\/uploads\\\/2020\\\/05\\\/Shop-Boss-Pro.png\",\"width\":200,\"height\":200},{\"@type\":\"BreadcrumbList\",\"@id\":\"https:\\\/\\\/www.accuratereviews.com\\\/it\\\/gestionale-per-officine\\\/shop-boss-pro-recensione\\\/#breadcrumb\",\"itemListElement\":[{\"@type\":\"ListItem\",\"position\":1,\"name\":\"Home\",\"item\":\"https:\\\/\\\/www.accuratereviews.com\\\/it\\\/\"},{\"@type\":\"ListItem\",\"position\":2,\"name\":\"Gestionale per officine\",\"item\":\"https:\\\/\\\/www.accuratereviews.com\\\/it\\\/gestionale-per-officine\\\/\"},{\"@type\":\"ListItem\",\"position\":3,\"name\":\"Shop Boss Pro\"}]},{\"@type\":\"WebSite\",\"@id\":\"https:\\\/\\\/www.accuratereviews.com\\\/it\\\/#website\",\"url\":\"https:\\\/\\\/www.accuratereviews.com\\\/it\\\/\",\"name\":\"Accurate Reviews\",\"description\":\"\",\"potentialAction\":[{\"@type\":\"SearchAction\",\"target\":{\"@type\":\"EntryPoint\",\"urlTemplate\":\"https:\\\/\\\/www.accuratereviews.com\\\/it\\\/?s={search_term_string}\"},\"query-input\":{\"@type\":\"PropertyValueSpecification\",\"valueRequired\":true,\"valueName\":\"search_term_string\"}}],\"inLanguage\":\"it-IT\"}]}<\/script>\n<!-- \/ Yoast SEO plugin. -->","yoast_head_json":{"title":"Shop Boss Pro: recensione software gestionale officine - Accurate Reviews","description":"Shop Boss Pro: recensione soluzione di officine auto basata su cloud che aiuta i proprietari nella gestione del flusso di lavoro dei veicoli.","robots":{"index":"index","follow":"follow","max-snippet":"max-snippet:-1","max-image-preview":"max-image-preview:large","max-video-preview":"max-video-preview:-1"},"canonical":"https:\/\/www.accuratereviews.com\/it\/gestionale-per-officine\/shop-boss-pro-recensione\/","og_locale":"it_IT","og_type":"article","og_title":"Shop Boss Pro: recensione software gestionale officine - Accurate Reviews","og_description":"Shop Boss Pro: recensione soluzione di officine auto basata su cloud che aiuta i proprietari nella gestione del flusso di lavoro dei veicoli.","og_url":"https:\/\/www.accuratereviews.com\/it\/gestionale-per-officine\/shop-boss-pro-recensione\/","og_site_name":"Accurate Reviews","article_modified_time":"2023-09-09T09:01:44+00:00","og_image":[{"width":200,"height":200,"url":"https:\/\/www.accuratereviews.com\/wp-content\/uploads\/2020\/05\/Shop-Boss-Pro.png","type":"image\/png"}],"twitter_card":"summary_large_image","twitter_misc":{"Tempo di lettura stimato":"4 minuti"},"schema":{"@context":"https:\/\/schema.org","@graph":[{"@type":"WebPage","@id":"https:\/\/www.accuratereviews.com\/it\/gestionale-per-officine\/shop-boss-pro-recensione\/","url":"https:\/\/www.accuratereviews.com\/it\/gestionale-per-officine\/shop-boss-pro-recensione\/","name":"Shop Boss Pro: recensione software gestionale officine - Accurate Reviews","isPartOf":{"@id":"https:\/\/www.accuratereviews.com\/it\/#website"},"primaryImageOfPage":{"@id":"https:\/\/www.accuratereviews.com\/it\/gestionale-per-officine\/shop-boss-pro-recensione\/#primaryimage"},"image":{"@id":"https:\/\/www.accuratereviews.com\/it\/gestionale-per-officine\/shop-boss-pro-recensione\/#primaryimage"},"thumbnailUrl":"https:\/\/www.accuratereviews.com\/wp-content\/uploads\/2020\/05\/Shop-Boss-Pro.png","datePublished":"2020-05-28T12:18:54+00:00","dateModified":"2023-09-09T09:01:44+00:00","description":"Shop Boss Pro: recensione soluzione di officine auto basata su cloud che aiuta i proprietari nella gestione del flusso di lavoro dei veicoli.","breadcrumb":{"@id":"https:\/\/www.accuratereviews.com\/it\/gestionale-per-officine\/shop-boss-pro-recensione\/#breadcrumb"},"inLanguage":"it-IT","potentialAction":[{"@type":"ReadAction","target":["https:\/\/www.accuratereviews.com\/it\/gestionale-per-officine\/shop-boss-pro-recensione\/"]}]},{"@type":"ImageObject","inLanguage":"it-IT","@id":"https:\/\/www.accuratereviews.com\/it\/gestionale-per-officine\/shop-boss-pro-recensione\/#primaryimage","url":"https:\/\/www.accuratereviews.com\/wp-content\/uploads\/2020\/05\/Shop-Boss-Pro.png","contentUrl":"https:\/\/www.accuratereviews.com\/wp-content\/uploads\/2020\/05\/Shop-Boss-Pro.png","width":200,"height":200},{"@type":"BreadcrumbList","@id":"https:\/\/www.accuratereviews.com\/it\/gestionale-per-officine\/shop-boss-pro-recensione\/#breadcrumb","itemListElement":[{"@type":"ListItem","position":1,"name":"Home","item":"https:\/\/www.accuratereviews.com\/it\/"},{"@type":"ListItem","position":2,"name":"Gestionale per officine","item":"https:\/\/www.accuratereviews.com\/it\/gestionale-per-officine\/"},{"@type":"ListItem","position":3,"name":"Shop Boss Pro"}]},{"@type":"WebSite","@id":"https:\/\/www.accuratereviews.com\/it\/#website","url":"https:\/\/www.accuratereviews.com\/it\/","name":"Accurate Reviews","description":"","potentialAction":[{"@type":"SearchAction","target":{"@type":"EntryPoint","urlTemplate":"https:\/\/www.accuratereviews.com\/it\/?s={search_term_string}"},"query-input":{"@type":"PropertyValueSpecification","valueRequired":true,"valueName":"search_term_string"}}],"inLanguage":"it-IT"}]}},"_links":{"self":[{"href":"https:\/\/www.accuratereviews.com\/it\/wp-json\/wp\/v2\/pages\/26935","targetHints":{"allow":["GET"]}}],"collection":[{"href":"https:\/\/www.accuratereviews.com\/it\/wp-json\/wp\/v2\/pages"}],"about":[{"href":"https:\/\/www.accuratereviews.com\/it\/wp-json\/wp\/v2\/types\/page"}],"author":[{"embeddable":true,"href":"https:\/\/www.accuratereviews.com\/it\/wp-json\/wp\/v2\/users\/19"}],"replies":[{"embeddable":true,"href":"https:\/\/www.accuratereviews.com\/it\/wp-json\/wp\/v2\/comments?post=26935"}],"version-history":[{"count":8,"href":"https:\/\/www.accuratereviews.com\/it\/wp-json\/wp\/v2\/pages\/26935\/revisions"}],"predecessor-version":[{"id":71804,"href":"https:\/\/www.accuratereviews.com\/it\/wp-json\/wp\/v2\/pages\/26935\/revisions\/71804"}],"up":[{"embeddable":true,"href":"https:\/\/www.accuratereviews.com\/it\/wp-json\/wp\/v2\/pages\/26440"}],"wp:featuredmedia":[{"embeddable":true,"href":"https:\/\/www.accuratereviews.com\/it\/wp-json\/wp\/v2\/media\/26945"}],"wp:attachment":[{"href":"https:\/\/www.accuratereviews.com\/it\/wp-json\/wp\/v2\/media?parent=26935"}],"wp:term":[{"taxonomy":"category","embeddable":true,"href":"https:\/\/www.accuratereviews.com\/it\/wp-json\/wp\/v2\/categories?post=26935"},{"taxonomy":"post_tag","embeddable":true,"href":"https:\/\/www.accuratereviews.com\/it\/wp-json\/wp\/v2\/tags?post=26935"},{"taxonomy":"features","embeddable":true,"href":"https:\/\/www.accuratereviews.com\/it\/wp-json\/wp\/v2\/features?post=26935"}],"curies":[{"name":"wp","href":"https:\/\/api.w.org\/{rel}","templated":true}]}}