{"id":27015,"date":"2020-06-01T10:43:34","date_gmt":"2020-06-01T10:43:34","guid":{"rendered":"https:\/\/www.accuratereviews.com\/?page_id=27015"},"modified":"2023-11-11T10:20:51","modified_gmt":"2023-11-11T10:20:51","slug":"jira-recensione","status":"publish","type":"page","link":"https:\/\/www.accuratereviews.com\/it\/gestionale-per-progetti-agile\/jira-recensione\/","title":{"rendered":"Jira"},"content":{"rendered":"<p><strong>Jira<\/strong> \u00e8 una nota <strong>soluzione di gestione dei progetti<\/strong> che aiuta gli utenti a mappare, stabilire le priorit\u00e0 e delegare i propri compiti. Tipicamente utilizzato dai team di software che costruiscono e spediscono prodotti, il sistema semplifica il processo di sviluppo dell&#8217;app dalla concettualizzazione all&#8217;esecuzione. Ls soluzioni subisce continui aggiornamenti per garantire il supporto alle tendenze pi\u00f9 recenti nello sviluppo del software. Consente ai team di pianificare in modo flessibile nei modi che ritengono pi\u00f9 convenienti grazie al supporto per le metodologie<strong> Scrum, Kanban e Scrumban<\/strong>. Inoltre, il tuo team ha accesso a informazioni critiche e attuabili in merito al loro <strong>processo agile<\/strong> attraverso i report visivi basati sui dati del sistema.\u00a0In pi\u00f9, con il proprio JQL (Jira Query Language) della piattaforma, \u00e8 possibile utilizzare filtri personalizzati. Ci\u00f2 consente agli sviluppatori di creare facilmente query e manipolare i dati in breve tempo.<\/p>\n<h2>JIRA &#8211; TUTORIAL<\/h2>\n<p>Il tutorial che segue mostra come utilizzare questo <strong>software gestionale per progetti Agile<\/strong> per la prima volta:<\/p>\n<div id=\"fluid-wrapper-counter-1\" class=\"g1-fluid-wrapper \" style=\"width:686px;\">\n<div style=\"padding-bottom:56.268221574344%;\"><iframe loading=\"lazy\" title=\"HOW TO USE JIRA | Free Agile Project Management Software (Jira tutorial for Beginners)\" width=\"686\" height=\"386\" src=\"https:\/\/www.youtube.com\/embed\/GWxMTvRGIpc?feature=oembed&amp;wmode=transparent&amp;autohide=1&amp;autoplay=0&amp;disablekb=0&amp;fs=1&amp;loop=0&amp;enablejsapi=1&amp;rel=0&amp;controls=2&amp;showinfo=0&amp;wmode=transparent&amp;autohide=2&amp;autoplay=0&amp;disablekb=0&amp;fs=1&amp;loop=0&amp;enablejsapi=1&amp;rel=0&amp;controls=2&amp;showinfo=1\" frameborder=\"0\" allow=\"accelerometer; autoplay; clipboard-write; encrypted-media; gyroscope; picture-in-picture; web-share\" allowfullscreen><\/iframe><\/div>\n<\/div>\n<h3>JIRA &#8211; CARATTERISTICHE<\/h3>\n<ul>\n<li>Pianifica, monitora e rilascia software di alta qualit\u00e0<\/li>\n<li>Offri ai tuoi clienti un modo facile per chiedere assistenza e ai tuoi agenti un modo rapido per risolvere gli imprevisti<\/li>\n<li>Gestisci tutti i progetti aziendali, incluse campagne pubblicitarie, assunzioni, approvazioni e revisioni di documenti legali<\/li>\n<li>Tieni informati i tuoi utenti e occupati di tutte le email di supporto in caso di interruzione di attivit\u00e0<\/li>\n<li>Organizza il tuo lavoro, crea documenti e discuti di tutto da una sola posizione<\/li>\n<li>Potrai avvisare le persone giuste al momento giusto, grazie a un efficiente sistema di avvisi e pianificazioni su chiamata<\/li>\n<li>Trova bug e migliora la qualit\u00e0 del codice con peer review del codice<\/li>\n<li>Collabora sul codice con commenti in linea e richieste pull<\/li>\n<\/ul>\n<h4>LE RECENSIONI DEGLI UTENTI<\/h4>\n<h4 class=\"font-weight-bold my-1 d-flex align-items-center\">Glenn B.&#8221;Ottimo strumento di collaborazione per i team&#8221;<\/h4>\n<p><strong>Commenti: <\/strong>Ottimo modo per collaborare con membri del team e fornitori esterni su ticketing e progetti, con molte opportunit\u00e0 di integrazione. Consiglio vivamente agli utenti che non utilizzano attualmente JIRA.<\/p>\n<p><strong>Vantaggi: <\/strong>\u00c8 un programma ricco di funzionalit\u00e0 che aiuta i team a collaborare utilizzando un sistema di ticketing. Modo molto pi\u00f9 semplice di lavorare con i membri del team per risolvere problemi, distribuire aggiornamenti e collaborare. Utilizzando questo sistema tra dipendenti, dipartimenti, consulenti e altri siamo stati in grado di semplificare la collaborazione sui progetti. Ha anche molta integrazione, anche con Slack, per accelerare le notifiche.<\/p>\n<p><strong>Inconvenienti: <\/strong>C&#8217;\u00e8 sicuramente una curva di apprendimento con questo progetto e pu\u00f2 essere un po &#8216;difficile capire, ma una volta fatto, l&#8217;interfaccia utente del programma avr\u00e0 un senso.<\/p>\n<h4 class=\"font-weight-bold my-1 d-flex align-items-center\">Tigran H.&#8221;Il software di gestione pi\u00f9 avanzato&#8221;<\/h4>\n<p><strong>Commenti: <\/strong>Nel complesso, questo \u00e8 l&#8217;ottimo software per la gestione dei processi del prodotto e per il rilevamento dei problemi.<\/p>\n<p><strong>Vantaggi: <\/strong>In primo luogo, secondo me, Jira \u00e8 il software di gestione delle attivit\u00e0 pi\u00f9 avanzato. Ha tonnellate di preziose funzionalit\u00e0 per il rilevamento dei problemi, ha interfacce come scrum, kanban e cos\u00ec via. Ha una modalit\u00e0 semplice per l&#8217;avvio di progetti e molto avanzata per progetti pi\u00f9 complessi. Una delle grandi cose \u00e8 la modifica di tutti gli stati e.x che aiuta il mio team a fare i processi in modo pi\u00f9 simile.<\/p>\n<p><strong>Inconvenienti: <\/strong>Utilizzando l&#8217;API Jira presenta piccoli svantaggi, ad esempio documentazione complessa. Non ha le principali librerie di lingue e talvolta l&#8217;API non \u00e8 stabile.<\/p>\n<h5 class=\"font-weight-bold my-1 d-flex align-items-center\">Richy O.&#8221;Il miglior rapporto qualit\u00e0-prezzo&#8221;<\/h5>\n<p><strong>Commenti: <\/strong>\u00c8 il miglior software in circolazione per gestire un team, quindi nel complesso sono molto felice e lo sono anche tutti i miei sviluppatori.<\/p>\n<p><strong>Vantaggi: <\/strong>Jira semplifica la gestione di un team e aiuta ogni sviluppatore a svolgere il proprio compito, a tenere traccia di tutto ci\u00f2 che sta facendo e a comunicare facilmente con gli altri membri del team.<\/p>\n<p><strong>Inconvenienti: <\/strong>Forse un po &#8216;di aiuto con l&#8217;integrazione sarebbe sorprendente per chiunque non abbia idea di cosa stiano facendo, ma per il resto \u00e8 INCREDIBILE.<\/p>\n<p>&nbsp;<\/p>\n","protected":false},"excerpt":{"rendered":"<p>Jira \u00e8 una nota soluzione di gestione dei progetti che aiuta gli utenti a mappare, stabilire le priorit\u00e0 e delegare i propri compiti. Tipicamente utilizzato dai team di software che costruiscono e spediscono prodotti, il sistema semplifica il processo di sviluppo dell&#8217;app dalla concettualizzazione all&#8217;esecuzione.<\/p>\n","protected":false},"author":19,"featured_media":27016,"parent":27022,"menu_order":0,"comment_status":"open","ping_status":"closed","template":"g1_template_page_review_new.php","meta":{"_acf_changed":false,"cwp_meta_box_check":"Yes","cwp_rev_product_name":"","cwp_rev_product_image":"","wppr_links":[],"cwp_rev_price":"","wppr_options":[{"name":"Usability","value":"0"},{"name":"Speed","value":"0"},{"name":"Features","value":"0"},{"name":"Support","value":"0"},{"name":"Pricing","value":"0"}],"wppr_pros":["","","","",""],"wppr_cons":["","","","",""],"_monsterinsights_skip_tracking":false,"_monsterinsights_sitenote_active":false,"_monsterinsights_sitenote_note":"","_monsterinsights_sitenote_category":0,"footnotes":""},"categories":[2892],"tags":[2894,396,494,2898,2899,2900,2896,2897,2893,2895],"features":[],"class_list":{"0":"post-27015","1":"page","2":"type-page","3":"status-publish","4":"has-post-thumbnail","6":"category-gestionale-per-progetti-agile","7":"tag-agile","8":"tag-cloud","9":"tag-jira","10":"tag-jira-query-language","11":"tag-jql","12":"tag-kanban-it","13":"tag-scrum","14":"tag-scrumban","15":"tag-software-gestionale-per-progetti-agile","16":"tag-soluzione-gestionale-per-progetti-agile"},"wppr_data":{"cwp_meta_box_check":"Yes","cwp_rev_product_name":"","_wppr_review_template":"default","cwp_rev_product_image":"","cwp_image_link":"image","wppr_links":[],"cwp_rev_price":"","wppr_pros":["","","","",""],"wppr_cons":["","","","",""],"wppr_rating":"0.00","wppr_options":{"1":{"name":"Usability","value":"0"},"2":{"name":"Speed","value":"0"},"3":{"name":"Features","value":"0"},"4":{"name":"Support","value":"0"},"5":{"name":"Pricing","value":"0"}},"wppr_review_type":"Product","wppr_review_custom_fields":{"additionalProperty":"","additionalType":"","aggregateRating":"","alternateName":"","audience":"","award":"","awards":"","brand":"","color":"","depth":"","description":"","disambiguatingDescription":"","gtin12":"","gtin13":"","gtin14":"","gtin8":"","height":"","identifier":"","image":"","isAccessoryOrSparePartFor":"","isConsumableFor":"","isRelatedTo":"","isSimilarTo":"","itemCondition":"","logo":"","mainEntityOfPage":"","manufacturer":"","material":"","model":"","mpn":"","name":"","offers":"","potentialAction":"","productID":"","productionDate":"","purchaseDate":"","releaseDate":"","review":"","reviews":"","sameAs":"","sku":"","slogan":"","subjectOf":"","url":"","weight":"","width":""}},"acf":[],"yoast_head":"<!-- This site is optimized with the Yoast SEO plugin v27.4 - https:\/\/yoast.com\/product\/yoast-seo-wordpress\/ -->\n<title>Jira: recensione software gestionale per progetti Agili - Accurate Reviews<\/title>\n<meta name=\"description\" content=\"Jira: recensione soluzione di gestione dei progetti che aiuta gli utenti a mappare, stabilire le priorit\u00e0 e delegare i propri compiti.\" \/>\n<meta name=\"robots\" content=\"index, follow, max-snippet:-1, max-image-preview:large, max-video-preview:-1\" \/>\n<link rel=\"canonical\" href=\"https:\/\/www.accuratereviews.com\/it\/gestionale-per-progetti-agile\/jira-recensione\/\" \/>\n<meta property=\"og:locale\" content=\"it_IT\" \/>\n<meta property=\"og:type\" content=\"article\" \/>\n<meta property=\"og:title\" content=\"Jira: recensione software gestionale per progetti Agili - Accurate Reviews\" \/>\n<meta property=\"og:description\" content=\"Jira: recensione soluzione di gestione dei progetti che aiuta gli utenti a mappare, stabilire le priorit\u00e0 e delegare i propri compiti.\" \/>\n<meta property=\"og:url\" content=\"https:\/\/www.accuratereviews.com\/it\/gestionale-per-progetti-agile\/jira-recensione\/\" \/>\n<meta property=\"og:site_name\" content=\"Accurate Reviews\" \/>\n<meta property=\"article:modified_time\" content=\"2023-11-11T10:20:51+00:00\" \/>\n<meta property=\"og:image\" content=\"https:\/\/www.accuratereviews.com\/wp-content\/uploads\/2020\/05\/Jira-software.png\" \/>\n\t<meta property=\"og:image:width\" content=\"3840\" \/>\n\t<meta property=\"og:image:height\" content=\"2160\" \/>\n\t<meta property=\"og:image:type\" content=\"image\/png\" \/>\n<meta name=\"twitter:card\" content=\"summary_large_image\" \/>\n<meta name=\"twitter:label1\" content=\"Tempo di lettura stimato\" \/>\n\t<meta name=\"twitter:data1\" content=\"4 minuti\" \/>\n<script type=\"application\/ld+json\" class=\"yoast-schema-graph\">{\"@context\":\"https:\\\/\\\/schema.org\",\"@graph\":[{\"@type\":\"WebPage\",\"@id\":\"https:\\\/\\\/www.accuratereviews.com\\\/it\\\/gestionale-per-progetti-agile\\\/jira-recensione\\\/\",\"url\":\"https:\\\/\\\/www.accuratereviews.com\\\/it\\\/gestionale-per-progetti-agile\\\/jira-recensione\\\/\",\"name\":\"Jira: recensione software gestionale per progetti Agili - Accurate Reviews\",\"isPartOf\":{\"@id\":\"https:\\\/\\\/www.accuratereviews.com\\\/it\\\/#website\"},\"primaryImageOfPage\":{\"@id\":\"https:\\\/\\\/www.accuratereviews.com\\\/it\\\/gestionale-per-progetti-agile\\\/jira-recensione\\\/#primaryimage\"},\"image\":{\"@id\":\"https:\\\/\\\/www.accuratereviews.com\\\/it\\\/gestionale-per-progetti-agile\\\/jira-recensione\\\/#primaryimage\"},\"thumbnailUrl\":\"https:\\\/\\\/www.accuratereviews.com\\\/wp-content\\\/uploads\\\/2020\\\/05\\\/Jira-software.png\",\"datePublished\":\"2020-06-01T10:43:34+00:00\",\"dateModified\":\"2023-11-11T10:20:51+00:00\",\"description\":\"Jira: recensione soluzione di gestione dei progetti che aiuta gli utenti a mappare, stabilire le priorit\u00e0 e delegare i propri compiti.\",\"breadcrumb\":{\"@id\":\"https:\\\/\\\/www.accuratereviews.com\\\/it\\\/gestionale-per-progetti-agile\\\/jira-recensione\\\/#breadcrumb\"},\"inLanguage\":\"it-IT\",\"potentialAction\":[{\"@type\":\"ReadAction\",\"target\":[\"https:\\\/\\\/www.accuratereviews.com\\\/it\\\/gestionale-per-progetti-agile\\\/jira-recensione\\\/\"]}]},{\"@type\":\"ImageObject\",\"inLanguage\":\"it-IT\",\"@id\":\"https:\\\/\\\/www.accuratereviews.com\\\/it\\\/gestionale-per-progetti-agile\\\/jira-recensione\\\/#primaryimage\",\"url\":\"https:\\\/\\\/www.accuratereviews.com\\\/wp-content\\\/uploads\\\/2020\\\/05\\\/Jira-software.png\",\"contentUrl\":\"https:\\\/\\\/www.accuratereviews.com\\\/wp-content\\\/uploads\\\/2020\\\/05\\\/Jira-software.png\",\"width\":3840,\"height\":2160},{\"@type\":\"BreadcrumbList\",\"@id\":\"https:\\\/\\\/www.accuratereviews.com\\\/it\\\/gestionale-per-progetti-agile\\\/jira-recensione\\\/#breadcrumb\",\"itemListElement\":[{\"@type\":\"ListItem\",\"position\":1,\"name\":\"Home\",\"item\":\"https:\\\/\\\/www.accuratereviews.com\\\/it\\\/\"},{\"@type\":\"ListItem\",\"position\":2,\"name\":\"Gestionale per progetti Agile\",\"item\":\"https:\\\/\\\/www.accuratereviews.com\\\/it\\\/gestionale-per-progetti-agile\\\/\"},{\"@type\":\"ListItem\",\"position\":3,\"name\":\"Jira\"}]},{\"@type\":\"WebSite\",\"@id\":\"https:\\\/\\\/www.accuratereviews.com\\\/it\\\/#website\",\"url\":\"https:\\\/\\\/www.accuratereviews.com\\\/it\\\/\",\"name\":\"Accurate Reviews\",\"description\":\"\",\"potentialAction\":[{\"@type\":\"SearchAction\",\"target\":{\"@type\":\"EntryPoint\",\"urlTemplate\":\"https:\\\/\\\/www.accuratereviews.com\\\/it\\\/?s={search_term_string}\"},\"query-input\":{\"@type\":\"PropertyValueSpecification\",\"valueRequired\":true,\"valueName\":\"search_term_string\"}}],\"inLanguage\":\"it-IT\"}]}<\/script>\n<!-- \/ Yoast SEO plugin. -->","yoast_head_json":{"title":"Jira: recensione software gestionale per progetti Agili - Accurate Reviews","description":"Jira: recensione soluzione di gestione dei progetti che aiuta gli utenti a mappare, stabilire le priorit\u00e0 e delegare i propri compiti.","robots":{"index":"index","follow":"follow","max-snippet":"max-snippet:-1","max-image-preview":"max-image-preview:large","max-video-preview":"max-video-preview:-1"},"canonical":"https:\/\/www.accuratereviews.com\/it\/gestionale-per-progetti-agile\/jira-recensione\/","og_locale":"it_IT","og_type":"article","og_title":"Jira: recensione software gestionale per progetti Agili - Accurate Reviews","og_description":"Jira: recensione soluzione di gestione dei progetti che aiuta gli utenti a mappare, stabilire le priorit\u00e0 e delegare i propri compiti.","og_url":"https:\/\/www.accuratereviews.com\/it\/gestionale-per-progetti-agile\/jira-recensione\/","og_site_name":"Accurate Reviews","article_modified_time":"2023-11-11T10:20:51+00:00","og_image":[{"width":3840,"height":2160,"url":"https:\/\/www.accuratereviews.com\/wp-content\/uploads\/2020\/05\/Jira-software.png","type":"image\/png"}],"twitter_card":"summary_large_image","twitter_misc":{"Tempo di lettura stimato":"4 minuti"},"schema":{"@context":"https:\/\/schema.org","@graph":[{"@type":"WebPage","@id":"https:\/\/www.accuratereviews.com\/it\/gestionale-per-progetti-agile\/jira-recensione\/","url":"https:\/\/www.accuratereviews.com\/it\/gestionale-per-progetti-agile\/jira-recensione\/","name":"Jira: recensione software gestionale per progetti Agili - Accurate Reviews","isPartOf":{"@id":"https:\/\/www.accuratereviews.com\/it\/#website"},"primaryImageOfPage":{"@id":"https:\/\/www.accuratereviews.com\/it\/gestionale-per-progetti-agile\/jira-recensione\/#primaryimage"},"image":{"@id":"https:\/\/www.accuratereviews.com\/it\/gestionale-per-progetti-agile\/jira-recensione\/#primaryimage"},"thumbnailUrl":"https:\/\/www.accuratereviews.com\/wp-content\/uploads\/2020\/05\/Jira-software.png","datePublished":"2020-06-01T10:43:34+00:00","dateModified":"2023-11-11T10:20:51+00:00","description":"Jira: recensione soluzione di gestione dei progetti che aiuta gli utenti a mappare, stabilire le priorit\u00e0 e delegare i propri compiti.","breadcrumb":{"@id":"https:\/\/www.accuratereviews.com\/it\/gestionale-per-progetti-agile\/jira-recensione\/#breadcrumb"},"inLanguage":"it-IT","potentialAction":[{"@type":"ReadAction","target":["https:\/\/www.accuratereviews.com\/it\/gestionale-per-progetti-agile\/jira-recensione\/"]}]},{"@type":"ImageObject","inLanguage":"it-IT","@id":"https:\/\/www.accuratereviews.com\/it\/gestionale-per-progetti-agile\/jira-recensione\/#primaryimage","url":"https:\/\/www.accuratereviews.com\/wp-content\/uploads\/2020\/05\/Jira-software.png","contentUrl":"https:\/\/www.accuratereviews.com\/wp-content\/uploads\/2020\/05\/Jira-software.png","width":3840,"height":2160},{"@type":"BreadcrumbList","@id":"https:\/\/www.accuratereviews.com\/it\/gestionale-per-progetti-agile\/jira-recensione\/#breadcrumb","itemListElement":[{"@type":"ListItem","position":1,"name":"Home","item":"https:\/\/www.accuratereviews.com\/it\/"},{"@type":"ListItem","position":2,"name":"Gestionale per progetti Agile","item":"https:\/\/www.accuratereviews.com\/it\/gestionale-per-progetti-agile\/"},{"@type":"ListItem","position":3,"name":"Jira"}]},{"@type":"WebSite","@id":"https:\/\/www.accuratereviews.com\/it\/#website","url":"https:\/\/www.accuratereviews.com\/it\/","name":"Accurate Reviews","description":"","potentialAction":[{"@type":"SearchAction","target":{"@type":"EntryPoint","urlTemplate":"https:\/\/www.accuratereviews.com\/it\/?s={search_term_string}"},"query-input":{"@type":"PropertyValueSpecification","valueRequired":true,"valueName":"search_term_string"}}],"inLanguage":"it-IT"}]}},"_links":{"self":[{"href":"https:\/\/www.accuratereviews.com\/it\/wp-json\/wp\/v2\/pages\/27015","targetHints":{"allow":["GET"]}}],"collection":[{"href":"https:\/\/www.accuratereviews.com\/it\/wp-json\/wp\/v2\/pages"}],"about":[{"href":"https:\/\/www.accuratereviews.com\/it\/wp-json\/wp\/v2\/types\/page"}],"author":[{"embeddable":true,"href":"https:\/\/www.accuratereviews.com\/it\/wp-json\/wp\/v2\/users\/19"}],"replies":[{"embeddable":true,"href":"https:\/\/www.accuratereviews.com\/it\/wp-json\/wp\/v2\/comments?post=27015"}],"version-history":[{"count":9,"href":"https:\/\/www.accuratereviews.com\/it\/wp-json\/wp\/v2\/pages\/27015\/revisions"}],"predecessor-version":[{"id":72822,"href":"https:\/\/www.accuratereviews.com\/it\/wp-json\/wp\/v2\/pages\/27015\/revisions\/72822"}],"up":[{"embeddable":true,"href":"https:\/\/www.accuratereviews.com\/it\/wp-json\/wp\/v2\/pages\/27022"}],"wp:featuredmedia":[{"embeddable":true,"href":"https:\/\/www.accuratereviews.com\/it\/wp-json\/wp\/v2\/media\/27016"}],"wp:attachment":[{"href":"https:\/\/www.accuratereviews.com\/it\/wp-json\/wp\/v2\/media?parent=27015"}],"wp:term":[{"taxonomy":"category","embeddable":true,"href":"https:\/\/www.accuratereviews.com\/it\/wp-json\/wp\/v2\/categories?post=27015"},{"taxonomy":"post_tag","embeddable":true,"href":"https:\/\/www.accuratereviews.com\/it\/wp-json\/wp\/v2\/tags?post=27015"},{"taxonomy":"features","embeddable":true,"href":"https:\/\/www.accuratereviews.com\/it\/wp-json\/wp\/v2\/features?post=27015"}],"curies":[{"name":"wp","href":"https:\/\/api.w.org\/{rel}","templated":true}]}}