{"id":27029,"date":"2020-06-01T10:42:44","date_gmt":"2020-06-01T10:42:44","guid":{"rendered":"https:\/\/www.accuratereviews.com\/?page_id=27029"},"modified":"2023-10-21T08:27:34","modified_gmt":"2023-10-21T08:27:34","slug":"gitlab-recensione","status":"publish","type":"page","link":"https:\/\/www.accuratereviews.com\/it\/gestionale-per-progetti-agile\/gitlab-recensione\/","title":{"rendered":"GitLab"},"content":{"rendered":"<p><strong>GitLab<\/strong> \u00e8 un <strong>software di sviluppo di applicazioni<\/strong> native cloud con solidi strumenti di creazione, tracciamento, test e distribuzione. \u00c8 inoltre accompagnato da vigorose misure di sicurezza a partire da autorizzazioni granulari per l&#8217;utente e restrizioni all&#8217;autenticazione dell&#8217;utente tramite <strong>Kerberos.<\/strong>\u00a0Con questa soluzione, singoli e team necessitano solo di integrazioni minime per completare la gestione del loro ciclo di vita di sviluppo. Questo perch\u00e9 il programma \u00e8 completamente integrato, fornendo cos\u00ec agli utenti tutto ci\u00f2 di cui hanno bisogno per supervisionare ogni fase di sviluppo e test di implementazione.E poich\u00e9 GitLab si basa su Git, ogni utente ha accesso illimitato e rapido alla cronologia di sviluppo. In pi\u00f9, ottimi un&#8217;esperienza di creazione di app equilibrata.<\/p>\n<h2>GITLAB &#8211; TUTORIAL<\/h2>\n<p>Vediamo come creare un progetto sfruttando la potenza di questo<strong> software gestionale per progetti Agile<\/strong>:<\/p>\n<div id=\"fluid-wrapper-counter-1\" class=\"g1-fluid-wrapper \" style=\"width:686px;\">\n<div style=\"padding-bottom:56.268221574344%;\"><iframe loading=\"lazy\" title=\"GitLab Beginner Tutorial 1 | Introduction and Getting Started\" width=\"515\" height=\"386\" src=\"https:\/\/www.youtube.com\/embed\/Jt4Z1vwtXT0?list=PLhW3qG5bs-L8YSnCiyQ-jD8XfHC2W1NL_\" frameborder=\"0\" allow=\"accelerometer; autoplay; clipboard-write; encrypted-media; gyroscope; picture-in-picture; web-share\" allowfullscreen><\/iframe><\/div>\n<\/div>\n<h3>GITLAB &#8211; CARATTERISTICHE<\/h3>\n<ul>\n<li>Supporto comunitario<\/li>\n<li>CI \/ CD integrato<\/li>\n<li>Scheda di emissione del progetto<\/li>\n<li>Documentazione di progetto basata su Wiki<\/li>\n<li>ChatOps<\/li>\n<li>Visualizza i log dei pod di Kubernetes<\/li>\n<li>Intelligenza del codice di Sourcegraph<\/li>\n<li>Bacheche per pi\u00f9 gruppi<\/li>\n<li>Epiche a livello singolo<\/li>\n<li>Supporto prioritario<\/li>\n<li>Grafici della pipeline multiprogetto<\/li>\n<li>Distribuire schede<\/li>\n<li>Distribuzioni di implementazione incrementali temporizzate e manuali<\/li>\n<li>Epiche multilivello<\/li>\n<li>Avvisi sulle prestazioni dell&#8217;applicazione<\/li>\n<li>Utenti Guest gratuiti<\/li>\n<li>Dashboard di sicurezza<\/li>\n<li>Scansione di container<\/li>\n<li>Test di sicurezza delle applicazioni dinamiche<\/li>\n<li>Kubernetes Cluster Monitoring<\/li>\n<li>Conformit\u00e0 della licenza<\/li>\n<\/ul>\n<h4>LE RECENSIONI DEGLI UTENTI<\/h4>\n<h4 class=\"font-weight-bold my-1 d-flex align-items-center\">Peter W&#8221;Archivi di codice e tracciamento della versione&#8221;<\/h4>\n<p><strong>Commenti: <\/strong>GitLab garantisce che il codice sia sicuro e protetto, che tutto sia tracciato in versione, possiamo facilmente collaborare con altri colleghi e consentire un buon ambiente di controllo qualit\u00e0 prima del lancio.<\/p>\n<p><strong>Vantaggi: <\/strong>GitLab consente agli utenti di archiviare facilmente i loro progetti di codice e file in un ambiente sicuro, consentendo una facile collaborazione tra gli utenti.<br \/>\nPuoi importare repository da altri strumenti Git (come GitHub) con facilit\u00e0, GitLab importa anche qualsiasi cronologia delle versioni e rami associati.<br \/>\nLa capacit\u00e0 di rendere privati alcuni repository \u00e8 eccellente, la maggior parte dei sistemi git simili fanno pagare un extra per questo servizio.<\/p>\n<p><strong>Inconvenienti: <\/strong>L&#8217;interfaccia utente, sebbene pulita e reattiva, pu\u00f2 essere difficile da usare e padroneggiare. Soprattutto per i nuovi utenti, la formazione \u00e8 sicuramente necessaria.\u00a0L&#8217;integrazione con gli strumenti di interfacciamento \u00e8 carente, la maggior parte dei sistemi (come GitKraken) richiede una licenza premium per connettersi con GitLab.\u00a0La gestione degli utenti pu\u00f2 essere complicata, poich\u00e9 l&#8217;interfaccia utente non \u00e8 particolarmente chiara qui e i diversi livelli di accesso non sono chiaramente identificati.<\/p>\n<h4 class=\"font-weight-bold my-1 d-flex align-items-center\">Nicol\u00f2 P.&#8221;Buon set di funzionalit\u00e0, CI \/ CD integrato&#8221;<\/h4>\n<p><strong>Commenti: <\/strong>Ci sono passato in alcuni progetti grazie alle migliori funzionalit\u00e0 di tracciamento dei problemi.<br \/>\nHa anche un servizio integrato CI \/ CD che \u00e8 abbastanza buono e pu\u00f2 essere utilizzato con servizi git esterni come github.<br \/>\nFinora \u00e8 stato bello, ho sentito che c&#8217;\u00e8 stato un tempo in cui \u00e8 stato davvero lento, ma \u00e8 stato prima di iniziare a usarlo. Potrebbe non essere il pi\u00f9 veloce, ma sono sul piano gratuito, quindi non c&#8217;\u00e8 bisogno di lamentarsi. Pu\u00f2 anche essere ospitato da solo.<\/p>\n<p><strong>Vantaggi: <\/strong>Ha un piano gratuito per provarlo.\u00a0CI \/ CD integrato.\u00a0Tracking dei problemi abbastanza buono con le schede.\u00a0Pu\u00f2 invitare diverse persone con diversi livelli di autorizzazione.\u00a0Pu\u00f2 essere ospitato da solo.<\/p>\n<p><strong>Inconvenienti: <\/strong>Il rilevamento dei problemi potrebbe non essere buono come la jire e altri progetti simili, ma \u00e8 abbastanza buono per la maggior parte dei casi d&#8217;uso.\u00a0La cosa delle licenze pu\u00f2 sembrare strana in quanto \u00e8 open source ma non tutto \u00e8 gratuito anche se lo si ospita.\u00a0Pu\u00f2 essere costoso se si desidera alcune funzionalit\u00e0.<\/p>\n<h4 class=\"font-weight-bold my-1 d-flex align-items-center\">Matthew C.&#8221;Uno strumento incredibilmente utile per il controllo della versione e CI \/ CD&#8221;<\/h4>\n<p><strong>Commenti: <\/strong>Avendo migrato un certo numero di repository Subversion su GitLab, la sua funzionalit\u00e0 estesa rispetto all&#8217;approccio pi\u00f9 semplicistico di SVN ha senza dubbio risparmiato una notevole quantit\u00e0 di tempo.<\/p>\n<p><strong>Vantaggi: <\/strong>GitLab viene fornito con una serie di utili servizi per la gestione di attivit\u00e0 di integrazione \/ distribuzione continue. \u00c8 apprezzata anche l&#8217;opzione di ospitare autonomamente un&#8217;istanza di GitLab.<\/p>\n<p><strong>Inconvenienti: <\/strong>Viene fornito con una sorta di curva di apprendimento e pu\u00f2 richiedere del tempo per introdurre completamente gli utenti non tecnici alla sua funzionalit\u00e0.<\/p>\n","protected":false},"excerpt":{"rendered":"<p>GitLab \u00e8 un software di sviluppo di applicazioni native cloud con solidi strumenti di creazione, tracciamento, test e distribuzione. \u00c8 inoltre accompagnato da vigorose misure di sicurezza a partire da autorizzazioni granulari per l&#8217;utente e restrizioni all&#8217;autenticazione dell&#8217;utente tramite Kerberos.<\/p>\n","protected":false},"author":19,"featured_media":27030,"parent":27022,"menu_order":0,"comment_status":"open","ping_status":"closed","template":"g1_template_page_review_new.php","meta":{"_acf_changed":false,"cwp_meta_box_check":"Yes","cwp_rev_product_name":"","cwp_rev_product_image":"","wppr_links":[],"cwp_rev_price":"","wppr_options":[{"name":"Usability","value":"0"},{"name":"Speed","value":"0"},{"name":"Features","value":"0"},{"name":"Support","value":"0"},{"name":"Pricing","value":"0"}],"wppr_pros":["","","","",""],"wppr_cons":["","","","",""],"_monsterinsights_skip_tracking":false,"_monsterinsights_sitenote_active":false,"_monsterinsights_sitenote_note":"","_monsterinsights_sitenote_category":0,"footnotes":""},"categories":[2892],"tags":[2894,396,2901,246,2893,2895],"features":[],"class_list":{"0":"post-27029","1":"page","2":"type-page","3":"status-publish","4":"has-post-thumbnail","6":"category-gestionale-per-progetti-agile","7":"tag-agile","8":"tag-cloud","9":"tag-kerberos","10":"tag-open-source","11":"tag-software-gestionale-per-progetti-agile","12":"tag-soluzione-gestionale-per-progetti-agile"},"wppr_data":{"cwp_meta_box_check":"Yes","cwp_rev_product_name":"","_wppr_review_template":"default","cwp_rev_product_image":"","cwp_image_link":"image","wppr_links":[],"cwp_rev_price":"","wppr_pros":["","","","",""],"wppr_cons":["","","","",""],"wppr_rating":"0.00","wppr_options":{"1":{"name":"Usability","value":"0"},"2":{"name":"Speed","value":"0"},"3":{"name":"Features","value":"0"},"4":{"name":"Support","value":"0"},"5":{"name":"Pricing","value":"0"}},"wppr_review_type":"Product","wppr_review_custom_fields":{"additionalProperty":"","additionalType":"","aggregateRating":"","alternateName":"","audience":"","award":"","awards":"","brand":"","color":"","depth":"","description":"","disambiguatingDescription":"","gtin12":"","gtin13":"","gtin14":"","gtin8":"","height":"","identifier":"","image":"","isAccessoryOrSparePartFor":"","isConsumableFor":"","isRelatedTo":"","isSimilarTo":"","itemCondition":"","logo":"","mainEntityOfPage":"","manufacturer":"","material":"","model":"","mpn":"","name":"","offers":"","potentialAction":"","productID":"","productionDate":"","purchaseDate":"","releaseDate":"","review":"","reviews":"","sameAs":"","sku":"","slogan":"","subjectOf":"","url":"","weight":"","width":""}},"acf":[],"yoast_head":"<!-- This site is optimized with the Yoast SEO plugin v27.4 - https:\/\/yoast.com\/product\/yoast-seo-wordpress\/ -->\n<title>GitLab: recensione software gestionale progetti agile - Accurate Reviews<\/title>\n<meta name=\"description\" content=\"GitLab: recensione software di sviluppo di applicazioni native cloud con solidi strumenti di creazione, tracciamento, test e distribuzione.\" \/>\n<meta name=\"robots\" content=\"index, follow, max-snippet:-1, max-image-preview:large, max-video-preview:-1\" \/>\n<link rel=\"canonical\" href=\"https:\/\/www.accuratereviews.com\/it\/gestionale-per-progetti-agile\/gitlab-recensione\/\" \/>\n<meta property=\"og:locale\" content=\"it_IT\" \/>\n<meta property=\"og:type\" content=\"article\" \/>\n<meta property=\"og:title\" content=\"GitLab: recensione software gestionale progetti agile - Accurate Reviews\" \/>\n<meta property=\"og:description\" content=\"GitLab: recensione software di sviluppo di applicazioni native cloud con solidi strumenti di creazione, tracciamento, test e distribuzione.\" \/>\n<meta property=\"og:url\" content=\"https:\/\/www.accuratereviews.com\/it\/gestionale-per-progetti-agile\/gitlab-recensione\/\" \/>\n<meta property=\"og:site_name\" content=\"Accurate Reviews\" \/>\n<meta property=\"article:modified_time\" content=\"2023-10-21T08:27:34+00:00\" \/>\n<meta property=\"og:image\" content=\"https:\/\/www.accuratereviews.com\/wp-content\/uploads\/2020\/05\/gitlab-logo.jpg\" \/>\n\t<meta property=\"og:image:width\" content=\"840\" \/>\n\t<meta property=\"og:image:height\" content=\"338\" \/>\n\t<meta property=\"og:image:type\" content=\"image\/jpeg\" \/>\n<meta name=\"twitter:card\" content=\"summary_large_image\" \/>\n<meta name=\"twitter:label1\" content=\"Tempo di lettura stimato\" \/>\n\t<meta name=\"twitter:data1\" content=\"4 minuti\" \/>\n<script type=\"application\/ld+json\" class=\"yoast-schema-graph\">{\"@context\":\"https:\\\/\\\/schema.org\",\"@graph\":[{\"@type\":\"WebPage\",\"@id\":\"https:\\\/\\\/www.accuratereviews.com\\\/it\\\/gestionale-per-progetti-agile\\\/gitlab-recensione\\\/\",\"url\":\"https:\\\/\\\/www.accuratereviews.com\\\/it\\\/gestionale-per-progetti-agile\\\/gitlab-recensione\\\/\",\"name\":\"GitLab: recensione software gestionale progetti agile - Accurate Reviews\",\"isPartOf\":{\"@id\":\"https:\\\/\\\/www.accuratereviews.com\\\/it\\\/#website\"},\"primaryImageOfPage\":{\"@id\":\"https:\\\/\\\/www.accuratereviews.com\\\/it\\\/gestionale-per-progetti-agile\\\/gitlab-recensione\\\/#primaryimage\"},\"image\":{\"@id\":\"https:\\\/\\\/www.accuratereviews.com\\\/it\\\/gestionale-per-progetti-agile\\\/gitlab-recensione\\\/#primaryimage\"},\"thumbnailUrl\":\"https:\\\/\\\/www.accuratereviews.com\\\/wp-content\\\/uploads\\\/2020\\\/05\\\/gitlab-logo.jpg\",\"datePublished\":\"2020-06-01T10:42:44+00:00\",\"dateModified\":\"2023-10-21T08:27:34+00:00\",\"description\":\"GitLab: recensione software di sviluppo di applicazioni native cloud con solidi strumenti di creazione, tracciamento, test e distribuzione.\",\"breadcrumb\":{\"@id\":\"https:\\\/\\\/www.accuratereviews.com\\\/it\\\/gestionale-per-progetti-agile\\\/gitlab-recensione\\\/#breadcrumb\"},\"inLanguage\":\"it-IT\",\"potentialAction\":[{\"@type\":\"ReadAction\",\"target\":[\"https:\\\/\\\/www.accuratereviews.com\\\/it\\\/gestionale-per-progetti-agile\\\/gitlab-recensione\\\/\"]}]},{\"@type\":\"ImageObject\",\"inLanguage\":\"it-IT\",\"@id\":\"https:\\\/\\\/www.accuratereviews.com\\\/it\\\/gestionale-per-progetti-agile\\\/gitlab-recensione\\\/#primaryimage\",\"url\":\"https:\\\/\\\/www.accuratereviews.com\\\/wp-content\\\/uploads\\\/2020\\\/05\\\/gitlab-logo.jpg\",\"contentUrl\":\"https:\\\/\\\/www.accuratereviews.com\\\/wp-content\\\/uploads\\\/2020\\\/05\\\/gitlab-logo.jpg\",\"width\":840,\"height\":338},{\"@type\":\"BreadcrumbList\",\"@id\":\"https:\\\/\\\/www.accuratereviews.com\\\/it\\\/gestionale-per-progetti-agile\\\/gitlab-recensione\\\/#breadcrumb\",\"itemListElement\":[{\"@type\":\"ListItem\",\"position\":1,\"name\":\"Home\",\"item\":\"https:\\\/\\\/www.accuratereviews.com\\\/it\\\/\"},{\"@type\":\"ListItem\",\"position\":2,\"name\":\"Gestionale per progetti Agile\",\"item\":\"https:\\\/\\\/www.accuratereviews.com\\\/it\\\/gestionale-per-progetti-agile\\\/\"},{\"@type\":\"ListItem\",\"position\":3,\"name\":\"GitLab\"}]},{\"@type\":\"WebSite\",\"@id\":\"https:\\\/\\\/www.accuratereviews.com\\\/it\\\/#website\",\"url\":\"https:\\\/\\\/www.accuratereviews.com\\\/it\\\/\",\"name\":\"Accurate Reviews\",\"description\":\"\",\"potentialAction\":[{\"@type\":\"SearchAction\",\"target\":{\"@type\":\"EntryPoint\",\"urlTemplate\":\"https:\\\/\\\/www.accuratereviews.com\\\/it\\\/?s={search_term_string}\"},\"query-input\":{\"@type\":\"PropertyValueSpecification\",\"valueRequired\":true,\"valueName\":\"search_term_string\"}}],\"inLanguage\":\"it-IT\"}]}<\/script>\n<!-- \/ Yoast SEO plugin. -->","yoast_head_json":{"title":"GitLab: recensione software gestionale progetti agile - Accurate Reviews","description":"GitLab: recensione software di sviluppo di applicazioni native cloud con solidi strumenti di creazione, tracciamento, test e distribuzione.","robots":{"index":"index","follow":"follow","max-snippet":"max-snippet:-1","max-image-preview":"max-image-preview:large","max-video-preview":"max-video-preview:-1"},"canonical":"https:\/\/www.accuratereviews.com\/it\/gestionale-per-progetti-agile\/gitlab-recensione\/","og_locale":"it_IT","og_type":"article","og_title":"GitLab: recensione software gestionale progetti agile - Accurate Reviews","og_description":"GitLab: recensione software di sviluppo di applicazioni native cloud con solidi strumenti di creazione, tracciamento, test e distribuzione.","og_url":"https:\/\/www.accuratereviews.com\/it\/gestionale-per-progetti-agile\/gitlab-recensione\/","og_site_name":"Accurate Reviews","article_modified_time":"2023-10-21T08:27:34+00:00","og_image":[{"width":840,"height":338,"url":"https:\/\/www.accuratereviews.com\/wp-content\/uploads\/2020\/05\/gitlab-logo.jpg","type":"image\/jpeg"}],"twitter_card":"summary_large_image","twitter_misc":{"Tempo di lettura stimato":"4 minuti"},"schema":{"@context":"https:\/\/schema.org","@graph":[{"@type":"WebPage","@id":"https:\/\/www.accuratereviews.com\/it\/gestionale-per-progetti-agile\/gitlab-recensione\/","url":"https:\/\/www.accuratereviews.com\/it\/gestionale-per-progetti-agile\/gitlab-recensione\/","name":"GitLab: recensione software gestionale progetti agile - Accurate Reviews","isPartOf":{"@id":"https:\/\/www.accuratereviews.com\/it\/#website"},"primaryImageOfPage":{"@id":"https:\/\/www.accuratereviews.com\/it\/gestionale-per-progetti-agile\/gitlab-recensione\/#primaryimage"},"image":{"@id":"https:\/\/www.accuratereviews.com\/it\/gestionale-per-progetti-agile\/gitlab-recensione\/#primaryimage"},"thumbnailUrl":"https:\/\/www.accuratereviews.com\/wp-content\/uploads\/2020\/05\/gitlab-logo.jpg","datePublished":"2020-06-01T10:42:44+00:00","dateModified":"2023-10-21T08:27:34+00:00","description":"GitLab: recensione software di sviluppo di applicazioni native cloud con solidi strumenti di creazione, tracciamento, test e distribuzione.","breadcrumb":{"@id":"https:\/\/www.accuratereviews.com\/it\/gestionale-per-progetti-agile\/gitlab-recensione\/#breadcrumb"},"inLanguage":"it-IT","potentialAction":[{"@type":"ReadAction","target":["https:\/\/www.accuratereviews.com\/it\/gestionale-per-progetti-agile\/gitlab-recensione\/"]}]},{"@type":"ImageObject","inLanguage":"it-IT","@id":"https:\/\/www.accuratereviews.com\/it\/gestionale-per-progetti-agile\/gitlab-recensione\/#primaryimage","url":"https:\/\/www.accuratereviews.com\/wp-content\/uploads\/2020\/05\/gitlab-logo.jpg","contentUrl":"https:\/\/www.accuratereviews.com\/wp-content\/uploads\/2020\/05\/gitlab-logo.jpg","width":840,"height":338},{"@type":"BreadcrumbList","@id":"https:\/\/www.accuratereviews.com\/it\/gestionale-per-progetti-agile\/gitlab-recensione\/#breadcrumb","itemListElement":[{"@type":"ListItem","position":1,"name":"Home","item":"https:\/\/www.accuratereviews.com\/it\/"},{"@type":"ListItem","position":2,"name":"Gestionale per progetti Agile","item":"https:\/\/www.accuratereviews.com\/it\/gestionale-per-progetti-agile\/"},{"@type":"ListItem","position":3,"name":"GitLab"}]},{"@type":"WebSite","@id":"https:\/\/www.accuratereviews.com\/it\/#website","url":"https:\/\/www.accuratereviews.com\/it\/","name":"Accurate Reviews","description":"","potentialAction":[{"@type":"SearchAction","target":{"@type":"EntryPoint","urlTemplate":"https:\/\/www.accuratereviews.com\/it\/?s={search_term_string}"},"query-input":{"@type":"PropertyValueSpecification","valueRequired":true,"valueName":"search_term_string"}}],"inLanguage":"it-IT"}]}},"_links":{"self":[{"href":"https:\/\/www.accuratereviews.com\/it\/wp-json\/wp\/v2\/pages\/27029","targetHints":{"allow":["GET"]}}],"collection":[{"href":"https:\/\/www.accuratereviews.com\/it\/wp-json\/wp\/v2\/pages"}],"about":[{"href":"https:\/\/www.accuratereviews.com\/it\/wp-json\/wp\/v2\/types\/page"}],"author":[{"embeddable":true,"href":"https:\/\/www.accuratereviews.com\/it\/wp-json\/wp\/v2\/users\/19"}],"replies":[{"embeddable":true,"href":"https:\/\/www.accuratereviews.com\/it\/wp-json\/wp\/v2\/comments?post=27029"}],"version-history":[{"count":9,"href":"https:\/\/www.accuratereviews.com\/it\/wp-json\/wp\/v2\/pages\/27029\/revisions"}],"predecessor-version":[{"id":72411,"href":"https:\/\/www.accuratereviews.com\/it\/wp-json\/wp\/v2\/pages\/27029\/revisions\/72411"}],"up":[{"embeddable":true,"href":"https:\/\/www.accuratereviews.com\/it\/wp-json\/wp\/v2\/pages\/27022"}],"wp:featuredmedia":[{"embeddable":true,"href":"https:\/\/www.accuratereviews.com\/it\/wp-json\/wp\/v2\/media\/27030"}],"wp:attachment":[{"href":"https:\/\/www.accuratereviews.com\/it\/wp-json\/wp\/v2\/media?parent=27029"}],"wp:term":[{"taxonomy":"category","embeddable":true,"href":"https:\/\/www.accuratereviews.com\/it\/wp-json\/wp\/v2\/categories?post=27029"},{"taxonomy":"post_tag","embeddable":true,"href":"https:\/\/www.accuratereviews.com\/it\/wp-json\/wp\/v2\/tags?post=27029"},{"taxonomy":"features","embeddable":true,"href":"https:\/\/www.accuratereviews.com\/it\/wp-json\/wp\/v2\/features?post=27029"}],"curies":[{"name":"wp","href":"https:\/\/api.w.org\/{rel}","templated":true}]}}